{"id":65898,"date":"2021-07-21T14:50:51","date_gmt":"2021-07-21T12:50:51","guid":{"rendered":"https:\/\/gioielleriagrande.it\/?page_id=65898"},"modified":"2024-09-10T16:07:06","modified_gmt":"2024-09-10T14:07:06","slug":"omega","status":"publish","type":"page","link":"https:\/\/www.gioielleriagrande.it\/en\/omega\/","title":{"rendered":"Omega"},"content":{"rendered":"<p>[vc_row][vc_column][vc_single_image image=&#8221;96889&#8243; img_size=&#8221;full&#8221; alignment=&#8221;center&#8221;][vc_single_image image=&#8221;65918&#8243; img_size=&#8221;full&#8221; alignment=&#8221;center&#8221; el_class=&#8221;logo-page-omega&#8221;][\/vc_column][\/vc_row][vc_row el_class=&#8221;text-row-omega&#8221;][vc_column][vc_column_text]<\/p>\n<h1 style=\"text-align: center;\">Benvenuti da Gioielleria Grande<br \/>\nRivenditore Autorizzato OMEGA a Roma e Frosinone.<\/h1>\n<p>&nbsp;<\/p>\n<p style=\"text-align: center;\">Dal 1848, lo spirito pioneristico di OMEGA non solo ha portato l\u2019azienda sulla Luna e alla conquista delle profondit\u00e0<br \/>\noceaniche, ma le ha dato anche l\u2019opportunit\u00e0 di cronometrare i pi\u00f9 grandi atleti durante le pi\u00f9 importanti manifestazioni<br \/>\nsportive mondiali.<br \/>\nOMEGA da sempre continua a segnare record e ridefinire lo stato dell\u2019arte dell\u2019orologeria meccanica. Il brand vanta<br \/>\nun\u2019eredit\u00e0 importante che include pi\u00f9 di cento missioni spaziali, compresi 6 allunaggi e ben 30 edizioni dei Giochi Olimpici<br \/>\ncome \u201cOfficial Timekeeper\u201d.<br \/>\nLa missione dell\u2019azienda rimane per\u00f2 quella dell\u2019innovazione nel campo orologiero. Questo obiettivo ha portato OMEGA al<br \/>\nlancio dei calibri Co-Axial equipaggiando i suoi segnatempo con il nuovo scappamento, il cuore dell\u2019orologio e l\u2019innovazione<br \/>\npi\u00f9 importante nel campo dell\u2019orologeria degli ultimi 250 anni. Pi\u00f9 di recente \u00e8 stata introdotta la nuova certificazione Master<br \/>\nChronometer in grado di garantire il pi\u00f9 alto livello di precisione e di resistenza ai campi magnetici.<br \/>\nTra gli ambassador figurano Nicole Kidman, George Clooney, Cindy Crawford, Zo\u00eb Kravitz, Kaia Gerber, Daniel Craig, Eddie<br \/>\nRedmayne<\/p>\n<p>[\/vc_column_text][\/vc_column][\/vc_row][vc_row][vc_column][vc_column_text]<div class=\"omega-social-wrapper\"><div class=\"omega-social-inner\"><div class=\"omega-social\"><a target=\"_blank\" href=\"https:\/\/www.instagram.com\/omega\/\"><svg height=\"511pt\" viewBox=\"0 0 511 511.9\" width=\"511pt\" xmlns=\"http:\/\/www.w3.org\/2000\/svg\"><path d=\"m510.949219 150.5c-1.199219-27.199219-5.597657-45.898438-11.898438-62.101562-6.5-17.199219-16.5-32.597657-29.601562-45.398438-12.800781-13-28.300781-23.101562-45.300781-29.5-16.296876-6.300781-34.898438-10.699219-62.097657-11.898438-27.402343-1.300781-36.101562-1.601562-105.601562-1.601562s-78.199219.300781-105.5 1.5c-27.199219 1.199219-45.898438 5.601562-62.097657 11.898438-17.203124 6.5-32.601562 16.5-45.402343 29.601562-13 12.800781-23.097657 28.300781-29.5 45.300781-6.300781 16.300781-10.699219 34.898438-11.898438 62.097657-1.300781 27.402343-1.601562 36.101562-1.601562 105.601562s.300781 78.199219 1.5 105.5c1.199219 27.199219 5.601562 45.898438 11.902343 62.101562 6.5 17.199219 16.597657 32.597657 29.597657 45.398438 12.800781 13 28.300781 23.101562 45.300781 29.5 16.300781 6.300781 34.898438 10.699219 62.101562 11.898438 27.296876 1.203124 36 1.5 105.5 1.5s78.199219-.296876 105.5-1.5c27.199219-1.199219 45.898438-5.597657 62.097657-11.898438 34.402343-13.300781 61.601562-40.5 74.902343-74.898438 6.296876-16.300781 10.699219-34.902343 11.898438-62.101562 1.199219-27.300781 1.5-36 1.5-105.5s-.101562-78.199219-1.300781-105.5zm-46.097657 209c-1.101562 25-5.300781 38.5-8.800781 47.5-8.601562 22.300781-26.300781 40-48.601562 48.601562-9 3.5-22.597657 7.699219-47.5 8.796876-27 1.203124-35.097657 1.5-103.398438 1.5s-76.5-.296876-103.402343-1.5c-25-1.097657-38.5-5.296876-47.5-8.796876-11.097657-4.101562-21.199219-10.601562-29.398438-19.101562-8.5-8.300781-15-18.300781-19.101562-29.398438-3.5-9-7.699219-22.601562-8.796876-47.5-1.203124-27-1.5-35.101562-1.5-103.402343s.296876-76.5 1.5-103.398438c1.097657-25 5.296876-38.5 8.796876-47.5 4.101562-11.101562 10.601562-21.199219 19.203124-29.402343 8.296876-8.5 18.296876-15 29.398438-19.097657 9-3.5 22.601562-7.699219 47.5-8.800781 27-1.199219 35.101562-1.5 103.398438-1.5 68.402343 0 76.5.300781 103.402343 1.5 25 1.101562 38.5 5.300781 47.5 8.800781 11.097657 4.097657 21.199219 10.597657 29.398438 19.097657 8.5 8.300781 15 18.300781 19.101562 29.402343 3.5 9 7.699219 22.597657 8.800781 47.5 1.199219 27 1.5 35.097657 1.5 103.398438s-.300781 76.300781-1.5 103.300781zm0 0\"\/><path d=\"m256.449219 124.5c-72.597657 0-131.5 58.898438-131.5 131.5s58.902343 131.5 131.5 131.5c72.601562 0 131.5-58.898438 131.5-131.5s-58.898438-131.5-131.5-131.5zm0 216.800781c-47.097657 0-85.300781-38.199219-85.300781-85.300781s38.203124-85.300781 85.300781-85.300781c47.101562 0 85.300781 38.199219 85.300781 85.300781s-38.199219 85.300781-85.300781 85.300781zm0 0\"\/><path d=\"m423.851562 119.300781c0 16.953125-13.746093 30.699219-30.703124 30.699219-16.953126 0-30.699219-13.746094-30.699219-30.699219 0-16.957031 13.746093-30.699219 30.699219-30.699219 16.957031 0 30.703124 13.742188 30.703124 30.699219zm0 0\"\/><\/svg><\/a><\/div><div class=\"omega-social\"><a target=\"_blank\" href=\"https:\/\/www.facebook.com\/omega\"><?xml version=\"1.0\"?><svg fill=\"#000000\" xmlns=\"http:\/\/www.w3.org\/2000\/svg\" viewBox=\"0 0 24 24\" width=\"24px\" height=\"24px\">    <path d=\"M16.403,9H14V7c0-1.032,0.084-1.682,1.563-1.682h0.868c0.552,0,1-0.448,1-1V3.064c0-0.523-0.401-0.97-0.923-1.005 C15.904,2.018,15.299,1.999,14.693,2C11.98,2,10,3.657,10,6.699V9H8c-0.552,0-1,0.448-1,1v2c0,0.552,0.448,1,1,1l2-0.001V21 c0,0.552,0.448,1,1,1h2c0.552,0,1-0.448,1-1v-8.003l2.174-0.001c0.508,0,0.935-0.381,0.993-0.886l0.229-1.996 C17.465,9.521,17.001,9,16.403,9z\"\/><\/svg><\/a><\/div><div class=\"omega-social\"><a target=\"_blank\" href=\"https:\/\/www.youtube.com\/user\/OMEGA\"><svg height=\"682pt\" viewBox=\"-21 -117 682.66672 682\" width=\"682pt\" xmlns=\"http:\/\/www.w3.org\/2000\/svg\"><path d=\"m626.8125 64.035156c-7.375-27.417968-28.992188-49.03125-56.40625-56.414062-50.082031-13.703125-250.414062-13.703125-250.414062-13.703125s-200.324219 0-250.40625 13.183593c-26.886719 7.375-49.03125 29.519532-56.40625 56.933594-13.179688 50.078125-13.179688 153.933594-13.179688 153.933594s0 104.378906 13.179688 153.933594c7.382812 27.414062 28.992187 49.027344 56.410156 56.410156 50.605468 13.707031 250.410156 13.707031 250.410156 13.707031s200.324219 0 250.40625-13.183593c27.417969-7.378907 49.03125-28.992188 56.414062-56.40625 13.175782-50.082032 13.175782-153.933594 13.175782-153.933594s.527344-104.382813-13.183594-154.460938zm-370.601562 249.878906v-191.890624l166.585937 95.945312zm0 0\"\/><\/svg><\/a><\/div><div class=\"omega-social\"><a target=\"_blank\" href=\"https:\/\/twitter.com\/omegawatches\"><svg viewBox=\"0 -47 512.00004 512\" xmlns=\"http:\/\/www.w3.org\/2000\/svg\"><path d=\"m512 55.964844c-32.207031 1.484375-31.503906 1.363281-35.144531 1.667968l19.074219-54.472656s-59.539063 21.902344-74.632813 25.820313c-39.640625-35.628907-98.5625-37.203125-140.6875-11.3125-34.496094 21.207031-53.011719 57.625-46.835937 100.191406-67.136719-9.316406-123.703126-41.140625-168.363282-94.789063l-14.125-16.964843-10.554687 19.382812c-13.339844 24.492188-17.769531 52.496094-12.476563 78.851563 2.171875 10.8125 5.863282 21.125 10.976563 30.78125l-12.117188-4.695313-1.4375 20.246094c-1.457031 20.566406 5.390625 44.574219 18.320313 64.214844 3.640625 5.53125 8.328125 11.605469 14.269531 17.597656l-6.261719-.960937 7.640625 23.199218c10.042969 30.480469 30.902344 54.0625 57.972657 67.171875-27.035157 11.472657-48.875 18.792969-84.773438 30.601563l-32.84375 10.796875 30.335938 16.585937c11.566406 6.324219 52.4375 27.445313 92.820312 33.78125 89.765625 14.078125 190.832031 2.613282 258.871094-58.664062 57.308594-51.613282 76.113281-125.03125 72.207031-201.433594-.589844-11.566406 2.578125-22.605469 8.921875-31.078125 12.707031-16.964844 48.765625-66.40625 48.84375-66.519531zm-72.832031 48.550781c-10.535157 14.066406-15.8125 32.03125-14.867188 50.578125 3.941407 77.066406-17.027343 136.832031-62.328125 177.628906-52.917968 47.660156-138.273437 66.367188-234.171875 51.324219-17.367187-2.722656-35.316406-8.820313-50.171875-14.910156 30.097656-10.355469 53.339844-19.585938 90.875-37.351563l52.398438-24.800781-57.851563-3.703125c-27.710937-1.773438-50.785156-15.203125-64.96875-37.007812 7.53125-.4375 14.792969-1.65625 22.023438-3.671876l55.175781-15.367187-55.636719-13.625c-27.035156-6.621094-42.445312-22.796875-50.613281-35.203125-5.363281-8.152344-8.867188-16.503906-10.96875-24.203125 5.578125 1.496094 12.082031 2.5625 22.570312 3.601563l51.496094 5.09375-40.800781-31.828126c-29.398437-22.929687-41.179687-57.378906-32.542969-90.496093 91.75 95.164062 199.476563 88.011719 210.320313 90.527343-2.386719-23.183593-2.449219-23.238281-3.074219-25.445312-13.886719-49.089844 16.546875-74.015625 30.273438-82.453125 28.671874-17.621094 74.183593-20.277344 105.707031 8.753906 6.808593 6.265625 16.015625 8.730469 24.632812 6.589844 7.734375-1.921875 14.082031-3.957031 20.296875-6.171875l-12.9375 36.945312 16.515625.011719c-3.117187 4.179688-6.855469 9.183594-11.351562 15.183594zm0 0\"\/><\/svg><\/a><\/div><\/div><\/div>[\/vc_column_text][\/vc_column][\/vc_row][vc_row][vc_column][vc_column_text]<div class=\"omega-social big\"><a target=\"_blank\" href=\"https:\/\/www.omegawatches.com\/it-it\/\"><p class=\"omega-explore-button\"> SCOPRI TUTTI I PRODOTTI <\/p><\/a><\/div>[\/vc_column_text][\/vc_column][\/vc_row][vc_row][vc_column][\/vc_column][\/vc_row]<\/p>\n","protected":false},"excerpt":{"rendered":"<p>[vc_row][vc_column][vc_single_image image=&#8221;96889&#8243; img_size=&#8221;full&#8221; alignment=&#8221;center&#8221;][vc_single_image image=&#8221;65918&#8243; img_size=&#8221;full&#8221; alignment=&#8221;center&#8221; el_class=&#8221;logo-page-omega&#8221;][\/vc_column][\/vc_row][vc_row el_class=&#8221;text-row-omega&#8221;][vc_column][vc_column_text] Benvenuti da Gioielleria Grande Rivenditore Autorizzato OMEGA a Roma e Frosinone. &nbsp; Dal 1848, lo spirito pioneristico di OMEGA non solo ha portato l\u2019azienda sulla Luna e alla conquista delle profondit\u00e0 oceaniche, ma le ha dato anche l\u2019opportunit\u00e0 di cronometrare i pi\u00f9 grandi atleti durante le [&hellip;]<\/p>\n","protected":false},"author":1,"featured_media":0,"parent":0,"menu_order":0,"comment_status":"closed","ping_status":"closed","template":"","meta":{"footnotes":""},"class_list":["post-65898","page","type-page","status-publish","hentry"],"yoast_head":"<!-- This site is optimized with the Yoast SEO plugin v25.3 - https:\/\/yoast.com\/wordpress\/plugins\/seo\/ -->\n<title>Omega - Gioielleria Grande<\/title>\n<meta name=\"robots\" content=\"index, follow, max-snippet:-1, max-image-preview:large, max-video-preview:-1\" \/>\n<link rel=\"canonical\" href=\"https:\/\/www.gioielleriagrande.it\/omega\/\" \/>\n<meta property=\"og:locale\" content=\"en_US\" \/>\n<meta property=\"og:type\" content=\"article\" \/>\n<meta property=\"og:title\" content=\"Omega - Gioielleria Grande\" \/>\n<meta property=\"og:description\" content=\"[vc_row][vc_column][vc_single_image image=&#8221;96889&#8243; img_size=&#8221;full&#8221; alignment=&#8221;center&#8221;][vc_single_image image=&#8221;65918&#8243; img_size=&#8221;full&#8221; alignment=&#8221;center&#8221; el_class=&#8221;logo-page-omega&#8221;][\/vc_column][\/vc_row][vc_row el_class=&#8221;text-row-omega&#8221;][vc_column][vc_column_text] Benvenuti da Gioielleria Grande Rivenditore Autorizzato OMEGA a Roma e Frosinone. &nbsp; Dal 1848, lo spirito pioneristico di OMEGA non solo ha portato l\u2019azienda sulla Luna e alla conquista delle profondit\u00e0 oceaniche, ma le ha dato anche l\u2019opportunit\u00e0 di cronometrare i pi\u00f9 grandi atleti durante le [&hellip;]\" \/>\n<meta property=\"og:url\" content=\"https:\/\/www.gioielleriagrande.it\/omega\/\" \/>\n<meta property=\"og:site_name\" content=\"Gioielleria Grande\" \/>\n<meta property=\"article:modified_time\" content=\"2024-09-10T14:07:06+00:00\" \/>\n<meta name=\"twitter:card\" content=\"summary_large_image\" \/>\n<meta name=\"twitter:label1\" content=\"Est. reading time\" \/>\n\t<meta name=\"twitter:data1\" content=\"1 minute\" \/>\n<script type=\"application\/ld+json\" class=\"yoast-schema-graph\">{\"@context\":\"https:\/\/schema.org\",\"@graph\":[{\"@type\":\"WebPage\",\"@id\":\"https:\/\/www.gioielleriagrande.it\/omega\/\",\"url\":\"https:\/\/www.gioielleriagrande.it\/omega\/\",\"name\":\"Omega - Gioielleria Grande\",\"isPartOf\":{\"@id\":\"https:\/\/www.gioielleriagrande.it\/#website\"},\"datePublished\":\"2021-07-21T12:50:51+00:00\",\"dateModified\":\"2024-09-10T14:07:06+00:00\",\"breadcrumb\":{\"@id\":\"https:\/\/www.gioielleriagrande.it\/omega\/#breadcrumb\"},\"inLanguage\":\"en-US\",\"potentialAction\":[{\"@type\":\"ReadAction\",\"target\":[\"https:\/\/www.gioielleriagrande.it\/omega\/\"]}]},{\"@type\":\"BreadcrumbList\",\"@id\":\"https:\/\/www.gioielleriagrande.it\/omega\/#breadcrumb\",\"itemListElement\":[{\"@type\":\"ListItem\",\"position\":1,\"name\":\"Home\",\"item\":\"https:\/\/www.gioielleriagrande.it\/\"},{\"@type\":\"ListItem\",\"position\":2,\"name\":\"Omega\"}]},{\"@type\":\"WebSite\",\"@id\":\"https:\/\/www.gioielleriagrande.it\/#website\",\"url\":\"https:\/\/www.gioielleriagrande.it\/\",\"name\":\"Gioielleria Grande\",\"description\":\"\",\"potentialAction\":[{\"@type\":\"SearchAction\",\"target\":{\"@type\":\"EntryPoint\",\"urlTemplate\":\"https:\/\/www.gioielleriagrande.it\/?s={search_term_string}\"},\"query-input\":{\"@type\":\"PropertyValueSpecification\",\"valueRequired\":true,\"valueName\":\"search_term_string\"}}],\"inLanguage\":\"en-US\"}]}<\/script>\n<!-- \/ Yoast SEO plugin. -->","yoast_head_json":{"title":"Omega - Gioielleria Grande","robots":{"index":"index","follow":"follow","max-snippet":"max-snippet:-1","max-image-preview":"max-image-preview:large","max-video-preview":"max-video-preview:-1"},"canonical":"https:\/\/www.gioielleriagrande.it\/omega\/","og_locale":"en_US","og_type":"article","og_title":"Omega - Gioielleria Grande","og_description":"[vc_row][vc_column][vc_single_image image=&#8221;96889&#8243; img_size=&#8221;full&#8221; alignment=&#8221;center&#8221;][vc_single_image image=&#8221;65918&#8243; img_size=&#8221;full&#8221; alignment=&#8221;center&#8221; el_class=&#8221;logo-page-omega&#8221;][\/vc_column][\/vc_row][vc_row el_class=&#8221;text-row-omega&#8221;][vc_column][vc_column_text] Benvenuti da Gioielleria Grande Rivenditore Autorizzato OMEGA a Roma e Frosinone. &nbsp; Dal 1848, lo spirito pioneristico di OMEGA non solo ha portato l\u2019azienda sulla Luna e alla conquista delle profondit\u00e0 oceaniche, ma le ha dato anche l\u2019opportunit\u00e0 di cronometrare i pi\u00f9 grandi atleti durante le [&hellip;]","og_url":"https:\/\/www.gioielleriagrande.it\/omega\/","og_site_name":"Gioielleria Grande","article_modified_time":"2024-09-10T14:07:06+00:00","twitter_card":"summary_large_image","twitter_misc":{"Est. reading time":"1 minute"},"schema":{"@context":"https:\/\/schema.org","@graph":[{"@type":"WebPage","@id":"https:\/\/www.gioielleriagrande.it\/omega\/","url":"https:\/\/www.gioielleriagrande.it\/omega\/","name":"Omega - Gioielleria Grande","isPartOf":{"@id":"https:\/\/www.gioielleriagrande.it\/#website"},"datePublished":"2021-07-21T12:50:51+00:00","dateModified":"2024-09-10T14:07:06+00:00","breadcrumb":{"@id":"https:\/\/www.gioielleriagrande.it\/omega\/#breadcrumb"},"inLanguage":"en-US","potentialAction":[{"@type":"ReadAction","target":["https:\/\/www.gioielleriagrande.it\/omega\/"]}]},{"@type":"BreadcrumbList","@id":"https:\/\/www.gioielleriagrande.it\/omega\/#breadcrumb","itemListElement":[{"@type":"ListItem","position":1,"name":"Home","item":"https:\/\/www.gioielleriagrande.it\/"},{"@type":"ListItem","position":2,"name":"Omega"}]},{"@type":"WebSite","@id":"https:\/\/www.gioielleriagrande.it\/#website","url":"https:\/\/www.gioielleriagrande.it\/","name":"Gioielleria Grande","description":"","potentialAction":[{"@type":"SearchAction","target":{"@type":"EntryPoint","urlTemplate":"https:\/\/www.gioielleriagrande.it\/?s={search_term_string}"},"query-input":{"@type":"PropertyValueSpecification","valueRequired":true,"valueName":"search_term_string"}}],"inLanguage":"en-US"}]}},"_links":{"self":[{"href":"https:\/\/www.gioielleriagrande.it\/en\/wp-json\/wp\/v2\/pages\/65898","targetHints":{"allow":["GET"]}}],"collection":[{"href":"https:\/\/www.gioielleriagrande.it\/en\/wp-json\/wp\/v2\/pages"}],"about":[{"href":"https:\/\/www.gioielleriagrande.it\/en\/wp-json\/wp\/v2\/types\/page"}],"author":[{"embeddable":true,"href":"https:\/\/www.gioielleriagrande.it\/en\/wp-json\/wp\/v2\/users\/1"}],"replies":[{"embeddable":true,"href":"https:\/\/www.gioielleriagrande.it\/en\/wp-json\/wp\/v2\/comments?post=65898"}],"version-history":[{"count":0,"href":"https:\/\/www.gioielleriagrande.it\/en\/wp-json\/wp\/v2\/pages\/65898\/revisions"}],"wp:attachment":[{"href":"https:\/\/www.gioielleriagrande.it\/en\/wp-json\/wp\/v2\/media?parent=65898"}],"curies":[{"name":"wp","href":"https:\/\/api.w.org\/{rel}","templated":true}]}}