{"id":100189,"date":"2023-10-20T11:38:45","date_gmt":"2023-10-20T09:38:45","guid":{"rendered":"https:\/\/www.gioielleriagrande.it\/prodotto\/132586\/"},"modified":"2025-02-22T13:59:21","modified_gmt":"2025-02-22T12:59:21","slug":"132586","status":"publish","type":"product","link":"https:\/\/www.gioielleriagrande.it\/en\/prodotto\/132586\/","title":{"rendered":"The Longines Legend Diver Watch\nREF:L33744402"},"content":{"rendered":"<p>Longines, che ha sempre associato il proprio nome al mondo dello sport, mette la sua perizia al servizio delle immersioni subacquee. Tutto ha inizio nel 1937, un\u2019epoca in cui \u2019impermeabilit\u00e0 diventa un criterio di qualit\u00e0. Longines sviluppa cos\u00ec una cassa con pulsanti impermeabili per il suo leggendario calibro 13ZN e non manca di depositare il brevetto della sua creazione. Successivamente, il Marchio della clessidra alata sigla numerosi sviluppi che lo portano, nel 1958, a realizzare il suo primo orologio subacqueo civile, seguito negli anni \u201860 da diversi altri modelli dello stesso tipo.<\/p>\n","protected":false},"excerpt":{"rendered":"<p>Longines, che ha sempre associato il proprio nome al mondo dello sport, mette la sua perizia al servizio delle immersioni subacquee. Tutto ha inizio nel 1937, un\u2019epoca in cui \u2019impermeabilit\u00e0 diventa un criterio di qualit\u00e0. Longines sviluppa cos\u00ec una cassa con pulsanti impermeabili per il suo leggendario calibro 13ZN e non manca di depositare il brevetto della sua creazione. Successivamente, il Marchio della clessidra alata sigla numerosi sviluppi che lo portano, nel 1958, a realizzare il suo primo orologio subacqueo civile, seguito negli anni \u201860 da diversi altri modelli dello stesso tipo.<\/p>\n","protected":false},"featured_media":81736,"comment_status":"open","ping_status":"closed","template":"","meta":[],"product_brand":[],"product_cat":[3309],"product_tag":[],"class_list":{"0":"post-100189","1":"product","2":"type-product","3":"status-publish","4":"has-post-thumbnail","6":"brand-5096","7":"line-6634","8":"shops-3355","9":"shop_area-3357","11":"first","12":"instock","13":"taxable","14":"shipping-taxable","15":"purchasable","16":"product-type-simple"},"yoast_head":"<!-- This site is optimized with the Yoast SEO plugin v25.3 - https:\/\/yoast.com\/wordpress\/plugins\/seo\/ -->\n<title>The Longines Legend Diver Watch REF:L33744402 - Gioielleria Grande<\/title>\n<meta name=\"robots\" content=\"index, follow, max-snippet:-1, max-image-preview:large, max-video-preview:-1\" \/>\n<link rel=\"canonical\" href=\"https:\/\/www.gioielleriagrande.it\/prodotto\/132586\/\" \/>\n<meta property=\"og:locale\" content=\"en_US\" \/>\n<meta property=\"og:type\" content=\"article\" \/>\n<meta property=\"og:title\" content=\"The Longines Legend Diver Watch REF:L33744402 - Gioielleria Grande\" \/>\n<meta property=\"og:description\" content=\"Longines, che ha sempre associato il proprio nome al mondo dello sport, mette la sua perizia al servizio delle immersioni subacquee. Tutto ha inizio nel 1937, un\u2019epoca in cui \u2019impermeabilit\u00e0 diventa un criterio di qualit\u00e0. Longines sviluppa cos\u00ec una cassa con pulsanti impermeabili per il suo leggendario calibro 13ZN e non manca di depositare il brevetto della sua creazione. Successivamente, il Marchio della clessidra alata sigla numerosi sviluppi che lo portano, nel 1958, a realizzare il suo primo orologio subacqueo civile, seguito negli anni \u201860 da diversi altri modelli dello stesso tipo.\" \/>\n<meta property=\"og:url\" content=\"https:\/\/www.gioielleriagrande.it\/prodotto\/132586\/\" \/>\n<meta property=\"og:site_name\" content=\"Gioielleria Grande\" \/>\n<meta property=\"article:modified_time\" content=\"2025-02-22T12:59:21+00:00\" \/>\n<meta property=\"og:image\" content=\"https:\/\/www.gioielleriagrande.it\/wp-content\/uploads\/2022\/05\/L3.374.4.40.2.jpg\" \/>\n\t<meta property=\"og:image:width\" content=\"945\" \/>\n\t<meta property=\"og:image:height\" content=\"1181\" \/>\n\t<meta property=\"og:image:type\" content=\"image\/jpeg\" \/>\n<meta name=\"twitter:card\" content=\"summary_large_image\" \/>\n<script type=\"application\/ld+json\" class=\"yoast-schema-graph\">{\"@context\":\"https:\/\/schema.org\",\"@graph\":[{\"@type\":\"WebPage\",\"@id\":\"https:\/\/www.gioielleriagrande.it\/prodotto\/132586\/\",\"url\":\"https:\/\/www.gioielleriagrande.it\/prodotto\/132586\/\",\"name\":\"The Longines Legend Diver Watch REF:L33744402 - Gioielleria Grande\",\"isPartOf\":{\"@id\":\"https:\/\/www.gioielleriagrande.it\/#website\"},\"primaryImageOfPage\":{\"@id\":\"https:\/\/www.gioielleriagrande.it\/prodotto\/132586\/#primaryimage\"},\"image\":{\"@id\":\"https:\/\/www.gioielleriagrande.it\/prodotto\/132586\/#primaryimage\"},\"thumbnailUrl\":\"https:\/\/www.gioielleriagrande.it\/wp-content\/uploads\/2022\/05\/L3.374.4.40.2.jpg\",\"datePublished\":\"2023-10-20T09:38:45+00:00\",\"dateModified\":\"2025-02-22T12:59:21+00:00\",\"breadcrumb\":{\"@id\":\"https:\/\/www.gioielleriagrande.it\/prodotto\/132586\/#breadcrumb\"},\"inLanguage\":\"en-US\",\"potentialAction\":[{\"@type\":\"ReadAction\",\"target\":[\"https:\/\/www.gioielleriagrande.it\/prodotto\/132586\/\"]}]},{\"@type\":\"ImageObject\",\"inLanguage\":\"en-US\",\"@id\":\"https:\/\/www.gioielleriagrande.it\/prodotto\/132586\/#primaryimage\",\"url\":\"https:\/\/www.gioielleriagrande.it\/wp-content\/uploads\/2022\/05\/L3.374.4.40.2.jpg\",\"contentUrl\":\"https:\/\/www.gioielleriagrande.it\/wp-content\/uploads\/2022\/05\/L3.374.4.40.2.jpg\",\"width\":945,\"height\":1181,\"caption\":\"L3.374.4.40.2.jpg\"},{\"@type\":\"BreadcrumbList\",\"@id\":\"https:\/\/www.gioielleriagrande.it\/prodotto\/132586\/#breadcrumb\",\"itemListElement\":[{\"@type\":\"ListItem\",\"position\":1,\"name\":\"Home\",\"item\":\"https:\/\/www.gioielleriagrande.it\/\"},{\"@type\":\"ListItem\",\"position\":2,\"name\":\"Shop\",\"item\":\"https:\/\/www.gioielleriagrande.it\/negozio\/\"},{\"@type\":\"ListItem\",\"position\":3,\"name\":\"The Longines Legend Diver Watch REF:L33744402\"}]},{\"@type\":\"WebSite\",\"@id\":\"https:\/\/www.gioielleriagrande.it\/#website\",\"url\":\"https:\/\/www.gioielleriagrande.it\/\",\"name\":\"Gioielleria Grande\",\"description\":\"\",\"potentialAction\":[{\"@type\":\"SearchAction\",\"target\":{\"@type\":\"EntryPoint\",\"urlTemplate\":\"https:\/\/www.gioielleriagrande.it\/?s={search_term_string}\"},\"query-input\":{\"@type\":\"PropertyValueSpecification\",\"valueRequired\":true,\"valueName\":\"search_term_string\"}}],\"inLanguage\":\"en-US\"}]}<\/script>\n<!-- \/ Yoast SEO plugin. -->","yoast_head_json":{"title":"The Longines Legend Diver Watch REF:L33744402 - Gioielleria Grande","robots":{"index":"index","follow":"follow","max-snippet":"max-snippet:-1","max-image-preview":"max-image-preview:large","max-video-preview":"max-video-preview:-1"},"canonical":"https:\/\/www.gioielleriagrande.it\/prodotto\/132586\/","og_locale":"en_US","og_type":"article","og_title":"The Longines Legend Diver Watch REF:L33744402 - Gioielleria Grande","og_description":"Longines, che ha sempre associato il proprio nome al mondo dello sport, mette la sua perizia al servizio delle immersioni subacquee. Tutto ha inizio nel 1937, un\u2019epoca in cui \u2019impermeabilit\u00e0 diventa un criterio di qualit\u00e0. Longines sviluppa cos\u00ec una cassa con pulsanti impermeabili per il suo leggendario calibro 13ZN e non manca di depositare il brevetto della sua creazione. Successivamente, il Marchio della clessidra alata sigla numerosi sviluppi che lo portano, nel 1958, a realizzare il suo primo orologio subacqueo civile, seguito negli anni \u201860 da diversi altri modelli dello stesso tipo.","og_url":"https:\/\/www.gioielleriagrande.it\/prodotto\/132586\/","og_site_name":"Gioielleria Grande","article_modified_time":"2025-02-22T12:59:21+00:00","og_image":[{"width":945,"height":1181,"url":"https:\/\/www.gioielleriagrande.it\/wp-content\/uploads\/2022\/05\/L3.374.4.40.2.jpg","type":"image\/jpeg"}],"twitter_card":"summary_large_image","schema":{"@context":"https:\/\/schema.org","@graph":[{"@type":"WebPage","@id":"https:\/\/www.gioielleriagrande.it\/prodotto\/132586\/","url":"https:\/\/www.gioielleriagrande.it\/prodotto\/132586\/","name":"The Longines Legend Diver Watch REF:L33744402 - Gioielleria Grande","isPartOf":{"@id":"https:\/\/www.gioielleriagrande.it\/#website"},"primaryImageOfPage":{"@id":"https:\/\/www.gioielleriagrande.it\/prodotto\/132586\/#primaryimage"},"image":{"@id":"https:\/\/www.gioielleriagrande.it\/prodotto\/132586\/#primaryimage"},"thumbnailUrl":"https:\/\/www.gioielleriagrande.it\/wp-content\/uploads\/2022\/05\/L3.374.4.40.2.jpg","datePublished":"2023-10-20T09:38:45+00:00","dateModified":"2025-02-22T12:59:21+00:00","breadcrumb":{"@id":"https:\/\/www.gioielleriagrande.it\/prodotto\/132586\/#breadcrumb"},"inLanguage":"en-US","potentialAction":[{"@type":"ReadAction","target":["https:\/\/www.gioielleriagrande.it\/prodotto\/132586\/"]}]},{"@type":"ImageObject","inLanguage":"en-US","@id":"https:\/\/www.gioielleriagrande.it\/prodotto\/132586\/#primaryimage","url":"https:\/\/www.gioielleriagrande.it\/wp-content\/uploads\/2022\/05\/L3.374.4.40.2.jpg","contentUrl":"https:\/\/www.gioielleriagrande.it\/wp-content\/uploads\/2022\/05\/L3.374.4.40.2.jpg","width":945,"height":1181,"caption":"L3.374.4.40.2.jpg"},{"@type":"BreadcrumbList","@id":"https:\/\/www.gioielleriagrande.it\/prodotto\/132586\/#breadcrumb","itemListElement":[{"@type":"ListItem","position":1,"name":"Home","item":"https:\/\/www.gioielleriagrande.it\/"},{"@type":"ListItem","position":2,"name":"Shop","item":"https:\/\/www.gioielleriagrande.it\/negozio\/"},{"@type":"ListItem","position":3,"name":"The Longines Legend Diver Watch REF:L33744402"}]},{"@type":"WebSite","@id":"https:\/\/www.gioielleriagrande.it\/#website","url":"https:\/\/www.gioielleriagrande.it\/","name":"Gioielleria Grande","description":"","potentialAction":[{"@type":"SearchAction","target":{"@type":"EntryPoint","urlTemplate":"https:\/\/www.gioielleriagrande.it\/?s={search_term_string}"},"query-input":{"@type":"PropertyValueSpecification","valueRequired":true,"valueName":"search_term_string"}}],"inLanguage":"en-US"}]}},"_links":{"self":[{"href":"https:\/\/www.gioielleriagrande.it\/en\/wp-json\/wp\/v2\/product\/100189","targetHints":{"allow":["GET"]}}],"collection":[{"href":"https:\/\/www.gioielleriagrande.it\/en\/wp-json\/wp\/v2\/product"}],"about":[{"href":"https:\/\/www.gioielleriagrande.it\/en\/wp-json\/wp\/v2\/types\/product"}],"replies":[{"embeddable":true,"href":"https:\/\/www.gioielleriagrande.it\/en\/wp-json\/wp\/v2\/comments?post=100189"}],"wp:featuredmedia":[{"embeddable":true,"href":"https:\/\/www.gioielleriagrande.it\/en\/wp-json\/wp\/v2\/media\/81736"}],"wp:attachment":[{"href":"https:\/\/www.gioielleriagrande.it\/en\/wp-json\/wp\/v2\/media?parent=100189"}],"wp:term":[{"taxonomy":"product_brand","embeddable":true,"href":"https:\/\/www.gioielleriagrande.it\/en\/wp-json\/wp\/v2\/product_brand?post=100189"},{"taxonomy":"product_cat","embeddable":true,"href":"https:\/\/www.gioielleriagrande.it\/en\/wp-json\/wp\/v2\/product_cat?post=100189"},{"taxonomy":"product_tag","embeddable":true,"href":"https:\/\/www.gioielleriagrande.it\/en\/wp-json\/wp\/v2\/product_tag?post=100189"}],"curies":[{"name":"wp","href":"https:\/\/api.w.org\/{rel}","templated":true}]}}