{"id":100254,"date":"2023-10-20T11:40:46","date_gmt":"2023-10-20T09:40:46","guid":{"rendered":"https:\/\/www.gioielleriagrande.it\/prodotto\/115851\/"},"modified":"2025-11-22T14:47:28","modified_gmt":"2025-11-22T13:47:28","slug":"115851","status":"publish","type":"product","link":"https:\/\/www.gioielleriagrande.it\/en\/prodotto\/115851\/","title":{"rendered":"MOVE NOA PAV\u00c9 ORO BIANCO\nREF:06129-WG-53"},"content":{"rendered":"<p>Nella versione pav\u00e9, questo anello di diamanti in oro bianco 18 carati, completamente realizzato a mano, e tempestato di tre diamanti in movimento con taglio brillante, fa parte dell&#8217;iconico diamante di gioielleria Move. Chiamato Move Noa, questo anello in oro bianco con diamanti \u00e8 come un nastro dorato che avvolge il dito. Semplicit\u00e0 ed eleganza si uniscono al ritmo dei diamanti dato dai propri gesti. L&#8217;oro bianco, uno dei colori preferiti in gioielleria, ti sedurr\u00e0 con la sua atemporalit\u00e0 e la sua naturale eleganza. Questo anello Move Noa in oro bianco con pav\u00e9 di diamanti \u00e8 perfetto per celebrare un momento prezioso o un fidanzamento. Pu\u00f2 essere indossato come un raffinato fidanzamento o fede nuziale, tra tradizione e modernit\u00e0. Innamorati della fascia con pav\u00e9 di diamanti Messika Move Noa e scopri tutti i nostri gioielli con diamanti per donna e uomo!<\/p>\n","protected":false},"excerpt":{"rendered":"<p>Nella versione pav\u00e9, questo anello di diamanti in oro bianco 18 carati, completamente realizzato a mano, e tempestato di tre diamanti in movimento con taglio brillante, fa parte dell&#8217;iconico diamante di gioielleria Move. Chiamato Move Noa, questo anello in oro bianco con diamanti \u00e8 come un nastro dorato che avvolge il dito. Semplicit\u00e0 ed eleganza si uniscono al ritmo dei diamanti dato dai propri gesti. L&#8217;oro bianco, uno dei colori preferiti in gioielleria, ti sedurr\u00e0 con la sua atemporalit\u00e0 e la sua naturale eleganza. Questo anello Move Noa in oro bianco con pav\u00e9 di diamanti \u00e8 perfetto per celebrare un momento prezioso o un fidanzamento. Pu\u00f2 essere indossato come un raffinato fidanzamento o fede nuziale, tra tradizione e modernit\u00e0. Innamorati della fascia con pav\u00e9 di diamanti Messika Move Noa e scopri tutti i nostri gioielli con diamanti per donna e uomo!<\/p>\n","protected":false},"featured_media":85441,"comment_status":"open","ping_status":"closed","template":"","meta":[],"product_brand":[],"product_cat":[3308],"product_tag":[],"class_list":{"0":"post-100254","1":"product","2":"type-product","3":"status-publish","4":"has-post-thumbnail","6":"brand-7106","7":"shops-3355","8":"shop_area-3356","10":"first","11":"instock","12":"taxable","13":"shipping-taxable","14":"purchasable","15":"product-type-simple"},"yoast_head":"<!-- This site is optimized with the Yoast SEO plugin v25.3 - https:\/\/yoast.com\/wordpress\/plugins\/seo\/ -->\n<title>MOVE NOA PAV\u00c9 ORO BIANCO REF:06129-WG-53 - Gioielleria Grande<\/title>\n<meta name=\"robots\" content=\"index, follow, max-snippet:-1, max-image-preview:large, max-video-preview:-1\" \/>\n<link rel=\"canonical\" href=\"https:\/\/www.gioielleriagrande.it\/prodotto\/115851\/\" \/>\n<meta property=\"og:locale\" content=\"en_US\" \/>\n<meta property=\"og:type\" content=\"article\" \/>\n<meta property=\"og:title\" content=\"MOVE NOA PAV\u00c9 ORO BIANCO REF:06129-WG-53 - Gioielleria Grande\" \/>\n<meta property=\"og:description\" content=\"Nella versione pav\u00e9, questo anello di diamanti in oro bianco 18 carati, completamente realizzato a mano, e tempestato di tre diamanti in movimento con taglio brillante, fa parte dell&#039;iconico diamante di gioielleria Move. Chiamato Move Noa, questo anello in oro bianco con diamanti \u00e8 come un nastro dorato che avvolge il dito. Semplicit\u00e0 ed eleganza si uniscono al ritmo dei diamanti dato dai propri gesti. L&#039;oro bianco, uno dei colori preferiti in gioielleria, ti sedurr\u00e0 con la sua atemporalit\u00e0 e la sua naturale eleganza. Questo anello Move Noa in oro bianco con pav\u00e9 di diamanti \u00e8 perfetto per celebrare un momento prezioso o un fidanzamento. Pu\u00f2 essere indossato come un raffinato fidanzamento o fede nuziale, tra tradizione e modernit\u00e0. Innamorati della fascia con pav\u00e9 di diamanti Messika Move Noa e scopri tutti i nostri gioielli con diamanti per donna e uomo!\" \/>\n<meta property=\"og:url\" content=\"https:\/\/www.gioielleriagrande.it\/prodotto\/115851\/\" \/>\n<meta property=\"og:site_name\" content=\"Gioielleria Grande\" \/>\n<meta property=\"article:modified_time\" content=\"2025-11-22T13:47:28+00:00\" \/>\n<meta property=\"og:image\" content=\"https:\/\/www.gioielleriagrande.it\/wp-content\/uploads\/2022\/11\/06129-WG-53.jpg\" \/>\n\t<meta property=\"og:image:width\" content=\"800\" \/>\n\t<meta property=\"og:image:height\" content=\"800\" \/>\n\t<meta property=\"og:image:type\" content=\"image\/jpeg\" \/>\n<meta name=\"twitter:card\" content=\"summary_large_image\" \/>\n<meta name=\"twitter:label1\" content=\"Est. reading time\" \/>\n\t<meta name=\"twitter:data1\" content=\"1 minute\" \/>\n<script type=\"application\/ld+json\" class=\"yoast-schema-graph\">{\"@context\":\"https:\/\/schema.org\",\"@graph\":[{\"@type\":\"WebPage\",\"@id\":\"https:\/\/www.gioielleriagrande.it\/prodotto\/115851\/\",\"url\":\"https:\/\/www.gioielleriagrande.it\/prodotto\/115851\/\",\"name\":\"MOVE NOA PAV\u00c9 ORO BIANCO REF:06129-WG-53 - Gioielleria Grande\",\"isPartOf\":{\"@id\":\"https:\/\/www.gioielleriagrande.it\/#website\"},\"primaryImageOfPage\":{\"@id\":\"https:\/\/www.gioielleriagrande.it\/prodotto\/115851\/#primaryimage\"},\"image\":{\"@id\":\"https:\/\/www.gioielleriagrande.it\/prodotto\/115851\/#primaryimage\"},\"thumbnailUrl\":\"https:\/\/www.gioielleriagrande.it\/wp-content\/uploads\/2022\/11\/06129-WG-53.jpg\",\"datePublished\":\"2023-10-20T09:40:46+00:00\",\"dateModified\":\"2025-11-22T13:47:28+00:00\",\"breadcrumb\":{\"@id\":\"https:\/\/www.gioielleriagrande.it\/prodotto\/115851\/#breadcrumb\"},\"inLanguage\":\"en-US\",\"potentialAction\":[{\"@type\":\"ReadAction\",\"target\":[\"https:\/\/www.gioielleriagrande.it\/prodotto\/115851\/\"]}]},{\"@type\":\"ImageObject\",\"inLanguage\":\"en-US\",\"@id\":\"https:\/\/www.gioielleriagrande.it\/prodotto\/115851\/#primaryimage\",\"url\":\"https:\/\/www.gioielleriagrande.it\/wp-content\/uploads\/2022\/11\/06129-WG-53.jpg\",\"contentUrl\":\"https:\/\/www.gioielleriagrande.it\/wp-content\/uploads\/2022\/11\/06129-WG-53.jpg\",\"width\":800,\"height\":800,\"caption\":\"06129-WG-53.jpg\"},{\"@type\":\"BreadcrumbList\",\"@id\":\"https:\/\/www.gioielleriagrande.it\/prodotto\/115851\/#breadcrumb\",\"itemListElement\":[{\"@type\":\"ListItem\",\"position\":1,\"name\":\"Home\",\"item\":\"https:\/\/www.gioielleriagrande.it\/\"},{\"@type\":\"ListItem\",\"position\":2,\"name\":\"Shop\",\"item\":\"https:\/\/www.gioielleriagrande.it\/negozio\/\"},{\"@type\":\"ListItem\",\"position\":3,\"name\":\"MOVE NOA PAV\u00c9 ORO BIANCO REF:06129-WG-53\"}]},{\"@type\":\"WebSite\",\"@id\":\"https:\/\/www.gioielleriagrande.it\/#website\",\"url\":\"https:\/\/www.gioielleriagrande.it\/\",\"name\":\"Gioielleria Grande\",\"description\":\"\",\"potentialAction\":[{\"@type\":\"SearchAction\",\"target\":{\"@type\":\"EntryPoint\",\"urlTemplate\":\"https:\/\/www.gioielleriagrande.it\/?s={search_term_string}\"},\"query-input\":{\"@type\":\"PropertyValueSpecification\",\"valueRequired\":true,\"valueName\":\"search_term_string\"}}],\"inLanguage\":\"en-US\"}]}<\/script>\n<!-- \/ Yoast SEO plugin. -->","yoast_head_json":{"title":"MOVE NOA PAV\u00c9 ORO BIANCO REF:06129-WG-53 - Gioielleria Grande","robots":{"index":"index","follow":"follow","max-snippet":"max-snippet:-1","max-image-preview":"max-image-preview:large","max-video-preview":"max-video-preview:-1"},"canonical":"https:\/\/www.gioielleriagrande.it\/prodotto\/115851\/","og_locale":"en_US","og_type":"article","og_title":"MOVE NOA PAV\u00c9 ORO BIANCO REF:06129-WG-53 - Gioielleria Grande","og_description":"Nella versione pav\u00e9, questo anello di diamanti in oro bianco 18 carati, completamente realizzato a mano, e tempestato di tre diamanti in movimento con taglio brillante, fa parte dell'iconico diamante di gioielleria Move. Chiamato Move Noa, questo anello in oro bianco con diamanti \u00e8 come un nastro dorato che avvolge il dito. Semplicit\u00e0 ed eleganza si uniscono al ritmo dei diamanti dato dai propri gesti. L'oro bianco, uno dei colori preferiti in gioielleria, ti sedurr\u00e0 con la sua atemporalit\u00e0 e la sua naturale eleganza. Questo anello Move Noa in oro bianco con pav\u00e9 di diamanti \u00e8 perfetto per celebrare un momento prezioso o un fidanzamento. Pu\u00f2 essere indossato come un raffinato fidanzamento o fede nuziale, tra tradizione e modernit\u00e0. Innamorati della fascia con pav\u00e9 di diamanti Messika Move Noa e scopri tutti i nostri gioielli con diamanti per donna e uomo!","og_url":"https:\/\/www.gioielleriagrande.it\/prodotto\/115851\/","og_site_name":"Gioielleria Grande","article_modified_time":"2025-11-22T13:47:28+00:00","og_image":[{"width":800,"height":800,"url":"https:\/\/www.gioielleriagrande.it\/wp-content\/uploads\/2022\/11\/06129-WG-53.jpg","type":"image\/jpeg"}],"twitter_card":"summary_large_image","twitter_misc":{"Est. reading time":"1 minute"},"schema":{"@context":"https:\/\/schema.org","@graph":[{"@type":"WebPage","@id":"https:\/\/www.gioielleriagrande.it\/prodotto\/115851\/","url":"https:\/\/www.gioielleriagrande.it\/prodotto\/115851\/","name":"MOVE NOA PAV\u00c9 ORO BIANCO REF:06129-WG-53 - Gioielleria Grande","isPartOf":{"@id":"https:\/\/www.gioielleriagrande.it\/#website"},"primaryImageOfPage":{"@id":"https:\/\/www.gioielleriagrande.it\/prodotto\/115851\/#primaryimage"},"image":{"@id":"https:\/\/www.gioielleriagrande.it\/prodotto\/115851\/#primaryimage"},"thumbnailUrl":"https:\/\/www.gioielleriagrande.it\/wp-content\/uploads\/2022\/11\/06129-WG-53.jpg","datePublished":"2023-10-20T09:40:46+00:00","dateModified":"2025-11-22T13:47:28+00:00","breadcrumb":{"@id":"https:\/\/www.gioielleriagrande.it\/prodotto\/115851\/#breadcrumb"},"inLanguage":"en-US","potentialAction":[{"@type":"ReadAction","target":["https:\/\/www.gioielleriagrande.it\/prodotto\/115851\/"]}]},{"@type":"ImageObject","inLanguage":"en-US","@id":"https:\/\/www.gioielleriagrande.it\/prodotto\/115851\/#primaryimage","url":"https:\/\/www.gioielleriagrande.it\/wp-content\/uploads\/2022\/11\/06129-WG-53.jpg","contentUrl":"https:\/\/www.gioielleriagrande.it\/wp-content\/uploads\/2022\/11\/06129-WG-53.jpg","width":800,"height":800,"caption":"06129-WG-53.jpg"},{"@type":"BreadcrumbList","@id":"https:\/\/www.gioielleriagrande.it\/prodotto\/115851\/#breadcrumb","itemListElement":[{"@type":"ListItem","position":1,"name":"Home","item":"https:\/\/www.gioielleriagrande.it\/"},{"@type":"ListItem","position":2,"name":"Shop","item":"https:\/\/www.gioielleriagrande.it\/negozio\/"},{"@type":"ListItem","position":3,"name":"MOVE NOA PAV\u00c9 ORO BIANCO REF:06129-WG-53"}]},{"@type":"WebSite","@id":"https:\/\/www.gioielleriagrande.it\/#website","url":"https:\/\/www.gioielleriagrande.it\/","name":"Gioielleria Grande","description":"","potentialAction":[{"@type":"SearchAction","target":{"@type":"EntryPoint","urlTemplate":"https:\/\/www.gioielleriagrande.it\/?s={search_term_string}"},"query-input":{"@type":"PropertyValueSpecification","valueRequired":true,"valueName":"search_term_string"}}],"inLanguage":"en-US"}]}},"_links":{"self":[{"href":"https:\/\/www.gioielleriagrande.it\/en\/wp-json\/wp\/v2\/product\/100254","targetHints":{"allow":["GET"]}}],"collection":[{"href":"https:\/\/www.gioielleriagrande.it\/en\/wp-json\/wp\/v2\/product"}],"about":[{"href":"https:\/\/www.gioielleriagrande.it\/en\/wp-json\/wp\/v2\/types\/product"}],"replies":[{"embeddable":true,"href":"https:\/\/www.gioielleriagrande.it\/en\/wp-json\/wp\/v2\/comments?post=100254"}],"wp:featuredmedia":[{"embeddable":true,"href":"https:\/\/www.gioielleriagrande.it\/en\/wp-json\/wp\/v2\/media\/85441"}],"wp:attachment":[{"href":"https:\/\/www.gioielleriagrande.it\/en\/wp-json\/wp\/v2\/media?parent=100254"}],"wp:term":[{"taxonomy":"product_brand","embeddable":true,"href":"https:\/\/www.gioielleriagrande.it\/en\/wp-json\/wp\/v2\/product_brand?post=100254"},{"taxonomy":"product_cat","embeddable":true,"href":"https:\/\/www.gioielleriagrande.it\/en\/wp-json\/wp\/v2\/product_cat?post=100254"},{"taxonomy":"product_tag","embeddable":true,"href":"https:\/\/www.gioielleriagrande.it\/en\/wp-json\/wp\/v2\/product_tag?post=100254"}],"curies":[{"name":"wp","href":"https:\/\/api.w.org\/{rel}","templated":true}]}}