{"id":123278,"date":"2023-12-11T13:33:27","date_gmt":"2023-12-11T12:33:27","guid":{"rendered":"https:\/\/www.gioielleriagrande.it\/prodotto\/98312\/"},"modified":"2025-11-22T14:54:17","modified_gmt":"2025-11-22T13:54:17","slug":"98312","status":"publish","type":"product","link":"https:\/\/www.gioielleriagrande.it\/en\/prodotto\/98312\/","title":{"rendered":"Clifton Club 10378\nREF:M0A10378"},"content":{"rendered":"<p>Questo \u00e8 un orologio automatico sportivo da uomo a quadrante blu dotato di bracciale in acciaio inossidabile a tre 3 strisce. \u00c8 possibile tener conto degli intervalli pi\u00f9 brevi per mezzo degli indici presenti sulla lunetta blu e rimanere attivi giorno e notte grazie a lancette e indici sul quadrante trattati con Superluminova. Orologio dal bracciale in acciaio in stile urban-chic animato da un movimento meccanico a carica automatica di fabbricazione svizzera, questo segnatempo \u00e8 in grado di soddisfare tutte le aspettative del \u201cgentlesportsman\u201d.<\/p>\n","protected":false},"excerpt":{"rendered":"<p>Questo \u00e8 un orologio automatico sportivo da uomo a quadrante blu dotato di bracciale in acciaio inossidabile a tre 3 strisce. \u00c8 possibile tener conto degli intervalli pi\u00f9 brevi per mezzo degli indici presenti sulla lunetta blu e rimanere attivi giorno e notte grazie a lancette e indici sul quadrante trattati con Superluminova. Orologio dal bracciale in acciaio in stile urban-chic animato da un movimento meccanico a carica automatica di fabbricazione svizzera, questo segnatempo \u00e8 in grado di soddisfare tutte le aspettative del \u201cgentlesportsman\u201d.<\/p>\n","protected":false},"featured_media":122736,"comment_status":"open","ping_status":"closed","template":"","meta":[],"product_brand":[],"product_cat":[3309],"product_tag":[],"class_list":{"0":"post-123278","1":"product","2":"type-product","3":"status-publish","4":"has-post-thumbnail","6":"brand-5195","7":"shops-3355","8":"shop_area-3357","10":"first","11":"instock","12":"taxable","13":"shipping-taxable","14":"purchasable","15":"product-type-simple"},"yoast_head":"<!-- This site is optimized with the Yoast SEO plugin v25.3 - https:\/\/yoast.com\/wordpress\/plugins\/seo\/ -->\n<title>Clifton Club 10378 REF:M0A10378 - Gioielleria Grande<\/title>\n<meta name=\"robots\" content=\"index, follow, max-snippet:-1, max-image-preview:large, max-video-preview:-1\" \/>\n<link rel=\"canonical\" href=\"https:\/\/www.gioielleriagrande.it\/en\/prodotto\/98312\/\" \/>\n<meta property=\"og:locale\" content=\"en_US\" \/>\n<meta property=\"og:type\" content=\"article\" \/>\n<meta property=\"og:title\" content=\"Clifton Club 10378 REF:M0A10378 - Gioielleria Grande\" \/>\n<meta property=\"og:description\" content=\"Questo \u00e8 un orologio automatico sportivo da uomo a quadrante blu dotato di bracciale in acciaio inossidabile a tre 3 strisce. \u00c8 possibile tener conto degli intervalli pi\u00f9 brevi per mezzo degli indici presenti sulla lunetta blu e rimanere attivi giorno e notte grazie a lancette e indici sul quadrante trattati con Superluminova. Orologio dal bracciale in acciaio in stile urban-chic animato da un movimento meccanico a carica automatica di fabbricazione svizzera, questo segnatempo \u00e8 in grado di soddisfare tutte le aspettative del \u201cgentlesportsman\u201d.\" \/>\n<meta property=\"og:url\" content=\"https:\/\/www.gioielleriagrande.it\/en\/prodotto\/98312\/\" \/>\n<meta property=\"og:site_name\" content=\"Gioielleria Grande\" \/>\n<meta property=\"article:modified_time\" content=\"2025-11-22T13:54:17+00:00\" \/>\n<meta property=\"og:image\" content=\"https:\/\/www.gioielleriagrande.it\/wp-content\/uploads\/2023\/12\/M0A10378.jpg\" \/>\n\t<meta property=\"og:image:width\" content=\"1707\" \/>\n\t<meta property=\"og:image:height\" content=\"2560\" \/>\n\t<meta property=\"og:image:type\" content=\"image\/jpeg\" \/>\n<meta name=\"twitter:card\" content=\"summary_large_image\" \/>\n<script type=\"application\/ld+json\" class=\"yoast-schema-graph\">{\"@context\":\"https:\/\/schema.org\",\"@graph\":[{\"@type\":\"WebPage\",\"@id\":\"https:\/\/www.gioielleriagrande.it\/en\/prodotto\/98312\/\",\"url\":\"https:\/\/www.gioielleriagrande.it\/en\/prodotto\/98312\/\",\"name\":\"Clifton Club 10378 REF:M0A10378 - Gioielleria Grande\",\"isPartOf\":{\"@id\":\"https:\/\/www.gioielleriagrande.it\/#website\"},\"primaryImageOfPage\":{\"@id\":\"https:\/\/www.gioielleriagrande.it\/en\/prodotto\/98312\/#primaryimage\"},\"image\":{\"@id\":\"https:\/\/www.gioielleriagrande.it\/en\/prodotto\/98312\/#primaryimage\"},\"thumbnailUrl\":\"https:\/\/www.gioielleriagrande.it\/wp-content\/uploads\/2023\/12\/M0A10378.jpg\",\"datePublished\":\"2023-12-11T12:33:27+00:00\",\"dateModified\":\"2025-11-22T13:54:17+00:00\",\"breadcrumb\":{\"@id\":\"https:\/\/www.gioielleriagrande.it\/en\/prodotto\/98312\/#breadcrumb\"},\"inLanguage\":\"en-US\",\"potentialAction\":[{\"@type\":\"ReadAction\",\"target\":[\"https:\/\/www.gioielleriagrande.it\/en\/prodotto\/98312\/\"]}]},{\"@type\":\"ImageObject\",\"inLanguage\":\"en-US\",\"@id\":\"https:\/\/www.gioielleriagrande.it\/en\/prodotto\/98312\/#primaryimage\",\"url\":\"https:\/\/www.gioielleriagrande.it\/wp-content\/uploads\/2023\/12\/M0A10378.jpg\",\"contentUrl\":\"https:\/\/www.gioielleriagrande.it\/wp-content\/uploads\/2023\/12\/M0A10378.jpg\",\"width\":1707,\"height\":2560,\"caption\":\"M0A10378.jpg\"},{\"@type\":\"BreadcrumbList\",\"@id\":\"https:\/\/www.gioielleriagrande.it\/en\/prodotto\/98312\/#breadcrumb\",\"itemListElement\":[{\"@type\":\"ListItem\",\"position\":1,\"name\":\"Home\",\"item\":\"https:\/\/www.gioielleriagrande.it\/\"},{\"@type\":\"ListItem\",\"position\":2,\"name\":\"Shop\",\"item\":\"https:\/\/www.gioielleriagrande.it\/negozio\/\"},{\"@type\":\"ListItem\",\"position\":3,\"name\":\"Clifton Club 10378 REF:M0A10378\"}]},{\"@type\":\"WebSite\",\"@id\":\"https:\/\/www.gioielleriagrande.it\/#website\",\"url\":\"https:\/\/www.gioielleriagrande.it\/\",\"name\":\"Gioielleria Grande\",\"description\":\"\",\"potentialAction\":[{\"@type\":\"SearchAction\",\"target\":{\"@type\":\"EntryPoint\",\"urlTemplate\":\"https:\/\/www.gioielleriagrande.it\/?s={search_term_string}\"},\"query-input\":{\"@type\":\"PropertyValueSpecification\",\"valueRequired\":true,\"valueName\":\"search_term_string\"}}],\"inLanguage\":\"en-US\"}]}<\/script>\n<!-- \/ Yoast SEO plugin. -->","yoast_head_json":{"title":"Clifton Club 10378 REF:M0A10378 - Gioielleria Grande","robots":{"index":"index","follow":"follow","max-snippet":"max-snippet:-1","max-image-preview":"max-image-preview:large","max-video-preview":"max-video-preview:-1"},"canonical":"https:\/\/www.gioielleriagrande.it\/en\/prodotto\/98312\/","og_locale":"en_US","og_type":"article","og_title":"Clifton Club 10378 REF:M0A10378 - Gioielleria Grande","og_description":"Questo \u00e8 un orologio automatico sportivo da uomo a quadrante blu dotato di bracciale in acciaio inossidabile a tre 3 strisce. \u00c8 possibile tener conto degli intervalli pi\u00f9 brevi per mezzo degli indici presenti sulla lunetta blu e rimanere attivi giorno e notte grazie a lancette e indici sul quadrante trattati con Superluminova. Orologio dal bracciale in acciaio in stile urban-chic animato da un movimento meccanico a carica automatica di fabbricazione svizzera, questo segnatempo \u00e8 in grado di soddisfare tutte le aspettative del \u201cgentlesportsman\u201d.","og_url":"https:\/\/www.gioielleriagrande.it\/en\/prodotto\/98312\/","og_site_name":"Gioielleria Grande","article_modified_time":"2025-11-22T13:54:17+00:00","og_image":[{"width":1707,"height":2560,"url":"https:\/\/www.gioielleriagrande.it\/wp-content\/uploads\/2023\/12\/M0A10378.jpg","type":"image\/jpeg"}],"twitter_card":"summary_large_image","schema":{"@context":"https:\/\/schema.org","@graph":[{"@type":"WebPage","@id":"https:\/\/www.gioielleriagrande.it\/en\/prodotto\/98312\/","url":"https:\/\/www.gioielleriagrande.it\/en\/prodotto\/98312\/","name":"Clifton Club 10378 REF:M0A10378 - Gioielleria Grande","isPartOf":{"@id":"https:\/\/www.gioielleriagrande.it\/#website"},"primaryImageOfPage":{"@id":"https:\/\/www.gioielleriagrande.it\/en\/prodotto\/98312\/#primaryimage"},"image":{"@id":"https:\/\/www.gioielleriagrande.it\/en\/prodotto\/98312\/#primaryimage"},"thumbnailUrl":"https:\/\/www.gioielleriagrande.it\/wp-content\/uploads\/2023\/12\/M0A10378.jpg","datePublished":"2023-12-11T12:33:27+00:00","dateModified":"2025-11-22T13:54:17+00:00","breadcrumb":{"@id":"https:\/\/www.gioielleriagrande.it\/en\/prodotto\/98312\/#breadcrumb"},"inLanguage":"en-US","potentialAction":[{"@type":"ReadAction","target":["https:\/\/www.gioielleriagrande.it\/en\/prodotto\/98312\/"]}]},{"@type":"ImageObject","inLanguage":"en-US","@id":"https:\/\/www.gioielleriagrande.it\/en\/prodotto\/98312\/#primaryimage","url":"https:\/\/www.gioielleriagrande.it\/wp-content\/uploads\/2023\/12\/M0A10378.jpg","contentUrl":"https:\/\/www.gioielleriagrande.it\/wp-content\/uploads\/2023\/12\/M0A10378.jpg","width":1707,"height":2560,"caption":"M0A10378.jpg"},{"@type":"BreadcrumbList","@id":"https:\/\/www.gioielleriagrande.it\/en\/prodotto\/98312\/#breadcrumb","itemListElement":[{"@type":"ListItem","position":1,"name":"Home","item":"https:\/\/www.gioielleriagrande.it\/"},{"@type":"ListItem","position":2,"name":"Shop","item":"https:\/\/www.gioielleriagrande.it\/negozio\/"},{"@type":"ListItem","position":3,"name":"Clifton Club 10378 REF:M0A10378"}]},{"@type":"WebSite","@id":"https:\/\/www.gioielleriagrande.it\/#website","url":"https:\/\/www.gioielleriagrande.it\/","name":"Gioielleria Grande","description":"","potentialAction":[{"@type":"SearchAction","target":{"@type":"EntryPoint","urlTemplate":"https:\/\/www.gioielleriagrande.it\/?s={search_term_string}"},"query-input":{"@type":"PropertyValueSpecification","valueRequired":true,"valueName":"search_term_string"}}],"inLanguage":"en-US"}]}},"_links":{"self":[{"href":"https:\/\/www.gioielleriagrande.it\/en\/wp-json\/wp\/v2\/product\/123278","targetHints":{"allow":["GET"]}}],"collection":[{"href":"https:\/\/www.gioielleriagrande.it\/en\/wp-json\/wp\/v2\/product"}],"about":[{"href":"https:\/\/www.gioielleriagrande.it\/en\/wp-json\/wp\/v2\/types\/product"}],"replies":[{"embeddable":true,"href":"https:\/\/www.gioielleriagrande.it\/en\/wp-json\/wp\/v2\/comments?post=123278"}],"wp:featuredmedia":[{"embeddable":true,"href":"https:\/\/www.gioielleriagrande.it\/en\/wp-json\/wp\/v2\/media\/122736"}],"wp:attachment":[{"href":"https:\/\/www.gioielleriagrande.it\/en\/wp-json\/wp\/v2\/media?parent=123278"}],"wp:term":[{"taxonomy":"product_brand","embeddable":true,"href":"https:\/\/www.gioielleriagrande.it\/en\/wp-json\/wp\/v2\/product_brand?post=123278"},{"taxonomy":"product_cat","embeddable":true,"href":"https:\/\/www.gioielleriagrande.it\/en\/wp-json\/wp\/v2\/product_cat?post=123278"},{"taxonomy":"product_tag","embeddable":true,"href":"https:\/\/www.gioielleriagrande.it\/en\/wp-json\/wp\/v2\/product_tag?post=123278"}],"curies":[{"name":"wp","href":"https:\/\/api.w.org\/{rel}","templated":true}]}}