{"id":144683,"date":"2024-01-09T11:03:49","date_gmt":"2024-01-09T10:03:49","guid":{"rendered":"https:\/\/www.gioielleriagrande.it\/prodotto\/115815\/"},"modified":"2025-11-22T15:08:48","modified_gmt":"2025-11-22T14:08:48","slug":"115815","status":"publish","type":"product","link":"https:\/\/www.gioielleriagrande.it\/en\/prodotto\/115815\/","title":{"rendered":"MOVE UNO PAV\u00c9 ORO GIALLO\nREF:05630-YG-52"},"content":{"rendered":"<p>Questo anello da donna in oro giallo 18 carati con pav\u00e9 di diamanti, completamente realizzato a mano, presenta una preziosa gabbia in pav\u00e9 che contiene in movimento un diamante a taglio brillante e una sottile fascia in pav\u00e9 di diamanti. Questo anello Move Uno in oro giallo con pav\u00e9 di diamanti, icona della Casa Messika, \u00e8 l&#8217;ideale per un regalo a una persona cara o tutti i giorni. Pu\u00f2 essere indossato da solo o impilato con un altro anello di lusso Move Uno in oro giallo. La raffinata lavorazione artigianale del pav\u00e9 trascende ogni diamante. In questa versione in oro giallo, l&#8217;anello con pav\u00e9 di diamanti Move Uno esalta lo splendore solare del metallo prezioso.<\/p>\n","protected":false},"excerpt":{"rendered":"<p>Questo anello da donna in oro giallo 18 carati con pav\u00e9 di diamanti, completamente realizzato a mano, presenta una preziosa gabbia in pav\u00e9 che contiene in movimento un diamante a taglio brillante e una sottile fascia in pav\u00e9 di diamanti. Questo anello Move Uno in oro giallo con pav\u00e9 di diamanti, icona della Casa Messika, \u00e8 l&#8217;ideale per un regalo a una persona cara o tutti i giorni. Pu\u00f2 essere indossato da solo o impilato con un altro anello di lusso Move Uno in oro giallo. La raffinata lavorazione artigianale del pav\u00e9 trascende ogni diamante. In questa versione in oro giallo, l&#8217;anello con pav\u00e9 di diamanti Move Uno esalta lo splendore solare del metallo prezioso.<\/p>\n","protected":false},"featured_media":85409,"comment_status":"open","ping_status":"closed","template":"","meta":[],"product_brand":[],"product_cat":[3308],"product_tag":[],"class_list":{"0":"post-144683","1":"product","2":"type-product","3":"status-publish","4":"has-post-thumbnail","6":"brand-7106","7":"shops-3355","8":"shop_area-3356","10":"first","11":"instock","12":"taxable","13":"shipping-taxable","14":"purchasable","15":"product-type-simple"},"yoast_head":"<!-- This site is optimized with the Yoast SEO plugin v25.3 - https:\/\/yoast.com\/wordpress\/plugins\/seo\/ -->\n<title>MOVE UNO PAV\u00c9 ORO GIALLO REF:05630-YG-52 - Gioielleria Grande<\/title>\n<meta name=\"robots\" content=\"index, follow, max-snippet:-1, max-image-preview:large, max-video-preview:-1\" \/>\n<link rel=\"canonical\" href=\"https:\/\/www.gioielleriagrande.it\/prodotto\/115815\/\" \/>\n<meta property=\"og:locale\" content=\"en_US\" \/>\n<meta property=\"og:type\" content=\"article\" \/>\n<meta property=\"og:title\" content=\"MOVE UNO PAV\u00c9 ORO GIALLO REF:05630-YG-52 - Gioielleria Grande\" \/>\n<meta property=\"og:description\" content=\"Questo anello da donna in oro giallo 18 carati con pav\u00e9 di diamanti, completamente realizzato a mano, presenta una preziosa gabbia in pav\u00e9 che contiene in movimento un diamante a taglio brillante e una sottile fascia in pav\u00e9 di diamanti. Questo anello Move Uno in oro giallo con pav\u00e9 di diamanti, icona della Casa Messika, \u00e8 l&#039;ideale per un regalo a una persona cara o tutti i giorni. Pu\u00f2 essere indossato da solo o impilato con un altro anello di lusso Move Uno in oro giallo. La raffinata lavorazione artigianale del pav\u00e9 trascende ogni diamante. In questa versione in oro giallo, l&#039;anello con pav\u00e9 di diamanti Move Uno esalta lo splendore solare del metallo prezioso.\" \/>\n<meta property=\"og:url\" content=\"https:\/\/www.gioielleriagrande.it\/prodotto\/115815\/\" \/>\n<meta property=\"og:site_name\" content=\"Gioielleria Grande\" \/>\n<meta property=\"article:modified_time\" content=\"2025-11-22T14:08:48+00:00\" \/>\n<meta property=\"og:image\" content=\"https:\/\/www.gioielleriagrande.it\/wp-content\/uploads\/2022\/11\/05630-YG-52.jpg\" \/>\n\t<meta property=\"og:image:width\" content=\"2560\" \/>\n\t<meta property=\"og:image:height\" content=\"2560\" \/>\n\t<meta property=\"og:image:type\" content=\"image\/jpeg\" \/>\n<meta name=\"twitter:card\" content=\"summary_large_image\" \/>\n<meta name=\"twitter:label1\" content=\"Est. reading time\" \/>\n\t<meta name=\"twitter:data1\" content=\"1 minute\" \/>\n<script type=\"application\/ld+json\" class=\"yoast-schema-graph\">{\"@context\":\"https:\/\/schema.org\",\"@graph\":[{\"@type\":\"WebPage\",\"@id\":\"https:\/\/www.gioielleriagrande.it\/prodotto\/115815\/\",\"url\":\"https:\/\/www.gioielleriagrande.it\/prodotto\/115815\/\",\"name\":\"MOVE UNO PAV\u00c9 ORO GIALLO REF:05630-YG-52 - Gioielleria Grande\",\"isPartOf\":{\"@id\":\"https:\/\/www.gioielleriagrande.it\/#website\"},\"primaryImageOfPage\":{\"@id\":\"https:\/\/www.gioielleriagrande.it\/prodotto\/115815\/#primaryimage\"},\"image\":{\"@id\":\"https:\/\/www.gioielleriagrande.it\/prodotto\/115815\/#primaryimage\"},\"thumbnailUrl\":\"https:\/\/www.gioielleriagrande.it\/wp-content\/uploads\/2022\/11\/05630-YG-52.jpg\",\"datePublished\":\"2024-01-09T10:03:49+00:00\",\"dateModified\":\"2025-11-22T14:08:48+00:00\",\"breadcrumb\":{\"@id\":\"https:\/\/www.gioielleriagrande.it\/prodotto\/115815\/#breadcrumb\"},\"inLanguage\":\"en-US\",\"potentialAction\":[{\"@type\":\"ReadAction\",\"target\":[\"https:\/\/www.gioielleriagrande.it\/prodotto\/115815\/\"]}]},{\"@type\":\"ImageObject\",\"inLanguage\":\"en-US\",\"@id\":\"https:\/\/www.gioielleriagrande.it\/prodotto\/115815\/#primaryimage\",\"url\":\"https:\/\/www.gioielleriagrande.it\/wp-content\/uploads\/2022\/11\/05630-YG-52.jpg\",\"contentUrl\":\"https:\/\/www.gioielleriagrande.it\/wp-content\/uploads\/2022\/11\/05630-YG-52.jpg\",\"width\":2560,\"height\":2560,\"caption\":\"05630-YG-52.jpg\"},{\"@type\":\"BreadcrumbList\",\"@id\":\"https:\/\/www.gioielleriagrande.it\/prodotto\/115815\/#breadcrumb\",\"itemListElement\":[{\"@type\":\"ListItem\",\"position\":1,\"name\":\"Home\",\"item\":\"https:\/\/www.gioielleriagrande.it\/\"},{\"@type\":\"ListItem\",\"position\":2,\"name\":\"Shop\",\"item\":\"https:\/\/www.gioielleriagrande.it\/negozio\/\"},{\"@type\":\"ListItem\",\"position\":3,\"name\":\"MOVE UNO PAV\u00c9 ORO GIALLO REF:05630-YG-52\"}]},{\"@type\":\"WebSite\",\"@id\":\"https:\/\/www.gioielleriagrande.it\/#website\",\"url\":\"https:\/\/www.gioielleriagrande.it\/\",\"name\":\"Gioielleria Grande\",\"description\":\"\",\"potentialAction\":[{\"@type\":\"SearchAction\",\"target\":{\"@type\":\"EntryPoint\",\"urlTemplate\":\"https:\/\/www.gioielleriagrande.it\/?s={search_term_string}\"},\"query-input\":{\"@type\":\"PropertyValueSpecification\",\"valueRequired\":true,\"valueName\":\"search_term_string\"}}],\"inLanguage\":\"en-US\"}]}<\/script>\n<!-- \/ Yoast SEO plugin. -->","yoast_head_json":{"title":"MOVE UNO PAV\u00c9 ORO GIALLO REF:05630-YG-52 - Gioielleria Grande","robots":{"index":"index","follow":"follow","max-snippet":"max-snippet:-1","max-image-preview":"max-image-preview:large","max-video-preview":"max-video-preview:-1"},"canonical":"https:\/\/www.gioielleriagrande.it\/prodotto\/115815\/","og_locale":"en_US","og_type":"article","og_title":"MOVE UNO PAV\u00c9 ORO GIALLO REF:05630-YG-52 - Gioielleria Grande","og_description":"Questo anello da donna in oro giallo 18 carati con pav\u00e9 di diamanti, completamente realizzato a mano, presenta una preziosa gabbia in pav\u00e9 che contiene in movimento un diamante a taglio brillante e una sottile fascia in pav\u00e9 di diamanti. Questo anello Move Uno in oro giallo con pav\u00e9 di diamanti, icona della Casa Messika, \u00e8 l'ideale per un regalo a una persona cara o tutti i giorni. Pu\u00f2 essere indossato da solo o impilato con un altro anello di lusso Move Uno in oro giallo. La raffinata lavorazione artigianale del pav\u00e9 trascende ogni diamante. In questa versione in oro giallo, l'anello con pav\u00e9 di diamanti Move Uno esalta lo splendore solare del metallo prezioso.","og_url":"https:\/\/www.gioielleriagrande.it\/prodotto\/115815\/","og_site_name":"Gioielleria Grande","article_modified_time":"2025-11-22T14:08:48+00:00","og_image":[{"width":2560,"height":2560,"url":"https:\/\/www.gioielleriagrande.it\/wp-content\/uploads\/2022\/11\/05630-YG-52.jpg","type":"image\/jpeg"}],"twitter_card":"summary_large_image","twitter_misc":{"Est. reading time":"1 minute"},"schema":{"@context":"https:\/\/schema.org","@graph":[{"@type":"WebPage","@id":"https:\/\/www.gioielleriagrande.it\/prodotto\/115815\/","url":"https:\/\/www.gioielleriagrande.it\/prodotto\/115815\/","name":"MOVE UNO PAV\u00c9 ORO GIALLO REF:05630-YG-52 - Gioielleria Grande","isPartOf":{"@id":"https:\/\/www.gioielleriagrande.it\/#website"},"primaryImageOfPage":{"@id":"https:\/\/www.gioielleriagrande.it\/prodotto\/115815\/#primaryimage"},"image":{"@id":"https:\/\/www.gioielleriagrande.it\/prodotto\/115815\/#primaryimage"},"thumbnailUrl":"https:\/\/www.gioielleriagrande.it\/wp-content\/uploads\/2022\/11\/05630-YG-52.jpg","datePublished":"2024-01-09T10:03:49+00:00","dateModified":"2025-11-22T14:08:48+00:00","breadcrumb":{"@id":"https:\/\/www.gioielleriagrande.it\/prodotto\/115815\/#breadcrumb"},"inLanguage":"en-US","potentialAction":[{"@type":"ReadAction","target":["https:\/\/www.gioielleriagrande.it\/prodotto\/115815\/"]}]},{"@type":"ImageObject","inLanguage":"en-US","@id":"https:\/\/www.gioielleriagrande.it\/prodotto\/115815\/#primaryimage","url":"https:\/\/www.gioielleriagrande.it\/wp-content\/uploads\/2022\/11\/05630-YG-52.jpg","contentUrl":"https:\/\/www.gioielleriagrande.it\/wp-content\/uploads\/2022\/11\/05630-YG-52.jpg","width":2560,"height":2560,"caption":"05630-YG-52.jpg"},{"@type":"BreadcrumbList","@id":"https:\/\/www.gioielleriagrande.it\/prodotto\/115815\/#breadcrumb","itemListElement":[{"@type":"ListItem","position":1,"name":"Home","item":"https:\/\/www.gioielleriagrande.it\/"},{"@type":"ListItem","position":2,"name":"Shop","item":"https:\/\/www.gioielleriagrande.it\/negozio\/"},{"@type":"ListItem","position":3,"name":"MOVE UNO PAV\u00c9 ORO GIALLO REF:05630-YG-52"}]},{"@type":"WebSite","@id":"https:\/\/www.gioielleriagrande.it\/#website","url":"https:\/\/www.gioielleriagrande.it\/","name":"Gioielleria Grande","description":"","potentialAction":[{"@type":"SearchAction","target":{"@type":"EntryPoint","urlTemplate":"https:\/\/www.gioielleriagrande.it\/?s={search_term_string}"},"query-input":{"@type":"PropertyValueSpecification","valueRequired":true,"valueName":"search_term_string"}}],"inLanguage":"en-US"}]}},"_links":{"self":[{"href":"https:\/\/www.gioielleriagrande.it\/en\/wp-json\/wp\/v2\/product\/144683","targetHints":{"allow":["GET"]}}],"collection":[{"href":"https:\/\/www.gioielleriagrande.it\/en\/wp-json\/wp\/v2\/product"}],"about":[{"href":"https:\/\/www.gioielleriagrande.it\/en\/wp-json\/wp\/v2\/types\/product"}],"replies":[{"embeddable":true,"href":"https:\/\/www.gioielleriagrande.it\/en\/wp-json\/wp\/v2\/comments?post=144683"}],"wp:featuredmedia":[{"embeddable":true,"href":"https:\/\/www.gioielleriagrande.it\/en\/wp-json\/wp\/v2\/media\/85409"}],"wp:attachment":[{"href":"https:\/\/www.gioielleriagrande.it\/en\/wp-json\/wp\/v2\/media?parent=144683"}],"wp:term":[{"taxonomy":"product_brand","embeddable":true,"href":"https:\/\/www.gioielleriagrande.it\/en\/wp-json\/wp\/v2\/product_brand?post=144683"},{"taxonomy":"product_cat","embeddable":true,"href":"https:\/\/www.gioielleriagrande.it\/en\/wp-json\/wp\/v2\/product_cat?post=144683"},{"taxonomy":"product_tag","embeddable":true,"href":"https:\/\/www.gioielleriagrande.it\/en\/wp-json\/wp\/v2\/product_tag?post=144683"}],"curies":[{"name":"wp","href":"https:\/\/api.w.org\/{rel}","templated":true}]}}