{"id":155031,"date":"2024-01-22T17:27:28","date_gmt":"2024-01-22T16:27:28","guid":{"rendered":"https:\/\/www.gioielleriagrande.it\/prodotto\/115867\/"},"modified":"2025-11-22T15:10:45","modified_gmt":"2025-11-22T14:10:45","slug":"115867","status":"publish","type":"product","link":"https:\/\/www.gioielleriagrande.it\/en\/prodotto\/115867\/","title":{"rendered":"ORECCHINI MOVE UNO ORO ROSA\nREF:05634-PG"},"content":{"rendered":"<p>Dallo stile elegante e sobrio, questi orecchini con pav\u00e9 di diamanti in oro rosa 18 carati con un diamante in movimento taglio brillante fanno parte della collezione di gioielli di lusso Move. Facili da indossare tutti i giorni, questi orecchini in oro rosa con diamanti si adattano a qualsiasi stile, da quello pi\u00f9 casual a quello sofisticato. Questo paio di borchie di diamanti Move Uno diventeranno il tuo gioiello fetish quotidiano. L&#8217;oro rosa \u00e8 molto trendy in questi ultimi anni poich\u00e9 ha prevalso in gioielleria. Il suo colore luminoso e originale sar\u00e0 favorito dalle donne che cercano un gioiello di diamanti unico per le donne. Oltre al suo colore luminoso si abbina a tutte le carnagioni.<\/p>\n","protected":false},"excerpt":{"rendered":"<p>Dallo stile elegante e sobrio, questi orecchini con pav\u00e9 di diamanti in oro rosa 18 carati con un diamante in movimento taglio brillante fanno parte della collezione di gioielli di lusso Move. Facili da indossare tutti i giorni, questi orecchini in oro rosa con diamanti si adattano a qualsiasi stile, da quello pi\u00f9 casual a quello sofisticato. Questo paio di borchie di diamanti Move Uno diventeranno il tuo gioiello fetish quotidiano. L&#8217;oro rosa \u00e8 molto trendy in questi ultimi anni poich\u00e9 ha prevalso in gioielleria. Il suo colore luminoso e originale sar\u00e0 favorito dalle donne che cercano un gioiello di diamanti unico per le donne. Oltre al suo colore luminoso si abbina a tutte le carnagioni.<\/p>\n","protected":false},"featured_media":85457,"comment_status":"open","ping_status":"closed","template":"","meta":[],"product_brand":[],"product_cat":[3380],"product_tag":[],"class_list":{"0":"post-155031","1":"product","2":"type-product","3":"status-publish","4":"has-post-thumbnail","6":"brand-7106","7":"shops-3355","8":"shop_area-3356","10":"first","11":"instock","12":"taxable","13":"shipping-taxable","14":"purchasable","15":"product-type-simple"},"yoast_head":"<!-- This site is optimized with the Yoast SEO plugin v25.3 - https:\/\/yoast.com\/wordpress\/plugins\/seo\/ -->\n<title>ORECCHINI MOVE UNO ORO ROSA REF:05634-PG - Gioielleria Grande<\/title>\n<meta name=\"robots\" content=\"index, follow, max-snippet:-1, max-image-preview:large, max-video-preview:-1\" \/>\n<link rel=\"canonical\" href=\"https:\/\/www.gioielleriagrande.it\/prodotto\/115867\/\" \/>\n<meta property=\"og:locale\" content=\"en_US\" \/>\n<meta property=\"og:type\" content=\"article\" \/>\n<meta property=\"og:title\" content=\"ORECCHINI MOVE UNO ORO ROSA REF:05634-PG - Gioielleria Grande\" \/>\n<meta property=\"og:description\" content=\"Dallo stile elegante e sobrio, questi orecchini con pav\u00e9 di diamanti in oro rosa 18 carati con un diamante in movimento taglio brillante fanno parte della collezione di gioielli di lusso Move. Facili da indossare tutti i giorni, questi orecchini in oro rosa con diamanti si adattano a qualsiasi stile, da quello pi\u00f9 casual a quello sofisticato. Questo paio di borchie di diamanti Move Uno diventeranno il tuo gioiello fetish quotidiano. L&#039;oro rosa \u00e8 molto trendy in questi ultimi anni poich\u00e9 ha prevalso in gioielleria. Il suo colore luminoso e originale sar\u00e0 favorito dalle donne che cercano un gioiello di diamanti unico per le donne. Oltre al suo colore luminoso si abbina a tutte le carnagioni.\" \/>\n<meta property=\"og:url\" content=\"https:\/\/www.gioielleriagrande.it\/prodotto\/115867\/\" \/>\n<meta property=\"og:site_name\" content=\"Gioielleria Grande\" \/>\n<meta property=\"article:modified_time\" content=\"2025-11-22T14:10:45+00:00\" \/>\n<meta property=\"og:image\" content=\"https:\/\/www.gioielleriagrande.it\/wp-content\/uploads\/2022\/11\/05634-PG.jpg\" \/>\n\t<meta property=\"og:image:width\" content=\"1900\" \/>\n\t<meta property=\"og:image:height\" content=\"1900\" \/>\n\t<meta property=\"og:image:type\" content=\"image\/jpeg\" \/>\n<meta name=\"twitter:card\" content=\"summary_large_image\" \/>\n<meta name=\"twitter:label1\" content=\"Est. reading time\" \/>\n\t<meta name=\"twitter:data1\" content=\"1 minute\" \/>\n<script type=\"application\/ld+json\" class=\"yoast-schema-graph\">{\"@context\":\"https:\/\/schema.org\",\"@graph\":[{\"@type\":\"WebPage\",\"@id\":\"https:\/\/www.gioielleriagrande.it\/prodotto\/115867\/\",\"url\":\"https:\/\/www.gioielleriagrande.it\/prodotto\/115867\/\",\"name\":\"ORECCHINI MOVE UNO ORO ROSA REF:05634-PG - Gioielleria Grande\",\"isPartOf\":{\"@id\":\"https:\/\/www.gioielleriagrande.it\/#website\"},\"primaryImageOfPage\":{\"@id\":\"https:\/\/www.gioielleriagrande.it\/prodotto\/115867\/#primaryimage\"},\"image\":{\"@id\":\"https:\/\/www.gioielleriagrande.it\/prodotto\/115867\/#primaryimage\"},\"thumbnailUrl\":\"https:\/\/www.gioielleriagrande.it\/wp-content\/uploads\/2022\/11\/05634-PG.jpg\",\"datePublished\":\"2024-01-22T16:27:28+00:00\",\"dateModified\":\"2025-11-22T14:10:45+00:00\",\"breadcrumb\":{\"@id\":\"https:\/\/www.gioielleriagrande.it\/prodotto\/115867\/#breadcrumb\"},\"inLanguage\":\"en-US\",\"potentialAction\":[{\"@type\":\"ReadAction\",\"target\":[\"https:\/\/www.gioielleriagrande.it\/prodotto\/115867\/\"]}]},{\"@type\":\"ImageObject\",\"inLanguage\":\"en-US\",\"@id\":\"https:\/\/www.gioielleriagrande.it\/prodotto\/115867\/#primaryimage\",\"url\":\"https:\/\/www.gioielleriagrande.it\/wp-content\/uploads\/2022\/11\/05634-PG.jpg\",\"contentUrl\":\"https:\/\/www.gioielleriagrande.it\/wp-content\/uploads\/2022\/11\/05634-PG.jpg\",\"width\":1900,\"height\":1900,\"caption\":\"05634-PG.jpg\"},{\"@type\":\"BreadcrumbList\",\"@id\":\"https:\/\/www.gioielleriagrande.it\/prodotto\/115867\/#breadcrumb\",\"itemListElement\":[{\"@type\":\"ListItem\",\"position\":1,\"name\":\"Home\",\"item\":\"https:\/\/www.gioielleriagrande.it\/\"},{\"@type\":\"ListItem\",\"position\":2,\"name\":\"Shop\",\"item\":\"https:\/\/www.gioielleriagrande.it\/negozio\/\"},{\"@type\":\"ListItem\",\"position\":3,\"name\":\"ORECCHINI MOVE UNO ORO ROSA REF:05634-PG\"}]},{\"@type\":\"WebSite\",\"@id\":\"https:\/\/www.gioielleriagrande.it\/#website\",\"url\":\"https:\/\/www.gioielleriagrande.it\/\",\"name\":\"Gioielleria Grande\",\"description\":\"\",\"potentialAction\":[{\"@type\":\"SearchAction\",\"target\":{\"@type\":\"EntryPoint\",\"urlTemplate\":\"https:\/\/www.gioielleriagrande.it\/?s={search_term_string}\"},\"query-input\":{\"@type\":\"PropertyValueSpecification\",\"valueRequired\":true,\"valueName\":\"search_term_string\"}}],\"inLanguage\":\"en-US\"}]}<\/script>\n<!-- \/ Yoast SEO plugin. -->","yoast_head_json":{"title":"ORECCHINI MOVE UNO ORO ROSA REF:05634-PG - Gioielleria Grande","robots":{"index":"index","follow":"follow","max-snippet":"max-snippet:-1","max-image-preview":"max-image-preview:large","max-video-preview":"max-video-preview:-1"},"canonical":"https:\/\/www.gioielleriagrande.it\/prodotto\/115867\/","og_locale":"en_US","og_type":"article","og_title":"ORECCHINI MOVE UNO ORO ROSA REF:05634-PG - Gioielleria Grande","og_description":"Dallo stile elegante e sobrio, questi orecchini con pav\u00e9 di diamanti in oro rosa 18 carati con un diamante in movimento taglio brillante fanno parte della collezione di gioielli di lusso Move. Facili da indossare tutti i giorni, questi orecchini in oro rosa con diamanti si adattano a qualsiasi stile, da quello pi\u00f9 casual a quello sofisticato. Questo paio di borchie di diamanti Move Uno diventeranno il tuo gioiello fetish quotidiano. L'oro rosa \u00e8 molto trendy in questi ultimi anni poich\u00e9 ha prevalso in gioielleria. Il suo colore luminoso e originale sar\u00e0 favorito dalle donne che cercano un gioiello di diamanti unico per le donne. Oltre al suo colore luminoso si abbina a tutte le carnagioni.","og_url":"https:\/\/www.gioielleriagrande.it\/prodotto\/115867\/","og_site_name":"Gioielleria Grande","article_modified_time":"2025-11-22T14:10:45+00:00","og_image":[{"width":1900,"height":1900,"url":"https:\/\/www.gioielleriagrande.it\/wp-content\/uploads\/2022\/11\/05634-PG.jpg","type":"image\/jpeg"}],"twitter_card":"summary_large_image","twitter_misc":{"Est. reading time":"1 minute"},"schema":{"@context":"https:\/\/schema.org","@graph":[{"@type":"WebPage","@id":"https:\/\/www.gioielleriagrande.it\/prodotto\/115867\/","url":"https:\/\/www.gioielleriagrande.it\/prodotto\/115867\/","name":"ORECCHINI MOVE UNO ORO ROSA REF:05634-PG - Gioielleria Grande","isPartOf":{"@id":"https:\/\/www.gioielleriagrande.it\/#website"},"primaryImageOfPage":{"@id":"https:\/\/www.gioielleriagrande.it\/prodotto\/115867\/#primaryimage"},"image":{"@id":"https:\/\/www.gioielleriagrande.it\/prodotto\/115867\/#primaryimage"},"thumbnailUrl":"https:\/\/www.gioielleriagrande.it\/wp-content\/uploads\/2022\/11\/05634-PG.jpg","datePublished":"2024-01-22T16:27:28+00:00","dateModified":"2025-11-22T14:10:45+00:00","breadcrumb":{"@id":"https:\/\/www.gioielleriagrande.it\/prodotto\/115867\/#breadcrumb"},"inLanguage":"en-US","potentialAction":[{"@type":"ReadAction","target":["https:\/\/www.gioielleriagrande.it\/prodotto\/115867\/"]}]},{"@type":"ImageObject","inLanguage":"en-US","@id":"https:\/\/www.gioielleriagrande.it\/prodotto\/115867\/#primaryimage","url":"https:\/\/www.gioielleriagrande.it\/wp-content\/uploads\/2022\/11\/05634-PG.jpg","contentUrl":"https:\/\/www.gioielleriagrande.it\/wp-content\/uploads\/2022\/11\/05634-PG.jpg","width":1900,"height":1900,"caption":"05634-PG.jpg"},{"@type":"BreadcrumbList","@id":"https:\/\/www.gioielleriagrande.it\/prodotto\/115867\/#breadcrumb","itemListElement":[{"@type":"ListItem","position":1,"name":"Home","item":"https:\/\/www.gioielleriagrande.it\/"},{"@type":"ListItem","position":2,"name":"Shop","item":"https:\/\/www.gioielleriagrande.it\/negozio\/"},{"@type":"ListItem","position":3,"name":"ORECCHINI MOVE UNO ORO ROSA REF:05634-PG"}]},{"@type":"WebSite","@id":"https:\/\/www.gioielleriagrande.it\/#website","url":"https:\/\/www.gioielleriagrande.it\/","name":"Gioielleria Grande","description":"","potentialAction":[{"@type":"SearchAction","target":{"@type":"EntryPoint","urlTemplate":"https:\/\/www.gioielleriagrande.it\/?s={search_term_string}"},"query-input":{"@type":"PropertyValueSpecification","valueRequired":true,"valueName":"search_term_string"}}],"inLanguage":"en-US"}]}},"_links":{"self":[{"href":"https:\/\/www.gioielleriagrande.it\/en\/wp-json\/wp\/v2\/product\/155031","targetHints":{"allow":["GET"]}}],"collection":[{"href":"https:\/\/www.gioielleriagrande.it\/en\/wp-json\/wp\/v2\/product"}],"about":[{"href":"https:\/\/www.gioielleriagrande.it\/en\/wp-json\/wp\/v2\/types\/product"}],"replies":[{"embeddable":true,"href":"https:\/\/www.gioielleriagrande.it\/en\/wp-json\/wp\/v2\/comments?post=155031"}],"wp:featuredmedia":[{"embeddable":true,"href":"https:\/\/www.gioielleriagrande.it\/en\/wp-json\/wp\/v2\/media\/85457"}],"wp:attachment":[{"href":"https:\/\/www.gioielleriagrande.it\/en\/wp-json\/wp\/v2\/media?parent=155031"}],"wp:term":[{"taxonomy":"product_brand","embeddable":true,"href":"https:\/\/www.gioielleriagrande.it\/en\/wp-json\/wp\/v2\/product_brand?post=155031"},{"taxonomy":"product_cat","embeddable":true,"href":"https:\/\/www.gioielleriagrande.it\/en\/wp-json\/wp\/v2\/product_cat?post=155031"},{"taxonomy":"product_tag","embeddable":true,"href":"https:\/\/www.gioielleriagrande.it\/en\/wp-json\/wp\/v2\/product_tag?post=155031"}],"curies":[{"name":"wp","href":"https:\/\/api.w.org\/{rel}","templated":true}]}}