{"id":174789,"date":"2024-02-22T13:15:59","date_gmt":"2024-02-22T12:15:59","guid":{"rendered":"https:\/\/www.gioielleriagrande.it\/prodotto\/137817\/"},"modified":"2025-11-22T15:28:08","modified_gmt":"2025-11-22T14:28:08","slug":"137817","status":"publish","type":"product","link":"https:\/\/www.gioielleriagrande.it\/en\/prodotto\/137817\/","title":{"rendered":"SUPEROCEAN AUTOMATIC 44\nREF:  A17376211B1A1"},"content":{"rendered":"<p>Prestazioni e stile per tutte le attivit\u00e0 acquatiche. Negli anni \u02bd60, il nuovo sport dell\u2019immersione subacquea faceva furore. Per i sub, il cronometraggio era essenziale e Breitling si impegn\u00f2 a fornire loro l\u2019orologio subacqueo pi\u00f9 preciso possibile, eliminando qualsiasi caratteristica che non supportasse le necessit\u00e0 sottomarine salvavita. Questo orologio semplificato venne chiamato Slow Motion. Rimasero le linee pulite, i solidi indici luminescenti, le lancette squadrate e un anello del quadrante fortemente in contrasto \u2013 il tutto al servizio della massima leggibilit\u00e0. Pratico? S\u00ec. Ma ci\u00f2 di cui la gente si innamor\u00f2 era l\u2019aspetto. Il nuovo Superocean ripercorre i codici di design celebrati dallo Slow Motion, aggiungendo caratteristiche moderne come la lunetta intarsiata in ceramica e i quadranti dai colori accesi. Le ampie lancette e gli indici Super-LumiNova\u00ae luminescenti consentono una facile leggibilit\u00e0 sott\u2019acqua. L\u2019orologio \u00e8 impermeabile fino a 300 m (1000 ft) nonch\u00e9 resistente agli urti, alla sabbia e all\u2019acqua salata. La versione in bronzo si avvale di una lega speciale altamente resistente alla corrosione, ma nel corso del tempo continua a sviluppare una sottile patina che rende l\u2019orologio ancora pi\u00f9 unico. Le due opzioni per il cinturino (in caucci\u00f9 e con bracciale metallico) presentano una fibbia deployante per regolazioni minime fino a 15 mm, per una semplice vestibilit\u00e0 sopra giubbottini aderenti o mute. La lunetta intarsiata in ceramica, antigraffio, non si usurer\u00e0 mai n\u00e9 sbiadir\u00e0. Per sicurezza, la lunetta \u00e8 unidirezionale nella maggior parte delle taglie e bidirezionale con una chiusura brevettata nel modello da 46 mm. Ma il meglio \u00e8 che non \u00e8 pi\u00f9 in senso stretto soltanto un orologio subacqueo \u2013 \u00e8 adatto per il surf, il nuoto, per far colpo al bar della spiaggia o da sfoggiare a cena. Il Superocean bilancia alla perfezione la nostalgia della sua eredit\u00e0 e un look nuovo e fresco.<\/p>\n","protected":false},"excerpt":{"rendered":"<p>Prestazioni e stile per tutte le attivit\u00e0 acquatiche. Negli anni \u02bd60, il nuovo sport dell\u2019immersione subacquea faceva furore. Per i sub, il cronometraggio era essenziale e Breitling si impegn\u00f2 a fornire loro l\u2019orologio subacqueo pi\u00f9 preciso possibile, eliminando qualsiasi caratteristica che non supportasse le necessit\u00e0 sottomarine salvavita. Questo orologio semplificato venne chiamato Slow Motion. Rimasero le linee pulite, i solidi indici luminescenti, le lancette squadrate e un anello del quadrante fortemente in contrasto \u2013 il tutto al servizio della massima leggibilit\u00e0. Pratico? S\u00ec. Ma ci\u00f2 di cui la gente si innamor\u00f2 era l\u2019aspetto. Il nuovo Superocean ripercorre i codici di design celebrati dallo Slow Motion, aggiungendo caratteristiche moderne come la lunetta intarsiata in ceramica e i quadranti dai colori accesi. Le ampie lancette e gli indici Super-LumiNova\u00ae luminescenti consentono una facile leggibilit\u00e0 sott\u2019acqua. L\u2019orologio \u00e8 impermeabile fino a 300 m (1000 ft) nonch\u00e9 resistente agli urti, alla sabbia e all\u2019acqua salata. La versione in bronzo si avvale di una lega speciale altamente resistente alla corrosione, ma nel corso del tempo continua a sviluppare una sottile patina che rende l\u2019orologio ancora pi\u00f9 unico. Le due opzioni per il cinturino (in caucci\u00f9 e con bracciale metallico) presentano una fibbia deployante per regolazioni minime fino a 15 mm, per una semplice vestibilit\u00e0 sopra giubbottini aderenti o mute. La lunetta intarsiata in ceramica, antigraffio, non si usurer\u00e0 mai n\u00e9 sbiadir\u00e0. Per sicurezza, la lunetta \u00e8 unidirezionale nella maggior parte delle taglie e bidirezionale con una chiusura brevettata nel modello da 46 mm. Ma il meglio \u00e8 che non \u00e8 pi\u00f9 in senso stretto soltanto un orologio subacqueo \u2013 \u00e8 adatto per il surf, il nuoto, per far colpo al bar della spiaggia o da sfoggiare a cena. Il Superocean bilancia alla perfezione la nostalgia della sua eredit\u00e0 e un look nuovo e fresco.<\/p>\n","protected":false},"featured_media":173120,"comment_status":"open","ping_status":"closed","template":"","meta":[],"product_brand":[],"product_cat":[3309],"product_tag":[],"class_list":{"0":"post-174789","1":"product","2":"type-product","3":"status-publish","4":"has-post-thumbnail","6":"brand-3339","7":"shops-3355","8":"shop_area-3357","10":"first","11":"instock","12":"taxable","13":"shipping-taxable","14":"purchasable","15":"product-type-simple"},"yoast_head":"<!-- This site is optimized with the Yoast SEO plugin v25.3 - https:\/\/yoast.com\/wordpress\/plugins\/seo\/ -->\n<title>SUPEROCEAN AUTOMATIC 44 REF: A17376211B1A1 - Gioielleria Grande<\/title>\n<meta name=\"robots\" content=\"index, follow, max-snippet:-1, max-image-preview:large, max-video-preview:-1\" \/>\n<link rel=\"canonical\" href=\"https:\/\/www.gioielleriagrande.it\/prodotto\/137817\/\" \/>\n<meta property=\"og:locale\" content=\"en_US\" \/>\n<meta property=\"og:type\" content=\"article\" \/>\n<meta property=\"og:title\" content=\"SUPEROCEAN AUTOMATIC 44 REF: A17376211B1A1 - Gioielleria Grande\" \/>\n<meta property=\"og:description\" content=\"Prestazioni e stile per tutte le attivit\u00e0 acquatiche. Negli anni \u02bd60, il nuovo sport dell\u2019immersione subacquea faceva furore. Per i sub, il cronometraggio era essenziale e Breitling si impegn\u00f2 a fornire loro l\u2019orologio subacqueo pi\u00f9 preciso possibile, eliminando qualsiasi caratteristica che non supportasse le necessit\u00e0 sottomarine salvavita. Questo orologio semplificato venne chiamato Slow Motion. Rimasero le linee pulite, i solidi indici luminescenti, le lancette squadrate e un anello del quadrante fortemente in contrasto \u2013 il tutto al servizio della massima leggibilit\u00e0. Pratico? S\u00ec. Ma ci\u00f2 di cui la gente si innamor\u00f2 era l\u2019aspetto. Il nuovo Superocean ripercorre i codici di design celebrati dallo Slow Motion, aggiungendo caratteristiche moderne come la lunetta intarsiata in ceramica e i quadranti dai colori accesi. Le ampie lancette e gli indici Super-LumiNova\u00ae luminescenti consentono una facile leggibilit\u00e0 sott\u2019acqua. L\u2019orologio \u00e8 impermeabile fino a 300 m (1000 ft) nonch\u00e9 resistente agli urti, alla sabbia e all\u2019acqua salata. La versione in bronzo si avvale di una lega speciale altamente resistente alla corrosione, ma nel corso del tempo continua a sviluppare una sottile patina che rende l\u2019orologio ancora pi\u00f9 unico. Le due opzioni per il cinturino (in caucci\u00f9 e con bracciale metallico) presentano una fibbia deployante per regolazioni minime fino a 15 mm, per una semplice vestibilit\u00e0 sopra giubbottini aderenti o mute. La lunetta intarsiata in ceramica, antigraffio, non si usurer\u00e0 mai n\u00e9 sbiadir\u00e0. Per sicurezza, la lunetta \u00e8 unidirezionale nella maggior parte delle taglie e bidirezionale con una chiusura brevettata nel modello da 46 mm. Ma il meglio \u00e8 che non \u00e8 pi\u00f9 in senso stretto soltanto un orologio subacqueo \u2013 \u00e8 adatto per il surf, il nuoto, per far colpo al bar della spiaggia o da sfoggiare a cena. Il Superocean bilancia alla perfezione la nostalgia della sua eredit\u00e0 e un look nuovo e fresco.\" \/>\n<meta property=\"og:url\" content=\"https:\/\/www.gioielleriagrande.it\/prodotto\/137817\/\" \/>\n<meta property=\"og:site_name\" content=\"Gioielleria Grande\" \/>\n<meta property=\"article:modified_time\" content=\"2025-11-22T14:28:08+00:00\" \/>\n<meta property=\"og:image\" content=\"https:\/\/www.gioielleriagrande.it\/wp-content\/uploads\/2024\/02\/a17376211b1a1-superocean-automatic-44-soldier-3.jpg\" \/>\n\t<meta property=\"og:image:width\" content=\"1080\" \/>\n\t<meta property=\"og:image:height\" content=\"1080\" \/>\n\t<meta property=\"og:image:type\" content=\"image\/jpeg\" \/>\n<meta name=\"twitter:card\" content=\"summary_large_image\" \/>\n<meta name=\"twitter:label1\" content=\"Est. reading time\" \/>\n\t<meta name=\"twitter:data1\" content=\"1 minute\" \/>\n<script type=\"application\/ld+json\" class=\"yoast-schema-graph\">{\"@context\":\"https:\/\/schema.org\",\"@graph\":[{\"@type\":\"WebPage\",\"@id\":\"https:\/\/www.gioielleriagrande.it\/prodotto\/137817\/\",\"url\":\"https:\/\/www.gioielleriagrande.it\/prodotto\/137817\/\",\"name\":\"SUPEROCEAN AUTOMATIC 44 REF: A17376211B1A1 - Gioielleria Grande\",\"isPartOf\":{\"@id\":\"https:\/\/www.gioielleriagrande.it\/#website\"},\"primaryImageOfPage\":{\"@id\":\"https:\/\/www.gioielleriagrande.it\/prodotto\/137817\/#primaryimage\"},\"image\":{\"@id\":\"https:\/\/www.gioielleriagrande.it\/prodotto\/137817\/#primaryimage\"},\"thumbnailUrl\":\"https:\/\/www.gioielleriagrande.it\/wp-content\/uploads\/2024\/02\/a17376211b1a1-superocean-automatic-44-soldier-3.jpg\",\"datePublished\":\"2024-02-22T12:15:59+00:00\",\"dateModified\":\"2025-11-22T14:28:08+00:00\",\"breadcrumb\":{\"@id\":\"https:\/\/www.gioielleriagrande.it\/prodotto\/137817\/#breadcrumb\"},\"inLanguage\":\"en-US\",\"potentialAction\":[{\"@type\":\"ReadAction\",\"target\":[\"https:\/\/www.gioielleriagrande.it\/prodotto\/137817\/\"]}]},{\"@type\":\"ImageObject\",\"inLanguage\":\"en-US\",\"@id\":\"https:\/\/www.gioielleriagrande.it\/prodotto\/137817\/#primaryimage\",\"url\":\"https:\/\/www.gioielleriagrande.it\/wp-content\/uploads\/2024\/02\/a17376211b1a1-superocean-automatic-44-soldier-3.jpg\",\"contentUrl\":\"https:\/\/www.gioielleriagrande.it\/wp-content\/uploads\/2024\/02\/a17376211b1a1-superocean-automatic-44-soldier-3.jpg\",\"width\":1080,\"height\":1080,\"caption\":\"a17376211b1a1-superocean-automatic-44-soldier-3.jpg\"},{\"@type\":\"BreadcrumbList\",\"@id\":\"https:\/\/www.gioielleriagrande.it\/prodotto\/137817\/#breadcrumb\",\"itemListElement\":[{\"@type\":\"ListItem\",\"position\":1,\"name\":\"Home\",\"item\":\"https:\/\/www.gioielleriagrande.it\/\"},{\"@type\":\"ListItem\",\"position\":2,\"name\":\"Shop\",\"item\":\"https:\/\/www.gioielleriagrande.it\/negozio\/\"},{\"@type\":\"ListItem\",\"position\":3,\"name\":\"SUPEROCEAN AUTOMATIC 44 REF: A17376211B1A1\"}]},{\"@type\":\"WebSite\",\"@id\":\"https:\/\/www.gioielleriagrande.it\/#website\",\"url\":\"https:\/\/www.gioielleriagrande.it\/\",\"name\":\"Gioielleria Grande\",\"description\":\"\",\"potentialAction\":[{\"@type\":\"SearchAction\",\"target\":{\"@type\":\"EntryPoint\",\"urlTemplate\":\"https:\/\/www.gioielleriagrande.it\/?s={search_term_string}\"},\"query-input\":{\"@type\":\"PropertyValueSpecification\",\"valueRequired\":true,\"valueName\":\"search_term_string\"}}],\"inLanguage\":\"en-US\"}]}<\/script>\n<!-- \/ Yoast SEO plugin. -->","yoast_head_json":{"title":"SUPEROCEAN AUTOMATIC 44 REF: A17376211B1A1 - Gioielleria Grande","robots":{"index":"index","follow":"follow","max-snippet":"max-snippet:-1","max-image-preview":"max-image-preview:large","max-video-preview":"max-video-preview:-1"},"canonical":"https:\/\/www.gioielleriagrande.it\/prodotto\/137817\/","og_locale":"en_US","og_type":"article","og_title":"SUPEROCEAN AUTOMATIC 44 REF: A17376211B1A1 - Gioielleria Grande","og_description":"Prestazioni e stile per tutte le attivit\u00e0 acquatiche. Negli anni \u02bd60, il nuovo sport dell\u2019immersione subacquea faceva furore. Per i sub, il cronometraggio era essenziale e Breitling si impegn\u00f2 a fornire loro l\u2019orologio subacqueo pi\u00f9 preciso possibile, eliminando qualsiasi caratteristica che non supportasse le necessit\u00e0 sottomarine salvavita. Questo orologio semplificato venne chiamato Slow Motion. Rimasero le linee pulite, i solidi indici luminescenti, le lancette squadrate e un anello del quadrante fortemente in contrasto \u2013 il tutto al servizio della massima leggibilit\u00e0. Pratico? S\u00ec. Ma ci\u00f2 di cui la gente si innamor\u00f2 era l\u2019aspetto. Il nuovo Superocean ripercorre i codici di design celebrati dallo Slow Motion, aggiungendo caratteristiche moderne come la lunetta intarsiata in ceramica e i quadranti dai colori accesi. Le ampie lancette e gli indici Super-LumiNova\u00ae luminescenti consentono una facile leggibilit\u00e0 sott\u2019acqua. L\u2019orologio \u00e8 impermeabile fino a 300 m (1000 ft) nonch\u00e9 resistente agli urti, alla sabbia e all\u2019acqua salata. La versione in bronzo si avvale di una lega speciale altamente resistente alla corrosione, ma nel corso del tempo continua a sviluppare una sottile patina che rende l\u2019orologio ancora pi\u00f9 unico. Le due opzioni per il cinturino (in caucci\u00f9 e con bracciale metallico) presentano una fibbia deployante per regolazioni minime fino a 15 mm, per una semplice vestibilit\u00e0 sopra giubbottini aderenti o mute. La lunetta intarsiata in ceramica, antigraffio, non si usurer\u00e0 mai n\u00e9 sbiadir\u00e0. Per sicurezza, la lunetta \u00e8 unidirezionale nella maggior parte delle taglie e bidirezionale con una chiusura brevettata nel modello da 46 mm. Ma il meglio \u00e8 che non \u00e8 pi\u00f9 in senso stretto soltanto un orologio subacqueo \u2013 \u00e8 adatto per il surf, il nuoto, per far colpo al bar della spiaggia o da sfoggiare a cena. Il Superocean bilancia alla perfezione la nostalgia della sua eredit\u00e0 e un look nuovo e fresco.","og_url":"https:\/\/www.gioielleriagrande.it\/prodotto\/137817\/","og_site_name":"Gioielleria Grande","article_modified_time":"2025-11-22T14:28:08+00:00","og_image":[{"width":1080,"height":1080,"url":"https:\/\/www.gioielleriagrande.it\/wp-content\/uploads\/2024\/02\/a17376211b1a1-superocean-automatic-44-soldier-3.jpg","type":"image\/jpeg"}],"twitter_card":"summary_large_image","twitter_misc":{"Est. reading time":"1 minute"},"schema":{"@context":"https:\/\/schema.org","@graph":[{"@type":"WebPage","@id":"https:\/\/www.gioielleriagrande.it\/prodotto\/137817\/","url":"https:\/\/www.gioielleriagrande.it\/prodotto\/137817\/","name":"SUPEROCEAN AUTOMATIC 44 REF: A17376211B1A1 - Gioielleria Grande","isPartOf":{"@id":"https:\/\/www.gioielleriagrande.it\/#website"},"primaryImageOfPage":{"@id":"https:\/\/www.gioielleriagrande.it\/prodotto\/137817\/#primaryimage"},"image":{"@id":"https:\/\/www.gioielleriagrande.it\/prodotto\/137817\/#primaryimage"},"thumbnailUrl":"https:\/\/www.gioielleriagrande.it\/wp-content\/uploads\/2024\/02\/a17376211b1a1-superocean-automatic-44-soldier-3.jpg","datePublished":"2024-02-22T12:15:59+00:00","dateModified":"2025-11-22T14:28:08+00:00","breadcrumb":{"@id":"https:\/\/www.gioielleriagrande.it\/prodotto\/137817\/#breadcrumb"},"inLanguage":"en-US","potentialAction":[{"@type":"ReadAction","target":["https:\/\/www.gioielleriagrande.it\/prodotto\/137817\/"]}]},{"@type":"ImageObject","inLanguage":"en-US","@id":"https:\/\/www.gioielleriagrande.it\/prodotto\/137817\/#primaryimage","url":"https:\/\/www.gioielleriagrande.it\/wp-content\/uploads\/2024\/02\/a17376211b1a1-superocean-automatic-44-soldier-3.jpg","contentUrl":"https:\/\/www.gioielleriagrande.it\/wp-content\/uploads\/2024\/02\/a17376211b1a1-superocean-automatic-44-soldier-3.jpg","width":1080,"height":1080,"caption":"a17376211b1a1-superocean-automatic-44-soldier-3.jpg"},{"@type":"BreadcrumbList","@id":"https:\/\/www.gioielleriagrande.it\/prodotto\/137817\/#breadcrumb","itemListElement":[{"@type":"ListItem","position":1,"name":"Home","item":"https:\/\/www.gioielleriagrande.it\/"},{"@type":"ListItem","position":2,"name":"Shop","item":"https:\/\/www.gioielleriagrande.it\/negozio\/"},{"@type":"ListItem","position":3,"name":"SUPEROCEAN AUTOMATIC 44 REF: A17376211B1A1"}]},{"@type":"WebSite","@id":"https:\/\/www.gioielleriagrande.it\/#website","url":"https:\/\/www.gioielleriagrande.it\/","name":"Gioielleria Grande","description":"","potentialAction":[{"@type":"SearchAction","target":{"@type":"EntryPoint","urlTemplate":"https:\/\/www.gioielleriagrande.it\/?s={search_term_string}"},"query-input":{"@type":"PropertyValueSpecification","valueRequired":true,"valueName":"search_term_string"}}],"inLanguage":"en-US"}]}},"_links":{"self":[{"href":"https:\/\/www.gioielleriagrande.it\/en\/wp-json\/wp\/v2\/product\/174789","targetHints":{"allow":["GET"]}}],"collection":[{"href":"https:\/\/www.gioielleriagrande.it\/en\/wp-json\/wp\/v2\/product"}],"about":[{"href":"https:\/\/www.gioielleriagrande.it\/en\/wp-json\/wp\/v2\/types\/product"}],"replies":[{"embeddable":true,"href":"https:\/\/www.gioielleriagrande.it\/en\/wp-json\/wp\/v2\/comments?post=174789"}],"wp:featuredmedia":[{"embeddable":true,"href":"https:\/\/www.gioielleriagrande.it\/en\/wp-json\/wp\/v2\/media\/173120"}],"wp:attachment":[{"href":"https:\/\/www.gioielleriagrande.it\/en\/wp-json\/wp\/v2\/media?parent=174789"}],"wp:term":[{"taxonomy":"product_brand","embeddable":true,"href":"https:\/\/www.gioielleriagrande.it\/en\/wp-json\/wp\/v2\/product_brand?post=174789"},{"taxonomy":"product_cat","embeddable":true,"href":"https:\/\/www.gioielleriagrande.it\/en\/wp-json\/wp\/v2\/product_cat?post=174789"},{"taxonomy":"product_tag","embeddable":true,"href":"https:\/\/www.gioielleriagrande.it\/en\/wp-json\/wp\/v2\/product_tag?post=174789"}],"curies":[{"name":"wp","href":"https:\/\/api.w.org\/{rel}","templated":true}]}}