{"id":182549,"date":"2024-03-07T12:26:52","date_gmt":"2024-03-07T11:26:52","guid":{"rendered":"https:\/\/www.gioielleriagrande.it\/prodotto\/112718\/"},"modified":"2025-11-22T15:34:01","modified_gmt":"2025-11-22T14:34:01","slug":"112718","status":"publish","type":"product","link":"https:\/\/www.gioielleriagrande.it\/en\/prodotto\/112718\/","title":{"rendered":"Elegance Collection\nREF:SBGY013G"},"content":{"rendered":"<p>Durante la maggior parte degli inverni, l&#8217;acqua del lago Suwa si ghiaccia e crea una cresta ghiacciata che lo attraversa da una parte all&#8217;altra.<\/p>\n<p>Nella tradizione, questo particolare effetto viene chiamato &#8220;Omiwatari&#8221;, ovvero il luogo in cui gli dei camminano sul ghiaccio. Vera o no, questa leggenda ha ispirato gli artigiani del vicino Shinshu Watch Studio a creare un quadrante di squisita delicatezza per questo orologio a carica manuale Spring Drive. Il quadrante ha il colore, la sensazione e la consistenza del ghiaccio innevato del lago Suwa ed \u00e8 in tonalit\u00e0 argento. Il bracciale ha una struttura a nove maglie che assicura una vestibilit\u00e0 salda e confortevole al polso. <\/p>\n<p>L&#8217;orologio \u00e8 animato dal calibro Spring Drive 9R31, dotato  di un Dual Spring Barrel che garantisce una riserva di 72 ore a piena carica. La sua raffinata meccanica \u00e8 visibile attraverso il fondello a vista insieme all\u2019indicatore della riserva di carica.<\/p>\n","protected":false},"excerpt":{"rendered":"<p>Durante la maggior parte degli inverni, l&#8217;acqua del lago Suwa si ghiaccia e crea una cresta ghiacciata che lo attraversa da una parte all&#8217;altra.<\/p>\n<p>Nella tradizione, questo particolare effetto viene chiamato &#8220;Omiwatari&#8221;, ovvero il luogo in cui gli dei camminano sul ghiaccio. Vera o no, questa leggenda ha ispirato gli artigiani del vicino Shinshu Watch Studio a creare un quadrante di squisita delicatezza per questo orologio a carica manuale Spring Drive. Il quadrante ha il colore, la sensazione e la consistenza del ghiaccio innevato del lago Suwa ed \u00e8 in tonalit\u00e0 argento. Il bracciale ha una struttura a nove maglie che assicura una vestibilit\u00e0 salda e confortevole al polso. <\/p>\n<p>L&#8217;orologio \u00e8 animato dal calibro Spring Drive 9R31, dotato  di un Dual Spring Barrel che garantisce una riserva di 72 ore a piena carica. La sua raffinata meccanica \u00e8 visibile attraverso il fondello a vista insieme all\u2019indicatore della riserva di carica.<\/p>\n","protected":false},"featured_media":91219,"comment_status":"open","ping_status":"closed","template":"","meta":[],"product_brand":[],"product_cat":[3309],"product_tag":[],"class_list":{"0":"post-182549","1":"product","2":"type-product","3":"status-publish","4":"has-post-thumbnail","6":"brand-6680","7":"shops-3355","8":"shop_area-3357","10":"first","11":"instock","12":"taxable","13":"shipping-taxable","14":"purchasable","15":"product-type-simple"},"yoast_head":"<!-- This site is optimized with the Yoast SEO plugin v25.3 - https:\/\/yoast.com\/wordpress\/plugins\/seo\/ -->\n<title>Elegance Collection REF:SBGY013G - Gioielleria Grande<\/title>\n<meta name=\"robots\" content=\"index, follow, max-snippet:-1, max-image-preview:large, max-video-preview:-1\" \/>\n<link rel=\"canonical\" href=\"https:\/\/www.gioielleriagrande.it\/prodotto\/112718\/\" \/>\n<meta property=\"og:locale\" content=\"en_US\" \/>\n<meta property=\"og:type\" content=\"article\" \/>\n<meta property=\"og:title\" content=\"Elegance Collection REF:SBGY013G - Gioielleria Grande\" \/>\n<meta property=\"og:description\" content=\"Durante la maggior parte degli inverni, l&#039;acqua del lago Suwa si ghiaccia e crea una cresta ghiacciata che lo attraversa da una parte all&#039;altra. Nella tradizione, questo particolare effetto viene chiamato &quot;Omiwatari&quot;, ovvero il luogo in cui gli dei camminano sul ghiaccio. Vera o no, questa leggenda ha ispirato gli artigiani del vicino Shinshu Watch Studio a creare un quadrante di squisita delicatezza per questo orologio a carica manuale Spring Drive. Il quadrante ha il colore, la sensazione e la consistenza del ghiaccio innevato del lago Suwa ed \u00e8 in tonalit\u00e0 argento. Il bracciale ha una struttura a nove maglie che assicura una vestibilit\u00e0 salda e confortevole al polso.  L&#039;orologio \u00e8 animato dal calibro Spring Drive 9R31, dotato di un Dual Spring Barrel che garantisce una riserva di 72 ore a piena carica. La sua raffinata meccanica \u00e8 visibile attraverso il fondello a vista insieme all\u2019indicatore della riserva di carica.\" \/>\n<meta property=\"og:url\" content=\"https:\/\/www.gioielleriagrande.it\/prodotto\/112718\/\" \/>\n<meta property=\"og:site_name\" content=\"Gioielleria Grande\" \/>\n<meta property=\"article:modified_time\" content=\"2025-11-22T14:34:01+00:00\" \/>\n<meta property=\"og:image\" content=\"https:\/\/www.gioielleriagrande.it\/wp-content\/uploads\/2022\/12\/SBGY013G.png\" \/>\n\t<meta property=\"og:image:width\" content=\"1102\" \/>\n\t<meta property=\"og:image:height\" content=\"1102\" \/>\n\t<meta property=\"og:image:type\" content=\"image\/png\" \/>\n<meta name=\"twitter:card\" content=\"summary_large_image\" \/>\n<meta name=\"twitter:label1\" content=\"Est. reading time\" \/>\n\t<meta name=\"twitter:data1\" content=\"1 minute\" \/>\n<script type=\"application\/ld+json\" class=\"yoast-schema-graph\">{\"@context\":\"https:\/\/schema.org\",\"@graph\":[{\"@type\":\"WebPage\",\"@id\":\"https:\/\/www.gioielleriagrande.it\/prodotto\/112718\/\",\"url\":\"https:\/\/www.gioielleriagrande.it\/prodotto\/112718\/\",\"name\":\"Elegance Collection REF:SBGY013G - Gioielleria Grande\",\"isPartOf\":{\"@id\":\"https:\/\/www.gioielleriagrande.it\/#website\"},\"primaryImageOfPage\":{\"@id\":\"https:\/\/www.gioielleriagrande.it\/prodotto\/112718\/#primaryimage\"},\"image\":{\"@id\":\"https:\/\/www.gioielleriagrande.it\/prodotto\/112718\/#primaryimage\"},\"thumbnailUrl\":\"https:\/\/www.gioielleriagrande.it\/wp-content\/uploads\/2022\/12\/SBGY013G.png\",\"datePublished\":\"2024-03-07T11:26:52+00:00\",\"dateModified\":\"2025-11-22T14:34:01+00:00\",\"breadcrumb\":{\"@id\":\"https:\/\/www.gioielleriagrande.it\/prodotto\/112718\/#breadcrumb\"},\"inLanguage\":\"en-US\",\"potentialAction\":[{\"@type\":\"ReadAction\",\"target\":[\"https:\/\/www.gioielleriagrande.it\/prodotto\/112718\/\"]}]},{\"@type\":\"ImageObject\",\"inLanguage\":\"en-US\",\"@id\":\"https:\/\/www.gioielleriagrande.it\/prodotto\/112718\/#primaryimage\",\"url\":\"https:\/\/www.gioielleriagrande.it\/wp-content\/uploads\/2022\/12\/SBGY013G.png\",\"contentUrl\":\"https:\/\/www.gioielleriagrande.it\/wp-content\/uploads\/2022\/12\/SBGY013G.png\",\"width\":1102,\"height\":1102,\"caption\":\"SBGY013G.png\"},{\"@type\":\"BreadcrumbList\",\"@id\":\"https:\/\/www.gioielleriagrande.it\/prodotto\/112718\/#breadcrumb\",\"itemListElement\":[{\"@type\":\"ListItem\",\"position\":1,\"name\":\"Home\",\"item\":\"https:\/\/www.gioielleriagrande.it\/\"},{\"@type\":\"ListItem\",\"position\":2,\"name\":\"Shop\",\"item\":\"https:\/\/www.gioielleriagrande.it\/negozio\/\"},{\"@type\":\"ListItem\",\"position\":3,\"name\":\"Elegance Collection REF:SBGY013G\"}]},{\"@type\":\"WebSite\",\"@id\":\"https:\/\/www.gioielleriagrande.it\/#website\",\"url\":\"https:\/\/www.gioielleriagrande.it\/\",\"name\":\"Gioielleria Grande\",\"description\":\"\",\"potentialAction\":[{\"@type\":\"SearchAction\",\"target\":{\"@type\":\"EntryPoint\",\"urlTemplate\":\"https:\/\/www.gioielleriagrande.it\/?s={search_term_string}\"},\"query-input\":{\"@type\":\"PropertyValueSpecification\",\"valueRequired\":true,\"valueName\":\"search_term_string\"}}],\"inLanguage\":\"en-US\"}]}<\/script>\n<!-- \/ Yoast SEO plugin. -->","yoast_head_json":{"title":"Elegance Collection REF:SBGY013G - Gioielleria Grande","robots":{"index":"index","follow":"follow","max-snippet":"max-snippet:-1","max-image-preview":"max-image-preview:large","max-video-preview":"max-video-preview:-1"},"canonical":"https:\/\/www.gioielleriagrande.it\/prodotto\/112718\/","og_locale":"en_US","og_type":"article","og_title":"Elegance Collection REF:SBGY013G - Gioielleria Grande","og_description":"Durante la maggior parte degli inverni, l'acqua del lago Suwa si ghiaccia e crea una cresta ghiacciata che lo attraversa da una parte all'altra. Nella tradizione, questo particolare effetto viene chiamato \"Omiwatari\", ovvero il luogo in cui gli dei camminano sul ghiaccio. Vera o no, questa leggenda ha ispirato gli artigiani del vicino Shinshu Watch Studio a creare un quadrante di squisita delicatezza per questo orologio a carica manuale Spring Drive. Il quadrante ha il colore, la sensazione e la consistenza del ghiaccio innevato del lago Suwa ed \u00e8 in tonalit\u00e0 argento. Il bracciale ha una struttura a nove maglie che assicura una vestibilit\u00e0 salda e confortevole al polso.  L'orologio \u00e8 animato dal calibro Spring Drive 9R31, dotato di un Dual Spring Barrel che garantisce una riserva di 72 ore a piena carica. La sua raffinata meccanica \u00e8 visibile attraverso il fondello a vista insieme all\u2019indicatore della riserva di carica.","og_url":"https:\/\/www.gioielleriagrande.it\/prodotto\/112718\/","og_site_name":"Gioielleria Grande","article_modified_time":"2025-11-22T14:34:01+00:00","og_image":[{"width":1102,"height":1102,"url":"https:\/\/www.gioielleriagrande.it\/wp-content\/uploads\/2022\/12\/SBGY013G.png","type":"image\/png"}],"twitter_card":"summary_large_image","twitter_misc":{"Est. reading time":"1 minute"},"schema":{"@context":"https:\/\/schema.org","@graph":[{"@type":"WebPage","@id":"https:\/\/www.gioielleriagrande.it\/prodotto\/112718\/","url":"https:\/\/www.gioielleriagrande.it\/prodotto\/112718\/","name":"Elegance Collection REF:SBGY013G - Gioielleria Grande","isPartOf":{"@id":"https:\/\/www.gioielleriagrande.it\/#website"},"primaryImageOfPage":{"@id":"https:\/\/www.gioielleriagrande.it\/prodotto\/112718\/#primaryimage"},"image":{"@id":"https:\/\/www.gioielleriagrande.it\/prodotto\/112718\/#primaryimage"},"thumbnailUrl":"https:\/\/www.gioielleriagrande.it\/wp-content\/uploads\/2022\/12\/SBGY013G.png","datePublished":"2024-03-07T11:26:52+00:00","dateModified":"2025-11-22T14:34:01+00:00","breadcrumb":{"@id":"https:\/\/www.gioielleriagrande.it\/prodotto\/112718\/#breadcrumb"},"inLanguage":"en-US","potentialAction":[{"@type":"ReadAction","target":["https:\/\/www.gioielleriagrande.it\/prodotto\/112718\/"]}]},{"@type":"ImageObject","inLanguage":"en-US","@id":"https:\/\/www.gioielleriagrande.it\/prodotto\/112718\/#primaryimage","url":"https:\/\/www.gioielleriagrande.it\/wp-content\/uploads\/2022\/12\/SBGY013G.png","contentUrl":"https:\/\/www.gioielleriagrande.it\/wp-content\/uploads\/2022\/12\/SBGY013G.png","width":1102,"height":1102,"caption":"SBGY013G.png"},{"@type":"BreadcrumbList","@id":"https:\/\/www.gioielleriagrande.it\/prodotto\/112718\/#breadcrumb","itemListElement":[{"@type":"ListItem","position":1,"name":"Home","item":"https:\/\/www.gioielleriagrande.it\/"},{"@type":"ListItem","position":2,"name":"Shop","item":"https:\/\/www.gioielleriagrande.it\/negozio\/"},{"@type":"ListItem","position":3,"name":"Elegance Collection REF:SBGY013G"}]},{"@type":"WebSite","@id":"https:\/\/www.gioielleriagrande.it\/#website","url":"https:\/\/www.gioielleriagrande.it\/","name":"Gioielleria Grande","description":"","potentialAction":[{"@type":"SearchAction","target":{"@type":"EntryPoint","urlTemplate":"https:\/\/www.gioielleriagrande.it\/?s={search_term_string}"},"query-input":{"@type":"PropertyValueSpecification","valueRequired":true,"valueName":"search_term_string"}}],"inLanguage":"en-US"}]}},"_links":{"self":[{"href":"https:\/\/www.gioielleriagrande.it\/en\/wp-json\/wp\/v2\/product\/182549","targetHints":{"allow":["GET"]}}],"collection":[{"href":"https:\/\/www.gioielleriagrande.it\/en\/wp-json\/wp\/v2\/product"}],"about":[{"href":"https:\/\/www.gioielleriagrande.it\/en\/wp-json\/wp\/v2\/types\/product"}],"replies":[{"embeddable":true,"href":"https:\/\/www.gioielleriagrande.it\/en\/wp-json\/wp\/v2\/comments?post=182549"}],"wp:featuredmedia":[{"embeddable":true,"href":"https:\/\/www.gioielleriagrande.it\/en\/wp-json\/wp\/v2\/media\/91219"}],"wp:attachment":[{"href":"https:\/\/www.gioielleriagrande.it\/en\/wp-json\/wp\/v2\/media?parent=182549"}],"wp:term":[{"taxonomy":"product_brand","embeddable":true,"href":"https:\/\/www.gioielleriagrande.it\/en\/wp-json\/wp\/v2\/product_brand?post=182549"},{"taxonomy":"product_cat","embeddable":true,"href":"https:\/\/www.gioielleriagrande.it\/en\/wp-json\/wp\/v2\/product_cat?post=182549"},{"taxonomy":"product_tag","embeddable":true,"href":"https:\/\/www.gioielleriagrande.it\/en\/wp-json\/wp\/v2\/product_tag?post=182549"}],"curies":[{"name":"wp","href":"https:\/\/api.w.org\/{rel}","templated":true}]}}