{"id":213759,"date":"2024-05-14T17:48:28","date_gmt":"2024-05-14T15:48:28","guid":{"rendered":"https:\/\/www.gioielleriagrande.it\/prodotto\/145833\/"},"modified":"2025-11-22T15:43:47","modified_gmt":"2025-11-22T14:43:47","slug":"145833","status":"publish","type":"product","link":"https:\/\/www.gioielleriagrande.it\/en\/prodotto\/145833\/","title":{"rendered":"NAVITIMER B01 CHRONOGRAPH 46\nREF:AB0137211B1A1"},"content":{"rendered":"<p>Iconico cronografo da pilota di Breitling: eccellente compagno di viaggio. Nel 1952, Willy Breitling svilupp\u00f2 un cronografo da polso dotato di regolo calcolatore circolare che avrebbe consentito ai piloti di eseguire tutti i calcoli di volo necessari. Due anni pi\u00f9 tardi l\u2019associazione dei proprietari e piloti di velivoli (AOPA, Aircraft Owners and Pilots Association) present\u00f2 il suo design come il proprio segnatempo ufficiale. Era nato il \u00abtimer di navigazione\u00bb o Navitimer. L\u2019AOPA era (e rimane) il club per piloti pi\u00f9 grande al mondo, di cui fanno parte praticamente tutti gli aviatori statunitensi. Come fu per l\u2019orologio da pilota originale nel glorioso periodo dell\u2019aviazione civile, il Navitimer fu indossato da piloti di linea e appassionati di aviazione. And\u00f2 anche nello spazio al polso dell\u2019astronauta Scott Carpenter nel 1962. Ma i piloti non erano gli unici ad avere un debole per la sua estetica irresistibile. Celebrit\u00e0 dell\u2019epoca, come Miles Davis e Serge Gainsbourg, ne erano autentiche estimatrici, il che dimostra che il Navitimer aveva stile e funzionalit\u00e0. Dal suo lancio, avvenuto 70 anni fa, l\u2019orologio di Breitling \u00e8 stato reinterpretato molte volte, ma la nuova versione del Navitimer racchiude le caratteristiche pi\u00f9 classiche sublimandole, al tempo stesso, con gusto contemporaneo. Il regolo calcolatore appiattito e il cristallo bombato creano l\u2019illusione di un profilo pi\u00f9 slanciato, mentre l\u2019alternanza di elementi metallici spazzolati e lucidati conferisce una finitura lucente ma sobria. In particolare, le nuove cromie con sfumature di blu, verde e rame, definiscono il nuovo quadrante. Ma se c\u2019\u00e8 un aggiornamento che far\u00e0 sicuramente fare un salto indietro nel tempo, \u00e8 il ritorno delle ali dell\u2019AOPA nella posizione originale a ore 12. Per 70 anni, l\u2019orologio da pilota originale di Breitling \u00e8 stato amato in egual misura da aviatori e trendsetter. Indossato dagli astronauti nello spazio e dalle pi\u00f9 grandi star sulla Terra, \u00e8 il segnatempo pi\u00f9 iconico di Breitling e uno degli orologi pi\u00f9 riconoscibili di tutti i tempi.<\/p>\n","protected":false},"excerpt":{"rendered":"<p>Iconico cronografo da pilota di Breitling: eccellente compagno di viaggio. Nel 1952, Willy Breitling svilupp\u00f2 un cronografo da polso dotato di regolo calcolatore circolare che avrebbe consentito ai piloti di eseguire tutti i calcoli di volo necessari. Due anni pi\u00f9 tardi l\u2019associazione dei proprietari e piloti di velivoli (AOPA, Aircraft Owners and Pilots Association) present\u00f2 il suo design come il proprio segnatempo ufficiale. Era nato il \u00abtimer di navigazione\u00bb o Navitimer. L\u2019AOPA era (e rimane) il club per piloti pi\u00f9 grande al mondo, di cui fanno parte praticamente tutti gli aviatori statunitensi. Come fu per l\u2019orologio da pilota originale nel glorioso periodo dell\u2019aviazione civile, il Navitimer fu indossato da piloti di linea e appassionati di aviazione. And\u00f2 anche nello spazio al polso dell\u2019astronauta Scott Carpenter nel 1962. Ma i piloti non erano gli unici ad avere un debole per la sua estetica irresistibile. Celebrit\u00e0 dell\u2019epoca, come Miles Davis e Serge Gainsbourg, ne erano autentiche estimatrici, il che dimostra che il Navitimer aveva stile e funzionalit\u00e0. Dal suo lancio, avvenuto 70 anni fa, l\u2019orologio di Breitling \u00e8 stato reinterpretato molte volte, ma la nuova versione del Navitimer racchiude le caratteristiche pi\u00f9 classiche sublimandole, al tempo stesso, con gusto contemporaneo. Il regolo calcolatore appiattito e il cristallo bombato creano l\u2019illusione di un profilo pi\u00f9 slanciato, mentre l\u2019alternanza di elementi metallici spazzolati e lucidati conferisce una finitura lucente ma sobria. In particolare, le nuove cromie con sfumature di blu, verde e rame, definiscono il nuovo quadrante. Ma se c\u2019\u00e8 un aggiornamento che far\u00e0 sicuramente fare un salto indietro nel tempo, \u00e8 il ritorno delle ali dell\u2019AOPA nella posizione originale a ore 12. Per 70 anni, l\u2019orologio da pilota originale di Breitling \u00e8 stato amato in egual misura da aviatori e trendsetter. Indossato dagli astronauti nello spazio e dalle pi\u00f9 grandi star sulla Terra, \u00e8 il segnatempo pi\u00f9 iconico di Breitling e uno degli orologi pi\u00f9 riconoscibili di tutti i tempi.<\/p>\n","protected":false},"featured_media":213720,"comment_status":"open","ping_status":"closed","template":"","meta":[],"product_brand":[],"product_cat":[3309],"product_tag":[],"class_list":{"0":"post-213759","1":"product","2":"type-product","3":"status-publish","4":"has-post-thumbnail","6":"brand-3339","7":"shops-3355","8":"shop_area-3357","10":"first","11":"instock","12":"taxable","13":"shipping-taxable","14":"purchasable","15":"product-type-simple"},"yoast_head":"<!-- This site is optimized with the Yoast SEO plugin v25.3 - https:\/\/yoast.com\/wordpress\/plugins\/seo\/ -->\n<title>NAVITIMER B01 CHRONOGRAPH 46 REF:AB0137211B1A1 - Gioielleria Grande<\/title>\n<meta name=\"robots\" content=\"index, follow, max-snippet:-1, max-image-preview:large, max-video-preview:-1\" \/>\n<link rel=\"canonical\" href=\"https:\/\/www.gioielleriagrande.it\/prodotto\/145833\/\" \/>\n<meta property=\"og:locale\" content=\"en_US\" \/>\n<meta property=\"og:type\" content=\"article\" \/>\n<meta property=\"og:title\" content=\"NAVITIMER B01 CHRONOGRAPH 46 REF:AB0137211B1A1 - Gioielleria Grande\" \/>\n<meta property=\"og:description\" content=\"Iconico cronografo da pilota di Breitling: eccellente compagno di viaggio. Nel 1952, Willy Breitling svilupp\u00f2 un cronografo da polso dotato di regolo calcolatore circolare che avrebbe consentito ai piloti di eseguire tutti i calcoli di volo necessari. Due anni pi\u00f9 tardi l\u2019associazione dei proprietari e piloti di velivoli (AOPA, Aircraft Owners and Pilots Association) present\u00f2 il suo design come il proprio segnatempo ufficiale. Era nato il \u00abtimer di navigazione\u00bb o Navitimer. L\u2019AOPA era (e rimane) il club per piloti pi\u00f9 grande al mondo, di cui fanno parte praticamente tutti gli aviatori statunitensi. Come fu per l\u2019orologio da pilota originale nel glorioso periodo dell\u2019aviazione civile, il Navitimer fu indossato da piloti di linea e appassionati di aviazione. And\u00f2 anche nello spazio al polso dell\u2019astronauta Scott Carpenter nel 1962. Ma i piloti non erano gli unici ad avere un debole per la sua estetica irresistibile. Celebrit\u00e0 dell\u2019epoca, come Miles Davis e Serge Gainsbourg, ne erano autentiche estimatrici, il che dimostra che il Navitimer aveva stile e funzionalit\u00e0. Dal suo lancio, avvenuto 70 anni fa, l\u2019orologio di Breitling \u00e8 stato reinterpretato molte volte, ma la nuova versione del Navitimer racchiude le caratteristiche pi\u00f9 classiche sublimandole, al tempo stesso, con gusto contemporaneo. Il regolo calcolatore appiattito e il cristallo bombato creano l\u2019illusione di un profilo pi\u00f9 slanciato, mentre l\u2019alternanza di elementi metallici spazzolati e lucidati conferisce una finitura lucente ma sobria. In particolare, le nuove cromie con sfumature di blu, verde e rame, definiscono il nuovo quadrante. Ma se c\u2019\u00e8 un aggiornamento che far\u00e0 sicuramente fare un salto indietro nel tempo, \u00e8 il ritorno delle ali dell\u2019AOPA nella posizione originale a ore 12. Per 70 anni, l\u2019orologio da pilota originale di Breitling \u00e8 stato amato in egual misura da aviatori e trendsetter. Indossato dagli astronauti nello spazio e dalle pi\u00f9 grandi star sulla Terra, \u00e8 il segnatempo pi\u00f9 iconico di Breitling e uno degli orologi pi\u00f9 riconoscibili di tutti i tempi.\" \/>\n<meta property=\"og:url\" content=\"https:\/\/www.gioielleriagrande.it\/prodotto\/145833\/\" \/>\n<meta property=\"og:site_name\" content=\"Gioielleria Grande\" \/>\n<meta property=\"article:modified_time\" content=\"2025-11-22T14:43:47+00:00\" \/>\n<meta property=\"og:image\" content=\"https:\/\/www.gioielleriagrande.it\/wp-content\/uploads\/2024\/05\/AB0137211B1A1.png\" \/>\n\t<meta property=\"og:image:width\" content=\"2048\" \/>\n\t<meta property=\"og:image:height\" content=\"2048\" \/>\n\t<meta property=\"og:image:type\" content=\"image\/png\" \/>\n<meta name=\"twitter:card\" content=\"summary_large_image\" \/>\n<meta name=\"twitter:label1\" content=\"Est. reading time\" \/>\n\t<meta name=\"twitter:data1\" content=\"2 minutes\" \/>\n<script type=\"application\/ld+json\" class=\"yoast-schema-graph\">{\"@context\":\"https:\/\/schema.org\",\"@graph\":[{\"@type\":\"WebPage\",\"@id\":\"https:\/\/www.gioielleriagrande.it\/prodotto\/145833\/\",\"url\":\"https:\/\/www.gioielleriagrande.it\/prodotto\/145833\/\",\"name\":\"NAVITIMER B01 CHRONOGRAPH 46 REF:AB0137211B1A1 - Gioielleria Grande\",\"isPartOf\":{\"@id\":\"https:\/\/www.gioielleriagrande.it\/#website\"},\"primaryImageOfPage\":{\"@id\":\"https:\/\/www.gioielleriagrande.it\/prodotto\/145833\/#primaryimage\"},\"image\":{\"@id\":\"https:\/\/www.gioielleriagrande.it\/prodotto\/145833\/#primaryimage\"},\"thumbnailUrl\":\"https:\/\/www.gioielleriagrande.it\/wp-content\/uploads\/2024\/05\/AB0137211B1A1.png\",\"datePublished\":\"2024-05-14T15:48:28+00:00\",\"dateModified\":\"2025-11-22T14:43:47+00:00\",\"breadcrumb\":{\"@id\":\"https:\/\/www.gioielleriagrande.it\/prodotto\/145833\/#breadcrumb\"},\"inLanguage\":\"en-US\",\"potentialAction\":[{\"@type\":\"ReadAction\",\"target\":[\"https:\/\/www.gioielleriagrande.it\/prodotto\/145833\/\"]}]},{\"@type\":\"ImageObject\",\"inLanguage\":\"en-US\",\"@id\":\"https:\/\/www.gioielleriagrande.it\/prodotto\/145833\/#primaryimage\",\"url\":\"https:\/\/www.gioielleriagrande.it\/wp-content\/uploads\/2024\/05\/AB0137211B1A1.png\",\"contentUrl\":\"https:\/\/www.gioielleriagrande.it\/wp-content\/uploads\/2024\/05\/AB0137211B1A1.png\",\"width\":2048,\"height\":2048,\"caption\":\"AB0137211B1A1.png\"},{\"@type\":\"BreadcrumbList\",\"@id\":\"https:\/\/www.gioielleriagrande.it\/prodotto\/145833\/#breadcrumb\",\"itemListElement\":[{\"@type\":\"ListItem\",\"position\":1,\"name\":\"Home\",\"item\":\"https:\/\/www.gioielleriagrande.it\/\"},{\"@type\":\"ListItem\",\"position\":2,\"name\":\"Shop\",\"item\":\"https:\/\/www.gioielleriagrande.it\/negozio\/\"},{\"@type\":\"ListItem\",\"position\":3,\"name\":\"NAVITIMER B01 CHRONOGRAPH 46 REF:AB0137211B1A1\"}]},{\"@type\":\"WebSite\",\"@id\":\"https:\/\/www.gioielleriagrande.it\/#website\",\"url\":\"https:\/\/www.gioielleriagrande.it\/\",\"name\":\"Gioielleria Grande\",\"description\":\"\",\"potentialAction\":[{\"@type\":\"SearchAction\",\"target\":{\"@type\":\"EntryPoint\",\"urlTemplate\":\"https:\/\/www.gioielleriagrande.it\/?s={search_term_string}\"},\"query-input\":{\"@type\":\"PropertyValueSpecification\",\"valueRequired\":true,\"valueName\":\"search_term_string\"}}],\"inLanguage\":\"en-US\"}]}<\/script>\n<!-- \/ Yoast SEO plugin. -->","yoast_head_json":{"title":"NAVITIMER B01 CHRONOGRAPH 46 REF:AB0137211B1A1 - Gioielleria Grande","robots":{"index":"index","follow":"follow","max-snippet":"max-snippet:-1","max-image-preview":"max-image-preview:large","max-video-preview":"max-video-preview:-1"},"canonical":"https:\/\/www.gioielleriagrande.it\/prodotto\/145833\/","og_locale":"en_US","og_type":"article","og_title":"NAVITIMER B01 CHRONOGRAPH 46 REF:AB0137211B1A1 - Gioielleria Grande","og_description":"Iconico cronografo da pilota di Breitling: eccellente compagno di viaggio. Nel 1952, Willy Breitling svilupp\u00f2 un cronografo da polso dotato di regolo calcolatore circolare che avrebbe consentito ai piloti di eseguire tutti i calcoli di volo necessari. Due anni pi\u00f9 tardi l\u2019associazione dei proprietari e piloti di velivoli (AOPA, Aircraft Owners and Pilots Association) present\u00f2 il suo design come il proprio segnatempo ufficiale. Era nato il \u00abtimer di navigazione\u00bb o Navitimer. L\u2019AOPA era (e rimane) il club per piloti pi\u00f9 grande al mondo, di cui fanno parte praticamente tutti gli aviatori statunitensi. Come fu per l\u2019orologio da pilota originale nel glorioso periodo dell\u2019aviazione civile, il Navitimer fu indossato da piloti di linea e appassionati di aviazione. And\u00f2 anche nello spazio al polso dell\u2019astronauta Scott Carpenter nel 1962. Ma i piloti non erano gli unici ad avere un debole per la sua estetica irresistibile. Celebrit\u00e0 dell\u2019epoca, come Miles Davis e Serge Gainsbourg, ne erano autentiche estimatrici, il che dimostra che il Navitimer aveva stile e funzionalit\u00e0. Dal suo lancio, avvenuto 70 anni fa, l\u2019orologio di Breitling \u00e8 stato reinterpretato molte volte, ma la nuova versione del Navitimer racchiude le caratteristiche pi\u00f9 classiche sublimandole, al tempo stesso, con gusto contemporaneo. Il regolo calcolatore appiattito e il cristallo bombato creano l\u2019illusione di un profilo pi\u00f9 slanciato, mentre l\u2019alternanza di elementi metallici spazzolati e lucidati conferisce una finitura lucente ma sobria. In particolare, le nuove cromie con sfumature di blu, verde e rame, definiscono il nuovo quadrante. Ma se c\u2019\u00e8 un aggiornamento che far\u00e0 sicuramente fare un salto indietro nel tempo, \u00e8 il ritorno delle ali dell\u2019AOPA nella posizione originale a ore 12. Per 70 anni, l\u2019orologio da pilota originale di Breitling \u00e8 stato amato in egual misura da aviatori e trendsetter. Indossato dagli astronauti nello spazio e dalle pi\u00f9 grandi star sulla Terra, \u00e8 il segnatempo pi\u00f9 iconico di Breitling e uno degli orologi pi\u00f9 riconoscibili di tutti i tempi.","og_url":"https:\/\/www.gioielleriagrande.it\/prodotto\/145833\/","og_site_name":"Gioielleria Grande","article_modified_time":"2025-11-22T14:43:47+00:00","og_image":[{"width":2048,"height":2048,"url":"https:\/\/www.gioielleriagrande.it\/wp-content\/uploads\/2024\/05\/AB0137211B1A1.png","type":"image\/png"}],"twitter_card":"summary_large_image","twitter_misc":{"Est. reading time":"2 minutes"},"schema":{"@context":"https:\/\/schema.org","@graph":[{"@type":"WebPage","@id":"https:\/\/www.gioielleriagrande.it\/prodotto\/145833\/","url":"https:\/\/www.gioielleriagrande.it\/prodotto\/145833\/","name":"NAVITIMER B01 CHRONOGRAPH 46 REF:AB0137211B1A1 - Gioielleria Grande","isPartOf":{"@id":"https:\/\/www.gioielleriagrande.it\/#website"},"primaryImageOfPage":{"@id":"https:\/\/www.gioielleriagrande.it\/prodotto\/145833\/#primaryimage"},"image":{"@id":"https:\/\/www.gioielleriagrande.it\/prodotto\/145833\/#primaryimage"},"thumbnailUrl":"https:\/\/www.gioielleriagrande.it\/wp-content\/uploads\/2024\/05\/AB0137211B1A1.png","datePublished":"2024-05-14T15:48:28+00:00","dateModified":"2025-11-22T14:43:47+00:00","breadcrumb":{"@id":"https:\/\/www.gioielleriagrande.it\/prodotto\/145833\/#breadcrumb"},"inLanguage":"en-US","potentialAction":[{"@type":"ReadAction","target":["https:\/\/www.gioielleriagrande.it\/prodotto\/145833\/"]}]},{"@type":"ImageObject","inLanguage":"en-US","@id":"https:\/\/www.gioielleriagrande.it\/prodotto\/145833\/#primaryimage","url":"https:\/\/www.gioielleriagrande.it\/wp-content\/uploads\/2024\/05\/AB0137211B1A1.png","contentUrl":"https:\/\/www.gioielleriagrande.it\/wp-content\/uploads\/2024\/05\/AB0137211B1A1.png","width":2048,"height":2048,"caption":"AB0137211B1A1.png"},{"@type":"BreadcrumbList","@id":"https:\/\/www.gioielleriagrande.it\/prodotto\/145833\/#breadcrumb","itemListElement":[{"@type":"ListItem","position":1,"name":"Home","item":"https:\/\/www.gioielleriagrande.it\/"},{"@type":"ListItem","position":2,"name":"Shop","item":"https:\/\/www.gioielleriagrande.it\/negozio\/"},{"@type":"ListItem","position":3,"name":"NAVITIMER B01 CHRONOGRAPH 46 REF:AB0137211B1A1"}]},{"@type":"WebSite","@id":"https:\/\/www.gioielleriagrande.it\/#website","url":"https:\/\/www.gioielleriagrande.it\/","name":"Gioielleria Grande","description":"","potentialAction":[{"@type":"SearchAction","target":{"@type":"EntryPoint","urlTemplate":"https:\/\/www.gioielleriagrande.it\/?s={search_term_string}"},"query-input":{"@type":"PropertyValueSpecification","valueRequired":true,"valueName":"search_term_string"}}],"inLanguage":"en-US"}]}},"_links":{"self":[{"href":"https:\/\/www.gioielleriagrande.it\/en\/wp-json\/wp\/v2\/product\/213759","targetHints":{"allow":["GET"]}}],"collection":[{"href":"https:\/\/www.gioielleriagrande.it\/en\/wp-json\/wp\/v2\/product"}],"about":[{"href":"https:\/\/www.gioielleriagrande.it\/en\/wp-json\/wp\/v2\/types\/product"}],"replies":[{"embeddable":true,"href":"https:\/\/www.gioielleriagrande.it\/en\/wp-json\/wp\/v2\/comments?post=213759"}],"wp:featuredmedia":[{"embeddable":true,"href":"https:\/\/www.gioielleriagrande.it\/en\/wp-json\/wp\/v2\/media\/213720"}],"wp:attachment":[{"href":"https:\/\/www.gioielleriagrande.it\/en\/wp-json\/wp\/v2\/media?parent=213759"}],"wp:term":[{"taxonomy":"product_brand","embeddable":true,"href":"https:\/\/www.gioielleriagrande.it\/en\/wp-json\/wp\/v2\/product_brand?post=213759"},{"taxonomy":"product_cat","embeddable":true,"href":"https:\/\/www.gioielleriagrande.it\/en\/wp-json\/wp\/v2\/product_cat?post=213759"},{"taxonomy":"product_tag","embeddable":true,"href":"https:\/\/www.gioielleriagrande.it\/en\/wp-json\/wp\/v2\/product_tag?post=213759"}],"curies":[{"name":"wp","href":"https:\/\/api.w.org\/{rel}","templated":true}]}}