{"id":222695,"date":"2024-06-21T12:41:13","date_gmt":"2024-06-21T10:41:13","guid":{"rendered":"https:\/\/www.gioielleriagrande.it\/prodotto\/115885\/"},"modified":"2025-12-30T16:04:42","modified_gmt":"2025-12-30T15:04:42","slug":"115885","status":"publish","type":"product","link":"https:\/\/www.gioielleriagrande.it\/en\/prodotto\/115885\/","title":{"rendered":"MOVE UNO PAV\u00c9 FLEX BANGLE\nREF:11134-WG-M"},"content":{"rendered":"<p>Questo bracciale rigido con diamanti Move Uno Flex in oro bianco si adatter\u00e0 perfettamente al tuo polso. Discreto ed elegante, questo bangle in oro \u00e8 impreziosito sulla parte superiore dal motivo in pav\u00e9 Move Uno, caratteristico della Maison, caratterizzato da un diamante che si muove delicatamente ad ogni tuo movimento. Questo gioiello di lusso pu\u00f2 essere indossato in ogni occasione, da solo per evidenziare la sua delicata eleganza, o sovrapposto ad altri bracciali Messika per un effetto rock chic pi\u00f9 boh\u00e9mien. L&#8217;oro bianco si abbina magnificamente alle pietre preziose e migliora ulteriormente la sensazione di un diamante in movimento. Il suo vantaggio in pi\u00f9? Una chiusura intelligente nascosta sotto il motivo Move, facile da maneggiare.<\/p>\n","protected":false},"excerpt":{"rendered":"<p>Questo bracciale rigido con diamanti Move Uno Flex in oro bianco si adatter\u00e0 perfettamente al tuo polso. Discreto ed elegante, questo bangle in oro \u00e8 impreziosito sulla parte superiore dal motivo in pav\u00e9 Move Uno, caratteristico della Maison, caratterizzato da un diamante che si muove delicatamente ad ogni tuo movimento. Questo gioiello di lusso pu\u00f2 essere indossato in ogni occasione, da solo per evidenziare la sua delicata eleganza, o sovrapposto ad altri bracciali Messika per un effetto rock chic pi\u00f9 boh\u00e9mien. L&#8217;oro bianco si abbina magnificamente alle pietre preziose e migliora ulteriormente la sensazione di un diamante in movimento. Il suo vantaggio in pi\u00f9? Una chiusura intelligente nascosta sotto il motivo Move, facile da maneggiare.<\/p>\n","protected":false},"featured_media":85739,"comment_status":"open","ping_status":"closed","template":"","meta":[],"product_brand":[],"product_cat":[3377],"product_tag":[],"class_list":{"0":"post-222695","1":"product","2":"type-product","3":"status-publish","4":"has-post-thumbnail","6":"brand-7106","7":"line-7107","8":"shops-3355","9":"shop_area-3356","11":"first","12":"outofstock","13":"taxable","14":"shipping-taxable","15":"purchasable","16":"product-type-simple"},"yoast_head":"<!-- This site is optimized with the Yoast SEO plugin v25.3 - https:\/\/yoast.com\/wordpress\/plugins\/seo\/ -->\n<title>MOVE UNO PAV\u00c9 FLEX BANGLE REF:11134-WG-M - Gioielleria Grande<\/title>\n<meta name=\"robots\" content=\"index, follow, max-snippet:-1, max-image-preview:large, max-video-preview:-1\" \/>\n<link rel=\"canonical\" href=\"https:\/\/www.gioielleriagrande.it\/prodotto\/115885\/\" \/>\n<meta property=\"og:locale\" content=\"en_US\" \/>\n<meta property=\"og:type\" content=\"article\" \/>\n<meta property=\"og:title\" content=\"MOVE UNO PAV\u00c9 FLEX BANGLE REF:11134-WG-M - Gioielleria Grande\" \/>\n<meta property=\"og:description\" content=\"Questo bracciale rigido con diamanti Move Uno Flex in oro bianco si adatter\u00e0 perfettamente al tuo polso. Discreto ed elegante, questo bangle in oro \u00e8 impreziosito sulla parte superiore dal motivo in pav\u00e9 Move Uno, caratteristico della Maison, caratterizzato da un diamante che si muove delicatamente ad ogni tuo movimento. Questo gioiello di lusso pu\u00f2 essere indossato in ogni occasione, da solo per evidenziare la sua delicata eleganza, o sovrapposto ad altri bracciali Messika per un effetto rock chic pi\u00f9 boh\u00e9mien. L&#039;oro bianco si abbina magnificamente alle pietre preziose e migliora ulteriormente la sensazione di un diamante in movimento. Il suo vantaggio in pi\u00f9? Una chiusura intelligente nascosta sotto il motivo Move, facile da maneggiare.\" \/>\n<meta property=\"og:url\" content=\"https:\/\/www.gioielleriagrande.it\/prodotto\/115885\/\" \/>\n<meta property=\"og:site_name\" content=\"Gioielleria Grande\" \/>\n<meta property=\"article:modified_time\" content=\"2025-12-30T15:04:42+00:00\" \/>\n<meta property=\"og:image\" content=\"https:\/\/www.gioielleriagrande.it\/wp-content\/uploads\/2022\/11\/11134-WG-M.jpg\" \/>\n\t<meta property=\"og:image:width\" content=\"1900\" \/>\n\t<meta property=\"og:image:height\" content=\"1900\" \/>\n\t<meta property=\"og:image:type\" content=\"image\/jpeg\" \/>\n<meta name=\"twitter:card\" content=\"summary_large_image\" \/>\n<meta name=\"twitter:label1\" content=\"Est. reading time\" \/>\n\t<meta name=\"twitter:data1\" content=\"1 minute\" \/>\n<script type=\"application\/ld+json\" class=\"yoast-schema-graph\">{\"@context\":\"https:\/\/schema.org\",\"@graph\":[{\"@type\":\"WebPage\",\"@id\":\"https:\/\/www.gioielleriagrande.it\/prodotto\/115885\/\",\"url\":\"https:\/\/www.gioielleriagrande.it\/prodotto\/115885\/\",\"name\":\"MOVE UNO PAV\u00c9 FLEX BANGLE REF:11134-WG-M - Gioielleria Grande\",\"isPartOf\":{\"@id\":\"https:\/\/www.gioielleriagrande.it\/#website\"},\"primaryImageOfPage\":{\"@id\":\"https:\/\/www.gioielleriagrande.it\/prodotto\/115885\/#primaryimage\"},\"image\":{\"@id\":\"https:\/\/www.gioielleriagrande.it\/prodotto\/115885\/#primaryimage\"},\"thumbnailUrl\":\"https:\/\/www.gioielleriagrande.it\/wp-content\/uploads\/2022\/11\/11134-WG-M.jpg\",\"datePublished\":\"2024-06-21T10:41:13+00:00\",\"dateModified\":\"2025-12-30T15:04:42+00:00\",\"breadcrumb\":{\"@id\":\"https:\/\/www.gioielleriagrande.it\/prodotto\/115885\/#breadcrumb\"},\"inLanguage\":\"en-US\",\"potentialAction\":[{\"@type\":\"ReadAction\",\"target\":[\"https:\/\/www.gioielleriagrande.it\/prodotto\/115885\/\"]}]},{\"@type\":\"ImageObject\",\"inLanguage\":\"en-US\",\"@id\":\"https:\/\/www.gioielleriagrande.it\/prodotto\/115885\/#primaryimage\",\"url\":\"https:\/\/www.gioielleriagrande.it\/wp-content\/uploads\/2022\/11\/11134-WG-M.jpg\",\"contentUrl\":\"https:\/\/www.gioielleriagrande.it\/wp-content\/uploads\/2022\/11\/11134-WG-M.jpg\",\"width\":1900,\"height\":1900,\"caption\":\"11134-WG-M.jpg\"},{\"@type\":\"BreadcrumbList\",\"@id\":\"https:\/\/www.gioielleriagrande.it\/prodotto\/115885\/#breadcrumb\",\"itemListElement\":[{\"@type\":\"ListItem\",\"position\":1,\"name\":\"Home\",\"item\":\"https:\/\/www.gioielleriagrande.it\/\"},{\"@type\":\"ListItem\",\"position\":2,\"name\":\"Shop\",\"item\":\"https:\/\/www.gioielleriagrande.it\/negozio\/\"},{\"@type\":\"ListItem\",\"position\":3,\"name\":\"MOVE UNO PAV\u00c9 FLEX BANGLE REF:11134-WG-M\"}]},{\"@type\":\"WebSite\",\"@id\":\"https:\/\/www.gioielleriagrande.it\/#website\",\"url\":\"https:\/\/www.gioielleriagrande.it\/\",\"name\":\"Gioielleria Grande\",\"description\":\"\",\"potentialAction\":[{\"@type\":\"SearchAction\",\"target\":{\"@type\":\"EntryPoint\",\"urlTemplate\":\"https:\/\/www.gioielleriagrande.it\/?s={search_term_string}\"},\"query-input\":{\"@type\":\"PropertyValueSpecification\",\"valueRequired\":true,\"valueName\":\"search_term_string\"}}],\"inLanguage\":\"en-US\"}]}<\/script>\n<!-- \/ Yoast SEO plugin. -->","yoast_head_json":{"title":"MOVE UNO PAV\u00c9 FLEX BANGLE REF:11134-WG-M - Gioielleria Grande","robots":{"index":"index","follow":"follow","max-snippet":"max-snippet:-1","max-image-preview":"max-image-preview:large","max-video-preview":"max-video-preview:-1"},"canonical":"https:\/\/www.gioielleriagrande.it\/prodotto\/115885\/","og_locale":"en_US","og_type":"article","og_title":"MOVE UNO PAV\u00c9 FLEX BANGLE REF:11134-WG-M - Gioielleria Grande","og_description":"Questo bracciale rigido con diamanti Move Uno Flex in oro bianco si adatter\u00e0 perfettamente al tuo polso. Discreto ed elegante, questo bangle in oro \u00e8 impreziosito sulla parte superiore dal motivo in pav\u00e9 Move Uno, caratteristico della Maison, caratterizzato da un diamante che si muove delicatamente ad ogni tuo movimento. Questo gioiello di lusso pu\u00f2 essere indossato in ogni occasione, da solo per evidenziare la sua delicata eleganza, o sovrapposto ad altri bracciali Messika per un effetto rock chic pi\u00f9 boh\u00e9mien. L'oro bianco si abbina magnificamente alle pietre preziose e migliora ulteriormente la sensazione di un diamante in movimento. Il suo vantaggio in pi\u00f9? Una chiusura intelligente nascosta sotto il motivo Move, facile da maneggiare.","og_url":"https:\/\/www.gioielleriagrande.it\/prodotto\/115885\/","og_site_name":"Gioielleria Grande","article_modified_time":"2025-12-30T15:04:42+00:00","og_image":[{"width":1900,"height":1900,"url":"https:\/\/www.gioielleriagrande.it\/wp-content\/uploads\/2022\/11\/11134-WG-M.jpg","type":"image\/jpeg"}],"twitter_card":"summary_large_image","twitter_misc":{"Est. reading time":"1 minute"},"schema":{"@context":"https:\/\/schema.org","@graph":[{"@type":"WebPage","@id":"https:\/\/www.gioielleriagrande.it\/prodotto\/115885\/","url":"https:\/\/www.gioielleriagrande.it\/prodotto\/115885\/","name":"MOVE UNO PAV\u00c9 FLEX BANGLE REF:11134-WG-M - Gioielleria Grande","isPartOf":{"@id":"https:\/\/www.gioielleriagrande.it\/#website"},"primaryImageOfPage":{"@id":"https:\/\/www.gioielleriagrande.it\/prodotto\/115885\/#primaryimage"},"image":{"@id":"https:\/\/www.gioielleriagrande.it\/prodotto\/115885\/#primaryimage"},"thumbnailUrl":"https:\/\/www.gioielleriagrande.it\/wp-content\/uploads\/2022\/11\/11134-WG-M.jpg","datePublished":"2024-06-21T10:41:13+00:00","dateModified":"2025-12-30T15:04:42+00:00","breadcrumb":{"@id":"https:\/\/www.gioielleriagrande.it\/prodotto\/115885\/#breadcrumb"},"inLanguage":"en-US","potentialAction":[{"@type":"ReadAction","target":["https:\/\/www.gioielleriagrande.it\/prodotto\/115885\/"]}]},{"@type":"ImageObject","inLanguage":"en-US","@id":"https:\/\/www.gioielleriagrande.it\/prodotto\/115885\/#primaryimage","url":"https:\/\/www.gioielleriagrande.it\/wp-content\/uploads\/2022\/11\/11134-WG-M.jpg","contentUrl":"https:\/\/www.gioielleriagrande.it\/wp-content\/uploads\/2022\/11\/11134-WG-M.jpg","width":1900,"height":1900,"caption":"11134-WG-M.jpg"},{"@type":"BreadcrumbList","@id":"https:\/\/www.gioielleriagrande.it\/prodotto\/115885\/#breadcrumb","itemListElement":[{"@type":"ListItem","position":1,"name":"Home","item":"https:\/\/www.gioielleriagrande.it\/"},{"@type":"ListItem","position":2,"name":"Shop","item":"https:\/\/www.gioielleriagrande.it\/negozio\/"},{"@type":"ListItem","position":3,"name":"MOVE UNO PAV\u00c9 FLEX BANGLE REF:11134-WG-M"}]},{"@type":"WebSite","@id":"https:\/\/www.gioielleriagrande.it\/#website","url":"https:\/\/www.gioielleriagrande.it\/","name":"Gioielleria Grande","description":"","potentialAction":[{"@type":"SearchAction","target":{"@type":"EntryPoint","urlTemplate":"https:\/\/www.gioielleriagrande.it\/?s={search_term_string}"},"query-input":{"@type":"PropertyValueSpecification","valueRequired":true,"valueName":"search_term_string"}}],"inLanguage":"en-US"}]}},"_links":{"self":[{"href":"https:\/\/www.gioielleriagrande.it\/en\/wp-json\/wp\/v2\/product\/222695","targetHints":{"allow":["GET"]}}],"collection":[{"href":"https:\/\/www.gioielleriagrande.it\/en\/wp-json\/wp\/v2\/product"}],"about":[{"href":"https:\/\/www.gioielleriagrande.it\/en\/wp-json\/wp\/v2\/types\/product"}],"replies":[{"embeddable":true,"href":"https:\/\/www.gioielleriagrande.it\/en\/wp-json\/wp\/v2\/comments?post=222695"}],"wp:featuredmedia":[{"embeddable":true,"href":"https:\/\/www.gioielleriagrande.it\/en\/wp-json\/wp\/v2\/media\/85739"}],"wp:attachment":[{"href":"https:\/\/www.gioielleriagrande.it\/en\/wp-json\/wp\/v2\/media?parent=222695"}],"wp:term":[{"taxonomy":"product_brand","embeddable":true,"href":"https:\/\/www.gioielleriagrande.it\/en\/wp-json\/wp\/v2\/product_brand?post=222695"},{"taxonomy":"product_cat","embeddable":true,"href":"https:\/\/www.gioielleriagrande.it\/en\/wp-json\/wp\/v2\/product_cat?post=222695"},{"taxonomy":"product_tag","embeddable":true,"href":"https:\/\/www.gioielleriagrande.it\/en\/wp-json\/wp\/v2\/product_tag?post=222695"}],"curies":[{"name":"wp","href":"https:\/\/api.w.org\/{rel}","templated":true}]}}