{"id":231146,"date":"2024-07-23T15:44:33","date_gmt":"2024-07-23T13:44:33","guid":{"rendered":"https:\/\/www.gioielleriagrande.it\/prodotto\/99156\/"},"modified":"2025-11-22T15:50:01","modified_gmt":"2025-11-22T14:50:01","slug":"99156","status":"publish","type":"product","link":"https:\/\/www.gioielleriagrande.it\/en\/prodotto\/99156\/","title":{"rendered":"Grand Seiko Heritage\nREF:SBGH271G"},"content":{"rendered":"<p>Quando la primavera passa all&#8217;estate, la terra diventa rigogliosa e verde. Un rinfrescante zefiro estivo soffia sui campi ondeggianti e sull&#8217;erba. Questo rinfrescante zefiro in giapponese<br \/>\n\u00e8 kunpu. Il ricco quadrante verde di questo modello coglie un momento estivo da godersi<br \/>\nper sempre.<\/p>\n<p>Design della custodia: l&#8217;iconica reinterpretazione moderna del 62GS<br \/>\nLanciato nel 1967, il 62GS \u00e8 stato il primo movimento automatico di Grand Seiko. Questo segnatempo ha guadagnato popolarit\u00e0 per il suo design sorprendente caratterizzato da una cassa a specchio su pi\u00f9 lati e un&#8217;ampia apertura del quadrante, ottenuta grazie alla costruzione senza lunetta e alla tecnica di lucidatura Zaratsu firmata Seiko. Puro, raffinato e nobile, il 62GS \u00e8 un classico prezioso.<\/p>\n<p>Movimento: calibro 9S85 dello Shizukuishi Watch Studio nella Prefettura di Iwate. Questo movimento sofisticato e moderno fa uso di innovazioni alla sua molla principale, spirale e scappamento per migliorare la precisione. Il movimento dimostra il<br \/>\npura potenza del Mechanical Hi-Beat 36.000.<\/p>\n","protected":false},"excerpt":{"rendered":"<p>Quando la primavera passa all&#8217;estate, la terra diventa rigogliosa e verde. Un rinfrescante zefiro estivo soffia sui campi ondeggianti e sull&#8217;erba. Questo rinfrescante zefiro in giapponese<br \/>\n\u00e8 kunpu. Il ricco quadrante verde di questo modello coglie un momento estivo da godersi<br \/>\nper sempre.<\/p>\n<p>Design della custodia: l&#8217;iconica reinterpretazione moderna del 62GS<br \/>\nLanciato nel 1967, il 62GS \u00e8 stato il primo movimento automatico di Grand Seiko. Questo segnatempo ha guadagnato popolarit\u00e0 per il suo design sorprendente caratterizzato da una cassa a specchio su pi\u00f9 lati e un&#8217;ampia apertura del quadrante, ottenuta grazie alla costruzione senza lunetta e alla tecnica di lucidatura Zaratsu firmata Seiko. Puro, raffinato e nobile, il 62GS \u00e8 un classico prezioso.<\/p>\n<p>Movimento: calibro 9S85 dello Shizukuishi Watch Studio nella Prefettura di Iwate. Questo movimento sofisticato e moderno fa uso di innovazioni alla sua molla principale, spirale e scappamento per migliorare la precisione. Il movimento dimostra il<br \/>\npura potenza del Mechanical Hi-Beat 36.000.<\/p>\n","protected":false},"featured_media":83010,"comment_status":"open","ping_status":"closed","template":"","meta":[],"product_brand":[],"product_cat":[3309],"product_tag":[],"class_list":{"0":"post-231146","1":"product","2":"type-product","3":"status-publish","4":"has-post-thumbnail","6":"brand-6680","7":"shops-3355","8":"shop_area-3357","10":"first","11":"instock","12":"taxable","13":"shipping-taxable","14":"purchasable","15":"product-type-simple"},"yoast_head":"<!-- This site is optimized with the Yoast SEO plugin v25.3 - https:\/\/yoast.com\/wordpress\/plugins\/seo\/ -->\n<title>Grand Seiko Heritage REF:SBGH271G - Gioielleria Grande<\/title>\n<meta name=\"robots\" content=\"index, follow, max-snippet:-1, max-image-preview:large, max-video-preview:-1\" \/>\n<link rel=\"canonical\" href=\"https:\/\/www.gioielleriagrande.it\/prodotto\/99156\/\" \/>\n<meta property=\"og:locale\" content=\"en_US\" \/>\n<meta property=\"og:type\" content=\"article\" \/>\n<meta property=\"og:title\" content=\"Grand Seiko Heritage REF:SBGH271G - Gioielleria Grande\" \/>\n<meta property=\"og:description\" content=\"Quando la primavera passa all&#039;estate, la terra diventa rigogliosa e verde. Un rinfrescante zefiro estivo soffia sui campi ondeggianti e sull&#039;erba. Questo rinfrescante zefiro in giapponese \u00e8 kunpu. Il ricco quadrante verde di questo modello coglie un momento estivo da godersi per sempre. Design della custodia: l&#039;iconica reinterpretazione moderna del 62GS Lanciato nel 1967, il 62GS \u00e8 stato il primo movimento automatico di Grand Seiko. Questo segnatempo ha guadagnato popolarit\u00e0 per il suo design sorprendente caratterizzato da una cassa a specchio su pi\u00f9 lati e un&#039;ampia apertura del quadrante, ottenuta grazie alla costruzione senza lunetta e alla tecnica di lucidatura Zaratsu firmata Seiko. Puro, raffinato e nobile, il 62GS \u00e8 un classico prezioso. Movimento: calibro 9S85 dello Shizukuishi Watch Studio nella Prefettura di Iwate. Questo movimento sofisticato e moderno fa uso di innovazioni alla sua molla principale, spirale e scappamento per migliorare la precisione. Il movimento dimostra il pura potenza del Mechanical Hi-Beat 36.000.\" \/>\n<meta property=\"og:url\" content=\"https:\/\/www.gioielleriagrande.it\/prodotto\/99156\/\" \/>\n<meta property=\"og:site_name\" content=\"Gioielleria Grande\" \/>\n<meta property=\"article:modified_time\" content=\"2025-11-22T14:50:01+00:00\" \/>\n<meta property=\"og:image\" content=\"https:\/\/www.gioielleriagrande.it\/wp-content\/uploads\/2022\/07\/SBGH271G.png\" \/>\n\t<meta property=\"og:image:width\" content=\"1102\" \/>\n\t<meta property=\"og:image:height\" content=\"1102\" \/>\n\t<meta property=\"og:image:type\" content=\"image\/png\" \/>\n<meta name=\"twitter:card\" content=\"summary_large_image\" \/>\n<meta name=\"twitter:label1\" content=\"Est. reading time\" \/>\n\t<meta name=\"twitter:data1\" content=\"1 minute\" \/>\n<script type=\"application\/ld+json\" class=\"yoast-schema-graph\">{\"@context\":\"https:\/\/schema.org\",\"@graph\":[{\"@type\":\"WebPage\",\"@id\":\"https:\/\/www.gioielleriagrande.it\/prodotto\/99156\/\",\"url\":\"https:\/\/www.gioielleriagrande.it\/prodotto\/99156\/\",\"name\":\"Grand Seiko Heritage REF:SBGH271G - Gioielleria Grande\",\"isPartOf\":{\"@id\":\"https:\/\/www.gioielleriagrande.it\/#website\"},\"primaryImageOfPage\":{\"@id\":\"https:\/\/www.gioielleriagrande.it\/prodotto\/99156\/#primaryimage\"},\"image\":{\"@id\":\"https:\/\/www.gioielleriagrande.it\/prodotto\/99156\/#primaryimage\"},\"thumbnailUrl\":\"https:\/\/www.gioielleriagrande.it\/wp-content\/uploads\/2022\/07\/SBGH271G.png\",\"datePublished\":\"2024-07-23T13:44:33+00:00\",\"dateModified\":\"2025-11-22T14:50:01+00:00\",\"breadcrumb\":{\"@id\":\"https:\/\/www.gioielleriagrande.it\/prodotto\/99156\/#breadcrumb\"},\"inLanguage\":\"en-US\",\"potentialAction\":[{\"@type\":\"ReadAction\",\"target\":[\"https:\/\/www.gioielleriagrande.it\/prodotto\/99156\/\"]}]},{\"@type\":\"ImageObject\",\"inLanguage\":\"en-US\",\"@id\":\"https:\/\/www.gioielleriagrande.it\/prodotto\/99156\/#primaryimage\",\"url\":\"https:\/\/www.gioielleriagrande.it\/wp-content\/uploads\/2022\/07\/SBGH271G.png\",\"contentUrl\":\"https:\/\/www.gioielleriagrande.it\/wp-content\/uploads\/2022\/07\/SBGH271G.png\",\"width\":1102,\"height\":1102,\"caption\":\"SBGH271G.png\"},{\"@type\":\"BreadcrumbList\",\"@id\":\"https:\/\/www.gioielleriagrande.it\/prodotto\/99156\/#breadcrumb\",\"itemListElement\":[{\"@type\":\"ListItem\",\"position\":1,\"name\":\"Home\",\"item\":\"https:\/\/www.gioielleriagrande.it\/\"},{\"@type\":\"ListItem\",\"position\":2,\"name\":\"Shop\",\"item\":\"https:\/\/www.gioielleriagrande.it\/negozio\/\"},{\"@type\":\"ListItem\",\"position\":3,\"name\":\"Grand Seiko Heritage REF:SBGH271G\"}]},{\"@type\":\"WebSite\",\"@id\":\"https:\/\/www.gioielleriagrande.it\/#website\",\"url\":\"https:\/\/www.gioielleriagrande.it\/\",\"name\":\"Gioielleria Grande\",\"description\":\"\",\"potentialAction\":[{\"@type\":\"SearchAction\",\"target\":{\"@type\":\"EntryPoint\",\"urlTemplate\":\"https:\/\/www.gioielleriagrande.it\/?s={search_term_string}\"},\"query-input\":{\"@type\":\"PropertyValueSpecification\",\"valueRequired\":true,\"valueName\":\"search_term_string\"}}],\"inLanguage\":\"en-US\"}]}<\/script>\n<!-- \/ Yoast SEO plugin. -->","yoast_head_json":{"title":"Grand Seiko Heritage REF:SBGH271G - Gioielleria Grande","robots":{"index":"index","follow":"follow","max-snippet":"max-snippet:-1","max-image-preview":"max-image-preview:large","max-video-preview":"max-video-preview:-1"},"canonical":"https:\/\/www.gioielleriagrande.it\/prodotto\/99156\/","og_locale":"en_US","og_type":"article","og_title":"Grand Seiko Heritage REF:SBGH271G - Gioielleria Grande","og_description":"Quando la primavera passa all'estate, la terra diventa rigogliosa e verde. Un rinfrescante zefiro estivo soffia sui campi ondeggianti e sull'erba. Questo rinfrescante zefiro in giapponese \u00e8 kunpu. Il ricco quadrante verde di questo modello coglie un momento estivo da godersi per sempre. Design della custodia: l'iconica reinterpretazione moderna del 62GS Lanciato nel 1967, il 62GS \u00e8 stato il primo movimento automatico di Grand Seiko. Questo segnatempo ha guadagnato popolarit\u00e0 per il suo design sorprendente caratterizzato da una cassa a specchio su pi\u00f9 lati e un'ampia apertura del quadrante, ottenuta grazie alla costruzione senza lunetta e alla tecnica di lucidatura Zaratsu firmata Seiko. Puro, raffinato e nobile, il 62GS \u00e8 un classico prezioso. Movimento: calibro 9S85 dello Shizukuishi Watch Studio nella Prefettura di Iwate. Questo movimento sofisticato e moderno fa uso di innovazioni alla sua molla principale, spirale e scappamento per migliorare la precisione. Il movimento dimostra il pura potenza del Mechanical Hi-Beat 36.000.","og_url":"https:\/\/www.gioielleriagrande.it\/prodotto\/99156\/","og_site_name":"Gioielleria Grande","article_modified_time":"2025-11-22T14:50:01+00:00","og_image":[{"width":1102,"height":1102,"url":"https:\/\/www.gioielleriagrande.it\/wp-content\/uploads\/2022\/07\/SBGH271G.png","type":"image\/png"}],"twitter_card":"summary_large_image","twitter_misc":{"Est. reading time":"1 minute"},"schema":{"@context":"https:\/\/schema.org","@graph":[{"@type":"WebPage","@id":"https:\/\/www.gioielleriagrande.it\/prodotto\/99156\/","url":"https:\/\/www.gioielleriagrande.it\/prodotto\/99156\/","name":"Grand Seiko Heritage REF:SBGH271G - Gioielleria Grande","isPartOf":{"@id":"https:\/\/www.gioielleriagrande.it\/#website"},"primaryImageOfPage":{"@id":"https:\/\/www.gioielleriagrande.it\/prodotto\/99156\/#primaryimage"},"image":{"@id":"https:\/\/www.gioielleriagrande.it\/prodotto\/99156\/#primaryimage"},"thumbnailUrl":"https:\/\/www.gioielleriagrande.it\/wp-content\/uploads\/2022\/07\/SBGH271G.png","datePublished":"2024-07-23T13:44:33+00:00","dateModified":"2025-11-22T14:50:01+00:00","breadcrumb":{"@id":"https:\/\/www.gioielleriagrande.it\/prodotto\/99156\/#breadcrumb"},"inLanguage":"en-US","potentialAction":[{"@type":"ReadAction","target":["https:\/\/www.gioielleriagrande.it\/prodotto\/99156\/"]}]},{"@type":"ImageObject","inLanguage":"en-US","@id":"https:\/\/www.gioielleriagrande.it\/prodotto\/99156\/#primaryimage","url":"https:\/\/www.gioielleriagrande.it\/wp-content\/uploads\/2022\/07\/SBGH271G.png","contentUrl":"https:\/\/www.gioielleriagrande.it\/wp-content\/uploads\/2022\/07\/SBGH271G.png","width":1102,"height":1102,"caption":"SBGH271G.png"},{"@type":"BreadcrumbList","@id":"https:\/\/www.gioielleriagrande.it\/prodotto\/99156\/#breadcrumb","itemListElement":[{"@type":"ListItem","position":1,"name":"Home","item":"https:\/\/www.gioielleriagrande.it\/"},{"@type":"ListItem","position":2,"name":"Shop","item":"https:\/\/www.gioielleriagrande.it\/negozio\/"},{"@type":"ListItem","position":3,"name":"Grand Seiko Heritage REF:SBGH271G"}]},{"@type":"WebSite","@id":"https:\/\/www.gioielleriagrande.it\/#website","url":"https:\/\/www.gioielleriagrande.it\/","name":"Gioielleria Grande","description":"","potentialAction":[{"@type":"SearchAction","target":{"@type":"EntryPoint","urlTemplate":"https:\/\/www.gioielleriagrande.it\/?s={search_term_string}"},"query-input":{"@type":"PropertyValueSpecification","valueRequired":true,"valueName":"search_term_string"}}],"inLanguage":"en-US"}]}},"_links":{"self":[{"href":"https:\/\/www.gioielleriagrande.it\/en\/wp-json\/wp\/v2\/product\/231146","targetHints":{"allow":["GET"]}}],"collection":[{"href":"https:\/\/www.gioielleriagrande.it\/en\/wp-json\/wp\/v2\/product"}],"about":[{"href":"https:\/\/www.gioielleriagrande.it\/en\/wp-json\/wp\/v2\/types\/product"}],"replies":[{"embeddable":true,"href":"https:\/\/www.gioielleriagrande.it\/en\/wp-json\/wp\/v2\/comments?post=231146"}],"wp:featuredmedia":[{"embeddable":true,"href":"https:\/\/www.gioielleriagrande.it\/en\/wp-json\/wp\/v2\/media\/83010"}],"wp:attachment":[{"href":"https:\/\/www.gioielleriagrande.it\/en\/wp-json\/wp\/v2\/media?parent=231146"}],"wp:term":[{"taxonomy":"product_brand","embeddable":true,"href":"https:\/\/www.gioielleriagrande.it\/en\/wp-json\/wp\/v2\/product_brand?post=231146"},{"taxonomy":"product_cat","embeddable":true,"href":"https:\/\/www.gioielleriagrande.it\/en\/wp-json\/wp\/v2\/product_cat?post=231146"},{"taxonomy":"product_tag","embeddable":true,"href":"https:\/\/www.gioielleriagrande.it\/en\/wp-json\/wp\/v2\/product_tag?post=231146"}],"curies":[{"name":"wp","href":"https:\/\/api.w.org\/{rel}","templated":true}]}}