{"id":258470,"date":"2024-10-29T11:07:07","date_gmt":"2024-10-29T10:07:07","guid":{"rendered":"https:\/\/www.gioielleriagrande.it\/prodotto\/151979\/"},"modified":"2026-01-15T11:51:22","modified_gmt":"2026-01-15T10:51:22","slug":"151979","status":"publish","type":"product","link":"https:\/\/www.gioielleriagrande.it\/en\/prodotto\/151979\/","title":{"rendered":"MOVE UNO PAV\u00c9 FLEX BANGLE ORO GIALLO\nREF:11134-YG-M"},"content":{"rendered":"<p>Pi\u00f9 che un braccialetto, \u00e8 un&#8217;icona. Il bracciale rigido Move Uno in oro giallo e diamanti \u00e8 flessibile e confortevole. Viene fornito con un motivo caratteristico Move Uno completo di un diamante che balla al ritmo dei tuoi movimenti. Questo braccialetto di diamanti sottile e leggero dalle linee minimaliste pu\u00f2 essere indossato da solo per esaltarne la preziosit\u00e0 o in combinazione con altri gioielli con diamanti Messika per un effetto di tendenza. Amiamo la sua chiusura abilmente nascosta sotto il motivo centrale. Un braccialetto di diamanti che completa magnificamente gli altri gioielli con diamanti della collezione Move Uno.<\/p>\n","protected":false},"excerpt":{"rendered":"<p>Pi\u00f9 che un braccialetto, \u00e8 un&#8217;icona. Il bracciale rigido Move Uno in oro giallo e diamanti \u00e8 flessibile e confortevole. Viene fornito con un motivo caratteristico Move Uno completo di un diamante che balla al ritmo dei tuoi movimenti. Questo braccialetto di diamanti sottile e leggero dalle linee minimaliste pu\u00f2 essere indossato da solo per esaltarne la preziosit\u00e0 o in combinazione con altri gioielli con diamanti Messika per un effetto di tendenza. Amiamo la sua chiusura abilmente nascosta sotto il motivo centrale. Un braccialetto di diamanti che completa magnificamente gli altri gioielli con diamanti della collezione Move Uno.<\/p>\n","protected":false},"featured_media":85423,"comment_status":"open","ping_status":"closed","template":"","meta":[],"product_brand":[],"product_cat":[3377],"product_tag":[],"class_list":{"0":"post-258470","1":"product","2":"type-product","3":"status-publish","4":"has-post-thumbnail","6":"brand-7106","7":"line-7107","8":"shops-3355","9":"shop_area-3356","11":"first","12":"instock","13":"taxable","14":"shipping-taxable","15":"purchasable","16":"product-type-simple"},"yoast_head":"<!-- This site is optimized with the Yoast SEO plugin v25.3 - https:\/\/yoast.com\/wordpress\/plugins\/seo\/ -->\n<title>MOVE UNO PAV\u00c9 FLEX BANGLE ORO GIALLO REF:11134-YG-M - Gioielleria Grande<\/title>\n<meta name=\"robots\" content=\"index, follow, max-snippet:-1, max-image-preview:large, max-video-preview:-1\" \/>\n<link rel=\"canonical\" href=\"https:\/\/www.gioielleriagrande.it\/prodotto\/151979\/\" \/>\n<meta property=\"og:locale\" content=\"en_US\" \/>\n<meta property=\"og:type\" content=\"article\" \/>\n<meta property=\"og:title\" content=\"MOVE UNO PAV\u00c9 FLEX BANGLE ORO GIALLO REF:11134-YG-M - Gioielleria Grande\" \/>\n<meta property=\"og:description\" content=\"Pi\u00f9 che un braccialetto, \u00e8 un&#039;icona. Il bracciale rigido Move Uno in oro giallo e diamanti \u00e8 flessibile e confortevole. Viene fornito con un motivo caratteristico Move Uno completo di un diamante che balla al ritmo dei tuoi movimenti. Questo braccialetto di diamanti sottile e leggero dalle linee minimaliste pu\u00f2 essere indossato da solo per esaltarne la preziosit\u00e0 o in combinazione con altri gioielli con diamanti Messika per un effetto di tendenza. Amiamo la sua chiusura abilmente nascosta sotto il motivo centrale. Un braccialetto di diamanti che completa magnificamente gli altri gioielli con diamanti della collezione Move Uno.\" \/>\n<meta property=\"og:url\" content=\"https:\/\/www.gioielleriagrande.it\/prodotto\/151979\/\" \/>\n<meta property=\"og:site_name\" content=\"Gioielleria Grande\" \/>\n<meta property=\"article:modified_time\" content=\"2026-01-15T10:51:22+00:00\" \/>\n<meta property=\"og:image\" content=\"https:\/\/www.gioielleriagrande.it\/wp-content\/uploads\/2022\/11\/11134-YG-M.jpg\" \/>\n\t<meta property=\"og:image:width\" content=\"1900\" \/>\n\t<meta property=\"og:image:height\" content=\"1900\" \/>\n\t<meta property=\"og:image:type\" content=\"image\/jpeg\" \/>\n<meta name=\"twitter:card\" content=\"summary_large_image\" \/>\n<script type=\"application\/ld+json\" class=\"yoast-schema-graph\">{\"@context\":\"https:\/\/schema.org\",\"@graph\":[{\"@type\":\"WebPage\",\"@id\":\"https:\/\/www.gioielleriagrande.it\/prodotto\/151979\/\",\"url\":\"https:\/\/www.gioielleriagrande.it\/prodotto\/151979\/\",\"name\":\"MOVE UNO PAV\u00c9 FLEX BANGLE ORO GIALLO REF:11134-YG-M - Gioielleria Grande\",\"isPartOf\":{\"@id\":\"https:\/\/www.gioielleriagrande.it\/#website\"},\"primaryImageOfPage\":{\"@id\":\"https:\/\/www.gioielleriagrande.it\/prodotto\/151979\/#primaryimage\"},\"image\":{\"@id\":\"https:\/\/www.gioielleriagrande.it\/prodotto\/151979\/#primaryimage\"},\"thumbnailUrl\":\"https:\/\/www.gioielleriagrande.it\/wp-content\/uploads\/2022\/11\/11134-YG-M.jpg\",\"datePublished\":\"2024-10-29T10:07:07+00:00\",\"dateModified\":\"2026-01-15T10:51:22+00:00\",\"breadcrumb\":{\"@id\":\"https:\/\/www.gioielleriagrande.it\/prodotto\/151979\/#breadcrumb\"},\"inLanguage\":\"en-US\",\"potentialAction\":[{\"@type\":\"ReadAction\",\"target\":[\"https:\/\/www.gioielleriagrande.it\/prodotto\/151979\/\"]}]},{\"@type\":\"ImageObject\",\"inLanguage\":\"en-US\",\"@id\":\"https:\/\/www.gioielleriagrande.it\/prodotto\/151979\/#primaryimage\",\"url\":\"https:\/\/www.gioielleriagrande.it\/wp-content\/uploads\/2022\/11\/11134-YG-M.jpg\",\"contentUrl\":\"https:\/\/www.gioielleriagrande.it\/wp-content\/uploads\/2022\/11\/11134-YG-M.jpg\",\"width\":1900,\"height\":1900,\"caption\":\"11134-YG-M.jpg\"},{\"@type\":\"BreadcrumbList\",\"@id\":\"https:\/\/www.gioielleriagrande.it\/prodotto\/151979\/#breadcrumb\",\"itemListElement\":[{\"@type\":\"ListItem\",\"position\":1,\"name\":\"Home\",\"item\":\"https:\/\/www.gioielleriagrande.it\/\"},{\"@type\":\"ListItem\",\"position\":2,\"name\":\"Shop\",\"item\":\"https:\/\/www.gioielleriagrande.it\/negozio\/\"},{\"@type\":\"ListItem\",\"position\":3,\"name\":\"MOVE UNO PAV\u00c9 FLEX BANGLE ORO GIALLO REF:11134-YG-M\"}]},{\"@type\":\"WebSite\",\"@id\":\"https:\/\/www.gioielleriagrande.it\/#website\",\"url\":\"https:\/\/www.gioielleriagrande.it\/\",\"name\":\"Gioielleria Grande\",\"description\":\"\",\"potentialAction\":[{\"@type\":\"SearchAction\",\"target\":{\"@type\":\"EntryPoint\",\"urlTemplate\":\"https:\/\/www.gioielleriagrande.it\/?s={search_term_string}\"},\"query-input\":{\"@type\":\"PropertyValueSpecification\",\"valueRequired\":true,\"valueName\":\"search_term_string\"}}],\"inLanguage\":\"en-US\"}]}<\/script>\n<!-- \/ Yoast SEO plugin. -->","yoast_head_json":{"title":"MOVE UNO PAV\u00c9 FLEX BANGLE ORO GIALLO REF:11134-YG-M - Gioielleria Grande","robots":{"index":"index","follow":"follow","max-snippet":"max-snippet:-1","max-image-preview":"max-image-preview:large","max-video-preview":"max-video-preview:-1"},"canonical":"https:\/\/www.gioielleriagrande.it\/prodotto\/151979\/","og_locale":"en_US","og_type":"article","og_title":"MOVE UNO PAV\u00c9 FLEX BANGLE ORO GIALLO REF:11134-YG-M - Gioielleria Grande","og_description":"Pi\u00f9 che un braccialetto, \u00e8 un'icona. Il bracciale rigido Move Uno in oro giallo e diamanti \u00e8 flessibile e confortevole. Viene fornito con un motivo caratteristico Move Uno completo di un diamante che balla al ritmo dei tuoi movimenti. Questo braccialetto di diamanti sottile e leggero dalle linee minimaliste pu\u00f2 essere indossato da solo per esaltarne la preziosit\u00e0 o in combinazione con altri gioielli con diamanti Messika per un effetto di tendenza. Amiamo la sua chiusura abilmente nascosta sotto il motivo centrale. Un braccialetto di diamanti che completa magnificamente gli altri gioielli con diamanti della collezione Move Uno.","og_url":"https:\/\/www.gioielleriagrande.it\/prodotto\/151979\/","og_site_name":"Gioielleria Grande","article_modified_time":"2026-01-15T10:51:22+00:00","og_image":[{"width":1900,"height":1900,"url":"https:\/\/www.gioielleriagrande.it\/wp-content\/uploads\/2022\/11\/11134-YG-M.jpg","type":"image\/jpeg"}],"twitter_card":"summary_large_image","schema":{"@context":"https:\/\/schema.org","@graph":[{"@type":"WebPage","@id":"https:\/\/www.gioielleriagrande.it\/prodotto\/151979\/","url":"https:\/\/www.gioielleriagrande.it\/prodotto\/151979\/","name":"MOVE UNO PAV\u00c9 FLEX BANGLE ORO GIALLO REF:11134-YG-M - Gioielleria Grande","isPartOf":{"@id":"https:\/\/www.gioielleriagrande.it\/#website"},"primaryImageOfPage":{"@id":"https:\/\/www.gioielleriagrande.it\/prodotto\/151979\/#primaryimage"},"image":{"@id":"https:\/\/www.gioielleriagrande.it\/prodotto\/151979\/#primaryimage"},"thumbnailUrl":"https:\/\/www.gioielleriagrande.it\/wp-content\/uploads\/2022\/11\/11134-YG-M.jpg","datePublished":"2024-10-29T10:07:07+00:00","dateModified":"2026-01-15T10:51:22+00:00","breadcrumb":{"@id":"https:\/\/www.gioielleriagrande.it\/prodotto\/151979\/#breadcrumb"},"inLanguage":"en-US","potentialAction":[{"@type":"ReadAction","target":["https:\/\/www.gioielleriagrande.it\/prodotto\/151979\/"]}]},{"@type":"ImageObject","inLanguage":"en-US","@id":"https:\/\/www.gioielleriagrande.it\/prodotto\/151979\/#primaryimage","url":"https:\/\/www.gioielleriagrande.it\/wp-content\/uploads\/2022\/11\/11134-YG-M.jpg","contentUrl":"https:\/\/www.gioielleriagrande.it\/wp-content\/uploads\/2022\/11\/11134-YG-M.jpg","width":1900,"height":1900,"caption":"11134-YG-M.jpg"},{"@type":"BreadcrumbList","@id":"https:\/\/www.gioielleriagrande.it\/prodotto\/151979\/#breadcrumb","itemListElement":[{"@type":"ListItem","position":1,"name":"Home","item":"https:\/\/www.gioielleriagrande.it\/"},{"@type":"ListItem","position":2,"name":"Shop","item":"https:\/\/www.gioielleriagrande.it\/negozio\/"},{"@type":"ListItem","position":3,"name":"MOVE UNO PAV\u00c9 FLEX BANGLE ORO GIALLO REF:11134-YG-M"}]},{"@type":"WebSite","@id":"https:\/\/www.gioielleriagrande.it\/#website","url":"https:\/\/www.gioielleriagrande.it\/","name":"Gioielleria Grande","description":"","potentialAction":[{"@type":"SearchAction","target":{"@type":"EntryPoint","urlTemplate":"https:\/\/www.gioielleriagrande.it\/?s={search_term_string}"},"query-input":{"@type":"PropertyValueSpecification","valueRequired":true,"valueName":"search_term_string"}}],"inLanguage":"en-US"}]}},"_links":{"self":[{"href":"https:\/\/www.gioielleriagrande.it\/en\/wp-json\/wp\/v2\/product\/258470","targetHints":{"allow":["GET"]}}],"collection":[{"href":"https:\/\/www.gioielleriagrande.it\/en\/wp-json\/wp\/v2\/product"}],"about":[{"href":"https:\/\/www.gioielleriagrande.it\/en\/wp-json\/wp\/v2\/types\/product"}],"replies":[{"embeddable":true,"href":"https:\/\/www.gioielleriagrande.it\/en\/wp-json\/wp\/v2\/comments?post=258470"}],"wp:featuredmedia":[{"embeddable":true,"href":"https:\/\/www.gioielleriagrande.it\/en\/wp-json\/wp\/v2\/media\/85423"}],"wp:attachment":[{"href":"https:\/\/www.gioielleriagrande.it\/en\/wp-json\/wp\/v2\/media?parent=258470"}],"wp:term":[{"taxonomy":"product_brand","embeddable":true,"href":"https:\/\/www.gioielleriagrande.it\/en\/wp-json\/wp\/v2\/product_brand?post=258470"},{"taxonomy":"product_cat","embeddable":true,"href":"https:\/\/www.gioielleriagrande.it\/en\/wp-json\/wp\/v2\/product_cat?post=258470"},{"taxonomy":"product_tag","embeddable":true,"href":"https:\/\/www.gioielleriagrande.it\/en\/wp-json\/wp\/v2\/product_tag?post=258470"}],"curies":[{"name":"wp","href":"https:\/\/api.w.org\/{rel}","templated":true}]}}