{"id":258619,"date":"2024-11-22T16:16:13","date_gmt":"2024-11-22T15:16:13","guid":{"rendered":"https:\/\/www.gioielleriagrande.it\/prodotto\/146163\/"},"modified":"2025-11-22T16:01:05","modified_gmt":"2025-11-22T15:01:05","slug":"146163","status":"publish","type":"product","link":"https:\/\/www.gioielleriagrande.it\/en\/prodotto\/146163\/","title":{"rendered":"EXCELLENCE\nPetite Seconde Guilloch\u00e9 Anthracite Blue\nREF:34248AA21.BVA150"},"content":{"rendered":"<p>L&#8217;Excellence Petite Seconde Guilloch\u00e9 presenta un quadrante in quattro parti. Il centro cattura lo sguardo con il suo radioso motivo drappeggiato, una trappola di luce dove la piattezza del quadrante si approfondisce in onde in evoluzione, che crescono dal centro. Un classico effetto del guilloch\u00e9 flinqu\u00e9, tradizionalmente praticato manualmente su un motore a rosa. Questo pannello centrale \u00e8 circondato, passaggio classico che conduce al grande cerchio orario, ricoperto da un motivo panier, finemente sfalsato come scaglie. Un nuovo cerchio chiude il disegno, seguito da un minuto \u201cbinario\u201d. Il quadrante dei piccoli secondi alle 6 mostra gli stessi motivi guilloch\u00e9 in toni pi\u00f9 scuri.<\/p>\n<p>L&#8217;impatto visivo del guillochage \u00e8 ulteriormente accentuato da una combinazione di antracite e blu all&#8217;interno di una cassa da 39 mm.<\/p>\n<p>Rimanendo fedele all&#8217;etica di Louis Erard, ogni dettaglio \u00e8 meticolosamente realizzato, dalle tipiche lancette in abete alla corona con monogramma e al movimento calibro Sellita. E con il suo prezzo accessibile, \u00e8 in netto contrasto con altri produttori di questa categoria, rendendolo un orologio di lusso accessibile.<\/p>\n","protected":false},"excerpt":{"rendered":"<p>L&#8217;Excellence Petite Seconde Guilloch\u00e9 presenta un quadrante in quattro parti. Il centro cattura lo sguardo con il suo radioso motivo drappeggiato, una trappola di luce dove la piattezza del quadrante si approfondisce in onde in evoluzione, che crescono dal centro. Un classico effetto del guilloch\u00e9 flinqu\u00e9, tradizionalmente praticato manualmente su un motore a rosa. Questo pannello centrale \u00e8 circondato, passaggio classico che conduce al grande cerchio orario, ricoperto da un motivo panier, finemente sfalsato come scaglie. Un nuovo cerchio chiude il disegno, seguito da un minuto \u201cbinario\u201d. Il quadrante dei piccoli secondi alle 6 mostra gli stessi motivi guilloch\u00e9 in toni pi\u00f9 scuri.<\/p>\n<p>L&#8217;impatto visivo del guillochage \u00e8 ulteriormente accentuato da una combinazione di antracite e blu all&#8217;interno di una cassa da 39 mm.<\/p>\n<p>Rimanendo fedele all&#8217;etica di Louis Erard, ogni dettaglio \u00e8 meticolosamente realizzato, dalle tipiche lancette in abete alla corona con monogramma e al movimento calibro Sellita. E con il suo prezzo accessibile, \u00e8 in netto contrasto con altri produttori di questa categoria, rendendolo un orologio di lusso accessibile.<\/p>\n","protected":false},"featured_media":216154,"comment_status":"open","ping_status":"closed","template":"","meta":[],"product_brand":[],"product_cat":[3309],"product_tag":[],"class_list":{"0":"post-258619","1":"product","2":"type-product","3":"status-publish","4":"has-post-thumbnail","6":"brand-7802","7":"shops-3355","8":"shop_area-3357","10":"first","11":"instock","12":"taxable","13":"shipping-taxable","14":"purchasable","15":"product-type-simple"},"yoast_head":"<!-- This site is optimized with the Yoast SEO plugin v25.3 - https:\/\/yoast.com\/wordpress\/plugins\/seo\/ -->\n<title>EXCELLENCE Petite Seconde Guilloch\u00e9 Anthracite Blue REF:34248AA21.BVA150 - Gioielleria Grande<\/title>\n<meta name=\"robots\" content=\"index, follow, max-snippet:-1, max-image-preview:large, max-video-preview:-1\" \/>\n<link rel=\"canonical\" href=\"https:\/\/www.gioielleriagrande.it\/prodotto\/146163\/\" \/>\n<meta property=\"og:locale\" content=\"en_US\" \/>\n<meta property=\"og:type\" content=\"article\" \/>\n<meta property=\"og:title\" content=\"EXCELLENCE Petite Seconde Guilloch\u00e9 Anthracite Blue REF:34248AA21.BVA150 - Gioielleria Grande\" \/>\n<meta property=\"og:description\" content=\"L&#039;Excellence Petite Seconde Guilloch\u00e9 presenta un quadrante in quattro parti. Il centro cattura lo sguardo con il suo radioso motivo drappeggiato, una trappola di luce dove la piattezza del quadrante si approfondisce in onde in evoluzione, che crescono dal centro. Un classico effetto del guilloch\u00e9 flinqu\u00e9, tradizionalmente praticato manualmente su un motore a rosa. Questo pannello centrale \u00e8 circondato, passaggio classico che conduce al grande cerchio orario, ricoperto da un motivo panier, finemente sfalsato come scaglie. Un nuovo cerchio chiude il disegno, seguito da un minuto \u201cbinario\u201d. Il quadrante dei piccoli secondi alle 6 mostra gli stessi motivi guilloch\u00e9 in toni pi\u00f9 scuri. L&#039;impatto visivo del guillochage \u00e8 ulteriormente accentuato da una combinazione di antracite e blu all&#039;interno di una cassa da 39 mm. Rimanendo fedele all&#039;etica di Louis Erard, ogni dettaglio \u00e8 meticolosamente realizzato, dalle tipiche lancette in abete alla corona con monogramma e al movimento calibro Sellita. E con il suo prezzo accessibile, \u00e8 in netto contrasto con altri produttori di questa categoria, rendendolo un orologio di lusso accessibile.\" \/>\n<meta property=\"og:url\" content=\"https:\/\/www.gioielleriagrande.it\/prodotto\/146163\/\" \/>\n<meta property=\"og:site_name\" content=\"Gioielleria Grande\" \/>\n<meta property=\"article:modified_time\" content=\"2025-11-22T15:01:05+00:00\" \/>\n<meta property=\"og:image\" content=\"https:\/\/www.gioielleriagrande.it\/wp-content\/uploads\/2024\/05\/34248AA21.BVA150.png.png\" \/>\n\t<meta property=\"og:image:width\" content=\"425\" \/>\n\t<meta property=\"og:image:height\" content=\"589\" \/>\n\t<meta property=\"og:image:type\" content=\"image\/png\" \/>\n<meta name=\"twitter:card\" content=\"summary_large_image\" \/>\n<meta name=\"twitter:label1\" content=\"Est. reading time\" \/>\n\t<meta name=\"twitter:data1\" content=\"1 minute\" \/>\n<script type=\"application\/ld+json\" class=\"yoast-schema-graph\">{\"@context\":\"https:\/\/schema.org\",\"@graph\":[{\"@type\":\"WebPage\",\"@id\":\"https:\/\/www.gioielleriagrande.it\/prodotto\/146163\/\",\"url\":\"https:\/\/www.gioielleriagrande.it\/prodotto\/146163\/\",\"name\":\"EXCELLENCE Petite Seconde Guilloch\u00e9 Anthracite Blue REF:34248AA21.BVA150 - Gioielleria Grande\",\"isPartOf\":{\"@id\":\"https:\/\/www.gioielleriagrande.it\/#website\"},\"primaryImageOfPage\":{\"@id\":\"https:\/\/www.gioielleriagrande.it\/prodotto\/146163\/#primaryimage\"},\"image\":{\"@id\":\"https:\/\/www.gioielleriagrande.it\/prodotto\/146163\/#primaryimage\"},\"thumbnailUrl\":\"https:\/\/www.gioielleriagrande.it\/wp-content\/uploads\/2024\/05\/34248AA21.BVA150.png.png\",\"datePublished\":\"2024-11-22T15:16:13+00:00\",\"dateModified\":\"2025-11-22T15:01:05+00:00\",\"breadcrumb\":{\"@id\":\"https:\/\/www.gioielleriagrande.it\/prodotto\/146163\/#breadcrumb\"},\"inLanguage\":\"en-US\",\"potentialAction\":[{\"@type\":\"ReadAction\",\"target\":[\"https:\/\/www.gioielleriagrande.it\/prodotto\/146163\/\"]}]},{\"@type\":\"ImageObject\",\"inLanguage\":\"en-US\",\"@id\":\"https:\/\/www.gioielleriagrande.it\/prodotto\/146163\/#primaryimage\",\"url\":\"https:\/\/www.gioielleriagrande.it\/wp-content\/uploads\/2024\/05\/34248AA21.BVA150.png.png\",\"contentUrl\":\"https:\/\/www.gioielleriagrande.it\/wp-content\/uploads\/2024\/05\/34248AA21.BVA150.png.png\",\"width\":425,\"height\":589,\"caption\":\"34248AA21.BVA150.png.png\"},{\"@type\":\"BreadcrumbList\",\"@id\":\"https:\/\/www.gioielleriagrande.it\/prodotto\/146163\/#breadcrumb\",\"itemListElement\":[{\"@type\":\"ListItem\",\"position\":1,\"name\":\"Home\",\"item\":\"https:\/\/www.gioielleriagrande.it\/\"},{\"@type\":\"ListItem\",\"position\":2,\"name\":\"Shop\",\"item\":\"https:\/\/www.gioielleriagrande.it\/negozio\/\"},{\"@type\":\"ListItem\",\"position\":3,\"name\":\"EXCELLENCE Petite Seconde Guilloch\u00e9 Anthracite Blue REF:34248AA21.BVA150\"}]},{\"@type\":\"WebSite\",\"@id\":\"https:\/\/www.gioielleriagrande.it\/#website\",\"url\":\"https:\/\/www.gioielleriagrande.it\/\",\"name\":\"Gioielleria Grande\",\"description\":\"\",\"potentialAction\":[{\"@type\":\"SearchAction\",\"target\":{\"@type\":\"EntryPoint\",\"urlTemplate\":\"https:\/\/www.gioielleriagrande.it\/?s={search_term_string}\"},\"query-input\":{\"@type\":\"PropertyValueSpecification\",\"valueRequired\":true,\"valueName\":\"search_term_string\"}}],\"inLanguage\":\"en-US\"}]}<\/script>\n<!-- \/ Yoast SEO plugin. -->","yoast_head_json":{"title":"EXCELLENCE Petite Seconde Guilloch\u00e9 Anthracite Blue REF:34248AA21.BVA150 - Gioielleria Grande","robots":{"index":"index","follow":"follow","max-snippet":"max-snippet:-1","max-image-preview":"max-image-preview:large","max-video-preview":"max-video-preview:-1"},"canonical":"https:\/\/www.gioielleriagrande.it\/prodotto\/146163\/","og_locale":"en_US","og_type":"article","og_title":"EXCELLENCE Petite Seconde Guilloch\u00e9 Anthracite Blue REF:34248AA21.BVA150 - Gioielleria Grande","og_description":"L'Excellence Petite Seconde Guilloch\u00e9 presenta un quadrante in quattro parti. Il centro cattura lo sguardo con il suo radioso motivo drappeggiato, una trappola di luce dove la piattezza del quadrante si approfondisce in onde in evoluzione, che crescono dal centro. Un classico effetto del guilloch\u00e9 flinqu\u00e9, tradizionalmente praticato manualmente su un motore a rosa. Questo pannello centrale \u00e8 circondato, passaggio classico che conduce al grande cerchio orario, ricoperto da un motivo panier, finemente sfalsato come scaglie. Un nuovo cerchio chiude il disegno, seguito da un minuto \u201cbinario\u201d. Il quadrante dei piccoli secondi alle 6 mostra gli stessi motivi guilloch\u00e9 in toni pi\u00f9 scuri. L'impatto visivo del guillochage \u00e8 ulteriormente accentuato da una combinazione di antracite e blu all'interno di una cassa da 39 mm. Rimanendo fedele all'etica di Louis Erard, ogni dettaglio \u00e8 meticolosamente realizzato, dalle tipiche lancette in abete alla corona con monogramma e al movimento calibro Sellita. E con il suo prezzo accessibile, \u00e8 in netto contrasto con altri produttori di questa categoria, rendendolo un orologio di lusso accessibile.","og_url":"https:\/\/www.gioielleriagrande.it\/prodotto\/146163\/","og_site_name":"Gioielleria Grande","article_modified_time":"2025-11-22T15:01:05+00:00","og_image":[{"width":425,"height":589,"url":"https:\/\/www.gioielleriagrande.it\/wp-content\/uploads\/2024\/05\/34248AA21.BVA150.png.png","type":"image\/png"}],"twitter_card":"summary_large_image","twitter_misc":{"Est. reading time":"1 minute"},"schema":{"@context":"https:\/\/schema.org","@graph":[{"@type":"WebPage","@id":"https:\/\/www.gioielleriagrande.it\/prodotto\/146163\/","url":"https:\/\/www.gioielleriagrande.it\/prodotto\/146163\/","name":"EXCELLENCE Petite Seconde Guilloch\u00e9 Anthracite Blue REF:34248AA21.BVA150 - Gioielleria Grande","isPartOf":{"@id":"https:\/\/www.gioielleriagrande.it\/#website"},"primaryImageOfPage":{"@id":"https:\/\/www.gioielleriagrande.it\/prodotto\/146163\/#primaryimage"},"image":{"@id":"https:\/\/www.gioielleriagrande.it\/prodotto\/146163\/#primaryimage"},"thumbnailUrl":"https:\/\/www.gioielleriagrande.it\/wp-content\/uploads\/2024\/05\/34248AA21.BVA150.png.png","datePublished":"2024-11-22T15:16:13+00:00","dateModified":"2025-11-22T15:01:05+00:00","breadcrumb":{"@id":"https:\/\/www.gioielleriagrande.it\/prodotto\/146163\/#breadcrumb"},"inLanguage":"en-US","potentialAction":[{"@type":"ReadAction","target":["https:\/\/www.gioielleriagrande.it\/prodotto\/146163\/"]}]},{"@type":"ImageObject","inLanguage":"en-US","@id":"https:\/\/www.gioielleriagrande.it\/prodotto\/146163\/#primaryimage","url":"https:\/\/www.gioielleriagrande.it\/wp-content\/uploads\/2024\/05\/34248AA21.BVA150.png.png","contentUrl":"https:\/\/www.gioielleriagrande.it\/wp-content\/uploads\/2024\/05\/34248AA21.BVA150.png.png","width":425,"height":589,"caption":"34248AA21.BVA150.png.png"},{"@type":"BreadcrumbList","@id":"https:\/\/www.gioielleriagrande.it\/prodotto\/146163\/#breadcrumb","itemListElement":[{"@type":"ListItem","position":1,"name":"Home","item":"https:\/\/www.gioielleriagrande.it\/"},{"@type":"ListItem","position":2,"name":"Shop","item":"https:\/\/www.gioielleriagrande.it\/negozio\/"},{"@type":"ListItem","position":3,"name":"EXCELLENCE Petite Seconde Guilloch\u00e9 Anthracite Blue REF:34248AA21.BVA150"}]},{"@type":"WebSite","@id":"https:\/\/www.gioielleriagrande.it\/#website","url":"https:\/\/www.gioielleriagrande.it\/","name":"Gioielleria Grande","description":"","potentialAction":[{"@type":"SearchAction","target":{"@type":"EntryPoint","urlTemplate":"https:\/\/www.gioielleriagrande.it\/?s={search_term_string}"},"query-input":{"@type":"PropertyValueSpecification","valueRequired":true,"valueName":"search_term_string"}}],"inLanguage":"en-US"}]}},"_links":{"self":[{"href":"https:\/\/www.gioielleriagrande.it\/en\/wp-json\/wp\/v2\/product\/258619","targetHints":{"allow":["GET"]}}],"collection":[{"href":"https:\/\/www.gioielleriagrande.it\/en\/wp-json\/wp\/v2\/product"}],"about":[{"href":"https:\/\/www.gioielleriagrande.it\/en\/wp-json\/wp\/v2\/types\/product"}],"replies":[{"embeddable":true,"href":"https:\/\/www.gioielleriagrande.it\/en\/wp-json\/wp\/v2\/comments?post=258619"}],"wp:featuredmedia":[{"embeddable":true,"href":"https:\/\/www.gioielleriagrande.it\/en\/wp-json\/wp\/v2\/media\/216154"}],"wp:attachment":[{"href":"https:\/\/www.gioielleriagrande.it\/en\/wp-json\/wp\/v2\/media?parent=258619"}],"wp:term":[{"taxonomy":"product_brand","embeddable":true,"href":"https:\/\/www.gioielleriagrande.it\/en\/wp-json\/wp\/v2\/product_brand?post=258619"},{"taxonomy":"product_cat","embeddable":true,"href":"https:\/\/www.gioielleriagrande.it\/en\/wp-json\/wp\/v2\/product_cat?post=258619"},{"taxonomy":"product_tag","embeddable":true,"href":"https:\/\/www.gioielleriagrande.it\/en\/wp-json\/wp\/v2\/product_tag?post=258619"}],"curies":[{"name":"wp","href":"https:\/\/api.w.org\/{rel}","templated":true}]}}