{"id":258728,"date":"2024-11-22T16:45:57","date_gmt":"2024-11-22T15:45:57","guid":{"rendered":"https:\/\/www.gioielleriagrande.it\/prodotto\/144656\/"},"modified":"2025-11-22T16:06:12","modified_gmt":"2025-11-22T15:06:12","slug":"144656","status":"publish","type":"product","link":"https:\/\/www.gioielleriagrande.it\/en\/prodotto\/144656\/","title":{"rendered":"AQUA TERRA 150M\nCO\u2011AXIAL MASTER CHRONOMETER 38 MM\nREF:O22010382003004"},"content":{"rendered":"<p>Questo Aqua Terra da 38 mm con cassa simmetrica in acciaio inossidabile interamente lucido \u00e8 corredato di un meraviglioso bracciale lucido e spazzolato a maglie rotonde.<\/p>\n<p>Il quadrante con finitura spazzolata a raggi di sole nella tonalit\u00e0 OMEGA Summer Blue \u00e8 trattato con PVD e verniciato con una finitura sfumata che riflette il livello di impermeabilit\u00e0 dell\u2019orologio. Presenta lancette rodiate e indici a forma di scafo riempiti di Super-LumiNova azzurra con datario a finestrella blu abbinato a ore 6.<\/p>\n<p>Girando l&#8217;orologio si scopre un logo commemorativo Seamaster stampato, che raffigura Poseidone con il suo tridente e due cavallucci marini: il logo OMEGA originale del 1956 si unisce a quello attuale. Dietro il fondello si cela il calibro OMEGA Co-Axial Master Chronometer 8800, certificato dall\u2019Istituto Federale Svizzero di Metrologia (METAS) secondo i pi\u00f9 elevati standard del settore.<\/p>\n","protected":false},"excerpt":{"rendered":"<p>Questo Aqua Terra da 38 mm con cassa simmetrica in acciaio inossidabile interamente lucido \u00e8 corredato di un meraviglioso bracciale lucido e spazzolato a maglie rotonde.<\/p>\n<p>Il quadrante con finitura spazzolata a raggi di sole nella tonalit\u00e0 OMEGA Summer Blue \u00e8 trattato con PVD e verniciato con una finitura sfumata che riflette il livello di impermeabilit\u00e0 dell\u2019orologio. Presenta lancette rodiate e indici a forma di scafo riempiti di Super-LumiNova azzurra con datario a finestrella blu abbinato a ore 6.<\/p>\n<p>Girando l&#8217;orologio si scopre un logo commemorativo Seamaster stampato, che raffigura Poseidone con il suo tridente e due cavallucci marini: il logo OMEGA originale del 1956 si unisce a quello attuale. Dietro il fondello si cela il calibro OMEGA Co-Axial Master Chronometer 8800, certificato dall\u2019Istituto Federale Svizzero di Metrologia (METAS) secondo i pi\u00f9 elevati standard del settore.<\/p>\n","protected":false},"featured_media":258672,"comment_status":"open","ping_status":"closed","template":"","meta":[],"product_brand":[],"product_cat":[3309],"product_tag":[],"class_list":{"0":"post-258728","1":"product","2":"type-product","3":"status-publish","4":"has-post-thumbnail","6":"brand-3375","7":"shops-3355","8":"shop_area-3357","10":"first","11":"instock","12":"taxable","13":"shipping-taxable","14":"purchasable","15":"product-type-simple"},"yoast_head":"<!-- This site is optimized with the Yoast SEO plugin v25.3 - https:\/\/yoast.com\/wordpress\/plugins\/seo\/ -->\n<title>AQUA TERRA 150M CO\u2011AXIAL MASTER CHRONOMETER 38 MM REF:O22010382003004 - Gioielleria Grande<\/title>\n<meta name=\"robots\" content=\"index, follow, max-snippet:-1, max-image-preview:large, max-video-preview:-1\" \/>\n<link rel=\"canonical\" href=\"https:\/\/www.gioielleriagrande.it\/prodotto\/144656\/\" \/>\n<meta property=\"og:locale\" content=\"en_US\" \/>\n<meta property=\"og:type\" content=\"article\" \/>\n<meta property=\"og:title\" content=\"AQUA TERRA 150M CO\u2011AXIAL MASTER CHRONOMETER 38 MM REF:O22010382003004 - Gioielleria Grande\" \/>\n<meta property=\"og:description\" content=\"Questo Aqua Terra da 38 mm con cassa simmetrica in acciaio inossidabile interamente lucido \u00e8 corredato di un meraviglioso bracciale lucido e spazzolato a maglie rotonde. Il quadrante con finitura spazzolata a raggi di sole nella tonalit\u00e0 OMEGA Summer Blue \u00e8 trattato con PVD e verniciato con una finitura sfumata che riflette il livello di impermeabilit\u00e0 dell\u2019orologio. Presenta lancette rodiate e indici a forma di scafo riempiti di Super-LumiNova azzurra con datario a finestrella blu abbinato a ore 6. Girando l&#039;orologio si scopre un logo commemorativo Seamaster stampato, che raffigura Poseidone con il suo tridente e due cavallucci marini: il logo OMEGA originale del 1956 si unisce a quello attuale. Dietro il fondello si cela il calibro OMEGA Co-Axial Master Chronometer 8800, certificato dall\u2019Istituto Federale Svizzero di Metrologia (METAS) secondo i pi\u00f9 elevati standard del settore.\" \/>\n<meta property=\"og:url\" content=\"https:\/\/www.gioielleriagrande.it\/prodotto\/144656\/\" \/>\n<meta property=\"og:site_name\" content=\"Gioielleria Grande\" \/>\n<meta property=\"article:modified_time\" content=\"2025-11-22T15:06:12+00:00\" \/>\n<meta property=\"og:image\" content=\"https:\/\/www.gioielleriagrande.it\/wp-content\/uploads\/2024\/11\/O22010382003004.png\" \/>\n\t<meta property=\"og:image:width\" content=\"800\" \/>\n\t<meta property=\"og:image:height\" content=\"1100\" \/>\n\t<meta property=\"og:image:type\" content=\"image\/png\" \/>\n<meta name=\"twitter:card\" content=\"summary_large_image\" \/>\n<meta name=\"twitter:label1\" content=\"Est. reading time\" \/>\n\t<meta name=\"twitter:data1\" content=\"1 minute\" \/>\n<script type=\"application\/ld+json\" class=\"yoast-schema-graph\">{\"@context\":\"https:\/\/schema.org\",\"@graph\":[{\"@type\":\"WebPage\",\"@id\":\"https:\/\/www.gioielleriagrande.it\/prodotto\/144656\/\",\"url\":\"https:\/\/www.gioielleriagrande.it\/prodotto\/144656\/\",\"name\":\"AQUA TERRA 150M CO\u2011AXIAL MASTER CHRONOMETER 38 MM REF:O22010382003004 - Gioielleria Grande\",\"isPartOf\":{\"@id\":\"https:\/\/www.gioielleriagrande.it\/#website\"},\"primaryImageOfPage\":{\"@id\":\"https:\/\/www.gioielleriagrande.it\/prodotto\/144656\/#primaryimage\"},\"image\":{\"@id\":\"https:\/\/www.gioielleriagrande.it\/prodotto\/144656\/#primaryimage\"},\"thumbnailUrl\":\"https:\/\/www.gioielleriagrande.it\/wp-content\/uploads\/2024\/11\/O22010382003004.png\",\"datePublished\":\"2024-11-22T15:45:57+00:00\",\"dateModified\":\"2025-11-22T15:06:12+00:00\",\"breadcrumb\":{\"@id\":\"https:\/\/www.gioielleriagrande.it\/prodotto\/144656\/#breadcrumb\"},\"inLanguage\":\"en-US\",\"potentialAction\":[{\"@type\":\"ReadAction\",\"target\":[\"https:\/\/www.gioielleriagrande.it\/prodotto\/144656\/\"]}]},{\"@type\":\"ImageObject\",\"inLanguage\":\"en-US\",\"@id\":\"https:\/\/www.gioielleriagrande.it\/prodotto\/144656\/#primaryimage\",\"url\":\"https:\/\/www.gioielleriagrande.it\/wp-content\/uploads\/2024\/11\/O22010382003004.png\",\"contentUrl\":\"https:\/\/www.gioielleriagrande.it\/wp-content\/uploads\/2024\/11\/O22010382003004.png\",\"width\":800,\"height\":1100,\"caption\":\"O22010382003004.png\"},{\"@type\":\"BreadcrumbList\",\"@id\":\"https:\/\/www.gioielleriagrande.it\/prodotto\/144656\/#breadcrumb\",\"itemListElement\":[{\"@type\":\"ListItem\",\"position\":1,\"name\":\"Home\",\"item\":\"https:\/\/www.gioielleriagrande.it\/\"},{\"@type\":\"ListItem\",\"position\":2,\"name\":\"Shop\",\"item\":\"https:\/\/www.gioielleriagrande.it\/negozio\/\"},{\"@type\":\"ListItem\",\"position\":3,\"name\":\"AQUA TERRA 150M CO\u2011AXIAL MASTER CHRONOMETER 38 MM REF:O22010382003004\"}]},{\"@type\":\"WebSite\",\"@id\":\"https:\/\/www.gioielleriagrande.it\/#website\",\"url\":\"https:\/\/www.gioielleriagrande.it\/\",\"name\":\"Gioielleria Grande\",\"description\":\"\",\"potentialAction\":[{\"@type\":\"SearchAction\",\"target\":{\"@type\":\"EntryPoint\",\"urlTemplate\":\"https:\/\/www.gioielleriagrande.it\/?s={search_term_string}\"},\"query-input\":{\"@type\":\"PropertyValueSpecification\",\"valueRequired\":true,\"valueName\":\"search_term_string\"}}],\"inLanguage\":\"en-US\"}]}<\/script>\n<!-- \/ Yoast SEO plugin. -->","yoast_head_json":{"title":"AQUA TERRA 150M CO\u2011AXIAL MASTER CHRONOMETER 38 MM REF:O22010382003004 - Gioielleria Grande","robots":{"index":"index","follow":"follow","max-snippet":"max-snippet:-1","max-image-preview":"max-image-preview:large","max-video-preview":"max-video-preview:-1"},"canonical":"https:\/\/www.gioielleriagrande.it\/prodotto\/144656\/","og_locale":"en_US","og_type":"article","og_title":"AQUA TERRA 150M CO\u2011AXIAL MASTER CHRONOMETER 38 MM REF:O22010382003004 - Gioielleria Grande","og_description":"Questo Aqua Terra da 38 mm con cassa simmetrica in acciaio inossidabile interamente lucido \u00e8 corredato di un meraviglioso bracciale lucido e spazzolato a maglie rotonde. Il quadrante con finitura spazzolata a raggi di sole nella tonalit\u00e0 OMEGA Summer Blue \u00e8 trattato con PVD e verniciato con una finitura sfumata che riflette il livello di impermeabilit\u00e0 dell\u2019orologio. Presenta lancette rodiate e indici a forma di scafo riempiti di Super-LumiNova azzurra con datario a finestrella blu abbinato a ore 6. Girando l'orologio si scopre un logo commemorativo Seamaster stampato, che raffigura Poseidone con il suo tridente e due cavallucci marini: il logo OMEGA originale del 1956 si unisce a quello attuale. Dietro il fondello si cela il calibro OMEGA Co-Axial Master Chronometer 8800, certificato dall\u2019Istituto Federale Svizzero di Metrologia (METAS) secondo i pi\u00f9 elevati standard del settore.","og_url":"https:\/\/www.gioielleriagrande.it\/prodotto\/144656\/","og_site_name":"Gioielleria Grande","article_modified_time":"2025-11-22T15:06:12+00:00","og_image":[{"width":800,"height":1100,"url":"https:\/\/www.gioielleriagrande.it\/wp-content\/uploads\/2024\/11\/O22010382003004.png","type":"image\/png"}],"twitter_card":"summary_large_image","twitter_misc":{"Est. reading time":"1 minute"},"schema":{"@context":"https:\/\/schema.org","@graph":[{"@type":"WebPage","@id":"https:\/\/www.gioielleriagrande.it\/prodotto\/144656\/","url":"https:\/\/www.gioielleriagrande.it\/prodotto\/144656\/","name":"AQUA TERRA 150M CO\u2011AXIAL MASTER CHRONOMETER 38 MM REF:O22010382003004 - Gioielleria Grande","isPartOf":{"@id":"https:\/\/www.gioielleriagrande.it\/#website"},"primaryImageOfPage":{"@id":"https:\/\/www.gioielleriagrande.it\/prodotto\/144656\/#primaryimage"},"image":{"@id":"https:\/\/www.gioielleriagrande.it\/prodotto\/144656\/#primaryimage"},"thumbnailUrl":"https:\/\/www.gioielleriagrande.it\/wp-content\/uploads\/2024\/11\/O22010382003004.png","datePublished":"2024-11-22T15:45:57+00:00","dateModified":"2025-11-22T15:06:12+00:00","breadcrumb":{"@id":"https:\/\/www.gioielleriagrande.it\/prodotto\/144656\/#breadcrumb"},"inLanguage":"en-US","potentialAction":[{"@type":"ReadAction","target":["https:\/\/www.gioielleriagrande.it\/prodotto\/144656\/"]}]},{"@type":"ImageObject","inLanguage":"en-US","@id":"https:\/\/www.gioielleriagrande.it\/prodotto\/144656\/#primaryimage","url":"https:\/\/www.gioielleriagrande.it\/wp-content\/uploads\/2024\/11\/O22010382003004.png","contentUrl":"https:\/\/www.gioielleriagrande.it\/wp-content\/uploads\/2024\/11\/O22010382003004.png","width":800,"height":1100,"caption":"O22010382003004.png"},{"@type":"BreadcrumbList","@id":"https:\/\/www.gioielleriagrande.it\/prodotto\/144656\/#breadcrumb","itemListElement":[{"@type":"ListItem","position":1,"name":"Home","item":"https:\/\/www.gioielleriagrande.it\/"},{"@type":"ListItem","position":2,"name":"Shop","item":"https:\/\/www.gioielleriagrande.it\/negozio\/"},{"@type":"ListItem","position":3,"name":"AQUA TERRA 150M CO\u2011AXIAL MASTER CHRONOMETER 38 MM REF:O22010382003004"}]},{"@type":"WebSite","@id":"https:\/\/www.gioielleriagrande.it\/#website","url":"https:\/\/www.gioielleriagrande.it\/","name":"Gioielleria Grande","description":"","potentialAction":[{"@type":"SearchAction","target":{"@type":"EntryPoint","urlTemplate":"https:\/\/www.gioielleriagrande.it\/?s={search_term_string}"},"query-input":{"@type":"PropertyValueSpecification","valueRequired":true,"valueName":"search_term_string"}}],"inLanguage":"en-US"}]}},"_links":{"self":[{"href":"https:\/\/www.gioielleriagrande.it\/en\/wp-json\/wp\/v2\/product\/258728","targetHints":{"allow":["GET"]}}],"collection":[{"href":"https:\/\/www.gioielleriagrande.it\/en\/wp-json\/wp\/v2\/product"}],"about":[{"href":"https:\/\/www.gioielleriagrande.it\/en\/wp-json\/wp\/v2\/types\/product"}],"replies":[{"embeddable":true,"href":"https:\/\/www.gioielleriagrande.it\/en\/wp-json\/wp\/v2\/comments?post=258728"}],"wp:featuredmedia":[{"embeddable":true,"href":"https:\/\/www.gioielleriagrande.it\/en\/wp-json\/wp\/v2\/media\/258672"}],"wp:attachment":[{"href":"https:\/\/www.gioielleriagrande.it\/en\/wp-json\/wp\/v2\/media?parent=258728"}],"wp:term":[{"taxonomy":"product_brand","embeddable":true,"href":"https:\/\/www.gioielleriagrande.it\/en\/wp-json\/wp\/v2\/product_brand?post=258728"},{"taxonomy":"product_cat","embeddable":true,"href":"https:\/\/www.gioielleriagrande.it\/en\/wp-json\/wp\/v2\/product_cat?post=258728"},{"taxonomy":"product_tag","embeddable":true,"href":"https:\/\/www.gioielleriagrande.it\/en\/wp-json\/wp\/v2\/product_tag?post=258728"}],"curies":[{"name":"wp","href":"https:\/\/api.w.org\/{rel}","templated":true}]}}