{"id":258750,"date":"2024-11-22T16:48:45","date_gmt":"2024-11-22T15:48:45","guid":{"rendered":"https:\/\/www.gioielleriagrande.it\/prodotto\/152426\/"},"modified":"2026-04-02T10:33:23","modified_gmt":"2026-04-02T08:33:23","slug":"152426","status":"publish","type":"product","link":"https:\/\/www.gioielleriagrande.it\/en\/prodotto\/152426\/","title":{"rendered":"Seamaster Diver 300M Chronometer 41 mm"},"content":{"rendered":"<p>Questo Seamaster 300 di 41 mm con cassa simmetrica in acciaio inossidabile lucido e spazzolato \u00e8 corredato di un bracciale abbinato.<\/p>\n<p> Il quadrante verniciato nella tonalit\u00e0 OMEGA Summer Blue presenta una finitura sfumata che riflette il livello di impermeabilit\u00e0 dell\u2019orologio. In linea con il codice cromatico, le lancette rodiate, gli indici delle ore rientranti e i numeri sono riempiti di Super-LumiNova azzurra.<\/p>\n<p> Girando l&#8217;orologio si scopre un logo commemorativo Seamaster stampato, che raffigura Poseidone con il suo tridente e due cavallucci marini: il logo OMEGA originale del 1956 si unisce a quello attuale. Dietro il fondello si cela il calibro OMEGA Co-Axial Master Chronometer 8912, certificato dall\u2019Istituto Federale Svizzero di Metrologia (METAS) secondo i pi\u00f9 elevati standard del settore.<\/p>\n","protected":false},"excerpt":{"rendered":"<p>Questo Seamaster 300 di 41 mm con cassa simmetrica in acciaio inossidabile lucido e spazzolato \u00e8 corredato di un bracciale abbinato.<\/p>\n<p> Il quadrante verniciato nella tonalit\u00e0 OMEGA Summer Blue presenta una finitura sfumata che riflette il livello di impermeabilit\u00e0 dell\u2019orologio. In linea con il codice cromatico, le lancette rodiate, gli indici delle ore rientranti e i numeri sono riempiti di Super-LumiNova azzurra.<\/p>\n<p> Girando l&#8217;orologio si scopre un logo commemorativo Seamaster stampato, che raffigura Poseidone con il suo tridente e due cavallucci marini: il logo OMEGA originale del 1956 si unisce a quello attuale. Dietro il fondello si cela il calibro OMEGA Co-Axial Master Chronometer 8912, certificato dall\u2019Istituto Federale Svizzero di Metrologia (METAS) secondo i pi\u00f9 elevati standard del settore.<\/p>\n","protected":false},"featured_media":258682,"comment_status":"open","ping_status":"closed","template":"","meta":[],"product_brand":[],"product_cat":[3587],"product_tag":[],"class_list":{"0":"post-258750","1":"product","2":"type-product","3":"status-publish","4":"has-post-thumbnail","6":"brand-3375","7":"line-3801","8":"shops-3355","9":"shop_area-3357","11":"first","12":"instock","13":"taxable","14":"shipping-taxable","15":"purchasable","16":"product-type-simple"},"yoast_head":"<!-- This site is optimized with the Yoast SEO plugin v25.3 - https:\/\/yoast.com\/wordpress\/plugins\/seo\/ -->\n<title>Seamaster Diver 300M Chronometer 41 mm - Gioielleria Grande<\/title>\n<meta name=\"robots\" content=\"index, follow, max-snippet:-1, max-image-preview:large, max-video-preview:-1\" \/>\n<link rel=\"canonical\" href=\"https:\/\/www.gioielleriagrande.it\/prodotto\/152426\/\" \/>\n<meta property=\"og:locale\" content=\"en_US\" \/>\n<meta property=\"og:type\" content=\"article\" \/>\n<meta property=\"og:title\" content=\"Seamaster Diver 300M Chronometer 41 mm - Gioielleria Grande\" \/>\n<meta property=\"og:description\" content=\"Questo Seamaster 300 di 41 mm con cassa simmetrica in acciaio inossidabile lucido e spazzolato \u00e8 corredato di un bracciale abbinato.  Il quadrante verniciato nella tonalit\u00e0 OMEGA Summer Blue presenta una finitura sfumata che riflette il livello di impermeabilit\u00e0 dell\u2019orologio. In linea con il codice cromatico, le lancette rodiate, gli indici delle ore rientranti e i numeri sono riempiti di Super-LumiNova azzurra.  Girando l&#039;orologio si scopre un logo commemorativo Seamaster stampato, che raffigura Poseidone con il suo tridente e due cavallucci marini: il logo OMEGA originale del 1956 si unisce a quello attuale. Dietro il fondello si cela il calibro OMEGA Co-Axial Master Chronometer 8912, certificato dall\u2019Istituto Federale Svizzero di Metrologia (METAS) secondo i pi\u00f9 elevati standard del settore.\" \/>\n<meta property=\"og:url\" content=\"https:\/\/www.gioielleriagrande.it\/prodotto\/152426\/\" \/>\n<meta property=\"og:site_name\" content=\"Gioielleria Grande\" \/>\n<meta property=\"article:modified_time\" content=\"2026-04-02T08:33:23+00:00\" \/>\n<meta property=\"og:image\" content=\"https:\/\/www.gioielleriagrande.it\/wp-content\/uploads\/2024\/11\/DDDD.jpg\" \/>\n\t<meta property=\"og:image:width\" content=\"1000\" \/>\n\t<meta property=\"og:image:height\" content=\"1000\" \/>\n\t<meta property=\"og:image:type\" content=\"image\/jpeg\" \/>\n<meta name=\"twitter:card\" content=\"summary_large_image\" \/>\n<meta name=\"twitter:label1\" content=\"Est. reading time\" \/>\n\t<meta name=\"twitter:data1\" content=\"1 minute\" \/>\n<script type=\"application\/ld+json\" class=\"yoast-schema-graph\">{\"@context\":\"https:\/\/schema.org\",\"@graph\":[{\"@type\":\"WebPage\",\"@id\":\"https:\/\/www.gioielleriagrande.it\/prodotto\/152426\/\",\"url\":\"https:\/\/www.gioielleriagrande.it\/prodotto\/152426\/\",\"name\":\"Seamaster Diver 300M Chronometer 41 mm - Gioielleria Grande\",\"isPartOf\":{\"@id\":\"https:\/\/www.gioielleriagrande.it\/#website\"},\"primaryImageOfPage\":{\"@id\":\"https:\/\/www.gioielleriagrande.it\/prodotto\/152426\/#primaryimage\"},\"image\":{\"@id\":\"https:\/\/www.gioielleriagrande.it\/prodotto\/152426\/#primaryimage\"},\"thumbnailUrl\":\"https:\/\/www.gioielleriagrande.it\/wp-content\/uploads\/2024\/11\/DDDD.jpg\",\"datePublished\":\"2024-11-22T15:48:45+00:00\",\"dateModified\":\"2026-04-02T08:33:23+00:00\",\"breadcrumb\":{\"@id\":\"https:\/\/www.gioielleriagrande.it\/prodotto\/152426\/#breadcrumb\"},\"inLanguage\":\"en-US\",\"potentialAction\":[{\"@type\":\"ReadAction\",\"target\":[\"https:\/\/www.gioielleriagrande.it\/prodotto\/152426\/\"]}]},{\"@type\":\"ImageObject\",\"inLanguage\":\"en-US\",\"@id\":\"https:\/\/www.gioielleriagrande.it\/prodotto\/152426\/#primaryimage\",\"url\":\"https:\/\/www.gioielleriagrande.it\/wp-content\/uploads\/2024\/11\/DDDD.jpg\",\"contentUrl\":\"https:\/\/www.gioielleriagrande.it\/wp-content\/uploads\/2024\/11\/DDDD.jpg\",\"width\":1000,\"height\":1000,\"caption\":\"DDDD.jpg\"},{\"@type\":\"BreadcrumbList\",\"@id\":\"https:\/\/www.gioielleriagrande.it\/prodotto\/152426\/#breadcrumb\",\"itemListElement\":[{\"@type\":\"ListItem\",\"position\":1,\"name\":\"Home\",\"item\":\"https:\/\/www.gioielleriagrande.it\/\"},{\"@type\":\"ListItem\",\"position\":2,\"name\":\"Shop\",\"item\":\"https:\/\/www.gioielleriagrande.it\/negozio\/\"},{\"@type\":\"ListItem\",\"position\":3,\"name\":\"Seamaster Diver 300M Chronometer 41 mm\"}]},{\"@type\":\"WebSite\",\"@id\":\"https:\/\/www.gioielleriagrande.it\/#website\",\"url\":\"https:\/\/www.gioielleriagrande.it\/\",\"name\":\"Gioielleria Grande\",\"description\":\"\",\"potentialAction\":[{\"@type\":\"SearchAction\",\"target\":{\"@type\":\"EntryPoint\",\"urlTemplate\":\"https:\/\/www.gioielleriagrande.it\/?s={search_term_string}\"},\"query-input\":{\"@type\":\"PropertyValueSpecification\",\"valueRequired\":true,\"valueName\":\"search_term_string\"}}],\"inLanguage\":\"en-US\"}]}<\/script>\n<!-- \/ Yoast SEO plugin. -->","yoast_head_json":{"title":"Seamaster Diver 300M Chronometer 41 mm - Gioielleria Grande","robots":{"index":"index","follow":"follow","max-snippet":"max-snippet:-1","max-image-preview":"max-image-preview:large","max-video-preview":"max-video-preview:-1"},"canonical":"https:\/\/www.gioielleriagrande.it\/prodotto\/152426\/","og_locale":"en_US","og_type":"article","og_title":"Seamaster Diver 300M Chronometer 41 mm - Gioielleria Grande","og_description":"Questo Seamaster 300 di 41 mm con cassa simmetrica in acciaio inossidabile lucido e spazzolato \u00e8 corredato di un bracciale abbinato.  Il quadrante verniciato nella tonalit\u00e0 OMEGA Summer Blue presenta una finitura sfumata che riflette il livello di impermeabilit\u00e0 dell\u2019orologio. In linea con il codice cromatico, le lancette rodiate, gli indici delle ore rientranti e i numeri sono riempiti di Super-LumiNova azzurra.  Girando l'orologio si scopre un logo commemorativo Seamaster stampato, che raffigura Poseidone con il suo tridente e due cavallucci marini: il logo OMEGA originale del 1956 si unisce a quello attuale. Dietro il fondello si cela il calibro OMEGA Co-Axial Master Chronometer 8912, certificato dall\u2019Istituto Federale Svizzero di Metrologia (METAS) secondo i pi\u00f9 elevati standard del settore.","og_url":"https:\/\/www.gioielleriagrande.it\/prodotto\/152426\/","og_site_name":"Gioielleria Grande","article_modified_time":"2026-04-02T08:33:23+00:00","og_image":[{"width":1000,"height":1000,"url":"https:\/\/www.gioielleriagrande.it\/wp-content\/uploads\/2024\/11\/DDDD.jpg","type":"image\/jpeg"}],"twitter_card":"summary_large_image","twitter_misc":{"Est. reading time":"1 minute"},"schema":{"@context":"https:\/\/schema.org","@graph":[{"@type":"WebPage","@id":"https:\/\/www.gioielleriagrande.it\/prodotto\/152426\/","url":"https:\/\/www.gioielleriagrande.it\/prodotto\/152426\/","name":"Seamaster Diver 300M Chronometer 41 mm - Gioielleria Grande","isPartOf":{"@id":"https:\/\/www.gioielleriagrande.it\/#website"},"primaryImageOfPage":{"@id":"https:\/\/www.gioielleriagrande.it\/prodotto\/152426\/#primaryimage"},"image":{"@id":"https:\/\/www.gioielleriagrande.it\/prodotto\/152426\/#primaryimage"},"thumbnailUrl":"https:\/\/www.gioielleriagrande.it\/wp-content\/uploads\/2024\/11\/DDDD.jpg","datePublished":"2024-11-22T15:48:45+00:00","dateModified":"2026-04-02T08:33:23+00:00","breadcrumb":{"@id":"https:\/\/www.gioielleriagrande.it\/prodotto\/152426\/#breadcrumb"},"inLanguage":"en-US","potentialAction":[{"@type":"ReadAction","target":["https:\/\/www.gioielleriagrande.it\/prodotto\/152426\/"]}]},{"@type":"ImageObject","inLanguage":"en-US","@id":"https:\/\/www.gioielleriagrande.it\/prodotto\/152426\/#primaryimage","url":"https:\/\/www.gioielleriagrande.it\/wp-content\/uploads\/2024\/11\/DDDD.jpg","contentUrl":"https:\/\/www.gioielleriagrande.it\/wp-content\/uploads\/2024\/11\/DDDD.jpg","width":1000,"height":1000,"caption":"DDDD.jpg"},{"@type":"BreadcrumbList","@id":"https:\/\/www.gioielleriagrande.it\/prodotto\/152426\/#breadcrumb","itemListElement":[{"@type":"ListItem","position":1,"name":"Home","item":"https:\/\/www.gioielleriagrande.it\/"},{"@type":"ListItem","position":2,"name":"Shop","item":"https:\/\/www.gioielleriagrande.it\/negozio\/"},{"@type":"ListItem","position":3,"name":"Seamaster Diver 300M Chronometer 41 mm"}]},{"@type":"WebSite","@id":"https:\/\/www.gioielleriagrande.it\/#website","url":"https:\/\/www.gioielleriagrande.it\/","name":"Gioielleria Grande","description":"","potentialAction":[{"@type":"SearchAction","target":{"@type":"EntryPoint","urlTemplate":"https:\/\/www.gioielleriagrande.it\/?s={search_term_string}"},"query-input":{"@type":"PropertyValueSpecification","valueRequired":true,"valueName":"search_term_string"}}],"inLanguage":"en-US"}]}},"_links":{"self":[{"href":"https:\/\/www.gioielleriagrande.it\/en\/wp-json\/wp\/v2\/product\/258750","targetHints":{"allow":["GET"]}}],"collection":[{"href":"https:\/\/www.gioielleriagrande.it\/en\/wp-json\/wp\/v2\/product"}],"about":[{"href":"https:\/\/www.gioielleriagrande.it\/en\/wp-json\/wp\/v2\/types\/product"}],"replies":[{"embeddable":true,"href":"https:\/\/www.gioielleriagrande.it\/en\/wp-json\/wp\/v2\/comments?post=258750"}],"wp:featuredmedia":[{"embeddable":true,"href":"https:\/\/www.gioielleriagrande.it\/en\/wp-json\/wp\/v2\/media\/258682"}],"wp:attachment":[{"href":"https:\/\/www.gioielleriagrande.it\/en\/wp-json\/wp\/v2\/media?parent=258750"}],"wp:term":[{"taxonomy":"product_brand","embeddable":true,"href":"https:\/\/www.gioielleriagrande.it\/en\/wp-json\/wp\/v2\/product_brand?post=258750"},{"taxonomy":"product_cat","embeddable":true,"href":"https:\/\/www.gioielleriagrande.it\/en\/wp-json\/wp\/v2\/product_cat?post=258750"},{"taxonomy":"product_tag","embeddable":true,"href":"https:\/\/www.gioielleriagrande.it\/en\/wp-json\/wp\/v2\/product_tag?post=258750"}],"curies":[{"name":"wp","href":"https:\/\/api.w.org\/{rel}","templated":true}]}}