{"id":269240,"date":"2024-12-11T15:42:21","date_gmt":"2024-12-11T14:42:21","guid":{"rendered":"https:\/\/www.gioielleriagrande.it\/prodotto\/153798\/"},"modified":"2026-02-12T11:49:01","modified_gmt":"2026-02-12T10:49:01","slug":"153798","status":"publish","type":"product","link":"https:\/\/www.gioielleriagrande.it\/en\/prodotto\/153798\/","title":{"rendered":"Wild ONE 42mm\nBlue\n\nREF: NNQ3000QBA1A\/A001"},"content":{"rendered":"<p>Realizzato con il nostro materiale in fibra di carbonio NORTEQ\u00ae brevettato, ultra resistente e ultraleggero, il Wild ONE \u00e8 l&#8217;orologio sportivo ad alte prestazioni per eccellenza. Sei volte pi\u00f9 leggero dell&#8217;acciaio e 3,5 volte pi\u00f9 leggero del titanio, questo Wild ONE \u00e8 stato progettato in collaborazione con Jean-Claude Biver, il team NORQAIN e i migliori fornitori svizzeri.<\/p>\n","protected":false},"excerpt":{"rendered":"<p>Realizzato con il nostro materiale in fibra di carbonio NORTEQ\u00ae brevettato, ultra resistente e ultraleggero, il Wild ONE \u00e8 l&#8217;orologio sportivo ad alte prestazioni per eccellenza. Sei volte pi\u00f9 leggero dell&#8217;acciaio e 3,5 volte pi\u00f9 leggero del titanio, questo Wild ONE \u00e8 stato progettato in collaborazione con Jean-Claude Biver, il team NORQAIN e i migliori fornitori svizzeri.<\/p>\n","protected":false},"featured_media":267819,"comment_status":"open","ping_status":"closed","template":"","meta":[],"product_brand":[],"product_cat":[3309],"product_tag":[],"class_list":{"0":"post-269240","1":"product","2":"type-product","3":"status-publish","4":"has-post-thumbnail","6":"brand-7843","7":"line-7848","8":"shops-3355","9":"shop_area-3357","11":"first","12":"instock","13":"taxable","14":"shipping-taxable","15":"purchasable","16":"product-type-simple"},"yoast_head":"<!-- This site is optimized with the Yoast SEO plugin v25.3 - https:\/\/yoast.com\/wordpress\/plugins\/seo\/ -->\n<title>Wild ONE 42mm Blue REF: NNQ3000QBA1A\/A001 - Gioielleria Grande<\/title>\n<meta name=\"robots\" content=\"index, follow, max-snippet:-1, max-image-preview:large, max-video-preview:-1\" \/>\n<link rel=\"canonical\" href=\"https:\/\/www.gioielleriagrande.it\/prodotto\/153798\/\" \/>\n<meta property=\"og:locale\" content=\"en_US\" \/>\n<meta property=\"og:type\" content=\"article\" \/>\n<meta property=\"og:title\" content=\"Wild ONE 42mm Blue REF: NNQ3000QBA1A\/A001 - Gioielleria Grande\" \/>\n<meta property=\"og:description\" content=\"Realizzato con il nostro materiale in fibra di carbonio NORTEQ\u00ae brevettato, ultra resistente e ultraleggero, il Wild ONE \u00e8 l&#039;orologio sportivo ad alte prestazioni per eccellenza. Sei volte pi\u00f9 leggero dell&#039;acciaio e 3,5 volte pi\u00f9 leggero del titanio, questo Wild ONE \u00e8 stato progettato in collaborazione con Jean-Claude Biver, il team NORQAIN e i migliori fornitori svizzeri.\" \/>\n<meta property=\"og:url\" content=\"https:\/\/www.gioielleriagrande.it\/prodotto\/153798\/\" \/>\n<meta property=\"og:site_name\" content=\"Gioielleria Grande\" \/>\n<meta property=\"article:modified_time\" content=\"2026-02-12T10:49:01+00:00\" \/>\n<meta property=\"og:image\" content=\"https:\/\/www.gioielleriagrande.it\/wp-content\/uploads\/2024\/12\/OIP-2-1.jpg\" \/>\n\t<meta property=\"og:image:width\" content=\"230\" \/>\n\t<meta property=\"og:image:height\" content=\"234\" \/>\n\t<meta property=\"og:image:type\" content=\"image\/jpeg\" \/>\n<meta name=\"twitter:card\" content=\"summary_large_image\" \/>\n<script type=\"application\/ld+json\" class=\"yoast-schema-graph\">{\"@context\":\"https:\/\/schema.org\",\"@graph\":[{\"@type\":\"WebPage\",\"@id\":\"https:\/\/www.gioielleriagrande.it\/prodotto\/153798\/\",\"url\":\"https:\/\/www.gioielleriagrande.it\/prodotto\/153798\/\",\"name\":\"Wild ONE 42mm Blue REF: NNQ3000QBA1A\/A001 - Gioielleria Grande\",\"isPartOf\":{\"@id\":\"https:\/\/www.gioielleriagrande.it\/#website\"},\"primaryImageOfPage\":{\"@id\":\"https:\/\/www.gioielleriagrande.it\/prodotto\/153798\/#primaryimage\"},\"image\":{\"@id\":\"https:\/\/www.gioielleriagrande.it\/prodotto\/153798\/#primaryimage\"},\"thumbnailUrl\":\"https:\/\/www.gioielleriagrande.it\/wp-content\/uploads\/2024\/12\/OIP-2-1.jpg\",\"datePublished\":\"2024-12-11T14:42:21+00:00\",\"dateModified\":\"2026-02-12T10:49:01+00:00\",\"breadcrumb\":{\"@id\":\"https:\/\/www.gioielleriagrande.it\/prodotto\/153798\/#breadcrumb\"},\"inLanguage\":\"en-US\",\"potentialAction\":[{\"@type\":\"ReadAction\",\"target\":[\"https:\/\/www.gioielleriagrande.it\/prodotto\/153798\/\"]}]},{\"@type\":\"ImageObject\",\"inLanguage\":\"en-US\",\"@id\":\"https:\/\/www.gioielleriagrande.it\/prodotto\/153798\/#primaryimage\",\"url\":\"https:\/\/www.gioielleriagrande.it\/wp-content\/uploads\/2024\/12\/OIP-2-1.jpg\",\"contentUrl\":\"https:\/\/www.gioielleriagrande.it\/wp-content\/uploads\/2024\/12\/OIP-2-1.jpg\",\"width\":230,\"height\":234,\"caption\":\"OIP (2).jpg\"},{\"@type\":\"BreadcrumbList\",\"@id\":\"https:\/\/www.gioielleriagrande.it\/prodotto\/153798\/#breadcrumb\",\"itemListElement\":[{\"@type\":\"ListItem\",\"position\":1,\"name\":\"Home\",\"item\":\"https:\/\/www.gioielleriagrande.it\/\"},{\"@type\":\"ListItem\",\"position\":2,\"name\":\"Shop\",\"item\":\"https:\/\/www.gioielleriagrande.it\/negozio\/\"},{\"@type\":\"ListItem\",\"position\":3,\"name\":\"Wild ONE 42mm Blue REF: NNQ3000QBA1A\/A001\"}]},{\"@type\":\"WebSite\",\"@id\":\"https:\/\/www.gioielleriagrande.it\/#website\",\"url\":\"https:\/\/www.gioielleriagrande.it\/\",\"name\":\"Gioielleria Grande\",\"description\":\"\",\"potentialAction\":[{\"@type\":\"SearchAction\",\"target\":{\"@type\":\"EntryPoint\",\"urlTemplate\":\"https:\/\/www.gioielleriagrande.it\/?s={search_term_string}\"},\"query-input\":{\"@type\":\"PropertyValueSpecification\",\"valueRequired\":true,\"valueName\":\"search_term_string\"}}],\"inLanguage\":\"en-US\"}]}<\/script>\n<!-- \/ Yoast SEO plugin. -->","yoast_head_json":{"title":"Wild ONE 42mm Blue REF: NNQ3000QBA1A\/A001 - Gioielleria Grande","robots":{"index":"index","follow":"follow","max-snippet":"max-snippet:-1","max-image-preview":"max-image-preview:large","max-video-preview":"max-video-preview:-1"},"canonical":"https:\/\/www.gioielleriagrande.it\/prodotto\/153798\/","og_locale":"en_US","og_type":"article","og_title":"Wild ONE 42mm Blue REF: NNQ3000QBA1A\/A001 - Gioielleria Grande","og_description":"Realizzato con il nostro materiale in fibra di carbonio NORTEQ\u00ae brevettato, ultra resistente e ultraleggero, il Wild ONE \u00e8 l'orologio sportivo ad alte prestazioni per eccellenza. Sei volte pi\u00f9 leggero dell'acciaio e 3,5 volte pi\u00f9 leggero del titanio, questo Wild ONE \u00e8 stato progettato in collaborazione con Jean-Claude Biver, il team NORQAIN e i migliori fornitori svizzeri.","og_url":"https:\/\/www.gioielleriagrande.it\/prodotto\/153798\/","og_site_name":"Gioielleria Grande","article_modified_time":"2026-02-12T10:49:01+00:00","og_image":[{"width":230,"height":234,"url":"https:\/\/www.gioielleriagrande.it\/wp-content\/uploads\/2024\/12\/OIP-2-1.jpg","type":"image\/jpeg"}],"twitter_card":"summary_large_image","schema":{"@context":"https:\/\/schema.org","@graph":[{"@type":"WebPage","@id":"https:\/\/www.gioielleriagrande.it\/prodotto\/153798\/","url":"https:\/\/www.gioielleriagrande.it\/prodotto\/153798\/","name":"Wild ONE 42mm Blue REF: NNQ3000QBA1A\/A001 - Gioielleria Grande","isPartOf":{"@id":"https:\/\/www.gioielleriagrande.it\/#website"},"primaryImageOfPage":{"@id":"https:\/\/www.gioielleriagrande.it\/prodotto\/153798\/#primaryimage"},"image":{"@id":"https:\/\/www.gioielleriagrande.it\/prodotto\/153798\/#primaryimage"},"thumbnailUrl":"https:\/\/www.gioielleriagrande.it\/wp-content\/uploads\/2024\/12\/OIP-2-1.jpg","datePublished":"2024-12-11T14:42:21+00:00","dateModified":"2026-02-12T10:49:01+00:00","breadcrumb":{"@id":"https:\/\/www.gioielleriagrande.it\/prodotto\/153798\/#breadcrumb"},"inLanguage":"en-US","potentialAction":[{"@type":"ReadAction","target":["https:\/\/www.gioielleriagrande.it\/prodotto\/153798\/"]}]},{"@type":"ImageObject","inLanguage":"en-US","@id":"https:\/\/www.gioielleriagrande.it\/prodotto\/153798\/#primaryimage","url":"https:\/\/www.gioielleriagrande.it\/wp-content\/uploads\/2024\/12\/OIP-2-1.jpg","contentUrl":"https:\/\/www.gioielleriagrande.it\/wp-content\/uploads\/2024\/12\/OIP-2-1.jpg","width":230,"height":234,"caption":"OIP (2).jpg"},{"@type":"BreadcrumbList","@id":"https:\/\/www.gioielleriagrande.it\/prodotto\/153798\/#breadcrumb","itemListElement":[{"@type":"ListItem","position":1,"name":"Home","item":"https:\/\/www.gioielleriagrande.it\/"},{"@type":"ListItem","position":2,"name":"Shop","item":"https:\/\/www.gioielleriagrande.it\/negozio\/"},{"@type":"ListItem","position":3,"name":"Wild ONE 42mm Blue REF: NNQ3000QBA1A\/A001"}]},{"@type":"WebSite","@id":"https:\/\/www.gioielleriagrande.it\/#website","url":"https:\/\/www.gioielleriagrande.it\/","name":"Gioielleria Grande","description":"","potentialAction":[{"@type":"SearchAction","target":{"@type":"EntryPoint","urlTemplate":"https:\/\/www.gioielleriagrande.it\/?s={search_term_string}"},"query-input":{"@type":"PropertyValueSpecification","valueRequired":true,"valueName":"search_term_string"}}],"inLanguage":"en-US"}]}},"_links":{"self":[{"href":"https:\/\/www.gioielleriagrande.it\/en\/wp-json\/wp\/v2\/product\/269240","targetHints":{"allow":["GET"]}}],"collection":[{"href":"https:\/\/www.gioielleriagrande.it\/en\/wp-json\/wp\/v2\/product"}],"about":[{"href":"https:\/\/www.gioielleriagrande.it\/en\/wp-json\/wp\/v2\/types\/product"}],"replies":[{"embeddable":true,"href":"https:\/\/www.gioielleriagrande.it\/en\/wp-json\/wp\/v2\/comments?post=269240"}],"wp:featuredmedia":[{"embeddable":true,"href":"https:\/\/www.gioielleriagrande.it\/en\/wp-json\/wp\/v2\/media\/267819"}],"wp:attachment":[{"href":"https:\/\/www.gioielleriagrande.it\/en\/wp-json\/wp\/v2\/media?parent=269240"}],"wp:term":[{"taxonomy":"product_brand","embeddable":true,"href":"https:\/\/www.gioielleriagrande.it\/en\/wp-json\/wp\/v2\/product_brand?post=269240"},{"taxonomy":"product_cat","embeddable":true,"href":"https:\/\/www.gioielleriagrande.it\/en\/wp-json\/wp\/v2\/product_cat?post=269240"},{"taxonomy":"product_tag","embeddable":true,"href":"https:\/\/www.gioielleriagrande.it\/en\/wp-json\/wp\/v2\/product_tag?post=269240"}],"curies":[{"name":"wp","href":"https:\/\/api.w.org\/{rel}","templated":true}]}}