{"id":335007,"date":"2025-02-22T13:21:48","date_gmt":"2025-02-22T12:21:48","guid":{"rendered":"https:\/\/www.gioielleriagrande.it\/prodotto\/125432\/"},"modified":"2025-11-22T16:48:17","modified_gmt":"2025-11-22T15:48:17","slug":"125432","status":"publish","type":"product","link":"https:\/\/www.gioielleriagrande.it\/en\/prodotto\/125432\/","title":{"rendered":"PREMIER B01 CHRONOGRAPH\nREF:AB014522B1A1"},"content":{"rendered":"<p>All\u2019inizio degli anni \u201940, Willy Breitling stava gi\u00e0 sognando un periodo post-conflitto, dove l\u2019utilit\u00e0 avrebbe lasciato spazio a un ottimismo senza freni. Inizi\u00f2 a disegnare un cronografo funzionale, ma al contempo innegabilmente elegante, da poter indossare all\u2019infinito e che fosse, per usare le sue stesse parole, \u00abil segno inequivocabile di un gusto impeccabile\u00bb. E chiam\u00f2 questa nuova linea Premier. Per creare il Premier moderno, Breitling ha preservato i dettagli distintivi della versione vintage, compresa la lunetta liscia fissa, il quadrante con doppio registro, i pulsanti rettangolari affusolati e i numeri arabi applicati. Il Premier B01 Chronograph 42 si propone in una gamma di colori del quadrante e di materiali della cassa. \u00c8 disponibile con una variet\u00e0 di classici cinturini in pelle di coccodrillo o con un elegante bracciale in metallo a sette file. Il Premier moderno \u00e8 anche all\u2019altezza dei rigidi standard tecnici di Willy Breitling, con il suo eccezionale movimento a carica automatica \u2013 il calibro di manifattura Breitling 01 certificato COSC \u2013 progettato per la massima precisione, affidabilit\u00e0 e funzionalit\u00e0<\/p>\n","protected":false},"excerpt":{"rendered":"<p>All\u2019inizio degli anni \u201940, Willy Breitling stava gi\u00e0 sognando un periodo post-conflitto, dove l\u2019utilit\u00e0 avrebbe lasciato spazio a un ottimismo senza freni. Inizi\u00f2 a disegnare un cronografo funzionale, ma al contempo innegabilmente elegante, da poter indossare all\u2019infinito e che fosse, per usare le sue stesse parole, \u00abil segno inequivocabile di un gusto impeccabile\u00bb. E chiam\u00f2 questa nuova linea Premier. Per creare il Premier moderno, Breitling ha preservato i dettagli distintivi della versione vintage, compresa la lunetta liscia fissa, il quadrante con doppio registro, i pulsanti rettangolari affusolati e i numeri arabi applicati. Il Premier B01 Chronograph 42 si propone in una gamma di colori del quadrante e di materiali della cassa. \u00c8 disponibile con una variet\u00e0 di classici cinturini in pelle di coccodrillo o con un elegante bracciale in metallo a sette file. Il Premier moderno \u00e8 anche all\u2019altezza dei rigidi standard tecnici di Willy Breitling, con il suo eccezionale movimento a carica automatica \u2013 il calibro di manifattura Breitling 01 certificato COSC \u2013 progettato per la massima precisione, affidabilit\u00e0 e funzionalit\u00e0<\/p>\n","protected":false},"featured_media":333716,"comment_status":"open","ping_status":"closed","template":"","meta":[],"product_brand":[],"product_cat":[3309],"product_tag":[],"class_list":{"0":"post-335007","1":"product","2":"type-product","3":"status-publish","4":"has-post-thumbnail","6":"brand-3339","7":"shops-3355","8":"shop_area-3357","10":"first","11":"instock","12":"taxable","13":"shipping-taxable","14":"purchasable","15":"product-type-simple"},"yoast_head":"<!-- This site is optimized with the Yoast SEO plugin v25.3 - https:\/\/yoast.com\/wordpress\/plugins\/seo\/ -->\n<title>PREMIER B01 CHRONOGRAPH REF:AB014522B1A1 - Gioielleria Grande<\/title>\n<meta name=\"robots\" content=\"index, follow, max-snippet:-1, max-image-preview:large, max-video-preview:-1\" \/>\n<link rel=\"canonical\" href=\"https:\/\/www.gioielleriagrande.it\/prodotto\/125432\/\" \/>\n<meta property=\"og:locale\" content=\"en_US\" \/>\n<meta property=\"og:type\" content=\"article\" \/>\n<meta property=\"og:title\" content=\"PREMIER B01 CHRONOGRAPH REF:AB014522B1A1 - Gioielleria Grande\" \/>\n<meta property=\"og:description\" content=\"All\u2019inizio degli anni \u201940, Willy Breitling stava gi\u00e0 sognando un periodo post-conflitto, dove l\u2019utilit\u00e0 avrebbe lasciato spazio a un ottimismo senza freni. Inizi\u00f2 a disegnare un cronografo funzionale, ma al contempo innegabilmente elegante, da poter indossare all\u2019infinito e che fosse, per usare le sue stesse parole, \u00abil segno inequivocabile di un gusto impeccabile\u00bb. E chiam\u00f2 questa nuova linea Premier. Per creare il Premier moderno, Breitling ha preservato i dettagli distintivi della versione vintage, compresa la lunetta liscia fissa, il quadrante con doppio registro, i pulsanti rettangolari affusolati e i numeri arabi applicati. Il Premier B01 Chronograph 42 si propone in una gamma di colori del quadrante e di materiali della cassa. \u00c8 disponibile con una variet\u00e0 di classici cinturini in pelle di coccodrillo o con un elegante bracciale in metallo a sette file. Il Premier moderno \u00e8 anche all\u2019altezza dei rigidi standard tecnici di Willy Breitling, con il suo eccezionale movimento a carica automatica \u2013 il calibro di manifattura Breitling 01 certificato COSC \u2013 progettato per la massima precisione, affidabilit\u00e0 e funzionalit\u00e0\" \/>\n<meta property=\"og:url\" content=\"https:\/\/www.gioielleriagrande.it\/prodotto\/125432\/\" \/>\n<meta property=\"og:site_name\" content=\"Gioielleria Grande\" \/>\n<meta property=\"article:modified_time\" content=\"2025-11-22T15:48:17+00:00\" \/>\n<meta property=\"og:image\" content=\"https:\/\/www.gioielleriagrande.it\/wp-content\/uploads\/2025\/02\/OIP-7-3.jpg\" \/>\n\t<meta property=\"og:image:width\" content=\"154\" \/>\n\t<meta property=\"og:image:height\" content=\"249\" \/>\n\t<meta property=\"og:image:type\" content=\"image\/jpeg\" \/>\n<meta name=\"twitter:card\" content=\"summary_large_image\" \/>\n<meta name=\"twitter:label1\" content=\"Est. reading time\" \/>\n\t<meta name=\"twitter:data1\" content=\"1 minute\" \/>\n<script type=\"application\/ld+json\" class=\"yoast-schema-graph\">{\"@context\":\"https:\/\/schema.org\",\"@graph\":[{\"@type\":\"WebPage\",\"@id\":\"https:\/\/www.gioielleriagrande.it\/prodotto\/125432\/\",\"url\":\"https:\/\/www.gioielleriagrande.it\/prodotto\/125432\/\",\"name\":\"PREMIER B01 CHRONOGRAPH REF:AB014522B1A1 - Gioielleria Grande\",\"isPartOf\":{\"@id\":\"https:\/\/www.gioielleriagrande.it\/#website\"},\"primaryImageOfPage\":{\"@id\":\"https:\/\/www.gioielleriagrande.it\/prodotto\/125432\/#primaryimage\"},\"image\":{\"@id\":\"https:\/\/www.gioielleriagrande.it\/prodotto\/125432\/#primaryimage\"},\"thumbnailUrl\":\"https:\/\/www.gioielleriagrande.it\/wp-content\/uploads\/2025\/02\/OIP-7-3.jpg\",\"datePublished\":\"2025-02-22T12:21:48+00:00\",\"dateModified\":\"2025-11-22T15:48:17+00:00\",\"breadcrumb\":{\"@id\":\"https:\/\/www.gioielleriagrande.it\/prodotto\/125432\/#breadcrumb\"},\"inLanguage\":\"en-US\",\"potentialAction\":[{\"@type\":\"ReadAction\",\"target\":[\"https:\/\/www.gioielleriagrande.it\/prodotto\/125432\/\"]}]},{\"@type\":\"ImageObject\",\"inLanguage\":\"en-US\",\"@id\":\"https:\/\/www.gioielleriagrande.it\/prodotto\/125432\/#primaryimage\",\"url\":\"https:\/\/www.gioielleriagrande.it\/wp-content\/uploads\/2025\/02\/OIP-7-3.jpg\",\"contentUrl\":\"https:\/\/www.gioielleriagrande.it\/wp-content\/uploads\/2025\/02\/OIP-7-3.jpg\",\"width\":154,\"height\":249,\"caption\":\"OIP (7).jpg\"},{\"@type\":\"BreadcrumbList\",\"@id\":\"https:\/\/www.gioielleriagrande.it\/prodotto\/125432\/#breadcrumb\",\"itemListElement\":[{\"@type\":\"ListItem\",\"position\":1,\"name\":\"Home\",\"item\":\"https:\/\/www.gioielleriagrande.it\/\"},{\"@type\":\"ListItem\",\"position\":2,\"name\":\"Shop\",\"item\":\"https:\/\/www.gioielleriagrande.it\/negozio\/\"},{\"@type\":\"ListItem\",\"position\":3,\"name\":\"PREMIER B01 CHRONOGRAPH REF:AB014522B1A1\"}]},{\"@type\":\"WebSite\",\"@id\":\"https:\/\/www.gioielleriagrande.it\/#website\",\"url\":\"https:\/\/www.gioielleriagrande.it\/\",\"name\":\"Gioielleria Grande\",\"description\":\"\",\"potentialAction\":[{\"@type\":\"SearchAction\",\"target\":{\"@type\":\"EntryPoint\",\"urlTemplate\":\"https:\/\/www.gioielleriagrande.it\/?s={search_term_string}\"},\"query-input\":{\"@type\":\"PropertyValueSpecification\",\"valueRequired\":true,\"valueName\":\"search_term_string\"}}],\"inLanguage\":\"en-US\"}]}<\/script>\n<!-- \/ Yoast SEO plugin. -->","yoast_head_json":{"title":"PREMIER B01 CHRONOGRAPH REF:AB014522B1A1 - Gioielleria Grande","robots":{"index":"index","follow":"follow","max-snippet":"max-snippet:-1","max-image-preview":"max-image-preview:large","max-video-preview":"max-video-preview:-1"},"canonical":"https:\/\/www.gioielleriagrande.it\/prodotto\/125432\/","og_locale":"en_US","og_type":"article","og_title":"PREMIER B01 CHRONOGRAPH REF:AB014522B1A1 - Gioielleria Grande","og_description":"All\u2019inizio degli anni \u201940, Willy Breitling stava gi\u00e0 sognando un periodo post-conflitto, dove l\u2019utilit\u00e0 avrebbe lasciato spazio a un ottimismo senza freni. Inizi\u00f2 a disegnare un cronografo funzionale, ma al contempo innegabilmente elegante, da poter indossare all\u2019infinito e che fosse, per usare le sue stesse parole, \u00abil segno inequivocabile di un gusto impeccabile\u00bb. E chiam\u00f2 questa nuova linea Premier. Per creare il Premier moderno, Breitling ha preservato i dettagli distintivi della versione vintage, compresa la lunetta liscia fissa, il quadrante con doppio registro, i pulsanti rettangolari affusolati e i numeri arabi applicati. Il Premier B01 Chronograph 42 si propone in una gamma di colori del quadrante e di materiali della cassa. \u00c8 disponibile con una variet\u00e0 di classici cinturini in pelle di coccodrillo o con un elegante bracciale in metallo a sette file. Il Premier moderno \u00e8 anche all\u2019altezza dei rigidi standard tecnici di Willy Breitling, con il suo eccezionale movimento a carica automatica \u2013 il calibro di manifattura Breitling 01 certificato COSC \u2013 progettato per la massima precisione, affidabilit\u00e0 e funzionalit\u00e0","og_url":"https:\/\/www.gioielleriagrande.it\/prodotto\/125432\/","og_site_name":"Gioielleria Grande","article_modified_time":"2025-11-22T15:48:17+00:00","og_image":[{"width":154,"height":249,"url":"https:\/\/www.gioielleriagrande.it\/wp-content\/uploads\/2025\/02\/OIP-7-3.jpg","type":"image\/jpeg"}],"twitter_card":"summary_large_image","twitter_misc":{"Est. reading time":"1 minute"},"schema":{"@context":"https:\/\/schema.org","@graph":[{"@type":"WebPage","@id":"https:\/\/www.gioielleriagrande.it\/prodotto\/125432\/","url":"https:\/\/www.gioielleriagrande.it\/prodotto\/125432\/","name":"PREMIER B01 CHRONOGRAPH REF:AB014522B1A1 - Gioielleria Grande","isPartOf":{"@id":"https:\/\/www.gioielleriagrande.it\/#website"},"primaryImageOfPage":{"@id":"https:\/\/www.gioielleriagrande.it\/prodotto\/125432\/#primaryimage"},"image":{"@id":"https:\/\/www.gioielleriagrande.it\/prodotto\/125432\/#primaryimage"},"thumbnailUrl":"https:\/\/www.gioielleriagrande.it\/wp-content\/uploads\/2025\/02\/OIP-7-3.jpg","datePublished":"2025-02-22T12:21:48+00:00","dateModified":"2025-11-22T15:48:17+00:00","breadcrumb":{"@id":"https:\/\/www.gioielleriagrande.it\/prodotto\/125432\/#breadcrumb"},"inLanguage":"en-US","potentialAction":[{"@type":"ReadAction","target":["https:\/\/www.gioielleriagrande.it\/prodotto\/125432\/"]}]},{"@type":"ImageObject","inLanguage":"en-US","@id":"https:\/\/www.gioielleriagrande.it\/prodotto\/125432\/#primaryimage","url":"https:\/\/www.gioielleriagrande.it\/wp-content\/uploads\/2025\/02\/OIP-7-3.jpg","contentUrl":"https:\/\/www.gioielleriagrande.it\/wp-content\/uploads\/2025\/02\/OIP-7-3.jpg","width":154,"height":249,"caption":"OIP (7).jpg"},{"@type":"BreadcrumbList","@id":"https:\/\/www.gioielleriagrande.it\/prodotto\/125432\/#breadcrumb","itemListElement":[{"@type":"ListItem","position":1,"name":"Home","item":"https:\/\/www.gioielleriagrande.it\/"},{"@type":"ListItem","position":2,"name":"Shop","item":"https:\/\/www.gioielleriagrande.it\/negozio\/"},{"@type":"ListItem","position":3,"name":"PREMIER B01 CHRONOGRAPH REF:AB014522B1A1"}]},{"@type":"WebSite","@id":"https:\/\/www.gioielleriagrande.it\/#website","url":"https:\/\/www.gioielleriagrande.it\/","name":"Gioielleria Grande","description":"","potentialAction":[{"@type":"SearchAction","target":{"@type":"EntryPoint","urlTemplate":"https:\/\/www.gioielleriagrande.it\/?s={search_term_string}"},"query-input":{"@type":"PropertyValueSpecification","valueRequired":true,"valueName":"search_term_string"}}],"inLanguage":"en-US"}]}},"_links":{"self":[{"href":"https:\/\/www.gioielleriagrande.it\/en\/wp-json\/wp\/v2\/product\/335007","targetHints":{"allow":["GET"]}}],"collection":[{"href":"https:\/\/www.gioielleriagrande.it\/en\/wp-json\/wp\/v2\/product"}],"about":[{"href":"https:\/\/www.gioielleriagrande.it\/en\/wp-json\/wp\/v2\/types\/product"}],"replies":[{"embeddable":true,"href":"https:\/\/www.gioielleriagrande.it\/en\/wp-json\/wp\/v2\/comments?post=335007"}],"wp:featuredmedia":[{"embeddable":true,"href":"https:\/\/www.gioielleriagrande.it\/en\/wp-json\/wp\/v2\/media\/333716"}],"wp:attachment":[{"href":"https:\/\/www.gioielleriagrande.it\/en\/wp-json\/wp\/v2\/media?parent=335007"}],"wp:term":[{"taxonomy":"product_brand","embeddable":true,"href":"https:\/\/www.gioielleriagrande.it\/en\/wp-json\/wp\/v2\/product_brand?post=335007"},{"taxonomy":"product_cat","embeddable":true,"href":"https:\/\/www.gioielleriagrande.it\/en\/wp-json\/wp\/v2\/product_cat?post=335007"},{"taxonomy":"product_tag","embeddable":true,"href":"https:\/\/www.gioielleriagrande.it\/en\/wp-json\/wp\/v2\/product_tag?post=335007"}],"curies":[{"name":"wp","href":"https:\/\/api.w.org\/{rel}","templated":true}]}}