{"id":335021,"date":"2025-02-22T13:22:13","date_gmt":"2025-02-22T12:22:13","guid":{"rendered":"https:\/\/www.gioielleriagrande.it\/prodotto\/127541\/"},"modified":"2025-11-22T16:49:25","modified_gmt":"2025-11-22T15:49:25","slug":"127541","status":"publish","type":"product","link":"https:\/\/www.gioielleriagrande.it\/en\/prodotto\/127541\/","title":{"rendered":"D-SIXTY FIVE CANDY ROSA\nREF:0173377714058-0781918"},"content":{"rendered":"<p>Dietro la giocosa tavolozza di colori degli orologi &#8216;Cotton Candy&#8217; c&#8217;\u00e8 il Divers Sixty-Five, un design contemporaneo che prende il nome dal nostro primo orologio subacqueo del 1965. Ci\u00f2 significa che l&#8217;orologio \u00e8 impermeabile fino a 10 bar (100 metri) e ha un vetro zaffiro, una corona a vite e un movimento meccanico automatico Swiss Made. C&#8217;\u00e8 anche l&#8217;opzione di un bracciale in acciaio inossidabile a tre maglie.<\/p>\n","protected":false},"excerpt":{"rendered":"<p>Dietro la giocosa tavolozza di colori degli orologi &#8216;Cotton Candy&#8217; c&#8217;\u00e8 il Divers Sixty-Five, un design contemporaneo che prende il nome dal nostro primo orologio subacqueo del 1965. Ci\u00f2 significa che l&#8217;orologio \u00e8 impermeabile fino a 10 bar (100 metri) e ha un vetro zaffiro, una corona a vite e un movimento meccanico automatico Swiss Made. C&#8217;\u00e8 anche l&#8217;opzione di un bracciale in acciaio inossidabile a tre maglie.<\/p>\n","protected":false},"featured_media":333636,"comment_status":"open","ping_status":"closed","template":"","meta":[],"product_brand":[],"product_cat":[3309],"product_tag":[],"class_list":{"0":"post-335021","1":"product","2":"type-product","3":"status-publish","4":"has-post-thumbnail","6":"brand-5110","7":"shops-3355","8":"shop_area-3357","10":"first","11":"instock","12":"taxable","13":"shipping-taxable","14":"purchasable","15":"product-type-simple"},"yoast_head":"<!-- This site is optimized with the Yoast SEO plugin v25.3 - https:\/\/yoast.com\/wordpress\/plugins\/seo\/ -->\n<title>D-SIXTY FIVE CANDY ROSA REF:0173377714058-0781918 - Gioielleria Grande<\/title>\n<meta name=\"robots\" content=\"index, follow, max-snippet:-1, max-image-preview:large, max-video-preview:-1\" \/>\n<link rel=\"canonical\" href=\"https:\/\/www.gioielleriagrande.it\/prodotto\/127541\/\" \/>\n<meta property=\"og:locale\" content=\"en_US\" \/>\n<meta property=\"og:type\" content=\"article\" \/>\n<meta property=\"og:title\" content=\"D-SIXTY FIVE CANDY ROSA REF:0173377714058-0781918 - Gioielleria Grande\" \/>\n<meta property=\"og:description\" content=\"Dietro la giocosa tavolozza di colori degli orologi &#039;Cotton Candy&#039; c&#039;\u00e8 il Divers Sixty-Five, un design contemporaneo che prende il nome dal nostro primo orologio subacqueo del 1965. Ci\u00f2 significa che l&#039;orologio \u00e8 impermeabile fino a 10 bar (100 metri) e ha un vetro zaffiro, una corona a vite e un movimento meccanico automatico Swiss Made. C&#039;\u00e8 anche l&#039;opzione di un bracciale in acciaio inossidabile a tre maglie.\" \/>\n<meta property=\"og:url\" content=\"https:\/\/www.gioielleriagrande.it\/prodotto\/127541\/\" \/>\n<meta property=\"og:site_name\" content=\"Gioielleria Grande\" \/>\n<meta property=\"article:modified_time\" content=\"2025-11-22T15:49:25+00:00\" \/>\n<meta property=\"og:image\" content=\"https:\/\/www.gioielleriagrande.it\/wp-content\/uploads\/2025\/02\/OIP-6-1.jpg\" \/>\n\t<meta property=\"og:image:width\" content=\"149\" \/>\n\t<meta property=\"og:image:height\" content=\"239\" \/>\n\t<meta property=\"og:image:type\" content=\"image\/jpeg\" \/>\n<meta name=\"twitter:card\" content=\"summary_large_image\" \/>\n<script type=\"application\/ld+json\" class=\"yoast-schema-graph\">{\"@context\":\"https:\/\/schema.org\",\"@graph\":[{\"@type\":\"WebPage\",\"@id\":\"https:\/\/www.gioielleriagrande.it\/prodotto\/127541\/\",\"url\":\"https:\/\/www.gioielleriagrande.it\/prodotto\/127541\/\",\"name\":\"D-SIXTY FIVE CANDY ROSA REF:0173377714058-0781918 - Gioielleria Grande\",\"isPartOf\":{\"@id\":\"https:\/\/www.gioielleriagrande.it\/#website\"},\"primaryImageOfPage\":{\"@id\":\"https:\/\/www.gioielleriagrande.it\/prodotto\/127541\/#primaryimage\"},\"image\":{\"@id\":\"https:\/\/www.gioielleriagrande.it\/prodotto\/127541\/#primaryimage\"},\"thumbnailUrl\":\"https:\/\/www.gioielleriagrande.it\/wp-content\/uploads\/2025\/02\/OIP-6-1.jpg\",\"datePublished\":\"2025-02-22T12:22:13+00:00\",\"dateModified\":\"2025-11-22T15:49:25+00:00\",\"breadcrumb\":{\"@id\":\"https:\/\/www.gioielleriagrande.it\/prodotto\/127541\/#breadcrumb\"},\"inLanguage\":\"en-US\",\"potentialAction\":[{\"@type\":\"ReadAction\",\"target\":[\"https:\/\/www.gioielleriagrande.it\/prodotto\/127541\/\"]}]},{\"@type\":\"ImageObject\",\"inLanguage\":\"en-US\",\"@id\":\"https:\/\/www.gioielleriagrande.it\/prodotto\/127541\/#primaryimage\",\"url\":\"https:\/\/www.gioielleriagrande.it\/wp-content\/uploads\/2025\/02\/OIP-6-1.jpg\",\"contentUrl\":\"https:\/\/www.gioielleriagrande.it\/wp-content\/uploads\/2025\/02\/OIP-6-1.jpg\",\"width\":149,\"height\":239,\"caption\":\"OIP (6).jpg\"},{\"@type\":\"BreadcrumbList\",\"@id\":\"https:\/\/www.gioielleriagrande.it\/prodotto\/127541\/#breadcrumb\",\"itemListElement\":[{\"@type\":\"ListItem\",\"position\":1,\"name\":\"Home\",\"item\":\"https:\/\/www.gioielleriagrande.it\/\"},{\"@type\":\"ListItem\",\"position\":2,\"name\":\"Shop\",\"item\":\"https:\/\/www.gioielleriagrande.it\/negozio\/\"},{\"@type\":\"ListItem\",\"position\":3,\"name\":\"D-SIXTY FIVE CANDY ROSA REF:0173377714058-0781918\"}]},{\"@type\":\"WebSite\",\"@id\":\"https:\/\/www.gioielleriagrande.it\/#website\",\"url\":\"https:\/\/www.gioielleriagrande.it\/\",\"name\":\"Gioielleria Grande\",\"description\":\"\",\"potentialAction\":[{\"@type\":\"SearchAction\",\"target\":{\"@type\":\"EntryPoint\",\"urlTemplate\":\"https:\/\/www.gioielleriagrande.it\/?s={search_term_string}\"},\"query-input\":{\"@type\":\"PropertyValueSpecification\",\"valueRequired\":true,\"valueName\":\"search_term_string\"}}],\"inLanguage\":\"en-US\"}]}<\/script>\n<!-- \/ Yoast SEO plugin. -->","yoast_head_json":{"title":"D-SIXTY FIVE CANDY ROSA REF:0173377714058-0781918 - Gioielleria Grande","robots":{"index":"index","follow":"follow","max-snippet":"max-snippet:-1","max-image-preview":"max-image-preview:large","max-video-preview":"max-video-preview:-1"},"canonical":"https:\/\/www.gioielleriagrande.it\/prodotto\/127541\/","og_locale":"en_US","og_type":"article","og_title":"D-SIXTY FIVE CANDY ROSA REF:0173377714058-0781918 - Gioielleria Grande","og_description":"Dietro la giocosa tavolozza di colori degli orologi 'Cotton Candy' c'\u00e8 il Divers Sixty-Five, un design contemporaneo che prende il nome dal nostro primo orologio subacqueo del 1965. Ci\u00f2 significa che l'orologio \u00e8 impermeabile fino a 10 bar (100 metri) e ha un vetro zaffiro, una corona a vite e un movimento meccanico automatico Swiss Made. C'\u00e8 anche l'opzione di un bracciale in acciaio inossidabile a tre maglie.","og_url":"https:\/\/www.gioielleriagrande.it\/prodotto\/127541\/","og_site_name":"Gioielleria Grande","article_modified_time":"2025-11-22T15:49:25+00:00","og_image":[{"width":149,"height":239,"url":"https:\/\/www.gioielleriagrande.it\/wp-content\/uploads\/2025\/02\/OIP-6-1.jpg","type":"image\/jpeg"}],"twitter_card":"summary_large_image","schema":{"@context":"https:\/\/schema.org","@graph":[{"@type":"WebPage","@id":"https:\/\/www.gioielleriagrande.it\/prodotto\/127541\/","url":"https:\/\/www.gioielleriagrande.it\/prodotto\/127541\/","name":"D-SIXTY FIVE CANDY ROSA REF:0173377714058-0781918 - Gioielleria Grande","isPartOf":{"@id":"https:\/\/www.gioielleriagrande.it\/#website"},"primaryImageOfPage":{"@id":"https:\/\/www.gioielleriagrande.it\/prodotto\/127541\/#primaryimage"},"image":{"@id":"https:\/\/www.gioielleriagrande.it\/prodotto\/127541\/#primaryimage"},"thumbnailUrl":"https:\/\/www.gioielleriagrande.it\/wp-content\/uploads\/2025\/02\/OIP-6-1.jpg","datePublished":"2025-02-22T12:22:13+00:00","dateModified":"2025-11-22T15:49:25+00:00","breadcrumb":{"@id":"https:\/\/www.gioielleriagrande.it\/prodotto\/127541\/#breadcrumb"},"inLanguage":"en-US","potentialAction":[{"@type":"ReadAction","target":["https:\/\/www.gioielleriagrande.it\/prodotto\/127541\/"]}]},{"@type":"ImageObject","inLanguage":"en-US","@id":"https:\/\/www.gioielleriagrande.it\/prodotto\/127541\/#primaryimage","url":"https:\/\/www.gioielleriagrande.it\/wp-content\/uploads\/2025\/02\/OIP-6-1.jpg","contentUrl":"https:\/\/www.gioielleriagrande.it\/wp-content\/uploads\/2025\/02\/OIP-6-1.jpg","width":149,"height":239,"caption":"OIP (6).jpg"},{"@type":"BreadcrumbList","@id":"https:\/\/www.gioielleriagrande.it\/prodotto\/127541\/#breadcrumb","itemListElement":[{"@type":"ListItem","position":1,"name":"Home","item":"https:\/\/www.gioielleriagrande.it\/"},{"@type":"ListItem","position":2,"name":"Shop","item":"https:\/\/www.gioielleriagrande.it\/negozio\/"},{"@type":"ListItem","position":3,"name":"D-SIXTY FIVE CANDY ROSA REF:0173377714058-0781918"}]},{"@type":"WebSite","@id":"https:\/\/www.gioielleriagrande.it\/#website","url":"https:\/\/www.gioielleriagrande.it\/","name":"Gioielleria Grande","description":"","potentialAction":[{"@type":"SearchAction","target":{"@type":"EntryPoint","urlTemplate":"https:\/\/www.gioielleriagrande.it\/?s={search_term_string}"},"query-input":{"@type":"PropertyValueSpecification","valueRequired":true,"valueName":"search_term_string"}}],"inLanguage":"en-US"}]}},"_links":{"self":[{"href":"https:\/\/www.gioielleriagrande.it\/en\/wp-json\/wp\/v2\/product\/335021","targetHints":{"allow":["GET"]}}],"collection":[{"href":"https:\/\/www.gioielleriagrande.it\/en\/wp-json\/wp\/v2\/product"}],"about":[{"href":"https:\/\/www.gioielleriagrande.it\/en\/wp-json\/wp\/v2\/types\/product"}],"replies":[{"embeddable":true,"href":"https:\/\/www.gioielleriagrande.it\/en\/wp-json\/wp\/v2\/comments?post=335021"}],"wp:featuredmedia":[{"embeddable":true,"href":"https:\/\/www.gioielleriagrande.it\/en\/wp-json\/wp\/v2\/media\/333636"}],"wp:attachment":[{"href":"https:\/\/www.gioielleriagrande.it\/en\/wp-json\/wp\/v2\/media?parent=335021"}],"wp:term":[{"taxonomy":"product_brand","embeddable":true,"href":"https:\/\/www.gioielleriagrande.it\/en\/wp-json\/wp\/v2\/product_brand?post=335021"},{"taxonomy":"product_cat","embeddable":true,"href":"https:\/\/www.gioielleriagrande.it\/en\/wp-json\/wp\/v2\/product_cat?post=335021"},{"taxonomy":"product_tag","embeddable":true,"href":"https:\/\/www.gioielleriagrande.it\/en\/wp-json\/wp\/v2\/product_tag?post=335021"}],"curies":[{"name":"wp","href":"https:\/\/api.w.org\/{rel}","templated":true}]}}