{"id":335027,"date":"2025-02-22T13:22:27","date_gmt":"2025-02-22T12:22:27","guid":{"rendered":"https:\/\/www.gioielleriagrande.it\/prodotto\/127547\/"},"modified":"2025-11-22T16:50:08","modified_gmt":"2025-11-22T15:50:08","slug":"127547","status":"publish","type":"product","link":"https:\/\/www.gioielleriagrande.it\/en\/prodotto\/127547\/","title":{"rendered":"D-SIXTY FIVE ROSA\nREF:0173377714058-0731904S"},"content":{"rendered":"<p>Il nuovo orologio automatico Oris Divers Sixty-Five \u2018Cotton Candy\u2019 nasce con una semplice aspirazione: regalare un sorriso. Il segnatempo ripropone l&#8217;abbinamento di cassa, lunetta, corona e bracciale interamente in bronzo gi\u00e0 adottato da Oris per l&#8217;H\u00f6lstein Edition 2020. La cassa, del diametro di 38 mm \u00e8 unisex e il bronzo che la compone crea la propria storia arricchendosi di una patina unica durante il naturale e affascinante processo di ossidazione. Ciascun modello \u00e8 azionato da un movimento meccanico Swiss Made a carica automatica e offre gli stessi standard di qualit\u00e0 di cui la linea Divers Sixty-Five \u00e8 oggi sinonimo: cristallo zaffiro ricurvo, impermeabilit\u00e0 fino a 10 atmosfere (100 metri), lancette e indici applicati con inserti in luminosa Super-LumiNova\u00ae Perch\u00e9 \u2018Cotton Candy\u2019? Perch\u00e9 questi sono orologi progettati per trasmettere il calore e portare l&#8217;ottimismo dei momenti pi\u00f9 belli.<\/p>\n","protected":false},"excerpt":{"rendered":"<p>Il nuovo orologio automatico Oris Divers Sixty-Five \u2018Cotton Candy\u2019 nasce con una semplice aspirazione: regalare un sorriso. Il segnatempo ripropone l&#8217;abbinamento di cassa, lunetta, corona e bracciale interamente in bronzo gi\u00e0 adottato da Oris per l&#8217;H\u00f6lstein Edition 2020. La cassa, del diametro di 38 mm \u00e8 unisex e il bronzo che la compone crea la propria storia arricchendosi di una patina unica durante il naturale e affascinante processo di ossidazione. Ciascun modello \u00e8 azionato da un movimento meccanico Swiss Made a carica automatica e offre gli stessi standard di qualit\u00e0 di cui la linea Divers Sixty-Five \u00e8 oggi sinonimo: cristallo zaffiro ricurvo, impermeabilit\u00e0 fino a 10 atmosfere (100 metri), lancette e indici applicati con inserti in luminosa Super-LumiNova\u00ae Perch\u00e9 \u2018Cotton Candy\u2019? Perch\u00e9 questi sono orologi progettati per trasmettere il calore e portare l&#8217;ottimismo dei momenti pi\u00f9 belli.<\/p>\n","protected":false},"featured_media":333648,"comment_status":"open","ping_status":"closed","template":"","meta":[],"product_brand":[],"product_cat":[3309],"product_tag":[],"class_list":{"0":"post-335027","1":"product","2":"type-product","3":"status-publish","4":"has-post-thumbnail","6":"brand-5110","7":"shops-3355","8":"shop_area-3357","10":"first","11":"instock","12":"taxable","13":"shipping-taxable","14":"purchasable","15":"product-type-simple"},"yoast_head":"<!-- This site is optimized with the Yoast SEO plugin v25.3 - https:\/\/yoast.com\/wordpress\/plugins\/seo\/ -->\n<title>D-SIXTY FIVE ROSA REF:0173377714058-0731904S - Gioielleria Grande<\/title>\n<meta name=\"robots\" content=\"index, follow, max-snippet:-1, max-image-preview:large, max-video-preview:-1\" \/>\n<link rel=\"canonical\" href=\"https:\/\/www.gioielleriagrande.it\/prodotto\/127547\/\" \/>\n<meta property=\"og:locale\" content=\"en_US\" \/>\n<meta property=\"og:type\" content=\"article\" \/>\n<meta property=\"og:title\" content=\"D-SIXTY FIVE ROSA REF:0173377714058-0731904S - Gioielleria Grande\" \/>\n<meta property=\"og:description\" content=\"Il nuovo orologio automatico Oris Divers Sixty-Five \u2018Cotton Candy\u2019 nasce con una semplice aspirazione: regalare un sorriso. Il segnatempo ripropone l&#039;abbinamento di cassa, lunetta, corona e bracciale interamente in bronzo gi\u00e0 adottato da Oris per l&#039;H\u00f6lstein Edition 2020. La cassa, del diametro di 38 mm \u00e8 unisex e il bronzo che la compone crea la propria storia arricchendosi di una patina unica durante il naturale e affascinante processo di ossidazione. Ciascun modello \u00e8 azionato da un movimento meccanico Swiss Made a carica automatica e offre gli stessi standard di qualit\u00e0 di cui la linea Divers Sixty-Five \u00e8 oggi sinonimo: cristallo zaffiro ricurvo, impermeabilit\u00e0 fino a 10 atmosfere (100 metri), lancette e indici applicati con inserti in luminosa Super-LumiNova\u00ae Perch\u00e9 \u2018Cotton Candy\u2019? Perch\u00e9 questi sono orologi progettati per trasmettere il calore e portare l&#039;ottimismo dei momenti pi\u00f9 belli.\" \/>\n<meta property=\"og:url\" content=\"https:\/\/www.gioielleriagrande.it\/prodotto\/127547\/\" \/>\n<meta property=\"og:site_name\" content=\"Gioielleria Grande\" \/>\n<meta property=\"article:modified_time\" content=\"2025-11-22T15:50:08+00:00\" \/>\n<meta property=\"og:image\" content=\"https:\/\/www.gioielleriagrande.it\/wp-content\/uploads\/2025\/02\/OIP-12-2.jpg\" \/>\n\t<meta property=\"og:image:width\" content=\"149\" \/>\n\t<meta property=\"og:image:height\" content=\"243\" \/>\n\t<meta property=\"og:image:type\" content=\"image\/jpeg\" \/>\n<meta name=\"twitter:card\" content=\"summary_large_image\" \/>\n<meta name=\"twitter:label1\" content=\"Est. reading time\" \/>\n\t<meta name=\"twitter:data1\" content=\"1 minute\" \/>\n<script type=\"application\/ld+json\" class=\"yoast-schema-graph\">{\"@context\":\"https:\/\/schema.org\",\"@graph\":[{\"@type\":\"WebPage\",\"@id\":\"https:\/\/www.gioielleriagrande.it\/prodotto\/127547\/\",\"url\":\"https:\/\/www.gioielleriagrande.it\/prodotto\/127547\/\",\"name\":\"D-SIXTY FIVE ROSA REF:0173377714058-0731904S - Gioielleria Grande\",\"isPartOf\":{\"@id\":\"https:\/\/www.gioielleriagrande.it\/#website\"},\"primaryImageOfPage\":{\"@id\":\"https:\/\/www.gioielleriagrande.it\/prodotto\/127547\/#primaryimage\"},\"image\":{\"@id\":\"https:\/\/www.gioielleriagrande.it\/prodotto\/127547\/#primaryimage\"},\"thumbnailUrl\":\"https:\/\/www.gioielleriagrande.it\/wp-content\/uploads\/2025\/02\/OIP-12-2.jpg\",\"datePublished\":\"2025-02-22T12:22:27+00:00\",\"dateModified\":\"2025-11-22T15:50:08+00:00\",\"breadcrumb\":{\"@id\":\"https:\/\/www.gioielleriagrande.it\/prodotto\/127547\/#breadcrumb\"},\"inLanguage\":\"en-US\",\"potentialAction\":[{\"@type\":\"ReadAction\",\"target\":[\"https:\/\/www.gioielleriagrande.it\/prodotto\/127547\/\"]}]},{\"@type\":\"ImageObject\",\"inLanguage\":\"en-US\",\"@id\":\"https:\/\/www.gioielleriagrande.it\/prodotto\/127547\/#primaryimage\",\"url\":\"https:\/\/www.gioielleriagrande.it\/wp-content\/uploads\/2025\/02\/OIP-12-2.jpg\",\"contentUrl\":\"https:\/\/www.gioielleriagrande.it\/wp-content\/uploads\/2025\/02\/OIP-12-2.jpg\",\"width\":149,\"height\":243,\"caption\":\"OIP (12).jpg\"},{\"@type\":\"BreadcrumbList\",\"@id\":\"https:\/\/www.gioielleriagrande.it\/prodotto\/127547\/#breadcrumb\",\"itemListElement\":[{\"@type\":\"ListItem\",\"position\":1,\"name\":\"Home\",\"item\":\"https:\/\/www.gioielleriagrande.it\/\"},{\"@type\":\"ListItem\",\"position\":2,\"name\":\"Shop\",\"item\":\"https:\/\/www.gioielleriagrande.it\/negozio\/\"},{\"@type\":\"ListItem\",\"position\":3,\"name\":\"D-SIXTY FIVE ROSA REF:0173377714058-0731904S\"}]},{\"@type\":\"WebSite\",\"@id\":\"https:\/\/www.gioielleriagrande.it\/#website\",\"url\":\"https:\/\/www.gioielleriagrande.it\/\",\"name\":\"Gioielleria Grande\",\"description\":\"\",\"potentialAction\":[{\"@type\":\"SearchAction\",\"target\":{\"@type\":\"EntryPoint\",\"urlTemplate\":\"https:\/\/www.gioielleriagrande.it\/?s={search_term_string}\"},\"query-input\":{\"@type\":\"PropertyValueSpecification\",\"valueRequired\":true,\"valueName\":\"search_term_string\"}}],\"inLanguage\":\"en-US\"}]}<\/script>\n<!-- \/ Yoast SEO plugin. -->","yoast_head_json":{"title":"D-SIXTY FIVE ROSA REF:0173377714058-0731904S - Gioielleria Grande","robots":{"index":"index","follow":"follow","max-snippet":"max-snippet:-1","max-image-preview":"max-image-preview:large","max-video-preview":"max-video-preview:-1"},"canonical":"https:\/\/www.gioielleriagrande.it\/prodotto\/127547\/","og_locale":"en_US","og_type":"article","og_title":"D-SIXTY FIVE ROSA REF:0173377714058-0731904S - Gioielleria Grande","og_description":"Il nuovo orologio automatico Oris Divers Sixty-Five \u2018Cotton Candy\u2019 nasce con una semplice aspirazione: regalare un sorriso. Il segnatempo ripropone l'abbinamento di cassa, lunetta, corona e bracciale interamente in bronzo gi\u00e0 adottato da Oris per l'H\u00f6lstein Edition 2020. La cassa, del diametro di 38 mm \u00e8 unisex e il bronzo che la compone crea la propria storia arricchendosi di una patina unica durante il naturale e affascinante processo di ossidazione. Ciascun modello \u00e8 azionato da un movimento meccanico Swiss Made a carica automatica e offre gli stessi standard di qualit\u00e0 di cui la linea Divers Sixty-Five \u00e8 oggi sinonimo: cristallo zaffiro ricurvo, impermeabilit\u00e0 fino a 10 atmosfere (100 metri), lancette e indici applicati con inserti in luminosa Super-LumiNova\u00ae Perch\u00e9 \u2018Cotton Candy\u2019? Perch\u00e9 questi sono orologi progettati per trasmettere il calore e portare l'ottimismo dei momenti pi\u00f9 belli.","og_url":"https:\/\/www.gioielleriagrande.it\/prodotto\/127547\/","og_site_name":"Gioielleria Grande","article_modified_time":"2025-11-22T15:50:08+00:00","og_image":[{"width":149,"height":243,"url":"https:\/\/www.gioielleriagrande.it\/wp-content\/uploads\/2025\/02\/OIP-12-2.jpg","type":"image\/jpeg"}],"twitter_card":"summary_large_image","twitter_misc":{"Est. reading time":"1 minute"},"schema":{"@context":"https:\/\/schema.org","@graph":[{"@type":"WebPage","@id":"https:\/\/www.gioielleriagrande.it\/prodotto\/127547\/","url":"https:\/\/www.gioielleriagrande.it\/prodotto\/127547\/","name":"D-SIXTY FIVE ROSA REF:0173377714058-0731904S - Gioielleria Grande","isPartOf":{"@id":"https:\/\/www.gioielleriagrande.it\/#website"},"primaryImageOfPage":{"@id":"https:\/\/www.gioielleriagrande.it\/prodotto\/127547\/#primaryimage"},"image":{"@id":"https:\/\/www.gioielleriagrande.it\/prodotto\/127547\/#primaryimage"},"thumbnailUrl":"https:\/\/www.gioielleriagrande.it\/wp-content\/uploads\/2025\/02\/OIP-12-2.jpg","datePublished":"2025-02-22T12:22:27+00:00","dateModified":"2025-11-22T15:50:08+00:00","breadcrumb":{"@id":"https:\/\/www.gioielleriagrande.it\/prodotto\/127547\/#breadcrumb"},"inLanguage":"en-US","potentialAction":[{"@type":"ReadAction","target":["https:\/\/www.gioielleriagrande.it\/prodotto\/127547\/"]}]},{"@type":"ImageObject","inLanguage":"en-US","@id":"https:\/\/www.gioielleriagrande.it\/prodotto\/127547\/#primaryimage","url":"https:\/\/www.gioielleriagrande.it\/wp-content\/uploads\/2025\/02\/OIP-12-2.jpg","contentUrl":"https:\/\/www.gioielleriagrande.it\/wp-content\/uploads\/2025\/02\/OIP-12-2.jpg","width":149,"height":243,"caption":"OIP (12).jpg"},{"@type":"BreadcrumbList","@id":"https:\/\/www.gioielleriagrande.it\/prodotto\/127547\/#breadcrumb","itemListElement":[{"@type":"ListItem","position":1,"name":"Home","item":"https:\/\/www.gioielleriagrande.it\/"},{"@type":"ListItem","position":2,"name":"Shop","item":"https:\/\/www.gioielleriagrande.it\/negozio\/"},{"@type":"ListItem","position":3,"name":"D-SIXTY FIVE ROSA REF:0173377714058-0731904S"}]},{"@type":"WebSite","@id":"https:\/\/www.gioielleriagrande.it\/#website","url":"https:\/\/www.gioielleriagrande.it\/","name":"Gioielleria Grande","description":"","potentialAction":[{"@type":"SearchAction","target":{"@type":"EntryPoint","urlTemplate":"https:\/\/www.gioielleriagrande.it\/?s={search_term_string}"},"query-input":{"@type":"PropertyValueSpecification","valueRequired":true,"valueName":"search_term_string"}}],"inLanguage":"en-US"}]}},"_links":{"self":[{"href":"https:\/\/www.gioielleriagrande.it\/en\/wp-json\/wp\/v2\/product\/335027","targetHints":{"allow":["GET"]}}],"collection":[{"href":"https:\/\/www.gioielleriagrande.it\/en\/wp-json\/wp\/v2\/product"}],"about":[{"href":"https:\/\/www.gioielleriagrande.it\/en\/wp-json\/wp\/v2\/types\/product"}],"replies":[{"embeddable":true,"href":"https:\/\/www.gioielleriagrande.it\/en\/wp-json\/wp\/v2\/comments?post=335027"}],"wp:featuredmedia":[{"embeddable":true,"href":"https:\/\/www.gioielleriagrande.it\/en\/wp-json\/wp\/v2\/media\/333648"}],"wp:attachment":[{"href":"https:\/\/www.gioielleriagrande.it\/en\/wp-json\/wp\/v2\/media?parent=335027"}],"wp:term":[{"taxonomy":"product_brand","embeddable":true,"href":"https:\/\/www.gioielleriagrande.it\/en\/wp-json\/wp\/v2\/product_brand?post=335027"},{"taxonomy":"product_cat","embeddable":true,"href":"https:\/\/www.gioielleriagrande.it\/en\/wp-json\/wp\/v2\/product_cat?post=335027"},{"taxonomy":"product_tag","embeddable":true,"href":"https:\/\/www.gioielleriagrande.it\/en\/wp-json\/wp\/v2\/product_tag?post=335027"}],"curies":[{"name":"wp","href":"https:\/\/api.w.org\/{rel}","templated":true}]}}