{"id":335029,"date":"2025-02-22T13:22:31","date_gmt":"2025-02-22T12:22:31","guid":{"rendered":"https:\/\/www.gioielleriagrande.it\/prodotto\/131759\/"},"modified":"2025-11-22T16:50:20","modified_gmt":"2025-11-22T15:50:20","slug":"131759","status":"publish","type":"product","link":"https:\/\/www.gioielleriagrande.it\/en\/prodotto\/131759\/","title":{"rendered":"ORIS AQUIS PRO 4000 METRI TITANIO\nREF: 0140077777155-SET"},"content":{"rendered":"<p>Questo orologio \u00e8 dotato di una cassa in titanio da 49 mm abbinata a un cinturino in gomma di alta qualit\u00e0. Presenta un quadrante blu distintivo ed \u00e8 alimentato da un preciso movimento a carica automatica. L&#8217;orologio \u00e8 progettato con una resistenza all&#8217;acqua fino a 4000 m.<\/p>\n","protected":false},"excerpt":{"rendered":"<p>Questo orologio \u00e8 dotato di una cassa in titanio da 49 mm abbinata a un cinturino in gomma di alta qualit\u00e0. Presenta un quadrante blu distintivo ed \u00e8 alimentato da un preciso movimento a carica automatica. L&#8217;orologio \u00e8 progettato con una resistenza all&#8217;acqua fino a 4000 m.<\/p>\n","protected":false},"featured_media":333638,"comment_status":"open","ping_status":"closed","template":"","meta":[],"product_brand":[],"product_cat":[3309],"product_tag":[],"class_list":{"0":"post-335029","1":"product","2":"type-product","3":"status-publish","4":"has-post-thumbnail","6":"brand-5110","7":"shops-3355","8":"shop_area-3357","10":"first","11":"instock","12":"taxable","13":"shipping-taxable","14":"purchasable","15":"product-type-simple"},"yoast_head":"<!-- This site is optimized with the Yoast SEO plugin v25.3 - https:\/\/yoast.com\/wordpress\/plugins\/seo\/ -->\n<title>ORIS AQUIS PRO 4000 METRI TITANIO REF: 0140077777155-SET - Gioielleria Grande<\/title>\n<meta name=\"robots\" content=\"index, follow, max-snippet:-1, max-image-preview:large, max-video-preview:-1\" \/>\n<link rel=\"canonical\" href=\"https:\/\/www.gioielleriagrande.it\/prodotto\/131759\/\" \/>\n<meta property=\"og:locale\" content=\"en_US\" \/>\n<meta property=\"og:type\" content=\"article\" \/>\n<meta property=\"og:title\" content=\"ORIS AQUIS PRO 4000 METRI TITANIO REF: 0140077777155-SET - Gioielleria Grande\" \/>\n<meta property=\"og:description\" content=\"Questo orologio \u00e8 dotato di una cassa in titanio da 49 mm abbinata a un cinturino in gomma di alta qualit\u00e0. Presenta un quadrante blu distintivo ed \u00e8 alimentato da un preciso movimento a carica automatica. L&#039;orologio \u00e8 progettato con una resistenza all&#039;acqua fino a 4000 m.\" \/>\n<meta property=\"og:url\" content=\"https:\/\/www.gioielleriagrande.it\/prodotto\/131759\/\" \/>\n<meta property=\"og:site_name\" content=\"Gioielleria Grande\" \/>\n<meta property=\"article:modified_time\" content=\"2025-11-22T15:50:20+00:00\" \/>\n<meta property=\"og:image\" content=\"https:\/\/www.gioielleriagrande.it\/wp-content\/uploads\/2025\/02\/OIP-7-2.jpg\" \/>\n\t<meta property=\"og:image:width\" content=\"170\" \/>\n\t<meta property=\"og:image:height\" content=\"234\" \/>\n\t<meta property=\"og:image:type\" content=\"image\/jpeg\" \/>\n<meta name=\"twitter:card\" content=\"summary_large_image\" \/>\n<script type=\"application\/ld+json\" class=\"yoast-schema-graph\">{\"@context\":\"https:\/\/schema.org\",\"@graph\":[{\"@type\":\"WebPage\",\"@id\":\"https:\/\/www.gioielleriagrande.it\/prodotto\/131759\/\",\"url\":\"https:\/\/www.gioielleriagrande.it\/prodotto\/131759\/\",\"name\":\"ORIS AQUIS PRO 4000 METRI TITANIO REF: 0140077777155-SET - Gioielleria Grande\",\"isPartOf\":{\"@id\":\"https:\/\/www.gioielleriagrande.it\/#website\"},\"primaryImageOfPage\":{\"@id\":\"https:\/\/www.gioielleriagrande.it\/prodotto\/131759\/#primaryimage\"},\"image\":{\"@id\":\"https:\/\/www.gioielleriagrande.it\/prodotto\/131759\/#primaryimage\"},\"thumbnailUrl\":\"https:\/\/www.gioielleriagrande.it\/wp-content\/uploads\/2025\/02\/OIP-7-2.jpg\",\"datePublished\":\"2025-02-22T12:22:31+00:00\",\"dateModified\":\"2025-11-22T15:50:20+00:00\",\"breadcrumb\":{\"@id\":\"https:\/\/www.gioielleriagrande.it\/prodotto\/131759\/#breadcrumb\"},\"inLanguage\":\"en-US\",\"potentialAction\":[{\"@type\":\"ReadAction\",\"target\":[\"https:\/\/www.gioielleriagrande.it\/prodotto\/131759\/\"]}]},{\"@type\":\"ImageObject\",\"inLanguage\":\"en-US\",\"@id\":\"https:\/\/www.gioielleriagrande.it\/prodotto\/131759\/#primaryimage\",\"url\":\"https:\/\/www.gioielleriagrande.it\/wp-content\/uploads\/2025\/02\/OIP-7-2.jpg\",\"contentUrl\":\"https:\/\/www.gioielleriagrande.it\/wp-content\/uploads\/2025\/02\/OIP-7-2.jpg\",\"width\":170,\"height\":234,\"caption\":\"OIP (7).jpg\"},{\"@type\":\"BreadcrumbList\",\"@id\":\"https:\/\/www.gioielleriagrande.it\/prodotto\/131759\/#breadcrumb\",\"itemListElement\":[{\"@type\":\"ListItem\",\"position\":1,\"name\":\"Home\",\"item\":\"https:\/\/www.gioielleriagrande.it\/\"},{\"@type\":\"ListItem\",\"position\":2,\"name\":\"Shop\",\"item\":\"https:\/\/www.gioielleriagrande.it\/negozio\/\"},{\"@type\":\"ListItem\",\"position\":3,\"name\":\"ORIS AQUIS PRO 4000 METRI TITANIO REF: 0140077777155-SET\"}]},{\"@type\":\"WebSite\",\"@id\":\"https:\/\/www.gioielleriagrande.it\/#website\",\"url\":\"https:\/\/www.gioielleriagrande.it\/\",\"name\":\"Gioielleria Grande\",\"description\":\"\",\"potentialAction\":[{\"@type\":\"SearchAction\",\"target\":{\"@type\":\"EntryPoint\",\"urlTemplate\":\"https:\/\/www.gioielleriagrande.it\/?s={search_term_string}\"},\"query-input\":{\"@type\":\"PropertyValueSpecification\",\"valueRequired\":true,\"valueName\":\"search_term_string\"}}],\"inLanguage\":\"en-US\"}]}<\/script>\n<!-- \/ Yoast SEO plugin. -->","yoast_head_json":{"title":"ORIS AQUIS PRO 4000 METRI TITANIO REF: 0140077777155-SET - Gioielleria Grande","robots":{"index":"index","follow":"follow","max-snippet":"max-snippet:-1","max-image-preview":"max-image-preview:large","max-video-preview":"max-video-preview:-1"},"canonical":"https:\/\/www.gioielleriagrande.it\/prodotto\/131759\/","og_locale":"en_US","og_type":"article","og_title":"ORIS AQUIS PRO 4000 METRI TITANIO REF: 0140077777155-SET - Gioielleria Grande","og_description":"Questo orologio \u00e8 dotato di una cassa in titanio da 49 mm abbinata a un cinturino in gomma di alta qualit\u00e0. Presenta un quadrante blu distintivo ed \u00e8 alimentato da un preciso movimento a carica automatica. L'orologio \u00e8 progettato con una resistenza all'acqua fino a 4000 m.","og_url":"https:\/\/www.gioielleriagrande.it\/prodotto\/131759\/","og_site_name":"Gioielleria Grande","article_modified_time":"2025-11-22T15:50:20+00:00","og_image":[{"width":170,"height":234,"url":"https:\/\/www.gioielleriagrande.it\/wp-content\/uploads\/2025\/02\/OIP-7-2.jpg","type":"image\/jpeg"}],"twitter_card":"summary_large_image","schema":{"@context":"https:\/\/schema.org","@graph":[{"@type":"WebPage","@id":"https:\/\/www.gioielleriagrande.it\/prodotto\/131759\/","url":"https:\/\/www.gioielleriagrande.it\/prodotto\/131759\/","name":"ORIS AQUIS PRO 4000 METRI TITANIO REF: 0140077777155-SET - Gioielleria Grande","isPartOf":{"@id":"https:\/\/www.gioielleriagrande.it\/#website"},"primaryImageOfPage":{"@id":"https:\/\/www.gioielleriagrande.it\/prodotto\/131759\/#primaryimage"},"image":{"@id":"https:\/\/www.gioielleriagrande.it\/prodotto\/131759\/#primaryimage"},"thumbnailUrl":"https:\/\/www.gioielleriagrande.it\/wp-content\/uploads\/2025\/02\/OIP-7-2.jpg","datePublished":"2025-02-22T12:22:31+00:00","dateModified":"2025-11-22T15:50:20+00:00","breadcrumb":{"@id":"https:\/\/www.gioielleriagrande.it\/prodotto\/131759\/#breadcrumb"},"inLanguage":"en-US","potentialAction":[{"@type":"ReadAction","target":["https:\/\/www.gioielleriagrande.it\/prodotto\/131759\/"]}]},{"@type":"ImageObject","inLanguage":"en-US","@id":"https:\/\/www.gioielleriagrande.it\/prodotto\/131759\/#primaryimage","url":"https:\/\/www.gioielleriagrande.it\/wp-content\/uploads\/2025\/02\/OIP-7-2.jpg","contentUrl":"https:\/\/www.gioielleriagrande.it\/wp-content\/uploads\/2025\/02\/OIP-7-2.jpg","width":170,"height":234,"caption":"OIP (7).jpg"},{"@type":"BreadcrumbList","@id":"https:\/\/www.gioielleriagrande.it\/prodotto\/131759\/#breadcrumb","itemListElement":[{"@type":"ListItem","position":1,"name":"Home","item":"https:\/\/www.gioielleriagrande.it\/"},{"@type":"ListItem","position":2,"name":"Shop","item":"https:\/\/www.gioielleriagrande.it\/negozio\/"},{"@type":"ListItem","position":3,"name":"ORIS AQUIS PRO 4000 METRI TITANIO REF: 0140077777155-SET"}]},{"@type":"WebSite","@id":"https:\/\/www.gioielleriagrande.it\/#website","url":"https:\/\/www.gioielleriagrande.it\/","name":"Gioielleria Grande","description":"","potentialAction":[{"@type":"SearchAction","target":{"@type":"EntryPoint","urlTemplate":"https:\/\/www.gioielleriagrande.it\/?s={search_term_string}"},"query-input":{"@type":"PropertyValueSpecification","valueRequired":true,"valueName":"search_term_string"}}],"inLanguage":"en-US"}]}},"_links":{"self":[{"href":"https:\/\/www.gioielleriagrande.it\/en\/wp-json\/wp\/v2\/product\/335029","targetHints":{"allow":["GET"]}}],"collection":[{"href":"https:\/\/www.gioielleriagrande.it\/en\/wp-json\/wp\/v2\/product"}],"about":[{"href":"https:\/\/www.gioielleriagrande.it\/en\/wp-json\/wp\/v2\/types\/product"}],"replies":[{"embeddable":true,"href":"https:\/\/www.gioielleriagrande.it\/en\/wp-json\/wp\/v2\/comments?post=335029"}],"wp:featuredmedia":[{"embeddable":true,"href":"https:\/\/www.gioielleriagrande.it\/en\/wp-json\/wp\/v2\/media\/333638"}],"wp:attachment":[{"href":"https:\/\/www.gioielleriagrande.it\/en\/wp-json\/wp\/v2\/media?parent=335029"}],"wp:term":[{"taxonomy":"product_brand","embeddable":true,"href":"https:\/\/www.gioielleriagrande.it\/en\/wp-json\/wp\/v2\/product_brand?post=335029"},{"taxonomy":"product_cat","embeddable":true,"href":"https:\/\/www.gioielleriagrande.it\/en\/wp-json\/wp\/v2\/product_cat?post=335029"},{"taxonomy":"product_tag","embeddable":true,"href":"https:\/\/www.gioielleriagrande.it\/en\/wp-json\/wp\/v2\/product_tag?post=335029"}],"curies":[{"name":"wp","href":"https:\/\/api.w.org\/{rel}","templated":true}]}}