{"id":335061,"date":"2025-02-22T13:23:26","date_gmt":"2025-02-22T12:23:26","guid":{"rendered":"https:\/\/www.gioielleriagrande.it\/prodotto\/137295\/"},"modified":"2025-11-22T16:52:58","modified_gmt":"2025-11-22T15:52:58","slug":"137295","status":"publish","type":"product","link":"https:\/\/www.gioielleriagrande.it\/en\/prodotto\/137295\/","title":{"rendered":"LONGINES HYDROCONQUEST GMT 41 MM\nREF:L37904966"},"content":{"rendered":"<p>La nuova collezione HYDROCONQUEST \u00e8 animata dall&#8217;esclusivo movimento GMT di Longines, che permette di visualizzare l&#8217;ora di due fusi orari. Il movimento \u00e8 dotato di un bilanciere-spirale in silicio e innovativi componenti amagnetici che rendono questo calibro 10 volte pi\u00f9 resistente ai campi magnetici rispetto allo standard ISO 764. L&#8217;HydroConquest GMT si distingue anche per la cassa in acciaio inossidabile da 41 mm con fondello e corona avvitati. Questo modello presenta una nuova lunetta unidirezionale scanalata in ceramica blu con capsula luminescente. Il quadrante \u00e8 blu. Questa versione \u00e8 disponibile con bracciale in acciaio inossidabile o cinturino in caucci\u00f9 blu.<\/p>\n","protected":false},"excerpt":{"rendered":"<p>La nuova collezione HYDROCONQUEST \u00e8 animata dall&#8217;esclusivo movimento GMT di Longines, che permette di visualizzare l&#8217;ora di due fusi orari. Il movimento \u00e8 dotato di un bilanciere-spirale in silicio e innovativi componenti amagnetici che rendono questo calibro 10 volte pi\u00f9 resistente ai campi magnetici rispetto allo standard ISO 764. L&#8217;HydroConquest GMT si distingue anche per la cassa in acciaio inossidabile da 41 mm con fondello e corona avvitati. Questo modello presenta una nuova lunetta unidirezionale scanalata in ceramica blu con capsula luminescente. Il quadrante \u00e8 blu. Questa versione \u00e8 disponibile con bracciale in acciaio inossidabile o cinturino in caucci\u00f9 blu.<\/p>\n","protected":false},"featured_media":333143,"comment_status":"open","ping_status":"closed","template":"","meta":[],"product_brand":[],"product_cat":[3309],"product_tag":[],"class_list":{"0":"post-335061","1":"product","2":"type-product","3":"status-publish","4":"has-post-thumbnail","6":"brand-5096","7":"shops-3355","8":"shop_area-3357","10":"first","11":"instock","12":"taxable","13":"shipping-taxable","14":"purchasable","15":"product-type-simple"},"yoast_head":"<!-- This site is optimized with the Yoast SEO plugin v25.3 - https:\/\/yoast.com\/wordpress\/plugins\/seo\/ -->\n<title>LONGINES HYDROCONQUEST GMT 41 MM REF:L37904966 - Gioielleria Grande<\/title>\n<meta name=\"robots\" content=\"index, follow, max-snippet:-1, max-image-preview:large, max-video-preview:-1\" \/>\n<link rel=\"canonical\" href=\"https:\/\/www.gioielleriagrande.it\/prodotto\/137295\/\" \/>\n<meta property=\"og:locale\" content=\"en_US\" \/>\n<meta property=\"og:type\" content=\"article\" \/>\n<meta property=\"og:title\" content=\"LONGINES HYDROCONQUEST GMT 41 MM REF:L37904966 - Gioielleria Grande\" \/>\n<meta property=\"og:description\" content=\"La nuova collezione HYDROCONQUEST \u00e8 animata dall&#039;esclusivo movimento GMT di Longines, che permette di visualizzare l&#039;ora di due fusi orari. Il movimento \u00e8 dotato di un bilanciere-spirale in silicio e innovativi componenti amagnetici che rendono questo calibro 10 volte pi\u00f9 resistente ai campi magnetici rispetto allo standard ISO 764. L&#039;HydroConquest GMT si distingue anche per la cassa in acciaio inossidabile da 41 mm con fondello e corona avvitati. Questo modello presenta una nuova lunetta unidirezionale scanalata in ceramica blu con capsula luminescente. Il quadrante \u00e8 blu. Questa versione \u00e8 disponibile con bracciale in acciaio inossidabile o cinturino in caucci\u00f9 blu.\" \/>\n<meta property=\"og:url\" content=\"https:\/\/www.gioielleriagrande.it\/prodotto\/137295\/\" \/>\n<meta property=\"og:site_name\" content=\"Gioielleria Grande\" \/>\n<meta property=\"article:modified_time\" content=\"2025-11-22T15:52:58+00:00\" \/>\n<meta property=\"og:image\" content=\"https:\/\/www.gioielleriagrande.it\/wp-content\/uploads\/2025\/02\/L37904966.jpg\" \/>\n\t<meta property=\"og:image:width\" content=\"650\" \/>\n\t<meta property=\"og:image:height\" content=\"650\" \/>\n\t<meta property=\"og:image:type\" content=\"image\/jpeg\" \/>\n<meta name=\"twitter:card\" content=\"summary_large_image\" \/>\n<script type=\"application\/ld+json\" class=\"yoast-schema-graph\">{\"@context\":\"https:\/\/schema.org\",\"@graph\":[{\"@type\":\"WebPage\",\"@id\":\"https:\/\/www.gioielleriagrande.it\/prodotto\/137295\/\",\"url\":\"https:\/\/www.gioielleriagrande.it\/prodotto\/137295\/\",\"name\":\"LONGINES HYDROCONQUEST GMT 41 MM REF:L37904966 - Gioielleria Grande\",\"isPartOf\":{\"@id\":\"https:\/\/www.gioielleriagrande.it\/#website\"},\"primaryImageOfPage\":{\"@id\":\"https:\/\/www.gioielleriagrande.it\/prodotto\/137295\/#primaryimage\"},\"image\":{\"@id\":\"https:\/\/www.gioielleriagrande.it\/prodotto\/137295\/#primaryimage\"},\"thumbnailUrl\":\"https:\/\/www.gioielleriagrande.it\/wp-content\/uploads\/2025\/02\/L37904966.jpg\",\"datePublished\":\"2025-02-22T12:23:26+00:00\",\"dateModified\":\"2025-11-22T15:52:58+00:00\",\"breadcrumb\":{\"@id\":\"https:\/\/www.gioielleriagrande.it\/prodotto\/137295\/#breadcrumb\"},\"inLanguage\":\"en-US\",\"potentialAction\":[{\"@type\":\"ReadAction\",\"target\":[\"https:\/\/www.gioielleriagrande.it\/prodotto\/137295\/\"]}]},{\"@type\":\"ImageObject\",\"inLanguage\":\"en-US\",\"@id\":\"https:\/\/www.gioielleriagrande.it\/prodotto\/137295\/#primaryimage\",\"url\":\"https:\/\/www.gioielleriagrande.it\/wp-content\/uploads\/2025\/02\/L37904966.jpg\",\"contentUrl\":\"https:\/\/www.gioielleriagrande.it\/wp-content\/uploads\/2025\/02\/L37904966.jpg\",\"width\":650,\"height\":650,\"caption\":\"L37904966.jpg\"},{\"@type\":\"BreadcrumbList\",\"@id\":\"https:\/\/www.gioielleriagrande.it\/prodotto\/137295\/#breadcrumb\",\"itemListElement\":[{\"@type\":\"ListItem\",\"position\":1,\"name\":\"Home\",\"item\":\"https:\/\/www.gioielleriagrande.it\/\"},{\"@type\":\"ListItem\",\"position\":2,\"name\":\"Shop\",\"item\":\"https:\/\/www.gioielleriagrande.it\/negozio\/\"},{\"@type\":\"ListItem\",\"position\":3,\"name\":\"LONGINES HYDROCONQUEST GMT 41 MM REF:L37904966\"}]},{\"@type\":\"WebSite\",\"@id\":\"https:\/\/www.gioielleriagrande.it\/#website\",\"url\":\"https:\/\/www.gioielleriagrande.it\/\",\"name\":\"Gioielleria Grande\",\"description\":\"\",\"potentialAction\":[{\"@type\":\"SearchAction\",\"target\":{\"@type\":\"EntryPoint\",\"urlTemplate\":\"https:\/\/www.gioielleriagrande.it\/?s={search_term_string}\"},\"query-input\":{\"@type\":\"PropertyValueSpecification\",\"valueRequired\":true,\"valueName\":\"search_term_string\"}}],\"inLanguage\":\"en-US\"}]}<\/script>\n<!-- \/ Yoast SEO plugin. -->","yoast_head_json":{"title":"LONGINES HYDROCONQUEST GMT 41 MM REF:L37904966 - Gioielleria Grande","robots":{"index":"index","follow":"follow","max-snippet":"max-snippet:-1","max-image-preview":"max-image-preview:large","max-video-preview":"max-video-preview:-1"},"canonical":"https:\/\/www.gioielleriagrande.it\/prodotto\/137295\/","og_locale":"en_US","og_type":"article","og_title":"LONGINES HYDROCONQUEST GMT 41 MM REF:L37904966 - Gioielleria Grande","og_description":"La nuova collezione HYDROCONQUEST \u00e8 animata dall'esclusivo movimento GMT di Longines, che permette di visualizzare l'ora di due fusi orari. Il movimento \u00e8 dotato di un bilanciere-spirale in silicio e innovativi componenti amagnetici che rendono questo calibro 10 volte pi\u00f9 resistente ai campi magnetici rispetto allo standard ISO 764. L'HydroConquest GMT si distingue anche per la cassa in acciaio inossidabile da 41 mm con fondello e corona avvitati. Questo modello presenta una nuova lunetta unidirezionale scanalata in ceramica blu con capsula luminescente. Il quadrante \u00e8 blu. Questa versione \u00e8 disponibile con bracciale in acciaio inossidabile o cinturino in caucci\u00f9 blu.","og_url":"https:\/\/www.gioielleriagrande.it\/prodotto\/137295\/","og_site_name":"Gioielleria Grande","article_modified_time":"2025-11-22T15:52:58+00:00","og_image":[{"width":650,"height":650,"url":"https:\/\/www.gioielleriagrande.it\/wp-content\/uploads\/2025\/02\/L37904966.jpg","type":"image\/jpeg"}],"twitter_card":"summary_large_image","schema":{"@context":"https:\/\/schema.org","@graph":[{"@type":"WebPage","@id":"https:\/\/www.gioielleriagrande.it\/prodotto\/137295\/","url":"https:\/\/www.gioielleriagrande.it\/prodotto\/137295\/","name":"LONGINES HYDROCONQUEST GMT 41 MM REF:L37904966 - Gioielleria Grande","isPartOf":{"@id":"https:\/\/www.gioielleriagrande.it\/#website"},"primaryImageOfPage":{"@id":"https:\/\/www.gioielleriagrande.it\/prodotto\/137295\/#primaryimage"},"image":{"@id":"https:\/\/www.gioielleriagrande.it\/prodotto\/137295\/#primaryimage"},"thumbnailUrl":"https:\/\/www.gioielleriagrande.it\/wp-content\/uploads\/2025\/02\/L37904966.jpg","datePublished":"2025-02-22T12:23:26+00:00","dateModified":"2025-11-22T15:52:58+00:00","breadcrumb":{"@id":"https:\/\/www.gioielleriagrande.it\/prodotto\/137295\/#breadcrumb"},"inLanguage":"en-US","potentialAction":[{"@type":"ReadAction","target":["https:\/\/www.gioielleriagrande.it\/prodotto\/137295\/"]}]},{"@type":"ImageObject","inLanguage":"en-US","@id":"https:\/\/www.gioielleriagrande.it\/prodotto\/137295\/#primaryimage","url":"https:\/\/www.gioielleriagrande.it\/wp-content\/uploads\/2025\/02\/L37904966.jpg","contentUrl":"https:\/\/www.gioielleriagrande.it\/wp-content\/uploads\/2025\/02\/L37904966.jpg","width":650,"height":650,"caption":"L37904966.jpg"},{"@type":"BreadcrumbList","@id":"https:\/\/www.gioielleriagrande.it\/prodotto\/137295\/#breadcrumb","itemListElement":[{"@type":"ListItem","position":1,"name":"Home","item":"https:\/\/www.gioielleriagrande.it\/"},{"@type":"ListItem","position":2,"name":"Shop","item":"https:\/\/www.gioielleriagrande.it\/negozio\/"},{"@type":"ListItem","position":3,"name":"LONGINES HYDROCONQUEST GMT 41 MM REF:L37904966"}]},{"@type":"WebSite","@id":"https:\/\/www.gioielleriagrande.it\/#website","url":"https:\/\/www.gioielleriagrande.it\/","name":"Gioielleria Grande","description":"","potentialAction":[{"@type":"SearchAction","target":{"@type":"EntryPoint","urlTemplate":"https:\/\/www.gioielleriagrande.it\/?s={search_term_string}"},"query-input":{"@type":"PropertyValueSpecification","valueRequired":true,"valueName":"search_term_string"}}],"inLanguage":"en-US"}]}},"_links":{"self":[{"href":"https:\/\/www.gioielleriagrande.it\/en\/wp-json\/wp\/v2\/product\/335061","targetHints":{"allow":["GET"]}}],"collection":[{"href":"https:\/\/www.gioielleriagrande.it\/en\/wp-json\/wp\/v2\/product"}],"about":[{"href":"https:\/\/www.gioielleriagrande.it\/en\/wp-json\/wp\/v2\/types\/product"}],"replies":[{"embeddable":true,"href":"https:\/\/www.gioielleriagrande.it\/en\/wp-json\/wp\/v2\/comments?post=335061"}],"wp:featuredmedia":[{"embeddable":true,"href":"https:\/\/www.gioielleriagrande.it\/en\/wp-json\/wp\/v2\/media\/333143"}],"wp:attachment":[{"href":"https:\/\/www.gioielleriagrande.it\/en\/wp-json\/wp\/v2\/media?parent=335061"}],"wp:term":[{"taxonomy":"product_brand","embeddable":true,"href":"https:\/\/www.gioielleriagrande.it\/en\/wp-json\/wp\/v2\/product_brand?post=335061"},{"taxonomy":"product_cat","embeddable":true,"href":"https:\/\/www.gioielleriagrande.it\/en\/wp-json\/wp\/v2\/product_cat?post=335061"},{"taxonomy":"product_tag","embeddable":true,"href":"https:\/\/www.gioielleriagrande.it\/en\/wp-json\/wp\/v2\/product_tag?post=335061"}],"curies":[{"name":"wp","href":"https:\/\/api.w.org\/{rel}","templated":true}]}}