{"id":335169,"date":"2025-02-22T13:26:19","date_gmt":"2025-02-22T12:26:19","guid":{"rendered":"https:\/\/www.gioielleriagrande.it\/prodotto\/145646\/"},"modified":"2025-11-22T17:01:15","modified_gmt":"2025-11-22T16:01:15","slug":"145646","status":"publish","type":"product","link":"https:\/\/www.gioielleriagrande.it\/en\/prodotto\/145646\/","title":{"rendered":"KHAKI FIELD\nEXPEDITION AUTO\nCarica automatica | 37mm | H70225910"},"content":{"rendered":"<p>Prepararsi per le avventure all\u2019aria aperta non \u00e8 mai stato cos\u00ec facile grazie al Khaki Field Expedition e al suo nuovo cinturino NATO. Un orologio ideale per tutte le attivit\u00e0 outdoor con un design a bussola, che ti permetter\u00e0, durante le escursioni, di orientarti con l&#8217;aiuto del sole. Racchiuso in una cassa in acciaio da 37 mm corredata da un cinturino NATO in tessuto verde, il segnatempo \u00e8 dotato di corona a vite e di un quadrante bianco con finitura sabbiata, che lo rendono estremamente resistente.<\/p>\n<p>Referenza : H70225910 &#8211; Calibro : H-10  &#8211; Collezione : Khaki Field &#8211; Movimento : Carica automatica &#8211; Dimensioni della cassa : 37mm &#8211;  Spessore (mm) : 11.45 &#8211; Colore quadrante : Bianco<br \/>\n&#8211; Materiale della cassa : Acciaio  &#8211;  Vetro : Zaffiro &#8211; Larghezza ansa : 20 mm &#8211; Riserva di carica : 80 ore &#8211; Impermeabilit\u00e0 : 10 bar (100m) &#8211; Tipo cinturino : Tessuto &#8211; Tipo di fibbia : Fibbia ad ardiglione<\/p>\n","protected":false},"excerpt":{"rendered":"<p>Prepararsi per le avventure all\u2019aria aperta non \u00e8 mai stato cos\u00ec facile grazie al Khaki Field Expedition e al suo nuovo cinturino NATO. Un orologio ideale per tutte le attivit\u00e0 outdoor con un design a bussola, che ti permetter\u00e0, durante le escursioni, di orientarti con l&#8217;aiuto del sole. Racchiuso in una cassa in acciaio da 37 mm corredata da un cinturino NATO in tessuto verde, il segnatempo \u00e8 dotato di corona a vite e di un quadrante bianco con finitura sabbiata, che lo rendono estremamente resistente.<\/p>\n<p>Referenza : H70225910 &#8211; Calibro : H-10  &#8211; Collezione : Khaki Field &#8211; Movimento : Carica automatica &#8211; Dimensioni della cassa : 37mm &#8211;  Spessore (mm) : 11.45 &#8211; Colore quadrante : Bianco<br \/>\n&#8211; Materiale della cassa : Acciaio  &#8211;  Vetro : Zaffiro &#8211; Larghezza ansa : 20 mm &#8211; Riserva di carica : 80 ore &#8211; Impermeabilit\u00e0 : 10 bar (100m) &#8211; Tipo cinturino : Tessuto &#8211; Tipo di fibbia : Fibbia ad ardiglione<\/p>\n","protected":false},"featured_media":333253,"comment_status":"open","ping_status":"closed","template":"","meta":[],"product_brand":[],"product_cat":[3309],"product_tag":[],"class_list":{"0":"post-335169","1":"product","2":"type-product","3":"status-publish","4":"has-post-thumbnail","6":"brand-3370","7":"shops-3355","8":"shop_area-3357","10":"first","11":"instock","12":"taxable","13":"shipping-taxable","14":"purchasable","15":"product-type-simple"},"yoast_head":"<!-- This site is optimized with the Yoast SEO plugin v25.3 - https:\/\/yoast.com\/wordpress\/plugins\/seo\/ -->\n<title>KHAKI FIELD EXPEDITION AUTO Carica automatica | 37mm | H70225910 - Gioielleria Grande<\/title>\n<meta name=\"robots\" content=\"index, follow, max-snippet:-1, max-image-preview:large, max-video-preview:-1\" \/>\n<link rel=\"canonical\" href=\"https:\/\/www.gioielleriagrande.it\/prodotto\/145646\/\" \/>\n<meta property=\"og:locale\" content=\"en_US\" \/>\n<meta property=\"og:type\" content=\"article\" \/>\n<meta property=\"og:title\" content=\"KHAKI FIELD EXPEDITION AUTO Carica automatica | 37mm | H70225910 - Gioielleria Grande\" \/>\n<meta property=\"og:description\" content=\"Prepararsi per le avventure all\u2019aria aperta non \u00e8 mai stato cos\u00ec facile grazie al Khaki Field Expedition e al suo nuovo cinturino NATO. Un orologio ideale per tutte le attivit\u00e0 outdoor con un design a bussola, che ti permetter\u00e0, durante le escursioni, di orientarti con l&#039;aiuto del sole. Racchiuso in una cassa in acciaio da 37 mm corredata da un cinturino NATO in tessuto verde, il segnatempo \u00e8 dotato di corona a vite e di un quadrante bianco con finitura sabbiata, che lo rendono estremamente resistente. Referenza : H70225910 - Calibro : H-10 - Collezione : Khaki Field - Movimento : Carica automatica - Dimensioni della cassa : 37mm - Spessore (mm) : 11.45 - Colore quadrante : Bianco - Materiale della cassa : Acciaio - Vetro : Zaffiro - Larghezza ansa : 20 mm - Riserva di carica : 80 ore - Impermeabilit\u00e0 : 10 bar (100m) - Tipo cinturino : Tessuto - Tipo di fibbia : Fibbia ad ardiglione\" \/>\n<meta property=\"og:url\" content=\"https:\/\/www.gioielleriagrande.it\/prodotto\/145646\/\" \/>\n<meta property=\"og:site_name\" content=\"Gioielleria Grande\" \/>\n<meta property=\"article:modified_time\" content=\"2025-11-22T16:01:15+00:00\" \/>\n<meta property=\"og:image\" content=\"https:\/\/www.gioielleriagrande.it\/wp-content\/uploads\/2025\/02\/H70225910.png\" \/>\n\t<meta property=\"og:image:width\" content=\"735\" \/>\n\t<meta property=\"og:image:height\" content=\"744\" \/>\n\t<meta property=\"og:image:type\" content=\"image\/png\" \/>\n<meta name=\"twitter:card\" content=\"summary_large_image\" \/>\n<meta name=\"twitter:label1\" content=\"Est. reading time\" \/>\n\t<meta name=\"twitter:data1\" content=\"1 minute\" \/>\n<script type=\"application\/ld+json\" class=\"yoast-schema-graph\">{\"@context\":\"https:\/\/schema.org\",\"@graph\":[{\"@type\":\"WebPage\",\"@id\":\"https:\/\/www.gioielleriagrande.it\/prodotto\/145646\/\",\"url\":\"https:\/\/www.gioielleriagrande.it\/prodotto\/145646\/\",\"name\":\"KHAKI FIELD EXPEDITION AUTO Carica automatica | 37mm | H70225910 - Gioielleria Grande\",\"isPartOf\":{\"@id\":\"https:\/\/www.gioielleriagrande.it\/#website\"},\"primaryImageOfPage\":{\"@id\":\"https:\/\/www.gioielleriagrande.it\/prodotto\/145646\/#primaryimage\"},\"image\":{\"@id\":\"https:\/\/www.gioielleriagrande.it\/prodotto\/145646\/#primaryimage\"},\"thumbnailUrl\":\"https:\/\/www.gioielleriagrande.it\/wp-content\/uploads\/2025\/02\/H70225910.png\",\"datePublished\":\"2025-02-22T12:26:19+00:00\",\"dateModified\":\"2025-11-22T16:01:15+00:00\",\"breadcrumb\":{\"@id\":\"https:\/\/www.gioielleriagrande.it\/prodotto\/145646\/#breadcrumb\"},\"inLanguage\":\"en-US\",\"potentialAction\":[{\"@type\":\"ReadAction\",\"target\":[\"https:\/\/www.gioielleriagrande.it\/prodotto\/145646\/\"]}]},{\"@type\":\"ImageObject\",\"inLanguage\":\"en-US\",\"@id\":\"https:\/\/www.gioielleriagrande.it\/prodotto\/145646\/#primaryimage\",\"url\":\"https:\/\/www.gioielleriagrande.it\/wp-content\/uploads\/2025\/02\/H70225910.png\",\"contentUrl\":\"https:\/\/www.gioielleriagrande.it\/wp-content\/uploads\/2025\/02\/H70225910.png\",\"width\":735,\"height\":744,\"caption\":\"H70225910.JPG\"},{\"@type\":\"BreadcrumbList\",\"@id\":\"https:\/\/www.gioielleriagrande.it\/prodotto\/145646\/#breadcrumb\",\"itemListElement\":[{\"@type\":\"ListItem\",\"position\":1,\"name\":\"Home\",\"item\":\"https:\/\/www.gioielleriagrande.it\/\"},{\"@type\":\"ListItem\",\"position\":2,\"name\":\"Shop\",\"item\":\"https:\/\/www.gioielleriagrande.it\/negozio\/\"},{\"@type\":\"ListItem\",\"position\":3,\"name\":\"KHAKI FIELD EXPEDITION AUTO Carica automatica | 37mm | H70225910\"}]},{\"@type\":\"WebSite\",\"@id\":\"https:\/\/www.gioielleriagrande.it\/#website\",\"url\":\"https:\/\/www.gioielleriagrande.it\/\",\"name\":\"Gioielleria Grande\",\"description\":\"\",\"potentialAction\":[{\"@type\":\"SearchAction\",\"target\":{\"@type\":\"EntryPoint\",\"urlTemplate\":\"https:\/\/www.gioielleriagrande.it\/?s={search_term_string}\"},\"query-input\":{\"@type\":\"PropertyValueSpecification\",\"valueRequired\":true,\"valueName\":\"search_term_string\"}}],\"inLanguage\":\"en-US\"}]}<\/script>\n<!-- \/ Yoast SEO plugin. -->","yoast_head_json":{"title":"KHAKI FIELD EXPEDITION AUTO Carica automatica | 37mm | H70225910 - Gioielleria Grande","robots":{"index":"index","follow":"follow","max-snippet":"max-snippet:-1","max-image-preview":"max-image-preview:large","max-video-preview":"max-video-preview:-1"},"canonical":"https:\/\/www.gioielleriagrande.it\/prodotto\/145646\/","og_locale":"en_US","og_type":"article","og_title":"KHAKI FIELD EXPEDITION AUTO Carica automatica | 37mm | H70225910 - Gioielleria Grande","og_description":"Prepararsi per le avventure all\u2019aria aperta non \u00e8 mai stato cos\u00ec facile grazie al Khaki Field Expedition e al suo nuovo cinturino NATO. Un orologio ideale per tutte le attivit\u00e0 outdoor con un design a bussola, che ti permetter\u00e0, durante le escursioni, di orientarti con l'aiuto del sole. Racchiuso in una cassa in acciaio da 37 mm corredata da un cinturino NATO in tessuto verde, il segnatempo \u00e8 dotato di corona a vite e di un quadrante bianco con finitura sabbiata, che lo rendono estremamente resistente. Referenza : H70225910 - Calibro : H-10 - Collezione : Khaki Field - Movimento : Carica automatica - Dimensioni della cassa : 37mm - Spessore (mm) : 11.45 - Colore quadrante : Bianco - Materiale della cassa : Acciaio - Vetro : Zaffiro - Larghezza ansa : 20 mm - Riserva di carica : 80 ore - Impermeabilit\u00e0 : 10 bar (100m) - Tipo cinturino : Tessuto - Tipo di fibbia : Fibbia ad ardiglione","og_url":"https:\/\/www.gioielleriagrande.it\/prodotto\/145646\/","og_site_name":"Gioielleria Grande","article_modified_time":"2025-11-22T16:01:15+00:00","og_image":[{"width":735,"height":744,"url":"https:\/\/www.gioielleriagrande.it\/wp-content\/uploads\/2025\/02\/H70225910.png","type":"image\/png"}],"twitter_card":"summary_large_image","twitter_misc":{"Est. reading time":"1 minute"},"schema":{"@context":"https:\/\/schema.org","@graph":[{"@type":"WebPage","@id":"https:\/\/www.gioielleriagrande.it\/prodotto\/145646\/","url":"https:\/\/www.gioielleriagrande.it\/prodotto\/145646\/","name":"KHAKI FIELD EXPEDITION AUTO Carica automatica | 37mm | H70225910 - Gioielleria Grande","isPartOf":{"@id":"https:\/\/www.gioielleriagrande.it\/#website"},"primaryImageOfPage":{"@id":"https:\/\/www.gioielleriagrande.it\/prodotto\/145646\/#primaryimage"},"image":{"@id":"https:\/\/www.gioielleriagrande.it\/prodotto\/145646\/#primaryimage"},"thumbnailUrl":"https:\/\/www.gioielleriagrande.it\/wp-content\/uploads\/2025\/02\/H70225910.png","datePublished":"2025-02-22T12:26:19+00:00","dateModified":"2025-11-22T16:01:15+00:00","breadcrumb":{"@id":"https:\/\/www.gioielleriagrande.it\/prodotto\/145646\/#breadcrumb"},"inLanguage":"en-US","potentialAction":[{"@type":"ReadAction","target":["https:\/\/www.gioielleriagrande.it\/prodotto\/145646\/"]}]},{"@type":"ImageObject","inLanguage":"en-US","@id":"https:\/\/www.gioielleriagrande.it\/prodotto\/145646\/#primaryimage","url":"https:\/\/www.gioielleriagrande.it\/wp-content\/uploads\/2025\/02\/H70225910.png","contentUrl":"https:\/\/www.gioielleriagrande.it\/wp-content\/uploads\/2025\/02\/H70225910.png","width":735,"height":744,"caption":"H70225910.JPG"},{"@type":"BreadcrumbList","@id":"https:\/\/www.gioielleriagrande.it\/prodotto\/145646\/#breadcrumb","itemListElement":[{"@type":"ListItem","position":1,"name":"Home","item":"https:\/\/www.gioielleriagrande.it\/"},{"@type":"ListItem","position":2,"name":"Shop","item":"https:\/\/www.gioielleriagrande.it\/negozio\/"},{"@type":"ListItem","position":3,"name":"KHAKI FIELD EXPEDITION AUTO Carica automatica | 37mm | H70225910"}]},{"@type":"WebSite","@id":"https:\/\/www.gioielleriagrande.it\/#website","url":"https:\/\/www.gioielleriagrande.it\/","name":"Gioielleria Grande","description":"","potentialAction":[{"@type":"SearchAction","target":{"@type":"EntryPoint","urlTemplate":"https:\/\/www.gioielleriagrande.it\/?s={search_term_string}"},"query-input":{"@type":"PropertyValueSpecification","valueRequired":true,"valueName":"search_term_string"}}],"inLanguage":"en-US"}]}},"_links":{"self":[{"href":"https:\/\/www.gioielleriagrande.it\/en\/wp-json\/wp\/v2\/product\/335169","targetHints":{"allow":["GET"]}}],"collection":[{"href":"https:\/\/www.gioielleriagrande.it\/en\/wp-json\/wp\/v2\/product"}],"about":[{"href":"https:\/\/www.gioielleriagrande.it\/en\/wp-json\/wp\/v2\/types\/product"}],"replies":[{"embeddable":true,"href":"https:\/\/www.gioielleriagrande.it\/en\/wp-json\/wp\/v2\/comments?post=335169"}],"wp:featuredmedia":[{"embeddable":true,"href":"https:\/\/www.gioielleriagrande.it\/en\/wp-json\/wp\/v2\/media\/333253"}],"wp:attachment":[{"href":"https:\/\/www.gioielleriagrande.it\/en\/wp-json\/wp\/v2\/media?parent=335169"}],"wp:term":[{"taxonomy":"product_brand","embeddable":true,"href":"https:\/\/www.gioielleriagrande.it\/en\/wp-json\/wp\/v2\/product_brand?post=335169"},{"taxonomy":"product_cat","embeddable":true,"href":"https:\/\/www.gioielleriagrande.it\/en\/wp-json\/wp\/v2\/product_cat?post=335169"},{"taxonomy":"product_tag","embeddable":true,"href":"https:\/\/www.gioielleriagrande.it\/en\/wp-json\/wp\/v2\/product_tag?post=335169"}],"curies":[{"name":"wp","href":"https:\/\/api.w.org\/{rel}","templated":true}]}}