{"id":335242,"date":"2025-02-22T13:29:46","date_gmt":"2025-02-22T12:29:46","guid":{"rendered":"https:\/\/www.gioielleriagrande.it\/prodotto\/148697\/"},"modified":"2025-11-22T17:04:58","modified_gmt":"2025-11-22T16:04:58","slug":"148697","status":"publish","type":"product","link":"https:\/\/www.gioielleriagrande.it\/en\/prodotto\/148697\/","title":{"rendered":"OROLOGIO BREITLING COLLEZIONE &#8220;AVENGER&#8221; AUTOMATIC\nREF:  A17328101L1A1"},"content":{"rendered":"<p>Ideato per i piloti di jet, l\u2019Avenger \u00e8 progettato per affrontare le cabine di pilotaggio pi\u00f9 ardue, senza mai tirarsi indietro. Ma non serve essere un asso dell\u2019aviazione per apprezzarne l\u2019audace design, l\u2019eccezionale resilienza e la funzionalit\u00e0 sempre un passo avanti. Abbinando le elevate prestazioni a un sofisticato stile moderno dell\u2019aviazione, i materiali della collezione \u2013 acciaio inossidabile per i modelli normali, ceramica e titanio per i Night Mission \u2013 sono l\u2019essenza del design tipico dell\u2019aviazione, mentre i colori dei quadranti sono ispirati alle tonalit\u00e0 delle uniformi militari. Per tutte le versioni in acciaio inossidabile \u00e8 possibile scegliere tra un cinturino in pelle militare con fibbia d\u00e9ployante ad ardiglione e un bracciale in acciaio inossidabile a tre file con fibbia d\u00e9ployante per regolazioni minime. I modelli in ceramica sono abbinati a un cinturino in pelle militare con fibbia d\u00e9ployante ad ardiglione in titanio. Il tonneau a botte non sar\u00e0 forse per tutti, ma chiunque apprezzer\u00e0 ogni minimo dettaglio dell\u2019Avenger: l\u2019impermeabilit\u00e0 fino a 300 m, la maneggevole funzionalit\u00e0 e la costruzione resistente alla corrosione.<\/p>\n","protected":false},"excerpt":{"rendered":"<p>Ideato per i piloti di jet, l\u2019Avenger \u00e8 progettato per affrontare le cabine di pilotaggio pi\u00f9 ardue, senza mai tirarsi indietro. Ma non serve essere un asso dell\u2019aviazione per apprezzarne l\u2019audace design, l\u2019eccezionale resilienza e la funzionalit\u00e0 sempre un passo avanti. Abbinando le elevate prestazioni a un sofisticato stile moderno dell\u2019aviazione, i materiali della collezione \u2013 acciaio inossidabile per i modelli normali, ceramica e titanio per i Night Mission \u2013 sono l\u2019essenza del design tipico dell\u2019aviazione, mentre i colori dei quadranti sono ispirati alle tonalit\u00e0 delle uniformi militari. Per tutte le versioni in acciaio inossidabile \u00e8 possibile scegliere tra un cinturino in pelle militare con fibbia d\u00e9ployante ad ardiglione e un bracciale in acciaio inossidabile a tre file con fibbia d\u00e9ployante per regolazioni minime. I modelli in ceramica sono abbinati a un cinturino in pelle militare con fibbia d\u00e9ployante ad ardiglione in titanio. Il tonneau a botte non sar\u00e0 forse per tutti, ma chiunque apprezzer\u00e0 ogni minimo dettaglio dell\u2019Avenger: l\u2019impermeabilit\u00e0 fino a 300 m, la maneggevole funzionalit\u00e0 e la costruzione resistente alla corrosione.<\/p>\n","protected":false},"featured_media":333157,"comment_status":"open","ping_status":"closed","template":"","meta":[],"product_brand":[],"product_cat":[3309],"product_tag":[],"class_list":{"0":"post-335242","1":"product","2":"type-product","3":"status-publish","4":"has-post-thumbnail","6":"brand-3339","7":"shops-3355","8":"shop_area-3357","10":"first","11":"instock","12":"taxable","13":"shipping-taxable","14":"purchasable","15":"product-type-simple"},"yoast_head":"<!-- This site is optimized with the Yoast SEO plugin v25.3 - https:\/\/yoast.com\/wordpress\/plugins\/seo\/ -->\n<title>OROLOGIO BREITLING COLLEZIONE &quot;AVENGER&quot; AUTOMATIC REF: A17328101L1A1 - Gioielleria Grande<\/title>\n<meta name=\"robots\" content=\"index, follow, max-snippet:-1, max-image-preview:large, max-video-preview:-1\" \/>\n<link rel=\"canonical\" href=\"https:\/\/www.gioielleriagrande.it\/prodotto\/148697\/\" \/>\n<meta property=\"og:locale\" content=\"en_US\" \/>\n<meta property=\"og:type\" content=\"article\" \/>\n<meta property=\"og:title\" content=\"OROLOGIO BREITLING COLLEZIONE &quot;AVENGER&quot; AUTOMATIC REF: A17328101L1A1 - Gioielleria Grande\" \/>\n<meta property=\"og:description\" content=\"Ideato per i piloti di jet, l\u2019Avenger \u00e8 progettato per affrontare le cabine di pilotaggio pi\u00f9 ardue, senza mai tirarsi indietro. Ma non serve essere un asso dell\u2019aviazione per apprezzarne l\u2019audace design, l\u2019eccezionale resilienza e la funzionalit\u00e0 sempre un passo avanti. Abbinando le elevate prestazioni a un sofisticato stile moderno dell\u2019aviazione, i materiali della collezione \u2013 acciaio inossidabile per i modelli normali, ceramica e titanio per i Night Mission \u2013 sono l\u2019essenza del design tipico dell\u2019aviazione, mentre i colori dei quadranti sono ispirati alle tonalit\u00e0 delle uniformi militari. Per tutte le versioni in acciaio inossidabile \u00e8 possibile scegliere tra un cinturino in pelle militare con fibbia d\u00e9ployante ad ardiglione e un bracciale in acciaio inossidabile a tre file con fibbia d\u00e9ployante per regolazioni minime. I modelli in ceramica sono abbinati a un cinturino in pelle militare con fibbia d\u00e9ployante ad ardiglione in titanio. Il tonneau a botte non sar\u00e0 forse per tutti, ma chiunque apprezzer\u00e0 ogni minimo dettaglio dell\u2019Avenger: l\u2019impermeabilit\u00e0 fino a 300 m, la maneggevole funzionalit\u00e0 e la costruzione resistente alla corrosione.\" \/>\n<meta property=\"og:url\" content=\"https:\/\/www.gioielleriagrande.it\/prodotto\/148697\/\" \/>\n<meta property=\"og:site_name\" content=\"Gioielleria Grande\" \/>\n<meta property=\"article:modified_time\" content=\"2025-11-22T16:04:58+00:00\" \/>\n<meta property=\"og:image\" content=\"https:\/\/www.gioielleriagrande.it\/wp-content\/uploads\/2025\/02\/A17328101L1A1.png\" \/>\n\t<meta property=\"og:image:width\" content=\"2048\" \/>\n\t<meta property=\"og:image:height\" content=\"2048\" \/>\n\t<meta property=\"og:image:type\" content=\"image\/png\" \/>\n<meta name=\"twitter:card\" content=\"summary_large_image\" \/>\n<meta name=\"twitter:label1\" content=\"Est. reading time\" \/>\n\t<meta name=\"twitter:data1\" content=\"1 minute\" \/>\n<script type=\"application\/ld+json\" class=\"yoast-schema-graph\">{\"@context\":\"https:\/\/schema.org\",\"@graph\":[{\"@type\":\"WebPage\",\"@id\":\"https:\/\/www.gioielleriagrande.it\/prodotto\/148697\/\",\"url\":\"https:\/\/www.gioielleriagrande.it\/prodotto\/148697\/\",\"name\":\"OROLOGIO BREITLING COLLEZIONE \\\"AVENGER\\\" AUTOMATIC REF: A17328101L1A1 - Gioielleria Grande\",\"isPartOf\":{\"@id\":\"https:\/\/www.gioielleriagrande.it\/#website\"},\"primaryImageOfPage\":{\"@id\":\"https:\/\/www.gioielleriagrande.it\/prodotto\/148697\/#primaryimage\"},\"image\":{\"@id\":\"https:\/\/www.gioielleriagrande.it\/prodotto\/148697\/#primaryimage\"},\"thumbnailUrl\":\"https:\/\/www.gioielleriagrande.it\/wp-content\/uploads\/2025\/02\/A17328101L1A1.png\",\"datePublished\":\"2025-02-22T12:29:46+00:00\",\"dateModified\":\"2025-11-22T16:04:58+00:00\",\"breadcrumb\":{\"@id\":\"https:\/\/www.gioielleriagrande.it\/prodotto\/148697\/#breadcrumb\"},\"inLanguage\":\"en-US\",\"potentialAction\":[{\"@type\":\"ReadAction\",\"target\":[\"https:\/\/www.gioielleriagrande.it\/prodotto\/148697\/\"]}]},{\"@type\":\"ImageObject\",\"inLanguage\":\"en-US\",\"@id\":\"https:\/\/www.gioielleriagrande.it\/prodotto\/148697\/#primaryimage\",\"url\":\"https:\/\/www.gioielleriagrande.it\/wp-content\/uploads\/2025\/02\/A17328101L1A1.png\",\"contentUrl\":\"https:\/\/www.gioielleriagrande.it\/wp-content\/uploads\/2025\/02\/A17328101L1A1.png\",\"width\":2048,\"height\":2048,\"caption\":\"A17328101L1A1.png\"},{\"@type\":\"BreadcrumbList\",\"@id\":\"https:\/\/www.gioielleriagrande.it\/prodotto\/148697\/#breadcrumb\",\"itemListElement\":[{\"@type\":\"ListItem\",\"position\":1,\"name\":\"Home\",\"item\":\"https:\/\/www.gioielleriagrande.it\/\"},{\"@type\":\"ListItem\",\"position\":2,\"name\":\"Shop\",\"item\":\"https:\/\/www.gioielleriagrande.it\/negozio\/\"},{\"@type\":\"ListItem\",\"position\":3,\"name\":\"OROLOGIO BREITLING COLLEZIONE &#8220;AVENGER&#8221; AUTOMATIC REF: A17328101L1A1\"}]},{\"@type\":\"WebSite\",\"@id\":\"https:\/\/www.gioielleriagrande.it\/#website\",\"url\":\"https:\/\/www.gioielleriagrande.it\/\",\"name\":\"Gioielleria Grande\",\"description\":\"\",\"potentialAction\":[{\"@type\":\"SearchAction\",\"target\":{\"@type\":\"EntryPoint\",\"urlTemplate\":\"https:\/\/www.gioielleriagrande.it\/?s={search_term_string}\"},\"query-input\":{\"@type\":\"PropertyValueSpecification\",\"valueRequired\":true,\"valueName\":\"search_term_string\"}}],\"inLanguage\":\"en-US\"}]}<\/script>\n<!-- \/ Yoast SEO plugin. -->","yoast_head_json":{"title":"OROLOGIO BREITLING COLLEZIONE \"AVENGER\" AUTOMATIC REF: A17328101L1A1 - Gioielleria Grande","robots":{"index":"index","follow":"follow","max-snippet":"max-snippet:-1","max-image-preview":"max-image-preview:large","max-video-preview":"max-video-preview:-1"},"canonical":"https:\/\/www.gioielleriagrande.it\/prodotto\/148697\/","og_locale":"en_US","og_type":"article","og_title":"OROLOGIO BREITLING COLLEZIONE \"AVENGER\" AUTOMATIC REF: A17328101L1A1 - Gioielleria Grande","og_description":"Ideato per i piloti di jet, l\u2019Avenger \u00e8 progettato per affrontare le cabine di pilotaggio pi\u00f9 ardue, senza mai tirarsi indietro. Ma non serve essere un asso dell\u2019aviazione per apprezzarne l\u2019audace design, l\u2019eccezionale resilienza e la funzionalit\u00e0 sempre un passo avanti. Abbinando le elevate prestazioni a un sofisticato stile moderno dell\u2019aviazione, i materiali della collezione \u2013 acciaio inossidabile per i modelli normali, ceramica e titanio per i Night Mission \u2013 sono l\u2019essenza del design tipico dell\u2019aviazione, mentre i colori dei quadranti sono ispirati alle tonalit\u00e0 delle uniformi militari. Per tutte le versioni in acciaio inossidabile \u00e8 possibile scegliere tra un cinturino in pelle militare con fibbia d\u00e9ployante ad ardiglione e un bracciale in acciaio inossidabile a tre file con fibbia d\u00e9ployante per regolazioni minime. I modelli in ceramica sono abbinati a un cinturino in pelle militare con fibbia d\u00e9ployante ad ardiglione in titanio. Il tonneau a botte non sar\u00e0 forse per tutti, ma chiunque apprezzer\u00e0 ogni minimo dettaglio dell\u2019Avenger: l\u2019impermeabilit\u00e0 fino a 300 m, la maneggevole funzionalit\u00e0 e la costruzione resistente alla corrosione.","og_url":"https:\/\/www.gioielleriagrande.it\/prodotto\/148697\/","og_site_name":"Gioielleria Grande","article_modified_time":"2025-11-22T16:04:58+00:00","og_image":[{"width":2048,"height":2048,"url":"https:\/\/www.gioielleriagrande.it\/wp-content\/uploads\/2025\/02\/A17328101L1A1.png","type":"image\/png"}],"twitter_card":"summary_large_image","twitter_misc":{"Est. reading time":"1 minute"},"schema":{"@context":"https:\/\/schema.org","@graph":[{"@type":"WebPage","@id":"https:\/\/www.gioielleriagrande.it\/prodotto\/148697\/","url":"https:\/\/www.gioielleriagrande.it\/prodotto\/148697\/","name":"OROLOGIO BREITLING COLLEZIONE \"AVENGER\" AUTOMATIC REF: A17328101L1A1 - Gioielleria Grande","isPartOf":{"@id":"https:\/\/www.gioielleriagrande.it\/#website"},"primaryImageOfPage":{"@id":"https:\/\/www.gioielleriagrande.it\/prodotto\/148697\/#primaryimage"},"image":{"@id":"https:\/\/www.gioielleriagrande.it\/prodotto\/148697\/#primaryimage"},"thumbnailUrl":"https:\/\/www.gioielleriagrande.it\/wp-content\/uploads\/2025\/02\/A17328101L1A1.png","datePublished":"2025-02-22T12:29:46+00:00","dateModified":"2025-11-22T16:04:58+00:00","breadcrumb":{"@id":"https:\/\/www.gioielleriagrande.it\/prodotto\/148697\/#breadcrumb"},"inLanguage":"en-US","potentialAction":[{"@type":"ReadAction","target":["https:\/\/www.gioielleriagrande.it\/prodotto\/148697\/"]}]},{"@type":"ImageObject","inLanguage":"en-US","@id":"https:\/\/www.gioielleriagrande.it\/prodotto\/148697\/#primaryimage","url":"https:\/\/www.gioielleriagrande.it\/wp-content\/uploads\/2025\/02\/A17328101L1A1.png","contentUrl":"https:\/\/www.gioielleriagrande.it\/wp-content\/uploads\/2025\/02\/A17328101L1A1.png","width":2048,"height":2048,"caption":"A17328101L1A1.png"},{"@type":"BreadcrumbList","@id":"https:\/\/www.gioielleriagrande.it\/prodotto\/148697\/#breadcrumb","itemListElement":[{"@type":"ListItem","position":1,"name":"Home","item":"https:\/\/www.gioielleriagrande.it\/"},{"@type":"ListItem","position":2,"name":"Shop","item":"https:\/\/www.gioielleriagrande.it\/negozio\/"},{"@type":"ListItem","position":3,"name":"OROLOGIO BREITLING COLLEZIONE &#8220;AVENGER&#8221; AUTOMATIC REF: A17328101L1A1"}]},{"@type":"WebSite","@id":"https:\/\/www.gioielleriagrande.it\/#website","url":"https:\/\/www.gioielleriagrande.it\/","name":"Gioielleria Grande","description":"","potentialAction":[{"@type":"SearchAction","target":{"@type":"EntryPoint","urlTemplate":"https:\/\/www.gioielleriagrande.it\/?s={search_term_string}"},"query-input":{"@type":"PropertyValueSpecification","valueRequired":true,"valueName":"search_term_string"}}],"inLanguage":"en-US"}]}},"_links":{"self":[{"href":"https:\/\/www.gioielleriagrande.it\/en\/wp-json\/wp\/v2\/product\/335242","targetHints":{"allow":["GET"]}}],"collection":[{"href":"https:\/\/www.gioielleriagrande.it\/en\/wp-json\/wp\/v2\/product"}],"about":[{"href":"https:\/\/www.gioielleriagrande.it\/en\/wp-json\/wp\/v2\/types\/product"}],"replies":[{"embeddable":true,"href":"https:\/\/www.gioielleriagrande.it\/en\/wp-json\/wp\/v2\/comments?post=335242"}],"wp:featuredmedia":[{"embeddable":true,"href":"https:\/\/www.gioielleriagrande.it\/en\/wp-json\/wp\/v2\/media\/333157"}],"wp:attachment":[{"href":"https:\/\/www.gioielleriagrande.it\/en\/wp-json\/wp\/v2\/media?parent=335242"}],"wp:term":[{"taxonomy":"product_brand","embeddable":true,"href":"https:\/\/www.gioielleriagrande.it\/en\/wp-json\/wp\/v2\/product_brand?post=335242"},{"taxonomy":"product_cat","embeddable":true,"href":"https:\/\/www.gioielleriagrande.it\/en\/wp-json\/wp\/v2\/product_cat?post=335242"},{"taxonomy":"product_tag","embeddable":true,"href":"https:\/\/www.gioielleriagrande.it\/en\/wp-json\/wp\/v2\/product_tag?post=335242"}],"curies":[{"name":"wp","href":"https:\/\/api.w.org\/{rel}","templated":true}]}}