{"id":335262,"date":"2025-02-22T13:30:39","date_gmt":"2025-02-22T12:30:39","guid":{"rendered":"https:\/\/www.gioielleriagrande.it\/prodotto\/148880\/"},"modified":"2025-11-22T17:06:56","modified_gmt":"2025-11-22T16:06:56","slug":"148880","status":"publish","type":"product","link":"https:\/\/www.gioielleriagrande.it\/en\/prodotto\/148880\/","title":{"rendered":"TISSOT PR516 MECHANICAL CHRONOGRAPH\nDiametro:41 mm"},"content":{"rendered":"<p>Il cronografo meccanico Tissot PR516: un omaggio al celebre modello Tissot del 1970. Realizzato con una cassa in acciaio inossidabile da 41 mm e un vetro zaffiro in stile glassbox, questo orologio \u00e8 una testimonianza di sofisticata maestria. Al centro si trova un movimento svizzero a carica manuale, visibile attraverso il fondello a vista, che ne mette in mostra l&#8217;intricata meccanica. Il quadrante, dotato di indici e lancette rivestiti in Super-LumiNova\u00ae\ufe0f, garantisce leggibilit\u00e0 in qualsiasi ambiente. Un tachimetro sulla lunetta aggiunge un tocco di funzionalit\u00e0. Il suo design versatile \u00e8 completato da un bracciale bombato in acciaio inossidabile con un sistema di intercambiabilit\u00e0 rapida, perfetto per il passaggio dalle riunioni di lavoro alle gite informali. Il cronografo meccanico PR516 \u00e8 un prodotto perfetto per gli intenditori di orologi che apprezzano il design senza tempo e la precisione meccanica.<br \/>\nCollezioneT-Sport<br \/>\nPeso (g)160<br \/>\nImpermeabile fino a 10 bar (100 metri\/330 piedi)<br \/>\nGaranzia 2 anni garanzia<br \/>\nCassa in acciaio inossidabile 316L con rivestimento PVD nero<br \/>\nFondello a vista, Anello della lunetta minerale<br \/>\nMateriale luminescente sulla cassa<br \/>\nSuperluminova<br \/>\nVetro zaffiro antigraffio con trattamento antiriflesso<\/p>\n","protected":false},"excerpt":{"rendered":"<p>Il cronografo meccanico Tissot PR516: un omaggio al celebre modello Tissot del 1970. Realizzato con una cassa in acciaio inossidabile da 41 mm e un vetro zaffiro in stile glassbox, questo orologio \u00e8 una testimonianza di sofisticata maestria. Al centro si trova un movimento svizzero a carica manuale, visibile attraverso il fondello a vista, che ne mette in mostra l&#8217;intricata meccanica. Il quadrante, dotato di indici e lancette rivestiti in Super-LumiNova\u00ae\ufe0f, garantisce leggibilit\u00e0 in qualsiasi ambiente. Un tachimetro sulla lunetta aggiunge un tocco di funzionalit\u00e0. Il suo design versatile \u00e8 completato da un bracciale bombato in acciaio inossidabile con un sistema di intercambiabilit\u00e0 rapida, perfetto per il passaggio dalle riunioni di lavoro alle gite informali. Il cronografo meccanico PR516 \u00e8 un prodotto perfetto per gli intenditori di orologi che apprezzano il design senza tempo e la precisione meccanica.<br \/>\nCollezioneT-Sport<br \/>\nPeso (g)160<br \/>\nImpermeabile fino a 10 bar (100 metri\/330 piedi)<br \/>\nGaranzia 2 anni garanzia<br \/>\nCassa in acciaio inossidabile 316L con rivestimento PVD nero<br \/>\nFondello a vista, Anello della lunetta minerale<br \/>\nMateriale luminescente sulla cassa<br \/>\nSuperluminova<br \/>\nVetro zaffiro antigraffio con trattamento antiriflesso<\/p>\n","protected":false},"featured_media":333197,"comment_status":"open","ping_status":"closed","template":"","meta":[],"product_brand":[],"product_cat":[3309],"product_tag":[],"class_list":{"0":"post-335262","1":"product","2":"type-product","3":"status-publish","4":"has-post-thumbnail","6":"brand-5112","7":"shops-3355","8":"shop_area-3357","10":"first","11":"instock","12":"taxable","13":"shipping-taxable","14":"purchasable","15":"product-type-simple"},"yoast_head":"<!-- This site is optimized with the Yoast SEO plugin v25.3 - https:\/\/yoast.com\/wordpress\/plugins\/seo\/ -->\n<title>TISSOT PR516 MECHANICAL CHRONOGRAPH Diametro:41 mm - Gioielleria Grande<\/title>\n<meta name=\"robots\" content=\"index, follow, max-snippet:-1, max-image-preview:large, max-video-preview:-1\" \/>\n<link rel=\"canonical\" href=\"https:\/\/www.gioielleriagrande.it\/prodotto\/148880\/\" \/>\n<meta property=\"og:locale\" content=\"en_US\" \/>\n<meta property=\"og:type\" content=\"article\" \/>\n<meta property=\"og:title\" content=\"TISSOT PR516 MECHANICAL CHRONOGRAPH Diametro:41 mm - Gioielleria Grande\" \/>\n<meta property=\"og:description\" content=\"Il cronografo meccanico Tissot PR516: un omaggio al celebre modello Tissot del 1970. Realizzato con una cassa in acciaio inossidabile da 41 mm e un vetro zaffiro in stile glassbox, questo orologio \u00e8 una testimonianza di sofisticata maestria. Al centro si trova un movimento svizzero a carica manuale, visibile attraverso il fondello a vista, che ne mette in mostra l&#039;intricata meccanica. Il quadrante, dotato di indici e lancette rivestiti in Super-LumiNova\u00ae\ufe0f, garantisce leggibilit\u00e0 in qualsiasi ambiente. Un tachimetro sulla lunetta aggiunge un tocco di funzionalit\u00e0. Il suo design versatile \u00e8 completato da un bracciale bombato in acciaio inossidabile con un sistema di intercambiabilit\u00e0 rapida, perfetto per il passaggio dalle riunioni di lavoro alle gite informali. Il cronografo meccanico PR516 \u00e8 un prodotto perfetto per gli intenditori di orologi che apprezzano il design senza tempo e la precisione meccanica. CollezioneT-Sport Peso (g)160 Impermeabile fino a 10 bar (100 metri\/330 piedi) Garanzia 2 anni garanzia Cassa in acciaio inossidabile 316L con rivestimento PVD nero Fondello a vista, Anello della lunetta minerale Materiale luminescente sulla cassa Superluminova Vetro zaffiro antigraffio con trattamento antiriflesso\" \/>\n<meta property=\"og:url\" content=\"https:\/\/www.gioielleriagrande.it\/prodotto\/148880\/\" \/>\n<meta property=\"og:site_name\" content=\"Gioielleria Grande\" \/>\n<meta property=\"article:modified_time\" content=\"2025-11-22T16:06:56+00:00\" \/>\n<meta property=\"og:image\" content=\"https:\/\/www.gioielleriagrande.it\/wp-content\/uploads\/2025\/02\/tissot-t1494592105100-pr516-16065080.jpg\" \/>\n\t<meta property=\"og:image:width\" content=\"1000\" \/>\n\t<meta property=\"og:image:height\" content=\"1000\" \/>\n\t<meta property=\"og:image:type\" content=\"image\/jpeg\" \/>\n<meta name=\"twitter:card\" content=\"summary_large_image\" \/>\n<meta name=\"twitter:label1\" content=\"Est. reading time\" \/>\n\t<meta name=\"twitter:data1\" content=\"1 minute\" \/>\n<script type=\"application\/ld+json\" class=\"yoast-schema-graph\">{\"@context\":\"https:\/\/schema.org\",\"@graph\":[{\"@type\":\"WebPage\",\"@id\":\"https:\/\/www.gioielleriagrande.it\/prodotto\/148880\/\",\"url\":\"https:\/\/www.gioielleriagrande.it\/prodotto\/148880\/\",\"name\":\"TISSOT PR516 MECHANICAL CHRONOGRAPH Diametro:41 mm - Gioielleria Grande\",\"isPartOf\":{\"@id\":\"https:\/\/www.gioielleriagrande.it\/#website\"},\"primaryImageOfPage\":{\"@id\":\"https:\/\/www.gioielleriagrande.it\/prodotto\/148880\/#primaryimage\"},\"image\":{\"@id\":\"https:\/\/www.gioielleriagrande.it\/prodotto\/148880\/#primaryimage\"},\"thumbnailUrl\":\"https:\/\/www.gioielleriagrande.it\/wp-content\/uploads\/2025\/02\/tissot-t1494592105100-pr516-16065080.jpg\",\"datePublished\":\"2025-02-22T12:30:39+00:00\",\"dateModified\":\"2025-11-22T16:06:56+00:00\",\"breadcrumb\":{\"@id\":\"https:\/\/www.gioielleriagrande.it\/prodotto\/148880\/#breadcrumb\"},\"inLanguage\":\"en-US\",\"potentialAction\":[{\"@type\":\"ReadAction\",\"target\":[\"https:\/\/www.gioielleriagrande.it\/prodotto\/148880\/\"]}]},{\"@type\":\"ImageObject\",\"inLanguage\":\"en-US\",\"@id\":\"https:\/\/www.gioielleriagrande.it\/prodotto\/148880\/#primaryimage\",\"url\":\"https:\/\/www.gioielleriagrande.it\/wp-content\/uploads\/2025\/02\/tissot-t1494592105100-pr516-16065080.jpg\",\"contentUrl\":\"https:\/\/www.gioielleriagrande.it\/wp-content\/uploads\/2025\/02\/tissot-t1494592105100-pr516-16065080.jpg\",\"width\":1000,\"height\":1000,\"caption\":\"tissot-t1494592105100-pr516-16065080.jpg\"},{\"@type\":\"BreadcrumbList\",\"@id\":\"https:\/\/www.gioielleriagrande.it\/prodotto\/148880\/#breadcrumb\",\"itemListElement\":[{\"@type\":\"ListItem\",\"position\":1,\"name\":\"Home\",\"item\":\"https:\/\/www.gioielleriagrande.it\/\"},{\"@type\":\"ListItem\",\"position\":2,\"name\":\"Shop\",\"item\":\"https:\/\/www.gioielleriagrande.it\/negozio\/\"},{\"@type\":\"ListItem\",\"position\":3,\"name\":\"TISSOT PR516 MECHANICAL CHRONOGRAPH Diametro:41 mm\"}]},{\"@type\":\"WebSite\",\"@id\":\"https:\/\/www.gioielleriagrande.it\/#website\",\"url\":\"https:\/\/www.gioielleriagrande.it\/\",\"name\":\"Gioielleria Grande\",\"description\":\"\",\"potentialAction\":[{\"@type\":\"SearchAction\",\"target\":{\"@type\":\"EntryPoint\",\"urlTemplate\":\"https:\/\/www.gioielleriagrande.it\/?s={search_term_string}\"},\"query-input\":{\"@type\":\"PropertyValueSpecification\",\"valueRequired\":true,\"valueName\":\"search_term_string\"}}],\"inLanguage\":\"en-US\"}]}<\/script>\n<!-- \/ Yoast SEO plugin. -->","yoast_head_json":{"title":"TISSOT PR516 MECHANICAL CHRONOGRAPH Diametro:41 mm - Gioielleria Grande","robots":{"index":"index","follow":"follow","max-snippet":"max-snippet:-1","max-image-preview":"max-image-preview:large","max-video-preview":"max-video-preview:-1"},"canonical":"https:\/\/www.gioielleriagrande.it\/prodotto\/148880\/","og_locale":"en_US","og_type":"article","og_title":"TISSOT PR516 MECHANICAL CHRONOGRAPH Diametro:41 mm - Gioielleria Grande","og_description":"Il cronografo meccanico Tissot PR516: un omaggio al celebre modello Tissot del 1970. Realizzato con una cassa in acciaio inossidabile da 41 mm e un vetro zaffiro in stile glassbox, questo orologio \u00e8 una testimonianza di sofisticata maestria. Al centro si trova un movimento svizzero a carica manuale, visibile attraverso il fondello a vista, che ne mette in mostra l'intricata meccanica. Il quadrante, dotato di indici e lancette rivestiti in Super-LumiNova\u00ae\ufe0f, garantisce leggibilit\u00e0 in qualsiasi ambiente. Un tachimetro sulla lunetta aggiunge un tocco di funzionalit\u00e0. Il suo design versatile \u00e8 completato da un bracciale bombato in acciaio inossidabile con un sistema di intercambiabilit\u00e0 rapida, perfetto per il passaggio dalle riunioni di lavoro alle gite informali. Il cronografo meccanico PR516 \u00e8 un prodotto perfetto per gli intenditori di orologi che apprezzano il design senza tempo e la precisione meccanica. CollezioneT-Sport Peso (g)160 Impermeabile fino a 10 bar (100 metri\/330 piedi) Garanzia 2 anni garanzia Cassa in acciaio inossidabile 316L con rivestimento PVD nero Fondello a vista, Anello della lunetta minerale Materiale luminescente sulla cassa Superluminova Vetro zaffiro antigraffio con trattamento antiriflesso","og_url":"https:\/\/www.gioielleriagrande.it\/prodotto\/148880\/","og_site_name":"Gioielleria Grande","article_modified_time":"2025-11-22T16:06:56+00:00","og_image":[{"width":1000,"height":1000,"url":"https:\/\/www.gioielleriagrande.it\/wp-content\/uploads\/2025\/02\/tissot-t1494592105100-pr516-16065080.jpg","type":"image\/jpeg"}],"twitter_card":"summary_large_image","twitter_misc":{"Est. reading time":"1 minute"},"schema":{"@context":"https:\/\/schema.org","@graph":[{"@type":"WebPage","@id":"https:\/\/www.gioielleriagrande.it\/prodotto\/148880\/","url":"https:\/\/www.gioielleriagrande.it\/prodotto\/148880\/","name":"TISSOT PR516 MECHANICAL CHRONOGRAPH Diametro:41 mm - Gioielleria Grande","isPartOf":{"@id":"https:\/\/www.gioielleriagrande.it\/#website"},"primaryImageOfPage":{"@id":"https:\/\/www.gioielleriagrande.it\/prodotto\/148880\/#primaryimage"},"image":{"@id":"https:\/\/www.gioielleriagrande.it\/prodotto\/148880\/#primaryimage"},"thumbnailUrl":"https:\/\/www.gioielleriagrande.it\/wp-content\/uploads\/2025\/02\/tissot-t1494592105100-pr516-16065080.jpg","datePublished":"2025-02-22T12:30:39+00:00","dateModified":"2025-11-22T16:06:56+00:00","breadcrumb":{"@id":"https:\/\/www.gioielleriagrande.it\/prodotto\/148880\/#breadcrumb"},"inLanguage":"en-US","potentialAction":[{"@type":"ReadAction","target":["https:\/\/www.gioielleriagrande.it\/prodotto\/148880\/"]}]},{"@type":"ImageObject","inLanguage":"en-US","@id":"https:\/\/www.gioielleriagrande.it\/prodotto\/148880\/#primaryimage","url":"https:\/\/www.gioielleriagrande.it\/wp-content\/uploads\/2025\/02\/tissot-t1494592105100-pr516-16065080.jpg","contentUrl":"https:\/\/www.gioielleriagrande.it\/wp-content\/uploads\/2025\/02\/tissot-t1494592105100-pr516-16065080.jpg","width":1000,"height":1000,"caption":"tissot-t1494592105100-pr516-16065080.jpg"},{"@type":"BreadcrumbList","@id":"https:\/\/www.gioielleriagrande.it\/prodotto\/148880\/#breadcrumb","itemListElement":[{"@type":"ListItem","position":1,"name":"Home","item":"https:\/\/www.gioielleriagrande.it\/"},{"@type":"ListItem","position":2,"name":"Shop","item":"https:\/\/www.gioielleriagrande.it\/negozio\/"},{"@type":"ListItem","position":3,"name":"TISSOT PR516 MECHANICAL CHRONOGRAPH Diametro:41 mm"}]},{"@type":"WebSite","@id":"https:\/\/www.gioielleriagrande.it\/#website","url":"https:\/\/www.gioielleriagrande.it\/","name":"Gioielleria Grande","description":"","potentialAction":[{"@type":"SearchAction","target":{"@type":"EntryPoint","urlTemplate":"https:\/\/www.gioielleriagrande.it\/?s={search_term_string}"},"query-input":{"@type":"PropertyValueSpecification","valueRequired":true,"valueName":"search_term_string"}}],"inLanguage":"en-US"}]}},"_links":{"self":[{"href":"https:\/\/www.gioielleriagrande.it\/en\/wp-json\/wp\/v2\/product\/335262","targetHints":{"allow":["GET"]}}],"collection":[{"href":"https:\/\/www.gioielleriagrande.it\/en\/wp-json\/wp\/v2\/product"}],"about":[{"href":"https:\/\/www.gioielleriagrande.it\/en\/wp-json\/wp\/v2\/types\/product"}],"replies":[{"embeddable":true,"href":"https:\/\/www.gioielleriagrande.it\/en\/wp-json\/wp\/v2\/comments?post=335262"}],"wp:featuredmedia":[{"embeddable":true,"href":"https:\/\/www.gioielleriagrande.it\/en\/wp-json\/wp\/v2\/media\/333197"}],"wp:attachment":[{"href":"https:\/\/www.gioielleriagrande.it\/en\/wp-json\/wp\/v2\/media?parent=335262"}],"wp:term":[{"taxonomy":"product_brand","embeddable":true,"href":"https:\/\/www.gioielleriagrande.it\/en\/wp-json\/wp\/v2\/product_brand?post=335262"},{"taxonomy":"product_cat","embeddable":true,"href":"https:\/\/www.gioielleriagrande.it\/en\/wp-json\/wp\/v2\/product_cat?post=335262"},{"taxonomy":"product_tag","embeddable":true,"href":"https:\/\/www.gioielleriagrande.it\/en\/wp-json\/wp\/v2\/product_tag?post=335262"}],"curies":[{"name":"wp","href":"https:\/\/api.w.org\/{rel}","templated":true}]}}