{"id":335276,"date":"2025-02-22T13:31:21","date_gmt":"2025-02-22T12:31:21","guid":{"rendered":"https:\/\/www.gioielleriagrande.it\/prodotto\/148952\/"},"modified":"2026-02-13T18:24:05","modified_gmt":"2026-02-13T17:24:05","slug":"148952","status":"publish","type":"product","link":"https:\/\/www.gioielleriagrande.it\/en\/prodotto\/148952\/","title":{"rendered":"AIKON Automatic 42mm\nREF:AI6008-SS00F-630-D"},"content":{"rendered":"<p>Il sistema Easy Strap Exchange di AIKON ha conquistato i proprietari del modello per molti anni, permettendo di sostituire facilmente un bracciale in metallo con un cinturino in pelle o viceversa, senza l\u2019ausilio di appositi strumenti. Ora, Maurice Lacroix continua a sviluppare questa versatilit\u00e0 introducendo una nuova gamma di cinturini in gomma FKM. Questo particolare grado di gomma offre una flessibilit\u00e0 superiore al normale caucci\u00f9, aumentando cos\u00ec il comfort di chi indossa l\u2019orologio. Inoltre, la gomma FKM offre una maggiore resistenza all\u2019usura e il colore \u00e8 meno soggetto allo sbiadimento.<\/p>\n<p>I nuovi cinturini in caucci\u00f9 presentano una fila centrale con un motivo Clous de Paris, che riprende il motivo del quadrante. Adiacenti alla fila centrale sono posizionate due scanalature incassate che si allineano con i punti di fissaggio del cinturino e proteggono la cassa. I cinturini sono disponibili in una selezione di colori, offrendo l\u2019abbinamento ottimale per i vari colori di quadranti disponibili. Tutti i cinturini sono dotati di fibbia ad ardiglione in acciaio e presentano il logo \u201cM\u201d di Maurice Lacroix.<\/p>\n","protected":false},"excerpt":{"rendered":"<p>Il sistema Easy Strap Exchange di AIKON ha conquistato i proprietari del modello per molti anni, permettendo di sostituire facilmente un bracciale in metallo con un cinturino in pelle o viceversa, senza l\u2019ausilio di appositi strumenti. Ora, Maurice Lacroix continua a sviluppare questa versatilit\u00e0 introducendo una nuova gamma di cinturini in gomma FKM. Questo particolare grado di gomma offre una flessibilit\u00e0 superiore al normale caucci\u00f9, aumentando cos\u00ec il comfort di chi indossa l\u2019orologio. Inoltre, la gomma FKM offre una maggiore resistenza all\u2019usura e il colore \u00e8 meno soggetto allo sbiadimento.<\/p>\n<p>I nuovi cinturini in caucci\u00f9 presentano una fila centrale con un motivo Clous de Paris, che riprende il motivo del quadrante. Adiacenti alla fila centrale sono posizionate due scanalature incassate che si allineano con i punti di fissaggio del cinturino e proteggono la cassa. I cinturini sono disponibili in una selezione di colori, offrendo l\u2019abbinamento ottimale per i vari colori di quadranti disponibili. Tutti i cinturini sono dotati di fibbia ad ardiglione in acciaio e presentano il logo \u201cM\u201d di Maurice Lacroix.<\/p>\n","protected":false},"featured_media":83464,"comment_status":"open","ping_status":"closed","template":"","meta":[],"product_brand":[],"product_cat":[3309],"product_tag":[],"class_list":{"0":"post-335276","1":"product","2":"type-product","3":"status-publish","4":"has-post-thumbnail","6":"brand-5409","7":"line-6315","8":"shops-3355","9":"shop_area-3357","11":"first","12":"instock","13":"taxable","14":"shipping-taxable","15":"purchasable","16":"product-type-simple"},"yoast_head":"<!-- This site is optimized with the Yoast SEO plugin v25.3 - https:\/\/yoast.com\/wordpress\/plugins\/seo\/ -->\n<title>AIKON Automatic 42mm REF:AI6008-SS00F-630-D - Gioielleria Grande<\/title>\n<meta name=\"robots\" content=\"index, follow, max-snippet:-1, max-image-preview:large, max-video-preview:-1\" \/>\n<link rel=\"canonical\" href=\"https:\/\/www.gioielleriagrande.it\/prodotto\/148952\/\" \/>\n<meta property=\"og:locale\" content=\"en_US\" \/>\n<meta property=\"og:type\" content=\"article\" \/>\n<meta property=\"og:title\" content=\"AIKON Automatic 42mm REF:AI6008-SS00F-630-D - Gioielleria Grande\" \/>\n<meta property=\"og:description\" content=\"Il sistema Easy Strap Exchange di AIKON ha conquistato i proprietari del modello per molti anni, permettendo di sostituire facilmente un bracciale in metallo con un cinturino in pelle o viceversa, senza l\u2019ausilio di appositi strumenti. Ora, Maurice Lacroix continua a sviluppare questa versatilit\u00e0 introducendo una nuova gamma di cinturini in gomma FKM. Questo particolare grado di gomma offre una flessibilit\u00e0 superiore al normale caucci\u00f9, aumentando cos\u00ec il comfort di chi indossa l\u2019orologio. Inoltre, la gomma FKM offre una maggiore resistenza all\u2019usura e il colore \u00e8 meno soggetto allo sbiadimento.  I nuovi cinturini in caucci\u00f9 presentano una fila centrale con un motivo Clous de Paris, che riprende il motivo del quadrante. Adiacenti alla fila centrale sono posizionate due scanalature incassate che si allineano con i punti di fissaggio del cinturino e proteggono la cassa. I cinturini sono disponibili in una selezione di colori, offrendo l\u2019abbinamento ottimale per i vari colori di quadranti disponibili. Tutti i cinturini sono dotati di fibbia ad ardiglione in acciaio e presentano il logo \u201cM\u201d di Maurice Lacroix.\" \/>\n<meta property=\"og:url\" content=\"https:\/\/www.gioielleriagrande.it\/prodotto\/148952\/\" \/>\n<meta property=\"og:site_name\" content=\"Gioielleria Grande\" \/>\n<meta property=\"article:modified_time\" content=\"2026-02-13T17:24:05+00:00\" \/>\n<meta property=\"og:image\" content=\"https:\/\/www.gioielleriagrande.it\/wp-content\/uploads\/2022\/08\/AI6008-SS00F-630-D.jpg\" \/>\n\t<meta property=\"og:image:width\" content=\"450\" \/>\n\t<meta property=\"og:image:height\" content=\"450\" \/>\n\t<meta property=\"og:image:type\" content=\"image\/jpeg\" \/>\n<meta name=\"twitter:card\" content=\"summary_large_image\" \/>\n<meta name=\"twitter:label1\" content=\"Est. reading time\" \/>\n\t<meta name=\"twitter:data1\" content=\"1 minute\" \/>\n<script type=\"application\/ld+json\" class=\"yoast-schema-graph\">{\"@context\":\"https:\/\/schema.org\",\"@graph\":[{\"@type\":\"WebPage\",\"@id\":\"https:\/\/www.gioielleriagrande.it\/prodotto\/148952\/\",\"url\":\"https:\/\/www.gioielleriagrande.it\/prodotto\/148952\/\",\"name\":\"AIKON Automatic 42mm REF:AI6008-SS00F-630-D - Gioielleria Grande\",\"isPartOf\":{\"@id\":\"https:\/\/www.gioielleriagrande.it\/#website\"},\"primaryImageOfPage\":{\"@id\":\"https:\/\/www.gioielleriagrande.it\/prodotto\/148952\/#primaryimage\"},\"image\":{\"@id\":\"https:\/\/www.gioielleriagrande.it\/prodotto\/148952\/#primaryimage\"},\"thumbnailUrl\":\"https:\/\/www.gioielleriagrande.it\/wp-content\/uploads\/2022\/08\/AI6008-SS00F-630-D.jpg\",\"datePublished\":\"2025-02-22T12:31:21+00:00\",\"dateModified\":\"2026-02-13T17:24:05+00:00\",\"breadcrumb\":{\"@id\":\"https:\/\/www.gioielleriagrande.it\/prodotto\/148952\/#breadcrumb\"},\"inLanguage\":\"en-US\",\"potentialAction\":[{\"@type\":\"ReadAction\",\"target\":[\"https:\/\/www.gioielleriagrande.it\/prodotto\/148952\/\"]}]},{\"@type\":\"ImageObject\",\"inLanguage\":\"en-US\",\"@id\":\"https:\/\/www.gioielleriagrande.it\/prodotto\/148952\/#primaryimage\",\"url\":\"https:\/\/www.gioielleriagrande.it\/wp-content\/uploads\/2022\/08\/AI6008-SS00F-630-D.jpg\",\"contentUrl\":\"https:\/\/www.gioielleriagrande.it\/wp-content\/uploads\/2022\/08\/AI6008-SS00F-630-D.jpg\",\"width\":450,\"height\":450,\"caption\":\"AI6008-SS00F-630-D.jpg\"},{\"@type\":\"BreadcrumbList\",\"@id\":\"https:\/\/www.gioielleriagrande.it\/prodotto\/148952\/#breadcrumb\",\"itemListElement\":[{\"@type\":\"ListItem\",\"position\":1,\"name\":\"Home\",\"item\":\"https:\/\/www.gioielleriagrande.it\/\"},{\"@type\":\"ListItem\",\"position\":2,\"name\":\"Shop\",\"item\":\"https:\/\/www.gioielleriagrande.it\/negozio\/\"},{\"@type\":\"ListItem\",\"position\":3,\"name\":\"AIKON Automatic 42mm REF:AI6008-SS00F-630-D\"}]},{\"@type\":\"WebSite\",\"@id\":\"https:\/\/www.gioielleriagrande.it\/#website\",\"url\":\"https:\/\/www.gioielleriagrande.it\/\",\"name\":\"Gioielleria Grande\",\"description\":\"\",\"potentialAction\":[{\"@type\":\"SearchAction\",\"target\":{\"@type\":\"EntryPoint\",\"urlTemplate\":\"https:\/\/www.gioielleriagrande.it\/?s={search_term_string}\"},\"query-input\":{\"@type\":\"PropertyValueSpecification\",\"valueRequired\":true,\"valueName\":\"search_term_string\"}}],\"inLanguage\":\"en-US\"}]}<\/script>\n<!-- \/ Yoast SEO plugin. -->","yoast_head_json":{"title":"AIKON Automatic 42mm REF:AI6008-SS00F-630-D - Gioielleria Grande","robots":{"index":"index","follow":"follow","max-snippet":"max-snippet:-1","max-image-preview":"max-image-preview:large","max-video-preview":"max-video-preview:-1"},"canonical":"https:\/\/www.gioielleriagrande.it\/prodotto\/148952\/","og_locale":"en_US","og_type":"article","og_title":"AIKON Automatic 42mm REF:AI6008-SS00F-630-D - Gioielleria Grande","og_description":"Il sistema Easy Strap Exchange di AIKON ha conquistato i proprietari del modello per molti anni, permettendo di sostituire facilmente un bracciale in metallo con un cinturino in pelle o viceversa, senza l\u2019ausilio di appositi strumenti. Ora, Maurice Lacroix continua a sviluppare questa versatilit\u00e0 introducendo una nuova gamma di cinturini in gomma FKM. Questo particolare grado di gomma offre una flessibilit\u00e0 superiore al normale caucci\u00f9, aumentando cos\u00ec il comfort di chi indossa l\u2019orologio. Inoltre, la gomma FKM offre una maggiore resistenza all\u2019usura e il colore \u00e8 meno soggetto allo sbiadimento.  I nuovi cinturini in caucci\u00f9 presentano una fila centrale con un motivo Clous de Paris, che riprende il motivo del quadrante. Adiacenti alla fila centrale sono posizionate due scanalature incassate che si allineano con i punti di fissaggio del cinturino e proteggono la cassa. I cinturini sono disponibili in una selezione di colori, offrendo l\u2019abbinamento ottimale per i vari colori di quadranti disponibili. Tutti i cinturini sono dotati di fibbia ad ardiglione in acciaio e presentano il logo \u201cM\u201d di Maurice Lacroix.","og_url":"https:\/\/www.gioielleriagrande.it\/prodotto\/148952\/","og_site_name":"Gioielleria Grande","article_modified_time":"2026-02-13T17:24:05+00:00","og_image":[{"width":450,"height":450,"url":"https:\/\/www.gioielleriagrande.it\/wp-content\/uploads\/2022\/08\/AI6008-SS00F-630-D.jpg","type":"image\/jpeg"}],"twitter_card":"summary_large_image","twitter_misc":{"Est. reading time":"1 minute"},"schema":{"@context":"https:\/\/schema.org","@graph":[{"@type":"WebPage","@id":"https:\/\/www.gioielleriagrande.it\/prodotto\/148952\/","url":"https:\/\/www.gioielleriagrande.it\/prodotto\/148952\/","name":"AIKON Automatic 42mm REF:AI6008-SS00F-630-D - Gioielleria Grande","isPartOf":{"@id":"https:\/\/www.gioielleriagrande.it\/#website"},"primaryImageOfPage":{"@id":"https:\/\/www.gioielleriagrande.it\/prodotto\/148952\/#primaryimage"},"image":{"@id":"https:\/\/www.gioielleriagrande.it\/prodotto\/148952\/#primaryimage"},"thumbnailUrl":"https:\/\/www.gioielleriagrande.it\/wp-content\/uploads\/2022\/08\/AI6008-SS00F-630-D.jpg","datePublished":"2025-02-22T12:31:21+00:00","dateModified":"2026-02-13T17:24:05+00:00","breadcrumb":{"@id":"https:\/\/www.gioielleriagrande.it\/prodotto\/148952\/#breadcrumb"},"inLanguage":"en-US","potentialAction":[{"@type":"ReadAction","target":["https:\/\/www.gioielleriagrande.it\/prodotto\/148952\/"]}]},{"@type":"ImageObject","inLanguage":"en-US","@id":"https:\/\/www.gioielleriagrande.it\/prodotto\/148952\/#primaryimage","url":"https:\/\/www.gioielleriagrande.it\/wp-content\/uploads\/2022\/08\/AI6008-SS00F-630-D.jpg","contentUrl":"https:\/\/www.gioielleriagrande.it\/wp-content\/uploads\/2022\/08\/AI6008-SS00F-630-D.jpg","width":450,"height":450,"caption":"AI6008-SS00F-630-D.jpg"},{"@type":"BreadcrumbList","@id":"https:\/\/www.gioielleriagrande.it\/prodotto\/148952\/#breadcrumb","itemListElement":[{"@type":"ListItem","position":1,"name":"Home","item":"https:\/\/www.gioielleriagrande.it\/"},{"@type":"ListItem","position":2,"name":"Shop","item":"https:\/\/www.gioielleriagrande.it\/negozio\/"},{"@type":"ListItem","position":3,"name":"AIKON Automatic 42mm REF:AI6008-SS00F-630-D"}]},{"@type":"WebSite","@id":"https:\/\/www.gioielleriagrande.it\/#website","url":"https:\/\/www.gioielleriagrande.it\/","name":"Gioielleria Grande","description":"","potentialAction":[{"@type":"SearchAction","target":{"@type":"EntryPoint","urlTemplate":"https:\/\/www.gioielleriagrande.it\/?s={search_term_string}"},"query-input":{"@type":"PropertyValueSpecification","valueRequired":true,"valueName":"search_term_string"}}],"inLanguage":"en-US"}]}},"_links":{"self":[{"href":"https:\/\/www.gioielleriagrande.it\/en\/wp-json\/wp\/v2\/product\/335276","targetHints":{"allow":["GET"]}}],"collection":[{"href":"https:\/\/www.gioielleriagrande.it\/en\/wp-json\/wp\/v2\/product"}],"about":[{"href":"https:\/\/www.gioielleriagrande.it\/en\/wp-json\/wp\/v2\/types\/product"}],"replies":[{"embeddable":true,"href":"https:\/\/www.gioielleriagrande.it\/en\/wp-json\/wp\/v2\/comments?post=335276"}],"wp:featuredmedia":[{"embeddable":true,"href":"https:\/\/www.gioielleriagrande.it\/en\/wp-json\/wp\/v2\/media\/83464"}],"wp:attachment":[{"href":"https:\/\/www.gioielleriagrande.it\/en\/wp-json\/wp\/v2\/media?parent=335276"}],"wp:term":[{"taxonomy":"product_brand","embeddable":true,"href":"https:\/\/www.gioielleriagrande.it\/en\/wp-json\/wp\/v2\/product_brand?post=335276"},{"taxonomy":"product_cat","embeddable":true,"href":"https:\/\/www.gioielleriagrande.it\/en\/wp-json\/wp\/v2\/product_cat?post=335276"},{"taxonomy":"product_tag","embeddable":true,"href":"https:\/\/www.gioielleriagrande.it\/en\/wp-json\/wp\/v2\/product_tag?post=335276"}],"curies":[{"name":"wp","href":"https:\/\/api.w.org\/{rel}","templated":true}]}}