{"id":335323,"date":"2025-02-22T13:32:41","date_gmt":"2025-02-22T12:32:41","guid":{"rendered":"https:\/\/www.gioielleriagrande.it\/prodotto\/149946\/"},"modified":"2025-11-22T17:10:28","modified_gmt":"2025-11-22T16:10:28","slug":"149946","status":"publish","type":"product","link":"https:\/\/www.gioielleriagrande.it\/en\/prodotto\/149946\/","title":{"rendered":"TEAL\nPOLYCARBON 37 MM"},"content":{"rendered":"<p>La nostra ultima uscita \u00e8 un&#8217;audace uscita dall&#8217;ordinario. Questo nuovo modello in policarbonio \u00e8 un ribelle da polso, con un&#8217;elegante cassa da 37 mm tanto audace quanto particolare. Preparatevi a un look monocromatico verde petrolio brillante che non \u00e8 solo una dichiarazione, ma un manifesto di stile.<br \/>\nLa cassa da 37 mm rappresenta il perfetto equilibrio tra audacia e vestibilit\u00e0, assicurando un compagno versatile per ogni occasione. L&#8217;estetica completamente verde acqua \u00e8 pi\u00f9 di una scelta cromatica: \u00e8 un impegno per un capolavoro monocromatico che si rifiuta di essere trascurato.<br \/>\nDalla cassa al cinturino, ogni centimetro di questo segnatempo esplode con un&#8217;esplosione di verde vibrante. l&#8217;oscurit\u00e0 con stile. Il look monocromatico verde acqua non \u00e8 solo una tendenza, ma un&#8217;espressione senza tempo di raffinatezza e modernit\u00e0.<br \/>\nIl modello Teal non \u00e8 solo un orologio: \u00e8 una celebrazione dell&#8217;innovazione elegante e una testimonianza del potere del cool monocromatico. Quindi, se siete pronti a dare un tocco di stile elettrizzante al vostro polso.<\/p>\n","protected":false},"excerpt":{"rendered":"<p>La nostra ultima uscita \u00e8 un&#8217;audace uscita dall&#8217;ordinario. Questo nuovo modello in policarbonio \u00e8 un ribelle da polso, con un&#8217;elegante cassa da 37 mm tanto audace quanto particolare. Preparatevi a un look monocromatico verde petrolio brillante che non \u00e8 solo una dichiarazione, ma un manifesto di stile.<br \/>\nLa cassa da 37 mm rappresenta il perfetto equilibrio tra audacia e vestibilit\u00e0, assicurando un compagno versatile per ogni occasione. L&#8217;estetica completamente verde acqua \u00e8 pi\u00f9 di una scelta cromatica: \u00e8 un impegno per un capolavoro monocromatico che si rifiuta di essere trascurato.<br \/>\nDalla cassa al cinturino, ogni centimetro di questo segnatempo esplode con un&#8217;esplosione di verde vibrante. l&#8217;oscurit\u00e0 con stile. Il look monocromatico verde acqua non \u00e8 solo una tendenza, ma un&#8217;espressione senza tempo di raffinatezza e modernit\u00e0.<br \/>\nIl modello Teal non \u00e8 solo un orologio: \u00e8 una celebrazione dell&#8217;innovazione elegante e una testimonianza del potere del cool monocromatico. Quindi, se siete pronti a dare un tocco di stile elettrizzante al vostro polso.<\/p>\n","protected":false},"featured_media":333346,"comment_status":"open","ping_status":"closed","template":"","meta":[],"product_brand":[],"product_cat":[3309],"product_tag":[],"class_list":{"0":"post-335323","1":"product","2":"type-product","3":"status-publish","4":"has-post-thumbnail","6":"brand-5137","7":"shops-3355","8":"shop_area-3357","10":"first","11":"instock","12":"taxable","13":"shipping-taxable","14":"purchasable","15":"product-type-simple"},"yoast_head":"<!-- This site is optimized with the Yoast SEO plugin v25.3 - https:\/\/yoast.com\/wordpress\/plugins\/seo\/ -->\n<title>TEAL POLYCARBON 37 MM - Gioielleria Grande<\/title>\n<meta name=\"robots\" content=\"index, follow, max-snippet:-1, max-image-preview:large, max-video-preview:-1\" \/>\n<link rel=\"canonical\" href=\"https:\/\/www.gioielleriagrande.it\/prodotto\/149946\/\" \/>\n<meta property=\"og:locale\" content=\"en_US\" \/>\n<meta property=\"og:type\" content=\"article\" \/>\n<meta property=\"og:title\" content=\"TEAL POLYCARBON 37 MM - Gioielleria Grande\" \/>\n<meta property=\"og:description\" content=\"La nostra ultima uscita \u00e8 un&#039;audace uscita dall&#039;ordinario. Questo nuovo modello in policarbonio \u00e8 un ribelle da polso, con un&#039;elegante cassa da 37 mm tanto audace quanto particolare. Preparatevi a un look monocromatico verde petrolio brillante che non \u00e8 solo una dichiarazione, ma un manifesto di stile. La cassa da 37 mm rappresenta il perfetto equilibrio tra audacia e vestibilit\u00e0, assicurando un compagno versatile per ogni occasione. L&#039;estetica completamente verde acqua \u00e8 pi\u00f9 di una scelta cromatica: \u00e8 un impegno per un capolavoro monocromatico che si rifiuta di essere trascurato. Dalla cassa al cinturino, ogni centimetro di questo segnatempo esplode con un&#039;esplosione di verde vibrante. l&#039;oscurit\u00e0 con stile. Il look monocromatico verde acqua non \u00e8 solo una tendenza, ma un&#039;espressione senza tempo di raffinatezza e modernit\u00e0. Il modello Teal non \u00e8 solo un orologio: \u00e8 una celebrazione dell&#039;innovazione elegante e una testimonianza del potere del cool monocromatico. Quindi, se siete pronti a dare un tocco di stile elettrizzante al vostro polso.\" \/>\n<meta property=\"og:url\" content=\"https:\/\/www.gioielleriagrande.it\/prodotto\/149946\/\" \/>\n<meta property=\"og:site_name\" content=\"Gioielleria Grande\" \/>\n<meta property=\"article:modified_time\" content=\"2025-11-22T16:10:28+00:00\" \/>\n<meta property=\"og:image\" content=\"https:\/\/www.gioielleriagrande.it\/wp-content\/uploads\/2025\/02\/PCBU02_1200x.jpeg\" \/>\n\t<meta property=\"og:image:width\" content=\"1200\" \/>\n\t<meta property=\"og:image:height\" content=\"1200\" \/>\n\t<meta property=\"og:image:type\" content=\"image\/jpeg\" \/>\n<meta name=\"twitter:card\" content=\"summary_large_image\" \/>\n<meta name=\"twitter:label1\" content=\"Est. reading time\" \/>\n\t<meta name=\"twitter:data1\" content=\"1 minute\" \/>\n<script type=\"application\/ld+json\" class=\"yoast-schema-graph\">{\"@context\":\"https:\/\/schema.org\",\"@graph\":[{\"@type\":\"WebPage\",\"@id\":\"https:\/\/www.gioielleriagrande.it\/prodotto\/149946\/\",\"url\":\"https:\/\/www.gioielleriagrande.it\/prodotto\/149946\/\",\"name\":\"TEAL POLYCARBON 37 MM - Gioielleria Grande\",\"isPartOf\":{\"@id\":\"https:\/\/www.gioielleriagrande.it\/#website\"},\"primaryImageOfPage\":{\"@id\":\"https:\/\/www.gioielleriagrande.it\/prodotto\/149946\/#primaryimage\"},\"image\":{\"@id\":\"https:\/\/www.gioielleriagrande.it\/prodotto\/149946\/#primaryimage\"},\"thumbnailUrl\":\"https:\/\/www.gioielleriagrande.it\/wp-content\/uploads\/2025\/02\/PCBU02_1200x.jpeg\",\"datePublished\":\"2025-02-22T12:32:41+00:00\",\"dateModified\":\"2025-11-22T16:10:28+00:00\",\"breadcrumb\":{\"@id\":\"https:\/\/www.gioielleriagrande.it\/prodotto\/149946\/#breadcrumb\"},\"inLanguage\":\"en-US\",\"potentialAction\":[{\"@type\":\"ReadAction\",\"target\":[\"https:\/\/www.gioielleriagrande.it\/prodotto\/149946\/\"]}]},{\"@type\":\"ImageObject\",\"inLanguage\":\"en-US\",\"@id\":\"https:\/\/www.gioielleriagrande.it\/prodotto\/149946\/#primaryimage\",\"url\":\"https:\/\/www.gioielleriagrande.it\/wp-content\/uploads\/2025\/02\/PCBU02_1200x.jpeg\",\"contentUrl\":\"https:\/\/www.gioielleriagrande.it\/wp-content\/uploads\/2025\/02\/PCBU02_1200x.jpeg\",\"width\":1200,\"height\":1200,\"caption\":\"PCBU02_1200x.JPEG\"},{\"@type\":\"BreadcrumbList\",\"@id\":\"https:\/\/www.gioielleriagrande.it\/prodotto\/149946\/#breadcrumb\",\"itemListElement\":[{\"@type\":\"ListItem\",\"position\":1,\"name\":\"Home\",\"item\":\"https:\/\/www.gioielleriagrande.it\/\"},{\"@type\":\"ListItem\",\"position\":2,\"name\":\"Shop\",\"item\":\"https:\/\/www.gioielleriagrande.it\/negozio\/\"},{\"@type\":\"ListItem\",\"position\":3,\"name\":\"TEAL POLYCARBON 37 MM\"}]},{\"@type\":\"WebSite\",\"@id\":\"https:\/\/www.gioielleriagrande.it\/#website\",\"url\":\"https:\/\/www.gioielleriagrande.it\/\",\"name\":\"Gioielleria Grande\",\"description\":\"\",\"potentialAction\":[{\"@type\":\"SearchAction\",\"target\":{\"@type\":\"EntryPoint\",\"urlTemplate\":\"https:\/\/www.gioielleriagrande.it\/?s={search_term_string}\"},\"query-input\":{\"@type\":\"PropertyValueSpecification\",\"valueRequired\":true,\"valueName\":\"search_term_string\"}}],\"inLanguage\":\"en-US\"}]}<\/script>\n<!-- \/ Yoast SEO plugin. -->","yoast_head_json":{"title":"TEAL POLYCARBON 37 MM - Gioielleria Grande","robots":{"index":"index","follow":"follow","max-snippet":"max-snippet:-1","max-image-preview":"max-image-preview:large","max-video-preview":"max-video-preview:-1"},"canonical":"https:\/\/www.gioielleriagrande.it\/prodotto\/149946\/","og_locale":"en_US","og_type":"article","og_title":"TEAL POLYCARBON 37 MM - Gioielleria Grande","og_description":"La nostra ultima uscita \u00e8 un'audace uscita dall'ordinario. Questo nuovo modello in policarbonio \u00e8 un ribelle da polso, con un'elegante cassa da 37 mm tanto audace quanto particolare. Preparatevi a un look monocromatico verde petrolio brillante che non \u00e8 solo una dichiarazione, ma un manifesto di stile. La cassa da 37 mm rappresenta il perfetto equilibrio tra audacia e vestibilit\u00e0, assicurando un compagno versatile per ogni occasione. L'estetica completamente verde acqua \u00e8 pi\u00f9 di una scelta cromatica: \u00e8 un impegno per un capolavoro monocromatico che si rifiuta di essere trascurato. Dalla cassa al cinturino, ogni centimetro di questo segnatempo esplode con un'esplosione di verde vibrante. l'oscurit\u00e0 con stile. Il look monocromatico verde acqua non \u00e8 solo una tendenza, ma un'espressione senza tempo di raffinatezza e modernit\u00e0. Il modello Teal non \u00e8 solo un orologio: \u00e8 una celebrazione dell'innovazione elegante e una testimonianza del potere del cool monocromatico. Quindi, se siete pronti a dare un tocco di stile elettrizzante al vostro polso.","og_url":"https:\/\/www.gioielleriagrande.it\/prodotto\/149946\/","og_site_name":"Gioielleria Grande","article_modified_time":"2025-11-22T16:10:28+00:00","og_image":[{"width":1200,"height":1200,"url":"https:\/\/www.gioielleriagrande.it\/wp-content\/uploads\/2025\/02\/PCBU02_1200x.jpeg","type":"image\/jpeg"}],"twitter_card":"summary_large_image","twitter_misc":{"Est. reading time":"1 minute"},"schema":{"@context":"https:\/\/schema.org","@graph":[{"@type":"WebPage","@id":"https:\/\/www.gioielleriagrande.it\/prodotto\/149946\/","url":"https:\/\/www.gioielleriagrande.it\/prodotto\/149946\/","name":"TEAL POLYCARBON 37 MM - Gioielleria Grande","isPartOf":{"@id":"https:\/\/www.gioielleriagrande.it\/#website"},"primaryImageOfPage":{"@id":"https:\/\/www.gioielleriagrande.it\/prodotto\/149946\/#primaryimage"},"image":{"@id":"https:\/\/www.gioielleriagrande.it\/prodotto\/149946\/#primaryimage"},"thumbnailUrl":"https:\/\/www.gioielleriagrande.it\/wp-content\/uploads\/2025\/02\/PCBU02_1200x.jpeg","datePublished":"2025-02-22T12:32:41+00:00","dateModified":"2025-11-22T16:10:28+00:00","breadcrumb":{"@id":"https:\/\/www.gioielleriagrande.it\/prodotto\/149946\/#breadcrumb"},"inLanguage":"en-US","potentialAction":[{"@type":"ReadAction","target":["https:\/\/www.gioielleriagrande.it\/prodotto\/149946\/"]}]},{"@type":"ImageObject","inLanguage":"en-US","@id":"https:\/\/www.gioielleriagrande.it\/prodotto\/149946\/#primaryimage","url":"https:\/\/www.gioielleriagrande.it\/wp-content\/uploads\/2025\/02\/PCBU02_1200x.jpeg","contentUrl":"https:\/\/www.gioielleriagrande.it\/wp-content\/uploads\/2025\/02\/PCBU02_1200x.jpeg","width":1200,"height":1200,"caption":"PCBU02_1200x.JPEG"},{"@type":"BreadcrumbList","@id":"https:\/\/www.gioielleriagrande.it\/prodotto\/149946\/#breadcrumb","itemListElement":[{"@type":"ListItem","position":1,"name":"Home","item":"https:\/\/www.gioielleriagrande.it\/"},{"@type":"ListItem","position":2,"name":"Shop","item":"https:\/\/www.gioielleriagrande.it\/negozio\/"},{"@type":"ListItem","position":3,"name":"TEAL POLYCARBON 37 MM"}]},{"@type":"WebSite","@id":"https:\/\/www.gioielleriagrande.it\/#website","url":"https:\/\/www.gioielleriagrande.it\/","name":"Gioielleria Grande","description":"","potentialAction":[{"@type":"SearchAction","target":{"@type":"EntryPoint","urlTemplate":"https:\/\/www.gioielleriagrande.it\/?s={search_term_string}"},"query-input":{"@type":"PropertyValueSpecification","valueRequired":true,"valueName":"search_term_string"}}],"inLanguage":"en-US"}]}},"_links":{"self":[{"href":"https:\/\/www.gioielleriagrande.it\/en\/wp-json\/wp\/v2\/product\/335323","targetHints":{"allow":["GET"]}}],"collection":[{"href":"https:\/\/www.gioielleriagrande.it\/en\/wp-json\/wp\/v2\/product"}],"about":[{"href":"https:\/\/www.gioielleriagrande.it\/en\/wp-json\/wp\/v2\/types\/product"}],"replies":[{"embeddable":true,"href":"https:\/\/www.gioielleriagrande.it\/en\/wp-json\/wp\/v2\/comments?post=335323"}],"wp:featuredmedia":[{"embeddable":true,"href":"https:\/\/www.gioielleriagrande.it\/en\/wp-json\/wp\/v2\/media\/333346"}],"wp:attachment":[{"href":"https:\/\/www.gioielleriagrande.it\/en\/wp-json\/wp\/v2\/media?parent=335323"}],"wp:term":[{"taxonomy":"product_brand","embeddable":true,"href":"https:\/\/www.gioielleriagrande.it\/en\/wp-json\/wp\/v2\/product_brand?post=335323"},{"taxonomy":"product_cat","embeddable":true,"href":"https:\/\/www.gioielleriagrande.it\/en\/wp-json\/wp\/v2\/product_cat?post=335323"},{"taxonomy":"product_tag","embeddable":true,"href":"https:\/\/www.gioielleriagrande.it\/en\/wp-json\/wp\/v2\/product_tag?post=335323"}],"curies":[{"name":"wp","href":"https:\/\/api.w.org\/{rel}","templated":true}]}}