{"id":335343,"date":"2025-02-22T13:33:17","date_gmt":"2025-02-22T12:33:17","guid":{"rendered":"https:\/\/www.gioielleriagrande.it\/prodotto\/150014\/"},"modified":"2025-11-22T17:12:15","modified_gmt":"2025-11-22T16:12:15","slug":"150014","status":"publish","type":"product","link":"https:\/\/www.gioielleriagrande.it\/en\/prodotto\/150014\/","title":{"rendered":"SUPER CHRONOMAT B01 44 TITANIO\nREF: EB0136251M1S1"},"content":{"rendered":"<p>Un potente orologio Breitling per tutte le tue attivit\u00e0. Il Super Chronomat si ispira al Chronomat originale degli anni \u201980 che Breitling aveva creato per le pi\u00f9 ardite squadriglie acrobatiche. Pi\u00f9 audace di tutti gli orologi Chronomat, il Super Chronomat si caratterizza per diversi inserti in ceramica \u2013 sulla lunetta, sui pulsanti del cronografo e sulla corona \u2013 e un cinturino in caucci\u00f9 ispirato al bracciale \u00abRouleaux\u00bb. \u00c8 un orologio sportivo multifunzione perfetto tanto per la palestra, quanto per una serata di gala. Il Super Chronomat \u00e8 disponibile in diverse varianti di colore e metallo, dall\u2019acciaio inossidabile all\u2019oro rosso 18 carati, fino al leggerissimo titanio. \u00c8 corredato dall\u2019iconico bracciale \u00abRouleaux\u00bb o dal cinturino in caucci\u00f9 ispirato al bracciale, abbinati a una fibbia deployante. Il Super Chronomat B01 44 \u00e8 azionato dal Calibro di manifattura Breitling 01, ed \u00e8 un cronometro certificato COSC.<\/p>\n","protected":false},"excerpt":{"rendered":"<p>Un potente orologio Breitling per tutte le tue attivit\u00e0. Il Super Chronomat si ispira al Chronomat originale degli anni \u201980 che Breitling aveva creato per le pi\u00f9 ardite squadriglie acrobatiche. Pi\u00f9 audace di tutti gli orologi Chronomat, il Super Chronomat si caratterizza per diversi inserti in ceramica \u2013 sulla lunetta, sui pulsanti del cronografo e sulla corona \u2013 e un cinturino in caucci\u00f9 ispirato al bracciale \u00abRouleaux\u00bb. \u00c8 un orologio sportivo multifunzione perfetto tanto per la palestra, quanto per una serata di gala. Il Super Chronomat \u00e8 disponibile in diverse varianti di colore e metallo, dall\u2019acciaio inossidabile all\u2019oro rosso 18 carati, fino al leggerissimo titanio. \u00c8 corredato dall\u2019iconico bracciale \u00abRouleaux\u00bb o dal cinturino in caucci\u00f9 ispirato al bracciale, abbinati a una fibbia deployante. Il Super Chronomat B01 44 \u00e8 azionato dal Calibro di manifattura Breitling 01, ed \u00e8 un cronometro certificato COSC.<\/p>\n","protected":false},"featured_media":333362,"comment_status":"open","ping_status":"closed","template":"","meta":[],"product_brand":[],"product_cat":[3309],"product_tag":[],"class_list":{"0":"post-335343","1":"product","2":"type-product","3":"status-publish","4":"has-post-thumbnail","6":"brand-3339","7":"shops-3355","8":"shop_area-3357","10":"first","11":"instock","12":"taxable","13":"shipping-taxable","14":"purchasable","15":"product-type-simple"},"yoast_head":"<!-- This site is optimized with the Yoast SEO plugin v25.3 - https:\/\/yoast.com\/wordpress\/plugins\/seo\/ -->\n<title>SUPER CHRONOMAT B01 44 TITANIO REF: EB0136251M1S1 - Gioielleria Grande<\/title>\n<meta name=\"robots\" content=\"index, follow, max-snippet:-1, max-image-preview:large, max-video-preview:-1\" \/>\n<link rel=\"canonical\" href=\"https:\/\/www.gioielleriagrande.it\/prodotto\/150014\/\" \/>\n<meta property=\"og:locale\" content=\"en_US\" \/>\n<meta property=\"og:type\" content=\"article\" \/>\n<meta property=\"og:title\" content=\"SUPER CHRONOMAT B01 44 TITANIO REF: EB0136251M1S1 - Gioielleria Grande\" \/>\n<meta property=\"og:description\" content=\"Un potente orologio Breitling per tutte le tue attivit\u00e0. Il Super Chronomat si ispira al Chronomat originale degli anni \u201980 che Breitling aveva creato per le pi\u00f9 ardite squadriglie acrobatiche. Pi\u00f9 audace di tutti gli orologi Chronomat, il Super Chronomat si caratterizza per diversi inserti in ceramica \u2013 sulla lunetta, sui pulsanti del cronografo e sulla corona \u2013 e un cinturino in caucci\u00f9 ispirato al bracciale \u00abRouleaux\u00bb. \u00c8 un orologio sportivo multifunzione perfetto tanto per la palestra, quanto per una serata di gala. Il Super Chronomat \u00e8 disponibile in diverse varianti di colore e metallo, dall\u2019acciaio inossidabile all\u2019oro rosso 18 carati, fino al leggerissimo titanio. \u00c8 corredato dall\u2019iconico bracciale \u00abRouleaux\u00bb o dal cinturino in caucci\u00f9 ispirato al bracciale, abbinati a una fibbia deployante. Il Super Chronomat B01 44 \u00e8 azionato dal Calibro di manifattura Breitling 01, ed \u00e8 un cronometro certificato COSC.\" \/>\n<meta property=\"og:url\" content=\"https:\/\/www.gioielleriagrande.it\/prodotto\/150014\/\" \/>\n<meta property=\"og:site_name\" content=\"Gioielleria Grande\" \/>\n<meta property=\"article:modified_time\" content=\"2025-11-22T16:12:15+00:00\" \/>\n<meta property=\"og:image\" content=\"https:\/\/www.gioielleriagrande.it\/wp-content\/uploads\/2025\/02\/eb0136251m1s1-super-chronomat-b01-44-soldier.png\" \/>\n\t<meta property=\"og:image:width\" content=\"700\" \/>\n\t<meta property=\"og:image:height\" content=\"700\" \/>\n\t<meta property=\"og:image:type\" content=\"image\/png\" \/>\n<meta name=\"twitter:card\" content=\"summary_large_image\" \/>\n<meta name=\"twitter:label1\" content=\"Est. reading time\" \/>\n\t<meta name=\"twitter:data1\" content=\"1 minute\" \/>\n<script type=\"application\/ld+json\" class=\"yoast-schema-graph\">{\"@context\":\"https:\/\/schema.org\",\"@graph\":[{\"@type\":\"WebPage\",\"@id\":\"https:\/\/www.gioielleriagrande.it\/prodotto\/150014\/\",\"url\":\"https:\/\/www.gioielleriagrande.it\/prodotto\/150014\/\",\"name\":\"SUPER CHRONOMAT B01 44 TITANIO REF: EB0136251M1S1 - Gioielleria Grande\",\"isPartOf\":{\"@id\":\"https:\/\/www.gioielleriagrande.it\/#website\"},\"primaryImageOfPage\":{\"@id\":\"https:\/\/www.gioielleriagrande.it\/prodotto\/150014\/#primaryimage\"},\"image\":{\"@id\":\"https:\/\/www.gioielleriagrande.it\/prodotto\/150014\/#primaryimage\"},\"thumbnailUrl\":\"https:\/\/www.gioielleriagrande.it\/wp-content\/uploads\/2025\/02\/eb0136251m1s1-super-chronomat-b01-44-soldier.png\",\"datePublished\":\"2025-02-22T12:33:17+00:00\",\"dateModified\":\"2025-11-22T16:12:15+00:00\",\"breadcrumb\":{\"@id\":\"https:\/\/www.gioielleriagrande.it\/prodotto\/150014\/#breadcrumb\"},\"inLanguage\":\"en-US\",\"potentialAction\":[{\"@type\":\"ReadAction\",\"target\":[\"https:\/\/www.gioielleriagrande.it\/prodotto\/150014\/\"]}]},{\"@type\":\"ImageObject\",\"inLanguage\":\"en-US\",\"@id\":\"https:\/\/www.gioielleriagrande.it\/prodotto\/150014\/#primaryimage\",\"url\":\"https:\/\/www.gioielleriagrande.it\/wp-content\/uploads\/2025\/02\/eb0136251m1s1-super-chronomat-b01-44-soldier.png\",\"contentUrl\":\"https:\/\/www.gioielleriagrande.it\/wp-content\/uploads\/2025\/02\/eb0136251m1s1-super-chronomat-b01-44-soldier.png\",\"width\":700,\"height\":700,\"caption\":\"eb0136251m1s1-super-chronomat-b01-44-soldier.png\"},{\"@type\":\"BreadcrumbList\",\"@id\":\"https:\/\/www.gioielleriagrande.it\/prodotto\/150014\/#breadcrumb\",\"itemListElement\":[{\"@type\":\"ListItem\",\"position\":1,\"name\":\"Home\",\"item\":\"https:\/\/www.gioielleriagrande.it\/\"},{\"@type\":\"ListItem\",\"position\":2,\"name\":\"Shop\",\"item\":\"https:\/\/www.gioielleriagrande.it\/negozio\/\"},{\"@type\":\"ListItem\",\"position\":3,\"name\":\"SUPER CHRONOMAT B01 44 TITANIO REF: EB0136251M1S1\"}]},{\"@type\":\"WebSite\",\"@id\":\"https:\/\/www.gioielleriagrande.it\/#website\",\"url\":\"https:\/\/www.gioielleriagrande.it\/\",\"name\":\"Gioielleria Grande\",\"description\":\"\",\"potentialAction\":[{\"@type\":\"SearchAction\",\"target\":{\"@type\":\"EntryPoint\",\"urlTemplate\":\"https:\/\/www.gioielleriagrande.it\/?s={search_term_string}\"},\"query-input\":{\"@type\":\"PropertyValueSpecification\",\"valueRequired\":true,\"valueName\":\"search_term_string\"}}],\"inLanguage\":\"en-US\"}]}<\/script>\n<!-- \/ Yoast SEO plugin. -->","yoast_head_json":{"title":"SUPER CHRONOMAT B01 44 TITANIO REF: EB0136251M1S1 - Gioielleria Grande","robots":{"index":"index","follow":"follow","max-snippet":"max-snippet:-1","max-image-preview":"max-image-preview:large","max-video-preview":"max-video-preview:-1"},"canonical":"https:\/\/www.gioielleriagrande.it\/prodotto\/150014\/","og_locale":"en_US","og_type":"article","og_title":"SUPER CHRONOMAT B01 44 TITANIO REF: EB0136251M1S1 - Gioielleria Grande","og_description":"Un potente orologio Breitling per tutte le tue attivit\u00e0. Il Super Chronomat si ispira al Chronomat originale degli anni \u201980 che Breitling aveva creato per le pi\u00f9 ardite squadriglie acrobatiche. Pi\u00f9 audace di tutti gli orologi Chronomat, il Super Chronomat si caratterizza per diversi inserti in ceramica \u2013 sulla lunetta, sui pulsanti del cronografo e sulla corona \u2013 e un cinturino in caucci\u00f9 ispirato al bracciale \u00abRouleaux\u00bb. \u00c8 un orologio sportivo multifunzione perfetto tanto per la palestra, quanto per una serata di gala. Il Super Chronomat \u00e8 disponibile in diverse varianti di colore e metallo, dall\u2019acciaio inossidabile all\u2019oro rosso 18 carati, fino al leggerissimo titanio. \u00c8 corredato dall\u2019iconico bracciale \u00abRouleaux\u00bb o dal cinturino in caucci\u00f9 ispirato al bracciale, abbinati a una fibbia deployante. Il Super Chronomat B01 44 \u00e8 azionato dal Calibro di manifattura Breitling 01, ed \u00e8 un cronometro certificato COSC.","og_url":"https:\/\/www.gioielleriagrande.it\/prodotto\/150014\/","og_site_name":"Gioielleria Grande","article_modified_time":"2025-11-22T16:12:15+00:00","og_image":[{"width":700,"height":700,"url":"https:\/\/www.gioielleriagrande.it\/wp-content\/uploads\/2025\/02\/eb0136251m1s1-super-chronomat-b01-44-soldier.png","type":"image\/png"}],"twitter_card":"summary_large_image","twitter_misc":{"Est. reading time":"1 minute"},"schema":{"@context":"https:\/\/schema.org","@graph":[{"@type":"WebPage","@id":"https:\/\/www.gioielleriagrande.it\/prodotto\/150014\/","url":"https:\/\/www.gioielleriagrande.it\/prodotto\/150014\/","name":"SUPER CHRONOMAT B01 44 TITANIO REF: EB0136251M1S1 - Gioielleria Grande","isPartOf":{"@id":"https:\/\/www.gioielleriagrande.it\/#website"},"primaryImageOfPage":{"@id":"https:\/\/www.gioielleriagrande.it\/prodotto\/150014\/#primaryimage"},"image":{"@id":"https:\/\/www.gioielleriagrande.it\/prodotto\/150014\/#primaryimage"},"thumbnailUrl":"https:\/\/www.gioielleriagrande.it\/wp-content\/uploads\/2025\/02\/eb0136251m1s1-super-chronomat-b01-44-soldier.png","datePublished":"2025-02-22T12:33:17+00:00","dateModified":"2025-11-22T16:12:15+00:00","breadcrumb":{"@id":"https:\/\/www.gioielleriagrande.it\/prodotto\/150014\/#breadcrumb"},"inLanguage":"en-US","potentialAction":[{"@type":"ReadAction","target":["https:\/\/www.gioielleriagrande.it\/prodotto\/150014\/"]}]},{"@type":"ImageObject","inLanguage":"en-US","@id":"https:\/\/www.gioielleriagrande.it\/prodotto\/150014\/#primaryimage","url":"https:\/\/www.gioielleriagrande.it\/wp-content\/uploads\/2025\/02\/eb0136251m1s1-super-chronomat-b01-44-soldier.png","contentUrl":"https:\/\/www.gioielleriagrande.it\/wp-content\/uploads\/2025\/02\/eb0136251m1s1-super-chronomat-b01-44-soldier.png","width":700,"height":700,"caption":"eb0136251m1s1-super-chronomat-b01-44-soldier.png"},{"@type":"BreadcrumbList","@id":"https:\/\/www.gioielleriagrande.it\/prodotto\/150014\/#breadcrumb","itemListElement":[{"@type":"ListItem","position":1,"name":"Home","item":"https:\/\/www.gioielleriagrande.it\/"},{"@type":"ListItem","position":2,"name":"Shop","item":"https:\/\/www.gioielleriagrande.it\/negozio\/"},{"@type":"ListItem","position":3,"name":"SUPER CHRONOMAT B01 44 TITANIO REF: EB0136251M1S1"}]},{"@type":"WebSite","@id":"https:\/\/www.gioielleriagrande.it\/#website","url":"https:\/\/www.gioielleriagrande.it\/","name":"Gioielleria Grande","description":"","potentialAction":[{"@type":"SearchAction","target":{"@type":"EntryPoint","urlTemplate":"https:\/\/www.gioielleriagrande.it\/?s={search_term_string}"},"query-input":{"@type":"PropertyValueSpecification","valueRequired":true,"valueName":"search_term_string"}}],"inLanguage":"en-US"}]}},"_links":{"self":[{"href":"https:\/\/www.gioielleriagrande.it\/en\/wp-json\/wp\/v2\/product\/335343","targetHints":{"allow":["GET"]}}],"collection":[{"href":"https:\/\/www.gioielleriagrande.it\/en\/wp-json\/wp\/v2\/product"}],"about":[{"href":"https:\/\/www.gioielleriagrande.it\/en\/wp-json\/wp\/v2\/types\/product"}],"replies":[{"embeddable":true,"href":"https:\/\/www.gioielleriagrande.it\/en\/wp-json\/wp\/v2\/comments?post=335343"}],"wp:featuredmedia":[{"embeddable":true,"href":"https:\/\/www.gioielleriagrande.it\/en\/wp-json\/wp\/v2\/media\/333362"}],"wp:attachment":[{"href":"https:\/\/www.gioielleriagrande.it\/en\/wp-json\/wp\/v2\/media?parent=335343"}],"wp:term":[{"taxonomy":"product_brand","embeddable":true,"href":"https:\/\/www.gioielleriagrande.it\/en\/wp-json\/wp\/v2\/product_brand?post=335343"},{"taxonomy":"product_cat","embeddable":true,"href":"https:\/\/www.gioielleriagrande.it\/en\/wp-json\/wp\/v2\/product_cat?post=335343"},{"taxonomy":"product_tag","embeddable":true,"href":"https:\/\/www.gioielleriagrande.it\/en\/wp-json\/wp\/v2\/product_tag?post=335343"}],"curies":[{"name":"wp","href":"https:\/\/api.w.org\/{rel}","templated":true}]}}