{"id":335367,"date":"2025-02-22T13:33:57","date_gmt":"2025-02-22T12:33:57","guid":{"rendered":"https:\/\/www.gioielleriagrande.it\/prodotto\/150381\/"},"modified":"2025-11-22T17:13:20","modified_gmt":"2025-11-22T16:13:20","slug":"150381","status":"publish","type":"product","link":"https:\/\/www.gioielleriagrande.it\/en\/prodotto\/150381\/","title":{"rendered":"Multifort Patrimony Powerwind\nREF:  M0404071104100"},"content":{"rendered":"<p>Con il suo look retr\u00f2 e l&#8217;estrema affidabilit\u00e0, il Multifort Powerwind rende un elegante omaggio all&#8217;esperienza di MIDO. Nel 1954 viene prodotto per la prima volta il movimento Powerwind, dando vita al rivoluzionario modello che porta il suo nome. All&#8217;epoca, questo movimento automatico \u00e8 il pi\u00f9 preciso e affidabile di MIDOs e rappresenta una grande evoluzione. \u00c8 con questa stessa ambizione che MIDO continua a dotare l&#8217;orologio svizzero Multifort Powerwind di un&#8217;alta tecnologia che permette di offrire un cronometraggio di affidabilit\u00e0 e precisione senza pari, come in passato.<\/p>\n","protected":false},"excerpt":{"rendered":"<p>Con il suo look retr\u00f2 e l&#8217;estrema affidabilit\u00e0, il Multifort Powerwind rende un elegante omaggio all&#8217;esperienza di MIDO. Nel 1954 viene prodotto per la prima volta il movimento Powerwind, dando vita al rivoluzionario modello che porta il suo nome. All&#8217;epoca, questo movimento automatico \u00e8 il pi\u00f9 preciso e affidabile di MIDOs e rappresenta una grande evoluzione. \u00c8 con questa stessa ambizione che MIDO continua a dotare l&#8217;orologio svizzero Multifort Powerwind di un&#8217;alta tecnologia che permette di offrire un cronometraggio di affidabilit\u00e0 e precisione senza pari, come in passato.<\/p>\n","protected":false},"featured_media":333374,"comment_status":"open","ping_status":"closed","template":"","meta":[],"product_brand":[],"product_cat":[3309],"product_tag":[],"class_list":{"0":"post-335367","1":"product","2":"type-product","3":"status-publish","4":"has-post-thumbnail","6":"brand-5259","7":"shops-3355","8":"shop_area-3357","10":"first","11":"instock","12":"taxable","13":"shipping-taxable","14":"purchasable","15":"product-type-simple"},"yoast_head":"<!-- This site is optimized with the Yoast SEO plugin v25.3 - https:\/\/yoast.com\/wordpress\/plugins\/seo\/ -->\n<title>Multifort Patrimony Powerwind REF: M0404071104100 - Gioielleria Grande<\/title>\n<meta name=\"robots\" content=\"index, follow, max-snippet:-1, max-image-preview:large, max-video-preview:-1\" \/>\n<link rel=\"canonical\" href=\"https:\/\/www.gioielleriagrande.it\/prodotto\/150381\/\" \/>\n<meta property=\"og:locale\" content=\"en_US\" \/>\n<meta property=\"og:type\" content=\"article\" \/>\n<meta property=\"og:title\" content=\"Multifort Patrimony Powerwind REF: M0404071104100 - Gioielleria Grande\" \/>\n<meta property=\"og:description\" content=\"Con il suo look retr\u00f2 e l&#039;estrema affidabilit\u00e0, il Multifort Powerwind rende un elegante omaggio all&#039;esperienza di MIDO. Nel 1954 viene prodotto per la prima volta il movimento Powerwind, dando vita al rivoluzionario modello che porta il suo nome. All&#039;epoca, questo movimento automatico \u00e8 il pi\u00f9 preciso e affidabile di MIDOs e rappresenta una grande evoluzione. \u00c8 con questa stessa ambizione che MIDO continua a dotare l&#039;orologio svizzero Multifort Powerwind di un&#039;alta tecnologia che permette di offrire un cronometraggio di affidabilit\u00e0 e precisione senza pari, come in passato.\" \/>\n<meta property=\"og:url\" content=\"https:\/\/www.gioielleriagrande.it\/prodotto\/150381\/\" \/>\n<meta property=\"og:site_name\" content=\"Gioielleria Grande\" \/>\n<meta property=\"article:modified_time\" content=\"2025-11-22T16:13:20+00:00\" \/>\n<meta property=\"og:image\" content=\"https:\/\/www.gioielleriagrande.it\/wp-content\/uploads\/2025\/02\/download-8.jpg\" \/>\n\t<meta property=\"og:image:width\" content=\"225\" \/>\n\t<meta property=\"og:image:height\" content=\"225\" \/>\n\t<meta property=\"og:image:type\" content=\"image\/jpeg\" \/>\n<meta name=\"twitter:card\" content=\"summary_large_image\" \/>\n<script type=\"application\/ld+json\" class=\"yoast-schema-graph\">{\"@context\":\"https:\/\/schema.org\",\"@graph\":[{\"@type\":\"WebPage\",\"@id\":\"https:\/\/www.gioielleriagrande.it\/prodotto\/150381\/\",\"url\":\"https:\/\/www.gioielleriagrande.it\/prodotto\/150381\/\",\"name\":\"Multifort Patrimony Powerwind REF: M0404071104100 - Gioielleria Grande\",\"isPartOf\":{\"@id\":\"https:\/\/www.gioielleriagrande.it\/#website\"},\"primaryImageOfPage\":{\"@id\":\"https:\/\/www.gioielleriagrande.it\/prodotto\/150381\/#primaryimage\"},\"image\":{\"@id\":\"https:\/\/www.gioielleriagrande.it\/prodotto\/150381\/#primaryimage\"},\"thumbnailUrl\":\"https:\/\/www.gioielleriagrande.it\/wp-content\/uploads\/2025\/02\/download-8.jpg\",\"datePublished\":\"2025-02-22T12:33:57+00:00\",\"dateModified\":\"2025-11-22T16:13:20+00:00\",\"breadcrumb\":{\"@id\":\"https:\/\/www.gioielleriagrande.it\/prodotto\/150381\/#breadcrumb\"},\"inLanguage\":\"en-US\",\"potentialAction\":[{\"@type\":\"ReadAction\",\"target\":[\"https:\/\/www.gioielleriagrande.it\/prodotto\/150381\/\"]}]},{\"@type\":\"ImageObject\",\"inLanguage\":\"en-US\",\"@id\":\"https:\/\/www.gioielleriagrande.it\/prodotto\/150381\/#primaryimage\",\"url\":\"https:\/\/www.gioielleriagrande.it\/wp-content\/uploads\/2025\/02\/download-8.jpg\",\"contentUrl\":\"https:\/\/www.gioielleriagrande.it\/wp-content\/uploads\/2025\/02\/download-8.jpg\",\"width\":225,\"height\":225,\"caption\":\"download.jpg\"},{\"@type\":\"BreadcrumbList\",\"@id\":\"https:\/\/www.gioielleriagrande.it\/prodotto\/150381\/#breadcrumb\",\"itemListElement\":[{\"@type\":\"ListItem\",\"position\":1,\"name\":\"Home\",\"item\":\"https:\/\/www.gioielleriagrande.it\/\"},{\"@type\":\"ListItem\",\"position\":2,\"name\":\"Shop\",\"item\":\"https:\/\/www.gioielleriagrande.it\/negozio\/\"},{\"@type\":\"ListItem\",\"position\":3,\"name\":\"Multifort Patrimony Powerwind REF: M0404071104100\"}]},{\"@type\":\"WebSite\",\"@id\":\"https:\/\/www.gioielleriagrande.it\/#website\",\"url\":\"https:\/\/www.gioielleriagrande.it\/\",\"name\":\"Gioielleria Grande\",\"description\":\"\",\"potentialAction\":[{\"@type\":\"SearchAction\",\"target\":{\"@type\":\"EntryPoint\",\"urlTemplate\":\"https:\/\/www.gioielleriagrande.it\/?s={search_term_string}\"},\"query-input\":{\"@type\":\"PropertyValueSpecification\",\"valueRequired\":true,\"valueName\":\"search_term_string\"}}],\"inLanguage\":\"en-US\"}]}<\/script>\n<!-- \/ Yoast SEO plugin. -->","yoast_head_json":{"title":"Multifort Patrimony Powerwind REF: M0404071104100 - Gioielleria Grande","robots":{"index":"index","follow":"follow","max-snippet":"max-snippet:-1","max-image-preview":"max-image-preview:large","max-video-preview":"max-video-preview:-1"},"canonical":"https:\/\/www.gioielleriagrande.it\/prodotto\/150381\/","og_locale":"en_US","og_type":"article","og_title":"Multifort Patrimony Powerwind REF: M0404071104100 - Gioielleria Grande","og_description":"Con il suo look retr\u00f2 e l'estrema affidabilit\u00e0, il Multifort Powerwind rende un elegante omaggio all'esperienza di MIDO. Nel 1954 viene prodotto per la prima volta il movimento Powerwind, dando vita al rivoluzionario modello che porta il suo nome. All'epoca, questo movimento automatico \u00e8 il pi\u00f9 preciso e affidabile di MIDOs e rappresenta una grande evoluzione. \u00c8 con questa stessa ambizione che MIDO continua a dotare l'orologio svizzero Multifort Powerwind di un'alta tecnologia che permette di offrire un cronometraggio di affidabilit\u00e0 e precisione senza pari, come in passato.","og_url":"https:\/\/www.gioielleriagrande.it\/prodotto\/150381\/","og_site_name":"Gioielleria Grande","article_modified_time":"2025-11-22T16:13:20+00:00","og_image":[{"width":225,"height":225,"url":"https:\/\/www.gioielleriagrande.it\/wp-content\/uploads\/2025\/02\/download-8.jpg","type":"image\/jpeg"}],"twitter_card":"summary_large_image","schema":{"@context":"https:\/\/schema.org","@graph":[{"@type":"WebPage","@id":"https:\/\/www.gioielleriagrande.it\/prodotto\/150381\/","url":"https:\/\/www.gioielleriagrande.it\/prodotto\/150381\/","name":"Multifort Patrimony Powerwind REF: M0404071104100 - Gioielleria Grande","isPartOf":{"@id":"https:\/\/www.gioielleriagrande.it\/#website"},"primaryImageOfPage":{"@id":"https:\/\/www.gioielleriagrande.it\/prodotto\/150381\/#primaryimage"},"image":{"@id":"https:\/\/www.gioielleriagrande.it\/prodotto\/150381\/#primaryimage"},"thumbnailUrl":"https:\/\/www.gioielleriagrande.it\/wp-content\/uploads\/2025\/02\/download-8.jpg","datePublished":"2025-02-22T12:33:57+00:00","dateModified":"2025-11-22T16:13:20+00:00","breadcrumb":{"@id":"https:\/\/www.gioielleriagrande.it\/prodotto\/150381\/#breadcrumb"},"inLanguage":"en-US","potentialAction":[{"@type":"ReadAction","target":["https:\/\/www.gioielleriagrande.it\/prodotto\/150381\/"]}]},{"@type":"ImageObject","inLanguage":"en-US","@id":"https:\/\/www.gioielleriagrande.it\/prodotto\/150381\/#primaryimage","url":"https:\/\/www.gioielleriagrande.it\/wp-content\/uploads\/2025\/02\/download-8.jpg","contentUrl":"https:\/\/www.gioielleriagrande.it\/wp-content\/uploads\/2025\/02\/download-8.jpg","width":225,"height":225,"caption":"download.jpg"},{"@type":"BreadcrumbList","@id":"https:\/\/www.gioielleriagrande.it\/prodotto\/150381\/#breadcrumb","itemListElement":[{"@type":"ListItem","position":1,"name":"Home","item":"https:\/\/www.gioielleriagrande.it\/"},{"@type":"ListItem","position":2,"name":"Shop","item":"https:\/\/www.gioielleriagrande.it\/negozio\/"},{"@type":"ListItem","position":3,"name":"Multifort Patrimony Powerwind REF: M0404071104100"}]},{"@type":"WebSite","@id":"https:\/\/www.gioielleriagrande.it\/#website","url":"https:\/\/www.gioielleriagrande.it\/","name":"Gioielleria Grande","description":"","potentialAction":[{"@type":"SearchAction","target":{"@type":"EntryPoint","urlTemplate":"https:\/\/www.gioielleriagrande.it\/?s={search_term_string}"},"query-input":{"@type":"PropertyValueSpecification","valueRequired":true,"valueName":"search_term_string"}}],"inLanguage":"en-US"}]}},"_links":{"self":[{"href":"https:\/\/www.gioielleriagrande.it\/en\/wp-json\/wp\/v2\/product\/335367","targetHints":{"allow":["GET"]}}],"collection":[{"href":"https:\/\/www.gioielleriagrande.it\/en\/wp-json\/wp\/v2\/product"}],"about":[{"href":"https:\/\/www.gioielleriagrande.it\/en\/wp-json\/wp\/v2\/types\/product"}],"replies":[{"embeddable":true,"href":"https:\/\/www.gioielleriagrande.it\/en\/wp-json\/wp\/v2\/comments?post=335367"}],"wp:featuredmedia":[{"embeddable":true,"href":"https:\/\/www.gioielleriagrande.it\/en\/wp-json\/wp\/v2\/media\/333374"}],"wp:attachment":[{"href":"https:\/\/www.gioielleriagrande.it\/en\/wp-json\/wp\/v2\/media?parent=335367"}],"wp:term":[{"taxonomy":"product_brand","embeddable":true,"href":"https:\/\/www.gioielleriagrande.it\/en\/wp-json\/wp\/v2\/product_brand?post=335367"},{"taxonomy":"product_cat","embeddable":true,"href":"https:\/\/www.gioielleriagrande.it\/en\/wp-json\/wp\/v2\/product_cat?post=335367"},{"taxonomy":"product_tag","embeddable":true,"href":"https:\/\/www.gioielleriagrande.it\/en\/wp-json\/wp\/v2\/product_tag?post=335367"}],"curies":[{"name":"wp","href":"https:\/\/api.w.org\/{rel}","templated":true}]}}