{"id":335429,"date":"2025-02-22T13:35:41","date_gmt":"2025-02-22T12:35:41","guid":{"rendered":"https:\/\/www.gioielleriagrande.it\/prodotto\/151710\/"},"modified":"2025-11-22T17:18:02","modified_gmt":"2025-11-22T16:18:02","slug":"151710","status":"publish","type":"product","link":"https:\/\/www.gioielleriagrande.it\/en\/prodotto\/151710\/","title":{"rendered":"SUB 200T Sea Emerald Auto"},"content":{"rendered":"<p>Orologio automatico subacqueo da uomo, modello Doxa Sub 200T con cassa in acciaio da 39 mm e cinturino in acciaio. L&#8217;orologio \u00e8 impermeabile fino ad una profondit\u00e0 di 200 metri (20 atm) e, grazie alla lunetta girevole unidirezionale fornisce tutti gli elementi pi\u00f9 importanti per l&#8217;immersione. Grazie al Super-Luminova, l&#8217;orologio rimane visibile anche in condizioni di scarsa visibilit\u00e0<\/p>\n","protected":false},"excerpt":{"rendered":"<p>Orologio automatico subacqueo da uomo, modello Doxa Sub 200T con cassa in acciaio da 39 mm e cinturino in acciaio. L&#8217;orologio \u00e8 impermeabile fino ad una profondit\u00e0 di 200 metri (20 atm) e, grazie alla lunetta girevole unidirezionale fornisce tutti gli elementi pi\u00f9 importanti per l&#8217;immersione. Grazie al Super-Luminova, l&#8217;orologio rimane visibile anche in condizioni di scarsa visibilit\u00e0<\/p>\n","protected":false},"featured_media":333438,"comment_status":"open","ping_status":"closed","template":"","meta":[],"product_brand":[],"product_cat":[3309],"product_tag":[],"class_list":{"0":"post-335429","1":"product","2":"type-product","3":"status-publish","4":"has-post-thumbnail","6":"brand-5206","7":"shops-3355","8":"shop_area-3357","10":"first","11":"instock","12":"taxable","13":"shipping-taxable","14":"purchasable","15":"product-type-simple"},"yoast_head":"<!-- This site is optimized with the Yoast SEO plugin v25.3 - https:\/\/yoast.com\/wordpress\/plugins\/seo\/ -->\n<title>SUB 200T Sea Emerald Auto - Gioielleria Grande<\/title>\n<meta name=\"robots\" content=\"index, follow, max-snippet:-1, max-image-preview:large, max-video-preview:-1\" \/>\n<link rel=\"canonical\" href=\"https:\/\/www.gioielleriagrande.it\/prodotto\/151710\/\" \/>\n<meta property=\"og:locale\" content=\"en_US\" \/>\n<meta property=\"og:type\" content=\"article\" \/>\n<meta property=\"og:title\" content=\"SUB 200T Sea Emerald Auto - Gioielleria Grande\" \/>\n<meta property=\"og:description\" content=\"Orologio automatico subacqueo da uomo, modello Doxa Sub 200T con cassa in acciaio da 39 mm e cinturino in acciaio. L&#039;orologio \u00e8 impermeabile fino ad una profondit\u00e0 di 200 metri (20 atm) e, grazie alla lunetta girevole unidirezionale fornisce tutti gli elementi pi\u00f9 importanti per l&#039;immersione. Grazie al Super-Luminova, l&#039;orologio rimane visibile anche in condizioni di scarsa visibilit\u00e0\" \/>\n<meta property=\"og:url\" content=\"https:\/\/www.gioielleriagrande.it\/prodotto\/151710\/\" \/>\n<meta property=\"og:site_name\" content=\"Gioielleria Grande\" \/>\n<meta property=\"article:modified_time\" content=\"2025-11-22T16:18:02+00:00\" \/>\n<meta property=\"og:image\" content=\"https:\/\/www.gioielleriagrande.it\/wp-content\/uploads\/2025\/02\/doxa-orologio-804_10_131S_10.jpg\" \/>\n\t<meta property=\"og:image:width\" content=\"1500\" \/>\n\t<meta property=\"og:image:height\" content=\"1500\" \/>\n\t<meta property=\"og:image:type\" content=\"image\/jpeg\" \/>\n<meta name=\"twitter:card\" content=\"summary_large_image\" \/>\n<script type=\"application\/ld+json\" class=\"yoast-schema-graph\">{\"@context\":\"https:\/\/schema.org\",\"@graph\":[{\"@type\":\"WebPage\",\"@id\":\"https:\/\/www.gioielleriagrande.it\/prodotto\/151710\/\",\"url\":\"https:\/\/www.gioielleriagrande.it\/prodotto\/151710\/\",\"name\":\"SUB 200T Sea Emerald Auto - Gioielleria Grande\",\"isPartOf\":{\"@id\":\"https:\/\/www.gioielleriagrande.it\/#website\"},\"primaryImageOfPage\":{\"@id\":\"https:\/\/www.gioielleriagrande.it\/prodotto\/151710\/#primaryimage\"},\"image\":{\"@id\":\"https:\/\/www.gioielleriagrande.it\/prodotto\/151710\/#primaryimage\"},\"thumbnailUrl\":\"https:\/\/www.gioielleriagrande.it\/wp-content\/uploads\/2025\/02\/doxa-orologio-804_10_131S_10.jpg\",\"datePublished\":\"2025-02-22T12:35:41+00:00\",\"dateModified\":\"2025-11-22T16:18:02+00:00\",\"breadcrumb\":{\"@id\":\"https:\/\/www.gioielleriagrande.it\/prodotto\/151710\/#breadcrumb\"},\"inLanguage\":\"en-US\",\"potentialAction\":[{\"@type\":\"ReadAction\",\"target\":[\"https:\/\/www.gioielleriagrande.it\/prodotto\/151710\/\"]}]},{\"@type\":\"ImageObject\",\"inLanguage\":\"en-US\",\"@id\":\"https:\/\/www.gioielleriagrande.it\/prodotto\/151710\/#primaryimage\",\"url\":\"https:\/\/www.gioielleriagrande.it\/wp-content\/uploads\/2025\/02\/doxa-orologio-804_10_131S_10.jpg\",\"contentUrl\":\"https:\/\/www.gioielleriagrande.it\/wp-content\/uploads\/2025\/02\/doxa-orologio-804_10_131S_10.jpg\",\"width\":1500,\"height\":1500,\"caption\":\"doxa-orologio-804_10_131S_10.jpg\"},{\"@type\":\"BreadcrumbList\",\"@id\":\"https:\/\/www.gioielleriagrande.it\/prodotto\/151710\/#breadcrumb\",\"itemListElement\":[{\"@type\":\"ListItem\",\"position\":1,\"name\":\"Home\",\"item\":\"https:\/\/www.gioielleriagrande.it\/\"},{\"@type\":\"ListItem\",\"position\":2,\"name\":\"Shop\",\"item\":\"https:\/\/www.gioielleriagrande.it\/negozio\/\"},{\"@type\":\"ListItem\",\"position\":3,\"name\":\"SUB 200T Sea Emerald Auto\"}]},{\"@type\":\"WebSite\",\"@id\":\"https:\/\/www.gioielleriagrande.it\/#website\",\"url\":\"https:\/\/www.gioielleriagrande.it\/\",\"name\":\"Gioielleria Grande\",\"description\":\"\",\"potentialAction\":[{\"@type\":\"SearchAction\",\"target\":{\"@type\":\"EntryPoint\",\"urlTemplate\":\"https:\/\/www.gioielleriagrande.it\/?s={search_term_string}\"},\"query-input\":{\"@type\":\"PropertyValueSpecification\",\"valueRequired\":true,\"valueName\":\"search_term_string\"}}],\"inLanguage\":\"en-US\"}]}<\/script>\n<!-- \/ Yoast SEO plugin. -->","yoast_head_json":{"title":"SUB 200T Sea Emerald Auto - Gioielleria Grande","robots":{"index":"index","follow":"follow","max-snippet":"max-snippet:-1","max-image-preview":"max-image-preview:large","max-video-preview":"max-video-preview:-1"},"canonical":"https:\/\/www.gioielleriagrande.it\/prodotto\/151710\/","og_locale":"en_US","og_type":"article","og_title":"SUB 200T Sea Emerald Auto - Gioielleria Grande","og_description":"Orologio automatico subacqueo da uomo, modello Doxa Sub 200T con cassa in acciaio da 39 mm e cinturino in acciaio. L'orologio \u00e8 impermeabile fino ad una profondit\u00e0 di 200 metri (20 atm) e, grazie alla lunetta girevole unidirezionale fornisce tutti gli elementi pi\u00f9 importanti per l'immersione. Grazie al Super-Luminova, l'orologio rimane visibile anche in condizioni di scarsa visibilit\u00e0","og_url":"https:\/\/www.gioielleriagrande.it\/prodotto\/151710\/","og_site_name":"Gioielleria Grande","article_modified_time":"2025-11-22T16:18:02+00:00","og_image":[{"width":1500,"height":1500,"url":"https:\/\/www.gioielleriagrande.it\/wp-content\/uploads\/2025\/02\/doxa-orologio-804_10_131S_10.jpg","type":"image\/jpeg"}],"twitter_card":"summary_large_image","schema":{"@context":"https:\/\/schema.org","@graph":[{"@type":"WebPage","@id":"https:\/\/www.gioielleriagrande.it\/prodotto\/151710\/","url":"https:\/\/www.gioielleriagrande.it\/prodotto\/151710\/","name":"SUB 200T Sea Emerald Auto - Gioielleria Grande","isPartOf":{"@id":"https:\/\/www.gioielleriagrande.it\/#website"},"primaryImageOfPage":{"@id":"https:\/\/www.gioielleriagrande.it\/prodotto\/151710\/#primaryimage"},"image":{"@id":"https:\/\/www.gioielleriagrande.it\/prodotto\/151710\/#primaryimage"},"thumbnailUrl":"https:\/\/www.gioielleriagrande.it\/wp-content\/uploads\/2025\/02\/doxa-orologio-804_10_131S_10.jpg","datePublished":"2025-02-22T12:35:41+00:00","dateModified":"2025-11-22T16:18:02+00:00","breadcrumb":{"@id":"https:\/\/www.gioielleriagrande.it\/prodotto\/151710\/#breadcrumb"},"inLanguage":"en-US","potentialAction":[{"@type":"ReadAction","target":["https:\/\/www.gioielleriagrande.it\/prodotto\/151710\/"]}]},{"@type":"ImageObject","inLanguage":"en-US","@id":"https:\/\/www.gioielleriagrande.it\/prodotto\/151710\/#primaryimage","url":"https:\/\/www.gioielleriagrande.it\/wp-content\/uploads\/2025\/02\/doxa-orologio-804_10_131S_10.jpg","contentUrl":"https:\/\/www.gioielleriagrande.it\/wp-content\/uploads\/2025\/02\/doxa-orologio-804_10_131S_10.jpg","width":1500,"height":1500,"caption":"doxa-orologio-804_10_131S_10.jpg"},{"@type":"BreadcrumbList","@id":"https:\/\/www.gioielleriagrande.it\/prodotto\/151710\/#breadcrumb","itemListElement":[{"@type":"ListItem","position":1,"name":"Home","item":"https:\/\/www.gioielleriagrande.it\/"},{"@type":"ListItem","position":2,"name":"Shop","item":"https:\/\/www.gioielleriagrande.it\/negozio\/"},{"@type":"ListItem","position":3,"name":"SUB 200T Sea Emerald Auto"}]},{"@type":"WebSite","@id":"https:\/\/www.gioielleriagrande.it\/#website","url":"https:\/\/www.gioielleriagrande.it\/","name":"Gioielleria Grande","description":"","potentialAction":[{"@type":"SearchAction","target":{"@type":"EntryPoint","urlTemplate":"https:\/\/www.gioielleriagrande.it\/?s={search_term_string}"},"query-input":{"@type":"PropertyValueSpecification","valueRequired":true,"valueName":"search_term_string"}}],"inLanguage":"en-US"}]}},"_links":{"self":[{"href":"https:\/\/www.gioielleriagrande.it\/en\/wp-json\/wp\/v2\/product\/335429","targetHints":{"allow":["GET"]}}],"collection":[{"href":"https:\/\/www.gioielleriagrande.it\/en\/wp-json\/wp\/v2\/product"}],"about":[{"href":"https:\/\/www.gioielleriagrande.it\/en\/wp-json\/wp\/v2\/types\/product"}],"replies":[{"embeddable":true,"href":"https:\/\/www.gioielleriagrande.it\/en\/wp-json\/wp\/v2\/comments?post=335429"}],"wp:featuredmedia":[{"embeddable":true,"href":"https:\/\/www.gioielleriagrande.it\/en\/wp-json\/wp\/v2\/media\/333438"}],"wp:attachment":[{"href":"https:\/\/www.gioielleriagrande.it\/en\/wp-json\/wp\/v2\/media?parent=335429"}],"wp:term":[{"taxonomy":"product_brand","embeddable":true,"href":"https:\/\/www.gioielleriagrande.it\/en\/wp-json\/wp\/v2\/product_brand?post=335429"},{"taxonomy":"product_cat","embeddable":true,"href":"https:\/\/www.gioielleriagrande.it\/en\/wp-json\/wp\/v2\/product_cat?post=335429"},{"taxonomy":"product_tag","embeddable":true,"href":"https:\/\/www.gioielleriagrande.it\/en\/wp-json\/wp\/v2\/product_tag?post=335429"}],"curies":[{"name":"wp","href":"https:\/\/api.w.org\/{rel}","templated":true}]}}