{"id":335546,"date":"2025-02-22T13:38:59","date_gmt":"2025-02-22T12:38:59","guid":{"rendered":"https:\/\/www.gioielleriagrande.it\/prodotto\/153163\/"},"modified":"2025-11-22T17:25:08","modified_gmt":"2025-11-22T16:25:08","slug":"153163","status":"publish","type":"product","link":"https:\/\/www.gioielleriagrande.it\/en\/prodotto\/153163\/","title":{"rendered":"Portugieser Automatic 42\nREF: IW501705"},"content":{"rendered":"<p>Questa versione presenta una cassa in acciaio dal diametro di 42,4 mm, quadrante Dune, lancette dorate e indici applicati in oro. L\u2019orologio ha un aspetto elegante e raffinato grazie a una cassa completamente rielaborata, con una carrure pi\u00f9 sottile e vetro bombato in vetro zaffiro lato quadrante e lato fondello. Particolarmente pregevole \u00e8 il quadrante, realizzato mediante un complesso processo di lavorazione che comprende 60 fasi individuali. La singolare profondit\u00e0 ottica \u00e8 stata ottenuta applicando 15 strati di laccatura trasparente, che sono stati poi molati e lucidati fino a ottenere una finitura brillante. I contatori sono stati fresati sia nella parte in ottone che nello strato di lacca. Uno speciale processo di stampa enfatizza ulteriormente l\u2019effetto tridimensionale. Infine, gli indici applicati sono montati individualmente a mano sul quadrante. Il Portugieser Automatic 42 \u00e8 animato dal calibro 52011 di manifattura IWC, elegantemente decorato con decorazioni C\u00f4tes de Gen\u00e8ve e perlage. Il sistema di ricarica Pellaton \u00e8 rinforzato con componenti in ceramica a base di ossido di zirconio, praticamente esente da usura, e accumula una riserva di carica di sette giorni (168 ore) in due bariletti. L\u2019orologio \u00e8 corredato da un cinturino in pelle di alligatore nero con fibbia d\u00e9ployante in acciaio.<br \/>\nREF: IW501705<\/p>\n","protected":false},"excerpt":{"rendered":"<p>Questa versione presenta una cassa in acciaio dal diametro di 42,4 mm, quadrante Dune, lancette dorate e indici applicati in oro. L\u2019orologio ha un aspetto elegante e raffinato grazie a una cassa completamente rielaborata, con una carrure pi\u00f9 sottile e vetro bombato in vetro zaffiro lato quadrante e lato fondello. Particolarmente pregevole \u00e8 il quadrante, realizzato mediante un complesso processo di lavorazione che comprende 60 fasi individuali. La singolare profondit\u00e0 ottica \u00e8 stata ottenuta applicando 15 strati di laccatura trasparente, che sono stati poi molati e lucidati fino a ottenere una finitura brillante. I contatori sono stati fresati sia nella parte in ottone che nello strato di lacca. Uno speciale processo di stampa enfatizza ulteriormente l\u2019effetto tridimensionale. Infine, gli indici applicati sono montati individualmente a mano sul quadrante. Il Portugieser Automatic 42 \u00e8 animato dal calibro 52011 di manifattura IWC, elegantemente decorato con decorazioni C\u00f4tes de Gen\u00e8ve e perlage. Il sistema di ricarica Pellaton \u00e8 rinforzato con componenti in ceramica a base di ossido di zirconio, praticamente esente da usura, e accumula una riserva di carica di sette giorni (168 ore) in due bariletti. L\u2019orologio \u00e8 corredato da un cinturino in pelle di alligatore nero con fibbia d\u00e9ployante in acciaio.<br \/>\nREF: IW501705<\/p>\n","protected":false},"featured_media":333526,"comment_status":"open","ping_status":"closed","template":"","meta":[],"product_brand":[],"product_cat":[3309],"product_tag":[],"class_list":{"0":"post-335546","1":"product","2":"type-product","3":"status-publish","4":"has-post-thumbnail","6":"brand-5436","7":"shops-3355","8":"shop_area-3357","10":"first","11":"instock","12":"taxable","13":"shipping-taxable","14":"purchasable","15":"product-type-simple"},"yoast_head":"<!-- This site is optimized with the Yoast SEO plugin v25.3 - https:\/\/yoast.com\/wordpress\/plugins\/seo\/ -->\n<title>Portugieser Automatic 42 REF: IW501705 - Gioielleria Grande<\/title>\n<meta name=\"robots\" content=\"index, follow, max-snippet:-1, max-image-preview:large, max-video-preview:-1\" \/>\n<link rel=\"canonical\" href=\"https:\/\/www.gioielleriagrande.it\/prodotto\/153163\/\" \/>\n<meta property=\"og:locale\" content=\"en_US\" \/>\n<meta property=\"og:type\" content=\"article\" \/>\n<meta property=\"og:title\" content=\"Portugieser Automatic 42 REF: IW501705 - Gioielleria Grande\" \/>\n<meta property=\"og:description\" content=\"Questa versione presenta una cassa in acciaio dal diametro di 42,4 mm, quadrante Dune, lancette dorate e indici applicati in oro. L\u2019orologio ha un aspetto elegante e raffinato grazie a una cassa completamente rielaborata, con una carrure pi\u00f9 sottile e vetro bombato in vetro zaffiro lato quadrante e lato fondello. Particolarmente pregevole \u00e8 il quadrante, realizzato mediante un complesso processo di lavorazione che comprende 60 fasi individuali. La singolare profondit\u00e0 ottica \u00e8 stata ottenuta applicando 15 strati di laccatura trasparente, che sono stati poi molati e lucidati fino a ottenere una finitura brillante. I contatori sono stati fresati sia nella parte in ottone che nello strato di lacca. Uno speciale processo di stampa enfatizza ulteriormente l\u2019effetto tridimensionale. Infine, gli indici applicati sono montati individualmente a mano sul quadrante. Il Portugieser Automatic 42 \u00e8 animato dal calibro 52011 di manifattura IWC, elegantemente decorato con decorazioni C\u00f4tes de Gen\u00e8ve e perlage. Il sistema di ricarica Pellaton \u00e8 rinforzato con componenti in ceramica a base di ossido di zirconio, praticamente esente da usura, e accumula una riserva di carica di sette giorni (168 ore) in due bariletti. L\u2019orologio \u00e8 corredato da un cinturino in pelle di alligatore nero con fibbia d\u00e9ployante in acciaio. REF: IW501705\" \/>\n<meta property=\"og:url\" content=\"https:\/\/www.gioielleriagrande.it\/prodotto\/153163\/\" \/>\n<meta property=\"og:site_name\" content=\"Gioielleria Grande\" \/>\n<meta property=\"article:modified_time\" content=\"2025-11-22T16:25:08+00:00\" \/>\n<meta property=\"og:image\" content=\"https:\/\/www.gioielleriagrande.it\/wp-content\/uploads\/2025\/02\/OIP-4.jpg\" \/>\n\t<meta property=\"og:image:width\" content=\"237\" \/>\n\t<meta property=\"og:image:height\" content=\"237\" \/>\n\t<meta property=\"og:image:type\" content=\"image\/jpeg\" \/>\n<meta name=\"twitter:card\" content=\"summary_large_image\" \/>\n<meta name=\"twitter:label1\" content=\"Est. reading time\" \/>\n\t<meta name=\"twitter:data1\" content=\"1 minute\" \/>\n<script type=\"application\/ld+json\" class=\"yoast-schema-graph\">{\"@context\":\"https:\/\/schema.org\",\"@graph\":[{\"@type\":\"WebPage\",\"@id\":\"https:\/\/www.gioielleriagrande.it\/prodotto\/153163\/\",\"url\":\"https:\/\/www.gioielleriagrande.it\/prodotto\/153163\/\",\"name\":\"Portugieser Automatic 42 REF: IW501705 - Gioielleria Grande\",\"isPartOf\":{\"@id\":\"https:\/\/www.gioielleriagrande.it\/#website\"},\"primaryImageOfPage\":{\"@id\":\"https:\/\/www.gioielleriagrande.it\/prodotto\/153163\/#primaryimage\"},\"image\":{\"@id\":\"https:\/\/www.gioielleriagrande.it\/prodotto\/153163\/#primaryimage\"},\"thumbnailUrl\":\"https:\/\/www.gioielleriagrande.it\/wp-content\/uploads\/2025\/02\/OIP-4.jpg\",\"datePublished\":\"2025-02-22T12:38:59+00:00\",\"dateModified\":\"2025-11-22T16:25:08+00:00\",\"breadcrumb\":{\"@id\":\"https:\/\/www.gioielleriagrande.it\/prodotto\/153163\/#breadcrumb\"},\"inLanguage\":\"en-US\",\"potentialAction\":[{\"@type\":\"ReadAction\",\"target\":[\"https:\/\/www.gioielleriagrande.it\/prodotto\/153163\/\"]}]},{\"@type\":\"ImageObject\",\"inLanguage\":\"en-US\",\"@id\":\"https:\/\/www.gioielleriagrande.it\/prodotto\/153163\/#primaryimage\",\"url\":\"https:\/\/www.gioielleriagrande.it\/wp-content\/uploads\/2025\/02\/OIP-4.jpg\",\"contentUrl\":\"https:\/\/www.gioielleriagrande.it\/wp-content\/uploads\/2025\/02\/OIP-4.jpg\",\"width\":237,\"height\":237,\"caption\":\"OIP.jpg\"},{\"@type\":\"BreadcrumbList\",\"@id\":\"https:\/\/www.gioielleriagrande.it\/prodotto\/153163\/#breadcrumb\",\"itemListElement\":[{\"@type\":\"ListItem\",\"position\":1,\"name\":\"Home\",\"item\":\"https:\/\/www.gioielleriagrande.it\/\"},{\"@type\":\"ListItem\",\"position\":2,\"name\":\"Shop\",\"item\":\"https:\/\/www.gioielleriagrande.it\/negozio\/\"},{\"@type\":\"ListItem\",\"position\":3,\"name\":\"Portugieser Automatic 42 REF: IW501705\"}]},{\"@type\":\"WebSite\",\"@id\":\"https:\/\/www.gioielleriagrande.it\/#website\",\"url\":\"https:\/\/www.gioielleriagrande.it\/\",\"name\":\"Gioielleria Grande\",\"description\":\"\",\"potentialAction\":[{\"@type\":\"SearchAction\",\"target\":{\"@type\":\"EntryPoint\",\"urlTemplate\":\"https:\/\/www.gioielleriagrande.it\/?s={search_term_string}\"},\"query-input\":{\"@type\":\"PropertyValueSpecification\",\"valueRequired\":true,\"valueName\":\"search_term_string\"}}],\"inLanguage\":\"en-US\"}]}<\/script>\n<!-- \/ Yoast SEO plugin. -->","yoast_head_json":{"title":"Portugieser Automatic 42 REF: IW501705 - Gioielleria Grande","robots":{"index":"index","follow":"follow","max-snippet":"max-snippet:-1","max-image-preview":"max-image-preview:large","max-video-preview":"max-video-preview:-1"},"canonical":"https:\/\/www.gioielleriagrande.it\/prodotto\/153163\/","og_locale":"en_US","og_type":"article","og_title":"Portugieser Automatic 42 REF: IW501705 - Gioielleria Grande","og_description":"Questa versione presenta una cassa in acciaio dal diametro di 42,4 mm, quadrante Dune, lancette dorate e indici applicati in oro. L\u2019orologio ha un aspetto elegante e raffinato grazie a una cassa completamente rielaborata, con una carrure pi\u00f9 sottile e vetro bombato in vetro zaffiro lato quadrante e lato fondello. Particolarmente pregevole \u00e8 il quadrante, realizzato mediante un complesso processo di lavorazione che comprende 60 fasi individuali. La singolare profondit\u00e0 ottica \u00e8 stata ottenuta applicando 15 strati di laccatura trasparente, che sono stati poi molati e lucidati fino a ottenere una finitura brillante. I contatori sono stati fresati sia nella parte in ottone che nello strato di lacca. Uno speciale processo di stampa enfatizza ulteriormente l\u2019effetto tridimensionale. Infine, gli indici applicati sono montati individualmente a mano sul quadrante. Il Portugieser Automatic 42 \u00e8 animato dal calibro 52011 di manifattura IWC, elegantemente decorato con decorazioni C\u00f4tes de Gen\u00e8ve e perlage. Il sistema di ricarica Pellaton \u00e8 rinforzato con componenti in ceramica a base di ossido di zirconio, praticamente esente da usura, e accumula una riserva di carica di sette giorni (168 ore) in due bariletti. L\u2019orologio \u00e8 corredato da un cinturino in pelle di alligatore nero con fibbia d\u00e9ployante in acciaio. REF: IW501705","og_url":"https:\/\/www.gioielleriagrande.it\/prodotto\/153163\/","og_site_name":"Gioielleria Grande","article_modified_time":"2025-11-22T16:25:08+00:00","og_image":[{"width":237,"height":237,"url":"https:\/\/www.gioielleriagrande.it\/wp-content\/uploads\/2025\/02\/OIP-4.jpg","type":"image\/jpeg"}],"twitter_card":"summary_large_image","twitter_misc":{"Est. reading time":"1 minute"},"schema":{"@context":"https:\/\/schema.org","@graph":[{"@type":"WebPage","@id":"https:\/\/www.gioielleriagrande.it\/prodotto\/153163\/","url":"https:\/\/www.gioielleriagrande.it\/prodotto\/153163\/","name":"Portugieser Automatic 42 REF: IW501705 - Gioielleria Grande","isPartOf":{"@id":"https:\/\/www.gioielleriagrande.it\/#website"},"primaryImageOfPage":{"@id":"https:\/\/www.gioielleriagrande.it\/prodotto\/153163\/#primaryimage"},"image":{"@id":"https:\/\/www.gioielleriagrande.it\/prodotto\/153163\/#primaryimage"},"thumbnailUrl":"https:\/\/www.gioielleriagrande.it\/wp-content\/uploads\/2025\/02\/OIP-4.jpg","datePublished":"2025-02-22T12:38:59+00:00","dateModified":"2025-11-22T16:25:08+00:00","breadcrumb":{"@id":"https:\/\/www.gioielleriagrande.it\/prodotto\/153163\/#breadcrumb"},"inLanguage":"en-US","potentialAction":[{"@type":"ReadAction","target":["https:\/\/www.gioielleriagrande.it\/prodotto\/153163\/"]}]},{"@type":"ImageObject","inLanguage":"en-US","@id":"https:\/\/www.gioielleriagrande.it\/prodotto\/153163\/#primaryimage","url":"https:\/\/www.gioielleriagrande.it\/wp-content\/uploads\/2025\/02\/OIP-4.jpg","contentUrl":"https:\/\/www.gioielleriagrande.it\/wp-content\/uploads\/2025\/02\/OIP-4.jpg","width":237,"height":237,"caption":"OIP.jpg"},{"@type":"BreadcrumbList","@id":"https:\/\/www.gioielleriagrande.it\/prodotto\/153163\/#breadcrumb","itemListElement":[{"@type":"ListItem","position":1,"name":"Home","item":"https:\/\/www.gioielleriagrande.it\/"},{"@type":"ListItem","position":2,"name":"Shop","item":"https:\/\/www.gioielleriagrande.it\/negozio\/"},{"@type":"ListItem","position":3,"name":"Portugieser Automatic 42 REF: IW501705"}]},{"@type":"WebSite","@id":"https:\/\/www.gioielleriagrande.it\/#website","url":"https:\/\/www.gioielleriagrande.it\/","name":"Gioielleria Grande","description":"","potentialAction":[{"@type":"SearchAction","target":{"@type":"EntryPoint","urlTemplate":"https:\/\/www.gioielleriagrande.it\/?s={search_term_string}"},"query-input":{"@type":"PropertyValueSpecification","valueRequired":true,"valueName":"search_term_string"}}],"inLanguage":"en-US"}]}},"_links":{"self":[{"href":"https:\/\/www.gioielleriagrande.it\/en\/wp-json\/wp\/v2\/product\/335546","targetHints":{"allow":["GET"]}}],"collection":[{"href":"https:\/\/www.gioielleriagrande.it\/en\/wp-json\/wp\/v2\/product"}],"about":[{"href":"https:\/\/www.gioielleriagrande.it\/en\/wp-json\/wp\/v2\/types\/product"}],"replies":[{"embeddable":true,"href":"https:\/\/www.gioielleriagrande.it\/en\/wp-json\/wp\/v2\/comments?post=335546"}],"wp:featuredmedia":[{"embeddable":true,"href":"https:\/\/www.gioielleriagrande.it\/en\/wp-json\/wp\/v2\/media\/333526"}],"wp:attachment":[{"href":"https:\/\/www.gioielleriagrande.it\/en\/wp-json\/wp\/v2\/media?parent=335546"}],"wp:term":[{"taxonomy":"product_brand","embeddable":true,"href":"https:\/\/www.gioielleriagrande.it\/en\/wp-json\/wp\/v2\/product_brand?post=335546"},{"taxonomy":"product_cat","embeddable":true,"href":"https:\/\/www.gioielleriagrande.it\/en\/wp-json\/wp\/v2\/product_cat?post=335546"},{"taxonomy":"product_tag","embeddable":true,"href":"https:\/\/www.gioielleriagrande.it\/en\/wp-json\/wp\/v2\/product_tag?post=335546"}],"curies":[{"name":"wp","href":"https:\/\/api.w.org\/{rel}","templated":true}]}}