{"id":335552,"date":"2025-02-22T13:39:09","date_gmt":"2025-02-22T12:39:09","guid":{"rendered":"https:\/\/www.gioielleriagrande.it\/prodotto\/153172\/"},"modified":"2025-11-22T17:25:48","modified_gmt":"2025-11-22T16:25:48","slug":"153172","status":"publish","type":"product","link":"https:\/\/www.gioielleriagrande.it\/en\/prodotto\/153172\/","title":{"rendered":"Pilot\u2019s Watch Performance Chronograph 41 AMG\nREF: IW388304"},"content":{"rendered":"<p>Aspetti legati alle prestazioni, come l&#8217;elevata robustezza, la facile leggibilit\u00e0 e la massima precisione, sono profondamente radicati nel DNA di IWC come manifattura orologiera. Con il Pilot&#8217;s Watch Performance Chronograph, la manifattura presenta un cronografo ottimizzato per le prestazioni elevate. Questa versione \u00e8 un omaggio a Mercedes AMG. Il ramo di Mercedes-Benz specializzato in auto ad alte prestazioni \u00e8 partner di IWC dal 2004. La cassa di 41 millimetri, la corona e i pulsanti sono realizzati in titanio grado 5, una lega pi\u00f9 leggera di circa il 45% rispetto all&#8217;acciaio e straordinariamente rigida. La cassa presenta una finitura spazzolata con dettagli lucidi sulle anse. Una caratteristica funzionale di spicco dell&#8217;orologio \u00e8 la lunetta in ceramica con scala tachimetrica, che consente di misurare la velocit\u00e0 media in relazione alla distanza percorsa. Abbinato alla lunetta in ceramica nera lucida, il modello presenta un quadrante nero con finitura lucida. I totalizzatori incassati, le lancette e gli indici e i numeri applicati in nichel annerito, riempiti di Super-LumiNova\u00ae, conferiscono ulteriore profondit\u00e0 e garantiscono un&#8217;eccellente leggibilit\u00e0 notturna. Il Pilot\u2019s Watch Performance Chronograph 41 \u00e8 animato dal calibro 69385 di manifattura IWC. Questo movimento cronografico meccanico \u00e8 costituito da 242 componenti singoli ed \u00e8 visibile attraverso il fondello in vetro zaffiro colorato. Il suo sistema di carica a cricchetti bidirezionale fornisce una riserva di carica di 46 ore nella molla motrice. Il cronografo \u00e8 comandato tramite una ruota a colonne che consente di gestire in modo preciso le singole fasi della sequenza di innesto. Inoltre, quando si premono i pulsanti, si avverte una netta resistenza tattile. Il cronografo si caratterizza per la disposizione verticale dei contatori tipica di IWC. I minuti cronografici sono indicati a ore 12 per garantire una migliore leggibilit\u00e0. L&#8217;orologio \u00e8 impermeabile fino a 10 bar ed \u00e8 corredato da un bracciale integrato in titanio con maglie centrali lucide.<br \/>\nREF: IW388304<\/p>\n","protected":false},"excerpt":{"rendered":"<p>Aspetti legati alle prestazioni, come l&#8217;elevata robustezza, la facile leggibilit\u00e0 e la massima precisione, sono profondamente radicati nel DNA di IWC come manifattura orologiera. Con il Pilot&#8217;s Watch Performance Chronograph, la manifattura presenta un cronografo ottimizzato per le prestazioni elevate. Questa versione \u00e8 un omaggio a Mercedes AMG. Il ramo di Mercedes-Benz specializzato in auto ad alte prestazioni \u00e8 partner di IWC dal 2004. La cassa di 41 millimetri, la corona e i pulsanti sono realizzati in titanio grado 5, una lega pi\u00f9 leggera di circa il 45% rispetto all&#8217;acciaio e straordinariamente rigida. La cassa presenta una finitura spazzolata con dettagli lucidi sulle anse. Una caratteristica funzionale di spicco dell&#8217;orologio \u00e8 la lunetta in ceramica con scala tachimetrica, che consente di misurare la velocit\u00e0 media in relazione alla distanza percorsa. Abbinato alla lunetta in ceramica nera lucida, il modello presenta un quadrante nero con finitura lucida. I totalizzatori incassati, le lancette e gli indici e i numeri applicati in nichel annerito, riempiti di Super-LumiNova\u00ae, conferiscono ulteriore profondit\u00e0 e garantiscono un&#8217;eccellente leggibilit\u00e0 notturna. Il Pilot\u2019s Watch Performance Chronograph 41 \u00e8 animato dal calibro 69385 di manifattura IWC. Questo movimento cronografico meccanico \u00e8 costituito da 242 componenti singoli ed \u00e8 visibile attraverso il fondello in vetro zaffiro colorato. Il suo sistema di carica a cricchetti bidirezionale fornisce una riserva di carica di 46 ore nella molla motrice. Il cronografo \u00e8 comandato tramite una ruota a colonne che consente di gestire in modo preciso le singole fasi della sequenza di innesto. Inoltre, quando si premono i pulsanti, si avverte una netta resistenza tattile. Il cronografo si caratterizza per la disposizione verticale dei contatori tipica di IWC. I minuti cronografici sono indicati a ore 12 per garantire una migliore leggibilit\u00e0. L&#8217;orologio \u00e8 impermeabile fino a 10 bar ed \u00e8 corredato da un bracciale integrato in titanio con maglie centrali lucide.<br \/>\nREF: IW388304<\/p>\n","protected":false},"featured_media":333528,"comment_status":"open","ping_status":"closed","template":"","meta":[],"product_brand":[],"product_cat":[3309],"product_tag":[],"class_list":{"0":"post-335552","1":"product","2":"type-product","3":"status-publish","4":"has-post-thumbnail","6":"brand-5436","7":"shops-3355","8":"shop_area-3357","10":"first","11":"instock","12":"taxable","13":"shipping-taxable","14":"purchasable","15":"product-type-simple"},"yoast_head":"<!-- This site is optimized with the Yoast SEO plugin v25.3 - https:\/\/yoast.com\/wordpress\/plugins\/seo\/ -->\n<title>Pilot\u2019s Watch Performance Chronograph 41 AMG REF: IW388304 - Gioielleria Grande<\/title>\n<meta name=\"robots\" content=\"index, follow, max-snippet:-1, max-image-preview:large, max-video-preview:-1\" \/>\n<link rel=\"canonical\" href=\"https:\/\/www.gioielleriagrande.it\/prodotto\/153172\/\" \/>\n<meta property=\"og:locale\" content=\"en_US\" \/>\n<meta property=\"og:type\" content=\"article\" \/>\n<meta property=\"og:title\" content=\"Pilot\u2019s Watch Performance Chronograph 41 AMG REF: IW388304 - Gioielleria Grande\" \/>\n<meta property=\"og:description\" content=\"Aspetti legati alle prestazioni, come l&#039;elevata robustezza, la facile leggibilit\u00e0 e la massima precisione, sono profondamente radicati nel DNA di IWC come manifattura orologiera. Con il Pilot&#039;s Watch Performance Chronograph, la manifattura presenta un cronografo ottimizzato per le prestazioni elevate. Questa versione \u00e8 un omaggio a Mercedes AMG. Il ramo di Mercedes-Benz specializzato in auto ad alte prestazioni \u00e8 partner di IWC dal 2004. La cassa di 41 millimetri, la corona e i pulsanti sono realizzati in titanio grado 5, una lega pi\u00f9 leggera di circa il 45% rispetto all&#039;acciaio e straordinariamente rigida. La cassa presenta una finitura spazzolata con dettagli lucidi sulle anse. Una caratteristica funzionale di spicco dell&#039;orologio \u00e8 la lunetta in ceramica con scala tachimetrica, che consente di misurare la velocit\u00e0 media in relazione alla distanza percorsa. Abbinato alla lunetta in ceramica nera lucida, il modello presenta un quadrante nero con finitura lucida. I totalizzatori incassati, le lancette e gli indici e i numeri applicati in nichel annerito, riempiti di Super-LumiNova\u00ae, conferiscono ulteriore profondit\u00e0 e garantiscono un&#039;eccellente leggibilit\u00e0 notturna. Il Pilot\u2019s Watch Performance Chronograph 41 \u00e8 animato dal calibro 69385 di manifattura IWC. Questo movimento cronografico meccanico \u00e8 costituito da 242 componenti singoli ed \u00e8 visibile attraverso il fondello in vetro zaffiro colorato. Il suo sistema di carica a cricchetti bidirezionale fornisce una riserva di carica di 46 ore nella molla motrice. Il cronografo \u00e8 comandato tramite una ruota a colonne che consente di gestire in modo preciso le singole fasi della sequenza di innesto. Inoltre, quando si premono i pulsanti, si avverte una netta resistenza tattile. Il cronografo si caratterizza per la disposizione verticale dei contatori tipica di IWC. I minuti cronografici sono indicati a ore 12 per garantire una migliore leggibilit\u00e0. L&#039;orologio \u00e8 impermeabile fino a 10 bar ed \u00e8 corredato da un bracciale integrato in titanio con maglie centrali lucide. REF: IW388304\" \/>\n<meta property=\"og:url\" content=\"https:\/\/www.gioielleriagrande.it\/prodotto\/153172\/\" \/>\n<meta property=\"og:site_name\" content=\"Gioielleria Grande\" \/>\n<meta property=\"article:modified_time\" content=\"2025-11-22T16:25:48+00:00\" \/>\n<meta property=\"og:image\" content=\"https:\/\/www.gioielleriagrande.it\/wp-content\/uploads\/2025\/02\/OIP-1-2.jpg\" \/>\n\t<meta property=\"og:image:width\" content=\"282\" \/>\n\t<meta property=\"og:image:height\" content=\"282\" \/>\n\t<meta property=\"og:image:type\" content=\"image\/jpeg\" \/>\n<meta name=\"twitter:card\" content=\"summary_large_image\" \/>\n<meta name=\"twitter:label1\" content=\"Est. reading time\" \/>\n\t<meta name=\"twitter:data1\" content=\"1 minute\" \/>\n<script type=\"application\/ld+json\" class=\"yoast-schema-graph\">{\"@context\":\"https:\/\/schema.org\",\"@graph\":[{\"@type\":\"WebPage\",\"@id\":\"https:\/\/www.gioielleriagrande.it\/prodotto\/153172\/\",\"url\":\"https:\/\/www.gioielleriagrande.it\/prodotto\/153172\/\",\"name\":\"Pilot\u2019s Watch Performance Chronograph 41 AMG REF: IW388304 - Gioielleria Grande\",\"isPartOf\":{\"@id\":\"https:\/\/www.gioielleriagrande.it\/#website\"},\"primaryImageOfPage\":{\"@id\":\"https:\/\/www.gioielleriagrande.it\/prodotto\/153172\/#primaryimage\"},\"image\":{\"@id\":\"https:\/\/www.gioielleriagrande.it\/prodotto\/153172\/#primaryimage\"},\"thumbnailUrl\":\"https:\/\/www.gioielleriagrande.it\/wp-content\/uploads\/2025\/02\/OIP-1-2.jpg\",\"datePublished\":\"2025-02-22T12:39:09+00:00\",\"dateModified\":\"2025-11-22T16:25:48+00:00\",\"breadcrumb\":{\"@id\":\"https:\/\/www.gioielleriagrande.it\/prodotto\/153172\/#breadcrumb\"},\"inLanguage\":\"en-US\",\"potentialAction\":[{\"@type\":\"ReadAction\",\"target\":[\"https:\/\/www.gioielleriagrande.it\/prodotto\/153172\/\"]}]},{\"@type\":\"ImageObject\",\"inLanguage\":\"en-US\",\"@id\":\"https:\/\/www.gioielleriagrande.it\/prodotto\/153172\/#primaryimage\",\"url\":\"https:\/\/www.gioielleriagrande.it\/wp-content\/uploads\/2025\/02\/OIP-1-2.jpg\",\"contentUrl\":\"https:\/\/www.gioielleriagrande.it\/wp-content\/uploads\/2025\/02\/OIP-1-2.jpg\",\"width\":282,\"height\":282,\"caption\":\"OIP (1).jpg\"},{\"@type\":\"BreadcrumbList\",\"@id\":\"https:\/\/www.gioielleriagrande.it\/prodotto\/153172\/#breadcrumb\",\"itemListElement\":[{\"@type\":\"ListItem\",\"position\":1,\"name\":\"Home\",\"item\":\"https:\/\/www.gioielleriagrande.it\/\"},{\"@type\":\"ListItem\",\"position\":2,\"name\":\"Shop\",\"item\":\"https:\/\/www.gioielleriagrande.it\/negozio\/\"},{\"@type\":\"ListItem\",\"position\":3,\"name\":\"Pilot\u2019s Watch Performance Chronograph 41 AMG REF: IW388304\"}]},{\"@type\":\"WebSite\",\"@id\":\"https:\/\/www.gioielleriagrande.it\/#website\",\"url\":\"https:\/\/www.gioielleriagrande.it\/\",\"name\":\"Gioielleria Grande\",\"description\":\"\",\"potentialAction\":[{\"@type\":\"SearchAction\",\"target\":{\"@type\":\"EntryPoint\",\"urlTemplate\":\"https:\/\/www.gioielleriagrande.it\/?s={search_term_string}\"},\"query-input\":{\"@type\":\"PropertyValueSpecification\",\"valueRequired\":true,\"valueName\":\"search_term_string\"}}],\"inLanguage\":\"en-US\"}]}<\/script>\n<!-- \/ Yoast SEO plugin. -->","yoast_head_json":{"title":"Pilot\u2019s Watch Performance Chronograph 41 AMG REF: IW388304 - Gioielleria Grande","robots":{"index":"index","follow":"follow","max-snippet":"max-snippet:-1","max-image-preview":"max-image-preview:large","max-video-preview":"max-video-preview:-1"},"canonical":"https:\/\/www.gioielleriagrande.it\/prodotto\/153172\/","og_locale":"en_US","og_type":"article","og_title":"Pilot\u2019s Watch Performance Chronograph 41 AMG REF: IW388304 - Gioielleria Grande","og_description":"Aspetti legati alle prestazioni, come l'elevata robustezza, la facile leggibilit\u00e0 e la massima precisione, sono profondamente radicati nel DNA di IWC come manifattura orologiera. Con il Pilot's Watch Performance Chronograph, la manifattura presenta un cronografo ottimizzato per le prestazioni elevate. Questa versione \u00e8 un omaggio a Mercedes AMG. Il ramo di Mercedes-Benz specializzato in auto ad alte prestazioni \u00e8 partner di IWC dal 2004. La cassa di 41 millimetri, la corona e i pulsanti sono realizzati in titanio grado 5, una lega pi\u00f9 leggera di circa il 45% rispetto all'acciaio e straordinariamente rigida. La cassa presenta una finitura spazzolata con dettagli lucidi sulle anse. Una caratteristica funzionale di spicco dell'orologio \u00e8 la lunetta in ceramica con scala tachimetrica, che consente di misurare la velocit\u00e0 media in relazione alla distanza percorsa. Abbinato alla lunetta in ceramica nera lucida, il modello presenta un quadrante nero con finitura lucida. I totalizzatori incassati, le lancette e gli indici e i numeri applicati in nichel annerito, riempiti di Super-LumiNova\u00ae, conferiscono ulteriore profondit\u00e0 e garantiscono un'eccellente leggibilit\u00e0 notturna. Il Pilot\u2019s Watch Performance Chronograph 41 \u00e8 animato dal calibro 69385 di manifattura IWC. Questo movimento cronografico meccanico \u00e8 costituito da 242 componenti singoli ed \u00e8 visibile attraverso il fondello in vetro zaffiro colorato. Il suo sistema di carica a cricchetti bidirezionale fornisce una riserva di carica di 46 ore nella molla motrice. Il cronografo \u00e8 comandato tramite una ruota a colonne che consente di gestire in modo preciso le singole fasi della sequenza di innesto. Inoltre, quando si premono i pulsanti, si avverte una netta resistenza tattile. Il cronografo si caratterizza per la disposizione verticale dei contatori tipica di IWC. I minuti cronografici sono indicati a ore 12 per garantire una migliore leggibilit\u00e0. L'orologio \u00e8 impermeabile fino a 10 bar ed \u00e8 corredato da un bracciale integrato in titanio con maglie centrali lucide. REF: IW388304","og_url":"https:\/\/www.gioielleriagrande.it\/prodotto\/153172\/","og_site_name":"Gioielleria Grande","article_modified_time":"2025-11-22T16:25:48+00:00","og_image":[{"width":282,"height":282,"url":"https:\/\/www.gioielleriagrande.it\/wp-content\/uploads\/2025\/02\/OIP-1-2.jpg","type":"image\/jpeg"}],"twitter_card":"summary_large_image","twitter_misc":{"Est. reading time":"1 minute"},"schema":{"@context":"https:\/\/schema.org","@graph":[{"@type":"WebPage","@id":"https:\/\/www.gioielleriagrande.it\/prodotto\/153172\/","url":"https:\/\/www.gioielleriagrande.it\/prodotto\/153172\/","name":"Pilot\u2019s Watch Performance Chronograph 41 AMG REF: IW388304 - Gioielleria Grande","isPartOf":{"@id":"https:\/\/www.gioielleriagrande.it\/#website"},"primaryImageOfPage":{"@id":"https:\/\/www.gioielleriagrande.it\/prodotto\/153172\/#primaryimage"},"image":{"@id":"https:\/\/www.gioielleriagrande.it\/prodotto\/153172\/#primaryimage"},"thumbnailUrl":"https:\/\/www.gioielleriagrande.it\/wp-content\/uploads\/2025\/02\/OIP-1-2.jpg","datePublished":"2025-02-22T12:39:09+00:00","dateModified":"2025-11-22T16:25:48+00:00","breadcrumb":{"@id":"https:\/\/www.gioielleriagrande.it\/prodotto\/153172\/#breadcrumb"},"inLanguage":"en-US","potentialAction":[{"@type":"ReadAction","target":["https:\/\/www.gioielleriagrande.it\/prodotto\/153172\/"]}]},{"@type":"ImageObject","inLanguage":"en-US","@id":"https:\/\/www.gioielleriagrande.it\/prodotto\/153172\/#primaryimage","url":"https:\/\/www.gioielleriagrande.it\/wp-content\/uploads\/2025\/02\/OIP-1-2.jpg","contentUrl":"https:\/\/www.gioielleriagrande.it\/wp-content\/uploads\/2025\/02\/OIP-1-2.jpg","width":282,"height":282,"caption":"OIP (1).jpg"},{"@type":"BreadcrumbList","@id":"https:\/\/www.gioielleriagrande.it\/prodotto\/153172\/#breadcrumb","itemListElement":[{"@type":"ListItem","position":1,"name":"Home","item":"https:\/\/www.gioielleriagrande.it\/"},{"@type":"ListItem","position":2,"name":"Shop","item":"https:\/\/www.gioielleriagrande.it\/negozio\/"},{"@type":"ListItem","position":3,"name":"Pilot\u2019s Watch Performance Chronograph 41 AMG REF: IW388304"}]},{"@type":"WebSite","@id":"https:\/\/www.gioielleriagrande.it\/#website","url":"https:\/\/www.gioielleriagrande.it\/","name":"Gioielleria Grande","description":"","potentialAction":[{"@type":"SearchAction","target":{"@type":"EntryPoint","urlTemplate":"https:\/\/www.gioielleriagrande.it\/?s={search_term_string}"},"query-input":{"@type":"PropertyValueSpecification","valueRequired":true,"valueName":"search_term_string"}}],"inLanguage":"en-US"}]}},"_links":{"self":[{"href":"https:\/\/www.gioielleriagrande.it\/en\/wp-json\/wp\/v2\/product\/335552","targetHints":{"allow":["GET"]}}],"collection":[{"href":"https:\/\/www.gioielleriagrande.it\/en\/wp-json\/wp\/v2\/product"}],"about":[{"href":"https:\/\/www.gioielleriagrande.it\/en\/wp-json\/wp\/v2\/types\/product"}],"replies":[{"embeddable":true,"href":"https:\/\/www.gioielleriagrande.it\/en\/wp-json\/wp\/v2\/comments?post=335552"}],"wp:featuredmedia":[{"embeddable":true,"href":"https:\/\/www.gioielleriagrande.it\/en\/wp-json\/wp\/v2\/media\/333528"}],"wp:attachment":[{"href":"https:\/\/www.gioielleriagrande.it\/en\/wp-json\/wp\/v2\/media?parent=335552"}],"wp:term":[{"taxonomy":"product_brand","embeddable":true,"href":"https:\/\/www.gioielleriagrande.it\/en\/wp-json\/wp\/v2\/product_brand?post=335552"},{"taxonomy":"product_cat","embeddable":true,"href":"https:\/\/www.gioielleriagrande.it\/en\/wp-json\/wp\/v2\/product_cat?post=335552"},{"taxonomy":"product_tag","embeddable":true,"href":"https:\/\/www.gioielleriagrande.it\/en\/wp-json\/wp\/v2\/product_tag?post=335552"}],"curies":[{"name":"wp","href":"https:\/\/api.w.org\/{rel}","templated":true}]}}