{"id":335651,"date":"2025-02-22T13:41:52","date_gmt":"2025-02-22T12:41:52","guid":{"rendered":"https:\/\/www.gioielleriagrande.it\/prodotto\/154571\/"},"modified":"2025-11-22T17:28:48","modified_gmt":"2025-11-22T16:28:48","slug":"154571","status":"publish","type":"product","link":"https:\/\/www.gioielleriagrande.it\/en\/prodotto\/154571\/","title":{"rendered":"max bill Automatic 38,0 mm\nMeccanismo automatico calibro J800.1, riserva di carica 38 ore"},"content":{"rendered":"<p>\u201corologi\u2026 assolutamente senza tempo, ma senza dimenticare il tempo\u201c. La citazione di Max Bill manifesta la sua aspirazione per l\u2019essenzialit\u00e0 e la modernit\u00e0. Ne \u00e8 un esempio il quadrante dalla struttura logica caratteristico di quest\u2019icona del design. E per non \u201cdimenticare il tempo\u201d, l\u2019orologio si ricarica automaticamente con l\u2019energia generata dal portatore.<\/p>\n","protected":false},"excerpt":{"rendered":"<p>\u201corologi\u2026 assolutamente senza tempo, ma senza dimenticare il tempo\u201c. La citazione di Max Bill manifesta la sua aspirazione per l\u2019essenzialit\u00e0 e la modernit\u00e0. Ne \u00e8 un esempio il quadrante dalla struttura logica caratteristico di quest\u2019icona del design. E per non \u201cdimenticare il tempo\u201d, l\u2019orologio si ricarica automaticamente con l\u2019energia generata dal portatore.<\/p>\n","protected":false},"featured_media":333267,"comment_status":"open","ping_status":"closed","template":"","meta":[],"product_brand":[],"product_cat":[3309],"product_tag":[],"class_list":{"0":"post-335651","1":"product","2":"type-product","3":"status-publish","4":"has-post-thumbnail","6":"brand-5282","7":"shops-3355","8":"shop_area-3357","10":"first","11":"instock","12":"taxable","13":"shipping-taxable","14":"purchasable","15":"product-type-simple"},"yoast_head":"<!-- This site is optimized with the Yoast SEO plugin v25.3 - https:\/\/yoast.com\/wordpress\/plugins\/seo\/ -->\n<title>max bill Automatic 38,0 mm Meccanismo automatico calibro J800.1, riserva di carica 38 ore - Gioielleria Grande<\/title>\n<meta name=\"robots\" content=\"index, follow, max-snippet:-1, max-image-preview:large, max-video-preview:-1\" \/>\n<link rel=\"canonical\" href=\"https:\/\/www.gioielleriagrande.it\/prodotto\/154571\/\" \/>\n<meta property=\"og:locale\" content=\"en_US\" \/>\n<meta property=\"og:type\" content=\"article\" \/>\n<meta property=\"og:title\" content=\"max bill Automatic 38,0 mm Meccanismo automatico calibro J800.1, riserva di carica 38 ore - Gioielleria Grande\" \/>\n<meta property=\"og:description\" content=\"\u201corologi\u2026 assolutamente senza tempo, ma senza dimenticare il tempo\u201c. La citazione di Max Bill manifesta la sua aspirazione per l\u2019essenzialit\u00e0 e la modernit\u00e0. Ne \u00e8 un esempio il quadrante dalla struttura logica caratteristico di quest\u2019icona del design. E per non \u201cdimenticare il tempo\u201d, l\u2019orologio si ricarica automaticamente con l\u2019energia generata dal portatore.\" \/>\n<meta property=\"og:url\" content=\"https:\/\/www.gioielleriagrande.it\/prodotto\/154571\/\" \/>\n<meta property=\"og:site_name\" content=\"Gioielleria Grande\" \/>\n<meta property=\"article:modified_time\" content=\"2025-11-22T16:28:48+00:00\" \/>\n<meta property=\"og:image\" content=\"https:\/\/www.gioielleriagrande.it\/wp-content\/uploads\/2025\/02\/27_4002-46_frontLbu6xZIXweLUs.jpg\" \/>\n\t<meta property=\"og:image:width\" content=\"763\" \/>\n\t<meta property=\"og:image:height\" content=\"1111\" \/>\n\t<meta property=\"og:image:type\" content=\"image\/jpeg\" \/>\n<meta name=\"twitter:card\" content=\"summary_large_image\" \/>\n<script type=\"application\/ld+json\" class=\"yoast-schema-graph\">{\"@context\":\"https:\/\/schema.org\",\"@graph\":[{\"@type\":\"WebPage\",\"@id\":\"https:\/\/www.gioielleriagrande.it\/prodotto\/154571\/\",\"url\":\"https:\/\/www.gioielleriagrande.it\/prodotto\/154571\/\",\"name\":\"max bill Automatic 38,0 mm Meccanismo automatico calibro J800.1, riserva di carica 38 ore - Gioielleria Grande\",\"isPartOf\":{\"@id\":\"https:\/\/www.gioielleriagrande.it\/#website\"},\"primaryImageOfPage\":{\"@id\":\"https:\/\/www.gioielleriagrande.it\/prodotto\/154571\/#primaryimage\"},\"image\":{\"@id\":\"https:\/\/www.gioielleriagrande.it\/prodotto\/154571\/#primaryimage\"},\"thumbnailUrl\":\"https:\/\/www.gioielleriagrande.it\/wp-content\/uploads\/2025\/02\/27_4002-46_frontLbu6xZIXweLUs.jpg\",\"datePublished\":\"2025-02-22T12:41:52+00:00\",\"dateModified\":\"2025-11-22T16:28:48+00:00\",\"breadcrumb\":{\"@id\":\"https:\/\/www.gioielleriagrande.it\/prodotto\/154571\/#breadcrumb\"},\"inLanguage\":\"en-US\",\"potentialAction\":[{\"@type\":\"ReadAction\",\"target\":[\"https:\/\/www.gioielleriagrande.it\/prodotto\/154571\/\"]}]},{\"@type\":\"ImageObject\",\"inLanguage\":\"en-US\",\"@id\":\"https:\/\/www.gioielleriagrande.it\/prodotto\/154571\/#primaryimage\",\"url\":\"https:\/\/www.gioielleriagrande.it\/wp-content\/uploads\/2025\/02\/27_4002-46_frontLbu6xZIXweLUs.jpg\",\"contentUrl\":\"https:\/\/www.gioielleriagrande.it\/wp-content\/uploads\/2025\/02\/27_4002-46_frontLbu6xZIXweLUs.jpg\",\"width\":763,\"height\":1111,\"caption\":\"27_4002-46_frontLbu6xZIXweLUs.JPG\"},{\"@type\":\"BreadcrumbList\",\"@id\":\"https:\/\/www.gioielleriagrande.it\/prodotto\/154571\/#breadcrumb\",\"itemListElement\":[{\"@type\":\"ListItem\",\"position\":1,\"name\":\"Home\",\"item\":\"https:\/\/www.gioielleriagrande.it\/\"},{\"@type\":\"ListItem\",\"position\":2,\"name\":\"Shop\",\"item\":\"https:\/\/www.gioielleriagrande.it\/negozio\/\"},{\"@type\":\"ListItem\",\"position\":3,\"name\":\"max bill Automatic 38,0 mm Meccanismo automatico calibro J800.1, riserva di carica 38 ore\"}]},{\"@type\":\"WebSite\",\"@id\":\"https:\/\/www.gioielleriagrande.it\/#website\",\"url\":\"https:\/\/www.gioielleriagrande.it\/\",\"name\":\"Gioielleria Grande\",\"description\":\"\",\"potentialAction\":[{\"@type\":\"SearchAction\",\"target\":{\"@type\":\"EntryPoint\",\"urlTemplate\":\"https:\/\/www.gioielleriagrande.it\/?s={search_term_string}\"},\"query-input\":{\"@type\":\"PropertyValueSpecification\",\"valueRequired\":true,\"valueName\":\"search_term_string\"}}],\"inLanguage\":\"en-US\"}]}<\/script>\n<!-- \/ Yoast SEO plugin. -->","yoast_head_json":{"title":"max bill Automatic 38,0 mm Meccanismo automatico calibro J800.1, riserva di carica 38 ore - Gioielleria Grande","robots":{"index":"index","follow":"follow","max-snippet":"max-snippet:-1","max-image-preview":"max-image-preview:large","max-video-preview":"max-video-preview:-1"},"canonical":"https:\/\/www.gioielleriagrande.it\/prodotto\/154571\/","og_locale":"en_US","og_type":"article","og_title":"max bill Automatic 38,0 mm Meccanismo automatico calibro J800.1, riserva di carica 38 ore - Gioielleria Grande","og_description":"\u201corologi\u2026 assolutamente senza tempo, ma senza dimenticare il tempo\u201c. La citazione di Max Bill manifesta la sua aspirazione per l\u2019essenzialit\u00e0 e la modernit\u00e0. Ne \u00e8 un esempio il quadrante dalla struttura logica caratteristico di quest\u2019icona del design. E per non \u201cdimenticare il tempo\u201d, l\u2019orologio si ricarica automaticamente con l\u2019energia generata dal portatore.","og_url":"https:\/\/www.gioielleriagrande.it\/prodotto\/154571\/","og_site_name":"Gioielleria Grande","article_modified_time":"2025-11-22T16:28:48+00:00","og_image":[{"width":763,"height":1111,"url":"https:\/\/www.gioielleriagrande.it\/wp-content\/uploads\/2025\/02\/27_4002-46_frontLbu6xZIXweLUs.jpg","type":"image\/jpeg"}],"twitter_card":"summary_large_image","schema":{"@context":"https:\/\/schema.org","@graph":[{"@type":"WebPage","@id":"https:\/\/www.gioielleriagrande.it\/prodotto\/154571\/","url":"https:\/\/www.gioielleriagrande.it\/prodotto\/154571\/","name":"max bill Automatic 38,0 mm Meccanismo automatico calibro J800.1, riserva di carica 38 ore - Gioielleria Grande","isPartOf":{"@id":"https:\/\/www.gioielleriagrande.it\/#website"},"primaryImageOfPage":{"@id":"https:\/\/www.gioielleriagrande.it\/prodotto\/154571\/#primaryimage"},"image":{"@id":"https:\/\/www.gioielleriagrande.it\/prodotto\/154571\/#primaryimage"},"thumbnailUrl":"https:\/\/www.gioielleriagrande.it\/wp-content\/uploads\/2025\/02\/27_4002-46_frontLbu6xZIXweLUs.jpg","datePublished":"2025-02-22T12:41:52+00:00","dateModified":"2025-11-22T16:28:48+00:00","breadcrumb":{"@id":"https:\/\/www.gioielleriagrande.it\/prodotto\/154571\/#breadcrumb"},"inLanguage":"en-US","potentialAction":[{"@type":"ReadAction","target":["https:\/\/www.gioielleriagrande.it\/prodotto\/154571\/"]}]},{"@type":"ImageObject","inLanguage":"en-US","@id":"https:\/\/www.gioielleriagrande.it\/prodotto\/154571\/#primaryimage","url":"https:\/\/www.gioielleriagrande.it\/wp-content\/uploads\/2025\/02\/27_4002-46_frontLbu6xZIXweLUs.jpg","contentUrl":"https:\/\/www.gioielleriagrande.it\/wp-content\/uploads\/2025\/02\/27_4002-46_frontLbu6xZIXweLUs.jpg","width":763,"height":1111,"caption":"27_4002-46_frontLbu6xZIXweLUs.JPG"},{"@type":"BreadcrumbList","@id":"https:\/\/www.gioielleriagrande.it\/prodotto\/154571\/#breadcrumb","itemListElement":[{"@type":"ListItem","position":1,"name":"Home","item":"https:\/\/www.gioielleriagrande.it\/"},{"@type":"ListItem","position":2,"name":"Shop","item":"https:\/\/www.gioielleriagrande.it\/negozio\/"},{"@type":"ListItem","position":3,"name":"max bill Automatic 38,0 mm Meccanismo automatico calibro J800.1, riserva di carica 38 ore"}]},{"@type":"WebSite","@id":"https:\/\/www.gioielleriagrande.it\/#website","url":"https:\/\/www.gioielleriagrande.it\/","name":"Gioielleria Grande","description":"","potentialAction":[{"@type":"SearchAction","target":{"@type":"EntryPoint","urlTemplate":"https:\/\/www.gioielleriagrande.it\/?s={search_term_string}"},"query-input":{"@type":"PropertyValueSpecification","valueRequired":true,"valueName":"search_term_string"}}],"inLanguage":"en-US"}]}},"_links":{"self":[{"href":"https:\/\/www.gioielleriagrande.it\/en\/wp-json\/wp\/v2\/product\/335651","targetHints":{"allow":["GET"]}}],"collection":[{"href":"https:\/\/www.gioielleriagrande.it\/en\/wp-json\/wp\/v2\/product"}],"about":[{"href":"https:\/\/www.gioielleriagrande.it\/en\/wp-json\/wp\/v2\/types\/product"}],"replies":[{"embeddable":true,"href":"https:\/\/www.gioielleriagrande.it\/en\/wp-json\/wp\/v2\/comments?post=335651"}],"wp:featuredmedia":[{"embeddable":true,"href":"https:\/\/www.gioielleriagrande.it\/en\/wp-json\/wp\/v2\/media\/333267"}],"wp:attachment":[{"href":"https:\/\/www.gioielleriagrande.it\/en\/wp-json\/wp\/v2\/media?parent=335651"}],"wp:term":[{"taxonomy":"product_brand","embeddable":true,"href":"https:\/\/www.gioielleriagrande.it\/en\/wp-json\/wp\/v2\/product_brand?post=335651"},{"taxonomy":"product_cat","embeddable":true,"href":"https:\/\/www.gioielleriagrande.it\/en\/wp-json\/wp\/v2\/product_cat?post=335651"},{"taxonomy":"product_tag","embeddable":true,"href":"https:\/\/www.gioielleriagrande.it\/en\/wp-json\/wp\/v2\/product_tag?post=335651"}],"curies":[{"name":"wp","href":"https:\/\/api.w.org\/{rel}","templated":true}]}}