{"id":335703,"date":"2025-02-22T13:43:23","date_gmt":"2025-02-22T12:43:23","guid":{"rendered":"https:\/\/www.gioielleriagrande.it\/prodotto\/156358\/"},"modified":"2025-11-22T17:31:53","modified_gmt":"2025-11-22T16:31:53","slug":"156358","status":"publish","type":"product","link":"https:\/\/www.gioielleriagrande.it\/en\/prodotto\/156358\/","title":{"rendered":"Avenger B01 Chronograph 42\nREF: SB01462A1L1X1"},"content":{"rendered":"<p>Ideato per i piloti di jet, l\u2019Avenger \u00e8 progettato per affrontare le cabine di pilotaggio pi\u00f9 ardue, senza mai tirarsi indietro. Questa edizione \u00e8 dedicata alle Frecce Tricolori, la famosa pattuglia di volo acrobatica italiana che affascina il pubblico di tutto il mondo con le sue esibizioni<br \/>\nAvenger B01 Chronograph 42<br \/>\nREF: SB01462A1L1X1<\/p>\n<p>mozzafiato di abilit\u00e0 e precisione. Ma non serve essere un asso dell\u2019aviazione militare per apprezzarne l\u2019audace design, l\u2019eccezionale resilienza e la funzionalit\u00e0 sempre un passo avanti. Questa versione presenta un quadrante verde opaco ornato dall\u2019emblema delle Frecce Tricolori e un\u2019incisione dedicata che circonda il fondello a vista del Calibro di Manifattura Breitling 01. Si contraddistingue inoltre per una cassa in ceramica nera e una minuteria in titanio, corredate da un cinturino in pelle militare. Il tonneau a botte non sar\u00e0 forse per tutti, ma chiunque apprezzer\u00e0 ogni minimo dettaglio della sua impermeabilit\u00e0 fino a 300 m, la maneggevole funzionalit\u00e0 e la costruzione resistente alla corrosione.<\/p>\n","protected":false},"excerpt":{"rendered":"<p>Ideato per i piloti di jet, l\u2019Avenger \u00e8 progettato per affrontare le cabine di pilotaggio pi\u00f9 ardue, senza mai tirarsi indietro. Questa edizione \u00e8 dedicata alle Frecce Tricolori, la famosa pattuglia di volo acrobatica italiana che affascina il pubblico di tutto il mondo con le sue esibizioni<br \/>\nAvenger B01 Chronograph 42<br \/>\nREF: SB01462A1L1X1<\/p>\n<p>mozzafiato di abilit\u00e0 e precisione. Ma non serve essere un asso dell\u2019aviazione militare per apprezzarne l\u2019audace design, l\u2019eccezionale resilienza e la funzionalit\u00e0 sempre un passo avanti. Questa versione presenta un quadrante verde opaco ornato dall\u2019emblema delle Frecce Tricolori e un\u2019incisione dedicata che circonda il fondello a vista del Calibro di Manifattura Breitling 01. Si contraddistingue inoltre per una cassa in ceramica nera e una minuteria in titanio, corredate da un cinturino in pelle militare. Il tonneau a botte non sar\u00e0 forse per tutti, ma chiunque apprezzer\u00e0 ogni minimo dettaglio della sua impermeabilit\u00e0 fino a 300 m, la maneggevole funzionalit\u00e0 e la costruzione resistente alla corrosione.<\/p>\n","protected":false},"featured_media":333732,"comment_status":"open","ping_status":"closed","template":"","meta":[],"product_brand":[],"product_cat":[3309],"product_tag":[],"class_list":{"0":"post-335703","1":"product","2":"type-product","3":"status-publish","4":"has-post-thumbnail","6":"brand-3339","7":"shops-3355","8":"shop_area-3357","10":"first","11":"instock","12":"taxable","13":"shipping-taxable","14":"purchasable","15":"product-type-simple"},"yoast_head":"<!-- This site is optimized with the Yoast SEO plugin v25.3 - https:\/\/yoast.com\/wordpress\/plugins\/seo\/ -->\n<title>Avenger B01 Chronograph 42 REF: SB01462A1L1X1 - Gioielleria Grande<\/title>\n<meta name=\"robots\" content=\"index, follow, max-snippet:-1, max-image-preview:large, max-video-preview:-1\" \/>\n<link rel=\"canonical\" href=\"https:\/\/www.gioielleriagrande.it\/prodotto\/156358\/\" \/>\n<meta property=\"og:locale\" content=\"en_US\" \/>\n<meta property=\"og:type\" content=\"article\" \/>\n<meta property=\"og:title\" content=\"Avenger B01 Chronograph 42 REF: SB01462A1L1X1 - Gioielleria Grande\" \/>\n<meta property=\"og:description\" content=\"Ideato per i piloti di jet, l\u2019Avenger \u00e8 progettato per affrontare le cabine di pilotaggio pi\u00f9 ardue, senza mai tirarsi indietro. Questa edizione \u00e8 dedicata alle Frecce Tricolori, la famosa pattuglia di volo acrobatica italiana che affascina il pubblico di tutto il mondo con le sue esibizioni Avenger B01 Chronograph 42 REF: SB01462A1L1X1 mozzafiato di abilit\u00e0 e precisione. Ma non serve essere un asso dell\u2019aviazione militare per apprezzarne l\u2019audace design, l\u2019eccezionale resilienza e la funzionalit\u00e0 sempre un passo avanti. Questa versione presenta un quadrante verde opaco ornato dall\u2019emblema delle Frecce Tricolori e un\u2019incisione dedicata che circonda il fondello a vista del Calibro di Manifattura Breitling 01. Si contraddistingue inoltre per una cassa in ceramica nera e una minuteria in titanio, corredate da un cinturino in pelle militare. Il tonneau a botte non sar\u00e0 forse per tutti, ma chiunque apprezzer\u00e0 ogni minimo dettaglio della sua impermeabilit\u00e0 fino a 300 m, la maneggevole funzionalit\u00e0 e la costruzione resistente alla corrosione.\" \/>\n<meta property=\"og:url\" content=\"https:\/\/www.gioielleriagrande.it\/prodotto\/156358\/\" \/>\n<meta property=\"og:site_name\" content=\"Gioielleria Grande\" \/>\n<meta property=\"article:modified_time\" content=\"2025-11-22T16:31:53+00:00\" \/>\n<meta property=\"og:image\" content=\"https:\/\/www.gioielleriagrande.it\/wp-content\/uploads\/2025\/02\/th.jpg\" \/>\n\t<meta property=\"og:image:width\" content=\"219\" \/>\n\t<meta property=\"og:image:height\" content=\"234\" \/>\n\t<meta property=\"og:image:type\" content=\"image\/jpeg\" \/>\n<meta name=\"twitter:card\" content=\"summary_large_image\" \/>\n<meta name=\"twitter:label1\" content=\"Est. reading time\" \/>\n\t<meta name=\"twitter:data1\" content=\"1 minute\" \/>\n<script type=\"application\/ld+json\" class=\"yoast-schema-graph\">{\"@context\":\"https:\/\/schema.org\",\"@graph\":[{\"@type\":\"WebPage\",\"@id\":\"https:\/\/www.gioielleriagrande.it\/prodotto\/156358\/\",\"url\":\"https:\/\/www.gioielleriagrande.it\/prodotto\/156358\/\",\"name\":\"Avenger B01 Chronograph 42 REF: SB01462A1L1X1 - Gioielleria Grande\",\"isPartOf\":{\"@id\":\"https:\/\/www.gioielleriagrande.it\/#website\"},\"primaryImageOfPage\":{\"@id\":\"https:\/\/www.gioielleriagrande.it\/prodotto\/156358\/#primaryimage\"},\"image\":{\"@id\":\"https:\/\/www.gioielleriagrande.it\/prodotto\/156358\/#primaryimage\"},\"thumbnailUrl\":\"https:\/\/www.gioielleriagrande.it\/wp-content\/uploads\/2025\/02\/th.jpg\",\"datePublished\":\"2025-02-22T12:43:23+00:00\",\"dateModified\":\"2025-11-22T16:31:53+00:00\",\"breadcrumb\":{\"@id\":\"https:\/\/www.gioielleriagrande.it\/prodotto\/156358\/#breadcrumb\"},\"inLanguage\":\"en-US\",\"potentialAction\":[{\"@type\":\"ReadAction\",\"target\":[\"https:\/\/www.gioielleriagrande.it\/prodotto\/156358\/\"]}]},{\"@type\":\"ImageObject\",\"inLanguage\":\"en-US\",\"@id\":\"https:\/\/www.gioielleriagrande.it\/prodotto\/156358\/#primaryimage\",\"url\":\"https:\/\/www.gioielleriagrande.it\/wp-content\/uploads\/2025\/02\/th.jpg\",\"contentUrl\":\"https:\/\/www.gioielleriagrande.it\/wp-content\/uploads\/2025\/02\/th.jpg\",\"width\":219,\"height\":234,\"caption\":\"th.jpg\"},{\"@type\":\"BreadcrumbList\",\"@id\":\"https:\/\/www.gioielleriagrande.it\/prodotto\/156358\/#breadcrumb\",\"itemListElement\":[{\"@type\":\"ListItem\",\"position\":1,\"name\":\"Home\",\"item\":\"https:\/\/www.gioielleriagrande.it\/\"},{\"@type\":\"ListItem\",\"position\":2,\"name\":\"Shop\",\"item\":\"https:\/\/www.gioielleriagrande.it\/negozio\/\"},{\"@type\":\"ListItem\",\"position\":3,\"name\":\"Avenger B01 Chronograph 42 REF: SB01462A1L1X1\"}]},{\"@type\":\"WebSite\",\"@id\":\"https:\/\/www.gioielleriagrande.it\/#website\",\"url\":\"https:\/\/www.gioielleriagrande.it\/\",\"name\":\"Gioielleria Grande\",\"description\":\"\",\"potentialAction\":[{\"@type\":\"SearchAction\",\"target\":{\"@type\":\"EntryPoint\",\"urlTemplate\":\"https:\/\/www.gioielleriagrande.it\/?s={search_term_string}\"},\"query-input\":{\"@type\":\"PropertyValueSpecification\",\"valueRequired\":true,\"valueName\":\"search_term_string\"}}],\"inLanguage\":\"en-US\"}]}<\/script>\n<!-- \/ Yoast SEO plugin. -->","yoast_head_json":{"title":"Avenger B01 Chronograph 42 REF: SB01462A1L1X1 - Gioielleria Grande","robots":{"index":"index","follow":"follow","max-snippet":"max-snippet:-1","max-image-preview":"max-image-preview:large","max-video-preview":"max-video-preview:-1"},"canonical":"https:\/\/www.gioielleriagrande.it\/prodotto\/156358\/","og_locale":"en_US","og_type":"article","og_title":"Avenger B01 Chronograph 42 REF: SB01462A1L1X1 - Gioielleria Grande","og_description":"Ideato per i piloti di jet, l\u2019Avenger \u00e8 progettato per affrontare le cabine di pilotaggio pi\u00f9 ardue, senza mai tirarsi indietro. Questa edizione \u00e8 dedicata alle Frecce Tricolori, la famosa pattuglia di volo acrobatica italiana che affascina il pubblico di tutto il mondo con le sue esibizioni Avenger B01 Chronograph 42 REF: SB01462A1L1X1 mozzafiato di abilit\u00e0 e precisione. Ma non serve essere un asso dell\u2019aviazione militare per apprezzarne l\u2019audace design, l\u2019eccezionale resilienza e la funzionalit\u00e0 sempre un passo avanti. Questa versione presenta un quadrante verde opaco ornato dall\u2019emblema delle Frecce Tricolori e un\u2019incisione dedicata che circonda il fondello a vista del Calibro di Manifattura Breitling 01. Si contraddistingue inoltre per una cassa in ceramica nera e una minuteria in titanio, corredate da un cinturino in pelle militare. Il tonneau a botte non sar\u00e0 forse per tutti, ma chiunque apprezzer\u00e0 ogni minimo dettaglio della sua impermeabilit\u00e0 fino a 300 m, la maneggevole funzionalit\u00e0 e la costruzione resistente alla corrosione.","og_url":"https:\/\/www.gioielleriagrande.it\/prodotto\/156358\/","og_site_name":"Gioielleria Grande","article_modified_time":"2025-11-22T16:31:53+00:00","og_image":[{"width":219,"height":234,"url":"https:\/\/www.gioielleriagrande.it\/wp-content\/uploads\/2025\/02\/th.jpg","type":"image\/jpeg"}],"twitter_card":"summary_large_image","twitter_misc":{"Est. reading time":"1 minute"},"schema":{"@context":"https:\/\/schema.org","@graph":[{"@type":"WebPage","@id":"https:\/\/www.gioielleriagrande.it\/prodotto\/156358\/","url":"https:\/\/www.gioielleriagrande.it\/prodotto\/156358\/","name":"Avenger B01 Chronograph 42 REF: SB01462A1L1X1 - Gioielleria Grande","isPartOf":{"@id":"https:\/\/www.gioielleriagrande.it\/#website"},"primaryImageOfPage":{"@id":"https:\/\/www.gioielleriagrande.it\/prodotto\/156358\/#primaryimage"},"image":{"@id":"https:\/\/www.gioielleriagrande.it\/prodotto\/156358\/#primaryimage"},"thumbnailUrl":"https:\/\/www.gioielleriagrande.it\/wp-content\/uploads\/2025\/02\/th.jpg","datePublished":"2025-02-22T12:43:23+00:00","dateModified":"2025-11-22T16:31:53+00:00","breadcrumb":{"@id":"https:\/\/www.gioielleriagrande.it\/prodotto\/156358\/#breadcrumb"},"inLanguage":"en-US","potentialAction":[{"@type":"ReadAction","target":["https:\/\/www.gioielleriagrande.it\/prodotto\/156358\/"]}]},{"@type":"ImageObject","inLanguage":"en-US","@id":"https:\/\/www.gioielleriagrande.it\/prodotto\/156358\/#primaryimage","url":"https:\/\/www.gioielleriagrande.it\/wp-content\/uploads\/2025\/02\/th.jpg","contentUrl":"https:\/\/www.gioielleriagrande.it\/wp-content\/uploads\/2025\/02\/th.jpg","width":219,"height":234,"caption":"th.jpg"},{"@type":"BreadcrumbList","@id":"https:\/\/www.gioielleriagrande.it\/prodotto\/156358\/#breadcrumb","itemListElement":[{"@type":"ListItem","position":1,"name":"Home","item":"https:\/\/www.gioielleriagrande.it\/"},{"@type":"ListItem","position":2,"name":"Shop","item":"https:\/\/www.gioielleriagrande.it\/negozio\/"},{"@type":"ListItem","position":3,"name":"Avenger B01 Chronograph 42 REF: SB01462A1L1X1"}]},{"@type":"WebSite","@id":"https:\/\/www.gioielleriagrande.it\/#website","url":"https:\/\/www.gioielleriagrande.it\/","name":"Gioielleria Grande","description":"","potentialAction":[{"@type":"SearchAction","target":{"@type":"EntryPoint","urlTemplate":"https:\/\/www.gioielleriagrande.it\/?s={search_term_string}"},"query-input":{"@type":"PropertyValueSpecification","valueRequired":true,"valueName":"search_term_string"}}],"inLanguage":"en-US"}]}},"_links":{"self":[{"href":"https:\/\/www.gioielleriagrande.it\/en\/wp-json\/wp\/v2\/product\/335703","targetHints":{"allow":["GET"]}}],"collection":[{"href":"https:\/\/www.gioielleriagrande.it\/en\/wp-json\/wp\/v2\/product"}],"about":[{"href":"https:\/\/www.gioielleriagrande.it\/en\/wp-json\/wp\/v2\/types\/product"}],"replies":[{"embeddable":true,"href":"https:\/\/www.gioielleriagrande.it\/en\/wp-json\/wp\/v2\/comments?post=335703"}],"wp:featuredmedia":[{"embeddable":true,"href":"https:\/\/www.gioielleriagrande.it\/en\/wp-json\/wp\/v2\/media\/333732"}],"wp:attachment":[{"href":"https:\/\/www.gioielleriagrande.it\/en\/wp-json\/wp\/v2\/media?parent=335703"}],"wp:term":[{"taxonomy":"product_brand","embeddable":true,"href":"https:\/\/www.gioielleriagrande.it\/en\/wp-json\/wp\/v2\/product_brand?post=335703"},{"taxonomy":"product_cat","embeddable":true,"href":"https:\/\/www.gioielleriagrande.it\/en\/wp-json\/wp\/v2\/product_cat?post=335703"},{"taxonomy":"product_tag","embeddable":true,"href":"https:\/\/www.gioielleriagrande.it\/en\/wp-json\/wp\/v2\/product_tag?post=335703"}],"curies":[{"name":"wp","href":"https:\/\/api.w.org\/{rel}","templated":true}]}}