{"id":335755,"date":"2025-02-22T13:45:26","date_gmt":"2025-02-22T12:45:26","guid":{"rendered":"https:\/\/www.gioielleriagrande.it\/prodotto\/156657\/"},"modified":"2025-12-09T19:02:58","modified_gmt":"2025-12-09T18:02:58","slug":"156657","status":"publish","type":"product","link":"https:\/\/www.gioielleriagrande.it\/en\/prodotto\/156657\/","title":{"rendered":"TISSOT PR516 CHRONOGRAPH 40 mm"},"content":{"rendered":"<p>Il cronografo al quarzo Tissot PR516: una versione contemporanea di un amato design del 1970. Questo orologio presenta un&#8217;elegante cassa in acciaio inossidabile da 40 mm e un quadrante dinamico, che incarna lo spirito di velocit\u00e0 e precisione. Dotato del movimento Quartz G10.212 Powerdrive, offre una precisione senza pari per uno stile di vita attivo. La lunetta \u00e8 dotata di un pratico tachimetro, mentre gli indici rivestiti in Super-LumiNova\u00ae\ufe0f garantiscono visibilit\u00e0 in tutte le condizioni. Il suo design versatile \u00e8 completato da un bracciale bombato in acciaio inossidabile con un sistema di intercambiabilit\u00e0 rapida, perfetto per il passaggio dalle riunioni di lavoro alle gite informali. Il cronografo al quarzo PR516 \u00e8 un classico moderno, che si fonde con la ricca eredit\u00e0 di Tissot.<\/p>\n<p>T149.417.11.041.00<br \/>\nDiametro:40 mm<br \/>\nCinturino intercambiabile a sgancio rapido<br \/>\nCassa in acciaio inossidabile 316L<br \/>\nFondello inciso<br \/>\nMovimento al quarzo svizzero<br \/>\nVetro zaffiro antigraffio con rivestimento antiriflesso<\/p>\n","protected":false},"excerpt":{"rendered":"<p>Il cronografo al quarzo Tissot PR516: una versione contemporanea di un amato design del 1970. Questo orologio presenta un&#8217;elegante cassa in acciaio inossidabile da 40 mm e un quadrante dinamico, che incarna lo spirito di velocit\u00e0 e precisione. Dotato del movimento Quartz G10.212 Powerdrive, offre una precisione senza pari per uno stile di vita attivo. La lunetta \u00e8 dotata di un pratico tachimetro, mentre gli indici rivestiti in Super-LumiNova\u00ae\ufe0f garantiscono visibilit\u00e0 in tutte le condizioni. Il suo design versatile \u00e8 completato da un bracciale bombato in acciaio inossidabile con un sistema di intercambiabilit\u00e0 rapida, perfetto per il passaggio dalle riunioni di lavoro alle gite informali. Il cronografo al quarzo PR516 \u00e8 un classico moderno, che si fonde con la ricca eredit\u00e0 di Tissot.<\/p>\n<p>T149.417.11.041.00<br \/>\nDiametro:40 mm<br \/>\nCinturino intercambiabile a sgancio rapido<br \/>\nCassa in acciaio inossidabile 316L<br \/>\nFondello inciso<br \/>\nMovimento al quarzo svizzero<br \/>\nVetro zaffiro antigraffio con rivestimento antiriflesso<\/p>\n","protected":false},"featured_media":333207,"comment_status":"open","ping_status":"closed","template":"","meta":[],"product_brand":[],"product_cat":[3309],"product_tag":[],"class_list":{"0":"post-335755","1":"product","2":"type-product","3":"status-publish","4":"has-post-thumbnail","6":"brand-5112","7":"shops-3355","8":"shop_area-3357","10":"first","11":"instock","12":"taxable","13":"shipping-taxable","14":"purchasable","15":"product-type-simple"},"yoast_head":"<!-- This site is optimized with the Yoast SEO plugin v25.3 - https:\/\/yoast.com\/wordpress\/plugins\/seo\/ -->\n<title>TISSOT PR516 CHRONOGRAPH 40 mm - Gioielleria Grande<\/title>\n<meta name=\"robots\" content=\"index, follow, max-snippet:-1, max-image-preview:large, max-video-preview:-1\" \/>\n<link rel=\"canonical\" href=\"https:\/\/www.gioielleriagrande.it\/prodotto\/156657\/\" \/>\n<meta property=\"og:locale\" content=\"en_US\" \/>\n<meta property=\"og:type\" content=\"article\" \/>\n<meta property=\"og:title\" content=\"TISSOT PR516 CHRONOGRAPH 40 mm - Gioielleria Grande\" \/>\n<meta property=\"og:description\" content=\"Il cronografo al quarzo Tissot PR516: una versione contemporanea di un amato design del 1970. Questo orologio presenta un&#039;elegante cassa in acciaio inossidabile da 40 mm e un quadrante dinamico, che incarna lo spirito di velocit\u00e0 e precisione. Dotato del movimento Quartz G10.212 Powerdrive, offre una precisione senza pari per uno stile di vita attivo. La lunetta \u00e8 dotata di un pratico tachimetro, mentre gli indici rivestiti in Super-LumiNova\u00ae\ufe0f garantiscono visibilit\u00e0 in tutte le condizioni. Il suo design versatile \u00e8 completato da un bracciale bombato in acciaio inossidabile con un sistema di intercambiabilit\u00e0 rapida, perfetto per il passaggio dalle riunioni di lavoro alle gite informali. Il cronografo al quarzo PR516 \u00e8 un classico moderno, che si fonde con la ricca eredit\u00e0 di Tissot. T149.417.11.041.00 Diametro:40 mm Cinturino intercambiabile a sgancio rapido Cassa in acciaio inossidabile 316L Fondello inciso Movimento al quarzo svizzero Vetro zaffiro antigraffio con rivestimento antiriflesso\" \/>\n<meta property=\"og:url\" content=\"https:\/\/www.gioielleriagrande.it\/prodotto\/156657\/\" \/>\n<meta property=\"og:site_name\" content=\"Gioielleria Grande\" \/>\n<meta property=\"article:modified_time\" content=\"2025-12-09T18:02:58+00:00\" \/>\n<meta property=\"og:image\" content=\"https:\/\/www.gioielleriagrande.it\/wp-content\/uploads\/2025\/02\/35118-ef1-Orologio-Tissot-PR516-Chronograph-Blu.jpg\" \/>\n\t<meta property=\"og:image:width\" content=\"1000\" \/>\n\t<meta property=\"og:image:height\" content=\"1000\" \/>\n\t<meta property=\"og:image:type\" content=\"image\/jpeg\" \/>\n<meta name=\"twitter:card\" content=\"summary_large_image\" \/>\n<meta name=\"twitter:label1\" content=\"Est. reading time\" \/>\n\t<meta name=\"twitter:data1\" content=\"1 minute\" \/>\n<script type=\"application\/ld+json\" class=\"yoast-schema-graph\">{\"@context\":\"https:\/\/schema.org\",\"@graph\":[{\"@type\":\"WebPage\",\"@id\":\"https:\/\/www.gioielleriagrande.it\/prodotto\/156657\/\",\"url\":\"https:\/\/www.gioielleriagrande.it\/prodotto\/156657\/\",\"name\":\"TISSOT PR516 CHRONOGRAPH 40 mm - Gioielleria Grande\",\"isPartOf\":{\"@id\":\"https:\/\/www.gioielleriagrande.it\/#website\"},\"primaryImageOfPage\":{\"@id\":\"https:\/\/www.gioielleriagrande.it\/prodotto\/156657\/#primaryimage\"},\"image\":{\"@id\":\"https:\/\/www.gioielleriagrande.it\/prodotto\/156657\/#primaryimage\"},\"thumbnailUrl\":\"https:\/\/www.gioielleriagrande.it\/wp-content\/uploads\/2025\/02\/35118-ef1-Orologio-Tissot-PR516-Chronograph-Blu.jpg\",\"datePublished\":\"2025-02-22T12:45:26+00:00\",\"dateModified\":\"2025-12-09T18:02:58+00:00\",\"breadcrumb\":{\"@id\":\"https:\/\/www.gioielleriagrande.it\/prodotto\/156657\/#breadcrumb\"},\"inLanguage\":\"en-US\",\"potentialAction\":[{\"@type\":\"ReadAction\",\"target\":[\"https:\/\/www.gioielleriagrande.it\/prodotto\/156657\/\"]}]},{\"@type\":\"ImageObject\",\"inLanguage\":\"en-US\",\"@id\":\"https:\/\/www.gioielleriagrande.it\/prodotto\/156657\/#primaryimage\",\"url\":\"https:\/\/www.gioielleriagrande.it\/wp-content\/uploads\/2025\/02\/35118-ef1-Orologio-Tissot-PR516-Chronograph-Blu.jpg\",\"contentUrl\":\"https:\/\/www.gioielleriagrande.it\/wp-content\/uploads\/2025\/02\/35118-ef1-Orologio-Tissot-PR516-Chronograph-Blu.jpg\",\"width\":1000,\"height\":1000,\"caption\":\"35118-ef1-Orologio-Tissot-PR516-Chronograph-Blu.jpg\"},{\"@type\":\"BreadcrumbList\",\"@id\":\"https:\/\/www.gioielleriagrande.it\/prodotto\/156657\/#breadcrumb\",\"itemListElement\":[{\"@type\":\"ListItem\",\"position\":1,\"name\":\"Home\",\"item\":\"https:\/\/www.gioielleriagrande.it\/\"},{\"@type\":\"ListItem\",\"position\":2,\"name\":\"Shop\",\"item\":\"https:\/\/www.gioielleriagrande.it\/negozio\/\"},{\"@type\":\"ListItem\",\"position\":3,\"name\":\"TISSOT PR516 CHRONOGRAPH 40 mm\"}]},{\"@type\":\"WebSite\",\"@id\":\"https:\/\/www.gioielleriagrande.it\/#website\",\"url\":\"https:\/\/www.gioielleriagrande.it\/\",\"name\":\"Gioielleria Grande\",\"description\":\"\",\"potentialAction\":[{\"@type\":\"SearchAction\",\"target\":{\"@type\":\"EntryPoint\",\"urlTemplate\":\"https:\/\/www.gioielleriagrande.it\/?s={search_term_string}\"},\"query-input\":{\"@type\":\"PropertyValueSpecification\",\"valueRequired\":true,\"valueName\":\"search_term_string\"}}],\"inLanguage\":\"en-US\"}]}<\/script>\n<!-- \/ Yoast SEO plugin. -->","yoast_head_json":{"title":"TISSOT PR516 CHRONOGRAPH 40 mm - Gioielleria Grande","robots":{"index":"index","follow":"follow","max-snippet":"max-snippet:-1","max-image-preview":"max-image-preview:large","max-video-preview":"max-video-preview:-1"},"canonical":"https:\/\/www.gioielleriagrande.it\/prodotto\/156657\/","og_locale":"en_US","og_type":"article","og_title":"TISSOT PR516 CHRONOGRAPH 40 mm - Gioielleria Grande","og_description":"Il cronografo al quarzo Tissot PR516: una versione contemporanea di un amato design del 1970. Questo orologio presenta un'elegante cassa in acciaio inossidabile da 40 mm e un quadrante dinamico, che incarna lo spirito di velocit\u00e0 e precisione. Dotato del movimento Quartz G10.212 Powerdrive, offre una precisione senza pari per uno stile di vita attivo. La lunetta \u00e8 dotata di un pratico tachimetro, mentre gli indici rivestiti in Super-LumiNova\u00ae\ufe0f garantiscono visibilit\u00e0 in tutte le condizioni. Il suo design versatile \u00e8 completato da un bracciale bombato in acciaio inossidabile con un sistema di intercambiabilit\u00e0 rapida, perfetto per il passaggio dalle riunioni di lavoro alle gite informali. Il cronografo al quarzo PR516 \u00e8 un classico moderno, che si fonde con la ricca eredit\u00e0 di Tissot. T149.417.11.041.00 Diametro:40 mm Cinturino intercambiabile a sgancio rapido Cassa in acciaio inossidabile 316L Fondello inciso Movimento al quarzo svizzero Vetro zaffiro antigraffio con rivestimento antiriflesso","og_url":"https:\/\/www.gioielleriagrande.it\/prodotto\/156657\/","og_site_name":"Gioielleria Grande","article_modified_time":"2025-12-09T18:02:58+00:00","og_image":[{"width":1000,"height":1000,"url":"https:\/\/www.gioielleriagrande.it\/wp-content\/uploads\/2025\/02\/35118-ef1-Orologio-Tissot-PR516-Chronograph-Blu.jpg","type":"image\/jpeg"}],"twitter_card":"summary_large_image","twitter_misc":{"Est. reading time":"1 minute"},"schema":{"@context":"https:\/\/schema.org","@graph":[{"@type":"WebPage","@id":"https:\/\/www.gioielleriagrande.it\/prodotto\/156657\/","url":"https:\/\/www.gioielleriagrande.it\/prodotto\/156657\/","name":"TISSOT PR516 CHRONOGRAPH 40 mm - Gioielleria Grande","isPartOf":{"@id":"https:\/\/www.gioielleriagrande.it\/#website"},"primaryImageOfPage":{"@id":"https:\/\/www.gioielleriagrande.it\/prodotto\/156657\/#primaryimage"},"image":{"@id":"https:\/\/www.gioielleriagrande.it\/prodotto\/156657\/#primaryimage"},"thumbnailUrl":"https:\/\/www.gioielleriagrande.it\/wp-content\/uploads\/2025\/02\/35118-ef1-Orologio-Tissot-PR516-Chronograph-Blu.jpg","datePublished":"2025-02-22T12:45:26+00:00","dateModified":"2025-12-09T18:02:58+00:00","breadcrumb":{"@id":"https:\/\/www.gioielleriagrande.it\/prodotto\/156657\/#breadcrumb"},"inLanguage":"en-US","potentialAction":[{"@type":"ReadAction","target":["https:\/\/www.gioielleriagrande.it\/prodotto\/156657\/"]}]},{"@type":"ImageObject","inLanguage":"en-US","@id":"https:\/\/www.gioielleriagrande.it\/prodotto\/156657\/#primaryimage","url":"https:\/\/www.gioielleriagrande.it\/wp-content\/uploads\/2025\/02\/35118-ef1-Orologio-Tissot-PR516-Chronograph-Blu.jpg","contentUrl":"https:\/\/www.gioielleriagrande.it\/wp-content\/uploads\/2025\/02\/35118-ef1-Orologio-Tissot-PR516-Chronograph-Blu.jpg","width":1000,"height":1000,"caption":"35118-ef1-Orologio-Tissot-PR516-Chronograph-Blu.jpg"},{"@type":"BreadcrumbList","@id":"https:\/\/www.gioielleriagrande.it\/prodotto\/156657\/#breadcrumb","itemListElement":[{"@type":"ListItem","position":1,"name":"Home","item":"https:\/\/www.gioielleriagrande.it\/"},{"@type":"ListItem","position":2,"name":"Shop","item":"https:\/\/www.gioielleriagrande.it\/negozio\/"},{"@type":"ListItem","position":3,"name":"TISSOT PR516 CHRONOGRAPH 40 mm"}]},{"@type":"WebSite","@id":"https:\/\/www.gioielleriagrande.it\/#website","url":"https:\/\/www.gioielleriagrande.it\/","name":"Gioielleria Grande","description":"","potentialAction":[{"@type":"SearchAction","target":{"@type":"EntryPoint","urlTemplate":"https:\/\/www.gioielleriagrande.it\/?s={search_term_string}"},"query-input":{"@type":"PropertyValueSpecification","valueRequired":true,"valueName":"search_term_string"}}],"inLanguage":"en-US"}]}},"_links":{"self":[{"href":"https:\/\/www.gioielleriagrande.it\/en\/wp-json\/wp\/v2\/product\/335755","targetHints":{"allow":["GET"]}}],"collection":[{"href":"https:\/\/www.gioielleriagrande.it\/en\/wp-json\/wp\/v2\/product"}],"about":[{"href":"https:\/\/www.gioielleriagrande.it\/en\/wp-json\/wp\/v2\/types\/product"}],"replies":[{"embeddable":true,"href":"https:\/\/www.gioielleriagrande.it\/en\/wp-json\/wp\/v2\/comments?post=335755"}],"wp:featuredmedia":[{"embeddable":true,"href":"https:\/\/www.gioielleriagrande.it\/en\/wp-json\/wp\/v2\/media\/333207"}],"wp:attachment":[{"href":"https:\/\/www.gioielleriagrande.it\/en\/wp-json\/wp\/v2\/media?parent=335755"}],"wp:term":[{"taxonomy":"product_brand","embeddable":true,"href":"https:\/\/www.gioielleriagrande.it\/en\/wp-json\/wp\/v2\/product_brand?post=335755"},{"taxonomy":"product_cat","embeddable":true,"href":"https:\/\/www.gioielleriagrande.it\/en\/wp-json\/wp\/v2\/product_cat?post=335755"},{"taxonomy":"product_tag","embeddable":true,"href":"https:\/\/www.gioielleriagrande.it\/en\/wp-json\/wp\/v2\/product_tag?post=335755"}],"curies":[{"name":"wp","href":"https:\/\/api.w.org\/{rel}","templated":true}]}}