{"id":335763,"date":"2025-02-22T13:45:39","date_gmt":"2025-02-22T12:45:39","guid":{"rendered":"https:\/\/www.gioielleriagrande.it\/prodotto\/156757\/"},"modified":"2025-11-22T17:35:39","modified_gmt":"2025-11-22T16:35:39","slug":"156757","status":"publish","type":"product","link":"https:\/\/www.gioielleriagrande.it\/en\/prodotto\/156757\/","title":{"rendered":"PILOT\u2019S WATCH CHRONOGRAPH 41\nREF: IW388111"},"content":{"rendered":"<p>Dal 1994, i cronografi sono un pilastro della collezione Pilot\u2019s Watches di IWC. Non solo la configurazione del quadrante con diversi contatori enfatizza l\u2019inconfondibile look da strumentazione, ma la funzione cronografica meccanica offre applicazioni potenzialmente illimitate nella vita di tutti i giorni. Il Pilot\u2019s Watch Chronograph 41 con cassa ergonomica da 41 mm \u00e8 alimentato dal calibro 69385 di manifattura IWC. Preciso e resistente, il movimento cronografico con ruota a colonne \u00e8 visibile attraverso il fondello in vetro zaffiro. Questo modello in acciaio presenta un quadrante nero, lancette rodiate e cinturino in pelle di vitello nera. Il sistema integrato EasX-CHANGE\u00ae permette di cambiare rapidamente il cinturino. Sono disponibili cinturini in pelle di vitello o caucci\u00f9 in diversi colori, e bracciali in acciaio di alta qualit\u00e0 con raffinato meccanismo di chiusura. Abbinata alla cassa impermeabile a 10 bar, la versatilit\u00e0 di questo modello lo rende il compagno perfetto per ogni avventura, non solo ad alta quota.<\/p>\n","protected":false},"excerpt":{"rendered":"<p>Dal 1994, i cronografi sono un pilastro della collezione Pilot\u2019s Watches di IWC. Non solo la configurazione del quadrante con diversi contatori enfatizza l\u2019inconfondibile look da strumentazione, ma la funzione cronografica meccanica offre applicazioni potenzialmente illimitate nella vita di tutti i giorni. Il Pilot\u2019s Watch Chronograph 41 con cassa ergonomica da 41 mm \u00e8 alimentato dal calibro 69385 di manifattura IWC. Preciso e resistente, il movimento cronografico con ruota a colonne \u00e8 visibile attraverso il fondello in vetro zaffiro. Questo modello in acciaio presenta un quadrante nero, lancette rodiate e cinturino in pelle di vitello nera. Il sistema integrato EasX-CHANGE\u00ae permette di cambiare rapidamente il cinturino. Sono disponibili cinturini in pelle di vitello o caucci\u00f9 in diversi colori, e bracciali in acciaio di alta qualit\u00e0 con raffinato meccanismo di chiusura. Abbinata alla cassa impermeabile a 10 bar, la versatilit\u00e0 di questo modello lo rende il compagno perfetto per ogni avventura, non solo ad alta quota.<\/p>\n","protected":false},"featured_media":333237,"comment_status":"open","ping_status":"closed","template":"","meta":[],"product_brand":[],"product_cat":[3309],"product_tag":[],"class_list":{"0":"post-335763","1":"product","2":"type-product","3":"status-publish","4":"has-post-thumbnail","6":"brand-5436","7":"shops-3355","8":"shop_area-3357","10":"first","11":"instock","12":"taxable","13":"shipping-taxable","14":"purchasable","15":"product-type-simple"},"yoast_head":"<!-- This site is optimized with the Yoast SEO plugin v25.3 - https:\/\/yoast.com\/wordpress\/plugins\/seo\/ -->\n<title>PILOT\u2019S WATCH CHRONOGRAPH 41 REF: IW388111 - Gioielleria Grande<\/title>\n<meta name=\"robots\" content=\"index, follow, max-snippet:-1, max-image-preview:large, max-video-preview:-1\" \/>\n<link rel=\"canonical\" href=\"https:\/\/www.gioielleriagrande.it\/prodotto\/156757\/\" \/>\n<meta property=\"og:locale\" content=\"en_US\" \/>\n<meta property=\"og:type\" content=\"article\" \/>\n<meta property=\"og:title\" content=\"PILOT\u2019S WATCH CHRONOGRAPH 41 REF: IW388111 - Gioielleria Grande\" \/>\n<meta property=\"og:description\" content=\"Dal 1994, i cronografi sono un pilastro della collezione Pilot\u2019s Watches di IWC. Non solo la configurazione del quadrante con diversi contatori enfatizza l\u2019inconfondibile look da strumentazione, ma la funzione cronografica meccanica offre applicazioni potenzialmente illimitate nella vita di tutti i giorni. Il Pilot\u2019s Watch Chronograph 41 con cassa ergonomica da 41 mm \u00e8 alimentato dal calibro 69385 di manifattura IWC. Preciso e resistente, il movimento cronografico con ruota a colonne \u00e8 visibile attraverso il fondello in vetro zaffiro. Questo modello in acciaio presenta un quadrante nero, lancette rodiate e cinturino in pelle di vitello nera. Il sistema integrato EasX-CHANGE\u00ae permette di cambiare rapidamente il cinturino. Sono disponibili cinturini in pelle di vitello o caucci\u00f9 in diversi colori, e bracciali in acciaio di alta qualit\u00e0 con raffinato meccanismo di chiusura. Abbinata alla cassa impermeabile a 10 bar, la versatilit\u00e0 di questo modello lo rende il compagno perfetto per ogni avventura, non solo ad alta quota.\" \/>\n<meta property=\"og:url\" content=\"https:\/\/www.gioielleriagrande.it\/prodotto\/156757\/\" \/>\n<meta property=\"og:site_name\" content=\"Gioielleria Grande\" \/>\n<meta property=\"article:modified_time\" content=\"2025-11-22T16:35:39+00:00\" \/>\n<meta property=\"og:image\" content=\"https:\/\/www.gioielleriagrande.it\/wp-content\/uploads\/2025\/02\/iwc_iw388111_1.webp\" \/>\n\t<meta property=\"og:image:width\" content=\"1500\" \/>\n\t<meta property=\"og:image:height\" content=\"1500\" \/>\n\t<meta property=\"og:image:type\" content=\"image\/webp\" \/>\n<meta name=\"twitter:card\" content=\"summary_large_image\" \/>\n<meta name=\"twitter:label1\" content=\"Est. reading time\" \/>\n\t<meta name=\"twitter:data1\" content=\"1 minute\" \/>\n<script type=\"application\/ld+json\" class=\"yoast-schema-graph\">{\"@context\":\"https:\/\/schema.org\",\"@graph\":[{\"@type\":\"WebPage\",\"@id\":\"https:\/\/www.gioielleriagrande.it\/prodotto\/156757\/\",\"url\":\"https:\/\/www.gioielleriagrande.it\/prodotto\/156757\/\",\"name\":\"PILOT\u2019S WATCH CHRONOGRAPH 41 REF: IW388111 - Gioielleria Grande\",\"isPartOf\":{\"@id\":\"https:\/\/www.gioielleriagrande.it\/#website\"},\"primaryImageOfPage\":{\"@id\":\"https:\/\/www.gioielleriagrande.it\/prodotto\/156757\/#primaryimage\"},\"image\":{\"@id\":\"https:\/\/www.gioielleriagrande.it\/prodotto\/156757\/#primaryimage\"},\"thumbnailUrl\":\"https:\/\/www.gioielleriagrande.it\/wp-content\/uploads\/2025\/02\/iwc_iw388111_1.webp\",\"datePublished\":\"2025-02-22T12:45:39+00:00\",\"dateModified\":\"2025-11-22T16:35:39+00:00\",\"breadcrumb\":{\"@id\":\"https:\/\/www.gioielleriagrande.it\/prodotto\/156757\/#breadcrumb\"},\"inLanguage\":\"en-US\",\"potentialAction\":[{\"@type\":\"ReadAction\",\"target\":[\"https:\/\/www.gioielleriagrande.it\/prodotto\/156757\/\"]}]},{\"@type\":\"ImageObject\",\"inLanguage\":\"en-US\",\"@id\":\"https:\/\/www.gioielleriagrande.it\/prodotto\/156757\/#primaryimage\",\"url\":\"https:\/\/www.gioielleriagrande.it\/wp-content\/uploads\/2025\/02\/iwc_iw388111_1.webp\",\"contentUrl\":\"https:\/\/www.gioielleriagrande.it\/wp-content\/uploads\/2025\/02\/iwc_iw388111_1.webp\",\"width\":1500,\"height\":1500,\"caption\":\"iwc_iw388111_1.JPG\"},{\"@type\":\"BreadcrumbList\",\"@id\":\"https:\/\/www.gioielleriagrande.it\/prodotto\/156757\/#breadcrumb\",\"itemListElement\":[{\"@type\":\"ListItem\",\"position\":1,\"name\":\"Home\",\"item\":\"https:\/\/www.gioielleriagrande.it\/\"},{\"@type\":\"ListItem\",\"position\":2,\"name\":\"Shop\",\"item\":\"https:\/\/www.gioielleriagrande.it\/negozio\/\"},{\"@type\":\"ListItem\",\"position\":3,\"name\":\"PILOT\u2019S WATCH CHRONOGRAPH 41 REF: IW388111\"}]},{\"@type\":\"WebSite\",\"@id\":\"https:\/\/www.gioielleriagrande.it\/#website\",\"url\":\"https:\/\/www.gioielleriagrande.it\/\",\"name\":\"Gioielleria Grande\",\"description\":\"\",\"potentialAction\":[{\"@type\":\"SearchAction\",\"target\":{\"@type\":\"EntryPoint\",\"urlTemplate\":\"https:\/\/www.gioielleriagrande.it\/?s={search_term_string}\"},\"query-input\":{\"@type\":\"PropertyValueSpecification\",\"valueRequired\":true,\"valueName\":\"search_term_string\"}}],\"inLanguage\":\"en-US\"}]}<\/script>\n<!-- \/ Yoast SEO plugin. -->","yoast_head_json":{"title":"PILOT\u2019S WATCH CHRONOGRAPH 41 REF: IW388111 - Gioielleria Grande","robots":{"index":"index","follow":"follow","max-snippet":"max-snippet:-1","max-image-preview":"max-image-preview:large","max-video-preview":"max-video-preview:-1"},"canonical":"https:\/\/www.gioielleriagrande.it\/prodotto\/156757\/","og_locale":"en_US","og_type":"article","og_title":"PILOT\u2019S WATCH CHRONOGRAPH 41 REF: IW388111 - Gioielleria Grande","og_description":"Dal 1994, i cronografi sono un pilastro della collezione Pilot\u2019s Watches di IWC. Non solo la configurazione del quadrante con diversi contatori enfatizza l\u2019inconfondibile look da strumentazione, ma la funzione cronografica meccanica offre applicazioni potenzialmente illimitate nella vita di tutti i giorni. Il Pilot\u2019s Watch Chronograph 41 con cassa ergonomica da 41 mm \u00e8 alimentato dal calibro 69385 di manifattura IWC. Preciso e resistente, il movimento cronografico con ruota a colonne \u00e8 visibile attraverso il fondello in vetro zaffiro. Questo modello in acciaio presenta un quadrante nero, lancette rodiate e cinturino in pelle di vitello nera. Il sistema integrato EasX-CHANGE\u00ae permette di cambiare rapidamente il cinturino. Sono disponibili cinturini in pelle di vitello o caucci\u00f9 in diversi colori, e bracciali in acciaio di alta qualit\u00e0 con raffinato meccanismo di chiusura. Abbinata alla cassa impermeabile a 10 bar, la versatilit\u00e0 di questo modello lo rende il compagno perfetto per ogni avventura, non solo ad alta quota.","og_url":"https:\/\/www.gioielleriagrande.it\/prodotto\/156757\/","og_site_name":"Gioielleria Grande","article_modified_time":"2025-11-22T16:35:39+00:00","og_image":[{"width":1500,"height":1500,"url":"https:\/\/www.gioielleriagrande.it\/wp-content\/uploads\/2025\/02\/iwc_iw388111_1.webp","type":"image\/webp"}],"twitter_card":"summary_large_image","twitter_misc":{"Est. reading time":"1 minute"},"schema":{"@context":"https:\/\/schema.org","@graph":[{"@type":"WebPage","@id":"https:\/\/www.gioielleriagrande.it\/prodotto\/156757\/","url":"https:\/\/www.gioielleriagrande.it\/prodotto\/156757\/","name":"PILOT\u2019S WATCH CHRONOGRAPH 41 REF: IW388111 - Gioielleria Grande","isPartOf":{"@id":"https:\/\/www.gioielleriagrande.it\/#website"},"primaryImageOfPage":{"@id":"https:\/\/www.gioielleriagrande.it\/prodotto\/156757\/#primaryimage"},"image":{"@id":"https:\/\/www.gioielleriagrande.it\/prodotto\/156757\/#primaryimage"},"thumbnailUrl":"https:\/\/www.gioielleriagrande.it\/wp-content\/uploads\/2025\/02\/iwc_iw388111_1.webp","datePublished":"2025-02-22T12:45:39+00:00","dateModified":"2025-11-22T16:35:39+00:00","breadcrumb":{"@id":"https:\/\/www.gioielleriagrande.it\/prodotto\/156757\/#breadcrumb"},"inLanguage":"en-US","potentialAction":[{"@type":"ReadAction","target":["https:\/\/www.gioielleriagrande.it\/prodotto\/156757\/"]}]},{"@type":"ImageObject","inLanguage":"en-US","@id":"https:\/\/www.gioielleriagrande.it\/prodotto\/156757\/#primaryimage","url":"https:\/\/www.gioielleriagrande.it\/wp-content\/uploads\/2025\/02\/iwc_iw388111_1.webp","contentUrl":"https:\/\/www.gioielleriagrande.it\/wp-content\/uploads\/2025\/02\/iwc_iw388111_1.webp","width":1500,"height":1500,"caption":"iwc_iw388111_1.JPG"},{"@type":"BreadcrumbList","@id":"https:\/\/www.gioielleriagrande.it\/prodotto\/156757\/#breadcrumb","itemListElement":[{"@type":"ListItem","position":1,"name":"Home","item":"https:\/\/www.gioielleriagrande.it\/"},{"@type":"ListItem","position":2,"name":"Shop","item":"https:\/\/www.gioielleriagrande.it\/negozio\/"},{"@type":"ListItem","position":3,"name":"PILOT\u2019S WATCH CHRONOGRAPH 41 REF: IW388111"}]},{"@type":"WebSite","@id":"https:\/\/www.gioielleriagrande.it\/#website","url":"https:\/\/www.gioielleriagrande.it\/","name":"Gioielleria Grande","description":"","potentialAction":[{"@type":"SearchAction","target":{"@type":"EntryPoint","urlTemplate":"https:\/\/www.gioielleriagrande.it\/?s={search_term_string}"},"query-input":{"@type":"PropertyValueSpecification","valueRequired":true,"valueName":"search_term_string"}}],"inLanguage":"en-US"}]}},"_links":{"self":[{"href":"https:\/\/www.gioielleriagrande.it\/en\/wp-json\/wp\/v2\/product\/335763","targetHints":{"allow":["GET"]}}],"collection":[{"href":"https:\/\/www.gioielleriagrande.it\/en\/wp-json\/wp\/v2\/product"}],"about":[{"href":"https:\/\/www.gioielleriagrande.it\/en\/wp-json\/wp\/v2\/types\/product"}],"replies":[{"embeddable":true,"href":"https:\/\/www.gioielleriagrande.it\/en\/wp-json\/wp\/v2\/comments?post=335763"}],"wp:featuredmedia":[{"embeddable":true,"href":"https:\/\/www.gioielleriagrande.it\/en\/wp-json\/wp\/v2\/media\/333237"}],"wp:attachment":[{"href":"https:\/\/www.gioielleriagrande.it\/en\/wp-json\/wp\/v2\/media?parent=335763"}],"wp:term":[{"taxonomy":"product_brand","embeddable":true,"href":"https:\/\/www.gioielleriagrande.it\/en\/wp-json\/wp\/v2\/product_brand?post=335763"},{"taxonomy":"product_cat","embeddable":true,"href":"https:\/\/www.gioielleriagrande.it\/en\/wp-json\/wp\/v2\/product_cat?post=335763"},{"taxonomy":"product_tag","embeddable":true,"href":"https:\/\/www.gioielleriagrande.it\/en\/wp-json\/wp\/v2\/product_tag?post=335763"}],"curies":[{"name":"wp","href":"https:\/\/api.w.org\/{rel}","templated":true}]}}