{"id":335765,"date":"2025-02-22T13:45:42","date_gmt":"2025-02-22T12:45:42","guid":{"rendered":"https:\/\/www.gioielleriagrande.it\/prodotto\/156769\/"},"modified":"2026-01-15T11:52:14","modified_gmt":"2026-01-15T10:52:14","slug":"156769","status":"publish","type":"product","link":"https:\/\/www.gioielleriagrande.it\/en\/prodotto\/156769\/","title":{"rendered":"TAG HEUER AQUARACER\nPROFESSIONAL 300 GMT\nAutomatico, 42 mm, Acciaio\nWBP5114.BA0013"},"content":{"rendered":"<p>COMPRENDERE LA FUNZIONE TAG HEUER AQUARACER GMT<br \/>\nL&#8217;orologio presenta una distintiva lancetta GMT azzurra che compie una rotazione completa ogni 24 ore, seguendo la scala da 24 ore sulla lunetta bidirezionale. Questa funzione garantisce di consultare facilmente un secondo fuso orario direttamente sul tuo polso. Il design della lunetta \u00e8 caratterizzato da due colori per distinguere il giorno e la notte: una met\u00e0 \u00e8 di un audace nero che si abbina alla lunetta e indica le ore notturne dalle 18:00 alle 6:00, mentre l&#8217;altra met\u00e0 \u00e8 di un blu vivace per rappresentare le ore diurne dalle 6:00 alle 18:00.Il quadrante blu intenso spazzolato con effetto &#8220;soleil&#8221; di ispirazione oceanica presenta lancette e indici riempiti di Super-LumiNova\u00ae brillante e una speciale lancetta GMT azzurra.La cassa in acciaio racchiude un&#8217;esclusiva lunetta in ceramica nera e blu con una scala da 24 ore, che offre un design ergonomico e una sensazione decisamente tattile durante la rotazione.Animato dal movimento Calibre TH31-03 certificato COSC con 80 ore di riserva di carica, questo orologio subacqueo integra una funzione GMT per controllare l&#8217;ora anche in mare aperto.<\/p>\n","protected":false},"excerpt":{"rendered":"<p>COMPRENDERE LA FUNZIONE TAG HEUER AQUARACER GMT<br \/>\nL&#8217;orologio presenta una distintiva lancetta GMT azzurra che compie una rotazione completa ogni 24 ore, seguendo la scala da 24 ore sulla lunetta bidirezionale. Questa funzione garantisce di consultare facilmente un secondo fuso orario direttamente sul tuo polso. Il design della lunetta \u00e8 caratterizzato da due colori per distinguere il giorno e la notte: una met\u00e0 \u00e8 di un audace nero che si abbina alla lunetta e indica le ore notturne dalle 18:00 alle 6:00, mentre l&#8217;altra met\u00e0 \u00e8 di un blu vivace per rappresentare le ore diurne dalle 6:00 alle 18:00.Il quadrante blu intenso spazzolato con effetto &#8220;soleil&#8221; di ispirazione oceanica presenta lancette e indici riempiti di Super-LumiNova\u00ae brillante e una speciale lancetta GMT azzurra.La cassa in acciaio racchiude un&#8217;esclusiva lunetta in ceramica nera e blu con una scala da 24 ore, che offre un design ergonomico e una sensazione decisamente tattile durante la rotazione.Animato dal movimento Calibre TH31-03 certificato COSC con 80 ore di riserva di carica, questo orologio subacqueo integra una funzione GMT per controllare l&#8217;ora anche in mare aperto.<\/p>\n","protected":false},"featured_media":333298,"comment_status":"open","ping_status":"closed","template":"","meta":[],"product_brand":[],"product_cat":[3309],"product_tag":[],"class_list":{"0":"post-335765","1":"product","2":"type-product","3":"status-publish","4":"has-post-thumbnail","6":"brand-5111","7":"line-3668","8":"shops-3355","9":"shop_area-3357","11":"first","12":"instock","13":"taxable","14":"shipping-taxable","15":"purchasable","16":"product-type-simple"},"yoast_head":"<!-- This site is optimized with the Yoast SEO plugin v25.3 - https:\/\/yoast.com\/wordpress\/plugins\/seo\/ -->\n<title>TAG HEUER AQUARACER PROFESSIONAL 300 GMT Automatico, 42 mm, Acciaio WBP5114.BA0013 - Gioielleria Grande<\/title>\n<meta name=\"robots\" content=\"index, follow, max-snippet:-1, max-image-preview:large, max-video-preview:-1\" \/>\n<link rel=\"canonical\" href=\"https:\/\/www.gioielleriagrande.it\/prodotto\/156769\/\" \/>\n<meta property=\"og:locale\" content=\"en_US\" \/>\n<meta property=\"og:type\" content=\"article\" \/>\n<meta property=\"og:title\" content=\"TAG HEUER AQUARACER PROFESSIONAL 300 GMT Automatico, 42 mm, Acciaio WBP5114.BA0013 - Gioielleria Grande\" \/>\n<meta property=\"og:description\" content=\"COMPRENDERE LA FUNZIONE TAG HEUER AQUARACER GMT L&#039;orologio presenta una distintiva lancetta GMT azzurra che compie una rotazione completa ogni 24 ore, seguendo la scala da 24 ore sulla lunetta bidirezionale. Questa funzione garantisce di consultare facilmente un secondo fuso orario direttamente sul tuo polso. Il design della lunetta \u00e8 caratterizzato da due colori per distinguere il giorno e la notte: una met\u00e0 \u00e8 di un audace nero che si abbina alla lunetta e indica le ore notturne dalle 18:00 alle 6:00, mentre l&#039;altra met\u00e0 \u00e8 di un blu vivace per rappresentare le ore diurne dalle 6:00 alle 18:00.Il quadrante blu intenso spazzolato con effetto &quot;soleil&quot; di ispirazione oceanica presenta lancette e indici riempiti di Super-LumiNova\u00ae brillante e una speciale lancetta GMT azzurra.La cassa in acciaio racchiude un&#039;esclusiva lunetta in ceramica nera e blu con una scala da 24 ore, che offre un design ergonomico e una sensazione decisamente tattile durante la rotazione.Animato dal movimento Calibre TH31-03 certificato COSC con 80 ore di riserva di carica, questo orologio subacqueo integra una funzione GMT per controllare l&#039;ora anche in mare aperto.\" \/>\n<meta property=\"og:url\" content=\"https:\/\/www.gioielleriagrande.it\/prodotto\/156769\/\" \/>\n<meta property=\"og:site_name\" content=\"Gioielleria Grande\" \/>\n<meta property=\"article:modified_time\" content=\"2026-01-15T10:52:14+00:00\" \/>\n<meta property=\"og:image\" content=\"https:\/\/www.gioielleriagrande.it\/wp-content\/uploads\/2025\/02\/Instagram-Post-WBP5114.BA0013_SOLDAT-1024x1024-1.jpg\" \/>\n\t<meta property=\"og:image:width\" content=\"1024\" \/>\n\t<meta property=\"og:image:height\" content=\"1024\" \/>\n\t<meta property=\"og:image:type\" content=\"image\/jpeg\" \/>\n<meta name=\"twitter:card\" content=\"summary_large_image\" \/>\n<meta name=\"twitter:label1\" content=\"Est. reading time\" \/>\n\t<meta name=\"twitter:data1\" content=\"1 minute\" \/>\n<script type=\"application\/ld+json\" class=\"yoast-schema-graph\">{\"@context\":\"https:\/\/schema.org\",\"@graph\":[{\"@type\":\"WebPage\",\"@id\":\"https:\/\/www.gioielleriagrande.it\/prodotto\/156769\/\",\"url\":\"https:\/\/www.gioielleriagrande.it\/prodotto\/156769\/\",\"name\":\"TAG HEUER AQUARACER PROFESSIONAL 300 GMT Automatico, 42 mm, Acciaio WBP5114.BA0013 - Gioielleria Grande\",\"isPartOf\":{\"@id\":\"https:\/\/www.gioielleriagrande.it\/#website\"},\"primaryImageOfPage\":{\"@id\":\"https:\/\/www.gioielleriagrande.it\/prodotto\/156769\/#primaryimage\"},\"image\":{\"@id\":\"https:\/\/www.gioielleriagrande.it\/prodotto\/156769\/#primaryimage\"},\"thumbnailUrl\":\"https:\/\/www.gioielleriagrande.it\/wp-content\/uploads\/2025\/02\/Instagram-Post-WBP5114.BA0013_SOLDAT-1024x1024-1.jpg\",\"datePublished\":\"2025-02-22T12:45:42+00:00\",\"dateModified\":\"2026-01-15T10:52:14+00:00\",\"breadcrumb\":{\"@id\":\"https:\/\/www.gioielleriagrande.it\/prodotto\/156769\/#breadcrumb\"},\"inLanguage\":\"en-US\",\"potentialAction\":[{\"@type\":\"ReadAction\",\"target\":[\"https:\/\/www.gioielleriagrande.it\/prodotto\/156769\/\"]}]},{\"@type\":\"ImageObject\",\"inLanguage\":\"en-US\",\"@id\":\"https:\/\/www.gioielleriagrande.it\/prodotto\/156769\/#primaryimage\",\"url\":\"https:\/\/www.gioielleriagrande.it\/wp-content\/uploads\/2025\/02\/Instagram-Post-WBP5114.BA0013_SOLDAT-1024x1024-1.jpg\",\"contentUrl\":\"https:\/\/www.gioielleriagrande.it\/wp-content\/uploads\/2025\/02\/Instagram-Post-WBP5114.BA0013_SOLDAT-1024x1024-1.jpg\",\"width\":1024,\"height\":1024,\"caption\":\"Instagram-Post-WBP5114.BA0013_SOLDAT-1024x1024.jpg\"},{\"@type\":\"BreadcrumbList\",\"@id\":\"https:\/\/www.gioielleriagrande.it\/prodotto\/156769\/#breadcrumb\",\"itemListElement\":[{\"@type\":\"ListItem\",\"position\":1,\"name\":\"Home\",\"item\":\"https:\/\/www.gioielleriagrande.it\/\"},{\"@type\":\"ListItem\",\"position\":2,\"name\":\"Shop\",\"item\":\"https:\/\/www.gioielleriagrande.it\/negozio\/\"},{\"@type\":\"ListItem\",\"position\":3,\"name\":\"TAG HEUER AQUARACER PROFESSIONAL 300 GMT Automatico, 42 mm, Acciaio WBP5114.BA0013\"}]},{\"@type\":\"WebSite\",\"@id\":\"https:\/\/www.gioielleriagrande.it\/#website\",\"url\":\"https:\/\/www.gioielleriagrande.it\/\",\"name\":\"Gioielleria Grande\",\"description\":\"\",\"potentialAction\":[{\"@type\":\"SearchAction\",\"target\":{\"@type\":\"EntryPoint\",\"urlTemplate\":\"https:\/\/www.gioielleriagrande.it\/?s={search_term_string}\"},\"query-input\":{\"@type\":\"PropertyValueSpecification\",\"valueRequired\":true,\"valueName\":\"search_term_string\"}}],\"inLanguage\":\"en-US\"}]}<\/script>\n<!-- \/ Yoast SEO plugin. -->","yoast_head_json":{"title":"TAG HEUER AQUARACER PROFESSIONAL 300 GMT Automatico, 42 mm, Acciaio WBP5114.BA0013 - Gioielleria Grande","robots":{"index":"index","follow":"follow","max-snippet":"max-snippet:-1","max-image-preview":"max-image-preview:large","max-video-preview":"max-video-preview:-1"},"canonical":"https:\/\/www.gioielleriagrande.it\/prodotto\/156769\/","og_locale":"en_US","og_type":"article","og_title":"TAG HEUER AQUARACER PROFESSIONAL 300 GMT Automatico, 42 mm, Acciaio WBP5114.BA0013 - Gioielleria Grande","og_description":"COMPRENDERE LA FUNZIONE TAG HEUER AQUARACER GMT L'orologio presenta una distintiva lancetta GMT azzurra che compie una rotazione completa ogni 24 ore, seguendo la scala da 24 ore sulla lunetta bidirezionale. Questa funzione garantisce di consultare facilmente un secondo fuso orario direttamente sul tuo polso. Il design della lunetta \u00e8 caratterizzato da due colori per distinguere il giorno e la notte: una met\u00e0 \u00e8 di un audace nero che si abbina alla lunetta e indica le ore notturne dalle 18:00 alle 6:00, mentre l'altra met\u00e0 \u00e8 di un blu vivace per rappresentare le ore diurne dalle 6:00 alle 18:00.Il quadrante blu intenso spazzolato con effetto \"soleil\" di ispirazione oceanica presenta lancette e indici riempiti di Super-LumiNova\u00ae brillante e una speciale lancetta GMT azzurra.La cassa in acciaio racchiude un'esclusiva lunetta in ceramica nera e blu con una scala da 24 ore, che offre un design ergonomico e una sensazione decisamente tattile durante la rotazione.Animato dal movimento Calibre TH31-03 certificato COSC con 80 ore di riserva di carica, questo orologio subacqueo integra una funzione GMT per controllare l'ora anche in mare aperto.","og_url":"https:\/\/www.gioielleriagrande.it\/prodotto\/156769\/","og_site_name":"Gioielleria Grande","article_modified_time":"2026-01-15T10:52:14+00:00","og_image":[{"width":1024,"height":1024,"url":"https:\/\/www.gioielleriagrande.it\/wp-content\/uploads\/2025\/02\/Instagram-Post-WBP5114.BA0013_SOLDAT-1024x1024-1.jpg","type":"image\/jpeg"}],"twitter_card":"summary_large_image","twitter_misc":{"Est. reading time":"1 minute"},"schema":{"@context":"https:\/\/schema.org","@graph":[{"@type":"WebPage","@id":"https:\/\/www.gioielleriagrande.it\/prodotto\/156769\/","url":"https:\/\/www.gioielleriagrande.it\/prodotto\/156769\/","name":"TAG HEUER AQUARACER PROFESSIONAL 300 GMT Automatico, 42 mm, Acciaio WBP5114.BA0013 - Gioielleria Grande","isPartOf":{"@id":"https:\/\/www.gioielleriagrande.it\/#website"},"primaryImageOfPage":{"@id":"https:\/\/www.gioielleriagrande.it\/prodotto\/156769\/#primaryimage"},"image":{"@id":"https:\/\/www.gioielleriagrande.it\/prodotto\/156769\/#primaryimage"},"thumbnailUrl":"https:\/\/www.gioielleriagrande.it\/wp-content\/uploads\/2025\/02\/Instagram-Post-WBP5114.BA0013_SOLDAT-1024x1024-1.jpg","datePublished":"2025-02-22T12:45:42+00:00","dateModified":"2026-01-15T10:52:14+00:00","breadcrumb":{"@id":"https:\/\/www.gioielleriagrande.it\/prodotto\/156769\/#breadcrumb"},"inLanguage":"en-US","potentialAction":[{"@type":"ReadAction","target":["https:\/\/www.gioielleriagrande.it\/prodotto\/156769\/"]}]},{"@type":"ImageObject","inLanguage":"en-US","@id":"https:\/\/www.gioielleriagrande.it\/prodotto\/156769\/#primaryimage","url":"https:\/\/www.gioielleriagrande.it\/wp-content\/uploads\/2025\/02\/Instagram-Post-WBP5114.BA0013_SOLDAT-1024x1024-1.jpg","contentUrl":"https:\/\/www.gioielleriagrande.it\/wp-content\/uploads\/2025\/02\/Instagram-Post-WBP5114.BA0013_SOLDAT-1024x1024-1.jpg","width":1024,"height":1024,"caption":"Instagram-Post-WBP5114.BA0013_SOLDAT-1024x1024.jpg"},{"@type":"BreadcrumbList","@id":"https:\/\/www.gioielleriagrande.it\/prodotto\/156769\/#breadcrumb","itemListElement":[{"@type":"ListItem","position":1,"name":"Home","item":"https:\/\/www.gioielleriagrande.it\/"},{"@type":"ListItem","position":2,"name":"Shop","item":"https:\/\/www.gioielleriagrande.it\/negozio\/"},{"@type":"ListItem","position":3,"name":"TAG HEUER AQUARACER PROFESSIONAL 300 GMT Automatico, 42 mm, Acciaio WBP5114.BA0013"}]},{"@type":"WebSite","@id":"https:\/\/www.gioielleriagrande.it\/#website","url":"https:\/\/www.gioielleriagrande.it\/","name":"Gioielleria Grande","description":"","potentialAction":[{"@type":"SearchAction","target":{"@type":"EntryPoint","urlTemplate":"https:\/\/www.gioielleriagrande.it\/?s={search_term_string}"},"query-input":{"@type":"PropertyValueSpecification","valueRequired":true,"valueName":"search_term_string"}}],"inLanguage":"en-US"}]}},"_links":{"self":[{"href":"https:\/\/www.gioielleriagrande.it\/en\/wp-json\/wp\/v2\/product\/335765","targetHints":{"allow":["GET"]}}],"collection":[{"href":"https:\/\/www.gioielleriagrande.it\/en\/wp-json\/wp\/v2\/product"}],"about":[{"href":"https:\/\/www.gioielleriagrande.it\/en\/wp-json\/wp\/v2\/types\/product"}],"replies":[{"embeddable":true,"href":"https:\/\/www.gioielleriagrande.it\/en\/wp-json\/wp\/v2\/comments?post=335765"}],"wp:featuredmedia":[{"embeddable":true,"href":"https:\/\/www.gioielleriagrande.it\/en\/wp-json\/wp\/v2\/media\/333298"}],"wp:attachment":[{"href":"https:\/\/www.gioielleriagrande.it\/en\/wp-json\/wp\/v2\/media?parent=335765"}],"wp:term":[{"taxonomy":"product_brand","embeddable":true,"href":"https:\/\/www.gioielleriagrande.it\/en\/wp-json\/wp\/v2\/product_brand?post=335765"},{"taxonomy":"product_cat","embeddable":true,"href":"https:\/\/www.gioielleriagrande.it\/en\/wp-json\/wp\/v2\/product_cat?post=335765"},{"taxonomy":"product_tag","embeddable":true,"href":"https:\/\/www.gioielleriagrande.it\/en\/wp-json\/wp\/v2\/product_tag?post=335765"}],"curies":[{"name":"wp","href":"https:\/\/api.w.org\/{rel}","templated":true}]}}