{"id":335838,"date":"2025-02-22T13:47:46","date_gmt":"2025-02-22T12:47:46","guid":{"rendered":"https:\/\/www.gioielleriagrande.it\/prodotto\/157621\/"},"modified":"2025-11-22T17:40:13","modified_gmt":"2025-11-22T16:40:13","slug":"157621","status":"publish","type":"product","link":"https:\/\/www.gioielleriagrande.it\/en\/prodotto\/157621\/","title":{"rendered":"Endurance Pro 44\nREF:X82310A71B1S2"},"content":{"rendered":"<p>Progettato per essere sia un orologio leggero per gli atleti che un cronografo sportivo casual per tutti i giorni, l\u2019Endurance Pro coniuga perfettamente tecnologia innovativa con un design grintoso per produrre un orologio sportivo casual per eccellenza. Concepito per uomini e donne la cui vita attiva unisce una mentalit\u00e0 professionale a uno stile di vita sportivo, l\u2019Endurance Pro \u00e8 all\u2019altezza delle sfide poste da un allenamento rigoroso ma anche piuttosto elegante per l\u2019uso quotidiano. L\u2019Endurance Pro \u00e8 caratterizzato da una cassa ultraleggera in Breitlight\u00ae, un materiale robusto 3,3 volte pi\u00f9 leggero del titanio e 5,8 volte pi\u00f9 leggero dell\u2019acciaio inossidabile. Amagnetico, termicamente stabile e ipoallergenico, Breitlight\u00ae \u00e8 altamente resistente ai graffi, alla trazione e alla corrosione. Al tatto \u00e8 pi\u00f9 caldo rispetto al metallo e ha un effetto leggermente strutturato che accentua l\u2019originalit\u00e0 del design. Un\u2019esclusiva di Breitling, il materiale \u00e8 100% Swiss made. Con diametro da 44 mm o 38 mm, l\u2019Endurance Pro \u00e8 disponibile per gli atleti con tantissimi quadranti colorati e cinturini di caucci\u00f9 dotati di fibbia ad ardiglione in Breitlight\u00ae. I due formati sono animati rispettivamente dai Calibri Breitling 82 e 83, entrambi cronografi SuperQuartz\u2122 certificati COSC che offrono una straordinaria precisione.<\/p>\n","protected":false},"excerpt":{"rendered":"<p>Progettato per essere sia un orologio leggero per gli atleti che un cronografo sportivo casual per tutti i giorni, l\u2019Endurance Pro coniuga perfettamente tecnologia innovativa con un design grintoso per produrre un orologio sportivo casual per eccellenza. Concepito per uomini e donne la cui vita attiva unisce una mentalit\u00e0 professionale a uno stile di vita sportivo, l\u2019Endurance Pro \u00e8 all\u2019altezza delle sfide poste da un allenamento rigoroso ma anche piuttosto elegante per l\u2019uso quotidiano. L\u2019Endurance Pro \u00e8 caratterizzato da una cassa ultraleggera in Breitlight\u00ae, un materiale robusto 3,3 volte pi\u00f9 leggero del titanio e 5,8 volte pi\u00f9 leggero dell\u2019acciaio inossidabile. Amagnetico, termicamente stabile e ipoallergenico, Breitlight\u00ae \u00e8 altamente resistente ai graffi, alla trazione e alla corrosione. Al tatto \u00e8 pi\u00f9 caldo rispetto al metallo e ha un effetto leggermente strutturato che accentua l\u2019originalit\u00e0 del design. Un\u2019esclusiva di Breitling, il materiale \u00e8 100% Swiss made. Con diametro da 44 mm o 38 mm, l\u2019Endurance Pro \u00e8 disponibile per gli atleti con tantissimi quadranti colorati e cinturini di caucci\u00f9 dotati di fibbia ad ardiglione in Breitlight\u00ae. I due formati sono animati rispettivamente dai Calibri Breitling 82 e 83, entrambi cronografi SuperQuartz\u2122 certificati COSC che offrono una straordinaria precisione.<\/p>\n","protected":false},"featured_media":334775,"comment_status":"open","ping_status":"closed","template":"","meta":[],"product_brand":[],"product_cat":[3309],"product_tag":[],"class_list":{"0":"post-335838","1":"product","2":"type-product","3":"status-publish","4":"has-post-thumbnail","6":"brand-3339","7":"shops-3355","8":"shop_area-3357","10":"first","11":"instock","12":"taxable","13":"shipping-taxable","14":"purchasable","15":"product-type-simple"},"yoast_head":"<!-- This site is optimized with the Yoast SEO plugin v25.3 - https:\/\/yoast.com\/wordpress\/plugins\/seo\/ -->\n<title>Endurance Pro 44 REF:X82310A71B1S2 - Gioielleria Grande<\/title>\n<meta name=\"robots\" content=\"index, follow, max-snippet:-1, max-image-preview:large, max-video-preview:-1\" \/>\n<link rel=\"canonical\" href=\"https:\/\/www.gioielleriagrande.it\/prodotto\/157621\/\" \/>\n<meta property=\"og:locale\" content=\"en_US\" \/>\n<meta property=\"og:type\" content=\"article\" \/>\n<meta property=\"og:title\" content=\"Endurance Pro 44 REF:X82310A71B1S2 - Gioielleria Grande\" \/>\n<meta property=\"og:description\" content=\"Progettato per essere sia un orologio leggero per gli atleti che un cronografo sportivo casual per tutti i giorni, l\u2019Endurance Pro coniuga perfettamente tecnologia innovativa con un design grintoso per produrre un orologio sportivo casual per eccellenza. Concepito per uomini e donne la cui vita attiva unisce una mentalit\u00e0 professionale a uno stile di vita sportivo, l\u2019Endurance Pro \u00e8 all\u2019altezza delle sfide poste da un allenamento rigoroso ma anche piuttosto elegante per l\u2019uso quotidiano. L\u2019Endurance Pro \u00e8 caratterizzato da una cassa ultraleggera in Breitlight\u00ae, un materiale robusto 3,3 volte pi\u00f9 leggero del titanio e 5,8 volte pi\u00f9 leggero dell\u2019acciaio inossidabile. Amagnetico, termicamente stabile e ipoallergenico, Breitlight\u00ae \u00e8 altamente resistente ai graffi, alla trazione e alla corrosione. Al tatto \u00e8 pi\u00f9 caldo rispetto al metallo e ha un effetto leggermente strutturato che accentua l\u2019originalit\u00e0 del design. Un\u2019esclusiva di Breitling, il materiale \u00e8 100% Swiss made. Con diametro da 44 mm o 38 mm, l\u2019Endurance Pro \u00e8 disponibile per gli atleti con tantissimi quadranti colorati e cinturini di caucci\u00f9 dotati di fibbia ad ardiglione in Breitlight\u00ae. I due formati sono animati rispettivamente dai Calibri Breitling 82 e 83, entrambi cronografi SuperQuartz\u2122 certificati COSC che offrono una straordinaria precisione.\" \/>\n<meta property=\"og:url\" content=\"https:\/\/www.gioielleriagrande.it\/prodotto\/157621\/\" \/>\n<meta property=\"og:site_name\" content=\"Gioielleria Grande\" \/>\n<meta property=\"article:modified_time\" content=\"2025-11-22T16:40:13+00:00\" \/>\n<meta property=\"og:image\" content=\"https:\/\/www.gioielleriagrande.it\/wp-content\/uploads\/2025\/02\/OIP-1-10.jpg\" \/>\n\t<meta property=\"og:image:width\" content=\"234\" \/>\n\t<meta property=\"og:image:height\" content=\"234\" \/>\n\t<meta property=\"og:image:type\" content=\"image\/jpeg\" \/>\n<meta name=\"twitter:card\" content=\"summary_large_image\" \/>\n<meta name=\"twitter:label1\" content=\"Est. reading time\" \/>\n\t<meta name=\"twitter:data1\" content=\"1 minute\" \/>\n<script type=\"application\/ld+json\" class=\"yoast-schema-graph\">{\"@context\":\"https:\/\/schema.org\",\"@graph\":[{\"@type\":\"WebPage\",\"@id\":\"https:\/\/www.gioielleriagrande.it\/prodotto\/157621\/\",\"url\":\"https:\/\/www.gioielleriagrande.it\/prodotto\/157621\/\",\"name\":\"Endurance Pro 44 REF:X82310A71B1S2 - Gioielleria Grande\",\"isPartOf\":{\"@id\":\"https:\/\/www.gioielleriagrande.it\/#website\"},\"primaryImageOfPage\":{\"@id\":\"https:\/\/www.gioielleriagrande.it\/prodotto\/157621\/#primaryimage\"},\"image\":{\"@id\":\"https:\/\/www.gioielleriagrande.it\/prodotto\/157621\/#primaryimage\"},\"thumbnailUrl\":\"https:\/\/www.gioielleriagrande.it\/wp-content\/uploads\/2025\/02\/OIP-1-10.jpg\",\"datePublished\":\"2025-02-22T12:47:46+00:00\",\"dateModified\":\"2025-11-22T16:40:13+00:00\",\"breadcrumb\":{\"@id\":\"https:\/\/www.gioielleriagrande.it\/prodotto\/157621\/#breadcrumb\"},\"inLanguage\":\"en-US\",\"potentialAction\":[{\"@type\":\"ReadAction\",\"target\":[\"https:\/\/www.gioielleriagrande.it\/prodotto\/157621\/\"]}]},{\"@type\":\"ImageObject\",\"inLanguage\":\"en-US\",\"@id\":\"https:\/\/www.gioielleriagrande.it\/prodotto\/157621\/#primaryimage\",\"url\":\"https:\/\/www.gioielleriagrande.it\/wp-content\/uploads\/2025\/02\/OIP-1-10.jpg\",\"contentUrl\":\"https:\/\/www.gioielleriagrande.it\/wp-content\/uploads\/2025\/02\/OIP-1-10.jpg\",\"width\":234,\"height\":234,\"caption\":\"OIP (1).jpg\"},{\"@type\":\"BreadcrumbList\",\"@id\":\"https:\/\/www.gioielleriagrande.it\/prodotto\/157621\/#breadcrumb\",\"itemListElement\":[{\"@type\":\"ListItem\",\"position\":1,\"name\":\"Home\",\"item\":\"https:\/\/www.gioielleriagrande.it\/\"},{\"@type\":\"ListItem\",\"position\":2,\"name\":\"Shop\",\"item\":\"https:\/\/www.gioielleriagrande.it\/negozio\/\"},{\"@type\":\"ListItem\",\"position\":3,\"name\":\"Endurance Pro 44 REF:X82310A71B1S2\"}]},{\"@type\":\"WebSite\",\"@id\":\"https:\/\/www.gioielleriagrande.it\/#website\",\"url\":\"https:\/\/www.gioielleriagrande.it\/\",\"name\":\"Gioielleria Grande\",\"description\":\"\",\"potentialAction\":[{\"@type\":\"SearchAction\",\"target\":{\"@type\":\"EntryPoint\",\"urlTemplate\":\"https:\/\/www.gioielleriagrande.it\/?s={search_term_string}\"},\"query-input\":{\"@type\":\"PropertyValueSpecification\",\"valueRequired\":true,\"valueName\":\"search_term_string\"}}],\"inLanguage\":\"en-US\"}]}<\/script>\n<!-- \/ Yoast SEO plugin. -->","yoast_head_json":{"title":"Endurance Pro 44 REF:X82310A71B1S2 - Gioielleria Grande","robots":{"index":"index","follow":"follow","max-snippet":"max-snippet:-1","max-image-preview":"max-image-preview:large","max-video-preview":"max-video-preview:-1"},"canonical":"https:\/\/www.gioielleriagrande.it\/prodotto\/157621\/","og_locale":"en_US","og_type":"article","og_title":"Endurance Pro 44 REF:X82310A71B1S2 - Gioielleria Grande","og_description":"Progettato per essere sia un orologio leggero per gli atleti che un cronografo sportivo casual per tutti i giorni, l\u2019Endurance Pro coniuga perfettamente tecnologia innovativa con un design grintoso per produrre un orologio sportivo casual per eccellenza. Concepito per uomini e donne la cui vita attiva unisce una mentalit\u00e0 professionale a uno stile di vita sportivo, l\u2019Endurance Pro \u00e8 all\u2019altezza delle sfide poste da un allenamento rigoroso ma anche piuttosto elegante per l\u2019uso quotidiano. L\u2019Endurance Pro \u00e8 caratterizzato da una cassa ultraleggera in Breitlight\u00ae, un materiale robusto 3,3 volte pi\u00f9 leggero del titanio e 5,8 volte pi\u00f9 leggero dell\u2019acciaio inossidabile. Amagnetico, termicamente stabile e ipoallergenico, Breitlight\u00ae \u00e8 altamente resistente ai graffi, alla trazione e alla corrosione. Al tatto \u00e8 pi\u00f9 caldo rispetto al metallo e ha un effetto leggermente strutturato che accentua l\u2019originalit\u00e0 del design. Un\u2019esclusiva di Breitling, il materiale \u00e8 100% Swiss made. Con diametro da 44 mm o 38 mm, l\u2019Endurance Pro \u00e8 disponibile per gli atleti con tantissimi quadranti colorati e cinturini di caucci\u00f9 dotati di fibbia ad ardiglione in Breitlight\u00ae. I due formati sono animati rispettivamente dai Calibri Breitling 82 e 83, entrambi cronografi SuperQuartz\u2122 certificati COSC che offrono una straordinaria precisione.","og_url":"https:\/\/www.gioielleriagrande.it\/prodotto\/157621\/","og_site_name":"Gioielleria Grande","article_modified_time":"2025-11-22T16:40:13+00:00","og_image":[{"width":234,"height":234,"url":"https:\/\/www.gioielleriagrande.it\/wp-content\/uploads\/2025\/02\/OIP-1-10.jpg","type":"image\/jpeg"}],"twitter_card":"summary_large_image","twitter_misc":{"Est. reading time":"1 minute"},"schema":{"@context":"https:\/\/schema.org","@graph":[{"@type":"WebPage","@id":"https:\/\/www.gioielleriagrande.it\/prodotto\/157621\/","url":"https:\/\/www.gioielleriagrande.it\/prodotto\/157621\/","name":"Endurance Pro 44 REF:X82310A71B1S2 - Gioielleria Grande","isPartOf":{"@id":"https:\/\/www.gioielleriagrande.it\/#website"},"primaryImageOfPage":{"@id":"https:\/\/www.gioielleriagrande.it\/prodotto\/157621\/#primaryimage"},"image":{"@id":"https:\/\/www.gioielleriagrande.it\/prodotto\/157621\/#primaryimage"},"thumbnailUrl":"https:\/\/www.gioielleriagrande.it\/wp-content\/uploads\/2025\/02\/OIP-1-10.jpg","datePublished":"2025-02-22T12:47:46+00:00","dateModified":"2025-11-22T16:40:13+00:00","breadcrumb":{"@id":"https:\/\/www.gioielleriagrande.it\/prodotto\/157621\/#breadcrumb"},"inLanguage":"en-US","potentialAction":[{"@type":"ReadAction","target":["https:\/\/www.gioielleriagrande.it\/prodotto\/157621\/"]}]},{"@type":"ImageObject","inLanguage":"en-US","@id":"https:\/\/www.gioielleriagrande.it\/prodotto\/157621\/#primaryimage","url":"https:\/\/www.gioielleriagrande.it\/wp-content\/uploads\/2025\/02\/OIP-1-10.jpg","contentUrl":"https:\/\/www.gioielleriagrande.it\/wp-content\/uploads\/2025\/02\/OIP-1-10.jpg","width":234,"height":234,"caption":"OIP (1).jpg"},{"@type":"BreadcrumbList","@id":"https:\/\/www.gioielleriagrande.it\/prodotto\/157621\/#breadcrumb","itemListElement":[{"@type":"ListItem","position":1,"name":"Home","item":"https:\/\/www.gioielleriagrande.it\/"},{"@type":"ListItem","position":2,"name":"Shop","item":"https:\/\/www.gioielleriagrande.it\/negozio\/"},{"@type":"ListItem","position":3,"name":"Endurance Pro 44 REF:X82310A71B1S2"}]},{"@type":"WebSite","@id":"https:\/\/www.gioielleriagrande.it\/#website","url":"https:\/\/www.gioielleriagrande.it\/","name":"Gioielleria Grande","description":"","potentialAction":[{"@type":"SearchAction","target":{"@type":"EntryPoint","urlTemplate":"https:\/\/www.gioielleriagrande.it\/?s={search_term_string}"},"query-input":{"@type":"PropertyValueSpecification","valueRequired":true,"valueName":"search_term_string"}}],"inLanguage":"en-US"}]}},"_links":{"self":[{"href":"https:\/\/www.gioielleriagrande.it\/en\/wp-json\/wp\/v2\/product\/335838","targetHints":{"allow":["GET"]}}],"collection":[{"href":"https:\/\/www.gioielleriagrande.it\/en\/wp-json\/wp\/v2\/product"}],"about":[{"href":"https:\/\/www.gioielleriagrande.it\/en\/wp-json\/wp\/v2\/types\/product"}],"replies":[{"embeddable":true,"href":"https:\/\/www.gioielleriagrande.it\/en\/wp-json\/wp\/v2\/comments?post=335838"}],"wp:featuredmedia":[{"embeddable":true,"href":"https:\/\/www.gioielleriagrande.it\/en\/wp-json\/wp\/v2\/media\/334775"}],"wp:attachment":[{"href":"https:\/\/www.gioielleriagrande.it\/en\/wp-json\/wp\/v2\/media?parent=335838"}],"wp:term":[{"taxonomy":"product_brand","embeddable":true,"href":"https:\/\/www.gioielleriagrande.it\/en\/wp-json\/wp\/v2\/product_brand?post=335838"},{"taxonomy":"product_cat","embeddable":true,"href":"https:\/\/www.gioielleriagrande.it\/en\/wp-json\/wp\/v2\/product_cat?post=335838"},{"taxonomy":"product_tag","embeddable":true,"href":"https:\/\/www.gioielleriagrande.it\/en\/wp-json\/wp\/v2\/product_tag?post=335838"}],"curies":[{"name":"wp","href":"https:\/\/api.w.org\/{rel}","templated":true}]}}