{"id":351069,"date":"2025-03-13T16:40:48","date_gmt":"2025-03-13T15:40:48","guid":{"rendered":"https:\/\/www.gioielleriagrande.it\/prodotto\/103853\/"},"modified":"2025-11-22T17:41:23","modified_gmt":"2025-11-22T16:41:23","slug":"103853","status":"publish","type":"product","link":"https:\/\/www.gioielleriagrande.it\/en\/prodotto\/103853\/","title":{"rendered":"Freak X\nREF:2303-270\/03"},"content":{"rendered":"<p>Il Freak \u00e8 il primo orologio mai creato in cui il movimento ruota per indicare l&#8217;ora. Niente quadrante, niente lancette, il movimento \u00e8 il vero protagonista. Il Freak X Ti Blue si distingue per la sua versatilit\u00e0 e le sue qualit\u00e0 che lo rendono perfetto per l&#8217;uso quotidiano. La cassa da 43 mm in titanio con finitura PVD blu lo rende leggero e resistente, mentre il fondello in vetro zaffiro consente di ammirare il movimento di manifattura a carica automatica UN-230. Il cuore dell&#8217;orologio \u00e8 l&#8217;esclusivo oscillatore di grande diametro, che alimenta il carrousel volante che ruota attorno al proprio asse, caratteristica inconfondibile del concetto Freak. Con un cinturino in alligatore o in pelle di vitello traforata con impunture bianche &#8220;point de bride&#8221;, il Freak X Ti Blue \u00e8 un mix perfetto di eleganza, funzionalit\u00e0 e versatilit\u00e0. Provate la gioia del lusso quotidiano con il Freak X Ti Blue.<\/p>\n","protected":false},"excerpt":{"rendered":"<p>Il Freak \u00e8 il primo orologio mai creato in cui il movimento ruota per indicare l&#8217;ora. Niente quadrante, niente lancette, il movimento \u00e8 il vero protagonista. Il Freak X Ti Blue si distingue per la sua versatilit\u00e0 e le sue qualit\u00e0 che lo rendono perfetto per l&#8217;uso quotidiano. La cassa da 43 mm in titanio con finitura PVD blu lo rende leggero e resistente, mentre il fondello in vetro zaffiro consente di ammirare il movimento di manifattura a carica automatica UN-230. Il cuore dell&#8217;orologio \u00e8 l&#8217;esclusivo oscillatore di grande diametro, che alimenta il carrousel volante che ruota attorno al proprio asse, caratteristica inconfondibile del concetto Freak. Con un cinturino in alligatore o in pelle di vitello traforata con impunture bianche &#8220;point de bride&#8221;, il Freak X Ti Blue \u00e8 un mix perfetto di eleganza, funzionalit\u00e0 e versatilit\u00e0. Provate la gioia del lusso quotidiano con il Freak X Ti Blue.<\/p>\n","protected":false},"featured_media":83424,"comment_status":"open","ping_status":"closed","template":"","meta":[],"product_brand":[],"product_cat":[3309],"product_tag":[],"class_list":{"0":"post-351069","1":"product","2":"type-product","3":"status-publish","4":"has-post-thumbnail","6":"brand-6610","7":"shops-3355","8":"shop_area-3357","10":"first","11":"instock","12":"taxable","13":"shipping-taxable","14":"purchasable","15":"product-type-simple"},"yoast_head":"<!-- This site is optimized with the Yoast SEO plugin v25.3 - https:\/\/yoast.com\/wordpress\/plugins\/seo\/ -->\n<title>Freak X REF:2303-270\/03 - Gioielleria Grande<\/title>\n<meta name=\"robots\" content=\"index, follow, max-snippet:-1, max-image-preview:large, max-video-preview:-1\" \/>\n<link rel=\"canonical\" href=\"https:\/\/www.gioielleriagrande.it\/prodotto\/103853\/\" \/>\n<meta property=\"og:locale\" content=\"en_US\" \/>\n<meta property=\"og:type\" content=\"article\" \/>\n<meta property=\"og:title\" content=\"Freak X REF:2303-270\/03 - Gioielleria Grande\" \/>\n<meta property=\"og:description\" content=\"Il Freak \u00e8 il primo orologio mai creato in cui il movimento ruota per indicare l&#039;ora. Niente quadrante, niente lancette, il movimento \u00e8 il vero protagonista. Il Freak X Ti Blue si distingue per la sua versatilit\u00e0 e le sue qualit\u00e0 che lo rendono perfetto per l&#039;uso quotidiano. La cassa da 43 mm in titanio con finitura PVD blu lo rende leggero e resistente, mentre il fondello in vetro zaffiro consente di ammirare il movimento di manifattura a carica automatica UN-230. Il cuore dell&#039;orologio \u00e8 l&#039;esclusivo oscillatore di grande diametro, che alimenta il carrousel volante che ruota attorno al proprio asse, caratteristica inconfondibile del concetto Freak. Con un cinturino in alligatore o in pelle di vitello traforata con impunture bianche &quot;point de bride&quot;, il Freak X Ti Blue \u00e8 un mix perfetto di eleganza, funzionalit\u00e0 e versatilit\u00e0. Provate la gioia del lusso quotidiano con il Freak X Ti Blue.\" \/>\n<meta property=\"og:url\" content=\"https:\/\/www.gioielleriagrande.it\/prodotto\/103853\/\" \/>\n<meta property=\"og:site_name\" content=\"Gioielleria Grande\" \/>\n<meta property=\"article:modified_time\" content=\"2025-11-22T16:41:23+00:00\" \/>\n<meta property=\"og:image\" content=\"https:\/\/www.gioielleriagrande.it\/wp-content\/uploads\/2022\/07\/2303-270.1-03.png\" \/>\n\t<meta property=\"og:image:width\" content=\"950\" \/>\n\t<meta property=\"og:image:height\" content=\"950\" \/>\n\t<meta property=\"og:image:type\" content=\"image\/png\" \/>\n<meta name=\"twitter:card\" content=\"summary_large_image\" \/>\n<meta name=\"twitter:label1\" content=\"Est. reading time\" \/>\n\t<meta name=\"twitter:data1\" content=\"1 minute\" \/>\n<script type=\"application\/ld+json\" class=\"yoast-schema-graph\">{\"@context\":\"https:\/\/schema.org\",\"@graph\":[{\"@type\":\"WebPage\",\"@id\":\"https:\/\/www.gioielleriagrande.it\/prodotto\/103853\/\",\"url\":\"https:\/\/www.gioielleriagrande.it\/prodotto\/103853\/\",\"name\":\"Freak X REF:2303-270\/03 - Gioielleria Grande\",\"isPartOf\":{\"@id\":\"https:\/\/www.gioielleriagrande.it\/#website\"},\"primaryImageOfPage\":{\"@id\":\"https:\/\/www.gioielleriagrande.it\/prodotto\/103853\/#primaryimage\"},\"image\":{\"@id\":\"https:\/\/www.gioielleriagrande.it\/prodotto\/103853\/#primaryimage\"},\"thumbnailUrl\":\"https:\/\/www.gioielleriagrande.it\/wp-content\/uploads\/2022\/07\/2303-270.1-03.png\",\"datePublished\":\"2025-03-13T15:40:48+00:00\",\"dateModified\":\"2025-11-22T16:41:23+00:00\",\"breadcrumb\":{\"@id\":\"https:\/\/www.gioielleriagrande.it\/prodotto\/103853\/#breadcrumb\"},\"inLanguage\":\"en-US\",\"potentialAction\":[{\"@type\":\"ReadAction\",\"target\":[\"https:\/\/www.gioielleriagrande.it\/prodotto\/103853\/\"]}]},{\"@type\":\"ImageObject\",\"inLanguage\":\"en-US\",\"@id\":\"https:\/\/www.gioielleriagrande.it\/prodotto\/103853\/#primaryimage\",\"url\":\"https:\/\/www.gioielleriagrande.it\/wp-content\/uploads\/2022\/07\/2303-270.1-03.png\",\"contentUrl\":\"https:\/\/www.gioielleriagrande.it\/wp-content\/uploads\/2022\/07\/2303-270.1-03.png\",\"width\":950,\"height\":950,\"caption\":\"2303-270.1-03.png\"},{\"@type\":\"BreadcrumbList\",\"@id\":\"https:\/\/www.gioielleriagrande.it\/prodotto\/103853\/#breadcrumb\",\"itemListElement\":[{\"@type\":\"ListItem\",\"position\":1,\"name\":\"Home\",\"item\":\"https:\/\/www.gioielleriagrande.it\/\"},{\"@type\":\"ListItem\",\"position\":2,\"name\":\"Shop\",\"item\":\"https:\/\/www.gioielleriagrande.it\/negozio\/\"},{\"@type\":\"ListItem\",\"position\":3,\"name\":\"Freak X REF:2303-270\/03\"}]},{\"@type\":\"WebSite\",\"@id\":\"https:\/\/www.gioielleriagrande.it\/#website\",\"url\":\"https:\/\/www.gioielleriagrande.it\/\",\"name\":\"Gioielleria Grande\",\"description\":\"\",\"potentialAction\":[{\"@type\":\"SearchAction\",\"target\":{\"@type\":\"EntryPoint\",\"urlTemplate\":\"https:\/\/www.gioielleriagrande.it\/?s={search_term_string}\"},\"query-input\":{\"@type\":\"PropertyValueSpecification\",\"valueRequired\":true,\"valueName\":\"search_term_string\"}}],\"inLanguage\":\"en-US\"}]}<\/script>\n<!-- \/ Yoast SEO plugin. -->","yoast_head_json":{"title":"Freak X REF:2303-270\/03 - Gioielleria Grande","robots":{"index":"index","follow":"follow","max-snippet":"max-snippet:-1","max-image-preview":"max-image-preview:large","max-video-preview":"max-video-preview:-1"},"canonical":"https:\/\/www.gioielleriagrande.it\/prodotto\/103853\/","og_locale":"en_US","og_type":"article","og_title":"Freak X REF:2303-270\/03 - Gioielleria Grande","og_description":"Il Freak \u00e8 il primo orologio mai creato in cui il movimento ruota per indicare l'ora. Niente quadrante, niente lancette, il movimento \u00e8 il vero protagonista. Il Freak X Ti Blue si distingue per la sua versatilit\u00e0 e le sue qualit\u00e0 che lo rendono perfetto per l'uso quotidiano. La cassa da 43 mm in titanio con finitura PVD blu lo rende leggero e resistente, mentre il fondello in vetro zaffiro consente di ammirare il movimento di manifattura a carica automatica UN-230. Il cuore dell'orologio \u00e8 l'esclusivo oscillatore di grande diametro, che alimenta il carrousel volante che ruota attorno al proprio asse, caratteristica inconfondibile del concetto Freak. Con un cinturino in alligatore o in pelle di vitello traforata con impunture bianche \"point de bride\", il Freak X Ti Blue \u00e8 un mix perfetto di eleganza, funzionalit\u00e0 e versatilit\u00e0. Provate la gioia del lusso quotidiano con il Freak X Ti Blue.","og_url":"https:\/\/www.gioielleriagrande.it\/prodotto\/103853\/","og_site_name":"Gioielleria Grande","article_modified_time":"2025-11-22T16:41:23+00:00","og_image":[{"width":950,"height":950,"url":"https:\/\/www.gioielleriagrande.it\/wp-content\/uploads\/2022\/07\/2303-270.1-03.png","type":"image\/png"}],"twitter_card":"summary_large_image","twitter_misc":{"Est. reading time":"1 minute"},"schema":{"@context":"https:\/\/schema.org","@graph":[{"@type":"WebPage","@id":"https:\/\/www.gioielleriagrande.it\/prodotto\/103853\/","url":"https:\/\/www.gioielleriagrande.it\/prodotto\/103853\/","name":"Freak X REF:2303-270\/03 - Gioielleria Grande","isPartOf":{"@id":"https:\/\/www.gioielleriagrande.it\/#website"},"primaryImageOfPage":{"@id":"https:\/\/www.gioielleriagrande.it\/prodotto\/103853\/#primaryimage"},"image":{"@id":"https:\/\/www.gioielleriagrande.it\/prodotto\/103853\/#primaryimage"},"thumbnailUrl":"https:\/\/www.gioielleriagrande.it\/wp-content\/uploads\/2022\/07\/2303-270.1-03.png","datePublished":"2025-03-13T15:40:48+00:00","dateModified":"2025-11-22T16:41:23+00:00","breadcrumb":{"@id":"https:\/\/www.gioielleriagrande.it\/prodotto\/103853\/#breadcrumb"},"inLanguage":"en-US","potentialAction":[{"@type":"ReadAction","target":["https:\/\/www.gioielleriagrande.it\/prodotto\/103853\/"]}]},{"@type":"ImageObject","inLanguage":"en-US","@id":"https:\/\/www.gioielleriagrande.it\/prodotto\/103853\/#primaryimage","url":"https:\/\/www.gioielleriagrande.it\/wp-content\/uploads\/2022\/07\/2303-270.1-03.png","contentUrl":"https:\/\/www.gioielleriagrande.it\/wp-content\/uploads\/2022\/07\/2303-270.1-03.png","width":950,"height":950,"caption":"2303-270.1-03.png"},{"@type":"BreadcrumbList","@id":"https:\/\/www.gioielleriagrande.it\/prodotto\/103853\/#breadcrumb","itemListElement":[{"@type":"ListItem","position":1,"name":"Home","item":"https:\/\/www.gioielleriagrande.it\/"},{"@type":"ListItem","position":2,"name":"Shop","item":"https:\/\/www.gioielleriagrande.it\/negozio\/"},{"@type":"ListItem","position":3,"name":"Freak X REF:2303-270\/03"}]},{"@type":"WebSite","@id":"https:\/\/www.gioielleriagrande.it\/#website","url":"https:\/\/www.gioielleriagrande.it\/","name":"Gioielleria Grande","description":"","potentialAction":[{"@type":"SearchAction","target":{"@type":"EntryPoint","urlTemplate":"https:\/\/www.gioielleriagrande.it\/?s={search_term_string}"},"query-input":{"@type":"PropertyValueSpecification","valueRequired":true,"valueName":"search_term_string"}}],"inLanguage":"en-US"}]}},"_links":{"self":[{"href":"https:\/\/www.gioielleriagrande.it\/en\/wp-json\/wp\/v2\/product\/351069","targetHints":{"allow":["GET"]}}],"collection":[{"href":"https:\/\/www.gioielleriagrande.it\/en\/wp-json\/wp\/v2\/product"}],"about":[{"href":"https:\/\/www.gioielleriagrande.it\/en\/wp-json\/wp\/v2\/types\/product"}],"replies":[{"embeddable":true,"href":"https:\/\/www.gioielleriagrande.it\/en\/wp-json\/wp\/v2\/comments?post=351069"}],"wp:featuredmedia":[{"embeddable":true,"href":"https:\/\/www.gioielleriagrande.it\/en\/wp-json\/wp\/v2\/media\/83424"}],"wp:attachment":[{"href":"https:\/\/www.gioielleriagrande.it\/en\/wp-json\/wp\/v2\/media?parent=351069"}],"wp:term":[{"taxonomy":"product_brand","embeddable":true,"href":"https:\/\/www.gioielleriagrande.it\/en\/wp-json\/wp\/v2\/product_brand?post=351069"},{"taxonomy":"product_cat","embeddable":true,"href":"https:\/\/www.gioielleriagrande.it\/en\/wp-json\/wp\/v2\/product_cat?post=351069"},{"taxonomy":"product_tag","embeddable":true,"href":"https:\/\/www.gioielleriagrande.it\/en\/wp-json\/wp\/v2\/product_tag?post=351069"}],"curies":[{"name":"wp","href":"https:\/\/api.w.org\/{rel}","templated":true}]}}