{"id":477474,"date":"2025-06-19T17:40:26","date_gmt":"2025-06-19T15:40:26","guid":{"rendered":"https:\/\/gioielleriagrande.it\/prodotto\/128445\/"},"modified":"2026-03-11T12:11:53","modified_gmt":"2026-03-11T11:11:53","slug":"128445","status":"publish","type":"product","link":"https:\/\/www.gioielleriagrande.it\/en\/prodotto\/128445\/","title":{"rendered":"Orologio Un modello automatico Spring Drive 5-Giorni, ispirato al Lago Suwa mosso dalla brezza mattutina."},"content":{"rendered":"<p>Per gli orologiai di Grand Seiko, il paesaggio naturale del Giappone \u00e8 una fonte inesauribile di ispirazione. I quadranti spesso suggeriscono la bellezza tipicamente giapponese dei luoghi in cui gli orologi vengono prodotti. Un esempio perfetto \u00e8 uno specchio d&#8217;acqua a sud-est dello Studio Shinshu Watch, dove gli orologi Spring Drive vengono realizzati. Il quadrante dell&#8217;SLGA019 evoca la superficie del lago Suwa e rivela diverse variazioni di blu a seconda dell&#8217;angolazione con cui cattura la luce, evocando il vento che, alzandosi, cambia il colore e la superficie dell&#8217;acqua. La cassa e il bracciale da 40 mm sono realizzati in titanio ad alta intensit\u00e0, un metallo pi\u00f9 leggero del 30% rispetto all&#8217;acciaio e altamente resistente alla corrosione e ai graffi, e adottano lo stile Evolution 9 per un profilo e un baricentro pi\u00f9 contenuti, garantendo una comoda vestibilit\u00e0 al polso. Questo segnatempo \u00e8 alimentato dal calibro Spring Drive 5 Days 9RA2, assemblato dagli abili maestri artigiani dello Shinshu Watch Studio e progettato per durare fino a circa 120 ore (5 giorni) a carica completa. La lancetta dei secondi scorre sul quadrante decorato a ritmo del tempo grazie al movimento Spring Drive, come il dolce fluire dell&#8217;acqua.<\/p>\n","protected":false},"excerpt":{"rendered":"<p>Per gli orologiai di Grand Seiko, il paesaggio naturale del Giappone \u00e8 una fonte inesauribile di ispirazione. I quadranti spesso suggeriscono la bellezza tipicamente giapponese dei luoghi in cui gli orologi vengono prodotti. Un esempio perfetto \u00e8 uno specchio d&#8217;acqua a sud-est dello Studio Shinshu Watch, dove gli orologi Spring Drive vengono realizzati. Il quadrante dell&#8217;SLGA019 evoca la superficie del lago Suwa e rivela diverse variazioni di blu a seconda dell&#8217;angolazione con cui cattura la luce, evocando il vento che, alzandosi, cambia il colore e la superficie dell&#8217;acqua. La cassa e il bracciale da 40 mm sono realizzati in titanio ad alta intensit\u00e0, un metallo pi\u00f9 leggero del 30% rispetto all&#8217;acciaio e altamente resistente alla corrosione e ai graffi, e adottano lo stile Evolution 9 per un profilo e un baricentro pi\u00f9 contenuti, garantendo una comoda vestibilit\u00e0 al polso. Questo segnatempo \u00e8 alimentato dal calibro Spring Drive 5 Days 9RA2, assemblato dagli abili maestri artigiani dello Shinshu Watch Studio e progettato per durare fino a circa 120 ore (5 giorni) a carica completa. La lancetta dei secondi scorre sul quadrante decorato a ritmo del tempo grazie al movimento Spring Drive, come il dolce fluire dell&#8217;acqua.<\/p>\n","protected":false},"featured_media":477337,"comment_status":"open","ping_status":"closed","template":"","meta":[],"product_brand":[],"product_cat":[3587],"product_tag":[],"class_list":{"0":"post-477474","1":"product","2":"type-product","3":"status-publish","4":"has-post-thumbnail","6":"brand-6680","7":"line-6682","8":"shops-3355","9":"shop_area-3357","11":"first","12":"instock","13":"taxable","14":"shipping-taxable","15":"purchasable","16":"product-type-simple"},"yoast_head":"<!-- This site is optimized with the Yoast SEO plugin v25.3 - https:\/\/yoast.com\/wordpress\/plugins\/seo\/ -->\n<title>Orologio Un modello automatico Spring Drive 5-Giorni, ispirato al Lago Suwa mosso dalla brezza mattutina. - Gioielleria Grande<\/title>\n<meta name=\"robots\" content=\"index, follow, max-snippet:-1, max-image-preview:large, max-video-preview:-1\" \/>\n<link rel=\"canonical\" href=\"https:\/\/www.gioielleriagrande.it\/prodotto\/128445\/\" \/>\n<meta property=\"og:locale\" content=\"en_US\" \/>\n<meta property=\"og:type\" content=\"article\" \/>\n<meta property=\"og:title\" content=\"Orologio Un modello automatico Spring Drive 5-Giorni, ispirato al Lago Suwa mosso dalla brezza mattutina. - Gioielleria Grande\" \/>\n<meta property=\"og:description\" content=\"Per gli orologiai di Grand Seiko, il paesaggio naturale del Giappone \u00e8 una fonte inesauribile di ispirazione. I quadranti spesso suggeriscono la bellezza tipicamente giapponese dei luoghi in cui gli orologi vengono prodotti. Un esempio perfetto \u00e8 uno specchio d&#039;acqua a sud-est dello Studio Shinshu Watch, dove gli orologi Spring Drive vengono realizzati. Il quadrante dell&#039;SLGA019 evoca la superficie del lago Suwa e rivela diverse variazioni di blu a seconda dell&#039;angolazione con cui cattura la luce, evocando il vento che, alzandosi, cambia il colore e la superficie dell&#039;acqua. La cassa e il bracciale da 40 mm sono realizzati in titanio ad alta intensit\u00e0, un metallo pi\u00f9 leggero del 30% rispetto all&#039;acciaio e altamente resistente alla corrosione e ai graffi, e adottano lo stile Evolution 9 per un profilo e un baricentro pi\u00f9 contenuti, garantendo una comoda vestibilit\u00e0 al polso. Questo segnatempo \u00e8 alimentato dal calibro Spring Drive 5 Days 9RA2, assemblato dagli abili maestri artigiani dello Shinshu Watch Studio e progettato per durare fino a circa 120 ore (5 giorni) a carica completa. La lancetta dei secondi scorre sul quadrante decorato a ritmo del tempo grazie al movimento Spring Drive, come il dolce fluire dell&#039;acqua.\" \/>\n<meta property=\"og:url\" content=\"https:\/\/www.gioielleriagrande.it\/prodotto\/128445\/\" \/>\n<meta property=\"og:site_name\" content=\"Gioielleria Grande\" \/>\n<meta property=\"article:modified_time\" content=\"2026-03-11T11:11:53+00:00\" \/>\n<meta property=\"og:image\" content=\"https:\/\/www.gioielleriagrande.it\/wp-content\/uploads\/2025\/06\/SLGA019G.png\" \/>\n\t<meta property=\"og:image:width\" content=\"1102\" \/>\n\t<meta property=\"og:image:height\" content=\"1102\" \/>\n\t<meta property=\"og:image:type\" content=\"image\/png\" \/>\n<meta name=\"twitter:card\" content=\"summary_large_image\" \/>\n<meta name=\"twitter:label1\" content=\"Est. reading time\" \/>\n\t<meta name=\"twitter:data1\" content=\"1 minute\" \/>\n<script type=\"application\/ld+json\" class=\"yoast-schema-graph\">{\"@context\":\"https:\/\/schema.org\",\"@graph\":[{\"@type\":\"WebPage\",\"@id\":\"https:\/\/www.gioielleriagrande.it\/prodotto\/128445\/\",\"url\":\"https:\/\/www.gioielleriagrande.it\/prodotto\/128445\/\",\"name\":\"Orologio Un modello automatico Spring Drive 5-Giorni, ispirato al Lago Suwa mosso dalla brezza mattutina. - Gioielleria Grande\",\"isPartOf\":{\"@id\":\"https:\/\/www.gioielleriagrande.it\/#website\"},\"primaryImageOfPage\":{\"@id\":\"https:\/\/www.gioielleriagrande.it\/prodotto\/128445\/#primaryimage\"},\"image\":{\"@id\":\"https:\/\/www.gioielleriagrande.it\/prodotto\/128445\/#primaryimage\"},\"thumbnailUrl\":\"https:\/\/www.gioielleriagrande.it\/wp-content\/uploads\/2025\/06\/SLGA019G.png\",\"datePublished\":\"2025-06-19T15:40:26+00:00\",\"dateModified\":\"2026-03-11T11:11:53+00:00\",\"breadcrumb\":{\"@id\":\"https:\/\/www.gioielleriagrande.it\/prodotto\/128445\/#breadcrumb\"},\"inLanguage\":\"en-US\",\"potentialAction\":[{\"@type\":\"ReadAction\",\"target\":[\"https:\/\/www.gioielleriagrande.it\/prodotto\/128445\/\"]}]},{\"@type\":\"ImageObject\",\"inLanguage\":\"en-US\",\"@id\":\"https:\/\/www.gioielleriagrande.it\/prodotto\/128445\/#primaryimage\",\"url\":\"https:\/\/www.gioielleriagrande.it\/wp-content\/uploads\/2025\/06\/SLGA019G.png\",\"contentUrl\":\"https:\/\/www.gioielleriagrande.it\/wp-content\/uploads\/2025\/06\/SLGA019G.png\",\"width\":1102,\"height\":1102,\"caption\":\"SLGA019G.png\"},{\"@type\":\"BreadcrumbList\",\"@id\":\"https:\/\/www.gioielleriagrande.it\/prodotto\/128445\/#breadcrumb\",\"itemListElement\":[{\"@type\":\"ListItem\",\"position\":1,\"name\":\"Home\",\"item\":\"https:\/\/www.gioielleriagrande.it\/\"},{\"@type\":\"ListItem\",\"position\":2,\"name\":\"Shop\",\"item\":\"https:\/\/www.gioielleriagrande.it\/negozio\/\"},{\"@type\":\"ListItem\",\"position\":3,\"name\":\"Orologio Un modello automatico Spring Drive 5-Giorni, ispirato al Lago Suwa mosso dalla brezza mattutina.\"}]},{\"@type\":\"WebSite\",\"@id\":\"https:\/\/www.gioielleriagrande.it\/#website\",\"url\":\"https:\/\/www.gioielleriagrande.it\/\",\"name\":\"Gioielleria Grande\",\"description\":\"\",\"potentialAction\":[{\"@type\":\"SearchAction\",\"target\":{\"@type\":\"EntryPoint\",\"urlTemplate\":\"https:\/\/www.gioielleriagrande.it\/?s={search_term_string}\"},\"query-input\":{\"@type\":\"PropertyValueSpecification\",\"valueRequired\":true,\"valueName\":\"search_term_string\"}}],\"inLanguage\":\"en-US\"}]}<\/script>\n<!-- \/ Yoast SEO plugin. -->","yoast_head_json":{"title":"Orologio Un modello automatico Spring Drive 5-Giorni, ispirato al Lago Suwa mosso dalla brezza mattutina. - Gioielleria Grande","robots":{"index":"index","follow":"follow","max-snippet":"max-snippet:-1","max-image-preview":"max-image-preview:large","max-video-preview":"max-video-preview:-1"},"canonical":"https:\/\/www.gioielleriagrande.it\/prodotto\/128445\/","og_locale":"en_US","og_type":"article","og_title":"Orologio Un modello automatico Spring Drive 5-Giorni, ispirato al Lago Suwa mosso dalla brezza mattutina. - Gioielleria Grande","og_description":"Per gli orologiai di Grand Seiko, il paesaggio naturale del Giappone \u00e8 una fonte inesauribile di ispirazione. I quadranti spesso suggeriscono la bellezza tipicamente giapponese dei luoghi in cui gli orologi vengono prodotti. Un esempio perfetto \u00e8 uno specchio d'acqua a sud-est dello Studio Shinshu Watch, dove gli orologi Spring Drive vengono realizzati. Il quadrante dell'SLGA019 evoca la superficie del lago Suwa e rivela diverse variazioni di blu a seconda dell'angolazione con cui cattura la luce, evocando il vento che, alzandosi, cambia il colore e la superficie dell'acqua. La cassa e il bracciale da 40 mm sono realizzati in titanio ad alta intensit\u00e0, un metallo pi\u00f9 leggero del 30% rispetto all'acciaio e altamente resistente alla corrosione e ai graffi, e adottano lo stile Evolution 9 per un profilo e un baricentro pi\u00f9 contenuti, garantendo una comoda vestibilit\u00e0 al polso. Questo segnatempo \u00e8 alimentato dal calibro Spring Drive 5 Days 9RA2, assemblato dagli abili maestri artigiani dello Shinshu Watch Studio e progettato per durare fino a circa 120 ore (5 giorni) a carica completa. La lancetta dei secondi scorre sul quadrante decorato a ritmo del tempo grazie al movimento Spring Drive, come il dolce fluire dell'acqua.","og_url":"https:\/\/www.gioielleriagrande.it\/prodotto\/128445\/","og_site_name":"Gioielleria Grande","article_modified_time":"2026-03-11T11:11:53+00:00","og_image":[{"width":1102,"height":1102,"url":"https:\/\/www.gioielleriagrande.it\/wp-content\/uploads\/2025\/06\/SLGA019G.png","type":"image\/png"}],"twitter_card":"summary_large_image","twitter_misc":{"Est. reading time":"1 minute"},"schema":{"@context":"https:\/\/schema.org","@graph":[{"@type":"WebPage","@id":"https:\/\/www.gioielleriagrande.it\/prodotto\/128445\/","url":"https:\/\/www.gioielleriagrande.it\/prodotto\/128445\/","name":"Orologio Un modello automatico Spring Drive 5-Giorni, ispirato al Lago Suwa mosso dalla brezza mattutina. - Gioielleria Grande","isPartOf":{"@id":"https:\/\/www.gioielleriagrande.it\/#website"},"primaryImageOfPage":{"@id":"https:\/\/www.gioielleriagrande.it\/prodotto\/128445\/#primaryimage"},"image":{"@id":"https:\/\/www.gioielleriagrande.it\/prodotto\/128445\/#primaryimage"},"thumbnailUrl":"https:\/\/www.gioielleriagrande.it\/wp-content\/uploads\/2025\/06\/SLGA019G.png","datePublished":"2025-06-19T15:40:26+00:00","dateModified":"2026-03-11T11:11:53+00:00","breadcrumb":{"@id":"https:\/\/www.gioielleriagrande.it\/prodotto\/128445\/#breadcrumb"},"inLanguage":"en-US","potentialAction":[{"@type":"ReadAction","target":["https:\/\/www.gioielleriagrande.it\/prodotto\/128445\/"]}]},{"@type":"ImageObject","inLanguage":"en-US","@id":"https:\/\/www.gioielleriagrande.it\/prodotto\/128445\/#primaryimage","url":"https:\/\/www.gioielleriagrande.it\/wp-content\/uploads\/2025\/06\/SLGA019G.png","contentUrl":"https:\/\/www.gioielleriagrande.it\/wp-content\/uploads\/2025\/06\/SLGA019G.png","width":1102,"height":1102,"caption":"SLGA019G.png"},{"@type":"BreadcrumbList","@id":"https:\/\/www.gioielleriagrande.it\/prodotto\/128445\/#breadcrumb","itemListElement":[{"@type":"ListItem","position":1,"name":"Home","item":"https:\/\/www.gioielleriagrande.it\/"},{"@type":"ListItem","position":2,"name":"Shop","item":"https:\/\/www.gioielleriagrande.it\/negozio\/"},{"@type":"ListItem","position":3,"name":"Orologio Un modello automatico Spring Drive 5-Giorni, ispirato al Lago Suwa mosso dalla brezza mattutina."}]},{"@type":"WebSite","@id":"https:\/\/www.gioielleriagrande.it\/#website","url":"https:\/\/www.gioielleriagrande.it\/","name":"Gioielleria Grande","description":"","potentialAction":[{"@type":"SearchAction","target":{"@type":"EntryPoint","urlTemplate":"https:\/\/www.gioielleriagrande.it\/?s={search_term_string}"},"query-input":{"@type":"PropertyValueSpecification","valueRequired":true,"valueName":"search_term_string"}}],"inLanguage":"en-US"}]}},"_links":{"self":[{"href":"https:\/\/www.gioielleriagrande.it\/en\/wp-json\/wp\/v2\/product\/477474","targetHints":{"allow":["GET"]}}],"collection":[{"href":"https:\/\/www.gioielleriagrande.it\/en\/wp-json\/wp\/v2\/product"}],"about":[{"href":"https:\/\/www.gioielleriagrande.it\/en\/wp-json\/wp\/v2\/types\/product"}],"replies":[{"embeddable":true,"href":"https:\/\/www.gioielleriagrande.it\/en\/wp-json\/wp\/v2\/comments?post=477474"}],"wp:featuredmedia":[{"embeddable":true,"href":"https:\/\/www.gioielleriagrande.it\/en\/wp-json\/wp\/v2\/media\/477337"}],"wp:attachment":[{"href":"https:\/\/www.gioielleriagrande.it\/en\/wp-json\/wp\/v2\/media?parent=477474"}],"wp:term":[{"taxonomy":"product_brand","embeddable":true,"href":"https:\/\/www.gioielleriagrande.it\/en\/wp-json\/wp\/v2\/product_brand?post=477474"},{"taxonomy":"product_cat","embeddable":true,"href":"https:\/\/www.gioielleriagrande.it\/en\/wp-json\/wp\/v2\/product_cat?post=477474"},{"taxonomy":"product_tag","embeddable":true,"href":"https:\/\/www.gioielleriagrande.it\/en\/wp-json\/wp\/v2\/product_tag?post=477474"}],"curies":[{"name":"wp","href":"https:\/\/api.w.org\/{rel}","templated":true}]}}