{"id":559753,"date":"2025-07-29T12:04:59","date_gmt":"2025-07-29T10:04:59","guid":{"rendered":"https:\/\/www.gioielleriagrande.it\/prodotto\/130740\/"},"modified":"2026-01-27T16:01:26","modified_gmt":"2026-01-27T15:01:26","slug":"130740","status":"publish","type":"product","link":"https:\/\/www.gioielleriagrande.it\/en\/prodotto\/130740\/","title":{"rendered":"REDLINE BRACCIALE PURE, 17,5 CM"},"content":{"rendered":"<p>Il diamante della collezione Pure su un bracciale a filo incarna un aspetto discreto di raffinatezza contemporanea. Adornata con un prezioso diamante luminescente da 0,1 carati, la lunetta in oro nero 18 carati riflette un&#8217;era dallo spirito libero, contrastando ed esaltando al meglio la luminosit\u00e0 del diamante. Simbolo di intimit\u00e0 e connessione, l&#8217;elegante cordoncino aggiunge un tocco di sensibilit\u00e0 e carattere al gioiello. Aggiungi il tuo bracciale personalizzato alla tua collezione di gioielli, scegli tra 4 montature in oro e diverse tonalit\u00e0 di colori dei fili. Una chiusura in oro nero 18 carati ha 3 dimensioni regolabili per garantire una perfetta aderenza al polso. Quindi, un altro classico intramontabile di RedLine che dona glamour al tuo stile.<\/p>\n<p>REF: 1 B<br \/>\nMISURA 17,5 CM<\/p>\n","protected":false},"excerpt":{"rendered":"<p>Il diamante della collezione Pure su un bracciale a filo incarna un aspetto discreto di raffinatezza contemporanea. Adornata con un prezioso diamante luminescente da 0,1 carati, la lunetta in oro nero 18 carati riflette un&#8217;era dallo spirito libero, contrastando ed esaltando al meglio la luminosit\u00e0 del diamante. Simbolo di intimit\u00e0 e connessione, l&#8217;elegante cordoncino aggiunge un tocco di sensibilit\u00e0 e carattere al gioiello. Aggiungi il tuo bracciale personalizzato alla tua collezione di gioielli, scegli tra 4 montature in oro e diverse tonalit\u00e0 di colori dei fili. Una chiusura in oro nero 18 carati ha 3 dimensioni regolabili per garantire una perfetta aderenza al polso. Quindi, un altro classico intramontabile di RedLine che dona glamour al tuo stile.<\/p>\n<p>REF: 1 B<br \/>\nMISURA 17,5 CM<\/p>\n","protected":false},"featured_media":559601,"comment_status":"open","ping_status":"closed","template":"","meta":[],"product_brand":[],"product_cat":[3377],"product_tag":[],"class_list":{"0":"post-559753","1":"product","2":"type-product","3":"status-publish","4":"has-post-thumbnail","6":"brand-7257","7":"line-7258","8":"shops-3355","9":"shop_area-3356","11":"first","12":"instock","13":"taxable","14":"shipping-taxable","15":"purchasable","16":"product-type-simple"},"yoast_head":"<!-- This site is optimized with the Yoast SEO plugin v25.3 - https:\/\/yoast.com\/wordpress\/plugins\/seo\/ -->\n<title>REDLINE BRACCIALE PURE, 17,5 CM - Gioielleria Grande<\/title>\n<meta name=\"robots\" content=\"index, follow, max-snippet:-1, max-image-preview:large, max-video-preview:-1\" \/>\n<link rel=\"canonical\" href=\"https:\/\/www.gioielleriagrande.it\/prodotto\/130740\/\" \/>\n<meta property=\"og:locale\" content=\"en_US\" \/>\n<meta property=\"og:type\" content=\"article\" \/>\n<meta property=\"og:title\" content=\"REDLINE BRACCIALE PURE, 17,5 CM - Gioielleria Grande\" \/>\n<meta property=\"og:description\" content=\"Il diamante della collezione Pure su un bracciale a filo incarna un aspetto discreto di raffinatezza contemporanea. Adornata con un prezioso diamante luminescente da 0,1 carati, la lunetta in oro nero 18 carati riflette un&#039;era dallo spirito libero, contrastando ed esaltando al meglio la luminosit\u00e0 del diamante. Simbolo di intimit\u00e0 e connessione, l&#039;elegante cordoncino aggiunge un tocco di sensibilit\u00e0 e carattere al gioiello. Aggiungi il tuo bracciale personalizzato alla tua collezione di gioielli, scegli tra 4 montature in oro e diverse tonalit\u00e0 di colori dei fili. Una chiusura in oro nero 18 carati ha 3 dimensioni regolabili per garantire una perfetta aderenza al polso. Quindi, un altro classico intramontabile di RedLine che dona glamour al tuo stile. REF: 1 B MISURA 17,5 CM\" \/>\n<meta property=\"og:url\" content=\"https:\/\/www.gioielleriagrande.it\/prodotto\/130740\/\" \/>\n<meta property=\"og:site_name\" content=\"Gioielleria Grande\" \/>\n<meta property=\"article:modified_time\" content=\"2026-01-27T15:01:26+00:00\" \/>\n<meta property=\"og:image\" content=\"https:\/\/www.gioielleriagrande.it\/wp-content\/uploads\/2025\/07\/1N.jpg\" \/>\n\t<meta property=\"og:image:width\" content=\"1919\" \/>\n\t<meta property=\"og:image:height\" content=\"1920\" \/>\n\t<meta property=\"og:image:type\" content=\"image\/jpeg\" \/>\n<meta name=\"twitter:card\" content=\"summary_large_image\" \/>\n<meta name=\"twitter:label1\" content=\"Est. reading time\" \/>\n\t<meta name=\"twitter:data1\" content=\"1 minute\" \/>\n<script type=\"application\/ld+json\" class=\"yoast-schema-graph\">{\"@context\":\"https:\/\/schema.org\",\"@graph\":[{\"@type\":\"WebPage\",\"@id\":\"https:\/\/www.gioielleriagrande.it\/prodotto\/130740\/\",\"url\":\"https:\/\/www.gioielleriagrande.it\/prodotto\/130740\/\",\"name\":\"REDLINE BRACCIALE PURE, 17,5 CM - Gioielleria Grande\",\"isPartOf\":{\"@id\":\"https:\/\/www.gioielleriagrande.it\/#website\"},\"primaryImageOfPage\":{\"@id\":\"https:\/\/www.gioielleriagrande.it\/prodotto\/130740\/#primaryimage\"},\"image\":{\"@id\":\"https:\/\/www.gioielleriagrande.it\/prodotto\/130740\/#primaryimage\"},\"thumbnailUrl\":\"https:\/\/www.gioielleriagrande.it\/wp-content\/uploads\/2025\/07\/1N.jpg\",\"datePublished\":\"2025-07-29T10:04:59+00:00\",\"dateModified\":\"2026-01-27T15:01:26+00:00\",\"breadcrumb\":{\"@id\":\"https:\/\/www.gioielleriagrande.it\/prodotto\/130740\/#breadcrumb\"},\"inLanguage\":\"en-US\",\"potentialAction\":[{\"@type\":\"ReadAction\",\"target\":[\"https:\/\/www.gioielleriagrande.it\/prodotto\/130740\/\"]}]},{\"@type\":\"ImageObject\",\"inLanguage\":\"en-US\",\"@id\":\"https:\/\/www.gioielleriagrande.it\/prodotto\/130740\/#primaryimage\",\"url\":\"https:\/\/www.gioielleriagrande.it\/wp-content\/uploads\/2025\/07\/1N.jpg\",\"contentUrl\":\"https:\/\/www.gioielleriagrande.it\/wp-content\/uploads\/2025\/07\/1N.jpg\",\"width\":1919,\"height\":1920,\"caption\":\"1N.jpg\"},{\"@type\":\"BreadcrumbList\",\"@id\":\"https:\/\/www.gioielleriagrande.it\/prodotto\/130740\/#breadcrumb\",\"itemListElement\":[{\"@type\":\"ListItem\",\"position\":1,\"name\":\"Home\",\"item\":\"https:\/\/www.gioielleriagrande.it\/\"},{\"@type\":\"ListItem\",\"position\":2,\"name\":\"Shop\",\"item\":\"https:\/\/www.gioielleriagrande.it\/negozio\/\"},{\"@type\":\"ListItem\",\"position\":3,\"name\":\"REDLINE BRACCIALE PURE, 17,5 CM\"}]},{\"@type\":\"WebSite\",\"@id\":\"https:\/\/www.gioielleriagrande.it\/#website\",\"url\":\"https:\/\/www.gioielleriagrande.it\/\",\"name\":\"Gioielleria Grande\",\"description\":\"\",\"potentialAction\":[{\"@type\":\"SearchAction\",\"target\":{\"@type\":\"EntryPoint\",\"urlTemplate\":\"https:\/\/www.gioielleriagrande.it\/?s={search_term_string}\"},\"query-input\":{\"@type\":\"PropertyValueSpecification\",\"valueRequired\":true,\"valueName\":\"search_term_string\"}}],\"inLanguage\":\"en-US\"}]}<\/script>\n<!-- \/ Yoast SEO plugin. -->","yoast_head_json":{"title":"REDLINE BRACCIALE PURE, 17,5 CM - Gioielleria Grande","robots":{"index":"index","follow":"follow","max-snippet":"max-snippet:-1","max-image-preview":"max-image-preview:large","max-video-preview":"max-video-preview:-1"},"canonical":"https:\/\/www.gioielleriagrande.it\/prodotto\/130740\/","og_locale":"en_US","og_type":"article","og_title":"REDLINE BRACCIALE PURE, 17,5 CM - Gioielleria Grande","og_description":"Il diamante della collezione Pure su un bracciale a filo incarna un aspetto discreto di raffinatezza contemporanea. Adornata con un prezioso diamante luminescente da 0,1 carati, la lunetta in oro nero 18 carati riflette un'era dallo spirito libero, contrastando ed esaltando al meglio la luminosit\u00e0 del diamante. Simbolo di intimit\u00e0 e connessione, l'elegante cordoncino aggiunge un tocco di sensibilit\u00e0 e carattere al gioiello. Aggiungi il tuo bracciale personalizzato alla tua collezione di gioielli, scegli tra 4 montature in oro e diverse tonalit\u00e0 di colori dei fili. Una chiusura in oro nero 18 carati ha 3 dimensioni regolabili per garantire una perfetta aderenza al polso. Quindi, un altro classico intramontabile di RedLine che dona glamour al tuo stile. REF: 1 B MISURA 17,5 CM","og_url":"https:\/\/www.gioielleriagrande.it\/prodotto\/130740\/","og_site_name":"Gioielleria Grande","article_modified_time":"2026-01-27T15:01:26+00:00","og_image":[{"width":1919,"height":1920,"url":"https:\/\/www.gioielleriagrande.it\/wp-content\/uploads\/2025\/07\/1N.jpg","type":"image\/jpeg"}],"twitter_card":"summary_large_image","twitter_misc":{"Est. reading time":"1 minute"},"schema":{"@context":"https:\/\/schema.org","@graph":[{"@type":"WebPage","@id":"https:\/\/www.gioielleriagrande.it\/prodotto\/130740\/","url":"https:\/\/www.gioielleriagrande.it\/prodotto\/130740\/","name":"REDLINE BRACCIALE PURE, 17,5 CM - Gioielleria Grande","isPartOf":{"@id":"https:\/\/www.gioielleriagrande.it\/#website"},"primaryImageOfPage":{"@id":"https:\/\/www.gioielleriagrande.it\/prodotto\/130740\/#primaryimage"},"image":{"@id":"https:\/\/www.gioielleriagrande.it\/prodotto\/130740\/#primaryimage"},"thumbnailUrl":"https:\/\/www.gioielleriagrande.it\/wp-content\/uploads\/2025\/07\/1N.jpg","datePublished":"2025-07-29T10:04:59+00:00","dateModified":"2026-01-27T15:01:26+00:00","breadcrumb":{"@id":"https:\/\/www.gioielleriagrande.it\/prodotto\/130740\/#breadcrumb"},"inLanguage":"en-US","potentialAction":[{"@type":"ReadAction","target":["https:\/\/www.gioielleriagrande.it\/prodotto\/130740\/"]}]},{"@type":"ImageObject","inLanguage":"en-US","@id":"https:\/\/www.gioielleriagrande.it\/prodotto\/130740\/#primaryimage","url":"https:\/\/www.gioielleriagrande.it\/wp-content\/uploads\/2025\/07\/1N.jpg","contentUrl":"https:\/\/www.gioielleriagrande.it\/wp-content\/uploads\/2025\/07\/1N.jpg","width":1919,"height":1920,"caption":"1N.jpg"},{"@type":"BreadcrumbList","@id":"https:\/\/www.gioielleriagrande.it\/prodotto\/130740\/#breadcrumb","itemListElement":[{"@type":"ListItem","position":1,"name":"Home","item":"https:\/\/www.gioielleriagrande.it\/"},{"@type":"ListItem","position":2,"name":"Shop","item":"https:\/\/www.gioielleriagrande.it\/negozio\/"},{"@type":"ListItem","position":3,"name":"REDLINE BRACCIALE PURE, 17,5 CM"}]},{"@type":"WebSite","@id":"https:\/\/www.gioielleriagrande.it\/#website","url":"https:\/\/www.gioielleriagrande.it\/","name":"Gioielleria Grande","description":"","potentialAction":[{"@type":"SearchAction","target":{"@type":"EntryPoint","urlTemplate":"https:\/\/www.gioielleriagrande.it\/?s={search_term_string}"},"query-input":{"@type":"PropertyValueSpecification","valueRequired":true,"valueName":"search_term_string"}}],"inLanguage":"en-US"}]}},"_links":{"self":[{"href":"https:\/\/www.gioielleriagrande.it\/en\/wp-json\/wp\/v2\/product\/559753","targetHints":{"allow":["GET"]}}],"collection":[{"href":"https:\/\/www.gioielleriagrande.it\/en\/wp-json\/wp\/v2\/product"}],"about":[{"href":"https:\/\/www.gioielleriagrande.it\/en\/wp-json\/wp\/v2\/types\/product"}],"replies":[{"embeddable":true,"href":"https:\/\/www.gioielleriagrande.it\/en\/wp-json\/wp\/v2\/comments?post=559753"}],"wp:featuredmedia":[{"embeddable":true,"href":"https:\/\/www.gioielleriagrande.it\/en\/wp-json\/wp\/v2\/media\/559601"}],"wp:attachment":[{"href":"https:\/\/www.gioielleriagrande.it\/en\/wp-json\/wp\/v2\/media?parent=559753"}],"wp:term":[{"taxonomy":"product_brand","embeddable":true,"href":"https:\/\/www.gioielleriagrande.it\/en\/wp-json\/wp\/v2\/product_brand?post=559753"},{"taxonomy":"product_cat","embeddable":true,"href":"https:\/\/www.gioielleriagrande.it\/en\/wp-json\/wp\/v2\/product_cat?post=559753"},{"taxonomy":"product_tag","embeddable":true,"href":"https:\/\/www.gioielleriagrande.it\/en\/wp-json\/wp\/v2\/product_tag?post=559753"}],"curies":[{"name":"wp","href":"https:\/\/api.w.org\/{rel}","templated":true}]}}