{"id":606275,"date":"2025-09-12T17:56:21","date_gmt":"2025-09-12T15:56:21","guid":{"rendered":"https:\/\/www.gioielleriagrande.it\/prodotto\/162857\/"},"modified":"2025-11-22T18:02:10","modified_gmt":"2025-11-22T17:02:10","slug":"162857","status":"publish","type":"product","link":"https:\/\/www.gioielleriagrande.it\/en\/prodotto\/162857\/","title":{"rendered":"Montblanc Trolley da cabina compatto #MY4810 Extreme 3.0"},"content":{"rendered":"<p>Preparati a partire per la tua prossima avventura con l\u2019esclusivo trolley da cabina #MY4810. Realizzato in leggero policarbonato argento, si distingue per l\u2019iconico motivo maxi Extreme 3.0 e per la sua resistenza, garantendo massima affidabilit\u00e0 in ogni viaggio. Le ruote eleganti e scorrevoli permettono una manovrabilit\u00e0 fluida su qualsiasi superficie, mentre la maniglia regolabile assicura comfort e praticit\u00e0. L\u2019interno \u00e8 organizzato con scomparti con cerniera su entrambi i lati e due organizer rimovibili, per un bagaglio sempre in ordine. Con dimensioni di 35 x 55 x 21 cm, perfette per gli scomparti portabagagli, questo trolley rappresenta la scelta ideale per il viaggiatore moderno. Si consiglia di verificare le politiche della compagnia aerea prima della partenza.<\/p>\n<p>REF: 220300<\/p>\n","protected":false},"excerpt":{"rendered":"<p>Preparati a partire per la tua prossima avventura con l\u2019esclusivo trolley da cabina #MY4810. Realizzato in leggero policarbonato argento, si distingue per l\u2019iconico motivo maxi Extreme 3.0 e per la sua resistenza, garantendo massima affidabilit\u00e0 in ogni viaggio. Le ruote eleganti e scorrevoli permettono una manovrabilit\u00e0 fluida su qualsiasi superficie, mentre la maniglia regolabile assicura comfort e praticit\u00e0. L\u2019interno \u00e8 organizzato con scomparti con cerniera su entrambi i lati e due organizer rimovibili, per un bagaglio sempre in ordine. Con dimensioni di 35 x 55 x 21 cm, perfette per gli scomparti portabagagli, questo trolley rappresenta la scelta ideale per il viaggiatore moderno. Si consiglia di verificare le politiche della compagnia aerea prima della partenza.<\/p>\n<p>REF: 220300<\/p>\n","protected":false},"featured_media":606244,"comment_status":"open","ping_status":"closed","template":"","meta":[],"product_brand":[],"product_cat":[3514],"product_tag":[],"class_list":{"0":"post-606275","1":"product","2":"type-product","3":"status-publish","4":"has-post-thumbnail","6":"brand-5154","7":"shops-3355","8":"shop_area-3358","10":"first","11":"instock","12":"taxable","13":"shipping-taxable","14":"purchasable","15":"product-type-simple"},"yoast_head":"<!-- This site is optimized with the Yoast SEO plugin v25.3 - https:\/\/yoast.com\/wordpress\/plugins\/seo\/ -->\n<title>Montblanc Trolley da cabina compatto #MY4810 Extreme 3.0 - Gioielleria Grande<\/title>\n<meta name=\"robots\" content=\"index, follow, max-snippet:-1, max-image-preview:large, max-video-preview:-1\" \/>\n<link rel=\"canonical\" href=\"https:\/\/www.gioielleriagrande.it\/prodotto\/162857\/\" \/>\n<meta property=\"og:locale\" content=\"en_US\" \/>\n<meta property=\"og:type\" content=\"article\" \/>\n<meta property=\"og:title\" content=\"Montblanc Trolley da cabina compatto #MY4810 Extreme 3.0 - Gioielleria Grande\" \/>\n<meta property=\"og:description\" content=\"Preparati a partire per la tua prossima avventura con l\u2019esclusivo trolley da cabina #MY4810. Realizzato in leggero policarbonato argento, si distingue per l\u2019iconico motivo maxi Extreme 3.0 e per la sua resistenza, garantendo massima affidabilit\u00e0 in ogni viaggio. Le ruote eleganti e scorrevoli permettono una manovrabilit\u00e0 fluida su qualsiasi superficie, mentre la maniglia regolabile assicura comfort e praticit\u00e0. L\u2019interno \u00e8 organizzato con scomparti con cerniera su entrambi i lati e due organizer rimovibili, per un bagaglio sempre in ordine. Con dimensioni di 35 x 55 x 21 cm, perfette per gli scomparti portabagagli, questo trolley rappresenta la scelta ideale per il viaggiatore moderno. Si consiglia di verificare le politiche della compagnia aerea prima della partenza. REF: 220300\" \/>\n<meta property=\"og:url\" content=\"https:\/\/www.gioielleriagrande.it\/prodotto\/162857\/\" \/>\n<meta property=\"og:site_name\" content=\"Gioielleria Grande\" \/>\n<meta property=\"article:modified_time\" content=\"2025-11-22T17:02:10+00:00\" \/>\n<meta property=\"og:image\" content=\"https:\/\/www.gioielleriagrande.it\/wp-content\/uploads\/2025\/09\/220300-2.png\" \/>\n\t<meta property=\"og:image:width\" content=\"640\" \/>\n\t<meta property=\"og:image:height\" content=\"640\" \/>\n\t<meta property=\"og:image:type\" content=\"image\/png\" \/>\n<meta name=\"twitter:card\" content=\"summary_large_image\" \/>\n<meta name=\"twitter:label1\" content=\"Est. reading time\" \/>\n\t<meta name=\"twitter:data1\" content=\"1 minute\" \/>\n<script type=\"application\/ld+json\" class=\"yoast-schema-graph\">{\"@context\":\"https:\/\/schema.org\",\"@graph\":[{\"@type\":\"WebPage\",\"@id\":\"https:\/\/www.gioielleriagrande.it\/prodotto\/162857\/\",\"url\":\"https:\/\/www.gioielleriagrande.it\/prodotto\/162857\/\",\"name\":\"Montblanc Trolley da cabina compatto #MY4810 Extreme 3.0 - Gioielleria Grande\",\"isPartOf\":{\"@id\":\"https:\/\/www.gioielleriagrande.it\/#website\"},\"primaryImageOfPage\":{\"@id\":\"https:\/\/www.gioielleriagrande.it\/prodotto\/162857\/#primaryimage\"},\"image\":{\"@id\":\"https:\/\/www.gioielleriagrande.it\/prodotto\/162857\/#primaryimage\"},\"thumbnailUrl\":\"https:\/\/www.gioielleriagrande.it\/wp-content\/uploads\/2025\/09\/220300-2.png\",\"datePublished\":\"2025-09-12T15:56:21+00:00\",\"dateModified\":\"2025-11-22T17:02:10+00:00\",\"breadcrumb\":{\"@id\":\"https:\/\/www.gioielleriagrande.it\/prodotto\/162857\/#breadcrumb\"},\"inLanguage\":\"en-US\",\"potentialAction\":[{\"@type\":\"ReadAction\",\"target\":[\"https:\/\/www.gioielleriagrande.it\/prodotto\/162857\/\"]}]},{\"@type\":\"ImageObject\",\"inLanguage\":\"en-US\",\"@id\":\"https:\/\/www.gioielleriagrande.it\/prodotto\/162857\/#primaryimage\",\"url\":\"https:\/\/www.gioielleriagrande.it\/wp-content\/uploads\/2025\/09\/220300-2.png\",\"contentUrl\":\"https:\/\/www.gioielleriagrande.it\/wp-content\/uploads\/2025\/09\/220300-2.png\",\"width\":2500,\"height\":2500,\"caption\":\"220300 2.png\"},{\"@type\":\"BreadcrumbList\",\"@id\":\"https:\/\/www.gioielleriagrande.it\/prodotto\/162857\/#breadcrumb\",\"itemListElement\":[{\"@type\":\"ListItem\",\"position\":1,\"name\":\"Home\",\"item\":\"https:\/\/www.gioielleriagrande.it\/\"},{\"@type\":\"ListItem\",\"position\":2,\"name\":\"Shop\",\"item\":\"https:\/\/www.gioielleriagrande.it\/negozio\/\"},{\"@type\":\"ListItem\",\"position\":3,\"name\":\"Montblanc Trolley da cabina compatto #MY4810 Extreme 3.0\"}]},{\"@type\":\"WebSite\",\"@id\":\"https:\/\/www.gioielleriagrande.it\/#website\",\"url\":\"https:\/\/www.gioielleriagrande.it\/\",\"name\":\"Gioielleria Grande\",\"description\":\"\",\"potentialAction\":[{\"@type\":\"SearchAction\",\"target\":{\"@type\":\"EntryPoint\",\"urlTemplate\":\"https:\/\/www.gioielleriagrande.it\/?s={search_term_string}\"},\"query-input\":{\"@type\":\"PropertyValueSpecification\",\"valueRequired\":true,\"valueName\":\"search_term_string\"}}],\"inLanguage\":\"en-US\"}]}<\/script>\n<!-- \/ Yoast SEO plugin. -->","yoast_head_json":{"title":"Montblanc Trolley da cabina compatto #MY4810 Extreme 3.0 - Gioielleria Grande","robots":{"index":"index","follow":"follow","max-snippet":"max-snippet:-1","max-image-preview":"max-image-preview:large","max-video-preview":"max-video-preview:-1"},"canonical":"https:\/\/www.gioielleriagrande.it\/prodotto\/162857\/","og_locale":"en_US","og_type":"article","og_title":"Montblanc Trolley da cabina compatto #MY4810 Extreme 3.0 - Gioielleria Grande","og_description":"Preparati a partire per la tua prossima avventura con l\u2019esclusivo trolley da cabina #MY4810. Realizzato in leggero policarbonato argento, si distingue per l\u2019iconico motivo maxi Extreme 3.0 e per la sua resistenza, garantendo massima affidabilit\u00e0 in ogni viaggio. Le ruote eleganti e scorrevoli permettono una manovrabilit\u00e0 fluida su qualsiasi superficie, mentre la maniglia regolabile assicura comfort e praticit\u00e0. L\u2019interno \u00e8 organizzato con scomparti con cerniera su entrambi i lati e due organizer rimovibili, per un bagaglio sempre in ordine. Con dimensioni di 35 x 55 x 21 cm, perfette per gli scomparti portabagagli, questo trolley rappresenta la scelta ideale per il viaggiatore moderno. Si consiglia di verificare le politiche della compagnia aerea prima della partenza. REF: 220300","og_url":"https:\/\/www.gioielleriagrande.it\/prodotto\/162857\/","og_site_name":"Gioielleria Grande","article_modified_time":"2025-11-22T17:02:10+00:00","og_image":[{"url":"https:\/\/www.gioielleriagrande.it\/wp-content\/uploads\/2025\/09\/220300-2.png","width":640,"height":640,"type":"image\/png"}],"twitter_card":"summary_large_image","twitter_misc":{"Est. reading time":"1 minute"},"schema":{"@context":"https:\/\/schema.org","@graph":[{"@type":"WebPage","@id":"https:\/\/www.gioielleriagrande.it\/prodotto\/162857\/","url":"https:\/\/www.gioielleriagrande.it\/prodotto\/162857\/","name":"Montblanc Trolley da cabina compatto #MY4810 Extreme 3.0 - Gioielleria Grande","isPartOf":{"@id":"https:\/\/www.gioielleriagrande.it\/#website"},"primaryImageOfPage":{"@id":"https:\/\/www.gioielleriagrande.it\/prodotto\/162857\/#primaryimage"},"image":{"@id":"https:\/\/www.gioielleriagrande.it\/prodotto\/162857\/#primaryimage"},"thumbnailUrl":"https:\/\/www.gioielleriagrande.it\/wp-content\/uploads\/2025\/09\/220300-2.png","datePublished":"2025-09-12T15:56:21+00:00","dateModified":"2025-11-22T17:02:10+00:00","breadcrumb":{"@id":"https:\/\/www.gioielleriagrande.it\/prodotto\/162857\/#breadcrumb"},"inLanguage":"en-US","potentialAction":[{"@type":"ReadAction","target":["https:\/\/www.gioielleriagrande.it\/prodotto\/162857\/"]}]},{"@type":"ImageObject","inLanguage":"en-US","@id":"https:\/\/www.gioielleriagrande.it\/prodotto\/162857\/#primaryimage","url":"https:\/\/www.gioielleriagrande.it\/wp-content\/uploads\/2025\/09\/220300-2.png","contentUrl":"https:\/\/www.gioielleriagrande.it\/wp-content\/uploads\/2025\/09\/220300-2.png","width":2500,"height":2500,"caption":"220300 2.png"},{"@type":"BreadcrumbList","@id":"https:\/\/www.gioielleriagrande.it\/prodotto\/162857\/#breadcrumb","itemListElement":[{"@type":"ListItem","position":1,"name":"Home","item":"https:\/\/www.gioielleriagrande.it\/"},{"@type":"ListItem","position":2,"name":"Shop","item":"https:\/\/www.gioielleriagrande.it\/negozio\/"},{"@type":"ListItem","position":3,"name":"Montblanc Trolley da cabina compatto #MY4810 Extreme 3.0"}]},{"@type":"WebSite","@id":"https:\/\/www.gioielleriagrande.it\/#website","url":"https:\/\/www.gioielleriagrande.it\/","name":"Gioielleria Grande","description":"","potentialAction":[{"@type":"SearchAction","target":{"@type":"EntryPoint","urlTemplate":"https:\/\/www.gioielleriagrande.it\/?s={search_term_string}"},"query-input":{"@type":"PropertyValueSpecification","valueRequired":true,"valueName":"search_term_string"}}],"inLanguage":"en-US"}]}},"_links":{"self":[{"href":"https:\/\/www.gioielleriagrande.it\/en\/wp-json\/wp\/v2\/product\/606275","targetHints":{"allow":["GET"]}}],"collection":[{"href":"https:\/\/www.gioielleriagrande.it\/en\/wp-json\/wp\/v2\/product"}],"about":[{"href":"https:\/\/www.gioielleriagrande.it\/en\/wp-json\/wp\/v2\/types\/product"}],"replies":[{"embeddable":true,"href":"https:\/\/www.gioielleriagrande.it\/en\/wp-json\/wp\/v2\/comments?post=606275"}],"wp:featuredmedia":[{"embeddable":true,"href":"https:\/\/www.gioielleriagrande.it\/en\/wp-json\/wp\/v2\/media\/606244"}],"wp:attachment":[{"href":"https:\/\/www.gioielleriagrande.it\/en\/wp-json\/wp\/v2\/media?parent=606275"}],"wp:term":[{"taxonomy":"product_brand","embeddable":true,"href":"https:\/\/www.gioielleriagrande.it\/en\/wp-json\/wp\/v2\/product_brand?post=606275"},{"taxonomy":"product_cat","embeddable":true,"href":"https:\/\/www.gioielleriagrande.it\/en\/wp-json\/wp\/v2\/product_cat?post=606275"},{"taxonomy":"product_tag","embeddable":true,"href":"https:\/\/www.gioielleriagrande.it\/en\/wp-json\/wp\/v2\/product_tag?post=606275"}],"curies":[{"name":"wp","href":"https:\/\/api.w.org\/{rel}","templated":true}]}}