{"id":619342,"date":"2025-09-16T13:12:20","date_gmt":"2025-09-16T11:12:20","guid":{"rendered":"https:\/\/www.gioielleriagrande.it\/prodotto\/162925\/"},"modified":"2026-01-27T16:06:20","modified_gmt":"2026-01-27T15:06:20","slug":"162925","status":"publish","type":"product","link":"https:\/\/www.gioielleriagrande.it\/en\/prodotto\/162925\/","title":{"rendered":"Porta carte 6 scomparti Meisterst\u00fcck"},"content":{"rendered":"<p>Sintesi di eleganza discreta grazie al design monocromatico, questo portafoglio \u00e8 realizzato in pelle Meisterst\u00fcck liscia nera e impreziosito da una chiusura in metallo nera goffrata con il contorno del Monte Bianco, in omaggio alla Montblanc Haus. Pensato con cura per offrire funzionalit\u00e0, presenta nove aperture per carte, uno scomparto per banconote, una spaziosa tasca con cerniera e una tasca aggiuntiva per un\u2019organizzazione perfetta.<\/p>\n","protected":false},"excerpt":{"rendered":"<p>Sintesi di eleganza discreta grazie al design monocromatico, questo portafoglio \u00e8 realizzato in pelle Meisterst\u00fcck liscia nera e impreziosito da una chiusura in metallo nera goffrata con il contorno del Monte Bianco, in omaggio alla Montblanc Haus. Pensato con cura per offrire funzionalit\u00e0, presenta nove aperture per carte, uno scomparto per banconote, una spaziosa tasca con cerniera e una tasca aggiuntiva per un\u2019organizzazione perfetta.<\/p>\n","protected":false},"featured_media":619002,"comment_status":"open","ping_status":"closed","template":"","meta":[],"product_brand":[],"product_cat":[3499],"product_tag":[],"class_list":{"0":"post-619342","1":"product","2":"type-product","3":"status-publish","4":"has-post-thumbnail","6":"brand-5154","7":"shops-3355","8":"shop_area-3357","10":"first","11":"outofstock","12":"taxable","13":"shipping-taxable","14":"purchasable","15":"product-type-simple"},"yoast_head":"<!-- This site is optimized with the Yoast SEO plugin v25.3 - https:\/\/yoast.com\/wordpress\/plugins\/seo\/ -->\n<title>Porta carte 6 scomparti Meisterst\u00fcck - Gioielleria Grande<\/title>\n<meta name=\"robots\" content=\"index, follow, max-snippet:-1, max-image-preview:large, max-video-preview:-1\" \/>\n<link rel=\"canonical\" href=\"https:\/\/www.gioielleriagrande.it\/prodotto\/162925\/\" \/>\n<meta property=\"og:locale\" content=\"en_US\" \/>\n<meta property=\"og:type\" content=\"article\" \/>\n<meta property=\"og:title\" content=\"Porta carte 6 scomparti Meisterst\u00fcck - Gioielleria Grande\" \/>\n<meta property=\"og:description\" content=\"Sintesi di eleganza discreta grazie al design monocromatico, questo portafoglio \u00e8 realizzato in pelle Meisterst\u00fcck liscia nera e impreziosito da una chiusura in metallo nera goffrata con il contorno del Monte Bianco, in omaggio alla Montblanc Haus. Pensato con cura per offrire funzionalit\u00e0, presenta nove aperture per carte, uno scomparto per banconote, una spaziosa tasca con cerniera e una tasca aggiuntiva per un\u2019organizzazione perfetta.\" \/>\n<meta property=\"og:url\" content=\"https:\/\/www.gioielleriagrande.it\/prodotto\/162925\/\" \/>\n<meta property=\"og:site_name\" content=\"Gioielleria Grande\" \/>\n<meta property=\"article:modified_time\" content=\"2026-01-27T15:06:20+00:00\" \/>\n<meta name=\"twitter:card\" content=\"summary_large_image\" \/>\n<script type=\"application\/ld+json\" class=\"yoast-schema-graph\">{\"@context\":\"https:\/\/schema.org\",\"@graph\":[{\"@type\":\"WebPage\",\"@id\":\"https:\/\/www.gioielleriagrande.it\/prodotto\/162925\/\",\"url\":\"https:\/\/www.gioielleriagrande.it\/prodotto\/162925\/\",\"name\":\"Porta carte 6 scomparti Meisterst\u00fcck - Gioielleria Grande\",\"isPartOf\":{\"@id\":\"https:\/\/www.gioielleriagrande.it\/#website\"},\"primaryImageOfPage\":{\"@id\":\"https:\/\/www.gioielleriagrande.it\/prodotto\/162925\/#primaryimage\"},\"image\":{\"@id\":\"https:\/\/www.gioielleriagrande.it\/prodotto\/162925\/#primaryimage\"},\"thumbnailUrl\":\"https:\/\/www.gioielleriagrande.it\/wp-content\/uploads\/2025\/09\/220319-PORTAFOGLIO-MONTBLANC.png\",\"datePublished\":\"2025-09-16T11:12:20+00:00\",\"dateModified\":\"2026-01-27T15:06:20+00:00\",\"breadcrumb\":{\"@id\":\"https:\/\/www.gioielleriagrande.it\/prodotto\/162925\/#breadcrumb\"},\"inLanguage\":\"en-US\",\"potentialAction\":[{\"@type\":\"ReadAction\",\"target\":[\"https:\/\/www.gioielleriagrande.it\/prodotto\/162925\/\"]}]},{\"@type\":\"ImageObject\",\"inLanguage\":\"en-US\",\"@id\":\"https:\/\/www.gioielleriagrande.it\/prodotto\/162925\/#primaryimage\",\"url\":\"https:\/\/www.gioielleriagrande.it\/wp-content\/uploads\/2025\/09\/220319-PORTAFOGLIO-MONTBLANC.png\",\"contentUrl\":\"https:\/\/www.gioielleriagrande.it\/wp-content\/uploads\/2025\/09\/220319-PORTAFOGLIO-MONTBLANC.png\",\"width\":1500,\"height\":1500,\"caption\":\"220319-PORTAFOGLIO-MONTBLANC.png\"},{\"@type\":\"BreadcrumbList\",\"@id\":\"https:\/\/www.gioielleriagrande.it\/prodotto\/162925\/#breadcrumb\",\"itemListElement\":[{\"@type\":\"ListItem\",\"position\":1,\"name\":\"Home\",\"item\":\"https:\/\/www.gioielleriagrande.it\/\"},{\"@type\":\"ListItem\",\"position\":2,\"name\":\"Shop\",\"item\":\"https:\/\/www.gioielleriagrande.it\/negozio\/\"},{\"@type\":\"ListItem\",\"position\":3,\"name\":\"Porta carte 6 scomparti Meisterst\u00fcck\"}]},{\"@type\":\"WebSite\",\"@id\":\"https:\/\/www.gioielleriagrande.it\/#website\",\"url\":\"https:\/\/www.gioielleriagrande.it\/\",\"name\":\"Gioielleria Grande\",\"description\":\"\",\"potentialAction\":[{\"@type\":\"SearchAction\",\"target\":{\"@type\":\"EntryPoint\",\"urlTemplate\":\"https:\/\/www.gioielleriagrande.it\/?s={search_term_string}\"},\"query-input\":{\"@type\":\"PropertyValueSpecification\",\"valueRequired\":true,\"valueName\":\"search_term_string\"}}],\"inLanguage\":\"en-US\"}]}<\/script>\n<!-- \/ Yoast SEO plugin. -->","yoast_head_json":{"title":"Porta carte 6 scomparti Meisterst\u00fcck - Gioielleria Grande","robots":{"index":"index","follow":"follow","max-snippet":"max-snippet:-1","max-image-preview":"max-image-preview:large","max-video-preview":"max-video-preview:-1"},"canonical":"https:\/\/www.gioielleriagrande.it\/prodotto\/162925\/","og_locale":"en_US","og_type":"article","og_title":"Porta carte 6 scomparti Meisterst\u00fcck - Gioielleria Grande","og_description":"Sintesi di eleganza discreta grazie al design monocromatico, questo portafoglio \u00e8 realizzato in pelle Meisterst\u00fcck liscia nera e impreziosito da una chiusura in metallo nera goffrata con il contorno del Monte Bianco, in omaggio alla Montblanc Haus. Pensato con cura per offrire funzionalit\u00e0, presenta nove aperture per carte, uno scomparto per banconote, una spaziosa tasca con cerniera e una tasca aggiuntiva per un\u2019organizzazione perfetta.","og_url":"https:\/\/www.gioielleriagrande.it\/prodotto\/162925\/","og_site_name":"Gioielleria Grande","article_modified_time":"2026-01-27T15:06:20+00:00","twitter_card":"summary_large_image","schema":{"@context":"https:\/\/schema.org","@graph":[{"@type":"WebPage","@id":"https:\/\/www.gioielleriagrande.it\/prodotto\/162925\/","url":"https:\/\/www.gioielleriagrande.it\/prodotto\/162925\/","name":"Porta carte 6 scomparti Meisterst\u00fcck - Gioielleria Grande","isPartOf":{"@id":"https:\/\/www.gioielleriagrande.it\/#website"},"primaryImageOfPage":{"@id":"https:\/\/www.gioielleriagrande.it\/prodotto\/162925\/#primaryimage"},"image":{"@id":"https:\/\/www.gioielleriagrande.it\/prodotto\/162925\/#primaryimage"},"thumbnailUrl":"https:\/\/www.gioielleriagrande.it\/wp-content\/uploads\/2025\/09\/220319-PORTAFOGLIO-MONTBLANC.png","datePublished":"2025-09-16T11:12:20+00:00","dateModified":"2026-01-27T15:06:20+00:00","breadcrumb":{"@id":"https:\/\/www.gioielleriagrande.it\/prodotto\/162925\/#breadcrumb"},"inLanguage":"en-US","potentialAction":[{"@type":"ReadAction","target":["https:\/\/www.gioielleriagrande.it\/prodotto\/162925\/"]}]},{"@type":"ImageObject","inLanguage":"en-US","@id":"https:\/\/www.gioielleriagrande.it\/prodotto\/162925\/#primaryimage","url":"https:\/\/www.gioielleriagrande.it\/wp-content\/uploads\/2025\/09\/220319-PORTAFOGLIO-MONTBLANC.png","contentUrl":"https:\/\/www.gioielleriagrande.it\/wp-content\/uploads\/2025\/09\/220319-PORTAFOGLIO-MONTBLANC.png","width":1500,"height":1500,"caption":"220319-PORTAFOGLIO-MONTBLANC.png"},{"@type":"BreadcrumbList","@id":"https:\/\/www.gioielleriagrande.it\/prodotto\/162925\/#breadcrumb","itemListElement":[{"@type":"ListItem","position":1,"name":"Home","item":"https:\/\/www.gioielleriagrande.it\/"},{"@type":"ListItem","position":2,"name":"Shop","item":"https:\/\/www.gioielleriagrande.it\/negozio\/"},{"@type":"ListItem","position":3,"name":"Porta carte 6 scomparti Meisterst\u00fcck"}]},{"@type":"WebSite","@id":"https:\/\/www.gioielleriagrande.it\/#website","url":"https:\/\/www.gioielleriagrande.it\/","name":"Gioielleria Grande","description":"","potentialAction":[{"@type":"SearchAction","target":{"@type":"EntryPoint","urlTemplate":"https:\/\/www.gioielleriagrande.it\/?s={search_term_string}"},"query-input":{"@type":"PropertyValueSpecification","valueRequired":true,"valueName":"search_term_string"}}],"inLanguage":"en-US"}]}},"_links":{"self":[{"href":"https:\/\/www.gioielleriagrande.it\/en\/wp-json\/wp\/v2\/product\/619342","targetHints":{"allow":["GET"]}}],"collection":[{"href":"https:\/\/www.gioielleriagrande.it\/en\/wp-json\/wp\/v2\/product"}],"about":[{"href":"https:\/\/www.gioielleriagrande.it\/en\/wp-json\/wp\/v2\/types\/product"}],"replies":[{"embeddable":true,"href":"https:\/\/www.gioielleriagrande.it\/en\/wp-json\/wp\/v2\/comments?post=619342"}],"wp:featuredmedia":[{"embeddable":true,"href":"https:\/\/www.gioielleriagrande.it\/en\/wp-json\/wp\/v2\/media\/619002"}],"wp:attachment":[{"href":"https:\/\/www.gioielleriagrande.it\/en\/wp-json\/wp\/v2\/media?parent=619342"}],"wp:term":[{"taxonomy":"product_brand","embeddable":true,"href":"https:\/\/www.gioielleriagrande.it\/en\/wp-json\/wp\/v2\/product_brand?post=619342"},{"taxonomy":"product_cat","embeddable":true,"href":"https:\/\/www.gioielleriagrande.it\/en\/wp-json\/wp\/v2\/product_cat?post=619342"},{"taxonomy":"product_tag","embeddable":true,"href":"https:\/\/www.gioielleriagrande.it\/en\/wp-json\/wp\/v2\/product_tag?post=619342"}],"curies":[{"name":"wp","href":"https:\/\/api.w.org\/{rel}","templated":true}]}}