{"id":639190,"date":"2025-10-04T13:15:57","date_gmt":"2025-10-04T11:15:57","guid":{"rendered":"https:\/\/www.gioielleriagrande.it\/prodotto\/125013\/"},"modified":"2025-11-22T18:09:22","modified_gmt":"2025-11-22T17:09:22","slug":"125013","status":"publish","type":"product","link":"https:\/\/www.gioielleriagrande.it\/en\/prodotto\/125013\/","title":{"rendered":"Penna A Sfera Meisterst\u00fcck Le Petit Prince Classique"},"content":{"rendered":"<p>La penna a sfera meisterst\u00fcck le petit prince classique in pregiata resina color marrone scuro \u00e8 legata all\u2019estetica aviator. il cappuccio rivela una frase tratta dal libro \u201cil piccolo principe\u201d ed \u00e8 coronato dall\u2019iconico emblema. l\u2019anello centrale dei tre anelli finitura platino reca il logo montblanc, mentre la clip \u00e8 impreziosita da una stella gialla laccata.<\/p>\n<p>REF: 119667<\/p>\n","protected":false},"excerpt":{"rendered":"<p>La penna a sfera meisterst\u00fcck le petit prince classique in pregiata resina color marrone scuro \u00e8 legata all\u2019estetica aviator. il cappuccio rivela una frase tratta dal libro \u201cil piccolo principe\u201d ed \u00e8 coronato dall\u2019iconico emblema. l\u2019anello centrale dei tre anelli finitura platino reca il logo montblanc, mentre la clip \u00e8 impreziosita da una stella gialla laccata.<\/p>\n<p>REF: 119667<\/p>\n","protected":false},"featured_media":83492,"comment_status":"open","ping_status":"closed","template":"","meta":[],"product_brand":[],"product_cat":[3495],"product_tag":[],"class_list":{"0":"post-639190","1":"product","2":"type-product","3":"status-publish","4":"has-post-thumbnail","6":"brand-5154","7":"shops-3355","8":"shop_area-3358","10":"first","11":"instock","12":"taxable","13":"shipping-taxable","14":"purchasable","15":"product-type-simple"},"yoast_head":"<!-- This site is optimized with the Yoast SEO plugin v25.3 - https:\/\/yoast.com\/wordpress\/plugins\/seo\/ -->\n<title>Penna A Sfera Meisterst\u00fcck Le Petit Prince Classique - Gioielleria Grande<\/title>\n<meta name=\"robots\" content=\"index, follow, max-snippet:-1, max-image-preview:large, max-video-preview:-1\" \/>\n<link rel=\"canonical\" href=\"https:\/\/www.gioielleriagrande.it\/prodotto\/125013\/\" \/>\n<meta property=\"og:locale\" content=\"en_US\" \/>\n<meta property=\"og:type\" content=\"article\" \/>\n<meta property=\"og:title\" content=\"Penna A Sfera Meisterst\u00fcck Le Petit Prince Classique - Gioielleria Grande\" \/>\n<meta property=\"og:description\" content=\"La penna a sfera meisterst\u00fcck le petit prince classique in pregiata resina color marrone scuro \u00e8 legata all\u2019estetica aviator. il cappuccio rivela una frase tratta dal libro \u201cil piccolo principe\u201d ed \u00e8 coronato dall\u2019iconico emblema. l\u2019anello centrale dei tre anelli finitura platino reca il logo montblanc, mentre la clip \u00e8 impreziosita da una stella gialla laccata. REF: 119667\" \/>\n<meta property=\"og:url\" content=\"https:\/\/www.gioielleriagrande.it\/prodotto\/125013\/\" \/>\n<meta property=\"og:site_name\" content=\"Gioielleria Grande\" \/>\n<meta property=\"article:modified_time\" content=\"2025-11-22T17:09:22+00:00\" \/>\n<meta name=\"twitter:card\" content=\"summary_large_image\" \/>\n<script type=\"application\/ld+json\" class=\"yoast-schema-graph\">{\"@context\":\"https:\/\/schema.org\",\"@graph\":[{\"@type\":\"WebPage\",\"@id\":\"https:\/\/www.gioielleriagrande.it\/prodotto\/125013\/\",\"url\":\"https:\/\/www.gioielleriagrande.it\/prodotto\/125013\/\",\"name\":\"Penna A Sfera Meisterst\u00fcck Le Petit Prince Classique - Gioielleria Grande\",\"isPartOf\":{\"@id\":\"https:\/\/www.gioielleriagrande.it\/#website\"},\"primaryImageOfPage\":{\"@id\":\"https:\/\/www.gioielleriagrande.it\/prodotto\/125013\/#primaryimage\"},\"image\":{\"@id\":\"https:\/\/www.gioielleriagrande.it\/prodotto\/125013\/#primaryimage\"},\"thumbnailUrl\":\"https:\/\/www.gioielleriagrande.it\/wp-content\/uploads\/2022\/08\/de2017ec-9fbc-4a9d-914c-65198ebf1f3f.png\",\"datePublished\":\"2025-10-04T11:15:57+00:00\",\"dateModified\":\"2025-11-22T17:09:22+00:00\",\"breadcrumb\":{\"@id\":\"https:\/\/www.gioielleriagrande.it\/prodotto\/125013\/#breadcrumb\"},\"inLanguage\":\"en-US\",\"potentialAction\":[{\"@type\":\"ReadAction\",\"target\":[\"https:\/\/www.gioielleriagrande.it\/prodotto\/125013\/\"]}]},{\"@type\":\"ImageObject\",\"inLanguage\":\"en-US\",\"@id\":\"https:\/\/www.gioielleriagrande.it\/prodotto\/125013\/#primaryimage\",\"url\":\"https:\/\/www.gioielleriagrande.it\/wp-content\/uploads\/2022\/08\/de2017ec-9fbc-4a9d-914c-65198ebf1f3f.png\",\"contentUrl\":\"https:\/\/www.gioielleriagrande.it\/wp-content\/uploads\/2022\/08\/de2017ec-9fbc-4a9d-914c-65198ebf1f3f.png\",\"width\":491,\"height\":491,\"caption\":\"de2017ec-9fbc-4a9d-914c-65198ebf1f3f.png\"},{\"@type\":\"BreadcrumbList\",\"@id\":\"https:\/\/www.gioielleriagrande.it\/prodotto\/125013\/#breadcrumb\",\"itemListElement\":[{\"@type\":\"ListItem\",\"position\":1,\"name\":\"Home\",\"item\":\"https:\/\/www.gioielleriagrande.it\/\"},{\"@type\":\"ListItem\",\"position\":2,\"name\":\"Shop\",\"item\":\"https:\/\/www.gioielleriagrande.it\/negozio\/\"},{\"@type\":\"ListItem\",\"position\":3,\"name\":\"Penna A Sfera Meisterst\u00fcck Le Petit Prince Classique\"}]},{\"@type\":\"WebSite\",\"@id\":\"https:\/\/www.gioielleriagrande.it\/#website\",\"url\":\"https:\/\/www.gioielleriagrande.it\/\",\"name\":\"Gioielleria Grande\",\"description\":\"\",\"potentialAction\":[{\"@type\":\"SearchAction\",\"target\":{\"@type\":\"EntryPoint\",\"urlTemplate\":\"https:\/\/www.gioielleriagrande.it\/?s={search_term_string}\"},\"query-input\":{\"@type\":\"PropertyValueSpecification\",\"valueRequired\":true,\"valueName\":\"search_term_string\"}}],\"inLanguage\":\"en-US\"}]}<\/script>\n<!-- \/ Yoast SEO plugin. -->","yoast_head_json":{"title":"Penna A Sfera Meisterst\u00fcck Le Petit Prince Classique - Gioielleria Grande","robots":{"index":"index","follow":"follow","max-snippet":"max-snippet:-1","max-image-preview":"max-image-preview:large","max-video-preview":"max-video-preview:-1"},"canonical":"https:\/\/www.gioielleriagrande.it\/prodotto\/125013\/","og_locale":"en_US","og_type":"article","og_title":"Penna A Sfera Meisterst\u00fcck Le Petit Prince Classique - Gioielleria Grande","og_description":"La penna a sfera meisterst\u00fcck le petit prince classique in pregiata resina color marrone scuro \u00e8 legata all\u2019estetica aviator. il cappuccio rivela una frase tratta dal libro \u201cil piccolo principe\u201d ed \u00e8 coronato dall\u2019iconico emblema. l\u2019anello centrale dei tre anelli finitura platino reca il logo montblanc, mentre la clip \u00e8 impreziosita da una stella gialla laccata. REF: 119667","og_url":"https:\/\/www.gioielleriagrande.it\/prodotto\/125013\/","og_site_name":"Gioielleria Grande","article_modified_time":"2025-11-22T17:09:22+00:00","twitter_card":"summary_large_image","schema":{"@context":"https:\/\/schema.org","@graph":[{"@type":"WebPage","@id":"https:\/\/www.gioielleriagrande.it\/prodotto\/125013\/","url":"https:\/\/www.gioielleriagrande.it\/prodotto\/125013\/","name":"Penna A Sfera Meisterst\u00fcck Le Petit Prince Classique - Gioielleria Grande","isPartOf":{"@id":"https:\/\/www.gioielleriagrande.it\/#website"},"primaryImageOfPage":{"@id":"https:\/\/www.gioielleriagrande.it\/prodotto\/125013\/#primaryimage"},"image":{"@id":"https:\/\/www.gioielleriagrande.it\/prodotto\/125013\/#primaryimage"},"thumbnailUrl":"https:\/\/www.gioielleriagrande.it\/wp-content\/uploads\/2022\/08\/de2017ec-9fbc-4a9d-914c-65198ebf1f3f.png","datePublished":"2025-10-04T11:15:57+00:00","dateModified":"2025-11-22T17:09:22+00:00","breadcrumb":{"@id":"https:\/\/www.gioielleriagrande.it\/prodotto\/125013\/#breadcrumb"},"inLanguage":"en-US","potentialAction":[{"@type":"ReadAction","target":["https:\/\/www.gioielleriagrande.it\/prodotto\/125013\/"]}]},{"@type":"ImageObject","inLanguage":"en-US","@id":"https:\/\/www.gioielleriagrande.it\/prodotto\/125013\/#primaryimage","url":"https:\/\/www.gioielleriagrande.it\/wp-content\/uploads\/2022\/08\/de2017ec-9fbc-4a9d-914c-65198ebf1f3f.png","contentUrl":"https:\/\/www.gioielleriagrande.it\/wp-content\/uploads\/2022\/08\/de2017ec-9fbc-4a9d-914c-65198ebf1f3f.png","width":491,"height":491,"caption":"de2017ec-9fbc-4a9d-914c-65198ebf1f3f.png"},{"@type":"BreadcrumbList","@id":"https:\/\/www.gioielleriagrande.it\/prodotto\/125013\/#breadcrumb","itemListElement":[{"@type":"ListItem","position":1,"name":"Home","item":"https:\/\/www.gioielleriagrande.it\/"},{"@type":"ListItem","position":2,"name":"Shop","item":"https:\/\/www.gioielleriagrande.it\/negozio\/"},{"@type":"ListItem","position":3,"name":"Penna A Sfera Meisterst\u00fcck Le Petit Prince Classique"}]},{"@type":"WebSite","@id":"https:\/\/www.gioielleriagrande.it\/#website","url":"https:\/\/www.gioielleriagrande.it\/","name":"Gioielleria Grande","description":"","potentialAction":[{"@type":"SearchAction","target":{"@type":"EntryPoint","urlTemplate":"https:\/\/www.gioielleriagrande.it\/?s={search_term_string}"},"query-input":{"@type":"PropertyValueSpecification","valueRequired":true,"valueName":"search_term_string"}}],"inLanguage":"en-US"}]}},"_links":{"self":[{"href":"https:\/\/www.gioielleriagrande.it\/en\/wp-json\/wp\/v2\/product\/639190","targetHints":{"allow":["GET"]}}],"collection":[{"href":"https:\/\/www.gioielleriagrande.it\/en\/wp-json\/wp\/v2\/product"}],"about":[{"href":"https:\/\/www.gioielleriagrande.it\/en\/wp-json\/wp\/v2\/types\/product"}],"replies":[{"embeddable":true,"href":"https:\/\/www.gioielleriagrande.it\/en\/wp-json\/wp\/v2\/comments?post=639190"}],"wp:featuredmedia":[{"embeddable":true,"href":"https:\/\/www.gioielleriagrande.it\/en\/wp-json\/wp\/v2\/media\/83492"}],"wp:attachment":[{"href":"https:\/\/www.gioielleriagrande.it\/en\/wp-json\/wp\/v2\/media?parent=639190"}],"wp:term":[{"taxonomy":"product_brand","embeddable":true,"href":"https:\/\/www.gioielleriagrande.it\/en\/wp-json\/wp\/v2\/product_brand?post=639190"},{"taxonomy":"product_cat","embeddable":true,"href":"https:\/\/www.gioielleriagrande.it\/en\/wp-json\/wp\/v2\/product_cat?post=639190"},{"taxonomy":"product_tag","embeddable":true,"href":"https:\/\/www.gioielleriagrande.it\/en\/wp-json\/wp\/v2\/product_tag?post=639190"}],"curies":[{"name":"wp","href":"https:\/\/api.w.org\/{rel}","templated":true}]}}