{"id":646056,"date":"2025-10-08T16:02:32","date_gmt":"2025-10-08T14:02:32","guid":{"rendered":"https:\/\/www.gioielleriagrande.it\/prodotto\/163576\/"},"modified":"2026-01-10T12:31:11","modified_gmt":"2026-01-10T11:31:11","slug":"163576","status":"publish","type":"product","link":"https:\/\/www.gioielleriagrande.it\/en\/prodotto\/163576\/","title":{"rendered":"Bracciale Petit Joli Bouquet Lunaire"},"content":{"rendered":"<p>Un&#8217;estensione pi\u00f9 nobile e complessa di Petit Joli \u00e8 presentata in Bouquet Lunaire con adularia, l&#8217;iconica pietra di luna bianca presente in natura. La collezione \u00e8 un&#8217;esplosione di emozioni racchiuse in gioielli preziosi, in cui la gemma Luna emerge come massima espressione di femminilit\u00e0.<\/p>\n<p>Bracciale in oro rosa 18 carati con gemme di luna e diamanti.<br \/>\nREF: 16343R<\/p>\n","protected":false},"excerpt":{"rendered":"<p>Un&#8217;estensione pi\u00f9 nobile e complessa di Petit Joli \u00e8 presentata in Bouquet Lunaire con adularia, l&#8217;iconica pietra di luna bianca presente in natura. La collezione \u00e8 un&#8217;esplosione di emozioni racchiuse in gioielli preziosi, in cui la gemma Luna emerge come massima espressione di femminilit\u00e0.<\/p>\n<p>Bracciale in oro rosa 18 carati con gemme di luna e diamanti.<br \/>\nREF: 16343R<\/p>\n","protected":false},"featured_media":646023,"comment_status":"open","ping_status":"closed","template":"","meta":[],"product_brand":[],"product_cat":[3377],"product_tag":[],"class_list":{"0":"post-646056","1":"product","2":"type-product","3":"status-publish","4":"has-post-thumbnail","6":"brand-5163","7":"shops-3355","8":"shop_area-3356","10":"first","11":"outofstock","12":"taxable","13":"shipping-taxable","14":"purchasable","15":"product-type-simple"},"yoast_head":"<!-- This site is optimized with the Yoast SEO plugin v25.3 - https:\/\/yoast.com\/wordpress\/plugins\/seo\/ -->\n<title>Bracciale Petit Joli Bouquet Lunaire - Gioielleria Grande<\/title>\n<meta name=\"robots\" content=\"index, follow, max-snippet:-1, max-image-preview:large, max-video-preview:-1\" \/>\n<link rel=\"canonical\" href=\"https:\/\/www.gioielleriagrande.it\/prodotto\/163576\/\" \/>\n<meta property=\"og:locale\" content=\"en_US\" \/>\n<meta property=\"og:type\" content=\"article\" \/>\n<meta property=\"og:title\" content=\"Bracciale Petit Joli Bouquet Lunaire - Gioielleria Grande\" \/>\n<meta property=\"og:description\" content=\"Un&#039;estensione pi\u00f9 nobile e complessa di Petit Joli \u00e8 presentata in Bouquet Lunaire con adularia, l&#039;iconica pietra di luna bianca presente in natura. La collezione \u00e8 un&#039;esplosione di emozioni racchiuse in gioielli preziosi, in cui la gemma Luna emerge come massima espressione di femminilit\u00e0. Bracciale in oro rosa 18 carati con gemme di luna e diamanti. REF: 16343R\" \/>\n<meta property=\"og:url\" content=\"https:\/\/www.gioielleriagrande.it\/prodotto\/163576\/\" \/>\n<meta property=\"og:site_name\" content=\"Gioielleria Grande\" \/>\n<meta property=\"article:modified_time\" content=\"2026-01-10T11:31:11+00:00\" \/>\n<meta property=\"og:image\" content=\"https:\/\/www.gioielleriagrande.it\/wp-content\/uploads\/2025\/10\/16343R.png\" \/>\n\t<meta property=\"og:image:width\" content=\"2000\" \/>\n\t<meta property=\"og:image:height\" content=\"2000\" \/>\n\t<meta property=\"og:image:type\" content=\"image\/png\" \/>\n<meta name=\"twitter:card\" content=\"summary_large_image\" \/>\n<script type=\"application\/ld+json\" class=\"yoast-schema-graph\">{\"@context\":\"https:\/\/schema.org\",\"@graph\":[{\"@type\":\"WebPage\",\"@id\":\"https:\/\/www.gioielleriagrande.it\/prodotto\/163576\/\",\"url\":\"https:\/\/www.gioielleriagrande.it\/prodotto\/163576\/\",\"name\":\"Bracciale Petit Joli Bouquet Lunaire - Gioielleria Grande\",\"isPartOf\":{\"@id\":\"https:\/\/www.gioielleriagrande.it\/#website\"},\"primaryImageOfPage\":{\"@id\":\"https:\/\/www.gioielleriagrande.it\/prodotto\/163576\/#primaryimage\"},\"image\":{\"@id\":\"https:\/\/www.gioielleriagrande.it\/prodotto\/163576\/#primaryimage\"},\"thumbnailUrl\":\"https:\/\/www.gioielleriagrande.it\/wp-content\/uploads\/2025\/10\/16343R.png\",\"datePublished\":\"2025-10-08T14:02:32+00:00\",\"dateModified\":\"2026-01-10T11:31:11+00:00\",\"breadcrumb\":{\"@id\":\"https:\/\/www.gioielleriagrande.it\/prodotto\/163576\/#breadcrumb\"},\"inLanguage\":\"en-US\",\"potentialAction\":[{\"@type\":\"ReadAction\",\"target\":[\"https:\/\/www.gioielleriagrande.it\/prodotto\/163576\/\"]}]},{\"@type\":\"ImageObject\",\"inLanguage\":\"en-US\",\"@id\":\"https:\/\/www.gioielleriagrande.it\/prodotto\/163576\/#primaryimage\",\"url\":\"https:\/\/www.gioielleriagrande.it\/wp-content\/uploads\/2025\/10\/16343R.png\",\"contentUrl\":\"https:\/\/www.gioielleriagrande.it\/wp-content\/uploads\/2025\/10\/16343R.png\",\"width\":2000,\"height\":2000,\"caption\":\"16343R.png\"},{\"@type\":\"BreadcrumbList\",\"@id\":\"https:\/\/www.gioielleriagrande.it\/prodotto\/163576\/#breadcrumb\",\"itemListElement\":[{\"@type\":\"ListItem\",\"position\":1,\"name\":\"Home\",\"item\":\"https:\/\/www.gioielleriagrande.it\/\"},{\"@type\":\"ListItem\",\"position\":2,\"name\":\"Shop\",\"item\":\"https:\/\/www.gioielleriagrande.it\/negozio\/\"},{\"@type\":\"ListItem\",\"position\":3,\"name\":\"Bracciale Petit Joli Bouquet Lunaire\"}]},{\"@type\":\"WebSite\",\"@id\":\"https:\/\/www.gioielleriagrande.it\/#website\",\"url\":\"https:\/\/www.gioielleriagrande.it\/\",\"name\":\"Gioielleria Grande\",\"description\":\"\",\"potentialAction\":[{\"@type\":\"SearchAction\",\"target\":{\"@type\":\"EntryPoint\",\"urlTemplate\":\"https:\/\/www.gioielleriagrande.it\/?s={search_term_string}\"},\"query-input\":{\"@type\":\"PropertyValueSpecification\",\"valueRequired\":true,\"valueName\":\"search_term_string\"}}],\"inLanguage\":\"en-US\"}]}<\/script>\n<!-- \/ Yoast SEO plugin. -->","yoast_head_json":{"title":"Bracciale Petit Joli Bouquet Lunaire - Gioielleria Grande","robots":{"index":"index","follow":"follow","max-snippet":"max-snippet:-1","max-image-preview":"max-image-preview:large","max-video-preview":"max-video-preview:-1"},"canonical":"https:\/\/www.gioielleriagrande.it\/prodotto\/163576\/","og_locale":"en_US","og_type":"article","og_title":"Bracciale Petit Joli Bouquet Lunaire - Gioielleria Grande","og_description":"Un'estensione pi\u00f9 nobile e complessa di Petit Joli \u00e8 presentata in Bouquet Lunaire con adularia, l'iconica pietra di luna bianca presente in natura. La collezione \u00e8 un'esplosione di emozioni racchiuse in gioielli preziosi, in cui la gemma Luna emerge come massima espressione di femminilit\u00e0. Bracciale in oro rosa 18 carati con gemme di luna e diamanti. REF: 16343R","og_url":"https:\/\/www.gioielleriagrande.it\/prodotto\/163576\/","og_site_name":"Gioielleria Grande","article_modified_time":"2026-01-10T11:31:11+00:00","og_image":[{"width":2000,"height":2000,"url":"https:\/\/www.gioielleriagrande.it\/wp-content\/uploads\/2025\/10\/16343R.png","type":"image\/png"}],"twitter_card":"summary_large_image","schema":{"@context":"https:\/\/schema.org","@graph":[{"@type":"WebPage","@id":"https:\/\/www.gioielleriagrande.it\/prodotto\/163576\/","url":"https:\/\/www.gioielleriagrande.it\/prodotto\/163576\/","name":"Bracciale Petit Joli Bouquet Lunaire - Gioielleria Grande","isPartOf":{"@id":"https:\/\/www.gioielleriagrande.it\/#website"},"primaryImageOfPage":{"@id":"https:\/\/www.gioielleriagrande.it\/prodotto\/163576\/#primaryimage"},"image":{"@id":"https:\/\/www.gioielleriagrande.it\/prodotto\/163576\/#primaryimage"},"thumbnailUrl":"https:\/\/www.gioielleriagrande.it\/wp-content\/uploads\/2025\/10\/16343R.png","datePublished":"2025-10-08T14:02:32+00:00","dateModified":"2026-01-10T11:31:11+00:00","breadcrumb":{"@id":"https:\/\/www.gioielleriagrande.it\/prodotto\/163576\/#breadcrumb"},"inLanguage":"en-US","potentialAction":[{"@type":"ReadAction","target":["https:\/\/www.gioielleriagrande.it\/prodotto\/163576\/"]}]},{"@type":"ImageObject","inLanguage":"en-US","@id":"https:\/\/www.gioielleriagrande.it\/prodotto\/163576\/#primaryimage","url":"https:\/\/www.gioielleriagrande.it\/wp-content\/uploads\/2025\/10\/16343R.png","contentUrl":"https:\/\/www.gioielleriagrande.it\/wp-content\/uploads\/2025\/10\/16343R.png","width":2000,"height":2000,"caption":"16343R.png"},{"@type":"BreadcrumbList","@id":"https:\/\/www.gioielleriagrande.it\/prodotto\/163576\/#breadcrumb","itemListElement":[{"@type":"ListItem","position":1,"name":"Home","item":"https:\/\/www.gioielleriagrande.it\/"},{"@type":"ListItem","position":2,"name":"Shop","item":"https:\/\/www.gioielleriagrande.it\/negozio\/"},{"@type":"ListItem","position":3,"name":"Bracciale Petit Joli Bouquet Lunaire"}]},{"@type":"WebSite","@id":"https:\/\/www.gioielleriagrande.it\/#website","url":"https:\/\/www.gioielleriagrande.it\/","name":"Gioielleria Grande","description":"","potentialAction":[{"@type":"SearchAction","target":{"@type":"EntryPoint","urlTemplate":"https:\/\/www.gioielleriagrande.it\/?s={search_term_string}"},"query-input":{"@type":"PropertyValueSpecification","valueRequired":true,"valueName":"search_term_string"}}],"inLanguage":"en-US"}]}},"_links":{"self":[{"href":"https:\/\/www.gioielleriagrande.it\/en\/wp-json\/wp\/v2\/product\/646056","targetHints":{"allow":["GET"]}}],"collection":[{"href":"https:\/\/www.gioielleriagrande.it\/en\/wp-json\/wp\/v2\/product"}],"about":[{"href":"https:\/\/www.gioielleriagrande.it\/en\/wp-json\/wp\/v2\/types\/product"}],"replies":[{"embeddable":true,"href":"https:\/\/www.gioielleriagrande.it\/en\/wp-json\/wp\/v2\/comments?post=646056"}],"wp:featuredmedia":[{"embeddable":true,"href":"https:\/\/www.gioielleriagrande.it\/en\/wp-json\/wp\/v2\/media\/646023"}],"wp:attachment":[{"href":"https:\/\/www.gioielleriagrande.it\/en\/wp-json\/wp\/v2\/media?parent=646056"}],"wp:term":[{"taxonomy":"product_brand","embeddable":true,"href":"https:\/\/www.gioielleriagrande.it\/en\/wp-json\/wp\/v2\/product_brand?post=646056"},{"taxonomy":"product_cat","embeddable":true,"href":"https:\/\/www.gioielleriagrande.it\/en\/wp-json\/wp\/v2\/product_cat?post=646056"},{"taxonomy":"product_tag","embeddable":true,"href":"https:\/\/www.gioielleriagrande.it\/en\/wp-json\/wp\/v2\/product_tag?post=646056"}],"curies":[{"name":"wp","href":"https:\/\/api.w.org\/{rel}","templated":true}]}}