{"id":651305,"date":"2025-10-14T11:16:59","date_gmt":"2025-10-14T09:16:59","guid":{"rendered":"https:\/\/www.gioielleriagrande.it\/prodotto\/159073\/"},"modified":"2026-01-27T16:02:26","modified_gmt":"2026-01-27T15:02:26","slug":"159073","status":"publish","type":"product","link":"https:\/\/www.gioielleriagrande.it\/en\/prodotto\/159073\/","title":{"rendered":"Penna a sfera Dou\u00e9 Classique Meisterst\u00fcck Il Giro del Mondo in 80 Giorni"},"content":{"rendered":"<p>La collezione Meisterst\u00fcck Around the World in 80 Days si ispira al famoso romanzo di avventura di Jules Verne \u201cIl giro del mondo in 80 giorni\u201d. La penna a sfera Solitaire Dou\u00e9 Classique, in pregiata lacca blu scuro lucida e con cappuccio in metallo, racconta l\u2019epico viaggio del Signor Fogg e di Passepartout. Contempla gli elaborati dettagli: un treno elegantemente inciso al laser sul cappuccio, un motivo catena di sicurezza sul cono, che riproduce un movimento rotante quando. Il design del cappuccio immortala le valvole della pressione e il fumo della locomotiva, mentre la clip sfoggia l\u2019asso di cuori laccato rosso, simbolo dell\u2019unione di Phileas Fogg e la principessa Auda. Inoltre i semi delle carte rappresentano l\u2019ardita scommessa di Fogg di concludere il viaggio in soli 80 giorni. La parte superiore del cappuccio reca goffrata la cronologia del viaggio: 36 giorni da Yokohoma a Londra, che culminano nel totale di 80 giorni in giro per il mondo.<\/p>\n<p>REF: 132895<\/p>\n","protected":false},"excerpt":{"rendered":"<p>La collezione Meisterst\u00fcck Around the World in 80 Days si ispira al famoso romanzo di avventura di Jules Verne \u201cIl giro del mondo in 80 giorni\u201d. La penna a sfera Solitaire Dou\u00e9 Classique, in pregiata lacca blu scuro lucida e con cappuccio in metallo, racconta l\u2019epico viaggio del Signor Fogg e di Passepartout. Contempla gli elaborati dettagli: un treno elegantemente inciso al laser sul cappuccio, un motivo catena di sicurezza sul cono, che riproduce un movimento rotante quando. Il design del cappuccio immortala le valvole della pressione e il fumo della locomotiva, mentre la clip sfoggia l\u2019asso di cuori laccato rosso, simbolo dell\u2019unione di Phileas Fogg e la principessa Auda. Inoltre i semi delle carte rappresentano l\u2019ardita scommessa di Fogg di concludere il viaggio in soli 80 giorni. La parte superiore del cappuccio reca goffrata la cronologia del viaggio: 36 giorni da Yokohoma a Londra, che culminano nel totale di 80 giorni in giro per il mondo.<\/p>\n<p>REF: 132895<\/p>\n","protected":false},"featured_media":651276,"comment_status":"open","ping_status":"closed","template":"","meta":[],"product_brand":[],"product_cat":[3610],"product_tag":[],"class_list":{"0":"post-651305","1":"product","2":"type-product","3":"status-publish","4":"has-post-thumbnail","6":"brand-5154","7":"line-4162","8":"shops-3355","9":"shop_area-3358","11":"first","12":"instock","13":"taxable","14":"shipping-taxable","15":"purchasable","16":"product-type-simple"},"yoast_head":"<!-- This site is optimized with the Yoast SEO plugin v25.3 - https:\/\/yoast.com\/wordpress\/plugins\/seo\/ -->\n<title>Penna a sfera Dou\u00e9 Classique Meisterst\u00fcck Il Giro del Mondo in 80 Giorni - Gioielleria Grande<\/title>\n<meta name=\"robots\" content=\"index, follow, max-snippet:-1, max-image-preview:large, max-video-preview:-1\" \/>\n<link rel=\"canonical\" href=\"https:\/\/www.gioielleriagrande.it\/prodotto\/159073\/\" \/>\n<meta property=\"og:locale\" content=\"en_US\" \/>\n<meta property=\"og:type\" content=\"article\" \/>\n<meta property=\"og:title\" content=\"Penna a sfera Dou\u00e9 Classique Meisterst\u00fcck Il Giro del Mondo in 80 Giorni - Gioielleria Grande\" \/>\n<meta property=\"og:description\" content=\"La collezione Meisterst\u00fcck Around the World in 80 Days si ispira al famoso romanzo di avventura di Jules Verne \u201cIl giro del mondo in 80 giorni\u201d. La penna a sfera Solitaire Dou\u00e9 Classique, in pregiata lacca blu scuro lucida e con cappuccio in metallo, racconta l\u2019epico viaggio del Signor Fogg e di Passepartout. Contempla gli elaborati dettagli: un treno elegantemente inciso al laser sul cappuccio, un motivo catena di sicurezza sul cono, che riproduce un movimento rotante quando. Il design del cappuccio immortala le valvole della pressione e il fumo della locomotiva, mentre la clip sfoggia l\u2019asso di cuori laccato rosso, simbolo dell\u2019unione di Phileas Fogg e la principessa Auda. Inoltre i semi delle carte rappresentano l\u2019ardita scommessa di Fogg di concludere il viaggio in soli 80 giorni. La parte superiore del cappuccio reca goffrata la cronologia del viaggio: 36 giorni da Yokohoma a Londra, che culminano nel totale di 80 giorni in giro per il mondo. REF: 132895\" \/>\n<meta property=\"og:url\" content=\"https:\/\/www.gioielleriagrande.it\/prodotto\/159073\/\" \/>\n<meta property=\"og:site_name\" content=\"Gioielleria Grande\" \/>\n<meta property=\"article:modified_time\" content=\"2026-01-27T15:02:26+00:00\" \/>\n<meta property=\"og:image\" content=\"https:\/\/www.gioielleriagrande.it\/wp-content\/uploads\/2025\/10\/132895.png\" \/>\n\t<meta property=\"og:image:width\" content=\"960\" \/>\n\t<meta property=\"og:image:height\" content=\"960\" \/>\n\t<meta property=\"og:image:type\" content=\"image\/png\" \/>\n<meta name=\"twitter:card\" content=\"summary_large_image\" \/>\n<meta name=\"twitter:label1\" content=\"Est. reading time\" \/>\n\t<meta name=\"twitter:data1\" content=\"1 minute\" \/>\n<script type=\"application\/ld+json\" class=\"yoast-schema-graph\">{\"@context\":\"https:\/\/schema.org\",\"@graph\":[{\"@type\":\"WebPage\",\"@id\":\"https:\/\/www.gioielleriagrande.it\/prodotto\/159073\/\",\"url\":\"https:\/\/www.gioielleriagrande.it\/prodotto\/159073\/\",\"name\":\"Penna a sfera Dou\u00e9 Classique Meisterst\u00fcck Il Giro del Mondo in 80 Giorni - Gioielleria Grande\",\"isPartOf\":{\"@id\":\"https:\/\/www.gioielleriagrande.it\/#website\"},\"primaryImageOfPage\":{\"@id\":\"https:\/\/www.gioielleriagrande.it\/prodotto\/159073\/#primaryimage\"},\"image\":{\"@id\":\"https:\/\/www.gioielleriagrande.it\/prodotto\/159073\/#primaryimage\"},\"thumbnailUrl\":\"https:\/\/www.gioielleriagrande.it\/wp-content\/uploads\/2025\/10\/132895.png\",\"datePublished\":\"2025-10-14T09:16:59+00:00\",\"dateModified\":\"2026-01-27T15:02:26+00:00\",\"breadcrumb\":{\"@id\":\"https:\/\/www.gioielleriagrande.it\/prodotto\/159073\/#breadcrumb\"},\"inLanguage\":\"en-US\",\"potentialAction\":[{\"@type\":\"ReadAction\",\"target\":[\"https:\/\/www.gioielleriagrande.it\/prodotto\/159073\/\"]}]},{\"@type\":\"ImageObject\",\"inLanguage\":\"en-US\",\"@id\":\"https:\/\/www.gioielleriagrande.it\/prodotto\/159073\/#primaryimage\",\"url\":\"https:\/\/www.gioielleriagrande.it\/wp-content\/uploads\/2025\/10\/132895.png\",\"contentUrl\":\"https:\/\/www.gioielleriagrande.it\/wp-content\/uploads\/2025\/10\/132895.png\",\"width\":960,\"height\":960,\"caption\":\"132895.png\"},{\"@type\":\"BreadcrumbList\",\"@id\":\"https:\/\/www.gioielleriagrande.it\/prodotto\/159073\/#breadcrumb\",\"itemListElement\":[{\"@type\":\"ListItem\",\"position\":1,\"name\":\"Home\",\"item\":\"https:\/\/www.gioielleriagrande.it\/\"},{\"@type\":\"ListItem\",\"position\":2,\"name\":\"Shop\",\"item\":\"https:\/\/www.gioielleriagrande.it\/negozio\/\"},{\"@type\":\"ListItem\",\"position\":3,\"name\":\"Penna a sfera Dou\u00e9 Classique Meisterst\u00fcck Il Giro del Mondo in 80 Giorni\"}]},{\"@type\":\"WebSite\",\"@id\":\"https:\/\/www.gioielleriagrande.it\/#website\",\"url\":\"https:\/\/www.gioielleriagrande.it\/\",\"name\":\"Gioielleria Grande\",\"description\":\"\",\"potentialAction\":[{\"@type\":\"SearchAction\",\"target\":{\"@type\":\"EntryPoint\",\"urlTemplate\":\"https:\/\/www.gioielleriagrande.it\/?s={search_term_string}\"},\"query-input\":{\"@type\":\"PropertyValueSpecification\",\"valueRequired\":true,\"valueName\":\"search_term_string\"}}],\"inLanguage\":\"en-US\"}]}<\/script>\n<!-- \/ Yoast SEO plugin. -->","yoast_head_json":{"title":"Penna a sfera Dou\u00e9 Classique Meisterst\u00fcck Il Giro del Mondo in 80 Giorni - Gioielleria Grande","robots":{"index":"index","follow":"follow","max-snippet":"max-snippet:-1","max-image-preview":"max-image-preview:large","max-video-preview":"max-video-preview:-1"},"canonical":"https:\/\/www.gioielleriagrande.it\/prodotto\/159073\/","og_locale":"en_US","og_type":"article","og_title":"Penna a sfera Dou\u00e9 Classique Meisterst\u00fcck Il Giro del Mondo in 80 Giorni - Gioielleria Grande","og_description":"La collezione Meisterst\u00fcck Around the World in 80 Days si ispira al famoso romanzo di avventura di Jules Verne \u201cIl giro del mondo in 80 giorni\u201d. La penna a sfera Solitaire Dou\u00e9 Classique, in pregiata lacca blu scuro lucida e con cappuccio in metallo, racconta l\u2019epico viaggio del Signor Fogg e di Passepartout. Contempla gli elaborati dettagli: un treno elegantemente inciso al laser sul cappuccio, un motivo catena di sicurezza sul cono, che riproduce un movimento rotante quando. Il design del cappuccio immortala le valvole della pressione e il fumo della locomotiva, mentre la clip sfoggia l\u2019asso di cuori laccato rosso, simbolo dell\u2019unione di Phileas Fogg e la principessa Auda. Inoltre i semi delle carte rappresentano l\u2019ardita scommessa di Fogg di concludere il viaggio in soli 80 giorni. La parte superiore del cappuccio reca goffrata la cronologia del viaggio: 36 giorni da Yokohoma a Londra, che culminano nel totale di 80 giorni in giro per il mondo. REF: 132895","og_url":"https:\/\/www.gioielleriagrande.it\/prodotto\/159073\/","og_site_name":"Gioielleria Grande","article_modified_time":"2026-01-27T15:02:26+00:00","og_image":[{"width":960,"height":960,"url":"https:\/\/www.gioielleriagrande.it\/wp-content\/uploads\/2025\/10\/132895.png","type":"image\/png"}],"twitter_card":"summary_large_image","twitter_misc":{"Est. reading time":"1 minute"},"schema":{"@context":"https:\/\/schema.org","@graph":[{"@type":"WebPage","@id":"https:\/\/www.gioielleriagrande.it\/prodotto\/159073\/","url":"https:\/\/www.gioielleriagrande.it\/prodotto\/159073\/","name":"Penna a sfera Dou\u00e9 Classique Meisterst\u00fcck Il Giro del Mondo in 80 Giorni - Gioielleria Grande","isPartOf":{"@id":"https:\/\/www.gioielleriagrande.it\/#website"},"primaryImageOfPage":{"@id":"https:\/\/www.gioielleriagrande.it\/prodotto\/159073\/#primaryimage"},"image":{"@id":"https:\/\/www.gioielleriagrande.it\/prodotto\/159073\/#primaryimage"},"thumbnailUrl":"https:\/\/www.gioielleriagrande.it\/wp-content\/uploads\/2025\/10\/132895.png","datePublished":"2025-10-14T09:16:59+00:00","dateModified":"2026-01-27T15:02:26+00:00","breadcrumb":{"@id":"https:\/\/www.gioielleriagrande.it\/prodotto\/159073\/#breadcrumb"},"inLanguage":"en-US","potentialAction":[{"@type":"ReadAction","target":["https:\/\/www.gioielleriagrande.it\/prodotto\/159073\/"]}]},{"@type":"ImageObject","inLanguage":"en-US","@id":"https:\/\/www.gioielleriagrande.it\/prodotto\/159073\/#primaryimage","url":"https:\/\/www.gioielleriagrande.it\/wp-content\/uploads\/2025\/10\/132895.png","contentUrl":"https:\/\/www.gioielleriagrande.it\/wp-content\/uploads\/2025\/10\/132895.png","width":960,"height":960,"caption":"132895.png"},{"@type":"BreadcrumbList","@id":"https:\/\/www.gioielleriagrande.it\/prodotto\/159073\/#breadcrumb","itemListElement":[{"@type":"ListItem","position":1,"name":"Home","item":"https:\/\/www.gioielleriagrande.it\/"},{"@type":"ListItem","position":2,"name":"Shop","item":"https:\/\/www.gioielleriagrande.it\/negozio\/"},{"@type":"ListItem","position":3,"name":"Penna a sfera Dou\u00e9 Classique Meisterst\u00fcck Il Giro del Mondo in 80 Giorni"}]},{"@type":"WebSite","@id":"https:\/\/www.gioielleriagrande.it\/#website","url":"https:\/\/www.gioielleriagrande.it\/","name":"Gioielleria Grande","description":"","potentialAction":[{"@type":"SearchAction","target":{"@type":"EntryPoint","urlTemplate":"https:\/\/www.gioielleriagrande.it\/?s={search_term_string}"},"query-input":{"@type":"PropertyValueSpecification","valueRequired":true,"valueName":"search_term_string"}}],"inLanguage":"en-US"}]}},"_links":{"self":[{"href":"https:\/\/www.gioielleriagrande.it\/en\/wp-json\/wp\/v2\/product\/651305","targetHints":{"allow":["GET"]}}],"collection":[{"href":"https:\/\/www.gioielleriagrande.it\/en\/wp-json\/wp\/v2\/product"}],"about":[{"href":"https:\/\/www.gioielleriagrande.it\/en\/wp-json\/wp\/v2\/types\/product"}],"replies":[{"embeddable":true,"href":"https:\/\/www.gioielleriagrande.it\/en\/wp-json\/wp\/v2\/comments?post=651305"}],"wp:featuredmedia":[{"embeddable":true,"href":"https:\/\/www.gioielleriagrande.it\/en\/wp-json\/wp\/v2\/media\/651276"}],"wp:attachment":[{"href":"https:\/\/www.gioielleriagrande.it\/en\/wp-json\/wp\/v2\/media?parent=651305"}],"wp:term":[{"taxonomy":"product_brand","embeddable":true,"href":"https:\/\/www.gioielleriagrande.it\/en\/wp-json\/wp\/v2\/product_brand?post=651305"},{"taxonomy":"product_cat","embeddable":true,"href":"https:\/\/www.gioielleriagrande.it\/en\/wp-json\/wp\/v2\/product_cat?post=651305"},{"taxonomy":"product_tag","embeddable":true,"href":"https:\/\/www.gioielleriagrande.it\/en\/wp-json\/wp\/v2\/product_tag?post=651305"}],"curies":[{"name":"wp","href":"https:\/\/api.w.org\/{rel}","templated":true}]}}