{"id":69809,"date":"2021-11-03T13:42:36","date_gmt":"2021-11-03T12:42:36","guid":{"rendered":"https:\/\/gioielleriagrande.it\/prodotto\/86323\/"},"modified":"2025-11-22T11:53:48","modified_gmt":"2025-11-22T10:53:48","slug":"86323","status":"publish","type":"product","link":"https:\/\/www.gioielleriagrande.it\/en\/prodotto\/86323\/","title":{"rendered":"ANELLO RIVIERA ORO ROSA"},"content":{"rendered":"<p>L&#8217;esclusivo meccanismo espandibile<br \/>\nEleganza e vivacit\u00e0, due attributi ben lontani fra loro ma che riescono a convivere in perfetta armonia in queste riviere con zaffiri multicolore. Le briose nuance arcobaleno che caratterizzano questi gioielli sanno bene come sedurre gli occhi di chi le guarda: una fila di zaffiri coloratissimi, rigorosamente quadrati, d\u00e0 luce all\u2019oro in cui \u00e8 avvolta. Dunque, un\u2019ammaliante creazione dallo stile audace e dallo charme irresistibile.<br \/>\nIl sistema brevettato a doppia molla in titanio conferisce a questi anelli una grande versatilit\u00e0 che permette loro di modellarsi perfettamente ad ogni dito.<\/p>\n<p>Come funziona<br \/>\nIl particolare meccanismo di queste riviere \u00e8 composto da due molle all\u2019interno di un tubogas in oro, la molla inferiore si allarga mentre quella superiore si stringe. Questo movimento dona molta elasticit\u00e0 all\u2019anello, requisito necessario per adattarsi in maniera autonoma e impercettibile all\u2019aumentare o diminuire della dimensione del dito.<\/p>\n<p>La risoluzione di una problematica di questo tipo conferisce a questi anelli in oro e zaffiri un alto livello di comodit\u00e0. <\/p>\n<p>Le riviere con zaffiri multicolore sono realizzati artigianalmente, ogni zaffiro \u00e8 scelto in modo accurato e scrupoloso prima di essere incastonato con cura insieme alle altre gemme che compongono l\u2019iride cromatico del gioiello.<\/p>\n<p>ECCELLENZA A 360\u00b0<br \/>\nQuando l\u2019abito racconta molto pi\u00f9 di chi lo indossa, anche il packaging della serie Rainbow \u00e8 di prima scelta. Un case studiato per accompagnarlo nel migliore dei modi; l\u2019astuccio \u00e8 in legno rivestito di strio, con all\u2019interno un rotolo da viaggio in pelle di capretto mappata e rivestito di alcantara. Tutto rigorosamente italiano.<\/p>\n<p>Una riviera elastica costruita interamente a mano, caratterizzata da verette a giro con zaffiri naturali multicolore taglio quadrato. L\u2019anello, in oro giallo 18 Kt, \u00e8 facilmente modulabile in quanto si allarga e si stringe da solo.<br \/>\nVista la sua adattabilit\u00e0, questo modello di anello pu\u00f2 essere indossato per coloro che hanno misure di dito dalla 13 alla 22. Per altre misure di dito, potete contattarci via mail cercheremo di realizzare la riviera personalizzata.<br \/>\nQuesto anello con zaffiri ha un meccanismo brevettato in molle al titanio che permette di far fronte ad alcuni problemi come:<br \/>\n\u2022\tLa rottura dovuta ad urti accidentali<br \/>\n\u2022\tIl gonfiore della mano<br \/>\n\u2022\tIl blocco dato dall\u2019osso del dito<br \/>\n\u2022\tLa perdita o l\u2019aumento di peso<\/p>\n","protected":false},"excerpt":{"rendered":"<p>L&#8217;esclusivo meccanismo espandibile<br \/>\nEleganza e vivacit\u00e0, due attributi ben lontani fra loro ma che riescono a convivere in perfetta armonia in queste riviere con zaffiri multicolore. Le briose nuance arcobaleno che caratterizzano questi gioielli sanno bene come sedurre gli occhi di chi le guarda: una fila di zaffiri coloratissimi, rigorosamente quadrati, d\u00e0 luce all\u2019oro in cui \u00e8 avvolta. Dunque, un\u2019ammaliante creazione dallo stile audace e dallo charme irresistibile.<br \/>\nIl sistema brevettato a doppia molla in titanio conferisce a questi anelli una grande versatilit\u00e0 che permette loro di modellarsi perfettamente ad ogni dito.<\/p>\n<p>Come funziona<br \/>\nIl particolare meccanismo di queste riviere \u00e8 composto da due molle all\u2019interno di un tubogas in oro, la molla inferiore si allarga mentre quella superiore si stringe. Questo movimento dona molta elasticit\u00e0 all\u2019anello, requisito necessario per adattarsi in maniera autonoma e impercettibile all\u2019aumentare o diminuire della dimensione del dito.<\/p>\n<p>La risoluzione di una problematica di questo tipo conferisce a questi anelli in oro e zaffiri un alto livello di comodit\u00e0. <\/p>\n<p>Le riviere con zaffiri multicolore sono realizzati artigianalmente, ogni zaffiro \u00e8 scelto in modo accurato e scrupoloso prima di essere incastonato con cura insieme alle altre gemme che compongono l\u2019iride cromatico del gioiello.<\/p>\n<p>ECCELLENZA A 360\u00b0<br \/>\nQuando l\u2019abito racconta molto pi\u00f9 di chi lo indossa, anche il packaging della serie Rainbow \u00e8 di prima scelta. Un case studiato per accompagnarlo nel migliore dei modi; l\u2019astuccio \u00e8 in legno rivestito di strio, con all\u2019interno un rotolo da viaggio in pelle di capretto mappata e rivestito di alcantara. Tutto rigorosamente italiano.<\/p>\n<p>Una riviera elastica costruita interamente a mano, caratterizzata da verette a giro con zaffiri naturali multicolore taglio quadrato. L\u2019anello, in oro giallo 18 Kt, \u00e8 facilmente modulabile in quanto si allarga e si stringe da solo.<br \/>\nVista la sua adattabilit\u00e0, questo modello di anello pu\u00f2 essere indossato per coloro che hanno misure di dito dalla 13 alla 22. Per altre misure di dito, potete contattarci via mail cercheremo di realizzare la riviera personalizzata.<br \/>\nQuesto anello con zaffiri ha un meccanismo brevettato in molle al titanio che permette di far fronte ad alcuni problemi come:<br \/>\n\u2022\tLa rottura dovuta ad urti accidentali<br \/>\n\u2022\tIl gonfiore della mano<br \/>\n\u2022\tIl blocco dato dall\u2019osso del dito<br \/>\n\u2022\tLa perdita o l\u2019aumento di peso<\/p>\n","protected":false},"featured_media":90836,"comment_status":"open","ping_status":"closed","template":"","meta":[],"product_brand":[],"product_cat":[3308],"product_tag":[],"class_list":{"0":"post-69809","1":"product","2":"type-product","3":"status-publish","4":"has-post-thumbnail","6":"brand-5261","7":"shops-3355","8":"shop_area-3356","10":"first","11":"instock","12":"taxable","13":"shipping-taxable","14":"purchasable","15":"product-type-simple"},"yoast_head":"<!-- This site is optimized with the Yoast SEO plugin v25.3 - https:\/\/yoast.com\/wordpress\/plugins\/seo\/ -->\n<title>ANELLO RIVIERA ORO ROSA - Gioielleria Grande<\/title>\n<meta name=\"robots\" content=\"index, follow, max-snippet:-1, max-image-preview:large, max-video-preview:-1\" \/>\n<link rel=\"canonical\" href=\"https:\/\/www.gioielleriagrande.it\/prodotto\/86323\/\" \/>\n<meta property=\"og:locale\" content=\"en_US\" \/>\n<meta property=\"og:type\" content=\"article\" \/>\n<meta property=\"og:title\" content=\"ANELLO RIVIERA ORO ROSA - Gioielleria Grande\" \/>\n<meta property=\"og:description\" content=\"L&#039;esclusivo meccanismo espandibile Eleganza e vivacit\u00e0, due attributi ben lontani fra loro ma che riescono a convivere in perfetta armonia in queste riviere con zaffiri multicolore. Le briose nuance arcobaleno che caratterizzano questi gioielli sanno bene come sedurre gli occhi di chi le guarda: una fila di zaffiri coloratissimi, rigorosamente quadrati, d\u00e0 luce all\u2019oro in cui \u00e8 avvolta. Dunque, un\u2019ammaliante creazione dallo stile audace e dallo charme irresistibile. Il sistema brevettato a doppia molla in titanio conferisce a questi anelli una grande versatilit\u00e0 che permette loro di modellarsi perfettamente ad ogni dito. Come funziona Il particolare meccanismo di queste riviere \u00e8 composto da due molle all\u2019interno di un tubogas in oro, la molla inferiore si allarga mentre quella superiore si stringe. Questo movimento dona molta elasticit\u00e0 all\u2019anello, requisito necessario per adattarsi in maniera autonoma e impercettibile all\u2019aumentare o diminuire della dimensione del dito.  La risoluzione di una problematica di questo tipo conferisce a questi anelli in oro e zaffiri un alto livello di comodit\u00e0.  Le riviere con zaffiri multicolore sono realizzati artigianalmente, ogni zaffiro \u00e8 scelto in modo accurato e scrupoloso prima di essere incastonato con cura insieme alle altre gemme che compongono l\u2019iride cromatico del gioiello. ECCELLENZA A 360\u00b0 Quando l\u2019abito racconta molto pi\u00f9 di chi lo indossa, anche il packaging della serie Rainbow \u00e8 di prima scelta. Un case studiato per accompagnarlo nel migliore dei modi; l\u2019astuccio \u00e8 in legno rivestito di strio, con all\u2019interno un rotolo da viaggio in pelle di capretto mappata e rivestito di alcantara. Tutto rigorosamente italiano. Una riviera elastica costruita interamente a mano, caratterizzata da verette a giro con zaffiri naturali multicolore taglio quadrato. L\u2019anello, in oro giallo 18 Kt, \u00e8 facilmente modulabile in quanto si allarga e si stringe da solo. Vista la sua adattabilit\u00e0, questo modello di anello pu\u00f2 essere indossato per coloro che hanno misure di dito dalla 13 alla 22. Per altre misure di dito, potete contattarci via mail cercheremo di realizzare la riviera personalizzata. Questo anello con zaffiri ha un meccanismo brevettato in molle al titanio che permette di far fronte ad alcuni problemi come: \u2022 La rottura dovuta ad urti accidentali \u2022 Il gonfiore della mano \u2022 Il blocco dato dall\u2019osso del dito \u2022 La perdita o l\u2019aumento di peso\" \/>\n<meta property=\"og:url\" content=\"https:\/\/www.gioielleriagrande.it\/prodotto\/86323\/\" \/>\n<meta property=\"og:site_name\" content=\"Gioielleria Grande\" \/>\n<meta property=\"article:modified_time\" content=\"2025-11-22T10:53:48+00:00\" \/>\n<meta property=\"og:image\" content=\"https:\/\/www.gioielleriagrande.it\/wp-content\/uploads\/2022\/12\/riviera-oro-rosa.png\" \/>\n\t<meta property=\"og:image:width\" content=\"408\" \/>\n\t<meta property=\"og:image:height\" content=\"398\" \/>\n\t<meta property=\"og:image:type\" content=\"image\/png\" \/>\n<meta name=\"twitter:card\" content=\"summary_large_image\" \/>\n<meta name=\"twitter:label1\" content=\"Est. reading time\" \/>\n\t<meta name=\"twitter:data1\" content=\"2 minutes\" \/>\n<script type=\"application\/ld+json\" class=\"yoast-schema-graph\">{\"@context\":\"https:\/\/schema.org\",\"@graph\":[{\"@type\":\"WebPage\",\"@id\":\"https:\/\/www.gioielleriagrande.it\/prodotto\/86323\/\",\"url\":\"https:\/\/www.gioielleriagrande.it\/prodotto\/86323\/\",\"name\":\"ANELLO RIVIERA ORO ROSA - Gioielleria Grande\",\"isPartOf\":{\"@id\":\"https:\/\/www.gioielleriagrande.it\/#website\"},\"primaryImageOfPage\":{\"@id\":\"https:\/\/www.gioielleriagrande.it\/prodotto\/86323\/#primaryimage\"},\"image\":{\"@id\":\"https:\/\/www.gioielleriagrande.it\/prodotto\/86323\/#primaryimage\"},\"thumbnailUrl\":\"https:\/\/www.gioielleriagrande.it\/wp-content\/uploads\/2022\/12\/riviera-oro-rosa.png\",\"datePublished\":\"2021-11-03T12:42:36+00:00\",\"dateModified\":\"2025-11-22T10:53:48+00:00\",\"breadcrumb\":{\"@id\":\"https:\/\/www.gioielleriagrande.it\/prodotto\/86323\/#breadcrumb\"},\"inLanguage\":\"en-US\",\"potentialAction\":[{\"@type\":\"ReadAction\",\"target\":[\"https:\/\/www.gioielleriagrande.it\/prodotto\/86323\/\"]}]},{\"@type\":\"ImageObject\",\"inLanguage\":\"en-US\",\"@id\":\"https:\/\/www.gioielleriagrande.it\/prodotto\/86323\/#primaryimage\",\"url\":\"https:\/\/www.gioielleriagrande.it\/wp-content\/uploads\/2022\/12\/riviera-oro-rosa.png\",\"contentUrl\":\"https:\/\/www.gioielleriagrande.it\/wp-content\/uploads\/2022\/12\/riviera-oro-rosa.png\",\"width\":408,\"height\":398,\"caption\":\"riviera oro rosa.png\"},{\"@type\":\"BreadcrumbList\",\"@id\":\"https:\/\/www.gioielleriagrande.it\/prodotto\/86323\/#breadcrumb\",\"itemListElement\":[{\"@type\":\"ListItem\",\"position\":1,\"name\":\"Home\",\"item\":\"https:\/\/www.gioielleriagrande.it\/\"},{\"@type\":\"ListItem\",\"position\":2,\"name\":\"Shop\",\"item\":\"https:\/\/www.gioielleriagrande.it\/negozio\/\"},{\"@type\":\"ListItem\",\"position\":3,\"name\":\"ANELLO RIVIERA ORO ROSA\"}]},{\"@type\":\"WebSite\",\"@id\":\"https:\/\/www.gioielleriagrande.it\/#website\",\"url\":\"https:\/\/www.gioielleriagrande.it\/\",\"name\":\"Gioielleria Grande\",\"description\":\"\",\"potentialAction\":[{\"@type\":\"SearchAction\",\"target\":{\"@type\":\"EntryPoint\",\"urlTemplate\":\"https:\/\/www.gioielleriagrande.it\/?s={search_term_string}\"},\"query-input\":{\"@type\":\"PropertyValueSpecification\",\"valueRequired\":true,\"valueName\":\"search_term_string\"}}],\"inLanguage\":\"en-US\"}]}<\/script>\n<!-- \/ Yoast SEO plugin. -->","yoast_head_json":{"title":"ANELLO RIVIERA ORO ROSA - Gioielleria Grande","robots":{"index":"index","follow":"follow","max-snippet":"max-snippet:-1","max-image-preview":"max-image-preview:large","max-video-preview":"max-video-preview:-1"},"canonical":"https:\/\/www.gioielleriagrande.it\/prodotto\/86323\/","og_locale":"en_US","og_type":"article","og_title":"ANELLO RIVIERA ORO ROSA - Gioielleria Grande","og_description":"L'esclusivo meccanismo espandibile Eleganza e vivacit\u00e0, due attributi ben lontani fra loro ma che riescono a convivere in perfetta armonia in queste riviere con zaffiri multicolore. Le briose nuance arcobaleno che caratterizzano questi gioielli sanno bene come sedurre gli occhi di chi le guarda: una fila di zaffiri coloratissimi, rigorosamente quadrati, d\u00e0 luce all\u2019oro in cui \u00e8 avvolta. Dunque, un\u2019ammaliante creazione dallo stile audace e dallo charme irresistibile. Il sistema brevettato a doppia molla in titanio conferisce a questi anelli una grande versatilit\u00e0 che permette loro di modellarsi perfettamente ad ogni dito. Come funziona Il particolare meccanismo di queste riviere \u00e8 composto da due molle all\u2019interno di un tubogas in oro, la molla inferiore si allarga mentre quella superiore si stringe. Questo movimento dona molta elasticit\u00e0 all\u2019anello, requisito necessario per adattarsi in maniera autonoma e impercettibile all\u2019aumentare o diminuire della dimensione del dito.  La risoluzione di una problematica di questo tipo conferisce a questi anelli in oro e zaffiri un alto livello di comodit\u00e0.  Le riviere con zaffiri multicolore sono realizzati artigianalmente, ogni zaffiro \u00e8 scelto in modo accurato e scrupoloso prima di essere incastonato con cura insieme alle altre gemme che compongono l\u2019iride cromatico del gioiello. ECCELLENZA A 360\u00b0 Quando l\u2019abito racconta molto pi\u00f9 di chi lo indossa, anche il packaging della serie Rainbow \u00e8 di prima scelta. Un case studiato per accompagnarlo nel migliore dei modi; l\u2019astuccio \u00e8 in legno rivestito di strio, con all\u2019interno un rotolo da viaggio in pelle di capretto mappata e rivestito di alcantara. Tutto rigorosamente italiano. Una riviera elastica costruita interamente a mano, caratterizzata da verette a giro con zaffiri naturali multicolore taglio quadrato. L\u2019anello, in oro giallo 18 Kt, \u00e8 facilmente modulabile in quanto si allarga e si stringe da solo. Vista la sua adattabilit\u00e0, questo modello di anello pu\u00f2 essere indossato per coloro che hanno misure di dito dalla 13 alla 22. Per altre misure di dito, potete contattarci via mail cercheremo di realizzare la riviera personalizzata. Questo anello con zaffiri ha un meccanismo brevettato in molle al titanio che permette di far fronte ad alcuni problemi come: \u2022 La rottura dovuta ad urti accidentali \u2022 Il gonfiore della mano \u2022 Il blocco dato dall\u2019osso del dito \u2022 La perdita o l\u2019aumento di peso","og_url":"https:\/\/www.gioielleriagrande.it\/prodotto\/86323\/","og_site_name":"Gioielleria Grande","article_modified_time":"2025-11-22T10:53:48+00:00","og_image":[{"width":408,"height":398,"url":"https:\/\/www.gioielleriagrande.it\/wp-content\/uploads\/2022\/12\/riviera-oro-rosa.png","type":"image\/png"}],"twitter_card":"summary_large_image","twitter_misc":{"Est. reading time":"2 minutes"},"schema":{"@context":"https:\/\/schema.org","@graph":[{"@type":"WebPage","@id":"https:\/\/www.gioielleriagrande.it\/prodotto\/86323\/","url":"https:\/\/www.gioielleriagrande.it\/prodotto\/86323\/","name":"ANELLO RIVIERA ORO ROSA - Gioielleria Grande","isPartOf":{"@id":"https:\/\/www.gioielleriagrande.it\/#website"},"primaryImageOfPage":{"@id":"https:\/\/www.gioielleriagrande.it\/prodotto\/86323\/#primaryimage"},"image":{"@id":"https:\/\/www.gioielleriagrande.it\/prodotto\/86323\/#primaryimage"},"thumbnailUrl":"https:\/\/www.gioielleriagrande.it\/wp-content\/uploads\/2022\/12\/riviera-oro-rosa.png","datePublished":"2021-11-03T12:42:36+00:00","dateModified":"2025-11-22T10:53:48+00:00","breadcrumb":{"@id":"https:\/\/www.gioielleriagrande.it\/prodotto\/86323\/#breadcrumb"},"inLanguage":"en-US","potentialAction":[{"@type":"ReadAction","target":["https:\/\/www.gioielleriagrande.it\/prodotto\/86323\/"]}]},{"@type":"ImageObject","inLanguage":"en-US","@id":"https:\/\/www.gioielleriagrande.it\/prodotto\/86323\/#primaryimage","url":"https:\/\/www.gioielleriagrande.it\/wp-content\/uploads\/2022\/12\/riviera-oro-rosa.png","contentUrl":"https:\/\/www.gioielleriagrande.it\/wp-content\/uploads\/2022\/12\/riviera-oro-rosa.png","width":408,"height":398,"caption":"riviera oro rosa.png"},{"@type":"BreadcrumbList","@id":"https:\/\/www.gioielleriagrande.it\/prodotto\/86323\/#breadcrumb","itemListElement":[{"@type":"ListItem","position":1,"name":"Home","item":"https:\/\/www.gioielleriagrande.it\/"},{"@type":"ListItem","position":2,"name":"Shop","item":"https:\/\/www.gioielleriagrande.it\/negozio\/"},{"@type":"ListItem","position":3,"name":"ANELLO RIVIERA ORO ROSA"}]},{"@type":"WebSite","@id":"https:\/\/www.gioielleriagrande.it\/#website","url":"https:\/\/www.gioielleriagrande.it\/","name":"Gioielleria Grande","description":"","potentialAction":[{"@type":"SearchAction","target":{"@type":"EntryPoint","urlTemplate":"https:\/\/www.gioielleriagrande.it\/?s={search_term_string}"},"query-input":{"@type":"PropertyValueSpecification","valueRequired":true,"valueName":"search_term_string"}}],"inLanguage":"en-US"}]}},"_links":{"self":[{"href":"https:\/\/www.gioielleriagrande.it\/en\/wp-json\/wp\/v2\/product\/69809","targetHints":{"allow":["GET"]}}],"collection":[{"href":"https:\/\/www.gioielleriagrande.it\/en\/wp-json\/wp\/v2\/product"}],"about":[{"href":"https:\/\/www.gioielleriagrande.it\/en\/wp-json\/wp\/v2\/types\/product"}],"replies":[{"embeddable":true,"href":"https:\/\/www.gioielleriagrande.it\/en\/wp-json\/wp\/v2\/comments?post=69809"}],"wp:featuredmedia":[{"embeddable":true,"href":"https:\/\/www.gioielleriagrande.it\/en\/wp-json\/wp\/v2\/media\/90836"}],"wp:attachment":[{"href":"https:\/\/www.gioielleriagrande.it\/en\/wp-json\/wp\/v2\/media?parent=69809"}],"wp:term":[{"taxonomy":"product_brand","embeddable":true,"href":"https:\/\/www.gioielleriagrande.it\/en\/wp-json\/wp\/v2\/product_brand?post=69809"},{"taxonomy":"product_cat","embeddable":true,"href":"https:\/\/www.gioielleriagrande.it\/en\/wp-json\/wp\/v2\/product_cat?post=69809"},{"taxonomy":"product_tag","embeddable":true,"href":"https:\/\/www.gioielleriagrande.it\/en\/wp-json\/wp\/v2\/product_tag?post=69809"}],"curies":[{"name":"wp","href":"https:\/\/api.w.org\/{rel}","templated":true}]}}