{"id":73199,"date":"2021-12-09T18:03:00","date_gmt":"2021-12-09T17:03:00","guid":{"rendered":"https:\/\/gioielleriagrande.it\/prodotto\/90393\/"},"modified":"2025-11-22T12:05:00","modified_gmt":"2025-11-22T11:05:00","slug":"90393","status":"publish","type":"product","link":"https:\/\/www.gioielleriagrande.it\/en\/prodotto\/90393\/","title":{"rendered":"DARKMOON 44MM BLACK\nREF:8464\/A"},"content":{"rendered":"<p>Una collezione ispirata al lato oscuro della luna. La cassa in acciaio IPB \u00e8 completamente immersa in uno speciale olio che mette in risalto il quadrante, creando un effetto di un nero pi\u00f9 intenso e di una maggiore leggibilit\u00e0. Innovativo sistema di chiusura (Locking ring system) con sostituzione rapida della batteria.<\/p>\n","protected":false},"excerpt":{"rendered":"<p>Una collezione ispirata al lato oscuro della luna. La cassa in acciaio IPB \u00e8 completamente immersa in uno speciale olio che mette in risalto il quadrante, creando un effetto di un nero pi\u00f9 intenso e di una maggiore leggibilit\u00e0. Innovativo sistema di chiusura (Locking ring system) con sostituzione rapida della batteria. <\/p>\n","protected":false},"featured_media":73198,"comment_status":"open","ping_status":"closed","template":"","meta":[],"product_brand":[],"product_cat":[3309],"product_tag":[],"class_list":{"0":"post-73199","1":"product","2":"type-product","3":"status-publish","4":"has-post-thumbnail","6":"brand-5134","7":"shops-3355","8":"shop_area-3357","10":"first","11":"instock","12":"taxable","13":"shipping-taxable","14":"purchasable","15":"product-type-simple"},"yoast_head":"<!-- This site is optimized with the Yoast SEO plugin v25.3 - https:\/\/yoast.com\/wordpress\/plugins\/seo\/ -->\n<title>DARKMOON 44MM BLACK REF:8464\/A - Gioielleria Grande<\/title>\n<meta name=\"robots\" content=\"index, follow, max-snippet:-1, max-image-preview:large, max-video-preview:-1\" \/>\n<link rel=\"canonical\" href=\"https:\/\/www.gioielleriagrande.it\/prodotto\/90393\/\" \/>\n<meta property=\"og:locale\" content=\"en_US\" \/>\n<meta property=\"og:type\" content=\"article\" \/>\n<meta property=\"og:title\" content=\"DARKMOON 44MM BLACK REF:8464\/A - Gioielleria Grande\" \/>\n<meta property=\"og:description\" content=\"Una collezione ispirata al lato oscuro della luna. La cassa in acciaio IPB \u00e8 completamente immersa in uno speciale olio che mette in risalto il quadrante, creando un effetto di un nero pi\u00f9 intenso e di una maggiore leggibilit\u00e0. Innovativo sistema di chiusura (Locking ring system) con sostituzione rapida della batteria.\" \/>\n<meta property=\"og:url\" content=\"https:\/\/www.gioielleriagrande.it\/prodotto\/90393\/\" \/>\n<meta property=\"og:site_name\" content=\"Gioielleria Grande\" \/>\n<meta property=\"article:modified_time\" content=\"2025-11-22T11:05:00+00:00\" \/>\n<meta property=\"og:image\" content=\"https:\/\/www.gioielleriagrande.it\/wp-content\/uploads\/2021\/12\/326c2a59-fa89-4a43-9878-71c2d001d140.jpg\" \/>\n\t<meta property=\"og:image:width\" content=\"2000\" \/>\n\t<meta property=\"og:image:height\" content=\"2000\" \/>\n\t<meta property=\"og:image:type\" content=\"image\/jpeg\" \/>\n<meta name=\"twitter:card\" content=\"summary_large_image\" \/>\n<script type=\"application\/ld+json\" class=\"yoast-schema-graph\">{\"@context\":\"https:\/\/schema.org\",\"@graph\":[{\"@type\":\"WebPage\",\"@id\":\"https:\/\/www.gioielleriagrande.it\/prodotto\/90393\/\",\"url\":\"https:\/\/www.gioielleriagrande.it\/prodotto\/90393\/\",\"name\":\"DARKMOON 44MM BLACK REF:8464\/A - Gioielleria Grande\",\"isPartOf\":{\"@id\":\"https:\/\/www.gioielleriagrande.it\/#website\"},\"primaryImageOfPage\":{\"@id\":\"https:\/\/www.gioielleriagrande.it\/prodotto\/90393\/#primaryimage\"},\"image\":{\"@id\":\"https:\/\/www.gioielleriagrande.it\/prodotto\/90393\/#primaryimage\"},\"thumbnailUrl\":\"https:\/\/www.gioielleriagrande.it\/wp-content\/uploads\/2021\/12\/326c2a59-fa89-4a43-9878-71c2d001d140.jpg\",\"datePublished\":\"2021-12-09T17:03:00+00:00\",\"dateModified\":\"2025-11-22T11:05:00+00:00\",\"breadcrumb\":{\"@id\":\"https:\/\/www.gioielleriagrande.it\/prodotto\/90393\/#breadcrumb\"},\"inLanguage\":\"en-US\",\"potentialAction\":[{\"@type\":\"ReadAction\",\"target\":[\"https:\/\/www.gioielleriagrande.it\/prodotto\/90393\/\"]}]},{\"@type\":\"ImageObject\",\"inLanguage\":\"en-US\",\"@id\":\"https:\/\/www.gioielleriagrande.it\/prodotto\/90393\/#primaryimage\",\"url\":\"https:\/\/www.gioielleriagrande.it\/wp-content\/uploads\/2021\/12\/326c2a59-fa89-4a43-9878-71c2d001d140.jpg\",\"contentUrl\":\"https:\/\/www.gioielleriagrande.it\/wp-content\/uploads\/2021\/12\/326c2a59-fa89-4a43-9878-71c2d001d140.jpg\",\"width\":2000,\"height\":2000,\"caption\":\"Darkmoon8464A_WH.jpg\"},{\"@type\":\"BreadcrumbList\",\"@id\":\"https:\/\/www.gioielleriagrande.it\/prodotto\/90393\/#breadcrumb\",\"itemListElement\":[{\"@type\":\"ListItem\",\"position\":1,\"name\":\"Home\",\"item\":\"https:\/\/www.gioielleriagrande.it\/\"},{\"@type\":\"ListItem\",\"position\":2,\"name\":\"Shop\",\"item\":\"https:\/\/www.gioielleriagrande.it\/negozio\/\"},{\"@type\":\"ListItem\",\"position\":3,\"name\":\"DARKMOON 44MM BLACK REF:8464\/A\"}]},{\"@type\":\"WebSite\",\"@id\":\"https:\/\/www.gioielleriagrande.it\/#website\",\"url\":\"https:\/\/www.gioielleriagrande.it\/\",\"name\":\"Gioielleria Grande\",\"description\":\"\",\"potentialAction\":[{\"@type\":\"SearchAction\",\"target\":{\"@type\":\"EntryPoint\",\"urlTemplate\":\"https:\/\/www.gioielleriagrande.it\/?s={search_term_string}\"},\"query-input\":{\"@type\":\"PropertyValueSpecification\",\"valueRequired\":true,\"valueName\":\"search_term_string\"}}],\"inLanguage\":\"en-US\"}]}<\/script>\n<!-- \/ Yoast SEO plugin. -->","yoast_head_json":{"title":"DARKMOON 44MM BLACK REF:8464\/A - Gioielleria Grande","robots":{"index":"index","follow":"follow","max-snippet":"max-snippet:-1","max-image-preview":"max-image-preview:large","max-video-preview":"max-video-preview:-1"},"canonical":"https:\/\/www.gioielleriagrande.it\/prodotto\/90393\/","og_locale":"en_US","og_type":"article","og_title":"DARKMOON 44MM BLACK REF:8464\/A - Gioielleria Grande","og_description":"Una collezione ispirata al lato oscuro della luna. La cassa in acciaio IPB \u00e8 completamente immersa in uno speciale olio che mette in risalto il quadrante, creando un effetto di un nero pi\u00f9 intenso e di una maggiore leggibilit\u00e0. Innovativo sistema di chiusura (Locking ring system) con sostituzione rapida della batteria.","og_url":"https:\/\/www.gioielleriagrande.it\/prodotto\/90393\/","og_site_name":"Gioielleria Grande","article_modified_time":"2025-11-22T11:05:00+00:00","og_image":[{"width":2000,"height":2000,"url":"https:\/\/www.gioielleriagrande.it\/wp-content\/uploads\/2021\/12\/326c2a59-fa89-4a43-9878-71c2d001d140.jpg","type":"image\/jpeg"}],"twitter_card":"summary_large_image","schema":{"@context":"https:\/\/schema.org","@graph":[{"@type":"WebPage","@id":"https:\/\/www.gioielleriagrande.it\/prodotto\/90393\/","url":"https:\/\/www.gioielleriagrande.it\/prodotto\/90393\/","name":"DARKMOON 44MM BLACK REF:8464\/A - Gioielleria Grande","isPartOf":{"@id":"https:\/\/www.gioielleriagrande.it\/#website"},"primaryImageOfPage":{"@id":"https:\/\/www.gioielleriagrande.it\/prodotto\/90393\/#primaryimage"},"image":{"@id":"https:\/\/www.gioielleriagrande.it\/prodotto\/90393\/#primaryimage"},"thumbnailUrl":"https:\/\/www.gioielleriagrande.it\/wp-content\/uploads\/2021\/12\/326c2a59-fa89-4a43-9878-71c2d001d140.jpg","datePublished":"2021-12-09T17:03:00+00:00","dateModified":"2025-11-22T11:05:00+00:00","breadcrumb":{"@id":"https:\/\/www.gioielleriagrande.it\/prodotto\/90393\/#breadcrumb"},"inLanguage":"en-US","potentialAction":[{"@type":"ReadAction","target":["https:\/\/www.gioielleriagrande.it\/prodotto\/90393\/"]}]},{"@type":"ImageObject","inLanguage":"en-US","@id":"https:\/\/www.gioielleriagrande.it\/prodotto\/90393\/#primaryimage","url":"https:\/\/www.gioielleriagrande.it\/wp-content\/uploads\/2021\/12\/326c2a59-fa89-4a43-9878-71c2d001d140.jpg","contentUrl":"https:\/\/www.gioielleriagrande.it\/wp-content\/uploads\/2021\/12\/326c2a59-fa89-4a43-9878-71c2d001d140.jpg","width":2000,"height":2000,"caption":"Darkmoon8464A_WH.jpg"},{"@type":"BreadcrumbList","@id":"https:\/\/www.gioielleriagrande.it\/prodotto\/90393\/#breadcrumb","itemListElement":[{"@type":"ListItem","position":1,"name":"Home","item":"https:\/\/www.gioielleriagrande.it\/"},{"@type":"ListItem","position":2,"name":"Shop","item":"https:\/\/www.gioielleriagrande.it\/negozio\/"},{"@type":"ListItem","position":3,"name":"DARKMOON 44MM BLACK REF:8464\/A"}]},{"@type":"WebSite","@id":"https:\/\/www.gioielleriagrande.it\/#website","url":"https:\/\/www.gioielleriagrande.it\/","name":"Gioielleria Grande","description":"","potentialAction":[{"@type":"SearchAction","target":{"@type":"EntryPoint","urlTemplate":"https:\/\/www.gioielleriagrande.it\/?s={search_term_string}"},"query-input":{"@type":"PropertyValueSpecification","valueRequired":true,"valueName":"search_term_string"}}],"inLanguage":"en-US"}]}},"_links":{"self":[{"href":"https:\/\/www.gioielleriagrande.it\/en\/wp-json\/wp\/v2\/product\/73199","targetHints":{"allow":["GET"]}}],"collection":[{"href":"https:\/\/www.gioielleriagrande.it\/en\/wp-json\/wp\/v2\/product"}],"about":[{"href":"https:\/\/www.gioielleriagrande.it\/en\/wp-json\/wp\/v2\/types\/product"}],"replies":[{"embeddable":true,"href":"https:\/\/www.gioielleriagrande.it\/en\/wp-json\/wp\/v2\/comments?post=73199"}],"wp:featuredmedia":[{"embeddable":true,"href":"https:\/\/www.gioielleriagrande.it\/en\/wp-json\/wp\/v2\/media\/73198"}],"wp:attachment":[{"href":"https:\/\/www.gioielleriagrande.it\/en\/wp-json\/wp\/v2\/media?parent=73199"}],"wp:term":[{"taxonomy":"product_brand","embeddable":true,"href":"https:\/\/www.gioielleriagrande.it\/en\/wp-json\/wp\/v2\/product_brand?post=73199"},{"taxonomy":"product_cat","embeddable":true,"href":"https:\/\/www.gioielleriagrande.it\/en\/wp-json\/wp\/v2\/product_cat?post=73199"},{"taxonomy":"product_tag","embeddable":true,"href":"https:\/\/www.gioielleriagrande.it\/en\/wp-json\/wp\/v2\/product_tag?post=73199"}],"curies":[{"name":"wp","href":"https:\/\/api.w.org\/{rel}","templated":true}]}}