{"id":75775,"date":"2022-01-17T11:39:07","date_gmt":"2022-01-17T10:39:07","guid":{"rendered":"https:\/\/www.gioielleriagrande.it\/prodotto\/5738\/"},"modified":"2025-11-22T12:06:31","modified_gmt":"2025-11-22T11:06:31","slug":"5738","status":"publish","type":"product","link":"https:\/\/www.gioielleriagrande.it\/en\/prodotto\/5738\/","title":{"rendered":"MARE CHRONO QUARTZ, STAINLESS ACCIAIO E TITANIO &#8211; BLACK"},"content":{"rendered":"<p>CON UNA CASSA AMPIA ED ERGONOMICA, IL MODELLO MARE TRAE ISPIRAZIONE DAL MONDO DEGLI SPORT ACQUATICI, ESPRIMENDO PERFETTAMENTE IL TRUE SPIRIT DI LOCMAN, UNO SPIRITO LIBERO E CARISMATICO, CHE CERCA IL CONTATTO VERO E PROFONDO CON LA NATURA. IN CONTINUIT\u00c0 CON LA TRADIZIONE DI LOCMAN, CHE DAGLI ESORDI VEDE L\u2019AZIENDA TOSCANA IMPEGNATA NELLA RICERCA SUI NUOVI MATERIALI E IL LORO UTILIZZO IN OROLOGERIA, MARE \u00c8 CARATTERIZZATO DA UNA CASSA IN ACCIAIO 316L \u2013 LA MEDESIMA LEGA UTILIZZATA IN AMBITO CHIRURGICO &#8211; E QUADRANTE IN FIBRA DI CARBONIO, NELLE VERSIONI CON TRATTAMENTO PVD GOLDEN ROSE. IL FONDELLO CURVO, DI FORMA, \u00c8 IN TITANIO SATINATO ED \u00c8 CHIUSO CON QUATTRO VITI. LA MESCOLA SILICONICA USATA DA LOCMAN PER I CINTURINI \u00c8 UN MATERIALE SOFT-TOUCH, MOLTO PI\u00d9 RESISTENTE DELLA GOMMA, NOTO PER LA SUA PARTICOLARE RESISTENZA ALLE ESCURSIONI TERMICHE E AI RAGGI UV. MARE \u00c8 DISPONIBILE ANCHE CON IL CINTURINO IN GOMMA CON INSERTI DI PROTEZIONE IN PELLE, PERFETTO PER L\u2019UTILIZZO SPORTIVO. MARE \u00c8 DOTATO DI UNA CORONA ZIGRINATA A VITE, CON LOGO INCISO SULLA PARTE SUPERIORE, CHE ASSICURA UN\u2019IMPERMEABILIT\u00c0 FINO A 100 METRI DI PROFONDIT\u00c0 (10 ATM). I PULSANTI DEL CRONOGRAFO SONO DOTATI DI UNA DOPPIA GUARNIZIONE IN SILICONE, ANCH\u2019ESSI A GARANZIA DELLA TENUTA SUBACQUEA. IL QUADRANTE DEL CRONOGRAFO, SMALTATO A EFFETTO SOLEIL O IN FIBRA DI CARBONIO, MOSTRA UNA SCALA TACHIMETRICA, UN DATARIO TRA IL 4 E IL 5 E TRE CONTATORI: IL CONTATORE DELLE 24 ORE E IL CONTA MINUTI DEL CRONO RISPETTIVAMENTE A ORE 3 E A ORE 9, MENTRE IL CONTATORE DEI SECONDI CONTINUI DELL\u2019OROLOGIO A ORE 6. MA L\u2019ELEMENTO DEL QUADRANTE CHE MAGGIORMENTE ATTRAE L\u2019ATTENZIONE \u00c8 IL DISEGNO DELLO SQUALO, AL 6: NELLE LEGGENDE DEGLI ANTICHI POPOLI DEL MEDITERRANEO, LO SQUALO RAPPRESENTA IL CORAGGIO E LA FORZA, ED \u00c8 SIMBOLO POTENTE DI PROTEZIONE PER I NAVIGANTI. IL QUADRANTE DEL MARE \u00c8 CHIUSO DA UN AMPIO VETRO CURVO, CHE IMPREZIOSISCE E DONA DINAMICIT\u00c0 ALL\u2019OROLOGIO. IL VETRO MINERALE DEL MARE \u00c8 RESO PI\u00d9 RESISTENTE E TRASPARENTE GRAZIE A UN TRATTAMENTO ZAFFIRO AD HOC. IN OCCASIONE DEL LANCIO DEL MODELLO MARE, LOCMAN HA CREATO UNA PARTNERSHIP CON L\u2019ASSOCIAZIONE MAREVIVO, CHE DA OLTRE TRENT\u2019ANNI SI BATTE A LIVELLO NAZIONALE E INTERNAZIONALE PER LA DIFESA E LA SALVAGUARDIA DEL MARE. NEI PROSSIMI ANNI LOCMAN SAR\u00c0 AL FIANCO DI MAREVIVO IN QUESTA BATTAGLIA E DEVOLVER\u00c0 ALL\u2019ASSOCIAZIONE PARTE DEI RICAVI DALLA VENDITA DEGLI OROLOGI MARE.<\/p>\n","protected":false},"excerpt":{"rendered":"<p>CON UNA CASSA AMPIA ED ERGONOMICA, IL MODELLO MARE TRAE ISPIRAZIONE DAL MONDO DEGLI SPORT ACQUATICI, ESPRIMENDO PERFETTAMENTE IL TRUE SPIRIT DI LOCMAN, UNO SPIRITO LIBERO E CARISMATICO, CHE CERCA IL CONTATTO VERO E PROFONDO CON LA NATURA. IN CONTINUIT\u00c0 CON LA TRADIZIONE DI LOCMAN, CHE DAGLI ESORDI VEDE L\u2019AZIENDA TOSCANA IMPEGNATA NELLA RICERCA SUI NUOVI MATERIALI E IL LORO UTILIZZO IN OROLOGERIA, MARE \u00c8 CARATTERIZZATO DA UNA CASSA IN ACCIAIO 316L \u2013 LA MEDESIMA LEGA UTILIZZATA IN AMBITO CHIRURGICO &#8211; E QUADRANTE IN FIBRA DI CARBONIO, NELLE VERSIONI CON TRATTAMENTO PVD GOLDEN ROSE. IL FONDELLO CURVO, DI FORMA, \u00c8 IN TITANIO SATINATO ED \u00c8 CHIUSO CON QUATTRO VITI. LA MESCOLA SILICONICA USATA DA LOCMAN PER I CINTURINI \u00c8 UN MATERIALE SOFT-TOUCH, MOLTO PI\u00d9 RESISTENTE DELLA GOMMA, NOTO PER LA SUA PARTICOLARE RESISTENZA ALLE ESCURSIONI TERMICHE E AI RAGGI UV. MARE \u00c8 DISPONIBILE ANCHE CON IL CINTURINO IN GOMMA CON INSERTI DI PROTEZIONE IN PELLE, PERFETTO PER L\u2019UTILIZZO SPORTIVO. MARE \u00c8 DOTATO DI UNA CORONA ZIGRINATA A VITE, CON LOGO INCISO SULLA PARTE SUPERIORE, CHE ASSICURA UN\u2019IMPERMEABILIT\u00c0 FINO A 100 METRI DI PROFONDIT\u00c0 (10 ATM). I PULSANTI DEL CRONOGRAFO SONO DOTATI DI UNA DOPPIA GUARNIZIONE IN SILICONE, ANCH\u2019ESSI A GARANZIA DELLA TENUTA SUBACQUEA. IL QUADRANTE DEL CRONOGRAFO, SMALTATO A EFFETTO SOLEIL O IN FIBRA DI CARBONIO, MOSTRA UNA SCALA TACHIMETRICA, UN DATARIO TRA IL 4 E IL 5 E TRE CONTATORI: IL CONTATORE DELLE 24 ORE E IL CONTA MINUTI DEL CRONO RISPETTIVAMENTE A ORE 3 E A ORE 9, MENTRE IL CONTATORE DEI SECONDI CONTINUI DELL\u2019OROLOGIO A ORE 6. MA L\u2019ELEMENTO DEL QUADRANTE CHE MAGGIORMENTE ATTRAE L\u2019ATTENZIONE \u00c8 IL DISEGNO DELLO SQUALO, AL 6: NELLE LEGGENDE DEGLI ANTICHI POPOLI DEL MEDITERRANEO, LO SQUALO RAPPRESENTA IL CORAGGIO E LA FORZA, ED \u00c8 SIMBOLO POTENTE DI PROTEZIONE PER I NAVIGANTI. IL QUADRANTE DEL MARE \u00c8 CHIUSO DA UN AMPIO VETRO CURVO, CHE IMPREZIOSISCE E DONA DINAMICIT\u00c0 ALL\u2019OROLOGIO. IL VETRO MINERALE DEL MARE \u00c8 RESO PI\u00d9 RESISTENTE E TRASPARENTE GRAZIE A UN TRATTAMENTO ZAFFIRO AD HOC. IN OCCASIONE DEL LANCIO DEL MODELLO MARE, LOCMAN HA CREATO UNA PARTNERSHIP CON L\u2019ASSOCIAZIONE MAREVIVO, CHE DA OLTRE TRENT\u2019ANNI SI BATTE A LIVELLO NAZIONALE E INTERNAZIONALE PER LA DIFESA E LA SALVAGUARDIA DEL MARE. NEI PROSSIMI ANNI LOCMAN SAR\u00c0 AL FIANCO DI MAREVIVO IN QUESTA BATTAGLIA E DEVOLVER\u00c0 ALL\u2019ASSOCIAZIONE PARTE DEI RICAVI DALLA VENDITA DEGLI OROLOGI MARE.<\/p>\n","protected":false},"featured_media":75774,"comment_status":"open","ping_status":"closed","template":"","meta":[],"product_brand":[],"product_cat":[3309],"product_tag":[3312],"class_list":{"0":"post-75775","1":"product","2":"type-product","3":"status-publish","4":"has-post-thumbnail","6":"brand-5133","7":"shops-3355","8":"shop_area-3357","10":"first","11":"instock","12":"taxable","13":"shipping-taxable","14":"purchasable","15":"product-type-simple"},"yoast_head":"<!-- This site is optimized with the Yoast SEO plugin v25.3 - https:\/\/yoast.com\/wordpress\/plugins\/seo\/ -->\n<title>MARE CHRONO QUARTZ, STAINLESS ACCIAIO E TITANIO - BLACK - Gioielleria Grande<\/title>\n<meta name=\"robots\" content=\"index, follow, max-snippet:-1, max-image-preview:large, max-video-preview:-1\" \/>\n<link rel=\"canonical\" href=\"https:\/\/www.gioielleriagrande.it\/prodotto\/5738\/\" \/>\n<meta property=\"og:locale\" content=\"en_US\" \/>\n<meta property=\"og:type\" content=\"article\" \/>\n<meta property=\"og:title\" content=\"MARE CHRONO QUARTZ, STAINLESS ACCIAIO E TITANIO - BLACK - Gioielleria Grande\" \/>\n<meta property=\"og:description\" content=\"CON UNA CASSA AMPIA ED ERGONOMICA, IL MODELLO MARE TRAE ISPIRAZIONE DAL MONDO DEGLI SPORT ACQUATICI, ESPRIMENDO PERFETTAMENTE IL TRUE SPIRIT DI LOCMAN, UNO SPIRITO LIBERO E CARISMATICO, CHE CERCA IL CONTATTO VERO E PROFONDO CON LA NATURA. IN CONTINUIT\u00c0 CON LA TRADIZIONE DI LOCMAN, CHE DAGLI ESORDI VEDE L\u2019AZIENDA TOSCANA IMPEGNATA NELLA RICERCA SUI NUOVI MATERIALI E IL LORO UTILIZZO IN OROLOGERIA, MARE \u00c8 CARATTERIZZATO DA UNA CASSA IN ACCIAIO 316L \u2013 LA MEDESIMA LEGA UTILIZZATA IN AMBITO CHIRURGICO - E QUADRANTE IN FIBRA DI CARBONIO, NELLE VERSIONI CON TRATTAMENTO PVD GOLDEN ROSE. IL FONDELLO CURVO, DI FORMA, \u00c8 IN TITANIO SATINATO ED \u00c8 CHIUSO CON QUATTRO VITI. LA MESCOLA SILICONICA USATA DA LOCMAN PER I CINTURINI \u00c8 UN MATERIALE SOFT-TOUCH, MOLTO PI\u00d9 RESISTENTE DELLA GOMMA, NOTO PER LA SUA PARTICOLARE RESISTENZA ALLE ESCURSIONI TERMICHE E AI RAGGI UV. MARE \u00c8 DISPONIBILE ANCHE CON IL CINTURINO IN GOMMA CON INSERTI DI PROTEZIONE IN PELLE, PERFETTO PER L\u2019UTILIZZO SPORTIVO. MARE \u00c8 DOTATO DI UNA CORONA ZIGRINATA A VITE, CON LOGO INCISO SULLA PARTE SUPERIORE, CHE ASSICURA UN\u2019IMPERMEABILIT\u00c0 FINO A 100 METRI DI PROFONDIT\u00c0 (10 ATM). I PULSANTI DEL CRONOGRAFO SONO DOTATI DI UNA DOPPIA GUARNIZIONE IN SILICONE, ANCH\u2019ESSI A GARANZIA DELLA TENUTA SUBACQUEA. IL QUADRANTE DEL CRONOGRAFO, SMALTATO A EFFETTO SOLEIL O IN FIBRA DI CARBONIO, MOSTRA UNA SCALA TACHIMETRICA, UN DATARIO TRA IL 4 E IL 5 E TRE CONTATORI: IL CONTATORE DELLE 24 ORE E IL CONTA MINUTI DEL CRONO RISPETTIVAMENTE A ORE 3 E A ORE 9, MENTRE IL CONTATORE DEI SECONDI CONTINUI DELL\u2019OROLOGIO A ORE 6. MA L\u2019ELEMENTO DEL QUADRANTE CHE MAGGIORMENTE ATTRAE L\u2019ATTENZIONE \u00c8 IL DISEGNO DELLO SQUALO, AL 6: NELLE LEGGENDE DEGLI ANTICHI POPOLI DEL MEDITERRANEO, LO SQUALO RAPPRESENTA IL CORAGGIO E LA FORZA, ED \u00c8 SIMBOLO POTENTE DI PROTEZIONE PER I NAVIGANTI. IL QUADRANTE DEL MARE \u00c8 CHIUSO DA UN AMPIO VETRO CURVO, CHE IMPREZIOSISCE E DONA DINAMICIT\u00c0 ALL\u2019OROLOGIO. IL VETRO MINERALE DEL MARE \u00c8 RESO PI\u00d9 RESISTENTE E TRASPARENTE GRAZIE A UN TRATTAMENTO ZAFFIRO AD HOC. IN OCCASIONE DEL LANCIO DEL MODELLO MARE, LOCMAN HA CREATO UNA PARTNERSHIP CON L\u2019ASSOCIAZIONE MAREVIVO, CHE DA OLTRE TRENT\u2019ANNI SI BATTE A LIVELLO NAZIONALE E INTERNAZIONALE PER LA DIFESA E LA SALVAGUARDIA DEL MARE. NEI PROSSIMI ANNI LOCMAN SAR\u00c0 AL FIANCO DI MAREVIVO IN QUESTA BATTAGLIA E DEVOLVER\u00c0 ALL\u2019ASSOCIAZIONE PARTE DEI RICAVI DALLA VENDITA DEGLI OROLOGI MARE.\" \/>\n<meta property=\"og:url\" content=\"https:\/\/www.gioielleriagrande.it\/prodotto\/5738\/\" \/>\n<meta property=\"og:site_name\" content=\"Gioielleria Grande\" \/>\n<meta property=\"article:modified_time\" content=\"2025-11-22T11:06:31+00:00\" \/>\n<meta property=\"og:image\" content=\"https:\/\/www.gioielleriagrande.it\/wp-content\/uploads\/2022\/01\/8226c693-2412-4215-9316-c41c52242034.jpg\" \/>\n\t<meta property=\"og:image:width\" content=\"355\" \/>\n\t<meta property=\"og:image:height\" content=\"521\" \/>\n\t<meta property=\"og:image:type\" content=\"image\/jpeg\" \/>\n<meta name=\"twitter:card\" content=\"summary_large_image\" \/>\n<meta name=\"twitter:label1\" content=\"Est. reading time\" \/>\n\t<meta name=\"twitter:data1\" content=\"2 minutes\" \/>\n<script type=\"application\/ld+json\" class=\"yoast-schema-graph\">{\"@context\":\"https:\/\/schema.org\",\"@graph\":[{\"@type\":\"WebPage\",\"@id\":\"https:\/\/www.gioielleriagrande.it\/prodotto\/5738\/\",\"url\":\"https:\/\/www.gioielleriagrande.it\/prodotto\/5738\/\",\"name\":\"MARE CHRONO QUARTZ, STAINLESS ACCIAIO E TITANIO - BLACK - Gioielleria Grande\",\"isPartOf\":{\"@id\":\"https:\/\/www.gioielleriagrande.it\/#website\"},\"primaryImageOfPage\":{\"@id\":\"https:\/\/www.gioielleriagrande.it\/prodotto\/5738\/#primaryimage\"},\"image\":{\"@id\":\"https:\/\/www.gioielleriagrande.it\/prodotto\/5738\/#primaryimage\"},\"thumbnailUrl\":\"https:\/\/www.gioielleriagrande.it\/wp-content\/uploads\/2022\/01\/8226c693-2412-4215-9316-c41c52242034.jpg\",\"datePublished\":\"2022-01-17T10:39:07+00:00\",\"dateModified\":\"2025-11-22T11:06:31+00:00\",\"breadcrumb\":{\"@id\":\"https:\/\/www.gioielleriagrande.it\/prodotto\/5738\/#breadcrumb\"},\"inLanguage\":\"en-US\",\"potentialAction\":[{\"@type\":\"ReadAction\",\"target\":[\"https:\/\/www.gioielleriagrande.it\/prodotto\/5738\/\"]}]},{\"@type\":\"ImageObject\",\"inLanguage\":\"en-US\",\"@id\":\"https:\/\/www.gioielleriagrande.it\/prodotto\/5738\/#primaryimage\",\"url\":\"https:\/\/www.gioielleriagrande.it\/wp-content\/uploads\/2022\/01\/8226c693-2412-4215-9316-c41c52242034.jpg\",\"contentUrl\":\"https:\/\/www.gioielleriagrande.it\/wp-content\/uploads\/2022\/01\/8226c693-2412-4215-9316-c41c52242034.jpg\",\"width\":355,\"height\":521,\"caption\":\"8226c693-2412-4215-9316-c41c52242034.jpg\"},{\"@type\":\"BreadcrumbList\",\"@id\":\"https:\/\/www.gioielleriagrande.it\/prodotto\/5738\/#breadcrumb\",\"itemListElement\":[{\"@type\":\"ListItem\",\"position\":1,\"name\":\"Home\",\"item\":\"https:\/\/www.gioielleriagrande.it\/\"},{\"@type\":\"ListItem\",\"position\":2,\"name\":\"Shop\",\"item\":\"https:\/\/www.gioielleriagrande.it\/negozio\/\"},{\"@type\":\"ListItem\",\"position\":3,\"name\":\"MARE CHRONO QUARTZ, STAINLESS ACCIAIO E TITANIO &#8211; BLACK\"}]},{\"@type\":\"WebSite\",\"@id\":\"https:\/\/www.gioielleriagrande.it\/#website\",\"url\":\"https:\/\/www.gioielleriagrande.it\/\",\"name\":\"Gioielleria Grande\",\"description\":\"\",\"potentialAction\":[{\"@type\":\"SearchAction\",\"target\":{\"@type\":\"EntryPoint\",\"urlTemplate\":\"https:\/\/www.gioielleriagrande.it\/?s={search_term_string}\"},\"query-input\":{\"@type\":\"PropertyValueSpecification\",\"valueRequired\":true,\"valueName\":\"search_term_string\"}}],\"inLanguage\":\"en-US\"}]}<\/script>\n<!-- \/ Yoast SEO plugin. -->","yoast_head_json":{"title":"MARE CHRONO QUARTZ, STAINLESS ACCIAIO E TITANIO - BLACK - Gioielleria Grande","robots":{"index":"index","follow":"follow","max-snippet":"max-snippet:-1","max-image-preview":"max-image-preview:large","max-video-preview":"max-video-preview:-1"},"canonical":"https:\/\/www.gioielleriagrande.it\/prodotto\/5738\/","og_locale":"en_US","og_type":"article","og_title":"MARE CHRONO QUARTZ, STAINLESS ACCIAIO E TITANIO - BLACK - Gioielleria Grande","og_description":"CON UNA CASSA AMPIA ED ERGONOMICA, IL MODELLO MARE TRAE ISPIRAZIONE DAL MONDO DEGLI SPORT ACQUATICI, ESPRIMENDO PERFETTAMENTE IL TRUE SPIRIT DI LOCMAN, UNO SPIRITO LIBERO E CARISMATICO, CHE CERCA IL CONTATTO VERO E PROFONDO CON LA NATURA. IN CONTINUIT\u00c0 CON LA TRADIZIONE DI LOCMAN, CHE DAGLI ESORDI VEDE L\u2019AZIENDA TOSCANA IMPEGNATA NELLA RICERCA SUI NUOVI MATERIALI E IL LORO UTILIZZO IN OROLOGERIA, MARE \u00c8 CARATTERIZZATO DA UNA CASSA IN ACCIAIO 316L \u2013 LA MEDESIMA LEGA UTILIZZATA IN AMBITO CHIRURGICO - E QUADRANTE IN FIBRA DI CARBONIO, NELLE VERSIONI CON TRATTAMENTO PVD GOLDEN ROSE. IL FONDELLO CURVO, DI FORMA, \u00c8 IN TITANIO SATINATO ED \u00c8 CHIUSO CON QUATTRO VITI. LA MESCOLA SILICONICA USATA DA LOCMAN PER I CINTURINI \u00c8 UN MATERIALE SOFT-TOUCH, MOLTO PI\u00d9 RESISTENTE DELLA GOMMA, NOTO PER LA SUA PARTICOLARE RESISTENZA ALLE ESCURSIONI TERMICHE E AI RAGGI UV. MARE \u00c8 DISPONIBILE ANCHE CON IL CINTURINO IN GOMMA CON INSERTI DI PROTEZIONE IN PELLE, PERFETTO PER L\u2019UTILIZZO SPORTIVO. MARE \u00c8 DOTATO DI UNA CORONA ZIGRINATA A VITE, CON LOGO INCISO SULLA PARTE SUPERIORE, CHE ASSICURA UN\u2019IMPERMEABILIT\u00c0 FINO A 100 METRI DI PROFONDIT\u00c0 (10 ATM). I PULSANTI DEL CRONOGRAFO SONO DOTATI DI UNA DOPPIA GUARNIZIONE IN SILICONE, ANCH\u2019ESSI A GARANZIA DELLA TENUTA SUBACQUEA. IL QUADRANTE DEL CRONOGRAFO, SMALTATO A EFFETTO SOLEIL O IN FIBRA DI CARBONIO, MOSTRA UNA SCALA TACHIMETRICA, UN DATARIO TRA IL 4 E IL 5 E TRE CONTATORI: IL CONTATORE DELLE 24 ORE E IL CONTA MINUTI DEL CRONO RISPETTIVAMENTE A ORE 3 E A ORE 9, MENTRE IL CONTATORE DEI SECONDI CONTINUI DELL\u2019OROLOGIO A ORE 6. MA L\u2019ELEMENTO DEL QUADRANTE CHE MAGGIORMENTE ATTRAE L\u2019ATTENZIONE \u00c8 IL DISEGNO DELLO SQUALO, AL 6: NELLE LEGGENDE DEGLI ANTICHI POPOLI DEL MEDITERRANEO, LO SQUALO RAPPRESENTA IL CORAGGIO E LA FORZA, ED \u00c8 SIMBOLO POTENTE DI PROTEZIONE PER I NAVIGANTI. IL QUADRANTE DEL MARE \u00c8 CHIUSO DA UN AMPIO VETRO CURVO, CHE IMPREZIOSISCE E DONA DINAMICIT\u00c0 ALL\u2019OROLOGIO. IL VETRO MINERALE DEL MARE \u00c8 RESO PI\u00d9 RESISTENTE E TRASPARENTE GRAZIE A UN TRATTAMENTO ZAFFIRO AD HOC. IN OCCASIONE DEL LANCIO DEL MODELLO MARE, LOCMAN HA CREATO UNA PARTNERSHIP CON L\u2019ASSOCIAZIONE MAREVIVO, CHE DA OLTRE TRENT\u2019ANNI SI BATTE A LIVELLO NAZIONALE E INTERNAZIONALE PER LA DIFESA E LA SALVAGUARDIA DEL MARE. NEI PROSSIMI ANNI LOCMAN SAR\u00c0 AL FIANCO DI MAREVIVO IN QUESTA BATTAGLIA E DEVOLVER\u00c0 ALL\u2019ASSOCIAZIONE PARTE DEI RICAVI DALLA VENDITA DEGLI OROLOGI MARE.","og_url":"https:\/\/www.gioielleriagrande.it\/prodotto\/5738\/","og_site_name":"Gioielleria Grande","article_modified_time":"2025-11-22T11:06:31+00:00","og_image":[{"width":355,"height":521,"url":"https:\/\/www.gioielleriagrande.it\/wp-content\/uploads\/2022\/01\/8226c693-2412-4215-9316-c41c52242034.jpg","type":"image\/jpeg"}],"twitter_card":"summary_large_image","twitter_misc":{"Est. reading time":"2 minutes"},"schema":{"@context":"https:\/\/schema.org","@graph":[{"@type":"WebPage","@id":"https:\/\/www.gioielleriagrande.it\/prodotto\/5738\/","url":"https:\/\/www.gioielleriagrande.it\/prodotto\/5738\/","name":"MARE CHRONO QUARTZ, STAINLESS ACCIAIO E TITANIO - BLACK - Gioielleria Grande","isPartOf":{"@id":"https:\/\/www.gioielleriagrande.it\/#website"},"primaryImageOfPage":{"@id":"https:\/\/www.gioielleriagrande.it\/prodotto\/5738\/#primaryimage"},"image":{"@id":"https:\/\/www.gioielleriagrande.it\/prodotto\/5738\/#primaryimage"},"thumbnailUrl":"https:\/\/www.gioielleriagrande.it\/wp-content\/uploads\/2022\/01\/8226c693-2412-4215-9316-c41c52242034.jpg","datePublished":"2022-01-17T10:39:07+00:00","dateModified":"2025-11-22T11:06:31+00:00","breadcrumb":{"@id":"https:\/\/www.gioielleriagrande.it\/prodotto\/5738\/#breadcrumb"},"inLanguage":"en-US","potentialAction":[{"@type":"ReadAction","target":["https:\/\/www.gioielleriagrande.it\/prodotto\/5738\/"]}]},{"@type":"ImageObject","inLanguage":"en-US","@id":"https:\/\/www.gioielleriagrande.it\/prodotto\/5738\/#primaryimage","url":"https:\/\/www.gioielleriagrande.it\/wp-content\/uploads\/2022\/01\/8226c693-2412-4215-9316-c41c52242034.jpg","contentUrl":"https:\/\/www.gioielleriagrande.it\/wp-content\/uploads\/2022\/01\/8226c693-2412-4215-9316-c41c52242034.jpg","width":355,"height":521,"caption":"8226c693-2412-4215-9316-c41c52242034.jpg"},{"@type":"BreadcrumbList","@id":"https:\/\/www.gioielleriagrande.it\/prodotto\/5738\/#breadcrumb","itemListElement":[{"@type":"ListItem","position":1,"name":"Home","item":"https:\/\/www.gioielleriagrande.it\/"},{"@type":"ListItem","position":2,"name":"Shop","item":"https:\/\/www.gioielleriagrande.it\/negozio\/"},{"@type":"ListItem","position":3,"name":"MARE CHRONO QUARTZ, STAINLESS ACCIAIO E TITANIO &#8211; BLACK"}]},{"@type":"WebSite","@id":"https:\/\/www.gioielleriagrande.it\/#website","url":"https:\/\/www.gioielleriagrande.it\/","name":"Gioielleria Grande","description":"","potentialAction":[{"@type":"SearchAction","target":{"@type":"EntryPoint","urlTemplate":"https:\/\/www.gioielleriagrande.it\/?s={search_term_string}"},"query-input":{"@type":"PropertyValueSpecification","valueRequired":true,"valueName":"search_term_string"}}],"inLanguage":"en-US"}]}},"_links":{"self":[{"href":"https:\/\/www.gioielleriagrande.it\/en\/wp-json\/wp\/v2\/product\/75775","targetHints":{"allow":["GET"]}}],"collection":[{"href":"https:\/\/www.gioielleriagrande.it\/en\/wp-json\/wp\/v2\/product"}],"about":[{"href":"https:\/\/www.gioielleriagrande.it\/en\/wp-json\/wp\/v2\/types\/product"}],"replies":[{"embeddable":true,"href":"https:\/\/www.gioielleriagrande.it\/en\/wp-json\/wp\/v2\/comments?post=75775"}],"wp:featuredmedia":[{"embeddable":true,"href":"https:\/\/www.gioielleriagrande.it\/en\/wp-json\/wp\/v2\/media\/75774"}],"wp:attachment":[{"href":"https:\/\/www.gioielleriagrande.it\/en\/wp-json\/wp\/v2\/media?parent=75775"}],"wp:term":[{"taxonomy":"product_brand","embeddable":true,"href":"https:\/\/www.gioielleriagrande.it\/en\/wp-json\/wp\/v2\/product_brand?post=75775"},{"taxonomy":"product_cat","embeddable":true,"href":"https:\/\/www.gioielleriagrande.it\/en\/wp-json\/wp\/v2\/product_cat?post=75775"},{"taxonomy":"product_tag","embeddable":true,"href":"https:\/\/www.gioielleriagrande.it\/en\/wp-json\/wp\/v2\/product_tag?post=75775"}],"curies":[{"name":"wp","href":"https:\/\/api.w.org\/{rel}","templated":true}]}}