{"id":771527,"date":"2025-12-01T17:18:56","date_gmt":"2025-12-01T16:18:56","guid":{"rendered":"https:\/\/www.gioielleriagrande.it\/prodotto\/130112\/"},"modified":"2026-03-12T10:45:05","modified_gmt":"2026-03-12T09:45:05","slug":"130112","status":"publish","type":"product","link":"https:\/\/www.gioielleriagrande.it\/en\/prodotto\/130112\/","title":{"rendered":"MOVE CLASSIC PAV\u00c9 ORO BIANCO\nREF:04000-WG- 53 ciaosadnsajlhdisaidbj lsahcfiyvsba"},"content":{"rendered":"<p>Questa fascia in oro bianco con pav\u00e9 di diamanti, completamente realizzata a mano, \u00e8 ornata di tre diamanti in movimento da 0,08 carati taglio brillante. Un iconico anello in oro bianco con pav\u00e9 di diamanti della collezione di gioielli di lusso Move, i suoi tre diamanti si muovono ogni giorno secondo i propri movimenti. Sono i simboli alti dell&#8217;amore di ieri, oggi e domani o il ricordo di un grande momento. Lo splendore dell&#8217;oro bianco illumina la purezza dei diamanti. Con il suo stile essenziale e prafico e le linee essenziali, questo anello in oro bianco con pav\u00e9 di diamanti \u00e8 il compagno ideale di ogni donna alla ricerca di un gioiello di diamanti da indossare tutti i giorni.<\/p>\n","protected":false},"excerpt":{"rendered":"<p>Questa fascia in oro bianco con pav\u00e9 di diamanti, completamente realizzata a mano, \u00e8 ornata di tre diamanti in movimento da 0,08 carati taglio brillante. Un iconico anello in oro bianco con pav\u00e9 di diamanti della collezione di gioielli di lusso Move, i suoi tre diamanti si muovono ogni giorno secondo i propri movimenti. Sono i simboli alti dell&#8217;amore di ieri, oggi e domani o il ricordo di un grande momento. Lo splendore dell&#8217;oro bianco illumina la purezza dei diamanti. Con il suo stile essenziale e prafico e le linee essenziali, questo anello in oro bianco con pav\u00e9 di diamanti \u00e8 il compagno ideale di ogni donna alla ricerca di un gioiello di diamanti da indossare tutti i giorni.<\/p>\n","protected":false},"featured_media":85389,"comment_status":"open","ping_status":"closed","template":"","meta":[],"product_brand":[],"product_cat":[3308],"product_tag":[],"class_list":{"0":"post-771527","1":"product","2":"type-product","3":"status-publish","4":"has-post-thumbnail","6":"brand-7106","7":"line-7107","8":"shops-3355","9":"shop_area-3356","11":"first","12":"outofstock","13":"taxable","14":"shipping-taxable","15":"purchasable","16":"product-type-simple"},"yoast_head":"<!-- This site is optimized with the Yoast SEO plugin v25.3 - https:\/\/yoast.com\/wordpress\/plugins\/seo\/ -->\n<title>MOVE CLASSIC PAV\u00c9 ORO BIANCO REF:04000-WG- 53 ciaosadnsajlhdisaidbj lsahcfiyvsba - Gioielleria Grande<\/title>\n<meta name=\"robots\" content=\"index, follow, max-snippet:-1, max-image-preview:large, max-video-preview:-1\" \/>\n<link rel=\"canonical\" href=\"https:\/\/www.gioielleriagrande.it\/prodotto\/130112\/\" \/>\n<meta property=\"og:locale\" content=\"en_US\" \/>\n<meta property=\"og:type\" content=\"article\" \/>\n<meta property=\"og:title\" content=\"MOVE CLASSIC PAV\u00c9 ORO BIANCO REF:04000-WG- 53 ciaosadnsajlhdisaidbj lsahcfiyvsba - Gioielleria Grande\" \/>\n<meta property=\"og:description\" content=\"Questa fascia in oro bianco con pav\u00e9 di diamanti, completamente realizzata a mano, \u00e8 ornata di tre diamanti in movimento da 0,08 carati taglio brillante. Un iconico anello in oro bianco con pav\u00e9 di diamanti della collezione di gioielli di lusso Move, i suoi tre diamanti si muovono ogni giorno secondo i propri movimenti. Sono i simboli alti dell&#039;amore di ieri, oggi e domani o il ricordo di un grande momento. Lo splendore dell&#039;oro bianco illumina la purezza dei diamanti. Con il suo stile essenziale e prafico e le linee essenziali, questo anello in oro bianco con pav\u00e9 di diamanti \u00e8 il compagno ideale di ogni donna alla ricerca di un gioiello di diamanti da indossare tutti i giorni.\" \/>\n<meta property=\"og:url\" content=\"https:\/\/www.gioielleriagrande.it\/prodotto\/130112\/\" \/>\n<meta property=\"og:site_name\" content=\"Gioielleria Grande\" \/>\n<meta property=\"article:modified_time\" content=\"2026-03-12T09:45:05+00:00\" \/>\n<meta property=\"og:image\" content=\"https:\/\/www.gioielleriagrande.it\/wp-content\/uploads\/2022\/11\/04000-WG-53.jpg\" \/>\n\t<meta property=\"og:image:width\" content=\"570\" \/>\n\t<meta property=\"og:image:height\" content=\"570\" \/>\n\t<meta property=\"og:image:type\" content=\"image\/jpeg\" \/>\n<meta name=\"twitter:card\" content=\"summary_large_image\" \/>\n<meta name=\"twitter:label1\" content=\"Est. reading time\" \/>\n\t<meta name=\"twitter:data1\" content=\"1 minute\" \/>\n<script type=\"application\/ld+json\" class=\"yoast-schema-graph\">{\"@context\":\"https:\/\/schema.org\",\"@graph\":[{\"@type\":\"WebPage\",\"@id\":\"https:\/\/www.gioielleriagrande.it\/prodotto\/130112\/\",\"url\":\"https:\/\/www.gioielleriagrande.it\/prodotto\/130112\/\",\"name\":\"MOVE CLASSIC PAV\u00c9 ORO BIANCO REF:04000-WG- 53 ciaosadnsajlhdisaidbj lsahcfiyvsba - Gioielleria Grande\",\"isPartOf\":{\"@id\":\"https:\/\/www.gioielleriagrande.it\/#website\"},\"primaryImageOfPage\":{\"@id\":\"https:\/\/www.gioielleriagrande.it\/prodotto\/130112\/#primaryimage\"},\"image\":{\"@id\":\"https:\/\/www.gioielleriagrande.it\/prodotto\/130112\/#primaryimage\"},\"thumbnailUrl\":\"https:\/\/www.gioielleriagrande.it\/wp-content\/uploads\/2022\/11\/04000-WG-53.jpg\",\"datePublished\":\"2025-12-01T16:18:56+00:00\",\"dateModified\":\"2026-03-12T09:45:05+00:00\",\"breadcrumb\":{\"@id\":\"https:\/\/www.gioielleriagrande.it\/prodotto\/130112\/#breadcrumb\"},\"inLanguage\":\"en-US\",\"potentialAction\":[{\"@type\":\"ReadAction\",\"target\":[\"https:\/\/www.gioielleriagrande.it\/prodotto\/130112\/\"]}]},{\"@type\":\"ImageObject\",\"inLanguage\":\"en-US\",\"@id\":\"https:\/\/www.gioielleriagrande.it\/prodotto\/130112\/#primaryimage\",\"url\":\"https:\/\/www.gioielleriagrande.it\/wp-content\/uploads\/2022\/11\/04000-WG-53.jpg\",\"contentUrl\":\"https:\/\/www.gioielleriagrande.it\/wp-content\/uploads\/2022\/11\/04000-WG-53.jpg\",\"width\":570,\"height\":570,\"caption\":\"04000-WG-53.jpg\"},{\"@type\":\"BreadcrumbList\",\"@id\":\"https:\/\/www.gioielleriagrande.it\/prodotto\/130112\/#breadcrumb\",\"itemListElement\":[{\"@type\":\"ListItem\",\"position\":1,\"name\":\"Home\",\"item\":\"https:\/\/www.gioielleriagrande.it\/\"},{\"@type\":\"ListItem\",\"position\":2,\"name\":\"Shop\",\"item\":\"https:\/\/www.gioielleriagrande.it\/negozio\/\"},{\"@type\":\"ListItem\",\"position\":3,\"name\":\"MOVE CLASSIC PAV\u00c9 ORO BIANCO REF:04000-WG- 53 ciaosadnsajlhdisaidbj lsahcfiyvsba\"}]},{\"@type\":\"WebSite\",\"@id\":\"https:\/\/www.gioielleriagrande.it\/#website\",\"url\":\"https:\/\/www.gioielleriagrande.it\/\",\"name\":\"Gioielleria Grande\",\"description\":\"\",\"potentialAction\":[{\"@type\":\"SearchAction\",\"target\":{\"@type\":\"EntryPoint\",\"urlTemplate\":\"https:\/\/www.gioielleriagrande.it\/?s={search_term_string}\"},\"query-input\":{\"@type\":\"PropertyValueSpecification\",\"valueRequired\":true,\"valueName\":\"search_term_string\"}}],\"inLanguage\":\"en-US\"}]}<\/script>\n<!-- \/ Yoast SEO plugin. -->","yoast_head_json":{"title":"MOVE CLASSIC PAV\u00c9 ORO BIANCO REF:04000-WG- 53 ciaosadnsajlhdisaidbj lsahcfiyvsba - Gioielleria Grande","robots":{"index":"index","follow":"follow","max-snippet":"max-snippet:-1","max-image-preview":"max-image-preview:large","max-video-preview":"max-video-preview:-1"},"canonical":"https:\/\/www.gioielleriagrande.it\/prodotto\/130112\/","og_locale":"en_US","og_type":"article","og_title":"MOVE CLASSIC PAV\u00c9 ORO BIANCO REF:04000-WG- 53 ciaosadnsajlhdisaidbj lsahcfiyvsba - Gioielleria Grande","og_description":"Questa fascia in oro bianco con pav\u00e9 di diamanti, completamente realizzata a mano, \u00e8 ornata di tre diamanti in movimento da 0,08 carati taglio brillante. Un iconico anello in oro bianco con pav\u00e9 di diamanti della collezione di gioielli di lusso Move, i suoi tre diamanti si muovono ogni giorno secondo i propri movimenti. Sono i simboli alti dell'amore di ieri, oggi e domani o il ricordo di un grande momento. Lo splendore dell'oro bianco illumina la purezza dei diamanti. Con il suo stile essenziale e prafico e le linee essenziali, questo anello in oro bianco con pav\u00e9 di diamanti \u00e8 il compagno ideale di ogni donna alla ricerca di un gioiello di diamanti da indossare tutti i giorni.","og_url":"https:\/\/www.gioielleriagrande.it\/prodotto\/130112\/","og_site_name":"Gioielleria Grande","article_modified_time":"2026-03-12T09:45:05+00:00","og_image":[{"width":570,"height":570,"url":"https:\/\/www.gioielleriagrande.it\/wp-content\/uploads\/2022\/11\/04000-WG-53.jpg","type":"image\/jpeg"}],"twitter_card":"summary_large_image","twitter_misc":{"Est. reading time":"1 minute"},"schema":{"@context":"https:\/\/schema.org","@graph":[{"@type":"WebPage","@id":"https:\/\/www.gioielleriagrande.it\/prodotto\/130112\/","url":"https:\/\/www.gioielleriagrande.it\/prodotto\/130112\/","name":"MOVE CLASSIC PAV\u00c9 ORO BIANCO REF:04000-WG- 53 ciaosadnsajlhdisaidbj lsahcfiyvsba - Gioielleria Grande","isPartOf":{"@id":"https:\/\/www.gioielleriagrande.it\/#website"},"primaryImageOfPage":{"@id":"https:\/\/www.gioielleriagrande.it\/prodotto\/130112\/#primaryimage"},"image":{"@id":"https:\/\/www.gioielleriagrande.it\/prodotto\/130112\/#primaryimage"},"thumbnailUrl":"https:\/\/www.gioielleriagrande.it\/wp-content\/uploads\/2022\/11\/04000-WG-53.jpg","datePublished":"2025-12-01T16:18:56+00:00","dateModified":"2026-03-12T09:45:05+00:00","breadcrumb":{"@id":"https:\/\/www.gioielleriagrande.it\/prodotto\/130112\/#breadcrumb"},"inLanguage":"en-US","potentialAction":[{"@type":"ReadAction","target":["https:\/\/www.gioielleriagrande.it\/prodotto\/130112\/"]}]},{"@type":"ImageObject","inLanguage":"en-US","@id":"https:\/\/www.gioielleriagrande.it\/prodotto\/130112\/#primaryimage","url":"https:\/\/www.gioielleriagrande.it\/wp-content\/uploads\/2022\/11\/04000-WG-53.jpg","contentUrl":"https:\/\/www.gioielleriagrande.it\/wp-content\/uploads\/2022\/11\/04000-WG-53.jpg","width":570,"height":570,"caption":"04000-WG-53.jpg"},{"@type":"BreadcrumbList","@id":"https:\/\/www.gioielleriagrande.it\/prodotto\/130112\/#breadcrumb","itemListElement":[{"@type":"ListItem","position":1,"name":"Home","item":"https:\/\/www.gioielleriagrande.it\/"},{"@type":"ListItem","position":2,"name":"Shop","item":"https:\/\/www.gioielleriagrande.it\/negozio\/"},{"@type":"ListItem","position":3,"name":"MOVE CLASSIC PAV\u00c9 ORO BIANCO REF:04000-WG- 53 ciaosadnsajlhdisaidbj lsahcfiyvsba"}]},{"@type":"WebSite","@id":"https:\/\/www.gioielleriagrande.it\/#website","url":"https:\/\/www.gioielleriagrande.it\/","name":"Gioielleria Grande","description":"","potentialAction":[{"@type":"SearchAction","target":{"@type":"EntryPoint","urlTemplate":"https:\/\/www.gioielleriagrande.it\/?s={search_term_string}"},"query-input":{"@type":"PropertyValueSpecification","valueRequired":true,"valueName":"search_term_string"}}],"inLanguage":"en-US"}]}},"_links":{"self":[{"href":"https:\/\/www.gioielleriagrande.it\/en\/wp-json\/wp\/v2\/product\/771527","targetHints":{"allow":["GET"]}}],"collection":[{"href":"https:\/\/www.gioielleriagrande.it\/en\/wp-json\/wp\/v2\/product"}],"about":[{"href":"https:\/\/www.gioielleriagrande.it\/en\/wp-json\/wp\/v2\/types\/product"}],"replies":[{"embeddable":true,"href":"https:\/\/www.gioielleriagrande.it\/en\/wp-json\/wp\/v2\/comments?post=771527"}],"wp:featuredmedia":[{"embeddable":true,"href":"https:\/\/www.gioielleriagrande.it\/en\/wp-json\/wp\/v2\/media\/85389"}],"wp:attachment":[{"href":"https:\/\/www.gioielleriagrande.it\/en\/wp-json\/wp\/v2\/media?parent=771527"}],"wp:term":[{"taxonomy":"product_brand","embeddable":true,"href":"https:\/\/www.gioielleriagrande.it\/en\/wp-json\/wp\/v2\/product_brand?post=771527"},{"taxonomy":"product_cat","embeddable":true,"href":"https:\/\/www.gioielleriagrande.it\/en\/wp-json\/wp\/v2\/product_cat?post=771527"},{"taxonomy":"product_tag","embeddable":true,"href":"https:\/\/www.gioielleriagrande.it\/en\/wp-json\/wp\/v2\/product_tag?post=771527"}],"curies":[{"name":"wp","href":"https:\/\/api.w.org\/{rel}","templated":true}]}}