{"id":79671,"date":"2022-03-22T15:07:28","date_gmt":"2022-03-22T14:07:28","guid":{"rendered":"https:\/\/www.gioielleriagrande.it\/prodotto\/95809\/"},"modified":"2025-11-22T12:13:43","modified_gmt":"2025-11-22T11:13:43","slug":"95809","status":"publish","type":"product","link":"https:\/\/www.gioielleriagrande.it\/en\/prodotto\/95809\/","title":{"rendered":"Captain Cook Automatic\nREF:R32105203"},"content":{"rendered":"<p>Un design originale del 1962 riprende vita con un nuovo look aggiornato al XXI secolo. Grazie ai dettagli vintage, lo stile in linea con l\u2019originale e le caratteristiche rinnovate che lo rendono perfetto per gli appassionati moderni, il Captain Cook \u00e8 un orologio progettato per resistere alla prova del tempo. Il nuovo Captain Cook da 42 mm \u00e8 impermeabile fino a 30 atmosfere (300 m) ed \u00e8 gi\u00e0 una star tra gli odierni appassionati di orologi e i moderni esploratori.<\/p>\n","protected":false},"excerpt":{"rendered":"<p>Un design originale del 1962 riprende vita con un nuovo look aggiornato al XXI secolo. Grazie ai dettagli vintage, lo stile in linea con l\u2019originale e le caratteristiche rinnovate che lo rendono perfetto per gli appassionati moderni, il Captain Cook \u00e8 un orologio progettato per resistere alla prova del tempo. Il nuovo Captain Cook da 42 mm \u00e8 impermeabile fino a 30 atmosfere (300 m) ed \u00e8 gi\u00e0 una star tra gli odierni appassionati di orologi e i moderni esploratori.<\/p>\n","protected":false},"featured_media":83771,"comment_status":"open","ping_status":"closed","template":"","meta":[],"product_brand":[],"product_cat":[3309],"product_tag":[],"class_list":{"0":"post-79671","1":"product","2":"type-product","3":"status-publish","4":"has-post-thumbnail","6":"brand-5097","7":"shops-3355","8":"shop_area-3357","10":"first","11":"instock","12":"taxable","13":"shipping-taxable","14":"purchasable","15":"product-type-simple"},"yoast_head":"<!-- This site is optimized with the Yoast SEO plugin v25.3 - https:\/\/yoast.com\/wordpress\/plugins\/seo\/ -->\n<title>Captain Cook Automatic REF:R32105203 - Gioielleria Grande<\/title>\n<meta name=\"robots\" content=\"index, follow, max-snippet:-1, max-image-preview:large, max-video-preview:-1\" \/>\n<link rel=\"canonical\" href=\"https:\/\/www.gioielleriagrande.it\/prodotto\/95809\/\" \/>\n<meta property=\"og:locale\" content=\"en_US\" \/>\n<meta property=\"og:type\" content=\"article\" \/>\n<meta property=\"og:title\" content=\"Captain Cook Automatic REF:R32105203 - Gioielleria Grande\" \/>\n<meta property=\"og:description\" content=\"Un design originale del 1962 riprende vita con un nuovo look aggiornato al XXI secolo. Grazie ai dettagli vintage, lo stile in linea con l\u2019originale e le caratteristiche rinnovate che lo rendono perfetto per gli appassionati moderni, il Captain Cook \u00e8 un orologio progettato per resistere alla prova del tempo. Il nuovo Captain Cook da 42 mm \u00e8 impermeabile fino a 30 atmosfere (300 m) ed \u00e8 gi\u00e0 una star tra gli odierni appassionati di orologi e i moderni esploratori.\" \/>\n<meta property=\"og:url\" content=\"https:\/\/www.gioielleriagrande.it\/prodotto\/95809\/\" \/>\n<meta property=\"og:site_name\" content=\"Gioielleria Grande\" \/>\n<meta property=\"article:modified_time\" content=\"2025-11-22T11:13:43+00:00\" \/>\n<meta property=\"og:image\" content=\"https:\/\/www.gioielleriagrande.it\/wp-content\/uploads\/2022\/09\/R32105203.png\" \/>\n\t<meta property=\"og:image:width\" content=\"700\" \/>\n\t<meta property=\"og:image:height\" content=\"700\" \/>\n\t<meta property=\"og:image:type\" content=\"image\/png\" \/>\n<meta name=\"twitter:card\" content=\"summary_large_image\" \/>\n<script type=\"application\/ld+json\" class=\"yoast-schema-graph\">{\"@context\":\"https:\/\/schema.org\",\"@graph\":[{\"@type\":\"WebPage\",\"@id\":\"https:\/\/www.gioielleriagrande.it\/prodotto\/95809\/\",\"url\":\"https:\/\/www.gioielleriagrande.it\/prodotto\/95809\/\",\"name\":\"Captain Cook Automatic REF:R32105203 - Gioielleria Grande\",\"isPartOf\":{\"@id\":\"https:\/\/www.gioielleriagrande.it\/#website\"},\"primaryImageOfPage\":{\"@id\":\"https:\/\/www.gioielleriagrande.it\/prodotto\/95809\/#primaryimage\"},\"image\":{\"@id\":\"https:\/\/www.gioielleriagrande.it\/prodotto\/95809\/#primaryimage\"},\"thumbnailUrl\":\"https:\/\/www.gioielleriagrande.it\/wp-content\/uploads\/2022\/09\/R32105203.png\",\"datePublished\":\"2022-03-22T14:07:28+00:00\",\"dateModified\":\"2025-11-22T11:13:43+00:00\",\"breadcrumb\":{\"@id\":\"https:\/\/www.gioielleriagrande.it\/prodotto\/95809\/#breadcrumb\"},\"inLanguage\":\"en-US\",\"potentialAction\":[{\"@type\":\"ReadAction\",\"target\":[\"https:\/\/www.gioielleriagrande.it\/prodotto\/95809\/\"]}]},{\"@type\":\"ImageObject\",\"inLanguage\":\"en-US\",\"@id\":\"https:\/\/www.gioielleriagrande.it\/prodotto\/95809\/#primaryimage\",\"url\":\"https:\/\/www.gioielleriagrande.it\/wp-content\/uploads\/2022\/09\/R32105203.png\",\"contentUrl\":\"https:\/\/www.gioielleriagrande.it\/wp-content\/uploads\/2022\/09\/R32105203.png\",\"width\":700,\"height\":700,\"caption\":\"R32105203.png\"},{\"@type\":\"BreadcrumbList\",\"@id\":\"https:\/\/www.gioielleriagrande.it\/prodotto\/95809\/#breadcrumb\",\"itemListElement\":[{\"@type\":\"ListItem\",\"position\":1,\"name\":\"Home\",\"item\":\"https:\/\/www.gioielleriagrande.it\/\"},{\"@type\":\"ListItem\",\"position\":2,\"name\":\"Shop\",\"item\":\"https:\/\/www.gioielleriagrande.it\/negozio\/\"},{\"@type\":\"ListItem\",\"position\":3,\"name\":\"Captain Cook Automatic REF:R32105203\"}]},{\"@type\":\"WebSite\",\"@id\":\"https:\/\/www.gioielleriagrande.it\/#website\",\"url\":\"https:\/\/www.gioielleriagrande.it\/\",\"name\":\"Gioielleria Grande\",\"description\":\"\",\"potentialAction\":[{\"@type\":\"SearchAction\",\"target\":{\"@type\":\"EntryPoint\",\"urlTemplate\":\"https:\/\/www.gioielleriagrande.it\/?s={search_term_string}\"},\"query-input\":{\"@type\":\"PropertyValueSpecification\",\"valueRequired\":true,\"valueName\":\"search_term_string\"}}],\"inLanguage\":\"en-US\"}]}<\/script>\n<!-- \/ Yoast SEO plugin. -->","yoast_head_json":{"title":"Captain Cook Automatic REF:R32105203 - Gioielleria Grande","robots":{"index":"index","follow":"follow","max-snippet":"max-snippet:-1","max-image-preview":"max-image-preview:large","max-video-preview":"max-video-preview:-1"},"canonical":"https:\/\/www.gioielleriagrande.it\/prodotto\/95809\/","og_locale":"en_US","og_type":"article","og_title":"Captain Cook Automatic REF:R32105203 - Gioielleria Grande","og_description":"Un design originale del 1962 riprende vita con un nuovo look aggiornato al XXI secolo. Grazie ai dettagli vintage, lo stile in linea con l\u2019originale e le caratteristiche rinnovate che lo rendono perfetto per gli appassionati moderni, il Captain Cook \u00e8 un orologio progettato per resistere alla prova del tempo. Il nuovo Captain Cook da 42 mm \u00e8 impermeabile fino a 30 atmosfere (300 m) ed \u00e8 gi\u00e0 una star tra gli odierni appassionati di orologi e i moderni esploratori.","og_url":"https:\/\/www.gioielleriagrande.it\/prodotto\/95809\/","og_site_name":"Gioielleria Grande","article_modified_time":"2025-11-22T11:13:43+00:00","og_image":[{"width":700,"height":700,"url":"https:\/\/www.gioielleriagrande.it\/wp-content\/uploads\/2022\/09\/R32105203.png","type":"image\/png"}],"twitter_card":"summary_large_image","schema":{"@context":"https:\/\/schema.org","@graph":[{"@type":"WebPage","@id":"https:\/\/www.gioielleriagrande.it\/prodotto\/95809\/","url":"https:\/\/www.gioielleriagrande.it\/prodotto\/95809\/","name":"Captain Cook Automatic REF:R32105203 - Gioielleria Grande","isPartOf":{"@id":"https:\/\/www.gioielleriagrande.it\/#website"},"primaryImageOfPage":{"@id":"https:\/\/www.gioielleriagrande.it\/prodotto\/95809\/#primaryimage"},"image":{"@id":"https:\/\/www.gioielleriagrande.it\/prodotto\/95809\/#primaryimage"},"thumbnailUrl":"https:\/\/www.gioielleriagrande.it\/wp-content\/uploads\/2022\/09\/R32105203.png","datePublished":"2022-03-22T14:07:28+00:00","dateModified":"2025-11-22T11:13:43+00:00","breadcrumb":{"@id":"https:\/\/www.gioielleriagrande.it\/prodotto\/95809\/#breadcrumb"},"inLanguage":"en-US","potentialAction":[{"@type":"ReadAction","target":["https:\/\/www.gioielleriagrande.it\/prodotto\/95809\/"]}]},{"@type":"ImageObject","inLanguage":"en-US","@id":"https:\/\/www.gioielleriagrande.it\/prodotto\/95809\/#primaryimage","url":"https:\/\/www.gioielleriagrande.it\/wp-content\/uploads\/2022\/09\/R32105203.png","contentUrl":"https:\/\/www.gioielleriagrande.it\/wp-content\/uploads\/2022\/09\/R32105203.png","width":700,"height":700,"caption":"R32105203.png"},{"@type":"BreadcrumbList","@id":"https:\/\/www.gioielleriagrande.it\/prodotto\/95809\/#breadcrumb","itemListElement":[{"@type":"ListItem","position":1,"name":"Home","item":"https:\/\/www.gioielleriagrande.it\/"},{"@type":"ListItem","position":2,"name":"Shop","item":"https:\/\/www.gioielleriagrande.it\/negozio\/"},{"@type":"ListItem","position":3,"name":"Captain Cook Automatic REF:R32105203"}]},{"@type":"WebSite","@id":"https:\/\/www.gioielleriagrande.it\/#website","url":"https:\/\/www.gioielleriagrande.it\/","name":"Gioielleria Grande","description":"","potentialAction":[{"@type":"SearchAction","target":{"@type":"EntryPoint","urlTemplate":"https:\/\/www.gioielleriagrande.it\/?s={search_term_string}"},"query-input":{"@type":"PropertyValueSpecification","valueRequired":true,"valueName":"search_term_string"}}],"inLanguage":"en-US"}]}},"_links":{"self":[{"href":"https:\/\/www.gioielleriagrande.it\/en\/wp-json\/wp\/v2\/product\/79671","targetHints":{"allow":["GET"]}}],"collection":[{"href":"https:\/\/www.gioielleriagrande.it\/en\/wp-json\/wp\/v2\/product"}],"about":[{"href":"https:\/\/www.gioielleriagrande.it\/en\/wp-json\/wp\/v2\/types\/product"}],"replies":[{"embeddable":true,"href":"https:\/\/www.gioielleriagrande.it\/en\/wp-json\/wp\/v2\/comments?post=79671"}],"wp:featuredmedia":[{"embeddable":true,"href":"https:\/\/www.gioielleriagrande.it\/en\/wp-json\/wp\/v2\/media\/83771"}],"wp:attachment":[{"href":"https:\/\/www.gioielleriagrande.it\/en\/wp-json\/wp\/v2\/media?parent=79671"}],"wp:term":[{"taxonomy":"product_brand","embeddable":true,"href":"https:\/\/www.gioielleriagrande.it\/en\/wp-json\/wp\/v2\/product_brand?post=79671"},{"taxonomy":"product_cat","embeddable":true,"href":"https:\/\/www.gioielleriagrande.it\/en\/wp-json\/wp\/v2\/product_cat?post=79671"},{"taxonomy":"product_tag","embeddable":true,"href":"https:\/\/www.gioielleriagrande.it\/en\/wp-json\/wp\/v2\/product_tag?post=79671"}],"curies":[{"name":"wp","href":"https:\/\/api.w.org\/{rel}","templated":true}]}}